{"id":1521,"date":"2014-05-22T05:18:03","date_gmt":"2014-05-22T08:18:03","guid":{"rendered":"https:\/\/162.215.13.167?page_id=1521"},"modified":"2022-12-20T12:29:54","modified_gmt":"2022-12-20T15:29:54","slug":"instituto-federal-do-para-ifpa-2014","status":"publish","type":"page","link":"https:\/\/portalfadesp.org.br\/?page_id=1521","title":{"rendered":"Instituto Federal do Par\u00e1 (IFPA) &#8211; 2014"},"content":{"rendered":"\t\t<div data-elementor-type=\"wp-post\" data-elementor-id=\"1521\" class=\"elementor elementor-1521\" data-elementor-post-type=\"page\">\n\t\t\t\t\t\t<section class=\"elementor-section elementor-top-section elementor-element elementor-element-157e6b13 elementor-section-boxed elementor-section-height-default elementor-section-height-default\" data-id=\"157e6b13\" data-element_type=\"section\">\n\t\t\t\t\t\t<div class=\"elementor-container elementor-column-gap-default\">\n\t\t\t\t\t<div class=\"elementor-column elementor-col-100 elementor-top-column elementor-element elementor-element-fcffad\" data-id=\"fcffad\" data-element_type=\"column\">\n\t\t\t<div class=\"elementor-widget-wrap elementor-element-populated\">\n\t\t\t\t\t\t<div class=\"elementor-element elementor-element-13f889c1 elementor-widget elementor-widget-heading\" data-id=\"13f889c1\" data-element_type=\"widget\" data-widget_type=\"heading.default\">\n\t\t\t\t<div class=\"elementor-widget-container\">\n\t\t\t\t\t<h1 class=\"elementor-heading-title elementor-size-default\">Instituto Federal do Par\u00e1 (IFPA) - 2014\n<\/h1>\t\t\t\t<\/div>\n\t\t\t\t<\/div>\n\t\t\t\t<section class=\"elementor-section elementor-inner-section elementor-element elementor-element-385b69e9 elementor-section-boxed elementor-section-height-default elementor-section-height-default\" data-id=\"385b69e9\" data-element_type=\"section\">\n\t\t\t\t\t\t<div class=\"elementor-container elementor-column-gap-default\">\n\t\t\t\t\t<div class=\"elementor-column elementor-col-50 elementor-inner-column elementor-element elementor-element-17ec4ce2\" data-id=\"17ec4ce2\" data-element_type=\"column\">\n\t\t\t<div class=\"elementor-widget-wrap elementor-element-populated\">\n\t\t\t\t\t\t<div class=\"elementor-element elementor-element-57ebb606 elementor-widget elementor-widget-text-editor\" data-id=\"57ebb606\" data-element_type=\"widget\" data-widget_type=\"text-editor.default\">\n\t\t\t\t<div class=\"elementor-widget-container\">\n\t\t\t\t\t\t\t\t\t<p>O Instituto Federal do Par\u00e1 (IFPA), campus Bel\u00e9m, torna p\u00fablica a realiza\u00e7\u00e3o\u00a0do Processo Seletivo 2014 para ingresso nos cursos de Educa\u00e7\u00e3o Profissional T\u00e9cnica nas Modalidades de Ensino Integrado, primeiro semestre de 2014.<\/p><p><strong>Vagas &#8211;\u00a0<\/strong>385 de ensino m\u00e9dio integrado ao t\u00e9cnico.<\/p><p><strong>P\u00fablico alvo &#8211;\u00a0<\/strong>pessoas com ensino Fundamental completo (tamb\u00e9m pode participar quem j\u00e1 possui ensino M\u00e9dio completo ou incompleto e ensino superior completo ou incompleto).<\/p><p><strong>Cursos &#8211;\u00a0<\/strong>Agrimensura, Design de Interiores, Edifica\u00e7\u00f5es, Eletr\u00f4nica, Eletrot\u00e9cnica, Estradas, Eventos, Inform\u00e1tica, Minera\u00e7\u00e3o, Qu\u00edmica e Telecomunica\u00e7\u00e3o<\/p><p><strong>Inscri\u00e7\u00f5es &#8211;\u00a0<\/strong>09\/01\/14 a 03\/02\/14<\/p><p><strong>Taxa &#8211;\u00a0<\/strong>R$ 30,00<\/p><p><strong>Datas importantes<\/strong><\/p><p>09\/01\/14 a 03\/02\/14\u00a0&#8211; Inscri\u00e7\u00f5es de candidatos<\/p><p>05\/02\/14 a 10\/02\/14 &#8211; impress\u00e3o do cart\u00e3o de inscri\u00e7\u00e3o<\/p><p>16\/02\/14\u00a0&#8211; Prova objetiva<\/p><p>17\/02\/14\u00a0&#8211; Publica\u00e7\u00e3o dos gabaritos<\/p><p>18 a 19\/02\/14\u00a0&#8211; Prazo para recurso<\/p><p>26\/02\/14\u00a0&#8211; Resultado da prova<\/p><p>27 e 28\/02\/14\u00a0&#8211; Prazo para recurso<\/p><p>11 a 14\/03\/2014\u00a0&#8211; Matr\u00edcula<\/p><p>17\/03\/2014\u00a0&#8211; Segunda chamada da matr\u00edcula<\/p>\t\t\t\t\t\t\t\t<\/div>\n\t\t\t\t<\/div>\n\t\t\t\t\t<\/div>\n\t\t<\/div>\n\t\t\t\t<div class=\"elementor-column elementor-col-50 elementor-inner-column elementor-element elementor-element-56dce791\" data-id=\"56dce791\" data-element_type=\"column\">\n\t\t\t<div class=\"elementor-widget-wrap elementor-element-populated\">\n\t\t\t\t\t\t<div class=\"elementor-element elementor-element-3ca2da00 elementor-widget elementor-widget-text-editor\" data-id=\"3ca2da00\" data-element_type=\"widget\" data-widget_type=\"text-editor.default\">\n\t\t\t\t<div class=\"elementor-widget-container\">\n\t\t\t\t\t\t\t\t\t<p style=\"text-align: center;\"><strong><span style=\"color: #ffffff;\">Avisos<\/span><\/strong><\/p>\t\t\t\t\t\t\t\t<\/div>\n\t\t\t\t<\/div>\n\t\t\t\t<div class=\"elementor-element elementor-element-25073db4 elementor-widget elementor-widget-text-editor\" data-id=\"25073db4\" data-element_type=\"widget\" data-widget_type=\"text-editor.default\">\n\t\t\t\t<div class=\"elementor-widget-container\">\n\t\t\t\t\t\t\t\t\t<p style=\"text-align: center;\"><strong><span style=\"color: #ff0000;\"><span style=\"color: #000000;\">Respostas dos Recursos<\/span> (Encerradas)<\/span><\/strong><\/p>\t\t\t\t\t\t\t\t<\/div>\n\t\t\t\t<\/div>\n\t\t\t\t<div class=\"elementor-element elementor-element-22fbc2f elementor-widget elementor-widget-text-editor\" data-id=\"22fbc2f\" data-element_type=\"widget\" data-widget_type=\"text-editor.default\">\n\t\t\t\t<div class=\"elementor-widget-container\">\n\t\t\t\t\t\t\t\t\t<p style=\"text-align: center;\"><span style=\"color: #ffffff;\"><strong>Editais<\/strong><\/span><\/p>\t\t\t\t\t\t\t\t<\/div>\n\t\t\t\t<\/div>\n\t\t\t\t<div class=\"elementor-element elementor-element-1b0af031 elementor-widget elementor-widget-text-editor\" data-id=\"1b0af031\" data-element_type=\"widget\" data-widget_type=\"text-editor.default\">\n\t\t\t\t<div class=\"elementor-widget-container\">\n\t\t\t\t\t\t\t\t\t<table width=\"72\">\n<tbody>\n<tr>\n<td width=\"72\"><strong><a href=\"http:\/\/concursos.fadesp.org.br\/ifpa2013\/arquivos\/3List%C3%A3o%20de%20Classificados%20de%20Edifica%C3%A7%C3%B5es%20ap%C3%B3s%20fase%20%20de%20recursos.pdf\">Retifica\u00e7\u00e3o do List\u00e3o de Classificados de Edifica\u00e7\u00f5es ap\u00f3s fase de recursos<\/a><\/strong><\/td>\n<\/tr>\n<tr>\n<td width=\"72\"><strong><a href=\"http:\/\/concursos.fadesp.org.br\/ifpa2013\/arquivos\/2Pontuac%C3%A3o%20dos%20Classificados%20de%20Edifica%C3%A7%C3%B5es%20ap%C3%B3s%20f%20ase%20de%20recursos.pdf\">Retifica\u00e7\u00e3o da Pontua\u00e7\u00e3o dos Classificados de Edifica\u00e7\u00f5es ap\u00f3s fase de recursos<\/a><\/strong><\/td>\n<\/tr>\n<tr>\n<td width=\"72\"><strong><a href=\"http:\/\/concursos.fadesp.org.br\/ifpa2013\/arquivos\/1Pontuac%C3%A3o%20dos%20N%C3%A3o%20Classificados%20de%20Edifica%C3%A7%C3%B5es%20ap%C3%B3s%20fase%20de%20recursos.pdf\">Retifica\u00e7\u00e3o da Pontua\u00e7\u00e3o dos N\u00e3o-Classificados de Edifica\u00e7\u00f5es ap\u00f3s fase de recursos<\/a><\/strong><\/td>\n<\/tr>\n<tr>\n<td width=\"72\"><strong><a href=\"http:\/\/concursos.fadesp.org.br\/ifpa2013\/arquivos\/ListaClassificados.pdf\">List\u00e3o dos Aprovados<\/a><\/strong><\/td>\n<\/tr>\n<tr>\n<td width=\"72\"><strong><a href=\"http:\/\/concursos.fadesp.org.br\/ifpa2013\/arquivos\/PontuacaoClassificados.pdf\">Pontua\u00e7\u00e3o dos classificados<\/a><\/strong><\/td>\n<\/tr>\n<tr>\n<td width=\"72\"><strong><a href=\"http:\/\/concursos.fadesp.org.br\/ifpa2013\/arquivos\/PontuacaoNaoClassificados.pdf\">Pontua\u00e7\u00e3o dos n\u00e3o classificados<\/a><\/strong><\/td>\n<\/tr>\n<tr>\n<td width=\"72\"><strong><a href=\"http:\/\/concursos.fadesp.org.br\/ifpa2013\/arquivos\/Faltosos.pdf\">Faltosos<\/a><\/strong><\/td>\n<\/tr>\n<tr>\n<td width=\"72\"><strong><a href=\"http:\/\/concursos.fadesp.org.br\/ifpa2013\/arquivos\/Gabarito%20Oficial%20Definitivo%20-%20DIA%2016.02.2014.pdf\">Gabarito Oficial Definitivo &#8211; Dia 16\/02\/2014<\/a><\/strong><\/td>\n<\/tr>\n<tr>\n<td width=\"72\"><strong><a href=\"http:\/\/concursos.fadesp.org.br\/ifpa2013\/arquivos\/Gabarito%20Oficial%20Preliminar%20-%20DIA%2016.02.2014.pdf\">Gabarito Oficial Preliminar &#8211; Dia 16\/02\/2014<\/a><\/strong><\/td>\n<\/tr>\n<tr>\n<td width=\"72\"><strong><a href=\"http:\/\/concursos.fadesp.org.br\/ifpa2013\/arquivos\/PROVA%20IFPA.pdf\">Prova<\/a><\/strong><\/td>\n<\/tr>\n<tr>\n<td width=\"72\"><strong><a href=\"http:\/\/concursos.fadesp.org.br\/ifpa2013\/arquivos\/Resultado%20da%20Isen%C3%A7%C3%A3o.pdf\">Resultado da Isen\u00e7\u00e3o<\/a><\/strong><\/td>\n<\/tr>\n<tr>\n<td width=\"72\"><strong><a href=\"http:\/\/concursos.fadesp.org.br\/ifpa2013\/arquivos\/PNE%20-%20Resultado%20da%20Isen%C3%A7%C3%A3o.pdf\">PNE &#8211; Resultado da Isen\u00e7\u00e3o<\/a><\/strong><\/td>\n<\/tr>\n<tr>\n<td width=\"72\"><strong><a href=\"http:\/\/concursos.fadesp.org.br\/ifpa2013\/arquivos\/Formul%C3%A1rio%20de%20Portador%20de%20Defici%C3%AAncia.pdf\">Formul\u00e1rio de Portador de Defici\u00eancia<\/a><\/strong><\/td>\n<\/tr>\n<tr>\n<td width=\"72\"><strong><a href=\"http:\/\/concursos.fadesp.org.br\/ifpa2013\/arquivos\/Edital%20de%20Abertura.pdf\">Edital n\u00ba01\/2013<\/a><\/strong><\/td>\n<\/tr>\n<\/tbody>\n<\/table>\t\t\t\t\t\t\t\t<\/div>\n\t\t\t\t<\/div>\n\t\t\t\t\t<\/div>\n\t\t<\/div>\n\t\t\t\t\t<\/div>\n\t\t<\/section>\n\t\t\t\t\t<\/div>\n\t\t<\/div>\n\t\t\t\t\t<\/div>\n\t\t<\/section>\n\t\t\t\t<\/div>\n\t\t","protected":false},"excerpt":{"rendered":"<p>Instituto Federal do Par\u00e1 (IFPA) &#8211; 2014 O Instituto Federal do Par\u00e1 (IFPA), campus Bel\u00e9m, torna p\u00fablica a realiza\u00e7\u00e3o\u00a0do Processo Seletivo 2014 para ingresso nos cursos de Educa\u00e7\u00e3o Profissional T\u00e9cnica nas Modalidades de Ensino Integrado, primeiro semestre de 2014. Vagas &#8211;\u00a0385 de ensino m\u00e9dio integrado ao t\u00e9cnico. P\u00fablico alvo &#8211;\u00a0pessoas com ensino Fundamental completo (tamb\u00e9m [&hellip;]<\/p>\n","protected":false},"author":9,"featured_media":0,"parent":329,"menu_order":55,"comment_status":"closed","ping_status":"closed","template":"","meta":{"_monsterinsights_skip_tracking":false,"_monsterinsights_sitenote_active":false,"_monsterinsights_sitenote_note":"","_monsterinsights_sitenote_category":0,"footnotes":""},"class_list":["post-1521","page","type-page","status-publish","hentry","entry"],"yoast_head":"<!-- This site is optimized with the Yoast SEO plugin v25.1 - https:\/\/yoast.com\/wordpress\/plugins\/seo\/ -->\n<title>Instituto Federal do Par\u00e1 (IFPA) - 2014 - FADESP<\/title>\n<meta name=\"robots\" content=\"index, follow, max-snippet:-1, max-image-preview:large, max-video-preview:-1\" \/>\n<link rel=\"canonical\" href=\"https:\/\/portalfadesp.org.br\/?page_id=1521\" \/>\n<meta property=\"og:locale\" content=\"pt_BR\" \/>\n<meta property=\"og:type\" content=\"article\" \/>\n<meta property=\"og:title\" content=\"Instituto Federal do Par\u00e1 (IFPA) - 2014 - FADESP\" \/>\n<meta property=\"og:description\" content=\"Instituto Federal do Par\u00e1 (IFPA) &#8211; 2014 O Instituto Federal do Par\u00e1 (IFPA), campus Bel\u00e9m, torna p\u00fablica a realiza\u00e7\u00e3o\u00a0do Processo Seletivo 2014 para ingresso nos cursos de Educa\u00e7\u00e3o Profissional T\u00e9cnica nas Modalidades de Ensino Integrado, primeiro semestre de 2014. Vagas &#8211;\u00a0385 de ensino m\u00e9dio integrado ao t\u00e9cnico. P\u00fablico alvo &#8211;\u00a0pessoas com ensino Fundamental completo (tamb\u00e9m [&hellip;]\" \/>\n<meta property=\"og:url\" content=\"https:\/\/portalfadesp.org.br\/?page_id=1521\" \/>\n<meta property=\"og:site_name\" content=\"FADESP\" \/>\n<meta property=\"article:publisher\" content=\"https:\/\/www.facebook.com\/Fadesp-138351949524662\/\" \/>\n<meta property=\"article:modified_time\" content=\"2022-12-20T15:29:54+00:00\" \/>\n<meta name=\"twitter:card\" content=\"summary_large_image\" \/>\n<meta name=\"twitter:site\" content=\"@Fadesp\" \/>\n<meta name=\"twitter:label1\" content=\"Est. tempo de leitura\" \/>\n\t<meta name=\"twitter:data1\" content=\"1 minuto\" \/>\n<script type=\"application\/ld+json\" class=\"yoast-schema-graph\">{\"@context\":\"https:\/\/schema.org\",\"@graph\":[{\"@type\":\"WebPage\",\"@id\":\"https:\/\/portalfadesp.org.br\/?page_id=1521\",\"url\":\"https:\/\/portalfadesp.org.br\/?page_id=1521\",\"name\":\"Instituto Federal do Par\u00e1 (IFPA) - 2014 - FADESP\",\"isPartOf\":{\"@id\":\"https:\/\/portalfadesp.org.br\/#website\"},\"datePublished\":\"2014-05-22T08:18:03+00:00\",\"dateModified\":\"2022-12-20T15:29:54+00:00\",\"breadcrumb\":{\"@id\":\"https:\/\/portalfadesp.org.br\/?page_id=1521#breadcrumb\"},\"inLanguage\":\"pt-BR\",\"potentialAction\":[{\"@type\":\"ReadAction\",\"target\":[\"https:\/\/portalfadesp.org.br\/?page_id=1521\"]}]},{\"@type\":\"BreadcrumbList\",\"@id\":\"https:\/\/portalfadesp.org.br\/?page_id=1521#breadcrumb\",\"itemListElement\":[{\"@type\":\"ListItem\",\"position\":1,\"name\":\"In\u00edcio\",\"item\":\"https:\/\/portalfadesp.org.br\/\"},{\"@type\":\"ListItem\",\"position\":2,\"name\":\"Concursos &#8211; Homologados\",\"item\":\"https:\/\/portalfadesp.org.br\/?page_id=329\"},{\"@type\":\"ListItem\",\"position\":3,\"name\":\"Instituto Federal do Par\u00e1 (IFPA) &#8211; 2014\"}]},{\"@type\":\"WebSite\",\"@id\":\"https:\/\/portalfadesp.org.br\/#website\",\"url\":\"https:\/\/portalfadesp.org.br\/\",\"name\":\"FADESP\",\"description\":\"Funda\u00e7\u00e3o de Amparo e Desenvolvimento da Pesquisa\",\"publisher\":{\"@id\":\"https:\/\/portalfadesp.org.br\/#organization\"},\"potentialAction\":[{\"@type\":\"SearchAction\",\"target\":{\"@type\":\"EntryPoint\",\"urlTemplate\":\"https:\/\/portalfadesp.org.br\/?s={search_term_string}\"},\"query-input\":{\"@type\":\"PropertyValueSpecification\",\"valueRequired\":true,\"valueName\":\"search_term_string\"}}],\"inLanguage\":\"pt-BR\"},{\"@type\":\"Organization\",\"@id\":\"https:\/\/portalfadesp.org.br\/#organization\",\"name\":\"FADESP\",\"url\":\"https:\/\/portalfadesp.org.br\/\",\"logo\":{\"@type\":\"ImageObject\",\"inLanguage\":\"pt-BR\",\"@id\":\"https:\/\/portalfadesp.org.br\/#\/schema\/logo\/image\/\",\"url\":\"https:\/\/portalfadesp.org.br\/wp-content\/uploads\/2024\/01\/NOVOLOGOFADESPlaranjaH.png\",\"contentUrl\":\"https:\/\/portalfadesp.org.br\/wp-content\/uploads\/2024\/01\/NOVOLOGOFADESPlaranjaH.png\",\"width\":2742,\"height\":839,\"caption\":\"FADESP\"},\"image\":{\"@id\":\"https:\/\/portalfadesp.org.br\/#\/schema\/logo\/image\/\"},\"sameAs\":[\"https:\/\/www.facebook.com\/Fadesp-138351949524662\/\",\"https:\/\/x.com\/Fadesp\",\"https:\/\/www.instagram.com\/fadesp_ufpa\/\",\"https:\/\/www.youtube.com\/@fundacaodeamparoedesenvolv1903\",\"https:\/\/www.threads.net\/@fadesp_ufpa\"]}]}<\/script>\n<!-- \/ Yoast SEO plugin. -->","yoast_head_json":{"title":"Instituto Federal do Par\u00e1 (IFPA) - 2014 - FADESP","robots":{"index":"index","follow":"follow","max-snippet":"max-snippet:-1","max-image-preview":"max-image-preview:large","max-video-preview":"max-video-preview:-1"},"canonical":"https:\/\/portalfadesp.org.br\/?page_id=1521","og_locale":"pt_BR","og_type":"article","og_title":"Instituto Federal do Par\u00e1 (IFPA) - 2014 - FADESP","og_description":"Instituto Federal do Par\u00e1 (IFPA) &#8211; 2014 O Instituto Federal do Par\u00e1 (IFPA), campus Bel\u00e9m, torna p\u00fablica a realiza\u00e7\u00e3o\u00a0do Processo Seletivo 2014 para ingresso nos cursos de Educa\u00e7\u00e3o Profissional T\u00e9cnica nas Modalidades de Ensino Integrado, primeiro semestre de 2014. Vagas &#8211;\u00a0385 de ensino m\u00e9dio integrado ao t\u00e9cnico. P\u00fablico alvo &#8211;\u00a0pessoas com ensino Fundamental completo (tamb\u00e9m [&hellip;]","og_url":"https:\/\/portalfadesp.org.br\/?page_id=1521","og_site_name":"FADESP","article_publisher":"https:\/\/www.facebook.com\/Fadesp-138351949524662\/","article_modified_time":"2022-12-20T15:29:54+00:00","twitter_card":"summary_large_image","twitter_site":"@Fadesp","twitter_misc":{"Est. tempo de leitura":"1 minuto"},"schema":{"@context":"https:\/\/schema.org","@graph":[{"@type":"WebPage","@id":"https:\/\/portalfadesp.org.br\/?page_id=1521","url":"https:\/\/portalfadesp.org.br\/?page_id=1521","name":"Instituto Federal do Par\u00e1 (IFPA) - 2014 - FADESP","isPartOf":{"@id":"https:\/\/portalfadesp.org.br\/#website"},"datePublished":"2014-05-22T08:18:03+00:00","dateModified":"2022-12-20T15:29:54+00:00","breadcrumb":{"@id":"https:\/\/portalfadesp.org.br\/?page_id=1521#breadcrumb"},"inLanguage":"pt-BR","potentialAction":[{"@type":"ReadAction","target":["https:\/\/portalfadesp.org.br\/?page_id=1521"]}]},{"@type":"BreadcrumbList","@id":"https:\/\/portalfadesp.org.br\/?page_id=1521#breadcrumb","itemListElement":[{"@type":"ListItem","position":1,"name":"In\u00edcio","item":"https:\/\/portalfadesp.org.br\/"},{"@type":"ListItem","position":2,"name":"Concursos &#8211; Homologados","item":"https:\/\/portalfadesp.org.br\/?page_id=329"},{"@type":"ListItem","position":3,"name":"Instituto Federal do Par\u00e1 (IFPA) &#8211; 2014"}]},{"@type":"WebSite","@id":"https:\/\/portalfadesp.org.br\/#website","url":"https:\/\/portalfadesp.org.br\/","name":"FADESP","description":"Funda\u00e7\u00e3o de Amparo e Desenvolvimento da Pesquisa","publisher":{"@id":"https:\/\/portalfadesp.org.br\/#organization"},"potentialAction":[{"@type":"SearchAction","target":{"@type":"EntryPoint","urlTemplate":"https:\/\/portalfadesp.org.br\/?s={search_term_string}"},"query-input":{"@type":"PropertyValueSpecification","valueRequired":true,"valueName":"search_term_string"}}],"inLanguage":"pt-BR"},{"@type":"Organization","@id":"https:\/\/portalfadesp.org.br\/#organization","name":"FADESP","url":"https:\/\/portalfadesp.org.br\/","logo":{"@type":"ImageObject","inLanguage":"pt-BR","@id":"https:\/\/portalfadesp.org.br\/#\/schema\/logo\/image\/","url":"https:\/\/portalfadesp.org.br\/wp-content\/uploads\/2024\/01\/NOVOLOGOFADESPlaranjaH.png","contentUrl":"https:\/\/portalfadesp.org.br\/wp-content\/uploads\/2024\/01\/NOVOLOGOFADESPlaranjaH.png","width":2742,"height":839,"caption":"FADESP"},"image":{"@id":"https:\/\/portalfadesp.org.br\/#\/schema\/logo\/image\/"},"sameAs":["https:\/\/www.facebook.com\/Fadesp-138351949524662\/","https:\/\/x.com\/Fadesp","https:\/\/www.instagram.com\/fadesp_ufpa\/","https:\/\/www.youtube.com\/@fundacaodeamparoedesenvolv1903","https:\/\/www.threads.net\/@fadesp_ufpa"]}]}},"_links":{"self":[{"href":"https:\/\/portalfadesp.org.br\/index.php?rest_route=\/wp\/v2\/pages\/1521","targetHints":{"allow":["GET"]}}],"collection":[{"href":"https:\/\/portalfadesp.org.br\/index.php?rest_route=\/wp\/v2\/pages"}],"about":[{"href":"https:\/\/portalfadesp.org.br\/index.php?rest_route=\/wp\/v2\/types\/page"}],"author":[{"embeddable":true,"href":"https:\/\/portalfadesp.org.br\/index.php?rest_route=\/wp\/v2\/users\/9"}],"replies":[{"embeddable":true,"href":"https:\/\/portalfadesp.org.br\/index.php?rest_route=%2Fwp%2Fv2%2Fcomments&post=1521"}],"version-history":[{"count":32,"href":"https:\/\/portalfadesp.org.br\/index.php?rest_route=\/wp\/v2\/pages\/1521\/revisions"}],"predecessor-version":[{"id":36663,"href":"https:\/\/portalfadesp.org.br\/index.php?rest_route=\/wp\/v2\/pages\/1521\/revisions\/36663"}],"up":[{"embeddable":true,"href":"https:\/\/portalfadesp.org.br\/index.php?rest_route=\/wp\/v2\/pages\/329"}],"wp:attachment":[{"href":"https:\/\/portalfadesp.org.br\/index.php?rest_route=%2Fwp%2Fv2%2Fmedia&parent=1521"}],"curies":[{"name":"wp","href":"https:\/\/api.w.org\/{rel}","templated":true}]}}