{"id":1520,"date":"2014-05-22T05:17:58","date_gmt":"2014-05-22T08:17:58","guid":{"rendered":"https:\/\/162.215.13.167?page_id=1520"},"modified":"2022-12-20T12:29:49","modified_gmt":"2022-12-20T15:29:49","slug":"companhia-docas-de-santana-cdsa-ap-2014","status":"publish","type":"page","link":"https:\/\/portalfadesp.org.br\/?page_id=1520","title":{"rendered":"Companhia Docas de Santana &#8211; CDSA &#8211; AP &#8211; 2014"},"content":{"rendered":"\t\t<div data-elementor-type=\"wp-post\" data-elementor-id=\"1520\" class=\"elementor elementor-1520\" data-elementor-post-type=\"page\">\n\t\t\t\t\t\t<section class=\"elementor-section elementor-top-section elementor-element elementor-element-520af7af elementor-section-boxed elementor-section-height-default elementor-section-height-default\" data-id=\"520af7af\" data-element_type=\"section\">\n\t\t\t\t\t\t<div class=\"elementor-container elementor-column-gap-default\">\n\t\t\t\t\t<div class=\"elementor-column elementor-col-100 elementor-top-column elementor-element elementor-element-1d70f3b0\" data-id=\"1d70f3b0\" data-element_type=\"column\">\n\t\t\t<div class=\"elementor-widget-wrap elementor-element-populated\">\n\t\t\t\t\t\t<div class=\"elementor-element elementor-element-fc09330 elementor-widget elementor-widget-heading\" data-id=\"fc09330\" data-element_type=\"widget\" data-widget_type=\"heading.default\">\n\t\t\t\t<div class=\"elementor-widget-container\">\n\t\t\t\t\t<h1 class=\"elementor-heading-title elementor-size-default\">Companhia Docas de Santana - CDSA - AP - 2014\n<\/h1>\t\t\t\t<\/div>\n\t\t\t\t<\/div>\n\t\t\t\t<section class=\"elementor-section elementor-inner-section elementor-element elementor-element-7e925f6b elementor-section-boxed elementor-section-height-default elementor-section-height-default\" data-id=\"7e925f6b\" data-element_type=\"section\">\n\t\t\t\t\t\t<div class=\"elementor-container elementor-column-gap-default\">\n\t\t\t\t\t<div class=\"elementor-column elementor-col-50 elementor-inner-column elementor-element elementor-element-bc29bad\" data-id=\"bc29bad\" data-element_type=\"column\">\n\t\t\t<div class=\"elementor-widget-wrap elementor-element-populated\">\n\t\t\t\t\t\t<div class=\"elementor-element elementor-element-457ae844 elementor-widget elementor-widget-text-editor\" data-id=\"457ae844\" data-element_type=\"widget\" data-widget_type=\"text-editor.default\">\n\t\t\t\t<div class=\"elementor-widget-container\">\n\t\t\t\t\t\t\t\t\t<table border=\"0\"><tbody><tr><td valign=\"top\"><p>A Companhia Docas de Santana &#8211; CDSA torna p\u00fablica a realiza\u00e7\u00e3o de Concurso P\u00fablico, destinado ao preenchimento de vagas do quadro de pessoal efetivo de n\u00edvel superior e n\u00edvel m\u00e9dio e m\u00e9dio t\u00e9cnico mediante as condi\u00e7\u00f5es estabelecidas no Edital de abertura.<\/p><p><strong>Vagas &#8211;\u00a0<\/strong>08<\/p><p><strong>Cargos &#8211;\u00a0<\/strong>N\u00edvel m\u00e9dio e m\u00e9dio t\u00e9cnico &#8211; Assistente Operacional, Assistente Administrativo, Motorista Profissional, Operador de Equipamento e T\u00e9cnico em Inform\u00e1tica.<\/p><p>N\u00edvel superior- Administrador e Secretariado Executivo<\/p><p><strong>Remunera\u00e7\u00e3o &#8211;\u00a0<\/strong>de R$ 1.813,45 a R$ 3.771,05<\/p><p><strong>Taxa &#8211;\u00a0<\/strong>R$ 55,00 (n\u00edvel m\u00e9dio ou m\u00e9dio t\u00e9cnico)<\/p><p>\u00a0\u00a0\u00a0\u00a0\u00a0\u00a0\u00a0\u00a0\u00a0\u00a0 R$ 75,00 (n\u00edvel superior)<\/p><p><strong>Datas importantes<\/strong>:<\/p><p>Per\u00edodo de inscri\u00e7\u00e3o &#8211; 14\/08\/14 a 15\/09\/14.\u00a0PRORROGADAS AT\u00c9 06\/10\/14.<br \/><br \/>PER\u00cdODO DE ISEN\u00c7\u00c3O DE TAXA &#8211; de 16\/09\/14 a 30\/09\/14.\u00a0<\/p><p>Pagamento da taxa de inscri\u00e7\u00e3o &#8211; at\u00e9 16\/09\/14.\u00a0PRORROGADO AT\u00c9 07\/10\/14.<\/p><p>Cart\u00e3o de inscri\u00e7\u00e3o &#8211; 18 a 22\/09\/14.\u00a0ALTERADO PARA \u00a0PER\u00cdODO DE 09\/10\/14 a 13\/10\/14.<\/p><p>Data da prova objetiva\u00a019\/10\/14, das 8h \u00e0s 12h.<\/p><\/td><\/tr><\/tbody><\/table>\t\t\t\t\t\t\t\t<\/div>\n\t\t\t\t<\/div>\n\t\t\t\t\t<\/div>\n\t\t<\/div>\n\t\t\t\t<div class=\"elementor-column elementor-col-50 elementor-inner-column elementor-element elementor-element-7cef06bc\" data-id=\"7cef06bc\" data-element_type=\"column\">\n\t\t\t<div class=\"elementor-widget-wrap elementor-element-populated\">\n\t\t\t\t\t\t<div class=\"elementor-element elementor-element-365d186c elementor-widget elementor-widget-text-editor\" data-id=\"365d186c\" data-element_type=\"widget\" data-widget_type=\"text-editor.default\">\n\t\t\t\t<div class=\"elementor-widget-container\">\n\t\t\t\t\t\t\t\t\t<p style=\"text-align: center;\"><span style=\"color: #ffffff;\"><strong>Editais e Avisos<\/strong><\/span><\/p>\t\t\t\t\t\t\t\t<\/div>\n\t\t\t\t<\/div>\n\t\t\t\t<div class=\"elementor-element elementor-element-567779a5 elementor-widget elementor-widget-text-editor\" data-id=\"567779a5\" data-element_type=\"widget\" data-widget_type=\"text-editor.default\">\n\t\t\t\t<div class=\"elementor-widget-container\">\n\t\t\t\t\t\t\t\t\t<table width=\"80\">\n<tbody>\n<tr>\n<td width=\"80\"><strong><a href=\"http:\/\/concursos.fadesp.org.br\/cdsa2014\/arquivos\/Edital%20n%C2%B0%2004_2014_CDSA%20-%20Homologa%C3%A7%C3%A3o.pdf\">Edital n\u00ba 04\/2014 &#8211; Homologa\u00e7\u00e3o\u00a0<\/a><\/strong><\/td>\n<\/tr>\n<tr>\n<td><strong><a href=\"http:\/\/concursos.fadesp.org.br\/cdsa2014\/arquivos\/Resultado%20final%20do%20cargo%20de%20operador%20de%20equipamentos.pdf\">Resultado Final do Cargo de Operador de Equipamentos\u00a0<\/a><\/strong><\/td>\n<\/tr>\n<tr>\n<td><strong><a href=\"http:\/\/concursos.fadesp.org.br\/cdsa2014\/arquivos\/Grade%20da%20Prova%20Pr%C3%A1tica.pdf\">Grade da Prova Pr\u00e1tica<\/a><\/strong><\/td>\n<\/tr>\n<tr>\n<td><strong><a href=\"http:\/\/concursos.fadesp.org.br\/cdsa2014\/arquivos\/Resultado%20da%202a%20etapa%20de%20operador%20de%20equipamentos.pdf\">Resultado da 2a Etapa de Operador de Equipamentos<\/a><\/strong><\/td>\n<\/tr>\n<tr>\n<td><strong><a href=\"http:\/\/concursos.fadesp.org.br\/cdsa2014\/arquivos\/%20Convoca%C3%A7%C3%A3o%20da%20Prova%20Pr%C3%A1tica%20de%20Operador%20de%20Equipamen%20to.pdf\">\u00a0Convoca\u00e7\u00e3o da Prova Pr\u00e1tica de Operador de Equipamento\u00a0<\/a><\/strong><\/td>\n<\/tr>\n<tr>\n<td><strong><a href=\"http:\/\/concursos.fadesp.org.br\/cdsa2014\/arquivos\/Resultado%20da%20Prova%20Objetiva.pdf\">Resultado da Prova Objetiva<\/a><\/strong><\/td>\n<\/tr>\n<tr>\n<td><strong><a href=\"http:\/\/concursos.fadesp.org.br\/cdsa2014\/arquivos\/Retifica%C3%A7%C3%A3o%20do%20Gabarito%20Oficial%20Definitivo_Motorista%20Profissional.pdf\">Retifica\u00e7\u00e3o do Gabarito Oficial Definitivo &#8211; Motorista Profissional\u00a0<\/a><\/strong><\/td>\n<\/tr>\n<tr>\n<td><strong><a href=\"http:\/\/concursos.fadesp.org.br\/cdsa2014\/arquivos\/Gabarito%20Oficial%20Definitivo.pdf\">Gabarito Oficial Definitivo\u00a0<\/a><\/strong><\/td>\n<\/tr>\n<tr>\n<td><strong><a href=\"http:\/\/concursos.fadesp.org.br\/cdsa2014\/arquivos\/Provas\/Gabarito%20Oficial%20Preliminar.pdf\">\u00a0Gabarito Oficial Preliminar<\/a><\/strong><\/td>\n<\/tr>\n<tr>\n<td><strong><a href=\"http:\/\/concursos.fadesp.org.br\/cdsa2014\/arquivos\/Resultado%20do%20Processo%20de%20Isen%C3%A7%C3%A3o%20por%20Hipossufici%C3%AAncia.pdf\">Resultado do Processo de Isen\u00e7\u00e3o por Hipossufici\u00eancia<\/a><\/strong><\/td>\n<\/tr>\n<tr>\n<td><strong><a href=\"http:\/\/concursos.fadesp.org.br\/cdsa2014\/arquivos\/Resultado%20do%20Processo%20de%20Isen%C3%A7%C3%A3o%20de%20PcD.pdf\">Resultado do Processo de Isen\u00e7\u00e3o de PcD<\/a><\/strong><\/td>\n<\/tr>\n<tr>\n<td><strong><a href=\"..\/midias\/anexos\/412_edital_n_03-2014_-_cdsa_-_retificado.pdf\">\u00a0Edital n\u00ba 03\/2014 -CDSA-Retifica\u00e7\u00e3o 02<\/a><\/strong><\/td>\n<\/tr>\n<tr>\n<td><strong><a href=\"http:\/\/concursos.fadesp.org.br\/cdsa2014\/arquivos\/Edital%20%20%20%20%20%20n%C2%B0%2002_2014_CDSA.pdf\">\u00a0Edital n\u00b0 02\/2014 -CDSA-Retifica\u00e7\u00e3o 01<\/a><\/strong><\/td>\n<\/tr>\n<tr>\n<td><strong><a href=\"..\/midias\/anexos\/412_formulario_de_portador_de_deficiencia.pdf\">\u00a0Formul\u00e1rio PcD<\/a><\/strong><\/td>\n<\/tr>\n<tr>\n<td><strong><a href=\"..\/midias\/anexos\/412_tabela_de_cargos_retificada.pdf\">Tabela de cargos retificada<\/a><\/strong><\/td>\n<\/tr>\n<tr>\n<td><strong><a href=\"..\/midias\/anexos\/412_edital______n_01_2014_cdsa_-_republicado.pdf\">\u00a0Edital n\u00b0 01\/2014 -CDSA-Republicado<\/a><\/strong><\/td>\n<\/tr>\n<\/tbody>\n<\/table>\t\t\t\t\t\t\t\t<\/div>\n\t\t\t\t<\/div>\n\t\t\t\t\t<\/div>\n\t\t<\/div>\n\t\t\t\t\t<\/div>\n\t\t<\/section>\n\t\t\t\t\t<\/div>\n\t\t<\/div>\n\t\t\t\t\t<\/div>\n\t\t<\/section>\n\t\t\t\t<\/div>\n\t\t","protected":false},"excerpt":{"rendered":"<p>Companhia Docas de Santana &#8211; CDSA &#8211; AP &#8211; 2014 A Companhia Docas de Santana &#8211; CDSA torna p\u00fablica a realiza\u00e7\u00e3o de Concurso P\u00fablico, destinado ao preenchimento de vagas do quadro de pessoal efetivo de n\u00edvel superior e n\u00edvel m\u00e9dio e m\u00e9dio t\u00e9cnico mediante as condi\u00e7\u00f5es estabelecidas no Edital de abertura. Vagas &#8211;\u00a008 Cargos &#8211;\u00a0N\u00edvel [&hellip;]<\/p>\n","protected":false},"author":9,"featured_media":0,"parent":329,"menu_order":55,"comment_status":"closed","ping_status":"closed","template":"","meta":{"_monsterinsights_skip_tracking":false,"_monsterinsights_sitenote_active":false,"_monsterinsights_sitenote_note":"","_monsterinsights_sitenote_category":0,"footnotes":""},"class_list":["post-1520","page","type-page","status-publish","hentry","entry"],"yoast_head":"<!-- This site is optimized with the Yoast SEO plugin v25.1 - https:\/\/yoast.com\/wordpress\/plugins\/seo\/ -->\n<title>Companhia Docas de Santana - CDSA - AP - 2014 - FADESP<\/title>\n<meta name=\"robots\" content=\"index, follow, max-snippet:-1, max-image-preview:large, max-video-preview:-1\" \/>\n<link rel=\"canonical\" href=\"https:\/\/portalfadesp.org.br\/?page_id=1520\" \/>\n<meta property=\"og:locale\" content=\"pt_BR\" \/>\n<meta property=\"og:type\" content=\"article\" \/>\n<meta property=\"og:title\" content=\"Companhia Docas de Santana - CDSA - AP - 2014 - FADESP\" \/>\n<meta property=\"og:description\" content=\"Companhia Docas de Santana &#8211; CDSA &#8211; AP &#8211; 2014 A Companhia Docas de Santana &#8211; CDSA torna p\u00fablica a realiza\u00e7\u00e3o de Concurso P\u00fablico, destinado ao preenchimento de vagas do quadro de pessoal efetivo de n\u00edvel superior e n\u00edvel m\u00e9dio e m\u00e9dio t\u00e9cnico mediante as condi\u00e7\u00f5es estabelecidas no Edital de abertura. Vagas &#8211;\u00a008 Cargos &#8211;\u00a0N\u00edvel [&hellip;]\" \/>\n<meta property=\"og:url\" content=\"https:\/\/portalfadesp.org.br\/?page_id=1520\" \/>\n<meta property=\"og:site_name\" content=\"FADESP\" \/>\n<meta property=\"article:publisher\" content=\"https:\/\/www.facebook.com\/Fadesp-138351949524662\/\" \/>\n<meta property=\"article:modified_time\" content=\"2022-12-20T15:29:49+00:00\" \/>\n<meta name=\"twitter:card\" content=\"summary_large_image\" \/>\n<meta name=\"twitter:site\" content=\"@Fadesp\" \/>\n<meta name=\"twitter:label1\" content=\"Est. tempo de leitura\" \/>\n\t<meta name=\"twitter:data1\" content=\"1 minuto\" \/>\n<script type=\"application\/ld+json\" class=\"yoast-schema-graph\">{\"@context\":\"https:\/\/schema.org\",\"@graph\":[{\"@type\":\"WebPage\",\"@id\":\"https:\/\/portalfadesp.org.br\/?page_id=1520\",\"url\":\"https:\/\/portalfadesp.org.br\/?page_id=1520\",\"name\":\"Companhia Docas de Santana - CDSA - AP - 2014 - FADESP\",\"isPartOf\":{\"@id\":\"https:\/\/portalfadesp.org.br\/#website\"},\"datePublished\":\"2014-05-22T08:17:58+00:00\",\"dateModified\":\"2022-12-20T15:29:49+00:00\",\"breadcrumb\":{\"@id\":\"https:\/\/portalfadesp.org.br\/?page_id=1520#breadcrumb\"},\"inLanguage\":\"pt-BR\",\"potentialAction\":[{\"@type\":\"ReadAction\",\"target\":[\"https:\/\/portalfadesp.org.br\/?page_id=1520\"]}]},{\"@type\":\"BreadcrumbList\",\"@id\":\"https:\/\/portalfadesp.org.br\/?page_id=1520#breadcrumb\",\"itemListElement\":[{\"@type\":\"ListItem\",\"position\":1,\"name\":\"In\u00edcio\",\"item\":\"https:\/\/portalfadesp.org.br\/\"},{\"@type\":\"ListItem\",\"position\":2,\"name\":\"Concursos &#8211; Homologados\",\"item\":\"https:\/\/portalfadesp.org.br\/?page_id=329\"},{\"@type\":\"ListItem\",\"position\":3,\"name\":\"Companhia Docas de Santana &#8211; CDSA &#8211; AP &#8211; 2014\"}]},{\"@type\":\"WebSite\",\"@id\":\"https:\/\/portalfadesp.org.br\/#website\",\"url\":\"https:\/\/portalfadesp.org.br\/\",\"name\":\"FADESP\",\"description\":\"Funda\u00e7\u00e3o de Amparo e Desenvolvimento da Pesquisa\",\"publisher\":{\"@id\":\"https:\/\/portalfadesp.org.br\/#organization\"},\"potentialAction\":[{\"@type\":\"SearchAction\",\"target\":{\"@type\":\"EntryPoint\",\"urlTemplate\":\"https:\/\/portalfadesp.org.br\/?s={search_term_string}\"},\"query-input\":{\"@type\":\"PropertyValueSpecification\",\"valueRequired\":true,\"valueName\":\"search_term_string\"}}],\"inLanguage\":\"pt-BR\"},{\"@type\":\"Organization\",\"@id\":\"https:\/\/portalfadesp.org.br\/#organization\",\"name\":\"FADESP\",\"url\":\"https:\/\/portalfadesp.org.br\/\",\"logo\":{\"@type\":\"ImageObject\",\"inLanguage\":\"pt-BR\",\"@id\":\"https:\/\/portalfadesp.org.br\/#\/schema\/logo\/image\/\",\"url\":\"https:\/\/portalfadesp.org.br\/wp-content\/uploads\/2024\/01\/NOVOLOGOFADESPlaranjaH.png\",\"contentUrl\":\"https:\/\/portalfadesp.org.br\/wp-content\/uploads\/2024\/01\/NOVOLOGOFADESPlaranjaH.png\",\"width\":2742,\"height\":839,\"caption\":\"FADESP\"},\"image\":{\"@id\":\"https:\/\/portalfadesp.org.br\/#\/schema\/logo\/image\/\"},\"sameAs\":[\"https:\/\/www.facebook.com\/Fadesp-138351949524662\/\",\"https:\/\/x.com\/Fadesp\",\"https:\/\/www.instagram.com\/fadesp_ufpa\/\",\"https:\/\/www.youtube.com\/@fundacaodeamparoedesenvolv1903\",\"https:\/\/www.threads.net\/@fadesp_ufpa\"]}]}<\/script>\n<!-- \/ Yoast SEO plugin. -->","yoast_head_json":{"title":"Companhia Docas de Santana - CDSA - AP - 2014 - FADESP","robots":{"index":"index","follow":"follow","max-snippet":"max-snippet:-1","max-image-preview":"max-image-preview:large","max-video-preview":"max-video-preview:-1"},"canonical":"https:\/\/portalfadesp.org.br\/?page_id=1520","og_locale":"pt_BR","og_type":"article","og_title":"Companhia Docas de Santana - CDSA - AP - 2014 - FADESP","og_description":"Companhia Docas de Santana &#8211; CDSA &#8211; AP &#8211; 2014 A Companhia Docas de Santana &#8211; CDSA torna p\u00fablica a realiza\u00e7\u00e3o de Concurso P\u00fablico, destinado ao preenchimento de vagas do quadro de pessoal efetivo de n\u00edvel superior e n\u00edvel m\u00e9dio e m\u00e9dio t\u00e9cnico mediante as condi\u00e7\u00f5es estabelecidas no Edital de abertura. Vagas &#8211;\u00a008 Cargos &#8211;\u00a0N\u00edvel [&hellip;]","og_url":"https:\/\/portalfadesp.org.br\/?page_id=1520","og_site_name":"FADESP","article_publisher":"https:\/\/www.facebook.com\/Fadesp-138351949524662\/","article_modified_time":"2022-12-20T15:29:49+00:00","twitter_card":"summary_large_image","twitter_site":"@Fadesp","twitter_misc":{"Est. tempo de leitura":"1 minuto"},"schema":{"@context":"https:\/\/schema.org","@graph":[{"@type":"WebPage","@id":"https:\/\/portalfadesp.org.br\/?page_id=1520","url":"https:\/\/portalfadesp.org.br\/?page_id=1520","name":"Companhia Docas de Santana - CDSA - AP - 2014 - FADESP","isPartOf":{"@id":"https:\/\/portalfadesp.org.br\/#website"},"datePublished":"2014-05-22T08:17:58+00:00","dateModified":"2022-12-20T15:29:49+00:00","breadcrumb":{"@id":"https:\/\/portalfadesp.org.br\/?page_id=1520#breadcrumb"},"inLanguage":"pt-BR","potentialAction":[{"@type":"ReadAction","target":["https:\/\/portalfadesp.org.br\/?page_id=1520"]}]},{"@type":"BreadcrumbList","@id":"https:\/\/portalfadesp.org.br\/?page_id=1520#breadcrumb","itemListElement":[{"@type":"ListItem","position":1,"name":"In\u00edcio","item":"https:\/\/portalfadesp.org.br\/"},{"@type":"ListItem","position":2,"name":"Concursos &#8211; Homologados","item":"https:\/\/portalfadesp.org.br\/?page_id=329"},{"@type":"ListItem","position":3,"name":"Companhia Docas de Santana &#8211; CDSA &#8211; AP &#8211; 2014"}]},{"@type":"WebSite","@id":"https:\/\/portalfadesp.org.br\/#website","url":"https:\/\/portalfadesp.org.br\/","name":"FADESP","description":"Funda\u00e7\u00e3o de Amparo e Desenvolvimento da Pesquisa","publisher":{"@id":"https:\/\/portalfadesp.org.br\/#organization"},"potentialAction":[{"@type":"SearchAction","target":{"@type":"EntryPoint","urlTemplate":"https:\/\/portalfadesp.org.br\/?s={search_term_string}"},"query-input":{"@type":"PropertyValueSpecification","valueRequired":true,"valueName":"search_term_string"}}],"inLanguage":"pt-BR"},{"@type":"Organization","@id":"https:\/\/portalfadesp.org.br\/#organization","name":"FADESP","url":"https:\/\/portalfadesp.org.br\/","logo":{"@type":"ImageObject","inLanguage":"pt-BR","@id":"https:\/\/portalfadesp.org.br\/#\/schema\/logo\/image\/","url":"https:\/\/portalfadesp.org.br\/wp-content\/uploads\/2024\/01\/NOVOLOGOFADESPlaranjaH.png","contentUrl":"https:\/\/portalfadesp.org.br\/wp-content\/uploads\/2024\/01\/NOVOLOGOFADESPlaranjaH.png","width":2742,"height":839,"caption":"FADESP"},"image":{"@id":"https:\/\/portalfadesp.org.br\/#\/schema\/logo\/image\/"},"sameAs":["https:\/\/www.facebook.com\/Fadesp-138351949524662\/","https:\/\/x.com\/Fadesp","https:\/\/www.instagram.com\/fadesp_ufpa\/","https:\/\/www.youtube.com\/@fundacaodeamparoedesenvolv1903","https:\/\/www.threads.net\/@fadesp_ufpa"]}]}},"_links":{"self":[{"href":"https:\/\/portalfadesp.org.br\/index.php?rest_route=\/wp\/v2\/pages\/1520","targetHints":{"allow":["GET"]}}],"collection":[{"href":"https:\/\/portalfadesp.org.br\/index.php?rest_route=\/wp\/v2\/pages"}],"about":[{"href":"https:\/\/portalfadesp.org.br\/index.php?rest_route=\/wp\/v2\/types\/page"}],"author":[{"embeddable":true,"href":"https:\/\/portalfadesp.org.br\/index.php?rest_route=\/wp\/v2\/users\/9"}],"replies":[{"embeddable":true,"href":"https:\/\/portalfadesp.org.br\/index.php?rest_route=%2Fwp%2Fv2%2Fcomments&post=1520"}],"version-history":[{"count":29,"href":"https:\/\/portalfadesp.org.br\/index.php?rest_route=\/wp\/v2\/pages\/1520\/revisions"}],"predecessor-version":[{"id":36660,"href":"https:\/\/portalfadesp.org.br\/index.php?rest_route=\/wp\/v2\/pages\/1520\/revisions\/36660"}],"up":[{"embeddable":true,"href":"https:\/\/portalfadesp.org.br\/index.php?rest_route=\/wp\/v2\/pages\/329"}],"wp:attachment":[{"href":"https:\/\/portalfadesp.org.br\/index.php?rest_route=%2Fwp%2Fv2%2Fmedia&parent=1520"}],"curies":[{"name":"wp","href":"https:\/\/api.w.org\/{rel}","templated":true}]}}