{"id":1518,"date":"2014-05-22T05:18:07","date_gmt":"2014-05-22T08:18:07","guid":{"rendered":"https:\/\/162.215.13.167?page_id=1518"},"modified":"2022-12-20T12:30:05","modified_gmt":"2022-12-20T15:30:05","slug":"camara-municipal-de-canaa-dos-carajas-2014-2","status":"publish","type":"page","link":"https:\/\/portalfadesp.org.br\/?page_id=1518","title":{"rendered":"Prefeitura de Cana\u00e3 dos Caraj\u00e1s &#8211; 2014"},"content":{"rendered":"\t\t<div data-elementor-type=\"wp-post\" data-elementor-id=\"1518\" class=\"elementor elementor-1518\" data-elementor-post-type=\"page\">\n\t\t\t\t\t\t<section class=\"elementor-section elementor-top-section elementor-element elementor-element-15f57a4f elementor-section-boxed elementor-section-height-default elementor-section-height-default\" data-id=\"15f57a4f\" data-element_type=\"section\">\n\t\t\t\t\t\t<div class=\"elementor-container elementor-column-gap-default\">\n\t\t\t\t\t<div class=\"elementor-column elementor-col-100 elementor-top-column elementor-element elementor-element-71dec55b\" data-id=\"71dec55b\" data-element_type=\"column\">\n\t\t\t<div class=\"elementor-widget-wrap elementor-element-populated\">\n\t\t\t\t\t\t<div class=\"elementor-element elementor-element-2aaf3bc7 elementor-widget elementor-widget-heading\" data-id=\"2aaf3bc7\" data-element_type=\"widget\" data-widget_type=\"heading.default\">\n\t\t\t\t<div class=\"elementor-widget-container\">\n\t\t\t\t\t<h1 class=\"elementor-heading-title elementor-size-default\">Prefeitura de Cana\u00e3 dos Caraj\u00e1s - 2014\n<\/h1>\t\t\t\t<\/div>\n\t\t\t\t<\/div>\n\t\t\t\t<section class=\"elementor-section elementor-inner-section elementor-element elementor-element-672693d3 elementor-section-boxed elementor-section-height-default elementor-section-height-default\" data-id=\"672693d3\" data-element_type=\"section\">\n\t\t\t\t\t\t<div class=\"elementor-container elementor-column-gap-default\">\n\t\t\t\t\t<div class=\"elementor-column elementor-col-50 elementor-inner-column elementor-element elementor-element-8b3646f\" data-id=\"8b3646f\" data-element_type=\"column\">\n\t\t\t<div class=\"elementor-widget-wrap elementor-element-populated\">\n\t\t\t\t\t\t<div class=\"elementor-element elementor-element-45e014de elementor-widget elementor-widget-text-editor\" data-id=\"45e014de\" data-element_type=\"widget\" data-widget_type=\"text-editor.default\">\n\t\t\t\t<div class=\"elementor-widget-container\">\n\t\t\t\t\t\t\t\t\t<p>A prefeitura Municipal de Cana\u00e3 dos Caraj\u00e1s torna p\u00fablica a realiza\u00e7\u00e3o\u00a0de concurso para o preenchimento de vagas do quadro de pessoal efetivo de n\u00edveis superior, m\u00e9dio, fundamental completo e incompleto.<\/p><p><strong>Vagas &#8211;\u00a0<\/strong>879<\/p><p><strong>Cargos &#8211;\u00a0<\/strong>agente de servi\u00e7os gerais, agente de servi\u00e7os de art\u00edfice de manuten\u00e7\u00e3o, agente de servi\u00e7os de prote\u00e7\u00e3o patrimonial, agente de servi\u00e7os funer\u00e1rios, agente de servi\u00e7os urbanos, agente de servi\u00e7os de condutor de ve\u00edculos leves, agente de servi\u00e7os de monitoria social, agente de servi\u00e7os de culin\u00e1ria, agente de servi\u00e7os de alvenaria, agente de servi\u00e7os de condutor de ve\u00edculos pesados, agente de servi\u00e7os el\u00e9tricos, agente de servi\u00e7os de inform\u00e1tica, agente de servi\u00e7os administrativos, agente de servi\u00e7os de consult\u00f3rio odontol\u00f3gico, agente de servi\u00e7os de biblioteca escolar, agente de servi\u00e7os sociais, agente de servi\u00e7os t\u00e9cnicos em an\u00e1lises cl\u00ednicas, agente de servi\u00e7os t\u00e9cnicos em enfermagem, agente de servi\u00e7os t\u00e9cnicos em obras p\u00fablicas, agente de servi\u00e7os t\u00e9cnicos em desenho computadorizado, agente de servi\u00e7os t\u00e9cnicos em topografia, agente de servi\u00e7os t\u00e9cnicos em telecomunica\u00e7\u00f5es, agente de servi\u00e7os t\u00e9cnicos ambientais, agente de servi\u00e7os fazend\u00e1rios, agente de tr\u00e2nsito, transporte e rodovi\u00e1rio, agente de servi\u00e7os t\u00e9cnicos em radiologia, analista de controle interno, analista de planejamento e or\u00e7amento, analista de pol\u00edticas p\u00fablicas e gest\u00e3o governamental, analista de sistemas de informa\u00e7\u00e3o, arquiteto, assistente social, auditor fiscal de tributos, biom\u00e9dico, contador, educador f\u00edsico, enfermeiro, engenheiro civil, farmac\u00eautico, fisioterapeuta, fonoaudi\u00f3logo, jornalista, m\u00e9dico cl\u00ednico geral (PSF), nutricionista cl\u00ednico, nutricionista escolar, procurador municipal, psic\u00f3logo, psic\u00f3logo cl\u00ednico, psic\u00f3logo educacional, psicopedagogo, professor I, professor II, professor III &#8211; licenciado pleno em Letras\/L\u00edngua Portuguesa, professor III &#8211; licenciado pleno em Educa\u00e7\u00e3o F\u00edsica, professor III &#8211; licenciado pleno em Ci\u00eancias, professor III &#8211; licenciado pleno em Artes, professor III &#8211; licenciado pleno em Geografia, professor III &#8211; licenciado pleno em Hist\u00f3ria, professor III &#8211; licenciado pleno em Letras \/ L\u00edngua Estrangeira Ingl\u00eas, professor III &#8211; licenciado pleno em Matem\u00e1tica.\u00a0<\/p><p><strong>Remunera\u00e7\u00e3o &#8211;\u00a0<\/strong>de\u00a0R$ 789,70 a R$ 10.990,00.<\/p><p><strong>Inscri\u00e7\u00f5es &#8211;\u00a0<\/strong>26\/02\/14 a 24\/03\/14.<\/p><p><strong>Taxa &#8211;\u00a0<\/strong>R$ 45,00 (n\u00edvel fundamental), R$ 50,00 (m\u00e9dio) e R$ 70,00 (superior).<\/p><p><strong>Datas importantes<\/strong><\/p><p><strong>Per\u00edodo de<\/strong>\u00a0I<strong>nscri\u00e7\u00e3o<\/strong>\u00a0&#8211;\u00a026\/02\/14 a 24\/03\/14<\/p><p><strong>Pedido de isen\u00e7\u00e3o de taxa para PcD<\/strong>\u00a0&#8211; de 26\/02\/14 a 14\/03\/14.<\/p><p><strong>Impress\u00e3o do cart\u00e3o de confirma\u00e7\u00e3o<\/strong>\u00a0&#8211; 01\/04\/14 a 07\/04\/14.<\/p><p><strong>Data da prova objetiva<\/strong>\u00a0&#8211; 13\/04\/14, de 8h \u00e0s 12h (n\u00edveis Fundamental completo, m\u00e9dio e superior) e de 14h30 \u00e0s 18h30 (n\u00edvel fundamental incompleto), em Cana\u00e3 dos Caraj\u00e1s.<\/p><p><strong>Resultado geral da prova objetiva<\/strong>\u00a0&#8211; 13\/05\/14 \u00e0s 17h<\/p>\t\t\t\t\t\t\t\t<\/div>\n\t\t\t\t<\/div>\n\t\t\t\t\t<\/div>\n\t\t<\/div>\n\t\t\t\t<div class=\"elementor-column elementor-col-50 elementor-inner-column elementor-element elementor-element-5b0c6223\" data-id=\"5b0c6223\" data-element_type=\"column\">\n\t\t\t<div class=\"elementor-widget-wrap elementor-element-populated\">\n\t\t\t\t\t\t<div class=\"elementor-element elementor-element-650d808e elementor-widget elementor-widget-text-editor\" data-id=\"650d808e\" data-element_type=\"widget\" data-widget_type=\"text-editor.default\">\n\t\t\t\t<div class=\"elementor-widget-container\">\n\t\t\t\t\t\t\t\t\t<p style=\"text-align: center;\"><span style=\"color: #ffffff;\"><strong>Editais e Avisos<\/strong><\/span><\/p>\t\t\t\t\t\t\t\t<\/div>\n\t\t\t\t<\/div>\n\t\t\t\t<div class=\"elementor-element elementor-element-4c767f03 elementor-widget elementor-widget-text-editor\" data-id=\"4c767f03\" data-element_type=\"widget\" data-widget_type=\"text-editor.default\">\n\t\t\t\t<div class=\"elementor-widget-container\">\n\t\t\t\t\t\t\t\t\t<table width=\"72\">\n<tbody>\n<tr>\n<td width=\"72\"><strong><a href=\"http:\/\/concursos.fadesp.org.br\/pmcc2014\/arquivos\/Edital%20n%C2%B0%2006_2015_PMCC_Homologa%C3%A7%C3%A3o%20-%20Retifica%C3%A7%C3%A3o.pdf\">Edital 06\/2015 &#8211; Homologa\u00e7\u00e3o &#8211; Retifica\u00e7\u00e3o\u00a0<\/a><\/strong><\/td>\n<\/tr>\n<tr>\n<td width=\"72\"><strong><a href=\"http:\/\/concursos.fadesp.org.br\/pmcc2014\/arquivos\/homologacao1.pdf\">Homologa\u00e7\u00e3o<\/a><\/strong><\/td>\n<\/tr>\n<tr>\n<td width=\"72\"><strong><a href=\"http:\/\/concursos.fadesp.org.br\/pmcc2014\/arquivos\/Resultado%20Nivel%20Superior.pdf\">\u00a0\u00a0Resultado do N\u00edvel Superior\u00a0\u00a0<\/a><\/strong><\/td>\n<\/tr>\n<tr>\n<td width=\"72\"><strong><a href=\"http:\/\/concursos.fadesp.org.br\/pmcc2014\/arquivos\/Retifica%C3%A7%C3%A3o%20de%20notas%20da%20prova%20de%20t%C3%ADtulos.pdf\">\u00a0Retifica\u00e7\u00e3o de Notas da Prova de T\u00edtulos<\/a><\/strong><\/td>\n<\/tr>\n<tr>\n<td width=\"72\"><strong><a href=\"http:\/\/concursos.fadesp.org.br\/pmcc2014\/arquivos\/Anexo%20sem%20t%C3%ADtulo%2000128.pdf\">Resultado da Prova de T\u00edtulos<\/a><\/strong><\/td>\n<\/tr>\n<tr>\n<td width=\"72\"><strong><a href=\"http:\/\/concursos.fadesp.org.br\/pmcc2014\/arquivos\/Formul%C3%A1rio%20de%20Entrega%20de%20T%C3%ADtulos.pdf\">Formul\u00e1rio de Entrega de T\u00edtulos<\/a><\/strong><\/td>\n<\/tr>\n<tr>\n<td width=\"72\"><strong><a href=\"http:\/\/concursos.fadesp.org.br\/pmcc2014\/arquivos\/Edital%20n%C2%B0%2003_2014_Convoca%C3%A7%C3%A3o%20a%20Prova%20de%20T%C3%ADtulos.pdf\">Edital n\u00b0 03_2014_Convoca\u00e7\u00e3o a Prova de T\u00edtulos<\/a><\/strong><\/td>\n<\/tr>\n<tr>\n<td width=\"72\"><strong><a href=\"http:\/\/concursos.fadesp.org.br\/pmcc2014\/arquivos\/Retifica%C3%A7%C3%A3o%20do%20Resultado%20da%20Prova%20Objetiva%20do%20Cargos%20d%20e%20Agente%20de%20%20Servi%C3%A7os%20de%20Seguran%C3%A7a%20Patrimonial.pdf\">Retifica\u00e7\u00e3o do Resultado da Prova Objetiva do Cargos d e Agente de Servi\u00e7os de Seguran\u00e7a Patrimonial\u00a0<\/a><\/strong><\/td>\n<\/tr>\n<tr>\n<td width=\"72\"><strong><a href=\"http:\/\/concursos.fadesp.org.br\/pmcc2014\/arquivos\/Resultado%20Geral%20da%20Prova%20Objetiva.pdf\">\u00a0Resultado Geral da Prova Objetiva<\/a><\/strong><\/td>\n<\/tr>\n<tr>\n<td width=\"72\"><strong><a href=\"http:\/\/concursos.fadesp.org.br\/pmcc2014\/arquivos\/Gabarito%20Oficial%20Definitivo%20-%20DIA%2013.04.2014.pdf\">Gabarito Oficial Definitivo &#8211; DIA 13.04.2014<\/a><\/strong><\/td>\n<\/tr>\n<tr>\n<td width=\"72\"><strong><a href=\"http:\/\/concursos.fadesp.org.br\/pmcc2014\/arquivos\/Gabarito%20Oficial%20Preliminar%20-%20DIA%2013.04.2014.pdf\">Gabarito Oficial Preliminar &#8211; Dia 13\/04\/2014<\/a><\/strong><\/td>\n<\/tr>\n<tr>\n<td width=\"72\"><strong><a href=\"http:\/\/concursos.fadesp.org.br\/pmcc2014\/arquivos\/AVISO%20SOMENTE%20para%20os%20candidatos%20lotados%20nas%20escolas%20Vale%20dos%20Caraj%C3%A1s%20e%20SENAI.pdf\">AVISO SOMENTE para os candidatos lotados nas escolas Vale dos Caraj\u00e1s e SENAI\u00a0<\/a><\/strong><\/td>\n<\/tr>\n<tr>\n<td width=\"72\"><strong><a href=\"http:\/\/concursos.fadesp.org.br\/pmcc2014\/arquivos\/Edital%20n%C2%B0%2002_2014_PMCC%20-%20Hor%C3%A1rios%20das%20Provas.pdf\">\u00a0Edital n\u00ba 02\/2014 &#8211; Hor\u00e1rios das Provas<\/a><\/strong><\/td>\n<\/tr>\n<tr>\n<td width=\"72\"><strong><a href=\"http:\/\/concursos.fadesp.org.br\/pmcc2014\/arquivos\/Aviso%20de%20data%20e%20hor%C3%A1rios%20das%20provas%20objetivas.pdf\">\u00a0Aviso de data e hor\u00e1rios das provas objetivas<\/a><\/strong><\/td>\n<\/tr>\n<tr>\n<td width=\"72\"><strong><a href=\"http:\/\/concursos.fadesp.org.br\/pmcc2014\/arquivos\/Tabela%20de%20Cargos%20Retificada.pdf\">Tabela de Cargos Retificada<\/a><\/strong><\/td>\n<\/tr>\n<tr>\n<td width=\"72\"><strong><a href=\"http:\/\/concursos.fadesp.org.br\/pmcc2014\/arquivos\/Edital%20n%C2%B0%2002_2014_PMCC%20-%20Retifica%C3%A7%C3%B5es%20de%20Cargos.pdf\">Edital n\u00ba02\/2014 &#8211; Retifica\u00e7\u00f5es de Cargos<\/a><\/strong><\/td>\n<\/tr>\n<tr>\n<td width=\"72\"><strong><a href=\"https:\/\/drive.google.com\/uc?export=download&amp;id=1HJIhDJ1YTU2BaVkZZwRwcDeqNmKCmEQT\">Conte\u00fado Program\u00e1tico de Informa\u00e7\u00f5es Gerais Sobre no Munic\u00edpio de Cana\u00e3 dos Caraj\u00e1s<\/a><\/strong><\/td>\n<\/tr>\n<tr>\n<td width=\"72\"><strong><a href=\"http:\/\/concursos.fadesp.org.br\/pmcc2014\/arquivos\/Lei%20Org%C3%A2nica%20do%20Munic%C3%ADpio%20de%20Cana%C3%A3%20%20dos%20Caraj%C3%A1s.pdf\">Lei Org\u00e2nica do Munic\u00edpio de Cana\u00e3 dos Caraj\u00e1s<\/a><\/strong><\/td>\n<\/tr>\n<tr>\n<td width=\"72\"><strong><a href=\"http:\/\/concursos.fadesp.org.br\/pmcc2014\/arquivos\/Lei%20n%C2%B0%20282_2012_%20Estatuto%20dos%20Servidores.pdf\">Lei 282\/2012 &#8211; Estatuto dos Servidores<\/a><\/strong><\/td>\n<\/tr>\n<tr>\n<td width=\"72\"><strong><a href=\"http:\/\/concursos.fadesp.org.br\/pmcc2014\/arquivos\/Lei%20n%C2%B0%20162_2007_Plano%20Diretor%20Participativo.pdf\">Lei 162\/2007 &#8211; Plano diretor participativo<\/a><\/strong><\/td>\n<\/tr>\n<tr>\n<td width=\"72\"><strong><a href=\"http:\/\/concursos.fadesp.org.br\/pmcc2014\/arquivos\/Lei%20n%C2%B0%20132_2006_C%C3%B3digo%20de%20Meio%20Ambiente.pdf\">Lei 132\/2006 &#8211; C\u00f3digo de Meio Ambiente<\/a><\/strong><\/td>\n<\/tr>\n<tr>\n<td width=\"72\"><strong><a href=\"http:\/\/concursos.fadesp.org.br\/pmcc2014\/arquivos\/Lei%20n%C2%B0%20032_1998_C%C3%B3digo%20Tribut%C3%A1rio%20Municipal.pdf\">Lei 032\/1998 &#8211; C\u00f3digo Tribut\u00e1rio Municipal<\/a><\/strong><\/td>\n<\/tr>\n<tr>\n<td width=\"72\"><strong><a href=\"http:\/\/concursos.fadesp.org.br\/pmcc2014\/arquivos\/Lei%20n%C2%B0%20025_2001_C%C3%B3digo%20Municipal%20de%20Posturas.pdf\">Lei 025\/2001 &#8211; C\u00f3digo Municipal de Posturas<\/a><\/strong><\/td>\n<\/tr>\n<tr>\n<td width=\"72\"><strong><a href=\"http:\/\/concursos.fadesp.org.br\/pmcc2014\/arquivos\/Formul%C3%A1rio%20de%20Portador%20de%20Defici%C3%AAncia.pdf\">Formul\u00e1rio de Portador de Defici\u00eancia<\/a><\/strong><\/td>\n<\/tr>\n<tr>\n<td width=\"72\"><strong><a href=\"http:\/\/concursos.fadesp.org.br\/pmcc2014\/arquivos\/Tabela%20de%20Cargos.pdf\">Tabela de Cargos<\/a><\/strong><\/td>\n<\/tr>\n<tr>\n<td width=\"72\"><strong><a href=\"http:\/\/concursos.fadesp.org.br\/pmcc2014\/arquivos\/Edital%20n%C2%B0%2001_2014_PMCC.pdf\">Edital n\u00ba01\/2014<\/a><\/strong><\/td>\n<\/tr>\n<\/tbody>\n<\/table>\t\t\t\t\t\t\t\t<\/div>\n\t\t\t\t<\/div>\n\t\t\t\t\t<\/div>\n\t\t<\/div>\n\t\t\t\t\t<\/div>\n\t\t<\/section>\n\t\t\t\t\t<\/div>\n\t\t<\/div>\n\t\t\t\t\t<\/div>\n\t\t<\/section>\n\t\t\t\t<\/div>\n\t\t","protected":false},"excerpt":{"rendered":"<p>Prefeitura de Cana\u00e3 dos Caraj\u00e1s &#8211; 2014 A prefeitura Municipal de Cana\u00e3 dos Caraj\u00e1s torna p\u00fablica a realiza\u00e7\u00e3o\u00a0de concurso para o preenchimento de vagas do quadro de pessoal efetivo de n\u00edveis superior, m\u00e9dio, fundamental completo e incompleto. Vagas &#8211;\u00a0879 Cargos &#8211;\u00a0agente de servi\u00e7os gerais, agente de servi\u00e7os de art\u00edfice de manuten\u00e7\u00e3o, agente de servi\u00e7os de [&hellip;]<\/p>\n","protected":false},"author":9,"featured_media":0,"parent":329,"menu_order":55,"comment_status":"closed","ping_status":"closed","template":"","meta":{"_monsterinsights_skip_tracking":false,"_monsterinsights_sitenote_active":false,"_monsterinsights_sitenote_note":"","_monsterinsights_sitenote_category":0,"footnotes":""},"class_list":["post-1518","page","type-page","status-publish","hentry","entry"],"yoast_head":"<!-- This site is optimized with the Yoast SEO plugin v25.1 - https:\/\/yoast.com\/wordpress\/plugins\/seo\/ -->\n<title>Prefeitura de Cana\u00e3 dos Caraj\u00e1s - 2014 - FADESP<\/title>\n<meta name=\"robots\" content=\"index, follow, max-snippet:-1, max-image-preview:large, max-video-preview:-1\" \/>\n<link rel=\"canonical\" href=\"https:\/\/portalfadesp.org.br\/?page_id=1518\" \/>\n<meta property=\"og:locale\" content=\"pt_BR\" \/>\n<meta property=\"og:type\" content=\"article\" \/>\n<meta property=\"og:title\" content=\"Prefeitura de Cana\u00e3 dos Caraj\u00e1s - 2014 - FADESP\" \/>\n<meta property=\"og:description\" content=\"Prefeitura de Cana\u00e3 dos Caraj\u00e1s &#8211; 2014 A prefeitura Municipal de Cana\u00e3 dos Caraj\u00e1s torna p\u00fablica a realiza\u00e7\u00e3o\u00a0de concurso para o preenchimento de vagas do quadro de pessoal efetivo de n\u00edveis superior, m\u00e9dio, fundamental completo e incompleto. Vagas &#8211;\u00a0879 Cargos &#8211;\u00a0agente de servi\u00e7os gerais, agente de servi\u00e7os de art\u00edfice de manuten\u00e7\u00e3o, agente de servi\u00e7os de [&hellip;]\" \/>\n<meta property=\"og:url\" content=\"https:\/\/portalfadesp.org.br\/?page_id=1518\" \/>\n<meta property=\"og:site_name\" content=\"FADESP\" \/>\n<meta property=\"article:publisher\" content=\"https:\/\/www.facebook.com\/Fadesp-138351949524662\/\" \/>\n<meta property=\"article:modified_time\" content=\"2022-12-20T15:30:05+00:00\" \/>\n<meta name=\"twitter:card\" content=\"summary_large_image\" \/>\n<meta name=\"twitter:site\" content=\"@Fadesp\" \/>\n<meta name=\"twitter:label1\" content=\"Est. tempo de leitura\" \/>\n\t<meta name=\"twitter:data1\" content=\"3 minutos\" \/>\n<script type=\"application\/ld+json\" class=\"yoast-schema-graph\">{\"@context\":\"https:\/\/schema.org\",\"@graph\":[{\"@type\":\"WebPage\",\"@id\":\"https:\/\/portalfadesp.org.br\/?page_id=1518\",\"url\":\"https:\/\/portalfadesp.org.br\/?page_id=1518\",\"name\":\"Prefeitura de Cana\u00e3 dos Caraj\u00e1s - 2014 - FADESP\",\"isPartOf\":{\"@id\":\"https:\/\/portalfadesp.org.br\/#website\"},\"datePublished\":\"2014-05-22T08:18:07+00:00\",\"dateModified\":\"2022-12-20T15:30:05+00:00\",\"breadcrumb\":{\"@id\":\"https:\/\/portalfadesp.org.br\/?page_id=1518#breadcrumb\"},\"inLanguage\":\"pt-BR\",\"potentialAction\":[{\"@type\":\"ReadAction\",\"target\":[\"https:\/\/portalfadesp.org.br\/?page_id=1518\"]}]},{\"@type\":\"BreadcrumbList\",\"@id\":\"https:\/\/portalfadesp.org.br\/?page_id=1518#breadcrumb\",\"itemListElement\":[{\"@type\":\"ListItem\",\"position\":1,\"name\":\"In\u00edcio\",\"item\":\"https:\/\/portalfadesp.org.br\/\"},{\"@type\":\"ListItem\",\"position\":2,\"name\":\"Concursos &#8211; Homologados\",\"item\":\"https:\/\/portalfadesp.org.br\/?page_id=329\"},{\"@type\":\"ListItem\",\"position\":3,\"name\":\"Prefeitura de Cana\u00e3 dos Caraj\u00e1s &#8211; 2014\"}]},{\"@type\":\"WebSite\",\"@id\":\"https:\/\/portalfadesp.org.br\/#website\",\"url\":\"https:\/\/portalfadesp.org.br\/\",\"name\":\"FADESP\",\"description\":\"Funda\u00e7\u00e3o de Amparo e Desenvolvimento da Pesquisa\",\"publisher\":{\"@id\":\"https:\/\/portalfadesp.org.br\/#organization\"},\"potentialAction\":[{\"@type\":\"SearchAction\",\"target\":{\"@type\":\"EntryPoint\",\"urlTemplate\":\"https:\/\/portalfadesp.org.br\/?s={search_term_string}\"},\"query-input\":{\"@type\":\"PropertyValueSpecification\",\"valueRequired\":true,\"valueName\":\"search_term_string\"}}],\"inLanguage\":\"pt-BR\"},{\"@type\":\"Organization\",\"@id\":\"https:\/\/portalfadesp.org.br\/#organization\",\"name\":\"FADESP\",\"url\":\"https:\/\/portalfadesp.org.br\/\",\"logo\":{\"@type\":\"ImageObject\",\"inLanguage\":\"pt-BR\",\"@id\":\"https:\/\/portalfadesp.org.br\/#\/schema\/logo\/image\/\",\"url\":\"https:\/\/portalfadesp.org.br\/wp-content\/uploads\/2024\/01\/NOVOLOGOFADESPlaranjaH.png\",\"contentUrl\":\"https:\/\/portalfadesp.org.br\/wp-content\/uploads\/2024\/01\/NOVOLOGOFADESPlaranjaH.png\",\"width\":2742,\"height\":839,\"caption\":\"FADESP\"},\"image\":{\"@id\":\"https:\/\/portalfadesp.org.br\/#\/schema\/logo\/image\/\"},\"sameAs\":[\"https:\/\/www.facebook.com\/Fadesp-138351949524662\/\",\"https:\/\/x.com\/Fadesp\",\"https:\/\/www.instagram.com\/fadesp_ufpa\/\",\"https:\/\/www.youtube.com\/@fundacaodeamparoedesenvolv1903\",\"https:\/\/www.threads.net\/@fadesp_ufpa\"]}]}<\/script>\n<!-- \/ Yoast SEO plugin. -->","yoast_head_json":{"title":"Prefeitura de Cana\u00e3 dos Caraj\u00e1s - 2014 - FADESP","robots":{"index":"index","follow":"follow","max-snippet":"max-snippet:-1","max-image-preview":"max-image-preview:large","max-video-preview":"max-video-preview:-1"},"canonical":"https:\/\/portalfadesp.org.br\/?page_id=1518","og_locale":"pt_BR","og_type":"article","og_title":"Prefeitura de Cana\u00e3 dos Caraj\u00e1s - 2014 - FADESP","og_description":"Prefeitura de Cana\u00e3 dos Caraj\u00e1s &#8211; 2014 A prefeitura Municipal de Cana\u00e3 dos Caraj\u00e1s torna p\u00fablica a realiza\u00e7\u00e3o\u00a0de concurso para o preenchimento de vagas do quadro de pessoal efetivo de n\u00edveis superior, m\u00e9dio, fundamental completo e incompleto. Vagas &#8211;\u00a0879 Cargos &#8211;\u00a0agente de servi\u00e7os gerais, agente de servi\u00e7os de art\u00edfice de manuten\u00e7\u00e3o, agente de servi\u00e7os de [&hellip;]","og_url":"https:\/\/portalfadesp.org.br\/?page_id=1518","og_site_name":"FADESP","article_publisher":"https:\/\/www.facebook.com\/Fadesp-138351949524662\/","article_modified_time":"2022-12-20T15:30:05+00:00","twitter_card":"summary_large_image","twitter_site":"@Fadesp","twitter_misc":{"Est. tempo de leitura":"3 minutos"},"schema":{"@context":"https:\/\/schema.org","@graph":[{"@type":"WebPage","@id":"https:\/\/portalfadesp.org.br\/?page_id=1518","url":"https:\/\/portalfadesp.org.br\/?page_id=1518","name":"Prefeitura de Cana\u00e3 dos Caraj\u00e1s - 2014 - FADESP","isPartOf":{"@id":"https:\/\/portalfadesp.org.br\/#website"},"datePublished":"2014-05-22T08:18:07+00:00","dateModified":"2022-12-20T15:30:05+00:00","breadcrumb":{"@id":"https:\/\/portalfadesp.org.br\/?page_id=1518#breadcrumb"},"inLanguage":"pt-BR","potentialAction":[{"@type":"ReadAction","target":["https:\/\/portalfadesp.org.br\/?page_id=1518"]}]},{"@type":"BreadcrumbList","@id":"https:\/\/portalfadesp.org.br\/?page_id=1518#breadcrumb","itemListElement":[{"@type":"ListItem","position":1,"name":"In\u00edcio","item":"https:\/\/portalfadesp.org.br\/"},{"@type":"ListItem","position":2,"name":"Concursos &#8211; Homologados","item":"https:\/\/portalfadesp.org.br\/?page_id=329"},{"@type":"ListItem","position":3,"name":"Prefeitura de Cana\u00e3 dos Caraj\u00e1s &#8211; 2014"}]},{"@type":"WebSite","@id":"https:\/\/portalfadesp.org.br\/#website","url":"https:\/\/portalfadesp.org.br\/","name":"FADESP","description":"Funda\u00e7\u00e3o de Amparo e Desenvolvimento da Pesquisa","publisher":{"@id":"https:\/\/portalfadesp.org.br\/#organization"},"potentialAction":[{"@type":"SearchAction","target":{"@type":"EntryPoint","urlTemplate":"https:\/\/portalfadesp.org.br\/?s={search_term_string}"},"query-input":{"@type":"PropertyValueSpecification","valueRequired":true,"valueName":"search_term_string"}}],"inLanguage":"pt-BR"},{"@type":"Organization","@id":"https:\/\/portalfadesp.org.br\/#organization","name":"FADESP","url":"https:\/\/portalfadesp.org.br\/","logo":{"@type":"ImageObject","inLanguage":"pt-BR","@id":"https:\/\/portalfadesp.org.br\/#\/schema\/logo\/image\/","url":"https:\/\/portalfadesp.org.br\/wp-content\/uploads\/2024\/01\/NOVOLOGOFADESPlaranjaH.png","contentUrl":"https:\/\/portalfadesp.org.br\/wp-content\/uploads\/2024\/01\/NOVOLOGOFADESPlaranjaH.png","width":2742,"height":839,"caption":"FADESP"},"image":{"@id":"https:\/\/portalfadesp.org.br\/#\/schema\/logo\/image\/"},"sameAs":["https:\/\/www.facebook.com\/Fadesp-138351949524662\/","https:\/\/x.com\/Fadesp","https:\/\/www.instagram.com\/fadesp_ufpa\/","https:\/\/www.youtube.com\/@fundacaodeamparoedesenvolv1903","https:\/\/www.threads.net\/@fadesp_ufpa"]}]}},"_links":{"self":[{"href":"https:\/\/portalfadesp.org.br\/index.php?rest_route=\/wp\/v2\/pages\/1518","targetHints":{"allow":["GET"]}}],"collection":[{"href":"https:\/\/portalfadesp.org.br\/index.php?rest_route=\/wp\/v2\/pages"}],"about":[{"href":"https:\/\/portalfadesp.org.br\/index.php?rest_route=\/wp\/v2\/types\/page"}],"author":[{"embeddable":true,"href":"https:\/\/portalfadesp.org.br\/index.php?rest_route=\/wp\/v2\/users\/9"}],"replies":[{"embeddable":true,"href":"https:\/\/portalfadesp.org.br\/index.php?rest_route=%2Fwp%2Fv2%2Fcomments&post=1518"}],"version-history":[{"count":34,"href":"https:\/\/portalfadesp.org.br\/index.php?rest_route=\/wp\/v2\/pages\/1518\/revisions"}],"predecessor-version":[{"id":36666,"href":"https:\/\/portalfadesp.org.br\/index.php?rest_route=\/wp\/v2\/pages\/1518\/revisions\/36666"}],"up":[{"embeddable":true,"href":"https:\/\/portalfadesp.org.br\/index.php?rest_route=\/wp\/v2\/pages\/329"}],"wp:attachment":[{"href":"https:\/\/portalfadesp.org.br\/index.php?rest_route=%2Fwp%2Fv2%2Fmedia&parent=1518"}],"curies":[{"name":"wp","href":"https:\/\/api.w.org\/{rel}","templated":true}]}}