{"id":1497,"date":"2014-05-22T04:50:05","date_gmt":"2014-05-22T07:50:05","guid":{"rendered":"https:\/\/162.215.13.167?page_id=1497"},"modified":"2022-12-20T12:29:36","modified_gmt":"2022-12-20T15:29:36","slug":"camara-municipal-de-canaa-dos-carajas-2014","status":"publish","type":"page","link":"https:\/\/portalfadesp.org.br\/?page_id=1497","title":{"rendered":"C\u00e2mara Municipal de Cana\u00e3 dos Caraj\u00e1s &#8211; 2014"},"content":{"rendered":"\t\t<div data-elementor-type=\"wp-post\" data-elementor-id=\"1497\" class=\"elementor elementor-1497\" data-elementor-post-type=\"page\">\n\t\t\t\t\t\t<section class=\"elementor-section elementor-top-section elementor-element elementor-element-6a3536f elementor-section-boxed elementor-section-height-default elementor-section-height-default\" data-id=\"6a3536f\" data-element_type=\"section\">\n\t\t\t\t\t\t<div class=\"elementor-container elementor-column-gap-default\">\n\t\t\t\t\t<div class=\"elementor-column elementor-col-100 elementor-top-column elementor-element elementor-element-5e107171\" data-id=\"5e107171\" data-element_type=\"column\">\n\t\t\t<div class=\"elementor-widget-wrap elementor-element-populated\">\n\t\t\t\t\t\t<div class=\"elementor-element elementor-element-6122afba elementor-widget elementor-widget-heading\" data-id=\"6122afba\" data-element_type=\"widget\" data-widget_type=\"heading.default\">\n\t\t\t\t<div class=\"elementor-widget-container\">\n\t\t\t\t\t<h1 class=\"elementor-heading-title elementor-size-default\">C\u00e2mara Municipal de Cana\u00e3 dos Caraj\u00e1s - 2014\n<\/h1>\t\t\t\t<\/div>\n\t\t\t\t<\/div>\n\t\t\t\t<section class=\"elementor-section elementor-inner-section elementor-element elementor-element-2b3d37c9 elementor-section-boxed elementor-section-height-default elementor-section-height-default\" data-id=\"2b3d37c9\" data-element_type=\"section\">\n\t\t\t\t\t\t<div class=\"elementor-container elementor-column-gap-default\">\n\t\t\t\t\t<div class=\"elementor-column elementor-col-50 elementor-inner-column elementor-element elementor-element-343e9397\" data-id=\"343e9397\" data-element_type=\"column\">\n\t\t\t<div class=\"elementor-widget-wrap elementor-element-populated\">\n\t\t\t\t\t\t<div class=\"elementor-element elementor-element-436bd9c2 elementor-widget elementor-widget-text-editor\" data-id=\"436bd9c2\" data-element_type=\"widget\" data-widget_type=\"text-editor.default\">\n\t\t\t\t<div class=\"elementor-widget-container\">\n\t\t\t\t\t\t\t\t\t<p>A C\u00e2mara Municipal de Cana\u00e3 dos Caraj\u00e1s torna p\u00fablica a realiza\u00e7\u00e3o de concurso para o preenchimento de vagas para os cargos de provimento efetivo\u00a0de n\u00edveis M\u00e9dio e Fundamental incompleto.<\/p><p><strong>Vagas &#8211;\u00a0<\/strong>18<\/p><p><strong>Cargos &#8211;<\/strong>N\u00edvel Fundamental Incompleto (at\u00e9 4a s\u00e9rie): Agente de Servi\u00e7os Gerais e Agente de Servi\u00e7os de Seguran\u00e7a Patrimonial.<\/p><p>N\u00edvel M\u00e9dio: Agente de Servi\u00e7os de condu\u00e7\u00e3o de Ve\u00edculos,\u00a0 Agente de Servi\u00e7os Administrativos, Agente de Servi\u00e7os de Opera\u00e7\u00e3o de \u00c1udio e V\u00eddeo e Agente Legislativo.<\/p><p><strong>Remunera\u00e7\u00e3o &#8211;\u00a0<\/strong>de R$ 985,25 a R$ 1.724,03.<\/p><p><strong>Inscri\u00e7\u00f5es &#8211;\u00a0<\/strong>14\/03\/14 a 22\/04\/14<\/p><p><strong>Taxa &#8211;\u00a0<\/strong>R$ 45,00 (N\u00edvel Fundamental Incompleto) e R$ 55,00 (N\u00edvel M\u00e9dio)<\/p><p><strong>Datas importantes<\/strong>:<\/p><p><strong>Per\u00edodo de Inscri\u00e7\u00e3o<\/strong>\u00a0&#8211; 14\/03\/14 a 22\/04\/14<\/p><p><strong>Pedido de isen\u00e7\u00e3o por PcD<\/strong>\u00a0&#8211; \u00a014\/03\/2014 a 04\/04\/2014<\/p><p><strong>Impress\u00e3o do cart\u00e3o de confirma\u00e7\u00e3o<\/strong>\u00a0&#8211;\u00a025 a 04\/05\/14<\/p><p><strong>Data da Prova Objetiva<\/strong>\u00a0&#8211; 04\/05\/14<\/p>\t\t\t\t\t\t\t\t<\/div>\n\t\t\t\t<\/div>\n\t\t\t\t\t<\/div>\n\t\t<\/div>\n\t\t\t\t<div class=\"elementor-column elementor-col-50 elementor-inner-column elementor-element elementor-element-6ffad77f\" data-id=\"6ffad77f\" data-element_type=\"column\">\n\t\t\t<div class=\"elementor-widget-wrap elementor-element-populated\">\n\t\t\t\t\t\t<div class=\"elementor-element elementor-element-6e736e79 elementor-widget elementor-widget-text-editor\" data-id=\"6e736e79\" data-element_type=\"widget\" data-widget_type=\"text-editor.default\">\n\t\t\t\t<div class=\"elementor-widget-container\">\n\t\t\t\t\t\t\t\t\t<p style=\"text-align: center;\"><span style=\"color: #ffffff;\"><strong>Editais e Avisos<\/strong><\/span><\/p>\t\t\t\t\t\t\t\t<\/div>\n\t\t\t\t<\/div>\n\t\t\t\t<div class=\"elementor-element elementor-element-362da917 elementor-widget elementor-widget-text-editor\" data-id=\"362da917\" data-element_type=\"widget\" data-widget_type=\"text-editor.default\">\n\t\t\t\t<div class=\"elementor-widget-container\">\n\t\t\t\t\t\t\t\t\t<table width=\"80\"><tbody><tr><td width=\"80\"><strong><a href=\"http:\/\/concursos.fadesp.org.br\/cmcc2014\/arquivos\/Edital%20%20%20%20%20%20n%C2%B0%2003_2014_CMCC_Homologa%C3%A7%C3%A3o.pdf\">Edital n\u00b0 03\/2014 &#8211; CMCC -Homologa\u00e7\u00e3o<\/a><\/strong><\/td><\/tr><tr><td><strong><a href=\"http:\/\/concursos.fadesp.org.br\/cmcc2014\/arquivos\/Resultado%20da%20Prova%20Objetiva.pdf\">\u00a0Resultado da Prova Objetiva<\/a><\/strong><\/td><\/tr><tr><td><strong><a href=\"http:\/\/concursos.fadesp.org.br\/cmcc2014\/arquivos\/Gabarito%20Oficial%20Definitivo_04.05.2014_C%C3%A2mara%20de%20Cana%C3%A3.pdf\">Gabarito Oficial Definitivo &#8211; Dia 04\/05\/2014<\/a><\/strong><\/td><\/tr><tr><td><strong><a href=\"http:\/\/concursos.fadesp.org.br\/cmcc2014\/arquivos\/Gabarito%20Oficial%20Preliminar%20-%2004.05.2014.pdf\">Gabarito Oficial Preliminar &#8211; Dia 04\/05\/2014<\/a><\/strong><\/td><\/tr><tr><td><strong><a href=\"http:\/\/concursos.fadesp.org.br\/cmcc2014\/arquivos\/Edital%20n%C2%B0%2002_2014_CMCC-%20Retifica%C3%A7%C3%A3o%20do%20Conte%C3%BAdo%20Program%C3%A1tico%20do%20N%C3%ADvel%20Fundamental%20Incompleto.pdf\">Conte\u00fado Program\u00e1tico do N\u00edvel Fundamental Incompleto<\/a><\/strong><\/td><\/tr><tr><td><strong><a href=\"http:\/\/concursos.fadesp.org.br\/cmcc2014\/arquivos\/Edital%20n%C2%B0%2002_2014_CMCC-%20Retifica%C3%A7%C3%A3o%20do%20Conte%C3%BAdo%20Program%C3%A1tico%20do%20N%C3%ADvel%20Fundamental%20Incompleto.pdf\">Edital n\u00ba02\/2014 &#8211; Retifica\u00e7\u00e3o do edital de abertura<\/a><\/strong><\/td><\/tr><tr><td><strong><a href=\"http:\/\/concursos.fadesp.org.br\/cmcc2014\/arquivos\/Formul%C3%A1rio%20de%20Portador%20de%20Defici%C3%AAncia.pdf\">Formul\u00e1rio de Portador de Defici\u00eancia<\/a><\/strong><\/td><\/tr><tr><td><strong><a href=\"http:\/\/concursos.fadesp.org.br\/cmcc2014\/arquivos\/Tabela%20de%20Cargos.pdf\">Tabela de Cargos<\/a><\/strong><\/td><\/tr><tr><td><strong><a href=\"http:\/\/concursos.fadesp.org.br\/cmcc2014\/arquivos\/Edital%20n%C2%B0%2001_2014_CMCC.pdf\">Edital n\u00ba01\/2014<\/a><\/strong><\/td><\/tr><\/tbody><\/table>\t\t\t\t\t\t\t\t<\/div>\n\t\t\t\t<\/div>\n\t\t\t\t\t<\/div>\n\t\t<\/div>\n\t\t\t\t\t<\/div>\n\t\t<\/section>\n\t\t\t\t\t<\/div>\n\t\t<\/div>\n\t\t\t\t\t<\/div>\n\t\t<\/section>\n\t\t\t\t<\/div>\n\t\t","protected":false},"excerpt":{"rendered":"<p>C\u00e2mara Municipal de Cana\u00e3 dos Caraj\u00e1s &#8211; 2014 A C\u00e2mara Municipal de Cana\u00e3 dos Caraj\u00e1s torna p\u00fablica a realiza\u00e7\u00e3o de concurso para o preenchimento de vagas para os cargos de provimento efetivo\u00a0de n\u00edveis M\u00e9dio e Fundamental incompleto. Vagas &#8211;\u00a018 Cargos &#8211;N\u00edvel Fundamental Incompleto (at\u00e9 4a s\u00e9rie): Agente de Servi\u00e7os Gerais e Agente de Servi\u00e7os de [&hellip;]<\/p>\n","protected":false},"author":9,"featured_media":0,"parent":329,"menu_order":55,"comment_status":"closed","ping_status":"closed","template":"","meta":{"_monsterinsights_skip_tracking":false,"_monsterinsights_sitenote_active":false,"_monsterinsights_sitenote_note":"","_monsterinsights_sitenote_category":0,"footnotes":""},"class_list":["post-1497","page","type-page","status-publish","hentry","entry"],"yoast_head":"<!-- This site is optimized with the Yoast SEO plugin v25.1 - https:\/\/yoast.com\/wordpress\/plugins\/seo\/ -->\n<title>C\u00e2mara Municipal de Cana\u00e3 dos Caraj\u00e1s - 2014 - FADESP<\/title>\n<meta name=\"robots\" content=\"index, follow, max-snippet:-1, max-image-preview:large, max-video-preview:-1\" \/>\n<link rel=\"canonical\" href=\"https:\/\/portalfadesp.org.br\/?page_id=1497\" \/>\n<meta property=\"og:locale\" content=\"pt_BR\" \/>\n<meta property=\"og:type\" content=\"article\" \/>\n<meta property=\"og:title\" content=\"C\u00e2mara Municipal de Cana\u00e3 dos Caraj\u00e1s - 2014 - FADESP\" \/>\n<meta property=\"og:description\" content=\"C\u00e2mara Municipal de Cana\u00e3 dos Caraj\u00e1s &#8211; 2014 A C\u00e2mara Municipal de Cana\u00e3 dos Caraj\u00e1s torna p\u00fablica a realiza\u00e7\u00e3o de concurso para o preenchimento de vagas para os cargos de provimento efetivo\u00a0de n\u00edveis M\u00e9dio e Fundamental incompleto. Vagas &#8211;\u00a018 Cargos &#8211;N\u00edvel Fundamental Incompleto (at\u00e9 4a s\u00e9rie): Agente de Servi\u00e7os Gerais e Agente de Servi\u00e7os de [&hellip;]\" \/>\n<meta property=\"og:url\" content=\"https:\/\/portalfadesp.org.br\/?page_id=1497\" \/>\n<meta property=\"og:site_name\" content=\"FADESP\" \/>\n<meta property=\"article:publisher\" content=\"https:\/\/www.facebook.com\/Fadesp-138351949524662\/\" \/>\n<meta property=\"article:modified_time\" content=\"2022-12-20T15:29:36+00:00\" \/>\n<meta name=\"twitter:card\" content=\"summary_large_image\" \/>\n<meta name=\"twitter:site\" content=\"@Fadesp\" \/>\n<meta name=\"twitter:label1\" content=\"Est. tempo de leitura\" \/>\n\t<meta name=\"twitter:data1\" content=\"1 minuto\" \/>\n<script type=\"application\/ld+json\" class=\"yoast-schema-graph\">{\"@context\":\"https:\/\/schema.org\",\"@graph\":[{\"@type\":\"WebPage\",\"@id\":\"https:\/\/portalfadesp.org.br\/?page_id=1497\",\"url\":\"https:\/\/portalfadesp.org.br\/?page_id=1497\",\"name\":\"C\u00e2mara Municipal de Cana\u00e3 dos Caraj\u00e1s - 2014 - FADESP\",\"isPartOf\":{\"@id\":\"https:\/\/portalfadesp.org.br\/#website\"},\"datePublished\":\"2014-05-22T07:50:05+00:00\",\"dateModified\":\"2022-12-20T15:29:36+00:00\",\"breadcrumb\":{\"@id\":\"https:\/\/portalfadesp.org.br\/?page_id=1497#breadcrumb\"},\"inLanguage\":\"pt-BR\",\"potentialAction\":[{\"@type\":\"ReadAction\",\"target\":[\"https:\/\/portalfadesp.org.br\/?page_id=1497\"]}]},{\"@type\":\"BreadcrumbList\",\"@id\":\"https:\/\/portalfadesp.org.br\/?page_id=1497#breadcrumb\",\"itemListElement\":[{\"@type\":\"ListItem\",\"position\":1,\"name\":\"In\u00edcio\",\"item\":\"https:\/\/portalfadesp.org.br\/\"},{\"@type\":\"ListItem\",\"position\":2,\"name\":\"Concursos &#8211; Homologados\",\"item\":\"https:\/\/portalfadesp.org.br\/?page_id=329\"},{\"@type\":\"ListItem\",\"position\":3,\"name\":\"C\u00e2mara Municipal de Cana\u00e3 dos Caraj\u00e1s &#8211; 2014\"}]},{\"@type\":\"WebSite\",\"@id\":\"https:\/\/portalfadesp.org.br\/#website\",\"url\":\"https:\/\/portalfadesp.org.br\/\",\"name\":\"FADESP\",\"description\":\"Funda\u00e7\u00e3o de Amparo e Desenvolvimento da Pesquisa\",\"publisher\":{\"@id\":\"https:\/\/portalfadesp.org.br\/#organization\"},\"potentialAction\":[{\"@type\":\"SearchAction\",\"target\":{\"@type\":\"EntryPoint\",\"urlTemplate\":\"https:\/\/portalfadesp.org.br\/?s={search_term_string}\"},\"query-input\":{\"@type\":\"PropertyValueSpecification\",\"valueRequired\":true,\"valueName\":\"search_term_string\"}}],\"inLanguage\":\"pt-BR\"},{\"@type\":\"Organization\",\"@id\":\"https:\/\/portalfadesp.org.br\/#organization\",\"name\":\"FADESP\",\"url\":\"https:\/\/portalfadesp.org.br\/\",\"logo\":{\"@type\":\"ImageObject\",\"inLanguage\":\"pt-BR\",\"@id\":\"https:\/\/portalfadesp.org.br\/#\/schema\/logo\/image\/\",\"url\":\"https:\/\/portalfadesp.org.br\/wp-content\/uploads\/2024\/01\/NOVOLOGOFADESPlaranjaH.png\",\"contentUrl\":\"https:\/\/portalfadesp.org.br\/wp-content\/uploads\/2024\/01\/NOVOLOGOFADESPlaranjaH.png\",\"width\":2742,\"height\":839,\"caption\":\"FADESP\"},\"image\":{\"@id\":\"https:\/\/portalfadesp.org.br\/#\/schema\/logo\/image\/\"},\"sameAs\":[\"https:\/\/www.facebook.com\/Fadesp-138351949524662\/\",\"https:\/\/x.com\/Fadesp\",\"https:\/\/www.instagram.com\/fadesp_ufpa\/\",\"https:\/\/www.youtube.com\/@fundacaodeamparoedesenvolv1903\",\"https:\/\/www.threads.net\/@fadesp_ufpa\"]}]}<\/script>\n<!-- \/ Yoast SEO plugin. -->","yoast_head_json":{"title":"C\u00e2mara Municipal de Cana\u00e3 dos Caraj\u00e1s - 2014 - FADESP","robots":{"index":"index","follow":"follow","max-snippet":"max-snippet:-1","max-image-preview":"max-image-preview:large","max-video-preview":"max-video-preview:-1"},"canonical":"https:\/\/portalfadesp.org.br\/?page_id=1497","og_locale":"pt_BR","og_type":"article","og_title":"C\u00e2mara Municipal de Cana\u00e3 dos Caraj\u00e1s - 2014 - FADESP","og_description":"C\u00e2mara Municipal de Cana\u00e3 dos Caraj\u00e1s &#8211; 2014 A C\u00e2mara Municipal de Cana\u00e3 dos Caraj\u00e1s torna p\u00fablica a realiza\u00e7\u00e3o de concurso para o preenchimento de vagas para os cargos de provimento efetivo\u00a0de n\u00edveis M\u00e9dio e Fundamental incompleto. Vagas &#8211;\u00a018 Cargos &#8211;N\u00edvel Fundamental Incompleto (at\u00e9 4a s\u00e9rie): Agente de Servi\u00e7os Gerais e Agente de Servi\u00e7os de [&hellip;]","og_url":"https:\/\/portalfadesp.org.br\/?page_id=1497","og_site_name":"FADESP","article_publisher":"https:\/\/www.facebook.com\/Fadesp-138351949524662\/","article_modified_time":"2022-12-20T15:29:36+00:00","twitter_card":"summary_large_image","twitter_site":"@Fadesp","twitter_misc":{"Est. tempo de leitura":"1 minuto"},"schema":{"@context":"https:\/\/schema.org","@graph":[{"@type":"WebPage","@id":"https:\/\/portalfadesp.org.br\/?page_id=1497","url":"https:\/\/portalfadesp.org.br\/?page_id=1497","name":"C\u00e2mara Municipal de Cana\u00e3 dos Caraj\u00e1s - 2014 - FADESP","isPartOf":{"@id":"https:\/\/portalfadesp.org.br\/#website"},"datePublished":"2014-05-22T07:50:05+00:00","dateModified":"2022-12-20T15:29:36+00:00","breadcrumb":{"@id":"https:\/\/portalfadesp.org.br\/?page_id=1497#breadcrumb"},"inLanguage":"pt-BR","potentialAction":[{"@type":"ReadAction","target":["https:\/\/portalfadesp.org.br\/?page_id=1497"]}]},{"@type":"BreadcrumbList","@id":"https:\/\/portalfadesp.org.br\/?page_id=1497#breadcrumb","itemListElement":[{"@type":"ListItem","position":1,"name":"In\u00edcio","item":"https:\/\/portalfadesp.org.br\/"},{"@type":"ListItem","position":2,"name":"Concursos &#8211; Homologados","item":"https:\/\/portalfadesp.org.br\/?page_id=329"},{"@type":"ListItem","position":3,"name":"C\u00e2mara Municipal de Cana\u00e3 dos Caraj\u00e1s &#8211; 2014"}]},{"@type":"WebSite","@id":"https:\/\/portalfadesp.org.br\/#website","url":"https:\/\/portalfadesp.org.br\/","name":"FADESP","description":"Funda\u00e7\u00e3o de Amparo e Desenvolvimento da Pesquisa","publisher":{"@id":"https:\/\/portalfadesp.org.br\/#organization"},"potentialAction":[{"@type":"SearchAction","target":{"@type":"EntryPoint","urlTemplate":"https:\/\/portalfadesp.org.br\/?s={search_term_string}"},"query-input":{"@type":"PropertyValueSpecification","valueRequired":true,"valueName":"search_term_string"}}],"inLanguage":"pt-BR"},{"@type":"Organization","@id":"https:\/\/portalfadesp.org.br\/#organization","name":"FADESP","url":"https:\/\/portalfadesp.org.br\/","logo":{"@type":"ImageObject","inLanguage":"pt-BR","@id":"https:\/\/portalfadesp.org.br\/#\/schema\/logo\/image\/","url":"https:\/\/portalfadesp.org.br\/wp-content\/uploads\/2024\/01\/NOVOLOGOFADESPlaranjaH.png","contentUrl":"https:\/\/portalfadesp.org.br\/wp-content\/uploads\/2024\/01\/NOVOLOGOFADESPlaranjaH.png","width":2742,"height":839,"caption":"FADESP"},"image":{"@id":"https:\/\/portalfadesp.org.br\/#\/schema\/logo\/image\/"},"sameAs":["https:\/\/www.facebook.com\/Fadesp-138351949524662\/","https:\/\/x.com\/Fadesp","https:\/\/www.instagram.com\/fadesp_ufpa\/","https:\/\/www.youtube.com\/@fundacaodeamparoedesenvolv1903","https:\/\/www.threads.net\/@fadesp_ufpa"]}]}},"_links":{"self":[{"href":"https:\/\/portalfadesp.org.br\/index.php?rest_route=\/wp\/v2\/pages\/1497","targetHints":{"allow":["GET"]}}],"collection":[{"href":"https:\/\/portalfadesp.org.br\/index.php?rest_route=\/wp\/v2\/pages"}],"about":[{"href":"https:\/\/portalfadesp.org.br\/index.php?rest_route=\/wp\/v2\/types\/page"}],"author":[{"embeddable":true,"href":"https:\/\/portalfadesp.org.br\/index.php?rest_route=\/wp\/v2\/users\/9"}],"replies":[{"embeddable":true,"href":"https:\/\/portalfadesp.org.br\/index.php?rest_route=%2Fwp%2Fv2%2Fcomments&post=1497"}],"version-history":[{"count":26,"href":"https:\/\/portalfadesp.org.br\/index.php?rest_route=\/wp\/v2\/pages\/1497\/revisions"}],"predecessor-version":[{"id":36654,"href":"https:\/\/portalfadesp.org.br\/index.php?rest_route=\/wp\/v2\/pages\/1497\/revisions\/36654"}],"up":[{"embeddable":true,"href":"https:\/\/portalfadesp.org.br\/index.php?rest_route=\/wp\/v2\/pages\/329"}],"wp:attachment":[{"href":"https:\/\/portalfadesp.org.br\/index.php?rest_route=%2Fwp%2Fv2%2Fmedia&parent=1497"}],"curies":[{"name":"wp","href":"https:\/\/api.w.org\/{rel}","templated":true}]}}