{"id":1496,"date":"2014-05-22T04:49:58","date_gmt":"2014-05-22T07:49:58","guid":{"rendered":"https:\/\/162.215.13.167?page_id=1496"},"modified":"2022-12-20T12:29:25","modified_gmt":"2022-12-20T15:29:25","slug":"prefeitura-municipal-de-parauapebas-2014","status":"publish","type":"page","link":"https:\/\/portalfadesp.org.br\/?page_id=1496","title":{"rendered":"Prefeitura Municipal de Parauapebas &#8211; 2014"},"content":{"rendered":"\t\t<div data-elementor-type=\"wp-post\" data-elementor-id=\"1496\" class=\"elementor elementor-1496\" data-elementor-post-type=\"page\">\n\t\t\t\t\t\t<section class=\"elementor-section elementor-top-section elementor-element elementor-element-7fd18fa0 elementor-section-boxed elementor-section-height-default elementor-section-height-default\" data-id=\"7fd18fa0\" data-element_type=\"section\">\n\t\t\t\t\t\t<div class=\"elementor-container elementor-column-gap-default\">\n\t\t\t\t\t<div class=\"elementor-column elementor-col-100 elementor-top-column elementor-element elementor-element-7d0d50e7\" data-id=\"7d0d50e7\" data-element_type=\"column\">\n\t\t\t<div class=\"elementor-widget-wrap elementor-element-populated\">\n\t\t\t\t\t\t<div class=\"elementor-element elementor-element-3970e27 elementor-widget elementor-widget-heading\" data-id=\"3970e27\" data-element_type=\"widget\" data-widget_type=\"heading.default\">\n\t\t\t\t<div class=\"elementor-widget-container\">\n\t\t\t\t\t<h1 class=\"elementor-heading-title elementor-size-default\">Prefeitura Municipal de Parauapebas - 2014\n<\/h1>\t\t\t\t<\/div>\n\t\t\t\t<\/div>\n\t\t\t\t<section class=\"elementor-section elementor-inner-section elementor-element elementor-element-40500cb2 elementor-section-boxed elementor-section-height-default elementor-section-height-default\" data-id=\"40500cb2\" data-element_type=\"section\">\n\t\t\t\t\t\t<div class=\"elementor-container elementor-column-gap-default\">\n\t\t\t\t\t<div class=\"elementor-column elementor-col-50 elementor-inner-column elementor-element elementor-element-6313748b\" data-id=\"6313748b\" data-element_type=\"column\">\n\t\t\t<div class=\"elementor-widget-wrap elementor-element-populated\">\n\t\t\t\t\t\t<div class=\"elementor-element elementor-element-792bd145 elementor-widget elementor-widget-text-editor\" data-id=\"792bd145\" data-element_type=\"widget\" data-widget_type=\"text-editor.default\">\n\t\t\t\t<div class=\"elementor-widget-container\">\n\t\t\t\t\t\t\t\t\t<p>A prefeitura de Parauapebas torna p\u00fablica a realiza\u00e7\u00e3o<br \/>de concurso p\u00fablico para o preenchimento de vagas de cargos de professores para o quadro\u00a0de pessoal efetivo de n\u00edvel superior.<\/p><p><strong>Vagas &#8211;\u00a0<\/strong>578<\/p><p><strong>Cargos &#8211;\u00a0<\/strong>professor de educa\u00e7\u00e3o b\u00e1sica I, professor de educa\u00e7\u00e3o b\u00e1sica II (professor licenciado pleno em Letras-L\u00edngua Portuguesa), professor de educa\u00e7\u00e3o b\u00e1sica II (professor licenciado pleno em Matem\u00e1tica), professor de educa\u00e7\u00e3o b\u00e1sica I e II (professor licenciado pleno em Educa\u00e7\u00e3o F\u00edsica), professor de educa\u00e7\u00e3o b\u00e1sica II (professor licenciado pleno em Ci\u00eancias-CFB), professor de educa\u00e7\u00e3o b\u00e1sica II (professor licenciado pleno em Hist\u00f3ria), professor de educa\u00e7\u00e3o b\u00e1sica II (professor licenciado pleno em Geografia), professor de educa\u00e7\u00e3o b\u00e1sica II (professor licenciado pleno em Arte), professor de educa\u00e7\u00e3o b\u00e1sica II (professor licenciado pleno em Ci\u00eancias da Religi\u00e3o &#8211; Ensino Religioso), professor de educa\u00e7\u00e3o b\u00e1sica II (professor licenciado pleno em Letras \/habilita\u00e7\u00e3o em L\u00edngua Estrangeira &#8211; Ingl\u00eas).<\/p><p><strong>Remunera\u00e7\u00e3o &#8211;\u00a0<\/strong>R$ 1.400,71 mais hora atividade.<\/p><p><strong>Inscri\u00e7\u00f5es &#8211;\u00a0<\/strong>21\/02\/14 a 10\/03\/14<\/p><p><strong>Taxa &#8211;\u00a0<\/strong>R$ 50,00<\/p><p><strong>Datas importantes<\/strong>:<\/p><p><strong>Inscri\u00e7\u00f5es<\/strong>\u00a0&#8211; 21\/02\/14 a 10\/03\/14.<\/p><p><strong>Pagamento da taxa de inscri\u00e7\u00e3o<\/strong>\u00a0&#8211; at\u00e9 11\/03\/14, em qualquer banco ou casa lot\u00e9rica.<\/p><p><strong>Impress\u00e3o do cart\u00e3o de confirma\u00e7\u00e3o<\/strong>\u00a0&#8211; 18\/03\/14 a 28\/03\/14.<\/p><p><strong>Prova<\/strong>\u00a0&#8211; 13\/04\/14, das 8h \u00e0s 12h (hor\u00e1rio de Bras\u00edlia).<\/p><p><strong>Resultado geral da prova objetiva &#8211;\u00a0<\/strong>08\/05\/14<strong><br \/><\/strong><\/p><p><strong>Grade de corre\u00e7\u00e3o da reda\u00e7\u00e3o<\/strong>\u00a0&#8211; 08\/05\/14<\/p><p><strong>Resultado da reda\u00e7\u00e3o &#8211;<\/strong>\u00a0a partir das 17h do dia 22\/05\/14<\/p>\t\t\t\t\t\t\t\t<\/div>\n\t\t\t\t<\/div>\n\t\t\t\t\t<\/div>\n\t\t<\/div>\n\t\t\t\t<div class=\"elementor-column elementor-col-50 elementor-inner-column elementor-element elementor-element-4c4928c7\" data-id=\"4c4928c7\" data-element_type=\"column\">\n\t\t\t<div class=\"elementor-widget-wrap elementor-element-populated\">\n\t\t\t\t\t\t<div class=\"elementor-element elementor-element-3f42543e elementor-widget elementor-widget-text-editor\" data-id=\"3f42543e\" data-element_type=\"widget\" data-widget_type=\"text-editor.default\">\n\t\t\t\t<div class=\"elementor-widget-container\">\n\t\t\t\t\t\t\t\t\t<p style=\"text-align: center;\"><span style=\"color: #ffffff;\"><strong>Avisos<\/strong><\/span><\/p>\t\t\t\t\t\t\t\t<\/div>\n\t\t\t\t<\/div>\n\t\t\t\t<div class=\"elementor-element elementor-element-71c14ff elementor-widget elementor-widget-text-editor\" data-id=\"71c14ff\" data-element_type=\"widget\" data-widget_type=\"text-editor.default\">\n\t\t\t\t<div class=\"elementor-widget-container\">\n\t\t\t\t\t\t\t\t\t<p style=\"text-align: center;\"><span style=\"color: #000000;\">Respostas dos Recursos da Soma e Desempate de Pontua\u00e7\u00e3o<\/span><span style=\"color: #dd6b3b;\"><strong> <a style=\"color: #dd6b3b;\" href=\"http:\/\/concursos.fadesp.org.br\/pmp2014\/web\/index_recurso.php\">(Dispon\u00edvel)<\/a><\/strong><\/span><\/p>\t\t\t\t\t\t\t\t<\/div>\n\t\t\t\t<\/div>\n\t\t\t\t<div class=\"elementor-element elementor-element-10f389 elementor-widget elementor-widget-text-editor\" data-id=\"10f389\" data-element_type=\"widget\" data-widget_type=\"text-editor.default\">\n\t\t\t\t<div class=\"elementor-widget-container\">\n\t\t\t\t\t\t\t\t\t<p style=\"text-align: center;\"><span style=\"color: #ffffff;\"><strong>Editais<\/strong><\/span><\/p>\t\t\t\t\t\t\t\t<\/div>\n\t\t\t\t<\/div>\n\t\t\t\t<div class=\"elementor-element elementor-element-68e9e3cc elementor-widget elementor-widget-text-editor\" data-id=\"68e9e3cc\" data-element_type=\"widget\" data-widget_type=\"text-editor.default\">\n\t\t\t\t<div class=\"elementor-widget-container\">\n\t\t\t\t\t\t\t\t\t<table width=\"64\">\n<tbody>\n<tr>\n<td width=\"64\"><strong><a href=\"http:\/\/concursos.fadesp.org.br\/pmp2014\/arquivos\/Resultado%20Final.pdf\">Homologa\u00e7\u00e3o do Resultado Final\u00a0<\/a><\/strong><\/td>\n<\/tr>\n<tr>\n<td><strong><a href=\"https:\/\/portalfadesp.org.br\/midias\/anexos\/262_retificacao_de_notas_de_titulos.pdf\">Retifica\u00e7\u00e3o de Notas de T\u00edtulos<\/a><\/strong><\/td>\n<\/tr>\n<tr>\n<td><strong><a href=\"http:\/\/concursos.fadesp.org.br\/pmp2014\/arquivos\/Resultado%20da%20Prova%20de%20Titulos.pdf\">Resultado da Prova de T\u00edtulos\u00a0<\/a><\/strong><\/td>\n<\/tr>\n<tr>\n<td><strong><a href=\"http:\/\/concursos.fadesp.org.br\/pmp2014\/arquivos\/formulariodeentrega.pdf\">Formul\u00e1rio de Entrega de Documentos da Prova de T\u00edtulos<\/a><\/strong><\/td>\n<\/tr>\n<tr>\n<td><strong><a href=\"http:\/\/concursos.fadesp.org.br\/pmp2014\/arquivos\/Resultado%20da%20Prova%20de%20Titulos%20-%20Retificado.pdf\">Edital de Convoca\u00e7\u00e3o a Prova de T\u00edtulos Retificado<\/a><\/strong><\/td>\n<\/tr>\n<tr>\n<td><strong><a href=\"http:\/\/concursos.fadesp.org.br\/pmp2014\/arquivos\/resultadofinal.pdf\">Resultado Final das Provas Objetiva\/Reda\u00e7\u00e3o<\/a><\/strong><\/td>\n<\/tr>\n<tr>\n<td><strong><a href=\"http:\/\/concursos.fadesp.org.br\/pmp2014\/arquivos\/Anexo%20sem%20t%C3%ADtulo%2000200.pdf\">Retifica\u00e7\u00e3o de Nota da Reda\u00e7\u00e3o<\/a><\/strong><\/td>\n<\/tr>\n<tr>\n<td><strong><a href=\"http:\/\/concursos.fadesp.org.br\/pmp2014\/arquivos\/Resultado%20da%20Prova%20de%20Reda%C3%A7%C3%A3o.pdf\">Resultado da Prova de Reda\u00e7\u00e3o<\/a><\/strong><\/td>\n<\/tr>\n<tr>\n<td><strong><a href=\"http:\/\/concursos.fadesp.org.br\/pmp2014\/arquivos\/Resultado%20Geral%20da%20Prova%20Objetiva.pdf\">Resultado Geral da Prova Objetiva<\/a><\/strong><\/td>\n<\/tr>\n<tr>\n<td><strong><a href=\"http:\/\/concursos.fadesp.org.br\/pmp2014\/arquivos\/Grade%20de%20Corre%C3%A7%C3%A3o%20da%20Reda%C3%A7%C3%A3o.pdf\">Grade de Corre\u00e7\u00e3o da Reda\u00e7\u00e3o<\/a><\/strong><\/td>\n<\/tr>\n<tr>\n<td><strong><a href=\"http:\/\/concursos.fadesp.org.br\/pmp2014\/arquivos\/Retifica%C3%A7%C3%A3o%20do%20Gabarito%20Oficial%20Definitivo_Prof%20Artes%20-%20DIA%2013.04.pdf\">Retifica\u00e7\u00e3o do Gabarito Oficial Definitivo &#8211; Prof Artes\u00a0<\/a><\/strong><\/td>\n<\/tr>\n<tr>\n<td><strong><a href=\"http:\/\/concursos.fadesp.org.br\/pmp2014\/arquivos\/Gabarito%20Oficial%20Definitivo%20-%20DIA%2013.04.2014.pdf\">Gabarito Oficial Definitivo &#8211; 13\/04\/2014<\/a><\/strong><\/td>\n<\/tr>\n<tr>\n<td><strong><a href=\"http:\/\/concursos.fadesp.org.br\/pmp2014\/arquivos\/Gabarito%20Oficial%20Preliminar%20-%20DIA%2013.04.2014.pdf\">Gabarito Oficial Preliminar &#8211; 13\/04\/2014<\/a><\/strong><\/td>\n<\/tr>\n<tr>\n<td><strong><a href=\"http:\/\/concursos.fadesp.org.br\/pmp2014\/arquivos\/Provas\/Provas.html\">Provas &#8211; Dia 13\/04\/2014<\/a><\/strong><\/td>\n<\/tr>\n<tr>\n<td><strong><a href=\"http:\/\/concursos.fadesp.org.br\/pmp2014\/arquivos\/Formul%C3%A1rio%20de%20Portador%20de%20Defici%C3%AAncia.pdf\">Formul\u00e1rio de Portador de Defici\u00eancia<\/a><\/strong><\/td>\n<\/tr>\n<tr>\n<td><strong><a href=\"http:\/\/concursos.fadesp.org.br\/pmp2014\/arquivos\/Tabela%20de%20Cargos.pdf\">Tabela de Cargos<\/a><\/strong><\/td>\n<\/tr>\n<tr>\n<td><strong><a href=\"http:\/\/concursos.fadesp.org.br\/pmp2014\/arquivos\/Edital%20n%C2%B0%2001_2014_PMP.pdf\">Edital n\u00ba01\/2014<\/a><\/strong><\/td>\n<\/tr>\n<\/tbody>\n<\/table>\t\t\t\t\t\t\t\t<\/div>\n\t\t\t\t<\/div>\n\t\t\t\t\t<\/div>\n\t\t<\/div>\n\t\t\t\t\t<\/div>\n\t\t<\/section>\n\t\t\t\t\t<\/div>\n\t\t<\/div>\n\t\t\t\t\t<\/div>\n\t\t<\/section>\n\t\t\t\t<\/div>\n\t\t","protected":false},"excerpt":{"rendered":"<p>Prefeitura Municipal de Parauapebas &#8211; 2014 A prefeitura de Parauapebas torna p\u00fablica a realiza\u00e7\u00e3ode concurso p\u00fablico para o preenchimento de vagas de cargos de professores para o quadro\u00a0de pessoal efetivo de n\u00edvel superior. Vagas &#8211;\u00a0578 Cargos &#8211;\u00a0professor de educa\u00e7\u00e3o b\u00e1sica I, professor de educa\u00e7\u00e3o b\u00e1sica II (professor licenciado pleno em Letras-L\u00edngua Portuguesa), professor de educa\u00e7\u00e3o [&hellip;]<\/p>\n","protected":false},"author":9,"featured_media":0,"parent":329,"menu_order":55,"comment_status":"closed","ping_status":"closed","template":"","meta":{"_monsterinsights_skip_tracking":false,"_monsterinsights_sitenote_active":false,"_monsterinsights_sitenote_note":"","_monsterinsights_sitenote_category":0,"footnotes":""},"class_list":["post-1496","page","type-page","status-publish","hentry","entry"],"yoast_head":"<!-- This site is optimized with the Yoast SEO plugin v25.1 - https:\/\/yoast.com\/wordpress\/plugins\/seo\/ -->\n<title>Prefeitura Municipal de Parauapebas - 2014 - FADESP<\/title>\n<meta name=\"robots\" content=\"index, follow, max-snippet:-1, max-image-preview:large, max-video-preview:-1\" \/>\n<link rel=\"canonical\" href=\"https:\/\/portalfadesp.org.br\/?page_id=1496\" \/>\n<meta property=\"og:locale\" content=\"pt_BR\" \/>\n<meta property=\"og:type\" content=\"article\" \/>\n<meta property=\"og:title\" content=\"Prefeitura Municipal de Parauapebas - 2014 - FADESP\" \/>\n<meta property=\"og:description\" content=\"Prefeitura Municipal de Parauapebas &#8211; 2014 A prefeitura de Parauapebas torna p\u00fablica a realiza\u00e7\u00e3ode concurso p\u00fablico para o preenchimento de vagas de cargos de professores para o quadro\u00a0de pessoal efetivo de n\u00edvel superior. Vagas &#8211;\u00a0578 Cargos &#8211;\u00a0professor de educa\u00e7\u00e3o b\u00e1sica I, professor de educa\u00e7\u00e3o b\u00e1sica II (professor licenciado pleno em Letras-L\u00edngua Portuguesa), professor de educa\u00e7\u00e3o [&hellip;]\" \/>\n<meta property=\"og:url\" content=\"https:\/\/portalfadesp.org.br\/?page_id=1496\" \/>\n<meta property=\"og:site_name\" content=\"FADESP\" \/>\n<meta property=\"article:publisher\" content=\"https:\/\/www.facebook.com\/Fadesp-138351949524662\/\" \/>\n<meta property=\"article:modified_time\" content=\"2022-12-20T15:29:25+00:00\" \/>\n<meta name=\"twitter:card\" content=\"summary_large_image\" \/>\n<meta name=\"twitter:site\" content=\"@Fadesp\" \/>\n<meta name=\"twitter:label1\" content=\"Est. tempo de leitura\" \/>\n\t<meta name=\"twitter:data1\" content=\"2 minutos\" \/>\n<script type=\"application\/ld+json\" class=\"yoast-schema-graph\">{\"@context\":\"https:\/\/schema.org\",\"@graph\":[{\"@type\":\"WebPage\",\"@id\":\"https:\/\/portalfadesp.org.br\/?page_id=1496\",\"url\":\"https:\/\/portalfadesp.org.br\/?page_id=1496\",\"name\":\"Prefeitura Municipal de Parauapebas - 2014 - FADESP\",\"isPartOf\":{\"@id\":\"https:\/\/portalfadesp.org.br\/#website\"},\"datePublished\":\"2014-05-22T07:49:58+00:00\",\"dateModified\":\"2022-12-20T15:29:25+00:00\",\"breadcrumb\":{\"@id\":\"https:\/\/portalfadesp.org.br\/?page_id=1496#breadcrumb\"},\"inLanguage\":\"pt-BR\",\"potentialAction\":[{\"@type\":\"ReadAction\",\"target\":[\"https:\/\/portalfadesp.org.br\/?page_id=1496\"]}]},{\"@type\":\"BreadcrumbList\",\"@id\":\"https:\/\/portalfadesp.org.br\/?page_id=1496#breadcrumb\",\"itemListElement\":[{\"@type\":\"ListItem\",\"position\":1,\"name\":\"In\u00edcio\",\"item\":\"https:\/\/portalfadesp.org.br\/\"},{\"@type\":\"ListItem\",\"position\":2,\"name\":\"Concursos &#8211; Homologados\",\"item\":\"https:\/\/portalfadesp.org.br\/?page_id=329\"},{\"@type\":\"ListItem\",\"position\":3,\"name\":\"Prefeitura Municipal de Parauapebas &#8211; 2014\"}]},{\"@type\":\"WebSite\",\"@id\":\"https:\/\/portalfadesp.org.br\/#website\",\"url\":\"https:\/\/portalfadesp.org.br\/\",\"name\":\"FADESP\",\"description\":\"Funda\u00e7\u00e3o de Amparo e Desenvolvimento da Pesquisa\",\"publisher\":{\"@id\":\"https:\/\/portalfadesp.org.br\/#organization\"},\"potentialAction\":[{\"@type\":\"SearchAction\",\"target\":{\"@type\":\"EntryPoint\",\"urlTemplate\":\"https:\/\/portalfadesp.org.br\/?s={search_term_string}\"},\"query-input\":{\"@type\":\"PropertyValueSpecification\",\"valueRequired\":true,\"valueName\":\"search_term_string\"}}],\"inLanguage\":\"pt-BR\"},{\"@type\":\"Organization\",\"@id\":\"https:\/\/portalfadesp.org.br\/#organization\",\"name\":\"FADESP\",\"url\":\"https:\/\/portalfadesp.org.br\/\",\"logo\":{\"@type\":\"ImageObject\",\"inLanguage\":\"pt-BR\",\"@id\":\"https:\/\/portalfadesp.org.br\/#\/schema\/logo\/image\/\",\"url\":\"https:\/\/portalfadesp.org.br\/wp-content\/uploads\/2024\/01\/NOVOLOGOFADESPlaranjaH.png\",\"contentUrl\":\"https:\/\/portalfadesp.org.br\/wp-content\/uploads\/2024\/01\/NOVOLOGOFADESPlaranjaH.png\",\"width\":2742,\"height\":839,\"caption\":\"FADESP\"},\"image\":{\"@id\":\"https:\/\/portalfadesp.org.br\/#\/schema\/logo\/image\/\"},\"sameAs\":[\"https:\/\/www.facebook.com\/Fadesp-138351949524662\/\",\"https:\/\/x.com\/Fadesp\",\"https:\/\/www.instagram.com\/fadesp_ufpa\/\",\"https:\/\/www.youtube.com\/@fundacaodeamparoedesenvolv1903\",\"https:\/\/www.threads.net\/@fadesp_ufpa\"]}]}<\/script>\n<!-- \/ Yoast SEO plugin. -->","yoast_head_json":{"title":"Prefeitura Municipal de Parauapebas - 2014 - FADESP","robots":{"index":"index","follow":"follow","max-snippet":"max-snippet:-1","max-image-preview":"max-image-preview:large","max-video-preview":"max-video-preview:-1"},"canonical":"https:\/\/portalfadesp.org.br\/?page_id=1496","og_locale":"pt_BR","og_type":"article","og_title":"Prefeitura Municipal de Parauapebas - 2014 - FADESP","og_description":"Prefeitura Municipal de Parauapebas &#8211; 2014 A prefeitura de Parauapebas torna p\u00fablica a realiza\u00e7\u00e3ode concurso p\u00fablico para o preenchimento de vagas de cargos de professores para o quadro\u00a0de pessoal efetivo de n\u00edvel superior. Vagas &#8211;\u00a0578 Cargos &#8211;\u00a0professor de educa\u00e7\u00e3o b\u00e1sica I, professor de educa\u00e7\u00e3o b\u00e1sica II (professor licenciado pleno em Letras-L\u00edngua Portuguesa), professor de educa\u00e7\u00e3o [&hellip;]","og_url":"https:\/\/portalfadesp.org.br\/?page_id=1496","og_site_name":"FADESP","article_publisher":"https:\/\/www.facebook.com\/Fadesp-138351949524662\/","article_modified_time":"2022-12-20T15:29:25+00:00","twitter_card":"summary_large_image","twitter_site":"@Fadesp","twitter_misc":{"Est. tempo de leitura":"2 minutos"},"schema":{"@context":"https:\/\/schema.org","@graph":[{"@type":"WebPage","@id":"https:\/\/portalfadesp.org.br\/?page_id=1496","url":"https:\/\/portalfadesp.org.br\/?page_id=1496","name":"Prefeitura Municipal de Parauapebas - 2014 - FADESP","isPartOf":{"@id":"https:\/\/portalfadesp.org.br\/#website"},"datePublished":"2014-05-22T07:49:58+00:00","dateModified":"2022-12-20T15:29:25+00:00","breadcrumb":{"@id":"https:\/\/portalfadesp.org.br\/?page_id=1496#breadcrumb"},"inLanguage":"pt-BR","potentialAction":[{"@type":"ReadAction","target":["https:\/\/portalfadesp.org.br\/?page_id=1496"]}]},{"@type":"BreadcrumbList","@id":"https:\/\/portalfadesp.org.br\/?page_id=1496#breadcrumb","itemListElement":[{"@type":"ListItem","position":1,"name":"In\u00edcio","item":"https:\/\/portalfadesp.org.br\/"},{"@type":"ListItem","position":2,"name":"Concursos &#8211; Homologados","item":"https:\/\/portalfadesp.org.br\/?page_id=329"},{"@type":"ListItem","position":3,"name":"Prefeitura Municipal de Parauapebas &#8211; 2014"}]},{"@type":"WebSite","@id":"https:\/\/portalfadesp.org.br\/#website","url":"https:\/\/portalfadesp.org.br\/","name":"FADESP","description":"Funda\u00e7\u00e3o de Amparo e Desenvolvimento da Pesquisa","publisher":{"@id":"https:\/\/portalfadesp.org.br\/#organization"},"potentialAction":[{"@type":"SearchAction","target":{"@type":"EntryPoint","urlTemplate":"https:\/\/portalfadesp.org.br\/?s={search_term_string}"},"query-input":{"@type":"PropertyValueSpecification","valueRequired":true,"valueName":"search_term_string"}}],"inLanguage":"pt-BR"},{"@type":"Organization","@id":"https:\/\/portalfadesp.org.br\/#organization","name":"FADESP","url":"https:\/\/portalfadesp.org.br\/","logo":{"@type":"ImageObject","inLanguage":"pt-BR","@id":"https:\/\/portalfadesp.org.br\/#\/schema\/logo\/image\/","url":"https:\/\/portalfadesp.org.br\/wp-content\/uploads\/2024\/01\/NOVOLOGOFADESPlaranjaH.png","contentUrl":"https:\/\/portalfadesp.org.br\/wp-content\/uploads\/2024\/01\/NOVOLOGOFADESPlaranjaH.png","width":2742,"height":839,"caption":"FADESP"},"image":{"@id":"https:\/\/portalfadesp.org.br\/#\/schema\/logo\/image\/"},"sameAs":["https:\/\/www.facebook.com\/Fadesp-138351949524662\/","https:\/\/x.com\/Fadesp","https:\/\/www.instagram.com\/fadesp_ufpa\/","https:\/\/www.youtube.com\/@fundacaodeamparoedesenvolv1903","https:\/\/www.threads.net\/@fadesp_ufpa"]}]}},"_links":{"self":[{"href":"https:\/\/portalfadesp.org.br\/index.php?rest_route=\/wp\/v2\/pages\/1496","targetHints":{"allow":["GET"]}}],"collection":[{"href":"https:\/\/portalfadesp.org.br\/index.php?rest_route=\/wp\/v2\/pages"}],"about":[{"href":"https:\/\/portalfadesp.org.br\/index.php?rest_route=\/wp\/v2\/types\/page"}],"author":[{"embeddable":true,"href":"https:\/\/portalfadesp.org.br\/index.php?rest_route=\/wp\/v2\/users\/9"}],"replies":[{"embeddable":true,"href":"https:\/\/portalfadesp.org.br\/index.php?rest_route=%2Fwp%2Fv2%2Fcomments&post=1496"}],"version-history":[{"count":33,"href":"https:\/\/portalfadesp.org.br\/index.php?rest_route=\/wp\/v2\/pages\/1496\/revisions"}],"predecessor-version":[{"id":36648,"href":"https:\/\/portalfadesp.org.br\/index.php?rest_route=\/wp\/v2\/pages\/1496\/revisions\/36648"}],"up":[{"embeddable":true,"href":"https:\/\/portalfadesp.org.br\/index.php?rest_route=\/wp\/v2\/pages\/329"}],"wp:attachment":[{"href":"https:\/\/portalfadesp.org.br\/index.php?rest_route=%2Fwp%2Fv2%2Fmedia&parent=1496"}],"curies":[{"name":"wp","href":"https:\/\/api.w.org\/{rel}","templated":true}]}}