{"id":1495,"date":"2014-05-22T04:50:01","date_gmt":"2014-05-22T07:50:01","guid":{"rendered":"https:\/\/162.215.13.167?page_id=1495"},"modified":"2022-12-20T12:29:31","modified_gmt":"2022-12-20T15:29:31","slug":"prefeitura-de-belterra-2014","status":"publish","type":"page","link":"https:\/\/portalfadesp.org.br\/?page_id=1495","title":{"rendered":"Prefeitura Municipal de Belterra &#8211; 2014"},"content":{"rendered":"\t\t<div data-elementor-type=\"wp-post\" data-elementor-id=\"1495\" class=\"elementor elementor-1495\" data-elementor-post-type=\"page\">\n\t\t\t\t\t\t<section class=\"elementor-section elementor-top-section elementor-element elementor-element-314f4873 elementor-section-boxed elementor-section-height-default elementor-section-height-default\" data-id=\"314f4873\" data-element_type=\"section\">\n\t\t\t\t\t\t<div class=\"elementor-container elementor-column-gap-default\">\n\t\t\t\t\t<div class=\"elementor-column elementor-col-100 elementor-top-column elementor-element elementor-element-39df6900\" data-id=\"39df6900\" data-element_type=\"column\">\n\t\t\t<div class=\"elementor-widget-wrap elementor-element-populated\">\n\t\t\t\t\t\t<div class=\"elementor-element elementor-element-e10a814 elementor-widget elementor-widget-heading\" data-id=\"e10a814\" data-element_type=\"widget\" data-widget_type=\"heading.default\">\n\t\t\t\t<div class=\"elementor-widget-container\">\n\t\t\t\t\t<h1 class=\"elementor-heading-title elementor-size-default\">Prefeitura de Belterra - 2014\n<\/h1>\t\t\t\t<\/div>\n\t\t\t\t<\/div>\n\t\t\t\t<section class=\"elementor-section elementor-inner-section elementor-element elementor-element-71fab78a elementor-section-boxed elementor-section-height-default elementor-section-height-default\" data-id=\"71fab78a\" data-element_type=\"section\">\n\t\t\t\t\t\t<div class=\"elementor-container elementor-column-gap-default\">\n\t\t\t\t\t<div class=\"elementor-column elementor-col-50 elementor-inner-column elementor-element elementor-element-2a54d63b\" data-id=\"2a54d63b\" data-element_type=\"column\">\n\t\t\t<div class=\"elementor-widget-wrap elementor-element-populated\">\n\t\t\t\t\t\t<div class=\"elementor-element elementor-element-22e72450 elementor-widget elementor-widget-text-editor\" data-id=\"22e72450\" data-element_type=\"widget\" data-widget_type=\"text-editor.default\">\n\t\t\t\t<div class=\"elementor-widget-container\">\n\t\t\t\t\t\t\t\t\t<p>A Prefeitura de Belterra, no uso de suas atribui\u00e7\u00f5es, torna p\u00fablica a realiza\u00e7\u00e3o de Concurso P\u00fablico destinado ao preenchimento de vagas para o quadro de pessoal efetivo de n\u00edvel superior, m\u00e9dio e fundamental completo, mediante as condi\u00e7\u00f5es estabelecidas neste edital.<\/p><p><strong>Vagas &#8211;\u00a0<\/strong>347<\/p><p><strong>Cargos &#8211;\u00a0<\/strong>N\u00edvel fundamental completo: Vigia e Servi\u00e7os Gerais.<\/p><p>N\u00edvel m\u00e9dio: Agente Administrativo, Auxiliar Administrativo, Motorista (categorias: B, AB e D), T\u00e9cnico Agr\u00edcola, Mec\u00e2nico, Apoio Operacional Semed, Auxiliar de Secretaria, T\u00e9cnico de Enfermagem, T\u00e9cnico de sa\u00fade Bucal, T\u00e9cnico em Radiologia, T\u00e9cnico em Biodiagn\u00f3stico,<\/p><p>N\u00edvel superior: Fiscal de Tributos, Agr\u00f4nomo, Psic\u00f3logo, Assistente Social, Bi\u00f3logo, Agente de Vigil\u00e2ncia Ambiental, Professor Licenciado Pleno &#8211; L\u00edngua Portuguesa, Professor Licenciado Pleno &#8211; Geografia, Professor Licenciado Pleno &#8211; Hist\u00f3ria, Professor Licenciado Pleno &#8211; Mat\u00e9m\u00e1tica, Professor Licenciado Pleno &#8211; Ci\u00eancias, Professor Licenciado Pleno &#8211; Educa\u00e7\u00e3o F\u00edsica, Professor de Educa\u00e7\u00e3o Geral e S\u00e9ries\/Anos Iniciais, Coordenador Pedag\u00f3gico, Secret\u00e1rio Escolar, M\u00e9dico Cl\u00ednico Geral, Fisiotepeuta, Odont\u00f3logo, Enfermeiro, Farmac\u00eautico e Nutricionista.<\/p><p><strong>Remunera\u00e7\u00e3o &#8211;\u00a0<\/strong>R$724,00 e $3.500,00<\/p><p><strong>Inscri\u00e7\u00f5es &#8211;\u00a0<\/strong>On Line: 17\/03\/14 a 05\/05\/14<\/p><p>\u00a0\u00a0\u00a0\u00a0\u00a0\u00a0\u00a0\u00a0\u00a0\u00a0\u00a0\u00a0\u00a0\u00a0\u00a0\u00a0\u00a0\u00a0\u00a0\u00a0\u00a0 Presencial: 14\/04\/14 a 17\/04\/14<\/p><p><strong>Taxa &#8211;\u00a0<\/strong>R$ 45,00 (de n\u00edvel fundamental completo), R$ 50,00 (n\u00edvel m\u00e9dio) e R$ 60,00 (n\u00edvel superior).<\/p><p><strong>Datas importantes<\/strong>:<\/p><p>Per\u00edodo de Inscri\u00e7\u00e3o &#8211; On Line: 17\/03\/14 a 05\/05\/14<\/p><p>\u00a0\u00a0\u00a0\u00a0\u00a0\u00a0\u00a0\u00a0\u00a0\u00a0\u00a0\u00a0\u00a0\u00a0\u00a0\u00a0\u00a0\u00a0\u00a0\u00a0\u00a0\u00a0\u00a0\u00a0\u00a0\u00a0\u00a0\u00a0\u00a0\u00a0\u00a0\u00a0\u00a0\u00a0\u00a0 Presencial: 14\/04\/14 a 17\/04\/14<\/p><p>Formul\u00e1rio PcD &#8211; On Line: 17\/03\/14 a 05\/05\/14<\/p><p>\u00a0\u00a0\u00a0\u00a0\u00a0\u00a0\u00a0\u00a0\u00a0\u00a0\u00a0\u00a0\u00a0\u00a0\u00a0\u00a0\u00a0\u00a0\u00a0\u00a0\u00a0\u00a0\u00a0\u00a0\u00a0\u00a0\u00a0\u00a0\u00a0 Presencial: 14\/04\/14 a 17\/04\/14<\/p><p>Cart\u00e3o de Inscri\u00e7\u00e3o &#8211; 09 a 11\/05\/14 (on line e presencial)<\/p><p>Cart\u00e3o corrigido \/ on line &#8211; 09 a 11\/05\/14<\/p><p>Cart\u00e3o corrigido \/ presencial &#8211; 16 a 17\/05\/14<\/p><p>Data da Prova Objetiva &#8211; 18\/05\/14<\/p>\t\t\t\t\t\t\t\t<\/div>\n\t\t\t\t<\/div>\n\t\t\t\t\t<\/div>\n\t\t<\/div>\n\t\t\t\t<div class=\"elementor-column elementor-col-50 elementor-inner-column elementor-element elementor-element-35b93b70\" data-id=\"35b93b70\" data-element_type=\"column\">\n\t\t\t<div class=\"elementor-widget-wrap elementor-element-populated\">\n\t\t\t\t\t\t<div class=\"elementor-element elementor-element-622a968b elementor-widget elementor-widget-text-editor\" data-id=\"622a968b\" data-element_type=\"widget\" data-widget_type=\"text-editor.default\">\n\t\t\t\t<div class=\"elementor-widget-container\">\n\t\t\t\t\t\t\t\t\t<p style=\"text-align: center;\"><span style=\"color: #ffffff;\"><strong>Editais e Avisos<\/strong><\/span><\/p>\t\t\t\t\t\t\t\t<\/div>\n\t\t\t\t<\/div>\n\t\t\t\t<div class=\"elementor-element elementor-element-2484b5bd elementor-widget elementor-widget-text-editor\" data-id=\"2484b5bd\" data-element_type=\"widget\" data-widget_type=\"text-editor.default\">\n\t\t\t\t<div class=\"elementor-widget-container\">\n\t\t\t\t\t\t\t\t\t<table width=\"80\">\n<tbody>\n<tr>\n<td width=\"80\"><strong><a href=\"http:\/\/concursos.fadesp.org.br\/pmb2014\/arquivos\/Homologa%C3%A7%C3%A3o%20do%20Resultado%20Final.pdf\">Homologa\u00e7\u00e3o do Resultado Final\u00a0<\/a><\/strong><\/td>\n<\/tr>\n<tr>\n<td><strong><a href=\"http:\/\/concursos.fadesp.org.br\/pmb2014\/arquivos\/Resultado%20dos%20Cargos%20de%20Professor.pdf\">\u00a0Resultado dos Cargos de Professor<\/a><\/strong><\/td>\n<\/tr>\n<tr>\n<td><strong><a href=\"http:\/\/concursos.fadesp.org.br\/pmb2014\/arquivos\/%20%20%20%20%20Retifica%C3%A7%C3%A3o%20de%20nota%20da%20prova%20de%20t%C3%ADtulos.pdf\">Retifica\u00e7\u00e3o de Nota da Prova de T\u00edtulos<\/a><\/strong><\/td>\n<\/tr>\n<tr>\n<td><strong><a href=\"http:\/\/concursos.fadesp.org.br\/pmb2014\/arquivos\/Resultado%20da%20Prova%20de%20%20%20%20%20%20T%C3%ADtulos.pdf\">Resultado da Prova de T\u00edtulos\u00a0<\/a><\/strong><\/td>\n<\/tr>\n<tr>\n<td><strong><a href=\"http:\/\/concursos.fadesp.org.br\/pmb2014\/arquivos\/Formul%C3%A1rio%20de%20Entrega%20de%20T%C3%ADtulos.pdf\">Formul\u00e1rio de Entrega de T\u00edtulos<\/a><\/strong><\/td>\n<\/tr>\n<tr>\n<td><strong><a href=\"http:\/\/concursos.fadesp.org.br\/pmb2014\/arquivos\/Edital%20%20n%C2%B0%2003_2014_Convoca%C3%A7%C3%A3o%20a%20Prova%20de%20T%C3%ADtulos.pdf\">Edital \u00a0n\u00b0 03_2014_Convoca\u00e7\u00e3o a Prova de T\u00edtulos<\/a><\/strong><\/td>\n<\/tr>\n<tr>\n<td><strong><a href=\"http:\/\/concursos.fadesp.org.br\/pmb2014\/arquivos\/Resultado%20da%20Objetiva%20e%20%20%20%20%20%20Reda%C3%A7%C3%A3o%20-%20Nivel%20M%C3%A9dio%20e%20Superior.pdf\">Resultado da Prova Objetiva e Reda\u00e7\u00e3o &#8211; N\u00edvel M\u00e9dio e Superior<\/a><\/strong><\/td>\n<\/tr>\n<tr>\n<td><strong><a href=\"http:\/\/concursos.fadesp.org.br\/pmb2014\/arquivos\/Resultado%20de%20Reda%C3%A7%C3%A3o%20de%20Belterra.pdf\">Resultado da Reda\u00e7\u00e3o<\/a><\/strong><\/td>\n<\/tr>\n<tr>\n<td><strong><a href=\"http:\/\/concursos.fadesp.org.br\/pmb2014\/arquivos\/retificacao_resultado.pdf\">Retifica\u00e7\u00e3o do Resultado Geral &#8211; T\u00e9cnico em Radiologia<\/a><\/strong><\/td>\n<\/tr>\n<tr>\n<td><strong><a href=\"http:\/\/concursos.fadesp.org.br\/pmb2014\/arquivos\/retificacao_gabarito.pdf\">Retifica\u00e7\u00e3o do Gabarito &#8211; T\u00e9cnico em Radiologia<\/a><\/strong><\/td>\n<\/tr>\n<tr>\n<td><strong><a href=\"http:\/\/concursos.fadesp.org.br\/pmb2014\/arquivos\/Anexo%20sem%20t%C3%ADtulo%2000031.pdf\">Grade de Corre\u00e7\u00e3o de Reda\u00e7\u00e3o<\/a><\/strong><\/td>\n<\/tr>\n<tr>\n<td><strong><a href=\"http:\/\/concursos.fadesp.org.br\/pmb2014\/arquivos\/Resultado%20Geral%20da%20Prova%20Objetiva.pdf\">Resultado Geral da Prova Objetiva<\/a><\/strong><\/td>\n<\/tr>\n<tr>\n<td><strong><a href=\"http:\/\/concursos.fadesp.org.br\/pmb2014\/arquivos\/Gabarito%20Oficial%20Definitivo%20-%20DIA%2025.05.2014.pdf\">Gabarito Oficial Definitivo &#8211; DIA 25.05.2014\u00a0<\/a><\/strong><\/td>\n<\/tr>\n<tr>\n<td><strong><a href=\"http:\/\/concursos.fadesp.org.br\/pmb2014\/arquivos\/Gabarito%20Oficial%20Definitivo_DIA%2018.05.2014.pdf\">Gabarito Oficial Definitivo &#8211; 18\/05\/2014<\/a><\/strong><\/td>\n<\/tr>\n<tr>\n<td><strong><a href=\"http:\/\/concursos.fadesp.org.br\/pmb2014\/arquivos\/Gabarito%20Oficial%20Preliminar%20-%20DIA%2025.05.2014.pdf\">Gabarito Oficial Preliminar &#8211; Dia 25\/05\/2014\u00a0<\/a><\/strong><\/td>\n<\/tr>\n<tr>\n<td><strong><a href=\"http:\/\/concursos.fadesp.org.br\/pmb2014\/arquivos\/Gabarito%20Oficial%20Preliminar%20-%20DIA%2018.05.2014.pdf\">Gabarito Oficial Preliminar &#8211; Dia 18\/05\/2014<\/a><\/strong><\/td>\n<\/tr>\n<tr>\n<td><strong><a href=\"http:\/\/concursos.fadesp.org.br\/pmb2014\/arquivos\/Aviso%20-%20Datas%20das%20Provas%20Objetivas.pdf\">Aviso &#8211; Data das Provas Objetivas<\/a><\/strong><\/td>\n<\/tr>\n<tr>\n<td><strong><a href=\"http:\/\/concursos.fadesp.org.br\/pmb2014\/arquivos\/Edital2.pdf\">Edital n\u00b0 02\/2014 PMB &#8211; Retifica\u00e7\u00e3o na Data das Provas<\/a><\/strong><\/td>\n<\/tr>\n<tr>\n<td><strong><a href=\"http:\/\/concursos.fadesp.org.br\/pmb2014\/arquivos\/Aviso%20sobre%20a%20escolha%20do%20POLO%20%20%20%20%20%20espec%C3%ADfico%20a%20concorrer.pdf\">\u00a0Aviso Sobre a Escolha do Polo Espec\u00edfico a Concorrer<\/a><\/strong><\/td>\n<\/tr>\n<tr>\n<td><strong><a href=\"http:\/\/concursos.fadesp.org.br\/pmb2014\/arquivos\/Formul%C3%A1rio%20de%20Portador%20de%20Defici%C3%AAncia.pdf\">Formul\u00e1rio de Portador de Defici\u00eancia<\/a><\/strong><\/td>\n<\/tr>\n<tr>\n<td><strong><a href=\"http:\/\/concursos.fadesp.org.br\/pmb2014\/arquivos\/Tabela%20de%20Cargos%20Republicada.pdf\">Tabela de Cargos Republicada<\/a><\/strong><\/td>\n<\/tr>\n<tr>\n<td><strong><a href=\"http:\/\/concursos.fadesp.org.br\/pmb2014\/arquivos\/Edital%20n%C2%B0%2001_2014_PMB%20-%20Republicado.pdf\">Edital n\u00ba01\/2014 &#8211; Republicado<\/a><\/strong><\/td>\n<\/tr>\n<\/tbody>\n<\/table>\t\t\t\t\t\t\t\t<\/div>\n\t\t\t\t<\/div>\n\t\t\t\t\t<\/div>\n\t\t<\/div>\n\t\t\t\t\t<\/div>\n\t\t<\/section>\n\t\t\t\t\t<\/div>\n\t\t<\/div>\n\t\t\t\t\t<\/div>\n\t\t<\/section>\n\t\t\t\t<\/div>\n\t\t","protected":false},"excerpt":{"rendered":"<p>Prefeitura de Belterra &#8211; 2014 A Prefeitura de Belterra, no uso de suas atribui\u00e7\u00f5es, torna p\u00fablica a realiza\u00e7\u00e3o de Concurso P\u00fablico destinado ao preenchimento de vagas para o quadro de pessoal efetivo de n\u00edvel superior, m\u00e9dio e fundamental completo, mediante as condi\u00e7\u00f5es estabelecidas neste edital. Vagas &#8211;\u00a0347 Cargos &#8211;\u00a0N\u00edvel fundamental completo: Vigia e Servi\u00e7os Gerais. [&hellip;]<\/p>\n","protected":false},"author":9,"featured_media":0,"parent":329,"menu_order":55,"comment_status":"closed","ping_status":"closed","template":"","meta":{"_monsterinsights_skip_tracking":false,"_monsterinsights_sitenote_active":false,"_monsterinsights_sitenote_note":"","_monsterinsights_sitenote_category":0,"footnotes":""},"class_list":["post-1495","page","type-page","status-publish","hentry","entry"],"yoast_head":"<!-- This site is optimized with the Yoast SEO plugin v25.1 - https:\/\/yoast.com\/wordpress\/plugins\/seo\/ -->\n<title>Prefeitura Municipal de Belterra - 2014 - FADESP<\/title>\n<meta name=\"robots\" content=\"index, follow, max-snippet:-1, max-image-preview:large, max-video-preview:-1\" \/>\n<link rel=\"canonical\" href=\"https:\/\/portalfadesp.org.br\/?page_id=1495\" \/>\n<meta property=\"og:locale\" content=\"pt_BR\" \/>\n<meta property=\"og:type\" content=\"article\" \/>\n<meta property=\"og:title\" content=\"Prefeitura Municipal de Belterra - 2014 - FADESP\" \/>\n<meta property=\"og:description\" content=\"Prefeitura de Belterra &#8211; 2014 A Prefeitura de Belterra, no uso de suas atribui\u00e7\u00f5es, torna p\u00fablica a realiza\u00e7\u00e3o de Concurso P\u00fablico destinado ao preenchimento de vagas para o quadro de pessoal efetivo de n\u00edvel superior, m\u00e9dio e fundamental completo, mediante as condi\u00e7\u00f5es estabelecidas neste edital. Vagas &#8211;\u00a0347 Cargos &#8211;\u00a0N\u00edvel fundamental completo: Vigia e Servi\u00e7os Gerais. [&hellip;]\" \/>\n<meta property=\"og:url\" content=\"https:\/\/portalfadesp.org.br\/?page_id=1495\" \/>\n<meta property=\"og:site_name\" content=\"FADESP\" \/>\n<meta property=\"article:publisher\" content=\"https:\/\/www.facebook.com\/Fadesp-138351949524662\/\" \/>\n<meta property=\"article:modified_time\" content=\"2022-12-20T15:29:31+00:00\" \/>\n<meta name=\"twitter:card\" content=\"summary_large_image\" \/>\n<meta name=\"twitter:site\" content=\"@Fadesp\" \/>\n<meta name=\"twitter:label1\" content=\"Est. tempo de leitura\" \/>\n\t<meta name=\"twitter:data1\" content=\"2 minutos\" \/>\n<script type=\"application\/ld+json\" class=\"yoast-schema-graph\">{\"@context\":\"https:\/\/schema.org\",\"@graph\":[{\"@type\":\"WebPage\",\"@id\":\"https:\/\/portalfadesp.org.br\/?page_id=1495\",\"url\":\"https:\/\/portalfadesp.org.br\/?page_id=1495\",\"name\":\"Prefeitura Municipal de Belterra - 2014 - FADESP\",\"isPartOf\":{\"@id\":\"https:\/\/portalfadesp.org.br\/#website\"},\"datePublished\":\"2014-05-22T07:50:01+00:00\",\"dateModified\":\"2022-12-20T15:29:31+00:00\",\"breadcrumb\":{\"@id\":\"https:\/\/portalfadesp.org.br\/?page_id=1495#breadcrumb\"},\"inLanguage\":\"pt-BR\",\"potentialAction\":[{\"@type\":\"ReadAction\",\"target\":[\"https:\/\/portalfadesp.org.br\/?page_id=1495\"]}]},{\"@type\":\"BreadcrumbList\",\"@id\":\"https:\/\/portalfadesp.org.br\/?page_id=1495#breadcrumb\",\"itemListElement\":[{\"@type\":\"ListItem\",\"position\":1,\"name\":\"In\u00edcio\",\"item\":\"https:\/\/portalfadesp.org.br\/\"},{\"@type\":\"ListItem\",\"position\":2,\"name\":\"Concursos &#8211; Homologados\",\"item\":\"https:\/\/portalfadesp.org.br\/?page_id=329\"},{\"@type\":\"ListItem\",\"position\":3,\"name\":\"Prefeitura Municipal de Belterra &#8211; 2014\"}]},{\"@type\":\"WebSite\",\"@id\":\"https:\/\/portalfadesp.org.br\/#website\",\"url\":\"https:\/\/portalfadesp.org.br\/\",\"name\":\"FADESP\",\"description\":\"Funda\u00e7\u00e3o de Amparo e Desenvolvimento da Pesquisa\",\"publisher\":{\"@id\":\"https:\/\/portalfadesp.org.br\/#organization\"},\"potentialAction\":[{\"@type\":\"SearchAction\",\"target\":{\"@type\":\"EntryPoint\",\"urlTemplate\":\"https:\/\/portalfadesp.org.br\/?s={search_term_string}\"},\"query-input\":{\"@type\":\"PropertyValueSpecification\",\"valueRequired\":true,\"valueName\":\"search_term_string\"}}],\"inLanguage\":\"pt-BR\"},{\"@type\":\"Organization\",\"@id\":\"https:\/\/portalfadesp.org.br\/#organization\",\"name\":\"FADESP\",\"url\":\"https:\/\/portalfadesp.org.br\/\",\"logo\":{\"@type\":\"ImageObject\",\"inLanguage\":\"pt-BR\",\"@id\":\"https:\/\/portalfadesp.org.br\/#\/schema\/logo\/image\/\",\"url\":\"https:\/\/portalfadesp.org.br\/wp-content\/uploads\/2024\/01\/NOVOLOGOFADESPlaranjaH.png\",\"contentUrl\":\"https:\/\/portalfadesp.org.br\/wp-content\/uploads\/2024\/01\/NOVOLOGOFADESPlaranjaH.png\",\"width\":2742,\"height\":839,\"caption\":\"FADESP\"},\"image\":{\"@id\":\"https:\/\/portalfadesp.org.br\/#\/schema\/logo\/image\/\"},\"sameAs\":[\"https:\/\/www.facebook.com\/Fadesp-138351949524662\/\",\"https:\/\/x.com\/Fadesp\",\"https:\/\/www.instagram.com\/fadesp_ufpa\/\",\"https:\/\/www.youtube.com\/@fundacaodeamparoedesenvolv1903\",\"https:\/\/www.threads.net\/@fadesp_ufpa\"]}]}<\/script>\n<!-- \/ Yoast SEO plugin. -->","yoast_head_json":{"title":"Prefeitura Municipal de Belterra - 2014 - FADESP","robots":{"index":"index","follow":"follow","max-snippet":"max-snippet:-1","max-image-preview":"max-image-preview:large","max-video-preview":"max-video-preview:-1"},"canonical":"https:\/\/portalfadesp.org.br\/?page_id=1495","og_locale":"pt_BR","og_type":"article","og_title":"Prefeitura Municipal de Belterra - 2014 - FADESP","og_description":"Prefeitura de Belterra &#8211; 2014 A Prefeitura de Belterra, no uso de suas atribui\u00e7\u00f5es, torna p\u00fablica a realiza\u00e7\u00e3o de Concurso P\u00fablico destinado ao preenchimento de vagas para o quadro de pessoal efetivo de n\u00edvel superior, m\u00e9dio e fundamental completo, mediante as condi\u00e7\u00f5es estabelecidas neste edital. Vagas &#8211;\u00a0347 Cargos &#8211;\u00a0N\u00edvel fundamental completo: Vigia e Servi\u00e7os Gerais. [&hellip;]","og_url":"https:\/\/portalfadesp.org.br\/?page_id=1495","og_site_name":"FADESP","article_publisher":"https:\/\/www.facebook.com\/Fadesp-138351949524662\/","article_modified_time":"2022-12-20T15:29:31+00:00","twitter_card":"summary_large_image","twitter_site":"@Fadesp","twitter_misc":{"Est. tempo de leitura":"2 minutos"},"schema":{"@context":"https:\/\/schema.org","@graph":[{"@type":"WebPage","@id":"https:\/\/portalfadesp.org.br\/?page_id=1495","url":"https:\/\/portalfadesp.org.br\/?page_id=1495","name":"Prefeitura Municipal de Belterra - 2014 - FADESP","isPartOf":{"@id":"https:\/\/portalfadesp.org.br\/#website"},"datePublished":"2014-05-22T07:50:01+00:00","dateModified":"2022-12-20T15:29:31+00:00","breadcrumb":{"@id":"https:\/\/portalfadesp.org.br\/?page_id=1495#breadcrumb"},"inLanguage":"pt-BR","potentialAction":[{"@type":"ReadAction","target":["https:\/\/portalfadesp.org.br\/?page_id=1495"]}]},{"@type":"BreadcrumbList","@id":"https:\/\/portalfadesp.org.br\/?page_id=1495#breadcrumb","itemListElement":[{"@type":"ListItem","position":1,"name":"In\u00edcio","item":"https:\/\/portalfadesp.org.br\/"},{"@type":"ListItem","position":2,"name":"Concursos &#8211; Homologados","item":"https:\/\/portalfadesp.org.br\/?page_id=329"},{"@type":"ListItem","position":3,"name":"Prefeitura Municipal de Belterra &#8211; 2014"}]},{"@type":"WebSite","@id":"https:\/\/portalfadesp.org.br\/#website","url":"https:\/\/portalfadesp.org.br\/","name":"FADESP","description":"Funda\u00e7\u00e3o de Amparo e Desenvolvimento da Pesquisa","publisher":{"@id":"https:\/\/portalfadesp.org.br\/#organization"},"potentialAction":[{"@type":"SearchAction","target":{"@type":"EntryPoint","urlTemplate":"https:\/\/portalfadesp.org.br\/?s={search_term_string}"},"query-input":{"@type":"PropertyValueSpecification","valueRequired":true,"valueName":"search_term_string"}}],"inLanguage":"pt-BR"},{"@type":"Organization","@id":"https:\/\/portalfadesp.org.br\/#organization","name":"FADESP","url":"https:\/\/portalfadesp.org.br\/","logo":{"@type":"ImageObject","inLanguage":"pt-BR","@id":"https:\/\/portalfadesp.org.br\/#\/schema\/logo\/image\/","url":"https:\/\/portalfadesp.org.br\/wp-content\/uploads\/2024\/01\/NOVOLOGOFADESPlaranjaH.png","contentUrl":"https:\/\/portalfadesp.org.br\/wp-content\/uploads\/2024\/01\/NOVOLOGOFADESPlaranjaH.png","width":2742,"height":839,"caption":"FADESP"},"image":{"@id":"https:\/\/portalfadesp.org.br\/#\/schema\/logo\/image\/"},"sameAs":["https:\/\/www.facebook.com\/Fadesp-138351949524662\/","https:\/\/x.com\/Fadesp","https:\/\/www.instagram.com\/fadesp_ufpa\/","https:\/\/www.youtube.com\/@fundacaodeamparoedesenvolv1903","https:\/\/www.threads.net\/@fadesp_ufpa"]}]}},"_links":{"self":[{"href":"https:\/\/portalfadesp.org.br\/index.php?rest_route=\/wp\/v2\/pages\/1495","targetHints":{"allow":["GET"]}}],"collection":[{"href":"https:\/\/portalfadesp.org.br\/index.php?rest_route=\/wp\/v2\/pages"}],"about":[{"href":"https:\/\/portalfadesp.org.br\/index.php?rest_route=\/wp\/v2\/types\/page"}],"author":[{"embeddable":true,"href":"https:\/\/portalfadesp.org.br\/index.php?rest_route=\/wp\/v2\/users\/9"}],"replies":[{"embeddable":true,"href":"https:\/\/portalfadesp.org.br\/index.php?rest_route=%2Fwp%2Fv2%2Fcomments&post=1495"}],"version-history":[{"count":28,"href":"https:\/\/portalfadesp.org.br\/index.php?rest_route=\/wp\/v2\/pages\/1495\/revisions"}],"predecessor-version":[{"id":36651,"href":"https:\/\/portalfadesp.org.br\/index.php?rest_route=\/wp\/v2\/pages\/1495\/revisions\/36651"}],"up":[{"embeddable":true,"href":"https:\/\/portalfadesp.org.br\/index.php?rest_route=\/wp\/v2\/pages\/329"}],"wp:attachment":[{"href":"https:\/\/portalfadesp.org.br\/index.php?rest_route=%2Fwp%2Fv2%2Fmedia&parent=1495"}],"curies":[{"name":"wp","href":"https:\/\/api.w.org\/{rel}","templated":true}]}}