{"id":1494,"date":"2013-05-22T04:49:53","date_gmt":"2013-05-22T07:49:53","guid":{"rendered":"https:\/\/162.215.13.167?page_id=1494"},"modified":"2022-12-20T12:32:11","modified_gmt":"2022-12-20T15:32:11","slug":"prefeitura-de-novo-repartimento-2013","status":"publish","type":"page","link":"https:\/\/portalfadesp.org.br\/?page_id=1494","title":{"rendered":"Prefeitura Municipal de Novo Repartimento (PA) &#8211; 2013"},"content":{"rendered":"\t\t<div data-elementor-type=\"wp-post\" data-elementor-id=\"1494\" class=\"elementor elementor-1494\" data-elementor-post-type=\"page\">\n\t\t\t\t\t\t<section class=\"elementor-section elementor-top-section elementor-element elementor-element-60757767 elementor-section-boxed elementor-section-height-default elementor-section-height-default\" data-id=\"60757767\" data-element_type=\"section\">\n\t\t\t\t\t\t<div class=\"elementor-container elementor-column-gap-default\">\n\t\t\t\t\t<div class=\"elementor-column elementor-col-100 elementor-top-column elementor-element elementor-element-3bb6a4e6\" data-id=\"3bb6a4e6\" data-element_type=\"column\">\n\t\t\t<div class=\"elementor-widget-wrap elementor-element-populated\">\n\t\t\t\t\t\t<div class=\"elementor-element elementor-element-39383d13 elementor-widget elementor-widget-heading\" data-id=\"39383d13\" data-element_type=\"widget\" data-widget_type=\"heading.default\">\n\t\t\t\t<div class=\"elementor-widget-container\">\n\t\t\t\t\t<h1 class=\"elementor-heading-title elementor-size-default\">Prefeitura de Novo Repartimento - 2013\n<\/h1>\t\t\t\t<\/div>\n\t\t\t\t<\/div>\n\t\t\t\t<section class=\"elementor-section elementor-inner-section elementor-element elementor-element-21a55763 elementor-section-boxed elementor-section-height-default elementor-section-height-default\" data-id=\"21a55763\" data-element_type=\"section\">\n\t\t\t\t\t\t<div class=\"elementor-container elementor-column-gap-default\">\n\t\t\t\t\t<div class=\"elementor-column elementor-col-50 elementor-inner-column elementor-element elementor-element-59820f7a\" data-id=\"59820f7a\" data-element_type=\"column\">\n\t\t\t<div class=\"elementor-widget-wrap elementor-element-populated\">\n\t\t\t\t\t\t<div class=\"elementor-element elementor-element-7b15a610 elementor-widget elementor-widget-text-editor\" data-id=\"7b15a610\" data-element_type=\"widget\" data-widget_type=\"text-editor.default\">\n\t\t\t\t<div class=\"elementor-widget-container\">\n\t\t\t\t\t\t\t\t\t<p>A prefeitura de Novo Repartimento torna p\u00fablica a realiza\u00e7\u00e3o\u00a0de concurso para o preenchimento de vagas do quadro de pessoal efetivo de n\u00edveis superior, m\u00e9dio, fundamental completo e incompleto.<\/p><p><strong>Vagas &#8211;\u00a0<\/strong>822.<\/p><p><strong>Cargos &#8211;\u00a0<\/strong>Borracheiro, carpinteiro, coveiro, eletricista de autos, encanador, jardineiro\/podador, lubrificador, operador de motoniveladora, predreiro, pintor predial, auxiliar de servi\u00e7os gerais, vigia, agente comunit\u00e1rio de sa\u00fade, eletricista de pr\u00e9dios e de rede de distribui\u00e7\u00e3o, motorista de ve\u00edculos leves, agente fiscal, mec\u00e2nico de m\u00e1quinas, equipamentos e ve\u00edculos pesados, cont\u00ednuo, agente de combate \u00e0s endemias, t\u00e9cnico agr\u00edcola, t\u00e9cnico em edifica\u00e7\u00f5es, t\u00e9cnico em enfermagem, t\u00e9cnico em inform\u00e1tica, t\u00e9cnico em laborat\u00f3rio, t\u00e9cnico em seguran\u00e7a do trabalho, agente de controle interno, agente sanitarista, cuidador social, educador social, agente municipal de tr\u00e2nsito, assistente administrativo, fiscal de tributos, telefonista, auxiliar de consult\u00f3rio dent\u00e1rio, cuidador\/educador, t\u00e9cnico em meio ambiente, t\u00e9cnico florestal, t\u00e9cnico em saneamento, t\u00e9cnico em aquicultura, professor magist\u00e9rio, administrador, assistente social, bi\u00f3logo, contador, enfermeiro, engenheiro agr\u00f4nomo, engenheiro ambiental, engenheiro civil, farmac\u00eautico bioqu\u00edmico, m\u00e9dico cirurgi\u00e3o geral, m\u00e9dico cl\u00ednico geral, m\u00e9dico do trabalho, m\u00e9dico ginecologista\/obstetra, m\u00e9dico ortopedista, m\u00e9dico veterin\u00e1rio, nutricionista, ondont\u00f3logo, psic\u00f3log educa\u00e7\u00e3o\/ a\u00e7\u00e3o social, zootecnista, ge\u00f3grafo, engenheiro de pesca, professor de Portugu\u00eas, professor de Matem\u00e1tica, professor de Hist\u00f3rio, professor de Geografia, professor de Ci\u00eancias, professor de Ingl\u00eas, professor de Artes, professor de Ensino Religioso, professor de Sociologia, professor de Educa\u00e7\u00e3o F\u00edsica, professor de Filosofia, professor de Reda\u00e7\u00e3o, professor de Computa\u00e7\u00e3o, professor de Educa\u00e7\u00e3o Especial, t\u00e9cnico pedag\u00f3gico.<\/p><p><strong>Remunera\u00e7\u00e3o &#8211;\u00a0<\/strong>de\u00a0R$ 678,00 a R$ 6.213,00.<\/p><p><strong>Inscri\u00e7\u00f5es &#8211;\u00a0<\/strong>06\/01\/14 a 27\/01\/14<\/p><p><strong>Taxa &#8211;\u00a0<\/strong>R$ 40,00 (n\u00edvel Fundamental), R$ 50,00 \u00a0(n\u00edvel M\u00e9dio) e R$ 60,00 (n\u00edvel Superior).<\/p><p><strong>Datas importantes<\/strong>:<\/p><p><strong>Per\u00edodo de Inscri\u00e7\u00e3o<\/strong>\u00a0<strong>&#8211;<\/strong>\u00a006\/01\/14 a 27\/01\/14<\/p><p><strong>Pagamento da taxa de inscri\u00e7\u00e3o &#8211;<\/strong>\u00a006\/01\/14 a 28\/01\/14.<\/p><p>I<strong>mpress\u00e3o do cart\u00e3o de confirma\u00e7\u00e3o<\/strong>\u00a0<strong>&#8211;<\/strong>\u00a030\/01\/14 a 03\/02\/14.<\/p><p><strong>Data da prova objetiva<\/strong>\u00a0<strong>&#8211;<\/strong>\u00a009\/02\/14, das 8h \u00e0s 12h (n\u00edveis fundamental completo e superior) e das 14h30 \u00e0s 18h30 (n\u00edvel m\u00e9dio). Dia 16\/02\/14 , das 8h \u00e0s 12h (n\u00edvel fundamental incompleto).<\/p><p><strong>Entrega de documenta\u00e7\u00e3o de prova de t\u00edtulos para cargos de professores &#8211;<\/strong>\u00a031\/03\/14 a 11\/04\/14.<\/p><p><strong>Resultado da prova de t\u00edtulos<\/strong>\u00a0<strong>para cargos de professores &#8211;<\/strong>\u00a0at\u00e9 07\/05\/14<\/p>\t\t\t\t\t\t\t\t<\/div>\n\t\t\t\t<\/div>\n\t\t\t\t\t<\/div>\n\t\t<\/div>\n\t\t\t\t<div class=\"elementor-column elementor-col-50 elementor-inner-column elementor-element elementor-element-9916a3\" data-id=\"9916a3\" data-element_type=\"column\">\n\t\t\t<div class=\"elementor-widget-wrap elementor-element-populated\">\n\t\t\t\t\t\t<div class=\"elementor-element elementor-element-32fc0795 elementor-widget elementor-widget-text-editor\" data-id=\"32fc0795\" data-element_type=\"widget\" data-widget_type=\"text-editor.default\">\n\t\t\t\t<div class=\"elementor-widget-container\">\n\t\t\t\t\t\t\t\t\t<p style=\"text-align: center;\"><span style=\"color: #ffffff;\"><strong>Avisos<\/strong><\/span><\/p>\t\t\t\t\t\t\t\t<\/div>\n\t\t\t\t<\/div>\n\t\t\t\t<div class=\"elementor-element elementor-element-eaa15e8 elementor-widget elementor-widget-text-editor\" data-id=\"eaa15e8\" data-element_type=\"widget\" data-widget_type=\"text-editor.default\">\n\t\t\t\t<div class=\"elementor-widget-container\">\n\t\t\t\t\t\t\t\t\t<p style=\"text-align: center;\"><strong><span style=\"color: #000000;\">Respostas dos Recursos <\/span><span style=\"color: #dd6b3b;\"><a style=\"color: #dd6b3b;\" href=\"http:\/\/concursos.fadesp.org.br\/pmnr2013\/web\/index_recurso.php\">(Dispon\u00edvel)<\/a><\/span><\/strong><\/p>\t\t\t\t\t\t\t\t<\/div>\n\t\t\t\t<\/div>\n\t\t\t\t<div class=\"elementor-element elementor-element-54f159a6 elementor-widget elementor-widget-text-editor\" data-id=\"54f159a6\" data-element_type=\"widget\" data-widget_type=\"text-editor.default\">\n\t\t\t\t<div class=\"elementor-widget-container\">\n\t\t\t\t\t\t\t\t\t<p style=\"text-align: center;\"><span style=\"color: #ffffff;\"><strong>Editais<\/strong><\/span><\/p>\t\t\t\t\t\t\t\t<\/div>\n\t\t\t\t<\/div>\n\t\t\t\t<div class=\"elementor-element elementor-element-4357e3e7 elementor-widget elementor-widget-text-editor\" data-id=\"4357e3e7\" data-element_type=\"widget\" data-widget_type=\"text-editor.default\">\n\t\t\t\t<div class=\"elementor-widget-container\">\n\t\t\t\t\t\t\t\t\t<table width=\"64\">\n<tbody>\n<tr>\n<td width=\"64\"><strong><a href=\"http:\/\/concursos.fadesp.org.br\/pmnr2013\/arquivos\/Edital%20n%C2%B0%2006_2014_PMNR_Homologa%C3%A7%C3%A3o.pdf\">Edital n\u00b0 06\/2014 PMNR Homologa\u00e7\u00e3o<\/a><\/strong><\/td>\n<\/tr>\n<tr>\n<td><strong><a href=\"http:\/\/concursos.fadesp.org.br\/pmnr2013\/arquivos\/Resultado%20dos%20Cargos%20de%20Professores.pdf\">Resultado dos Cargos de Professores<\/a><\/strong><\/td>\n<\/tr>\n<tr>\n<td><strong><a href=\"http:\/\/concursos.fadesp.org.br\/pmnr2013\/arquivos\/Retifica%C3%A7%C3%A3o%20de%20notas%20da%20prova%20de%20t%C3%ADtulos.pdf\">Retifica\u00e7\u00e3o de notas da prova de t\u00edtulos<\/a><\/strong><\/td>\n<\/tr>\n<tr>\n<td><strong><a href=\"http:\/\/concursos.fadesp.org.br\/pmnr2013\/arquivos\/Resultado%20da%20Prova%20de%20T%C3%ADtulos.pdf\">Resultado da Prova de T\u00edtulos<\/a><\/strong><\/td>\n<\/tr>\n<tr>\n<td><strong><a href=\"http:\/\/concursos.fadesp.org.br\/pmnr2013\/arquivos\/Formul%C3%A1rio%20de%20Entrega%20de%20T%C3%ADtulos.pdf\">Formul\u00e1rio de Entrega de T\u00edtulo \u2013 Retificado\u00a0<\/a><\/strong><\/td>\n<\/tr>\n<tr>\n<td><strong><a href=\"http:\/\/concursos.fadesp.org.br\/pmnr2013\/arquivos\/Edital%20%20n%C2%B0%2005_2014_Prova%20de%20T%C3%ADtulos%20-%20Prorroga%C3%A7%C3%A3o%20do%20p%20er%C3%ADodo%20de%20entrega%20de%20documenta%C3%A7%C3%A3o.pd%20per%C3%ADodo%20de%20entrega%20de%20documenta%C3%A7%C3%A3o.pdf\">Edital \u00a0n\u00b0 05_2014_Prova de T\u00edtulos<\/a><\/strong><\/td>\n<\/tr>\n<tr>\n<td><strong><a href=\"http:\/\/concursos.fadesp.org.br\/pmnr2013\/arquivos\/Resultado%20Geral%20da%20Prova%20Objetiva%20-%20Retificado%20conforme%20itens%206.6,%207.2%20e%207.6%20do%20Edital.pdf\">Resultado Geral da Prova Objetiva \u2013 Retificado conforme itens 6.6, 7.2 e 7.6 do Edital<\/a><\/strong><\/td>\n<\/tr>\n<tr>\n<td><strong><a href=\"http:\/\/concursos.fadesp.org.br\/pmnr2013\/arquivos\/Edital%20n%C2%B0%2004_2014_Convoca%C3%A7%C3%A3o%20a%20Prova%20de%20T%C3%ADtulos%20-%20Retificado%20conforme%20itens.pdf\">Edital n\u00ba04\/2014 \u2013 Convoca\u00e7\u00e3o a Prova de T\u00edtulos \u2013 Retificado conforme itens 6.6, 7.2 e 7.6 do Edital<\/a><\/strong><\/td>\n<\/tr>\n<tr>\n<td><strong><a href=\"http:\/\/concursos.fadesp.org.br\/pmnr2013\/arquivos\/Gabarito%20Oficial%20Definitivo%20-%20DIA%2016.02.2014%20-%20N%C3%8DVEL%20FUNDAMENTAL%20INCOMPLETO.pdf\">Gabarito Oficial Definitivo \u2013 Dia 16\/02\/2014 \u2013 N\u00edvel Fundamental Incompleto<\/a><\/strong><\/td>\n<\/tr>\n<tr>\n<td><strong><a href=\"http:\/\/concursos.fadesp.org.br\/pmnr2013\/arquivos\/Gabarito%20Oficial%20Definitivo%20-%20DIA%2009.02.pdf\">Gabarito Oficial Definitivo \u2013 Dia 09\/02\/2014<\/a><\/strong><\/td>\n<\/tr>\n<tr>\n<td><strong><a href=\"http:\/\/concursos.fadesp.org.br\/pmnr2013\/arquivos\/Gabarito%20Oficial%20Preliminar%20-%20DIA%2016.02.2014%20-%20NVEL%20FUNDAMENTAL%20INCOMPLETO.pdf\">Gabarito Oficial Preliminar \u2013 Dia 16\/02\/2014 \u2013 N\u00edvel Fundamental Incompleto<\/a><\/strong><\/td>\n<\/tr>\n<tr>\n<td><strong><a href=\"http:\/\/concursos.fadesp.org.br\/pmnr2013\/arquivos\/Provas\/NIVEL%20FUNDAMENTAL%20INCOMPLETO_Dia%2016.02.2014.pdf\">Provas \u2013 N\u00edvel Fundamental Incompleto \u2013 Dia 16\/02\/2014<\/a><\/strong><\/td>\n<\/tr>\n<tr>\n<td><strong><a href=\"http:\/\/concursos.fadesp.org.br\/pmnr2013\/arquivos\/Edital%20n%C2%B0%2003_2014_PMNR%20-%20Retifica%C3%A7%C3%B5es.pdf\">Edital n\u00ba03\/2014 \u2013 Retifica\u00e7\u00f5es<\/a><\/strong><\/td>\n<\/tr>\n<tr>\n<td><strong><a href=\"http:\/\/concursos.fadesp.org.br\/pmnr2013\/arquivos\/Provas\/Provas.html\">Provas \u2013 Dia 09\/02\/2014<\/a><\/strong><\/td>\n<\/tr>\n<tr>\n<td><strong><a href=\"http:\/\/concursos.fadesp.org.br\/pmnr2013\/arquivos\/Gabarito%20Oficial%20Preliminar%20-%20DIA%2009.02.2014.pdf\">Gabarito Oficial Preliminar \u2013 Dia 09\/02\/2014<\/a><\/strong><\/td>\n<\/tr>\n<tr>\n<td><strong><a href=\"http:\/\/concursos.fadesp.org.br\/pmnr2013\/arquivos\/Aviso%20-%20Datas%20das%20Provas%20Objetivas.pdf\">Aviso \u2013 Data das Provas Objetivas<\/a><\/strong><\/td>\n<\/tr>\n<tr>\n<td><strong><a href=\"http:\/\/concursos.fadesp.org.br\/pmnr2013\/arquivos\/Edital%20%20%20%20%20%20n%C2%B0%2002_2014_PMNR%20-%20Data%20das%20Provas.pdf\">Edital n\u00ba02\/2014 \u2013 Data das Provas<\/a><\/strong><\/td>\n<\/tr>\n<tr>\n<td><strong><a href=\"http:\/\/concursos.fadesp.org.br\/pmnr2013\/arquivos\/Formul%C3%A1rio%20de%20Portador%20de%20Defici%C3%AAncia.pdf\">Formul\u00e1rio de Portador de Defici\u00eancias<\/a><\/strong><\/td>\n<\/tr>\n<tr>\n<td><strong><a href=\"http:\/\/concursos.fadesp.org.br\/pmnr2013\/arquivos\/Tabela%20de%20Cargos2.pdf\">Tabela de Cargo Republicada<\/a><\/strong><\/td>\n<\/tr>\n<tr>\n<td><strong><a href=\"http:\/\/concursos.fadesp.org.br\/pmnr2013\/arquivos\/Edital%20n%C2%B0%2001_2013_PMNR.pdf\">Edital n\u00ba01\/2013 \u2013 Republicado<\/a><\/strong><\/td>\n<\/tr>\n<\/tbody>\n<\/table>\t\t\t\t\t\t\t\t<\/div>\n\t\t\t\t<\/div>\n\t\t\t\t\t<\/div>\n\t\t<\/div>\n\t\t\t\t\t<\/div>\n\t\t<\/section>\n\t\t\t\t\t<\/div>\n\t\t<\/div>\n\t\t\t\t\t<\/div>\n\t\t<\/section>\n\t\t\t\t<\/div>\n\t\t","protected":false},"excerpt":{"rendered":"<p>Prefeitura de Novo Repartimento &#8211; 2013 A prefeitura de Novo Repartimento torna p\u00fablica a realiza\u00e7\u00e3o\u00a0de concurso para o preenchimento de vagas do quadro de pessoal efetivo de n\u00edveis superior, m\u00e9dio, fundamental completo e incompleto. Vagas &#8211;\u00a0822. Cargos &#8211;\u00a0Borracheiro, carpinteiro, coveiro, eletricista de autos, encanador, jardineiro\/podador, lubrificador, operador de motoniveladora, predreiro, pintor predial, auxiliar de servi\u00e7os [&hellip;]<\/p>\n","protected":false},"author":9,"featured_media":0,"parent":329,"menu_order":56,"comment_status":"closed","ping_status":"closed","template":"","meta":{"_monsterinsights_skip_tracking":false,"_monsterinsights_sitenote_active":false,"_monsterinsights_sitenote_note":"","_monsterinsights_sitenote_category":0,"footnotes":""},"class_list":["post-1494","page","type-page","status-publish","hentry","entry"],"yoast_head":"<!-- This site is optimized with the Yoast SEO plugin v25.1 - https:\/\/yoast.com\/wordpress\/plugins\/seo\/ -->\n<title>Prefeitura Municipal de Novo Repartimento (PA) - 2013 - FADESP<\/title>\n<meta name=\"robots\" content=\"index, follow, max-snippet:-1, max-image-preview:large, max-video-preview:-1\" \/>\n<link rel=\"canonical\" href=\"https:\/\/portalfadesp.org.br\/?page_id=1494\" \/>\n<meta property=\"og:locale\" content=\"pt_BR\" \/>\n<meta property=\"og:type\" content=\"article\" \/>\n<meta property=\"og:title\" content=\"Prefeitura Municipal de Novo Repartimento (PA) - 2013 - FADESP\" \/>\n<meta property=\"og:description\" content=\"Prefeitura de Novo Repartimento &#8211; 2013 A prefeitura de Novo Repartimento torna p\u00fablica a realiza\u00e7\u00e3o\u00a0de concurso para o preenchimento de vagas do quadro de pessoal efetivo de n\u00edveis superior, m\u00e9dio, fundamental completo e incompleto. Vagas &#8211;\u00a0822. Cargos &#8211;\u00a0Borracheiro, carpinteiro, coveiro, eletricista de autos, encanador, jardineiro\/podador, lubrificador, operador de motoniveladora, predreiro, pintor predial, auxiliar de servi\u00e7os [&hellip;]\" \/>\n<meta property=\"og:url\" content=\"https:\/\/portalfadesp.org.br\/?page_id=1494\" \/>\n<meta property=\"og:site_name\" content=\"FADESP\" \/>\n<meta property=\"article:publisher\" content=\"https:\/\/www.facebook.com\/Fadesp-138351949524662\/\" \/>\n<meta property=\"article:modified_time\" content=\"2022-12-20T15:32:11+00:00\" \/>\n<meta name=\"twitter:card\" content=\"summary_large_image\" \/>\n<meta name=\"twitter:site\" content=\"@Fadesp\" \/>\n<meta name=\"twitter:label1\" content=\"Est. tempo de leitura\" \/>\n\t<meta name=\"twitter:data1\" content=\"3 minutos\" \/>\n<script type=\"application\/ld+json\" class=\"yoast-schema-graph\">{\"@context\":\"https:\/\/schema.org\",\"@graph\":[{\"@type\":\"WebPage\",\"@id\":\"https:\/\/portalfadesp.org.br\/?page_id=1494\",\"url\":\"https:\/\/portalfadesp.org.br\/?page_id=1494\",\"name\":\"Prefeitura Municipal de Novo Repartimento (PA) - 2013 - FADESP\",\"isPartOf\":{\"@id\":\"https:\/\/portalfadesp.org.br\/#website\"},\"datePublished\":\"2013-05-22T07:49:53+00:00\",\"dateModified\":\"2022-12-20T15:32:11+00:00\",\"breadcrumb\":{\"@id\":\"https:\/\/portalfadesp.org.br\/?page_id=1494#breadcrumb\"},\"inLanguage\":\"pt-BR\",\"potentialAction\":[{\"@type\":\"ReadAction\",\"target\":[\"https:\/\/portalfadesp.org.br\/?page_id=1494\"]}]},{\"@type\":\"BreadcrumbList\",\"@id\":\"https:\/\/portalfadesp.org.br\/?page_id=1494#breadcrumb\",\"itemListElement\":[{\"@type\":\"ListItem\",\"position\":1,\"name\":\"In\u00edcio\",\"item\":\"https:\/\/portalfadesp.org.br\/\"},{\"@type\":\"ListItem\",\"position\":2,\"name\":\"Concursos &#8211; Homologados\",\"item\":\"https:\/\/portalfadesp.org.br\/?page_id=329\"},{\"@type\":\"ListItem\",\"position\":3,\"name\":\"Prefeitura Municipal de Novo Repartimento (PA) &#8211; 2013\"}]},{\"@type\":\"WebSite\",\"@id\":\"https:\/\/portalfadesp.org.br\/#website\",\"url\":\"https:\/\/portalfadesp.org.br\/\",\"name\":\"FADESP\",\"description\":\"Funda\u00e7\u00e3o de Amparo e Desenvolvimento da Pesquisa\",\"publisher\":{\"@id\":\"https:\/\/portalfadesp.org.br\/#organization\"},\"potentialAction\":[{\"@type\":\"SearchAction\",\"target\":{\"@type\":\"EntryPoint\",\"urlTemplate\":\"https:\/\/portalfadesp.org.br\/?s={search_term_string}\"},\"query-input\":{\"@type\":\"PropertyValueSpecification\",\"valueRequired\":true,\"valueName\":\"search_term_string\"}}],\"inLanguage\":\"pt-BR\"},{\"@type\":\"Organization\",\"@id\":\"https:\/\/portalfadesp.org.br\/#organization\",\"name\":\"FADESP\",\"url\":\"https:\/\/portalfadesp.org.br\/\",\"logo\":{\"@type\":\"ImageObject\",\"inLanguage\":\"pt-BR\",\"@id\":\"https:\/\/portalfadesp.org.br\/#\/schema\/logo\/image\/\",\"url\":\"https:\/\/portalfadesp.org.br\/wp-content\/uploads\/2024\/01\/NOVOLOGOFADESPlaranjaH.png\",\"contentUrl\":\"https:\/\/portalfadesp.org.br\/wp-content\/uploads\/2024\/01\/NOVOLOGOFADESPlaranjaH.png\",\"width\":2742,\"height\":839,\"caption\":\"FADESP\"},\"image\":{\"@id\":\"https:\/\/portalfadesp.org.br\/#\/schema\/logo\/image\/\"},\"sameAs\":[\"https:\/\/www.facebook.com\/Fadesp-138351949524662\/\",\"https:\/\/x.com\/Fadesp\",\"https:\/\/www.instagram.com\/fadesp_ufpa\/\",\"https:\/\/www.youtube.com\/@fundacaodeamparoedesenvolv1903\",\"https:\/\/www.threads.net\/@fadesp_ufpa\"]}]}<\/script>\n<!-- \/ Yoast SEO plugin. -->","yoast_head_json":{"title":"Prefeitura Municipal de Novo Repartimento (PA) - 2013 - FADESP","robots":{"index":"index","follow":"follow","max-snippet":"max-snippet:-1","max-image-preview":"max-image-preview:large","max-video-preview":"max-video-preview:-1"},"canonical":"https:\/\/portalfadesp.org.br\/?page_id=1494","og_locale":"pt_BR","og_type":"article","og_title":"Prefeitura Municipal de Novo Repartimento (PA) - 2013 - FADESP","og_description":"Prefeitura de Novo Repartimento &#8211; 2013 A prefeitura de Novo Repartimento torna p\u00fablica a realiza\u00e7\u00e3o\u00a0de concurso para o preenchimento de vagas do quadro de pessoal efetivo de n\u00edveis superior, m\u00e9dio, fundamental completo e incompleto. Vagas &#8211;\u00a0822. Cargos &#8211;\u00a0Borracheiro, carpinteiro, coveiro, eletricista de autos, encanador, jardineiro\/podador, lubrificador, operador de motoniveladora, predreiro, pintor predial, auxiliar de servi\u00e7os [&hellip;]","og_url":"https:\/\/portalfadesp.org.br\/?page_id=1494","og_site_name":"FADESP","article_publisher":"https:\/\/www.facebook.com\/Fadesp-138351949524662\/","article_modified_time":"2022-12-20T15:32:11+00:00","twitter_card":"summary_large_image","twitter_site":"@Fadesp","twitter_misc":{"Est. tempo de leitura":"3 minutos"},"schema":{"@context":"https:\/\/schema.org","@graph":[{"@type":"WebPage","@id":"https:\/\/portalfadesp.org.br\/?page_id=1494","url":"https:\/\/portalfadesp.org.br\/?page_id=1494","name":"Prefeitura Municipal de Novo Repartimento (PA) - 2013 - FADESP","isPartOf":{"@id":"https:\/\/portalfadesp.org.br\/#website"},"datePublished":"2013-05-22T07:49:53+00:00","dateModified":"2022-12-20T15:32:11+00:00","breadcrumb":{"@id":"https:\/\/portalfadesp.org.br\/?page_id=1494#breadcrumb"},"inLanguage":"pt-BR","potentialAction":[{"@type":"ReadAction","target":["https:\/\/portalfadesp.org.br\/?page_id=1494"]}]},{"@type":"BreadcrumbList","@id":"https:\/\/portalfadesp.org.br\/?page_id=1494#breadcrumb","itemListElement":[{"@type":"ListItem","position":1,"name":"In\u00edcio","item":"https:\/\/portalfadesp.org.br\/"},{"@type":"ListItem","position":2,"name":"Concursos &#8211; Homologados","item":"https:\/\/portalfadesp.org.br\/?page_id=329"},{"@type":"ListItem","position":3,"name":"Prefeitura Municipal de Novo Repartimento (PA) &#8211; 2013"}]},{"@type":"WebSite","@id":"https:\/\/portalfadesp.org.br\/#website","url":"https:\/\/portalfadesp.org.br\/","name":"FADESP","description":"Funda\u00e7\u00e3o de Amparo e Desenvolvimento da Pesquisa","publisher":{"@id":"https:\/\/portalfadesp.org.br\/#organization"},"potentialAction":[{"@type":"SearchAction","target":{"@type":"EntryPoint","urlTemplate":"https:\/\/portalfadesp.org.br\/?s={search_term_string}"},"query-input":{"@type":"PropertyValueSpecification","valueRequired":true,"valueName":"search_term_string"}}],"inLanguage":"pt-BR"},{"@type":"Organization","@id":"https:\/\/portalfadesp.org.br\/#organization","name":"FADESP","url":"https:\/\/portalfadesp.org.br\/","logo":{"@type":"ImageObject","inLanguage":"pt-BR","@id":"https:\/\/portalfadesp.org.br\/#\/schema\/logo\/image\/","url":"https:\/\/portalfadesp.org.br\/wp-content\/uploads\/2024\/01\/NOVOLOGOFADESPlaranjaH.png","contentUrl":"https:\/\/portalfadesp.org.br\/wp-content\/uploads\/2024\/01\/NOVOLOGOFADESPlaranjaH.png","width":2742,"height":839,"caption":"FADESP"},"image":{"@id":"https:\/\/portalfadesp.org.br\/#\/schema\/logo\/image\/"},"sameAs":["https:\/\/www.facebook.com\/Fadesp-138351949524662\/","https:\/\/x.com\/Fadesp","https:\/\/www.instagram.com\/fadesp_ufpa\/","https:\/\/www.youtube.com\/@fundacaodeamparoedesenvolv1903","https:\/\/www.threads.net\/@fadesp_ufpa"]}]}},"_links":{"self":[{"href":"https:\/\/portalfadesp.org.br\/index.php?rest_route=\/wp\/v2\/pages\/1494","targetHints":{"allow":["GET"]}}],"collection":[{"href":"https:\/\/portalfadesp.org.br\/index.php?rest_route=\/wp\/v2\/pages"}],"about":[{"href":"https:\/\/portalfadesp.org.br\/index.php?rest_route=\/wp\/v2\/types\/page"}],"author":[{"embeddable":true,"href":"https:\/\/portalfadesp.org.br\/index.php?rest_route=\/wp\/v2\/users\/9"}],"replies":[{"embeddable":true,"href":"https:\/\/portalfadesp.org.br\/index.php?rest_route=%2Fwp%2Fv2%2Fcomments&post=1494"}],"version-history":[{"count":24,"href":"https:\/\/portalfadesp.org.br\/index.php?rest_route=\/wp\/v2\/pages\/1494\/revisions"}],"predecessor-version":[{"id":36672,"href":"https:\/\/portalfadesp.org.br\/index.php?rest_route=\/wp\/v2\/pages\/1494\/revisions\/36672"}],"up":[{"embeddable":true,"href":"https:\/\/portalfadesp.org.br\/index.php?rest_route=\/wp\/v2\/pages\/329"}],"wp:attachment":[{"href":"https:\/\/portalfadesp.org.br\/index.php?rest_route=%2Fwp%2Fv2%2Fmedia&parent=1494"}],"curies":[{"name":"wp","href":"https:\/\/api.w.org\/{rel}","templated":true}]}}