{"id":1493,"date":"2014-05-22T04:49:57","date_gmt":"2014-05-22T07:49:57","guid":{"rendered":"https:\/\/162.215.13.167?page_id=1493"},"modified":"2022-12-20T12:29:17","modified_gmt":"2022-12-20T15:29:17","slug":"prefeitura-de-gurupa-2014","status":"publish","type":"page","link":"https:\/\/portalfadesp.org.br\/?page_id=1493","title":{"rendered":"Prefeitura Municipal de Gurup\u00e1 &#8211; 2014"},"content":{"rendered":"\t\t<div data-elementor-type=\"wp-post\" data-elementor-id=\"1493\" class=\"elementor elementor-1493\" data-elementor-post-type=\"page\">\n\t\t\t\t\t\t<section class=\"elementor-section elementor-top-section elementor-element elementor-element-45df7628 elementor-section-boxed elementor-section-height-default elementor-section-height-default\" data-id=\"45df7628\" data-element_type=\"section\">\n\t\t\t\t\t\t<div class=\"elementor-container elementor-column-gap-default\">\n\t\t\t\t\t<div class=\"elementor-column elementor-col-100 elementor-top-column elementor-element elementor-element-22dd7e88\" data-id=\"22dd7e88\" data-element_type=\"column\">\n\t\t\t<div class=\"elementor-widget-wrap elementor-element-populated\">\n\t\t\t\t\t\t<div class=\"elementor-element elementor-element-1ba4a560 elementor-widget elementor-widget-heading\" data-id=\"1ba4a560\" data-element_type=\"widget\" data-widget_type=\"heading.default\">\n\t\t\t\t<div class=\"elementor-widget-container\">\n\t\t\t\t\t<h1 class=\"elementor-heading-title elementor-size-default\">Prefeitura de Gurup\u00e1 - 2014\n<\/h1>\t\t\t\t<\/div>\n\t\t\t\t<\/div>\n\t\t\t\t<section class=\"elementor-section elementor-inner-section elementor-element elementor-element-285a146c elementor-section-boxed elementor-section-height-default elementor-section-height-default\" data-id=\"285a146c\" data-element_type=\"section\">\n\t\t\t\t\t\t<div class=\"elementor-container elementor-column-gap-default\">\n\t\t\t\t\t<div class=\"elementor-column elementor-col-50 elementor-inner-column elementor-element elementor-element-1b009d2\" data-id=\"1b009d2\" data-element_type=\"column\">\n\t\t\t<div class=\"elementor-widget-wrap elementor-element-populated\">\n\t\t\t\t\t\t<div class=\"elementor-element elementor-element-18dac000 elementor-widget elementor-widget-text-editor\" data-id=\"18dac000\" data-element_type=\"widget\" data-widget_type=\"text-editor.default\">\n\t\t\t\t<div class=\"elementor-widget-container\">\n\t\t\t\t\t\t\t\t\t<p>A Prefeitura Municipal de Gurup\u00e1-PA, no uso de suas atribui\u00e7\u00f5es, torna p\u00fablica a realiza\u00e7\u00e3o de Concurso P\u00fablico da Prefeitura Municipal de Gurup\u00e1, destinado ao preenchimento de vagas do quadro de pessoal efetivo de n\u00edvel Fundamental incompleto, Fundamental completo, M\u00e9dio e Superior, mediante as condi\u00e7\u00f5es estabelecidas no Edital de Abertura.<\/p><p><strong>Vagas &#8211;\u00a0<\/strong>174<\/p><p><strong>Cargos &#8211;\u00a0<\/strong>N\u00edvel Fundamental Incompleto:Bra\u00e7al, Cont\u00ednuo Administra\u00e7\u00e3o, Gari, Lavadeira, Merendeira, Motorista de Ve\u00edculos Leves (Carteira Nacional de Habilita\u00e7\u00e3o), Operador de Bomba, Porteiro, Servente, Vigia, Zelador,<\/p><p>N\u00edvel Fundamental Completo: Agente de Endemias, Auxiliar Administrativo, Cont\u00ednuo &#8211; Educa\u00e7\u00e3o e Recepcionista<strong>.<\/strong><\/p><p>N\u00edvel M\u00e9dio<strong>:\u00a0<\/strong>Agente Administrativo, Agente de Vigil\u00e2ncia Sanit\u00e1ria, Auxiliar Administrativo &#8211; Educa\u00e7\u00e3o, Digitador &#8211; Administra\u00e7\u00e3o, Digitador &#8211; Educa\u00e7\u00e3o e T\u00e9cnico em Enfermagem.<\/p><p>N\u00edvel Superior: Assistente Social<strong><br \/><\/strong><\/p><p><strong>Remunera\u00e7\u00e3o &#8211;\u00a0<\/strong>R$ 724,00 a R$ 3.200,00<strong><br \/><\/strong><\/p><p><strong>Inscri\u00e7\u00f5es &#8211;\u00a0<\/strong>24\/04\/14 a 26\/05\/14<strong><br \/><\/strong><\/p><p><strong>Taxa &#8211;\u00a0<\/strong>R$ 45,00 (n\u00edvel fundamental incompleto e completo); R$ 50,00 (n\u00edvel m\u00e9dio) e R$ 70,00 (n\u00edvel superior).<\/p><p><strong>Datas importantes<\/strong>:<\/p><p>Per\u00edodo de Inscri\u00e7\u00e3o &#8211; 24\/04\/14 a 26\/05\/14<\/p><p>Per\u00edodo de isen\u00e7\u00e3o PcD &#8211; 24\/04\/14 a 09\/05\/14<\/p><p>Pagamento do boleto banc\u00e1rio &#8211; at\u00e9 27\/05\/14<\/p><p>Cart\u00e3o de Inscri\u00e7\u00e3o &#8211; 29\/05 a 02\/06\/14<\/p><p>Data da Prova Objetiva &#8211;\u00a0 08\/06\/14, no turno da MANH\u00c3, das 8 \u00e0s 12h (hor\u00e1rio local), para todos os Cargos de N\u00edvel Fundamental Completo e N\u00edvel Superior, e, no turno da TARDE, das 14h30 \u00e0s 18h30 (hor\u00e1rio local), para os Cargos de N\u00edvel Fundamental incompleto e N\u00edvel M\u00e9dio.<\/p>\t\t\t\t\t\t\t\t<\/div>\n\t\t\t\t<\/div>\n\t\t\t\t\t<\/div>\n\t\t<\/div>\n\t\t\t\t<div class=\"elementor-column elementor-col-50 elementor-inner-column elementor-element elementor-element-74678304\" data-id=\"74678304\" data-element_type=\"column\">\n\t\t\t<div class=\"elementor-widget-wrap elementor-element-populated\">\n\t\t\t\t\t\t<div class=\"elementor-element elementor-element-43284b74 elementor-widget elementor-widget-text-editor\" data-id=\"43284b74\" data-element_type=\"widget\" data-widget_type=\"text-editor.default\">\n\t\t\t\t<div class=\"elementor-widget-container\">\n\t\t\t\t\t\t\t\t\t<p style=\"text-align: center;\"><strong><span style=\"color: #ffffff;\">Avisos<\/span><\/strong><\/p>\t\t\t\t\t\t\t\t<\/div>\n\t\t\t\t<\/div>\n\t\t\t\t<div class=\"elementor-element elementor-element-2b082ab1 elementor-widget elementor-widget-text-editor\" data-id=\"2b082ab1\" data-element_type=\"widget\" data-widget_type=\"text-editor.default\">\n\t\t\t\t<div class=\"elementor-widget-container\">\n\t\t\t\t\t\t\t\t\t<p style=\"text-align: center;\"><span style=\"color: #ff0000;\"><span style=\"color: #000000;\">Respostas dos Recursos Referente ao Resultado da Prova Objetiva <\/span><span style=\"color: #dd6b3b;\"><strong><a style=\"color: #dd6b3b;\" href=\"http:\/\/concursos.fadesp.org.br\/pmg2014\/web\/index_recurso.php\">(Dispon\u00edvel)<\/a><\/strong><\/span><\/span><\/p>\t\t\t\t\t\t\t\t<\/div>\n\t\t\t\t<\/div>\n\t\t\t\t<div class=\"elementor-element elementor-element-4f01c100 elementor-widget elementor-widget-text-editor\" data-id=\"4f01c100\" data-element_type=\"widget\" data-widget_type=\"text-editor.default\">\n\t\t\t\t<div class=\"elementor-widget-container\">\n\t\t\t\t\t\t\t\t\t<p style=\"text-align: center;\"><span style=\"color: #ffffff;\"><strong>Editais<\/strong><\/span><\/p>\t\t\t\t\t\t\t\t<\/div>\n\t\t\t\t<\/div>\n\t\t\t\t<div class=\"elementor-element elementor-element-6b8455c6 elementor-widget elementor-widget-text-editor\" data-id=\"6b8455c6\" data-element_type=\"widget\" data-widget_type=\"text-editor.default\">\n\t\t\t\t<div class=\"elementor-widget-container\">\n\t\t\t\t\t\t\t\t\t<table width=\"72\">\n<tbody>\n<tr>\n<td width=\"72\"><strong><a href=\"http:\/\/concursos.fadesp.org.br\/pmg2014\/arquivos\/Edital%20n%C2%B0%2002_2014_PMG.pdf\">\u00a0Edital 02\/2014 \u00a0Homologa\u00e7\u00e3o<\/a><\/strong><\/td>\n<\/tr>\n<tr>\n<td><strong><a href=\"http:\/\/concursos.fadesp.org.br\/pmg2014\/arquivos\/Resultado%20Geral%20da%20Prova%20Objetiva.pdf\">Resultado Geral da Prova Objetiva\u00a0<\/a><\/strong><\/td>\n<\/tr>\n<tr>\n<td><strong><a href=\"http:\/\/concursos.fadesp.org.br\/pmg2014\/arquivos\/Gabarito%20Oficial%20Definitivo%20-%20DIA%2008.06.2014.pdf\">Gabarito Oficial Definitivo &#8211; Dia 08\/06\/2014<\/a><\/strong><\/td>\n<\/tr>\n<tr>\n<td><strong><a href=\"http:\/\/concursos.fadesp.org.br\/pmg2014\/arquivos\/Gabarito%20Oficial%20Preliminar%20-%20DIA%2008.06.2014.pdf\">Gabarito Oficial Preliminar &#8211; Dia 08\/06\/2014<\/a><\/strong><\/td>\n<\/tr>\n<tr>\n<td><strong><a href=\"http:\/\/concursos.fadesp.org.br\/pmg2014\/arquivos\/Formul%C3%A1rio%20de%20Portador%20de%20Defici%C3%AAncia.pdf\">Formul\u00e1rio de PCD\u00a0<\/a><\/strong><\/td>\n<\/tr>\n<tr>\n<td><strong><a href=\"http:\/\/concursos.fadesp.org.br\/pmg2014\/arquivos\/Tabela%20de%20Cargos.pdf\">Tabela de Cargos<\/a><\/strong><\/td>\n<\/tr>\n<tr>\n<td><strong><a href=\"http:\/\/concursos.fadesp.org.br\/pmg2014\/arquivos\/Edital%20n%C2%B0%2001_2014_PMG.pdf\">Edital 01\/2014\u00a0<\/a><\/strong><\/td>\n<\/tr>\n<\/tbody>\n<\/table>\n<p style=\"text-align: center;\"><strong>\u00a0Informa\u00e7\u00f5es no setor de Concursos<\/strong><\/p>\n<p style=\"text-align: center;\"><strong>das 8h \u00e0s 17h<\/strong>\n<strong>(91) 4005-7446 \/ 7433 concursos@fadesp.org.br\u00a0<\/strong><\/p>\t\t\t\t\t\t\t\t<\/div>\n\t\t\t\t<\/div>\n\t\t\t\t\t<\/div>\n\t\t<\/div>\n\t\t\t\t\t<\/div>\n\t\t<\/section>\n\t\t\t\t\t<\/div>\n\t\t<\/div>\n\t\t\t\t\t<\/div>\n\t\t<\/section>\n\t\t\t\t<\/div>\n\t\t","protected":false},"excerpt":{"rendered":"<p>Prefeitura de Gurup\u00e1 &#8211; 2014 A Prefeitura Municipal de Gurup\u00e1-PA, no uso de suas atribui\u00e7\u00f5es, torna p\u00fablica a realiza\u00e7\u00e3o de Concurso P\u00fablico da Prefeitura Municipal de Gurup\u00e1, destinado ao preenchimento de vagas do quadro de pessoal efetivo de n\u00edvel Fundamental incompleto, Fundamental completo, M\u00e9dio e Superior, mediante as condi\u00e7\u00f5es estabelecidas no Edital de Abertura. Vagas [&hellip;]<\/p>\n","protected":false},"author":9,"featured_media":0,"parent":329,"menu_order":55,"comment_status":"closed","ping_status":"closed","template":"","meta":{"_monsterinsights_skip_tracking":false,"_monsterinsights_sitenote_active":false,"_monsterinsights_sitenote_note":"","_monsterinsights_sitenote_category":0,"footnotes":""},"class_list":["post-1493","page","type-page","status-publish","hentry","entry"],"yoast_head":"<!-- This site is optimized with the Yoast SEO plugin v25.1 - https:\/\/yoast.com\/wordpress\/plugins\/seo\/ -->\n<title>Prefeitura Municipal de Gurup\u00e1 - 2014 - FADESP<\/title>\n<meta name=\"robots\" content=\"index, follow, max-snippet:-1, max-image-preview:large, max-video-preview:-1\" \/>\n<link rel=\"canonical\" href=\"https:\/\/portalfadesp.org.br\/?page_id=1493\" \/>\n<meta property=\"og:locale\" content=\"pt_BR\" \/>\n<meta property=\"og:type\" content=\"article\" \/>\n<meta property=\"og:title\" content=\"Prefeitura Municipal de Gurup\u00e1 - 2014 - FADESP\" \/>\n<meta property=\"og:description\" content=\"Prefeitura de Gurup\u00e1 &#8211; 2014 A Prefeitura Municipal de Gurup\u00e1-PA, no uso de suas atribui\u00e7\u00f5es, torna p\u00fablica a realiza\u00e7\u00e3o de Concurso P\u00fablico da Prefeitura Municipal de Gurup\u00e1, destinado ao preenchimento de vagas do quadro de pessoal efetivo de n\u00edvel Fundamental incompleto, Fundamental completo, M\u00e9dio e Superior, mediante as condi\u00e7\u00f5es estabelecidas no Edital de Abertura. Vagas [&hellip;]\" \/>\n<meta property=\"og:url\" content=\"https:\/\/portalfadesp.org.br\/?page_id=1493\" \/>\n<meta property=\"og:site_name\" content=\"FADESP\" \/>\n<meta property=\"article:publisher\" content=\"https:\/\/www.facebook.com\/Fadesp-138351949524662\/\" \/>\n<meta property=\"article:modified_time\" content=\"2022-12-20T15:29:17+00:00\" \/>\n<meta name=\"twitter:card\" content=\"summary_large_image\" \/>\n<meta name=\"twitter:site\" content=\"@Fadesp\" \/>\n<meta name=\"twitter:label1\" content=\"Est. tempo de leitura\" \/>\n\t<meta name=\"twitter:data1\" content=\"2 minutos\" \/>\n<script type=\"application\/ld+json\" class=\"yoast-schema-graph\">{\"@context\":\"https:\/\/schema.org\",\"@graph\":[{\"@type\":\"WebPage\",\"@id\":\"https:\/\/portalfadesp.org.br\/?page_id=1493\",\"url\":\"https:\/\/portalfadesp.org.br\/?page_id=1493\",\"name\":\"Prefeitura Municipal de Gurup\u00e1 - 2014 - FADESP\",\"isPartOf\":{\"@id\":\"https:\/\/portalfadesp.org.br\/#website\"},\"datePublished\":\"2014-05-22T07:49:57+00:00\",\"dateModified\":\"2022-12-20T15:29:17+00:00\",\"breadcrumb\":{\"@id\":\"https:\/\/portalfadesp.org.br\/?page_id=1493#breadcrumb\"},\"inLanguage\":\"pt-BR\",\"potentialAction\":[{\"@type\":\"ReadAction\",\"target\":[\"https:\/\/portalfadesp.org.br\/?page_id=1493\"]}]},{\"@type\":\"BreadcrumbList\",\"@id\":\"https:\/\/portalfadesp.org.br\/?page_id=1493#breadcrumb\",\"itemListElement\":[{\"@type\":\"ListItem\",\"position\":1,\"name\":\"In\u00edcio\",\"item\":\"https:\/\/portalfadesp.org.br\/\"},{\"@type\":\"ListItem\",\"position\":2,\"name\":\"Concursos &#8211; Homologados\",\"item\":\"https:\/\/portalfadesp.org.br\/?page_id=329\"},{\"@type\":\"ListItem\",\"position\":3,\"name\":\"Prefeitura Municipal de Gurup\u00e1 &#8211; 2014\"}]},{\"@type\":\"WebSite\",\"@id\":\"https:\/\/portalfadesp.org.br\/#website\",\"url\":\"https:\/\/portalfadesp.org.br\/\",\"name\":\"FADESP\",\"description\":\"Funda\u00e7\u00e3o de Amparo e Desenvolvimento da Pesquisa\",\"publisher\":{\"@id\":\"https:\/\/portalfadesp.org.br\/#organization\"},\"potentialAction\":[{\"@type\":\"SearchAction\",\"target\":{\"@type\":\"EntryPoint\",\"urlTemplate\":\"https:\/\/portalfadesp.org.br\/?s={search_term_string}\"},\"query-input\":{\"@type\":\"PropertyValueSpecification\",\"valueRequired\":true,\"valueName\":\"search_term_string\"}}],\"inLanguage\":\"pt-BR\"},{\"@type\":\"Organization\",\"@id\":\"https:\/\/portalfadesp.org.br\/#organization\",\"name\":\"FADESP\",\"url\":\"https:\/\/portalfadesp.org.br\/\",\"logo\":{\"@type\":\"ImageObject\",\"inLanguage\":\"pt-BR\",\"@id\":\"https:\/\/portalfadesp.org.br\/#\/schema\/logo\/image\/\",\"url\":\"https:\/\/portalfadesp.org.br\/wp-content\/uploads\/2024\/01\/NOVOLOGOFADESPlaranjaH.png\",\"contentUrl\":\"https:\/\/portalfadesp.org.br\/wp-content\/uploads\/2024\/01\/NOVOLOGOFADESPlaranjaH.png\",\"width\":2742,\"height\":839,\"caption\":\"FADESP\"},\"image\":{\"@id\":\"https:\/\/portalfadesp.org.br\/#\/schema\/logo\/image\/\"},\"sameAs\":[\"https:\/\/www.facebook.com\/Fadesp-138351949524662\/\",\"https:\/\/x.com\/Fadesp\",\"https:\/\/www.instagram.com\/fadesp_ufpa\/\",\"https:\/\/www.youtube.com\/@fundacaodeamparoedesenvolv1903\",\"https:\/\/www.threads.net\/@fadesp_ufpa\"]}]}<\/script>\n<!-- \/ Yoast SEO plugin. -->","yoast_head_json":{"title":"Prefeitura Municipal de Gurup\u00e1 - 2014 - FADESP","robots":{"index":"index","follow":"follow","max-snippet":"max-snippet:-1","max-image-preview":"max-image-preview:large","max-video-preview":"max-video-preview:-1"},"canonical":"https:\/\/portalfadesp.org.br\/?page_id=1493","og_locale":"pt_BR","og_type":"article","og_title":"Prefeitura Municipal de Gurup\u00e1 - 2014 - FADESP","og_description":"Prefeitura de Gurup\u00e1 &#8211; 2014 A Prefeitura Municipal de Gurup\u00e1-PA, no uso de suas atribui\u00e7\u00f5es, torna p\u00fablica a realiza\u00e7\u00e3o de Concurso P\u00fablico da Prefeitura Municipal de Gurup\u00e1, destinado ao preenchimento de vagas do quadro de pessoal efetivo de n\u00edvel Fundamental incompleto, Fundamental completo, M\u00e9dio e Superior, mediante as condi\u00e7\u00f5es estabelecidas no Edital de Abertura. Vagas [&hellip;]","og_url":"https:\/\/portalfadesp.org.br\/?page_id=1493","og_site_name":"FADESP","article_publisher":"https:\/\/www.facebook.com\/Fadesp-138351949524662\/","article_modified_time":"2022-12-20T15:29:17+00:00","twitter_card":"summary_large_image","twitter_site":"@Fadesp","twitter_misc":{"Est. tempo de leitura":"2 minutos"},"schema":{"@context":"https:\/\/schema.org","@graph":[{"@type":"WebPage","@id":"https:\/\/portalfadesp.org.br\/?page_id=1493","url":"https:\/\/portalfadesp.org.br\/?page_id=1493","name":"Prefeitura Municipal de Gurup\u00e1 - 2014 - FADESP","isPartOf":{"@id":"https:\/\/portalfadesp.org.br\/#website"},"datePublished":"2014-05-22T07:49:57+00:00","dateModified":"2022-12-20T15:29:17+00:00","breadcrumb":{"@id":"https:\/\/portalfadesp.org.br\/?page_id=1493#breadcrumb"},"inLanguage":"pt-BR","potentialAction":[{"@type":"ReadAction","target":["https:\/\/portalfadesp.org.br\/?page_id=1493"]}]},{"@type":"BreadcrumbList","@id":"https:\/\/portalfadesp.org.br\/?page_id=1493#breadcrumb","itemListElement":[{"@type":"ListItem","position":1,"name":"In\u00edcio","item":"https:\/\/portalfadesp.org.br\/"},{"@type":"ListItem","position":2,"name":"Concursos &#8211; Homologados","item":"https:\/\/portalfadesp.org.br\/?page_id=329"},{"@type":"ListItem","position":3,"name":"Prefeitura Municipal de Gurup\u00e1 &#8211; 2014"}]},{"@type":"WebSite","@id":"https:\/\/portalfadesp.org.br\/#website","url":"https:\/\/portalfadesp.org.br\/","name":"FADESP","description":"Funda\u00e7\u00e3o de Amparo e Desenvolvimento da Pesquisa","publisher":{"@id":"https:\/\/portalfadesp.org.br\/#organization"},"potentialAction":[{"@type":"SearchAction","target":{"@type":"EntryPoint","urlTemplate":"https:\/\/portalfadesp.org.br\/?s={search_term_string}"},"query-input":{"@type":"PropertyValueSpecification","valueRequired":true,"valueName":"search_term_string"}}],"inLanguage":"pt-BR"},{"@type":"Organization","@id":"https:\/\/portalfadesp.org.br\/#organization","name":"FADESP","url":"https:\/\/portalfadesp.org.br\/","logo":{"@type":"ImageObject","inLanguage":"pt-BR","@id":"https:\/\/portalfadesp.org.br\/#\/schema\/logo\/image\/","url":"https:\/\/portalfadesp.org.br\/wp-content\/uploads\/2024\/01\/NOVOLOGOFADESPlaranjaH.png","contentUrl":"https:\/\/portalfadesp.org.br\/wp-content\/uploads\/2024\/01\/NOVOLOGOFADESPlaranjaH.png","width":2742,"height":839,"caption":"FADESP"},"image":{"@id":"https:\/\/portalfadesp.org.br\/#\/schema\/logo\/image\/"},"sameAs":["https:\/\/www.facebook.com\/Fadesp-138351949524662\/","https:\/\/x.com\/Fadesp","https:\/\/www.instagram.com\/fadesp_ufpa\/","https:\/\/www.youtube.com\/@fundacaodeamparoedesenvolv1903","https:\/\/www.threads.net\/@fadesp_ufpa"]}]}},"_links":{"self":[{"href":"https:\/\/portalfadesp.org.br\/index.php?rest_route=\/wp\/v2\/pages\/1493","targetHints":{"allow":["GET"]}}],"collection":[{"href":"https:\/\/portalfadesp.org.br\/index.php?rest_route=\/wp\/v2\/pages"}],"about":[{"href":"https:\/\/portalfadesp.org.br\/index.php?rest_route=\/wp\/v2\/types\/page"}],"author":[{"embeddable":true,"href":"https:\/\/portalfadesp.org.br\/index.php?rest_route=\/wp\/v2\/users\/9"}],"replies":[{"embeddable":true,"href":"https:\/\/portalfadesp.org.br\/index.php?rest_route=%2Fwp%2Fv2%2Fcomments&post=1493"}],"version-history":[{"count":33,"href":"https:\/\/portalfadesp.org.br\/index.php?rest_route=\/wp\/v2\/pages\/1493\/revisions"}],"predecessor-version":[{"id":36645,"href":"https:\/\/portalfadesp.org.br\/index.php?rest_route=\/wp\/v2\/pages\/1493\/revisions\/36645"}],"up":[{"embeddable":true,"href":"https:\/\/portalfadesp.org.br\/index.php?rest_route=\/wp\/v2\/pages\/329"}],"wp:attachment":[{"href":"https:\/\/portalfadesp.org.br\/index.php?rest_route=%2Fwp%2Fv2%2Fmedia&parent=1493"}],"curies":[{"name":"wp","href":"https:\/\/api.w.org\/{rel}","templated":true}]}}