{"id":1492,"date":"2013-05-22T04:49:38","date_gmt":"2013-05-22T07:49:38","guid":{"rendered":"https:\/\/162.215.13.167?page_id=1492"},"modified":"2022-12-20T12:32:21","modified_gmt":"2022-12-20T15:32:21","slug":"prefeitura-de-nova-esperanca-do-piria-2013","status":"publish","type":"page","link":"https:\/\/portalfadesp.org.br\/?page_id=1492","title":{"rendered":"Prefeitura Municipal de Nova Esperan\u00e7a do Piri\u00e1 (PA) &#8211; 2013"},"content":{"rendered":"\t\t<div data-elementor-type=\"wp-post\" data-elementor-id=\"1492\" class=\"elementor elementor-1492\" data-elementor-post-type=\"page\">\n\t\t\t\t\t\t<section class=\"elementor-section elementor-top-section elementor-element elementor-element-3a35f8c1 elementor-section-boxed elementor-section-height-default elementor-section-height-default\" data-id=\"3a35f8c1\" data-element_type=\"section\">\n\t\t\t\t\t\t<div class=\"elementor-container elementor-column-gap-default\">\n\t\t\t\t\t<div class=\"elementor-column elementor-col-100 elementor-top-column elementor-element elementor-element-604971e5\" data-id=\"604971e5\" data-element_type=\"column\">\n\t\t\t<div class=\"elementor-widget-wrap elementor-element-populated\">\n\t\t\t\t\t\t<div class=\"elementor-element elementor-element-20261e2f elementor-widget elementor-widget-heading\" data-id=\"20261e2f\" data-element_type=\"widget\" data-widget_type=\"heading.default\">\n\t\t\t\t<div class=\"elementor-widget-container\">\n\t\t\t\t\t<h1 class=\"elementor-heading-title elementor-size-default\">Prefeitura de Nova Esperan\u00e7a do Piri\u00e1 - 2013\n<\/h1>\t\t\t\t<\/div>\n\t\t\t\t<\/div>\n\t\t\t\t<section class=\"elementor-section elementor-inner-section elementor-element elementor-element-297fa390 elementor-section-boxed elementor-section-height-default elementor-section-height-default\" data-id=\"297fa390\" data-element_type=\"section\">\n\t\t\t\t\t\t<div class=\"elementor-container elementor-column-gap-default\">\n\t\t\t\t\t<div class=\"elementor-column elementor-col-50 elementor-inner-column elementor-element elementor-element-135b3140\" data-id=\"135b3140\" data-element_type=\"column\">\n\t\t\t<div class=\"elementor-widget-wrap elementor-element-populated\">\n\t\t\t\t\t\t<div class=\"elementor-element elementor-element-3d85d36c elementor-widget elementor-widget-text-editor\" data-id=\"3d85d36c\" data-element_type=\"widget\" data-widget_type=\"text-editor.default\">\n\t\t\t\t<div class=\"elementor-widget-container\">\n\t\t\t\t\t\t\t\t\t<p>A prefeitura de Nova Esperan\u00e7a do Piri\u00e1 torna p\u00fablica a realiza\u00e7\u00e3o de concurso para o\u00a0preenchimento de vagas do quadro de pessoal efetivo de n\u00edveis Superior, M\u00e9dio, Fundamental completo, Fundamental incompleto e alfabetizado.<\/p><p><strong>Vagas &#8211;\u00a0<\/strong>529<\/p><p><strong>Cargos &#8211;\u00a0<\/strong>Auxiliar de servi\u00e7os gerais, auxiliar de m\u00e1quinas, auxiliar de mec\u00e2nico, coveiro, vigia, gari, eletricista, pedreiro, mec\u00e2nico, piloto de motocicleta, operador de equipamentos leves, operador de trator de pneu, operador de p\u00e1 carregadeira, operador de trator de esteira, operador de patrol, operador de retroescavadeira, motorista de ve\u00edculo pesado, motorista de ve\u00edculo leve, auxiliar administrativo, recepcionista, auxiliar de laborat\u00f3rio, auxiliar de higiene bucal, agente de fiscaliza\u00e7\u00e3o, t\u00e9cnico de enfermagem, t\u00e9cnico de laborat\u00f3rio, t\u00e9cnico agr\u00edcola, professor de educa\u00e7\u00e3o infantil e s\u00e9ries\/anos iniciais do Ensino Fundamental (Magist\u00e9rio), assistente social, psic\u00f3logo, fisioterapeuta, enfermeiro, bibliotec\u00e1rio, ondot\u00f3logo, nutricionista, bioqu\u00edmico, m\u00e9dico cl\u00ednico geral, m\u00e9dico veterin\u00e1rio, engenheiro agr\u00f4nomo, engenheiro civil, engenheiro ambiental, professor &#8211; suporte pedag\u00f3gico, professor licenciado pleno em Letras (l\u00edngua portuguesa), professor licenciado pleno em Matem\u00e1tica, professor licenciado pleno em Hist\u00f3ria, professor licenciado pleno em Geografia, professor licenciado pleno em Letras \/ habilita\u00e7\u00e3o L\u00edngia Estrangeira &#8211; Ingl\u00eas, professor licenciado pleno em Arte.<\/p><p><strong>Remunera\u00e7\u00e3o &#8211;\u00a0<\/strong>R$ 783,50 a R$ 3.000,00.<\/p><p><strong>Inscri\u00e7\u00f5es &#8211;\u00a0<\/strong>13\/01\/14 a 17\/01\/14.<\/p><p><strong>Taxa &#8211;\u00a0<\/strong>R$ 40,00 (n\u00edveis fundamental incompleto e alfabetizado), R$ 45,00 (n\u00edvel fundamental completo), R$ 50,00 (n\u00edvel m\u00e9dio) e R$ 60,00 (n\u00edvel superior).<\/p><p><strong>Pagamento da taxa de inscri\u00e7\u00e3o<\/strong>\u00a0&#8211; 13\/01\/14 a 17\/01\/14,\u00a0na ag\u00eancia da Lot\u00e9rica da Caixa Econ\u00f4mica Federal, situada na avenida 13 de Maio, 13, Centro, Nova Esperan\u00e7a do Piri\u00e1-PA e no Banco Bradesco, situado na avenida S\u00e3o Pedro s\/n, Centro, Nova Esperan\u00e7a do Piri\u00e1-PA.<\/p><p><strong>Datas importantes<\/strong><\/p><p>\u00a0<strong>Inscri\u00e7\u00f5es e pagamento da taxa<\/strong>\u00a0&#8211; 13\/01\/14 a 17\/01\/14.<\/p><p><strong>Entrega do cart\u00e3o de confirma\u00e7\u00e3o de inscri\u00e7\u00e3o<\/strong>\u00a0&#8211; de 03\/02\/14 a 07\/02\/14, das 8h \u00e0s 17h, no Galp\u00e3o dos Agricultores, rua D. Pedro I, s\/n, centro, atr\u00e1s da garagem da prefeitura de Nova Esperan\u00e7a do Piri\u00e1.\u00a0<\/p><p><strong>Data da prova objetiva<\/strong>\u00a0&#8211; 23\/02\/14, das 8h \u00e0s 12h (n\u00edveis Fundamental Completo e Superior) e das 14h30 \u00e0s 18h30 (n\u00edveis Fundamental incompleto, Alfabetizado e M\u00e9dio), em Nova Esperan\u00e7a do Piri\u00e1.<\/p><p><strong>Resultado da prova de t\u00edtulos<\/strong>\u00a0&#8211; at\u00e9 09\/05\/14 as 17h<\/p>\t\t\t\t\t\t\t\t<\/div>\n\t\t\t\t<\/div>\n\t\t\t\t\t<\/div>\n\t\t<\/div>\n\t\t\t\t<div class=\"elementor-column elementor-col-50 elementor-inner-column elementor-element elementor-element-345bd2c5\" data-id=\"345bd2c5\" data-element_type=\"column\">\n\t\t\t<div class=\"elementor-widget-wrap elementor-element-populated\">\n\t\t\t\t\t\t<div class=\"elementor-element elementor-element-3b3f9b80 elementor-widget elementor-widget-text-editor\" data-id=\"3b3f9b80\" data-element_type=\"widget\" data-widget_type=\"text-editor.default\">\n\t\t\t\t<div class=\"elementor-widget-container\">\n\t\t\t\t\t\t\t\t\t<p style=\"text-align: center;\"><span style=\"color: #ffffff;\"><strong>Editais e Avisos<\/strong><\/span><\/p>\t\t\t\t\t\t\t\t<\/div>\n\t\t\t\t<\/div>\n\t\t\t\t<div class=\"elementor-element elementor-element-3a319b67 elementor-widget elementor-widget-text-editor\" data-id=\"3a319b67\" data-element_type=\"widget\" data-widget_type=\"text-editor.default\">\n\t\t\t\t<div class=\"elementor-widget-container\">\n\t\t\t\t\t\t\t\t\t<table width=\"80\"><tbody><tr><td width=\"80\"><strong><a href=\"http:\/\/concursos.fadesp.org.br\/pmnep2013\/arquivos\/Aviso%20de%20Convoca%C3%A7%C3%A3o.pdf\">Aviso de Convoca\u00e7\u00e3o<\/a><\/strong><\/td><\/tr><tr><td><strong><a href=\"http:\/\/concursos.fadesp.org.br\/pmnep2013\/arquivos\/Edital%20n%C2%B0%2004_2014_PMNEP_Homologa%C3%A7%C3%A3o.pdf\">Edital n\u00b0 04_2014_PMNEP_Homologa\u00e7\u00e3o<\/a><\/strong><\/td><\/tr><tr><td><strong><a href=\"http:\/\/concursos.fadesp.org.br\/pmnep2013\/arquivos\/Resultado%20dos%20Cargos%20de%20Professores.pdf\">Resultado dos Cargos de Professores<\/a><\/strong><\/td><\/tr><tr><td><strong><a href=\"http:\/\/concursos.fadesp.org.br\/pmnep2013\/arquivos\/Retifica%C3%A7%C3%A3o%20de%20notas%20da%20prova%20de%20de%20t%C3%ADtulos.pdf\">Retifica\u00e7\u00e3o de notas da prova de de t\u00edtulos<\/a><\/strong><\/td><\/tr><tr><td><strong><a href=\"http:\/\/concursos.fadesp.org.br\/pmnep2013\/arquivos\/ResultTitulos.pdf\">Resultado da Prova de T\u00edtulos<\/a><\/strong><\/td><\/tr><tr><td><strong><a href=\"http:\/\/concursos.fadesp.org.br\/pmnep2013\/arquivos\/Edital%20n%C2%B0%2003_2014_Convoca%C3%A7%C3%A3o%20a%20Prova%20de%20T%C3%ADtulos.pdf\">Edital n\u00ba 03\/2014 &#8211; Convoca\u00e7\u00e3o a Prova de T\u00edtulos<\/a><\/strong><\/td><\/tr><tr><td><strong><a href=\"http:\/\/concursos.fadesp.org.br\/pmnep2013\/arquivos\/Formul%C3%A1rio%20de%20Entrega%20de%20T%C3%ADtulos.pdf\">Formul\u00e1rio de Entrega de T\u00edtulos<\/a><\/strong><\/td><\/tr><tr><td><strong><a href=\"http:\/\/concursos.fadesp.org.br\/pmnep2013\/arquivos\/Resultado%20Geral%20da%20Prova%20Objetiva.pdf\">Resultado Geral da Prova Objetiva<\/a><\/strong><\/td><\/tr><tr><td><strong><a href=\"http:\/\/concursos.fadesp.org.br\/pmnep2013\/arquivos\/Gabarito%20Oficial%20Definitivo%20-%20DIA%2009.03.2014.pdf\">Gabarito Oficial Definitivo &#8211; dia 09\/03\/2014<\/a><\/strong><\/td><\/tr><tr><td><strong><a href=\"http:\/\/concursos.fadesp.org.br\/pmnep2013\/arquivos\/Provas09\/Provas.html\">Provas &#8211; dia 09\/03\/2014<\/a><\/strong><\/td><\/tr><tr><td><strong><a href=\"http:\/\/concursos.fadesp.org.br\/pmnep2013\/arquivos\/Gabarito%20Oficial%20Preliminar%20-%20DIA%2009.03.2014.pdf\">Gabarito Oficial Preliminar &#8211; dia 09\/03\/2014<\/a><\/strong><\/td><\/tr><tr><td><strong><a href=\"http:\/\/concursos.fadesp.org.br\/pmnep2013\/arquivos\/Gabarito%20Oficial%20Definitivo%20-%20DIA%2023.02.2014.pdf\">Gabarito Oficial Definitivo &#8211; dia 23\/02\/2014<\/a><\/strong><\/td><\/tr><tr><td><strong><a href=\"http:\/\/concursos.fadesp.org.br\/pmnep2013\/arquivos\/Provas\/Provas.html\">Provas &#8211; dia 23\/02\/2014<\/a><\/strong><\/td><\/tr><tr><td><strong><a href=\"http:\/\/concursos.fadesp.org.br\/pmnep2013\/arquivos\/Gabarito%20Oficial%20Preliminar%20-%20DIA%2023.02.2014.pdf\">Gabarito Oficial Preliminar &#8211; dia 23\/02\/2014<\/a><\/strong><\/td><\/tr><tr><td><strong><a href=\"http:\/\/concursos.fadesp.org.br\/pmnep2013\/arquivos\/Aviso%20-%20Datas%20das%20Provas%20Objetivas.pdf\">Aviso &#8211; Data das Provas Objetivas<\/a><\/strong><\/td><\/tr><tr><td><strong><a href=\"http:\/\/concursos.fadesp.org.br\/pmnep2013\/arquivos\/Edital%20n%C2%B0%2002_2014_PMNEP%20-%20Data%20das%20Provas.pdf\">Edital n\u00ba02\/2014 &#8211; Data das Provas<\/a><\/strong><\/td><\/tr><tr><td><strong><a href=\"http:\/\/concursos.fadesp.org.br\/pmnep2013\/arquivos\/Retifica%C3%A7%C3%A3o%20do%20Edital%20no%20DOE.pdf\">Retifica\u00e7\u00e3o do Edital no DOE<\/a><\/strong><\/td><\/tr><tr><td><strong><a href=\"http:\/\/concursos.fadesp.org.br\/pmnep2013\/arquivos\/Formul%C3%A1rio%20de%20Portador%20de%20Defici%C3%AAncia.pdf\">Formul\u00e1rio de Portador de Defici\u00eancia<\/a><\/strong><\/td><\/tr><tr><td><strong><a href=\"http:\/\/concursos.fadesp.org.br\/pmnep2013\/arquivos\/Edital%20n%C2%B0%2001_2013_PMNEP.pdf\">Edital n\u00ba01\/2013 &#8211; Retificado<\/a><\/strong><\/td><\/tr><\/tbody><\/table>\t\t\t\t\t\t\t\t<\/div>\n\t\t\t\t<\/div>\n\t\t\t\t\t<\/div>\n\t\t<\/div>\n\t\t\t\t\t<\/div>\n\t\t<\/section>\n\t\t\t\t\t<\/div>\n\t\t<\/div>\n\t\t\t\t\t<\/div>\n\t\t<\/section>\n\t\t\t\t<\/div>\n\t\t","protected":false},"excerpt":{"rendered":"<p>Prefeitura de Nova Esperan\u00e7a do Piri\u00e1 &#8211; 2013 A prefeitura de Nova Esperan\u00e7a do Piri\u00e1 torna p\u00fablica a realiza\u00e7\u00e3o de concurso para o\u00a0preenchimento de vagas do quadro de pessoal efetivo de n\u00edveis Superior, M\u00e9dio, Fundamental completo, Fundamental incompleto e alfabetizado. Vagas &#8211;\u00a0529 Cargos &#8211;\u00a0Auxiliar de servi\u00e7os gerais, auxiliar de m\u00e1quinas, auxiliar de mec\u00e2nico, coveiro, vigia, [&hellip;]<\/p>\n","protected":false},"author":9,"featured_media":0,"parent":329,"menu_order":56,"comment_status":"closed","ping_status":"closed","template":"","meta":{"_monsterinsights_skip_tracking":false,"_monsterinsights_sitenote_active":false,"_monsterinsights_sitenote_note":"","_monsterinsights_sitenote_category":0,"footnotes":""},"class_list":["post-1492","page","type-page","status-publish","hentry","entry"],"yoast_head":"<!-- This site is optimized with the Yoast SEO plugin v25.1 - https:\/\/yoast.com\/wordpress\/plugins\/seo\/ -->\n<title>Prefeitura Municipal de Nova Esperan\u00e7a do Piri\u00e1 (PA) - 2013 - FADESP<\/title>\n<meta name=\"robots\" content=\"index, follow, max-snippet:-1, max-image-preview:large, max-video-preview:-1\" \/>\n<link rel=\"canonical\" href=\"https:\/\/portalfadesp.org.br\/?page_id=1492\" \/>\n<meta property=\"og:locale\" content=\"pt_BR\" \/>\n<meta property=\"og:type\" content=\"article\" \/>\n<meta property=\"og:title\" content=\"Prefeitura Municipal de Nova Esperan\u00e7a do Piri\u00e1 (PA) - 2013 - FADESP\" \/>\n<meta property=\"og:description\" content=\"Prefeitura de Nova Esperan\u00e7a do Piri\u00e1 &#8211; 2013 A prefeitura de Nova Esperan\u00e7a do Piri\u00e1 torna p\u00fablica a realiza\u00e7\u00e3o de concurso para o\u00a0preenchimento de vagas do quadro de pessoal efetivo de n\u00edveis Superior, M\u00e9dio, Fundamental completo, Fundamental incompleto e alfabetizado. Vagas &#8211;\u00a0529 Cargos &#8211;\u00a0Auxiliar de servi\u00e7os gerais, auxiliar de m\u00e1quinas, auxiliar de mec\u00e2nico, coveiro, vigia, [&hellip;]\" \/>\n<meta property=\"og:url\" content=\"https:\/\/portalfadesp.org.br\/?page_id=1492\" \/>\n<meta property=\"og:site_name\" content=\"FADESP\" \/>\n<meta property=\"article:publisher\" content=\"https:\/\/www.facebook.com\/Fadesp-138351949524662\/\" \/>\n<meta property=\"article:modified_time\" content=\"2022-12-20T15:32:21+00:00\" \/>\n<meta name=\"twitter:card\" content=\"summary_large_image\" \/>\n<meta name=\"twitter:site\" content=\"@Fadesp\" \/>\n<meta name=\"twitter:label1\" content=\"Est. tempo de leitura\" \/>\n\t<meta name=\"twitter:data1\" content=\"3 minutos\" \/>\n<script type=\"application\/ld+json\" class=\"yoast-schema-graph\">{\"@context\":\"https:\/\/schema.org\",\"@graph\":[{\"@type\":\"WebPage\",\"@id\":\"https:\/\/portalfadesp.org.br\/?page_id=1492\",\"url\":\"https:\/\/portalfadesp.org.br\/?page_id=1492\",\"name\":\"Prefeitura Municipal de Nova Esperan\u00e7a do Piri\u00e1 (PA) - 2013 - FADESP\",\"isPartOf\":{\"@id\":\"https:\/\/portalfadesp.org.br\/#website\"},\"datePublished\":\"2013-05-22T07:49:38+00:00\",\"dateModified\":\"2022-12-20T15:32:21+00:00\",\"breadcrumb\":{\"@id\":\"https:\/\/portalfadesp.org.br\/?page_id=1492#breadcrumb\"},\"inLanguage\":\"pt-BR\",\"potentialAction\":[{\"@type\":\"ReadAction\",\"target\":[\"https:\/\/portalfadesp.org.br\/?page_id=1492\"]}]},{\"@type\":\"BreadcrumbList\",\"@id\":\"https:\/\/portalfadesp.org.br\/?page_id=1492#breadcrumb\",\"itemListElement\":[{\"@type\":\"ListItem\",\"position\":1,\"name\":\"In\u00edcio\",\"item\":\"https:\/\/portalfadesp.org.br\/\"},{\"@type\":\"ListItem\",\"position\":2,\"name\":\"Concursos &#8211; Homologados\",\"item\":\"https:\/\/portalfadesp.org.br\/?page_id=329\"},{\"@type\":\"ListItem\",\"position\":3,\"name\":\"Prefeitura Municipal de Nova Esperan\u00e7a do Piri\u00e1 (PA) &#8211; 2013\"}]},{\"@type\":\"WebSite\",\"@id\":\"https:\/\/portalfadesp.org.br\/#website\",\"url\":\"https:\/\/portalfadesp.org.br\/\",\"name\":\"FADESP\",\"description\":\"Funda\u00e7\u00e3o de Amparo e Desenvolvimento da Pesquisa\",\"publisher\":{\"@id\":\"https:\/\/portalfadesp.org.br\/#organization\"},\"potentialAction\":[{\"@type\":\"SearchAction\",\"target\":{\"@type\":\"EntryPoint\",\"urlTemplate\":\"https:\/\/portalfadesp.org.br\/?s={search_term_string}\"},\"query-input\":{\"@type\":\"PropertyValueSpecification\",\"valueRequired\":true,\"valueName\":\"search_term_string\"}}],\"inLanguage\":\"pt-BR\"},{\"@type\":\"Organization\",\"@id\":\"https:\/\/portalfadesp.org.br\/#organization\",\"name\":\"FADESP\",\"url\":\"https:\/\/portalfadesp.org.br\/\",\"logo\":{\"@type\":\"ImageObject\",\"inLanguage\":\"pt-BR\",\"@id\":\"https:\/\/portalfadesp.org.br\/#\/schema\/logo\/image\/\",\"url\":\"https:\/\/portalfadesp.org.br\/wp-content\/uploads\/2024\/01\/NOVOLOGOFADESPlaranjaH.png\",\"contentUrl\":\"https:\/\/portalfadesp.org.br\/wp-content\/uploads\/2024\/01\/NOVOLOGOFADESPlaranjaH.png\",\"width\":2742,\"height\":839,\"caption\":\"FADESP\"},\"image\":{\"@id\":\"https:\/\/portalfadesp.org.br\/#\/schema\/logo\/image\/\"},\"sameAs\":[\"https:\/\/www.facebook.com\/Fadesp-138351949524662\/\",\"https:\/\/x.com\/Fadesp\",\"https:\/\/www.instagram.com\/fadesp_ufpa\/\",\"https:\/\/www.youtube.com\/@fundacaodeamparoedesenvolv1903\",\"https:\/\/www.threads.net\/@fadesp_ufpa\"]}]}<\/script>\n<!-- \/ Yoast SEO plugin. -->","yoast_head_json":{"title":"Prefeitura Municipal de Nova Esperan\u00e7a do Piri\u00e1 (PA) - 2013 - FADESP","robots":{"index":"index","follow":"follow","max-snippet":"max-snippet:-1","max-image-preview":"max-image-preview:large","max-video-preview":"max-video-preview:-1"},"canonical":"https:\/\/portalfadesp.org.br\/?page_id=1492","og_locale":"pt_BR","og_type":"article","og_title":"Prefeitura Municipal de Nova Esperan\u00e7a do Piri\u00e1 (PA) - 2013 - FADESP","og_description":"Prefeitura de Nova Esperan\u00e7a do Piri\u00e1 &#8211; 2013 A prefeitura de Nova Esperan\u00e7a do Piri\u00e1 torna p\u00fablica a realiza\u00e7\u00e3o de concurso para o\u00a0preenchimento de vagas do quadro de pessoal efetivo de n\u00edveis Superior, M\u00e9dio, Fundamental completo, Fundamental incompleto e alfabetizado. Vagas &#8211;\u00a0529 Cargos &#8211;\u00a0Auxiliar de servi\u00e7os gerais, auxiliar de m\u00e1quinas, auxiliar de mec\u00e2nico, coveiro, vigia, [&hellip;]","og_url":"https:\/\/portalfadesp.org.br\/?page_id=1492","og_site_name":"FADESP","article_publisher":"https:\/\/www.facebook.com\/Fadesp-138351949524662\/","article_modified_time":"2022-12-20T15:32:21+00:00","twitter_card":"summary_large_image","twitter_site":"@Fadesp","twitter_misc":{"Est. tempo de leitura":"3 minutos"},"schema":{"@context":"https:\/\/schema.org","@graph":[{"@type":"WebPage","@id":"https:\/\/portalfadesp.org.br\/?page_id=1492","url":"https:\/\/portalfadesp.org.br\/?page_id=1492","name":"Prefeitura Municipal de Nova Esperan\u00e7a do Piri\u00e1 (PA) - 2013 - FADESP","isPartOf":{"@id":"https:\/\/portalfadesp.org.br\/#website"},"datePublished":"2013-05-22T07:49:38+00:00","dateModified":"2022-12-20T15:32:21+00:00","breadcrumb":{"@id":"https:\/\/portalfadesp.org.br\/?page_id=1492#breadcrumb"},"inLanguage":"pt-BR","potentialAction":[{"@type":"ReadAction","target":["https:\/\/portalfadesp.org.br\/?page_id=1492"]}]},{"@type":"BreadcrumbList","@id":"https:\/\/portalfadesp.org.br\/?page_id=1492#breadcrumb","itemListElement":[{"@type":"ListItem","position":1,"name":"In\u00edcio","item":"https:\/\/portalfadesp.org.br\/"},{"@type":"ListItem","position":2,"name":"Concursos &#8211; Homologados","item":"https:\/\/portalfadesp.org.br\/?page_id=329"},{"@type":"ListItem","position":3,"name":"Prefeitura Municipal de Nova Esperan\u00e7a do Piri\u00e1 (PA) &#8211; 2013"}]},{"@type":"WebSite","@id":"https:\/\/portalfadesp.org.br\/#website","url":"https:\/\/portalfadesp.org.br\/","name":"FADESP","description":"Funda\u00e7\u00e3o de Amparo e Desenvolvimento da Pesquisa","publisher":{"@id":"https:\/\/portalfadesp.org.br\/#organization"},"potentialAction":[{"@type":"SearchAction","target":{"@type":"EntryPoint","urlTemplate":"https:\/\/portalfadesp.org.br\/?s={search_term_string}"},"query-input":{"@type":"PropertyValueSpecification","valueRequired":true,"valueName":"search_term_string"}}],"inLanguage":"pt-BR"},{"@type":"Organization","@id":"https:\/\/portalfadesp.org.br\/#organization","name":"FADESP","url":"https:\/\/portalfadesp.org.br\/","logo":{"@type":"ImageObject","inLanguage":"pt-BR","@id":"https:\/\/portalfadesp.org.br\/#\/schema\/logo\/image\/","url":"https:\/\/portalfadesp.org.br\/wp-content\/uploads\/2024\/01\/NOVOLOGOFADESPlaranjaH.png","contentUrl":"https:\/\/portalfadesp.org.br\/wp-content\/uploads\/2024\/01\/NOVOLOGOFADESPlaranjaH.png","width":2742,"height":839,"caption":"FADESP"},"image":{"@id":"https:\/\/portalfadesp.org.br\/#\/schema\/logo\/image\/"},"sameAs":["https:\/\/www.facebook.com\/Fadesp-138351949524662\/","https:\/\/x.com\/Fadesp","https:\/\/www.instagram.com\/fadesp_ufpa\/","https:\/\/www.youtube.com\/@fundacaodeamparoedesenvolv1903","https:\/\/www.threads.net\/@fadesp_ufpa"]}]}},"_links":{"self":[{"href":"https:\/\/portalfadesp.org.br\/index.php?rest_route=\/wp\/v2\/pages\/1492","targetHints":{"allow":["GET"]}}],"collection":[{"href":"https:\/\/portalfadesp.org.br\/index.php?rest_route=\/wp\/v2\/pages"}],"about":[{"href":"https:\/\/portalfadesp.org.br\/index.php?rest_route=\/wp\/v2\/types\/page"}],"author":[{"embeddable":true,"href":"https:\/\/portalfadesp.org.br\/index.php?rest_route=\/wp\/v2\/users\/9"}],"replies":[{"embeddable":true,"href":"https:\/\/portalfadesp.org.br\/index.php?rest_route=%2Fwp%2Fv2%2Fcomments&post=1492"}],"version-history":[{"count":25,"href":"https:\/\/portalfadesp.org.br\/index.php?rest_route=\/wp\/v2\/pages\/1492\/revisions"}],"predecessor-version":[{"id":36675,"href":"https:\/\/portalfadesp.org.br\/index.php?rest_route=\/wp\/v2\/pages\/1492\/revisions\/36675"}],"up":[{"embeddable":true,"href":"https:\/\/portalfadesp.org.br\/index.php?rest_route=\/wp\/v2\/pages\/329"}],"wp:attachment":[{"href":"https:\/\/portalfadesp.org.br\/index.php?rest_route=%2Fwp%2Fv2%2Fmedia&parent=1492"}],"curies":[{"name":"wp","href":"https:\/\/api.w.org\/{rel}","templated":true}]}}