{"id":1490,"date":"2013-05-22T04:53:51","date_gmt":"2013-05-22T07:53:51","guid":{"rendered":"https:\/\/162.215.13.167?page_id=1490"},"modified":"2022-12-20T12:31:56","modified_gmt":"2022-12-20T15:31:56","slug":"prefeitura-de-itaituba-2013","status":"publish","type":"page","link":"https:\/\/portalfadesp.org.br\/?page_id=1490","title":{"rendered":"Prefeitura Municipal de Itaituba (PA) &#8211; 2013"},"content":{"rendered":"\t\t<div data-elementor-type=\"wp-post\" data-elementor-id=\"1490\" class=\"elementor elementor-1490\" data-elementor-post-type=\"page\">\n\t\t\t\t\t\t<section class=\"elementor-section elementor-top-section elementor-element elementor-element-3749bc27 elementor-section-boxed elementor-section-height-default elementor-section-height-default\" data-id=\"3749bc27\" data-element_type=\"section\">\n\t\t\t\t\t\t<div class=\"elementor-container elementor-column-gap-default\">\n\t\t\t\t\t<div class=\"elementor-column elementor-col-100 elementor-top-column elementor-element elementor-element-71245ef5\" data-id=\"71245ef5\" data-element_type=\"column\">\n\t\t\t<div class=\"elementor-widget-wrap elementor-element-populated\">\n\t\t\t\t\t\t<div class=\"elementor-element elementor-element-6de823c3 elementor-widget elementor-widget-heading\" data-id=\"6de823c3\" data-element_type=\"widget\" data-widget_type=\"heading.default\">\n\t\t\t\t<div class=\"elementor-widget-container\">\n\t\t\t\t\t<h1 class=\"elementor-heading-title elementor-size-default\">Prefeitura de Itaituba - 2013\n<\/h1>\t\t\t\t<\/div>\n\t\t\t\t<\/div>\n\t\t\t\t<section class=\"elementor-section elementor-inner-section elementor-element elementor-element-1d0ad15b elementor-section-boxed elementor-section-height-default elementor-section-height-default\" data-id=\"1d0ad15b\" data-element_type=\"section\">\n\t\t\t\t\t\t<div class=\"elementor-container elementor-column-gap-default\">\n\t\t\t\t\t<div class=\"elementor-column elementor-col-50 elementor-inner-column elementor-element elementor-element-3996a680\" data-id=\"3996a680\" data-element_type=\"column\">\n\t\t\t<div class=\"elementor-widget-wrap elementor-element-populated\">\n\t\t\t\t\t\t<div class=\"elementor-element elementor-element-2da2c8b0 elementor-widget elementor-widget-text-editor\" data-id=\"2da2c8b0\" data-element_type=\"widget\" data-widget_type=\"text-editor.default\">\n\t\t\t\t<div class=\"elementor-widget-container\">\n\t\t\t\t\t\t\t\t\t<table border=\"0\"><tbody><tr><td valign=\"top\"><p>A prefeitura de Itaituba torna p\u00fablica a realiza\u00e7\u00e3o\u00a0de concurso para o preenchimento de vagas do quadro de pessoal efetivo de n\u00edvel superior, n\u00edvel m\u00e9dio e n\u00edvel fundamental completo.<\/p><p><strong>Vagas &#8211;\u00a0<\/strong>601<\/p><p><strong>Cargos &#8211;\u00a0<\/strong>auxiliar de servi\u00e7os gerais, maqueiro hospitalar, vigia, agente de controle de zoonoses, almoxarife, almoxarife educacional, assistente administrativo, auxiliar de secretaria escolar, \u00a0auxiliar de servi\u00e7os gerais, fiscal de meio ambiente, fiscal de tributos, merendeira, microscopista, piloto fluvial educacional, prot\u00e9tico dent\u00e1rio, t\u00e9cnico em edifica\u00e7\u00f5es, t\u00e9cnico em enfermagem, t\u00e9cnico em epidemiologia, t\u00e9cnico em geologia, t\u00e9cnico em higiene bucal, t\u00e9cnico em inform\u00e1tica, t\u00e9cnico em laborat\u00f3rio, t\u00e9cnico em minera\u00e7\u00e3o, t\u00e9cnico em patologia cl\u00ednica, t\u00e9cnico em radiologia, t\u00e9cnico em seguran\u00e7a do trabalho, t\u00e9cnico em vigil\u00e2ncia sanit\u00e1ria, top\u00f3grafo, administrador de empresas, analista ambiental, analista programador de sistema, arquiteto, assistente social, bi\u00f3logo, educador f\u00edsico, enfermeiro geral, enfermeiro obstetra, enfermeiro de urg\u00eancia e emerg\u00eancia, enfermeiro pediatra, enfermeiro cir\u00fargico, enfermeiro de fam\u00edlia, enfermeiro geral, engenheiro agr\u00f4nomo, engenheiro ambiental, engenheiro civil, engenheiro de seguran\u00e7a do trabalho, farmac\u00eautico, fisioterapeuta, fisioterapeuta educacional, fonoaudi\u00f3logo, fonoaudi\u00f3logo educacional, ge\u00f3grafo, m\u00e9dico auditor, m\u00e9dico anestesiologista, m\u00e9dico cardiologista, m\u00e9dico cirurgi\u00e3o geral, m\u00e9dico cirurgi\u00e3o pediatra, m\u00e9dico cl\u00ednico geral, m\u00e9dico da fam\u00edlia, m\u00e9dico dermatologista, m\u00e9dico do trabalho, m\u00e9dico endocrinologista, m\u00e9dico gastroenterologista, m\u00e9dico geriatra, m\u00e9dico gineco-obstetra, m\u00e9dico imunologista alergista, m\u00e9dico infectologista, m\u00e9dico intensivista, m\u00e9dico mastologista, m\u00e9dico neurologista, m\u00e9dico oftalmologista, m\u00e9dico oncologista, m\u00e9dico ortopedista, m\u00e9dico otorrinolaringologista, m\u00e9dico patologista, m\u00e9dico pediatra, m\u00e9dico pediatra neonatal, m\u00e9dico pneumologista, m\u00e9dico psiquiatra, m\u00e9dico radiologista, m\u00e9dico urologista, \u00a0nutricionista, nutricionista educacional, odont\u00f3logo, pedagogo, procurador jur\u00eddico municipal, professor de Ci\u00eancias F\u00edsicas e Biol\u00f3gicas, professor de Educa\u00e7\u00e3o F\u00edsica, professor de Ensino da Arte, professor de Ensino Religioso, professor de Geografia, professor de Hist\u00f3ria, professor de L\u00edngua Estrangeira, professor de L\u00edngua Portuguesa, professor de Matem\u00e1tica, professores de s\u00e9ries iniciais, psic\u00f3logo, psic\u00f3logo eduacional, psicopadagogo cl\u00ednico, psicopedagogo educacional institucional, secret\u00e1rio escolar, soci\u00f3logo, t\u00e9cnico educacional, tecn\u00f3logo em saneamento ambiental.<\/p><p><strong>Remunera\u00e7\u00e3o &#8211;\u00a0<\/strong>de R$ 847,95 a R$ 5.502, 11 mais gratifica\u00e7\u00f5es.<\/p><p><strong>Inscri\u00e7\u00f5es &#8211;\u00a0<\/strong>24\/10\/13 a 13\/01\/14.<\/p><p><strong>Taxa &#8211;\u00a0<\/strong>R$ 40,00 (n\u00edvel fundamental), R$ 50,00 (n\u00edvel m\u00e9dio) e R$ 60,00 (n\u00edvel superior).<\/p><p><strong>Datas importantes<\/strong><\/p><p>Inscri\u00e7\u00f5es &#8211; 24\/10\/13 a 13\/01\/14<\/p><p>Pagamento da taxa de inscri\u00e7\u00e3o &#8211; at\u00e9 14\/01\/14<\/p><p>Impress\u00e3o do cart\u00e3o de confirma\u00e7\u00e3o &#8211; 16\/01\/14 a 20\/01\/14<\/p><p>prova &#8211; \u00a026\/01\/14, das 8h \u00e0s 12h (cargos de n\u00edveis fundamental e superior) e das 14h30 \u00e0s 18h30 (n\u00edvel m\u00e9dio). Hor\u00e1rio\/local.\u00a0<\/p><\/td><\/tr><\/tbody><\/table>\t\t\t\t\t\t\t\t<\/div>\n\t\t\t\t<\/div>\n\t\t\t\t\t<\/div>\n\t\t<\/div>\n\t\t\t\t<div class=\"elementor-column elementor-col-50 elementor-inner-column elementor-element elementor-element-65940433\" data-id=\"65940433\" data-element_type=\"column\">\n\t\t\t<div class=\"elementor-widget-wrap elementor-element-populated\">\n\t\t\t\t\t\t<div class=\"elementor-element elementor-element-602d3885 elementor-widget elementor-widget-text-editor\" data-id=\"602d3885\" data-element_type=\"widget\" data-widget_type=\"text-editor.default\">\n\t\t\t\t<div class=\"elementor-widget-container\">\n\t\t\t\t\t\t\t\t\t<p style=\"text-align: center;\"><span style=\"color: #ffffff;\"><strong>Editais e Avisos<\/strong><\/span><\/p>\t\t\t\t\t\t\t\t<\/div>\n\t\t\t\t<\/div>\n\t\t\t\t<div class=\"elementor-element elementor-element-61572bba elementor-widget elementor-widget-text-editor\" data-id=\"61572bba\" data-element_type=\"widget\" data-widget_type=\"text-editor.default\">\n\t\t\t\t<div class=\"elementor-widget-container\">\n\t\t\t\t\t\t\t\t\t<table width=\"72\">\n<tbody>\n<tr>\n<td width=\"72\"><strong><a href=\"..\/midias\/anexos\/275_12a_convocacao.pdf\">12\u00ba Convoca\u00e7\u00e3o\u00a0<\/a><\/strong><\/td>\n<\/tr>\n<tr>\n<td><strong><a href=\"..\/midias\/anexos\/275_edital_n_001-2016.pdf\">11\u00aa Convoca\u00e7\u00e3o<\/a><\/strong><\/td>\n<\/tr>\n<tr>\n<td><strong><a href=\"..\/midias\/anexos\/275_10a_convocacao.pdf\">10\u00aa Convoca\u00e7\u00e3o<\/a><\/strong><\/td>\n<\/tr>\n<tr>\n<td><strong><a href=\"..\/midias\/anexos\/275_9a_convocacao.pdf\">9\u00aa Convoca\u00e7\u00e3o<\/a><\/strong><\/td>\n<\/tr>\n<tr>\n<td><strong><a href=\"http:\/\/concursos.fadesp.org.br\/pmi2013\/arquivos\/Terceira%20retifica%C3%A7%C3%A3o%20de%20resultado%20de%20cargo%20de%20n%C3%ADvel%20superior.pdf\">Terceira retifica\u00e7\u00e3o de resultado de cargo de n\u00edvel superior<\/a><\/strong><\/td>\n<\/tr>\n<tr>\n<td><strong><a href=\"http:\/\/concursos.fadesp.org.br\/pmi2013\/arquivos\/Resultado%20da%20Prova%20de%20T%C3%ADtulos%20-%20Determina%C3%A7%C3%A3o%20Juducial%2004.pdf\">Resultado da Prova de T\u00edtulos &#8211; Determina\u00e7\u00e3o Juducial 04<\/a><\/strong><\/td>\n<\/tr>\n<tr>\n<td><strong><a href=\"http:\/\/concursos.fadesp.org.br\/pmi2013\/arquivos\/8a%20Convoca%C3%A7%C3%A3o.pdf\">8\u00aa Convoca\u00e7\u00e3o\u00a0<\/a><\/strong><\/td>\n<\/tr>\n<tr>\n<td><strong><a href=\"http:\/\/concursos.fadesp.org.br\/pmi2013\/arquivos\/7a%20Convoca%C3%A7%C3%A3o.pdf\">7\u00aa Convoca\u00e7\u00e3o<\/a><\/strong><\/td>\n<\/tr>\n<tr>\n<td><strong><a href=\"http:\/\/concursos.fadesp.org.br\/pmi2013\/arquivos\/Edital%20n%C2%B0%2008%20-%20Convoca%C3%A7%C3%A3o%20a%20Prova%20de%20T%C3%ADtulos%20-%20Processo%20TJE_PA_Itaituba.pdf\">Edital n\u00b0 08 &#8211; Convoca\u00e7\u00e3o a Prova de T\u00edtulos &#8211; Processo TJE\/PA &#8211; Itaituba\u00a0<\/a><\/strong><\/td>\n<\/tr>\n<tr>\n<td><strong><a href=\"http:\/\/concursos.fadesp.org.br\/pmi2013\/arquivos\/Segunda%20retifica%C3%A7%C3%A3o%20de%20resultado%20de%20cargo%20de%20n%C3%ADvel%20superior.pdf\">Segunda retifica\u00e7\u00e3o de resultado de cargo de n\u00edvel superior<\/a><\/strong><\/td>\n<\/tr>\n<tr>\n<td><strong><a href=\"http:\/\/concursos.fadesp.org.br\/pmi2013\/arquivos\/Resultado%20da%20Prova%20de%20T%C3%ADtulos%20-%20Determina%C3%A7%C3%A3o%20Juducial%2003.pdf\">Resultado da Prova de T\u00edtulos &#8211; Determina\u00e7\u00e3o Juducial 03\u00a0<\/a><\/strong><\/td>\n<\/tr>\n<tr>\n<td><strong><a href=\"http:\/\/concursos.fadesp.org.br\/pmi2013\/arquivos\/Edital%20de%20Convoca%C3%A7%C3%A3o%20a%20Prova%20de%20T%C3%ADtulos%20-%20Processo%20TJE_PA_Itaituba.pdf\">Edital de Convoca\u00e7\u00e3o a Prova de T\u00edtulos &#8211; Processo TJ\/PA &#8211; Itaituba\u00a0<\/a><\/strong><\/td>\n<\/tr>\n<tr>\n<td><strong><a href=\"http:\/\/concursos.fadesp.org.br\/pmi2013\/arquivos\/6a%20Convoca%C3%A7%C3%A3o.pdf\">6\u00aa Convoca\u00e7\u00e3o<\/a><\/strong><\/td>\n<\/tr>\n<tr>\n<td><strong><a href=\"http:\/\/concursos.fadesp.org.br\/pmi2013\/arquivos\/5a%20Convoca%C3%A7%C3%A3o.pdf\">5\u00aa Convoca\u00e7\u00e3o<\/a><\/strong><\/td>\n<\/tr>\n<tr>\n<td><strong><a href=\"http:\/\/concursos.fadesp.org.br\/pmi2013\/arquivos\/Retifica%C3%A7%C3%B5es%20de%20resultados%20de%20cargos%20de%20n%C3%ADvel%20superior.pdf\">Retifica\u00e7\u00f5es de resultados de cargos de n\u00edvel superior<\/a><\/strong><\/td>\n<\/tr>\n<tr>\n<td><strong><a href=\"http:\/\/concursos.fadesp.org.br\/pmi2013\/arquivos\/4a%20Convoca%C3%A7%C3%A3o.pdf\">4\u00aa Convoca\u00e7\u00e3o<\/a><\/strong><\/td>\n<\/tr>\n<tr>\n<td><strong><a href=\"http:\/\/concursos.fadesp.org.br\/pmi2013\/arquivos\/3a%20edital%20de%20convoca%C3%A7%C3%A3o.pdf\">3\u00aa Convoca\u00e7\u00e3o<\/a><\/strong><\/td>\n<\/tr>\n<tr>\n<td><strong><a href=\"http:\/\/concursos.fadesp.org.br\/pmi2013\/arquivos\/Anexo%20sem%20t%C3%ADtulo%2000019.pdf\">2\u00aa Convoca\u00e7\u00e3o\u00a0<\/a><\/strong><\/td>\n<\/tr>\n<tr>\n<td><strong><a href=\"http:\/\/concursos.fadesp.org.br\/pmi2013\/arquivos\/1a%20Convoca%C3%A7%C3%A3o.pdf\">1\u00aa Convoca\u00e7\u00e3o<\/a><\/strong><\/td>\n<\/tr>\n<tr>\n<td><strong><a href=\"http:\/\/concursos.fadesp.org.br\/pmi2013\/arquivos\/Anexo%20sem%20t%C3%ADtulo%2000053.pdf\">Resultado da Prova de T\u00edtulos &#8211; Determina\u00e7\u00e3o Judicial\u00a0<\/a><\/strong><\/td>\n<\/tr>\n<tr>\n<td><strong><a href=\"http:\/\/concursos.fadesp.org.br\/pmi2013\/arquivos\/Convoca%C3%A7%C3%A3o%20a%20Prova%20de%20T%C3%ADtulos%20-%20Processo%20TJE_PA_Itaituba.pdf\">Convoca\u00e7\u00e3o a Prova de T\u00edtulos &#8211; Processo TJE\/PA Itaituba\u00a0<\/a><\/strong><\/td>\n<\/tr>\n<tr>\n<td><strong><a href=\"http:\/\/concursos.fadesp.org.br\/pmi2013\/arquivos\/Edital%20n%C2%B0%2005_2014_PMI_Homologa%C3%A7%C3%A3o.pdf\">Edital n\u00b0 05\/2014 PMI &#8211; Homologa\u00e7\u00e3o.pdf<\/a><\/strong><\/td>\n<\/tr>\n<tr>\n<td><strong><a href=\"http:\/\/concursos.fadesp.org.br\/pmi2013\/arquivos\/Resultado%20dos%20Cargos%20de%20N%C3%ADvel%20Superior%20de%20Itaituba.pdf\">Resultado dos Cargos de N\u00edvel Superior<\/a><\/strong><\/td>\n<\/tr>\n<tr>\n<td><strong><a href=\"http:\/\/concursos.fadesp.org.br\/pmi2013\/arquivos\/Retifica%C3%A7%C3%A3o%20de%20notas%20da%20prova%20de%20de%20t%C3%ADtulos.pdf\">Retifica\u00e7\u00e3o de notas da prova de t\u00edtulos\u00a0<\/a><\/strong><\/td>\n<\/tr>\n<tr>\n<td><strong><a href=\"http:\/\/concursos.fadesp.org.br\/pmi2013\/arquivos\/Convoca%C3%A7%C3%A3o%20Prova%20de%20T%C3%ADtulos%20-%20Processo%20TJE_PA_Itaituba_Sub%20Judice.pdf\">Convoca\u00e7\u00e3o a Prova de T\u00edtulos &#8211; Processo TJE &#8211; PA Itaituba Sub Judice<\/a><\/strong><\/td>\n<\/tr>\n<tr>\n<td><strong><a href=\"http:\/\/concursos.fadesp.org.br\/pmi2013\/arquivos\/Aviso%20do%20DOE%2032622%20convoca%C3%A7%C3%A3o%20a%20prova%20de%20t%C3%ADtulos_Sub%20Judice.pdf\">Aviso do DOE 32622 &#8211; Convoca\u00e7\u00e3o a Prova de T\u00edtulos Sub Judice<\/a><\/strong><\/td>\n<\/tr>\n<tr>\n<td><strong><a href=\"http:\/\/concursos.fadesp.org.br\/pmi2013\/arquivos\/Resultado%20da%20Prova%20de%20%20%20%20%20%20T%C3%ADtulos.pdf\">Resultado da Prova de T\u00edtulos<\/a><\/strong><\/td>\n<\/tr>\n<tr>\n<td><strong><a href=\"http:\/\/concursos.fadesp.org.br\/pmi2013\/arquivos\/Edital%20n%C2%B0%2003_2014_Reconvoca%C3%A7%C3%A3o%20a%20Prova%20de%20T%C3%ADtulos%20do%20Cargo%20de%20Administrador.pdf\">Edital n\u00ba03\/2014 Reconvoca\u00e7\u00e3o a Prova de T\u00edtulos do Cargo de Administrador<\/a><\/strong><\/td>\n<\/tr>\n<tr>\n<td><strong><a href=\"http:\/\/concursos.fadesp.org.br\/pmi2013\/arquivos\/Retifica%C3%A7%C3%A3o%20do%20Resultado%20Geral%20do%20Cargos%20de%20Administrador.pdf\">Retifica\u00e7\u00e3o do Resultado Geral<\/a><\/strong><\/td>\n<\/tr>\n<tr>\n<td><strong><a href=\"http:\/\/concursos.fadesp.org.br\/pmi2013\/arquivos\/Gabarito%20Oficial%20Definitivo_%20Retifica%C3%A7%C3%A3o_Administrador%20de%20Empresas.pdf\">Gabarito Oficial Definitivo &#8211; Retifica\u00e7\u00e3o &#8211; Administrador de Empresas<\/a><\/strong><\/td>\n<\/tr>\n<tr>\n<td><strong><a href=\"http:\/\/concursos.fadesp.org.br\/pmi2013\/arquivos\/Formul%C3%A1rio%20de%20Entrega%20de%20T%C3%ADtulos.pdf\">Formul\u00e1rio de Entrega de T\u00edtulos<\/a><\/strong><\/td>\n<\/tr>\n<tr>\n<td><strong><a href=\"http:\/\/concursos.fadesp.org.br\/pmi2013\/arquivos\/Edital%20n%C2%B0%2002_2014_Convoca%C3%A7%C3%A3o%20a%20Prova%20de%20T%C3%ADtulos.pdf\">Edital n\u00ba02\/2014 Convoca\u00e7\u00e3o a Prova de T\u00edtulos<\/a><\/strong><\/td>\n<\/tr>\n<tr>\n<td><strong><a href=\"http:\/\/concursos.fadesp.org.br\/pmi2013\/arquivos\/Retifica%C3%A7%C3%A3o%20por%20Determina%C3%A7%C3%A3o%20Judicial.pdf\">Retifica\u00e7\u00e3o, por Determina\u00e7\u00e3o Judicial, do Resultado Geral da Prova do Dia 26\/01\/2014 do Cargo de Professor de Educa\u00e7\u00e3o F\u00edsica, Zona Urbana\u00a0<\/a><\/strong><\/td>\n<\/tr>\n<tr>\n<td><strong><a href=\"http:\/\/concursos.fadesp.org.br\/pmi2013\/arquivos\/Resultado%20Geral%20da%20Prova%20do%20Dia%20%2026_01_20142.pdf\">Resultado Geral da Prova do Dia 26\/01\/2014<\/a><\/strong><\/td>\n<\/tr>\n<tr>\n<td><strong><a href=\"http:\/\/concursos.fadesp.org.br\/pmi2013\/arquivos\/Gabarito%20Oficial%20Definitivo_%20ITAITUBA_DIA%2026.01.2014.pdf\">Gabarito Oficial Definitivo &#8211; Dia 26\/01\/2014<\/a><\/strong><\/td>\n<\/tr>\n<tr>\n<td><strong><a href=\"http:\/\/concursos.fadesp.org.br\/pmi2013\/arquivos\/Gabarito%20Oficial%20Preliminar%20-%20DIA%2026.01.2014.pdf\">Gabarito Oficial Preliminar &#8211; Dia 26\/01\/2014<\/a><\/strong><\/td>\n<\/tr>\n<tr>\n<td><strong><a href=\"http:\/\/concursos.fadesp.org.br\/pmi2013\/arquivos\/Formul%C3%A1rio%20de%20Egresso.pdf\">Formul\u00e1rio de Egresso<\/a><\/strong><\/td>\n<\/tr>\n<tr>\n<td><strong><a href=\"http:\/\/concursos.fadesp.org.br\/pmi2013\/arquivos\/Edital%20Republicado.pdf\">Edital Republicado<\/a><\/strong><\/td>\n<\/tr>\n<tr>\n<td><strong><a href=\"http:\/\/concursos.fadesp.org.br\/pmi2013\/arquivos\/Formul%C3%A1rio%20de%20Portador%20de%20Defici%C3%AAncia.pdf\">Formul\u00e1rio PCD<\/a><\/strong><\/td>\n<\/tr>\n<tr>\n<td><strong><a href=\"http:\/\/concursos.fadesp.org.br\/pmi2013\/arquivos\/Tabela%20de%20Cargos.pdf\">Tabela de Cargo &#8211; Republicado<\/a><\/strong><\/td>\n<\/tr>\n<tr>\n<td><strong><a href=\"http:\/\/concursos.fadesp.org.br\/pmi2013\/arquivos\/Edital%20n%C2%B0%2001_2013_PMI%20-%20Republicado.pdf\">Edital n\u00ba01\/2013 &#8211; Republicado<\/a><\/strong><\/td>\n<\/tr>\n<\/tbody>\n<\/table>\t\t\t\t\t\t\t\t<\/div>\n\t\t\t\t<\/div>\n\t\t\t\t\t<\/div>\n\t\t<\/div>\n\t\t\t\t\t<\/div>\n\t\t<\/section>\n\t\t\t\t\t<\/div>\n\t\t<\/div>\n\t\t\t\t\t<\/div>\n\t\t<\/section>\n\t\t\t\t<\/div>\n\t\t","protected":false},"excerpt":{"rendered":"<p>Prefeitura de Itaituba &#8211; 2013 A prefeitura de Itaituba torna p\u00fablica a realiza\u00e7\u00e3o\u00a0de concurso para o preenchimento de vagas do quadro de pessoal efetivo de n\u00edvel superior, n\u00edvel m\u00e9dio e n\u00edvel fundamental completo. Vagas &#8211;\u00a0601 Cargos &#8211;\u00a0auxiliar de servi\u00e7os gerais, maqueiro hospitalar, vigia, agente de controle de zoonoses, almoxarife, almoxarife educacional, assistente administrativo, auxiliar de [&hellip;]<\/p>\n","protected":false},"author":9,"featured_media":0,"parent":329,"menu_order":56,"comment_status":"closed","ping_status":"closed","template":"","meta":{"_monsterinsights_skip_tracking":false,"_monsterinsights_sitenote_active":false,"_monsterinsights_sitenote_note":"","_monsterinsights_sitenote_category":0,"footnotes":""},"class_list":["post-1490","page","type-page","status-publish","hentry","entry"],"yoast_head":"<!-- This site is optimized with the Yoast SEO plugin v25.1 - https:\/\/yoast.com\/wordpress\/plugins\/seo\/ -->\n<title>Prefeitura Municipal de Itaituba (PA) - 2013 - FADESP<\/title>\n<meta name=\"robots\" content=\"index, follow, max-snippet:-1, max-image-preview:large, max-video-preview:-1\" \/>\n<link rel=\"canonical\" href=\"https:\/\/portalfadesp.org.br\/?page_id=1490\" \/>\n<meta property=\"og:locale\" content=\"pt_BR\" \/>\n<meta property=\"og:type\" content=\"article\" \/>\n<meta property=\"og:title\" content=\"Prefeitura Municipal de Itaituba (PA) - 2013 - FADESP\" \/>\n<meta property=\"og:description\" content=\"Prefeitura de Itaituba &#8211; 2013 A prefeitura de Itaituba torna p\u00fablica a realiza\u00e7\u00e3o\u00a0de concurso para o preenchimento de vagas do quadro de pessoal efetivo de n\u00edvel superior, n\u00edvel m\u00e9dio e n\u00edvel fundamental completo. Vagas &#8211;\u00a0601 Cargos &#8211;\u00a0auxiliar de servi\u00e7os gerais, maqueiro hospitalar, vigia, agente de controle de zoonoses, almoxarife, almoxarife educacional, assistente administrativo, auxiliar de [&hellip;]\" \/>\n<meta property=\"og:url\" content=\"https:\/\/portalfadesp.org.br\/?page_id=1490\" \/>\n<meta property=\"og:site_name\" content=\"FADESP\" \/>\n<meta property=\"article:publisher\" content=\"https:\/\/www.facebook.com\/Fadesp-138351949524662\/\" \/>\n<meta property=\"article:modified_time\" content=\"2022-12-20T15:31:56+00:00\" \/>\n<meta name=\"twitter:card\" content=\"summary_large_image\" \/>\n<meta name=\"twitter:site\" content=\"@Fadesp\" \/>\n<meta name=\"twitter:label1\" content=\"Est. tempo de leitura\" \/>\n\t<meta name=\"twitter:data1\" content=\"4 minutos\" \/>\n<script type=\"application\/ld+json\" class=\"yoast-schema-graph\">{\"@context\":\"https:\/\/schema.org\",\"@graph\":[{\"@type\":\"WebPage\",\"@id\":\"https:\/\/portalfadesp.org.br\/?page_id=1490\",\"url\":\"https:\/\/portalfadesp.org.br\/?page_id=1490\",\"name\":\"Prefeitura Municipal de Itaituba (PA) - 2013 - FADESP\",\"isPartOf\":{\"@id\":\"https:\/\/portalfadesp.org.br\/#website\"},\"datePublished\":\"2013-05-22T07:53:51+00:00\",\"dateModified\":\"2022-12-20T15:31:56+00:00\",\"breadcrumb\":{\"@id\":\"https:\/\/portalfadesp.org.br\/?page_id=1490#breadcrumb\"},\"inLanguage\":\"pt-BR\",\"potentialAction\":[{\"@type\":\"ReadAction\",\"target\":[\"https:\/\/portalfadesp.org.br\/?page_id=1490\"]}]},{\"@type\":\"BreadcrumbList\",\"@id\":\"https:\/\/portalfadesp.org.br\/?page_id=1490#breadcrumb\",\"itemListElement\":[{\"@type\":\"ListItem\",\"position\":1,\"name\":\"In\u00edcio\",\"item\":\"https:\/\/portalfadesp.org.br\/\"},{\"@type\":\"ListItem\",\"position\":2,\"name\":\"Concursos &#8211; Homologados\",\"item\":\"https:\/\/portalfadesp.org.br\/?page_id=329\"},{\"@type\":\"ListItem\",\"position\":3,\"name\":\"Prefeitura Municipal de Itaituba (PA) &#8211; 2013\"}]},{\"@type\":\"WebSite\",\"@id\":\"https:\/\/portalfadesp.org.br\/#website\",\"url\":\"https:\/\/portalfadesp.org.br\/\",\"name\":\"FADESP\",\"description\":\"Funda\u00e7\u00e3o de Amparo e Desenvolvimento da Pesquisa\",\"publisher\":{\"@id\":\"https:\/\/portalfadesp.org.br\/#organization\"},\"potentialAction\":[{\"@type\":\"SearchAction\",\"target\":{\"@type\":\"EntryPoint\",\"urlTemplate\":\"https:\/\/portalfadesp.org.br\/?s={search_term_string}\"},\"query-input\":{\"@type\":\"PropertyValueSpecification\",\"valueRequired\":true,\"valueName\":\"search_term_string\"}}],\"inLanguage\":\"pt-BR\"},{\"@type\":\"Organization\",\"@id\":\"https:\/\/portalfadesp.org.br\/#organization\",\"name\":\"FADESP\",\"url\":\"https:\/\/portalfadesp.org.br\/\",\"logo\":{\"@type\":\"ImageObject\",\"inLanguage\":\"pt-BR\",\"@id\":\"https:\/\/portalfadesp.org.br\/#\/schema\/logo\/image\/\",\"url\":\"https:\/\/portalfadesp.org.br\/wp-content\/uploads\/2024\/01\/NOVOLOGOFADESPlaranjaH.png\",\"contentUrl\":\"https:\/\/portalfadesp.org.br\/wp-content\/uploads\/2024\/01\/NOVOLOGOFADESPlaranjaH.png\",\"width\":2742,\"height\":839,\"caption\":\"FADESP\"},\"image\":{\"@id\":\"https:\/\/portalfadesp.org.br\/#\/schema\/logo\/image\/\"},\"sameAs\":[\"https:\/\/www.facebook.com\/Fadesp-138351949524662\/\",\"https:\/\/x.com\/Fadesp\",\"https:\/\/www.instagram.com\/fadesp_ufpa\/\",\"https:\/\/www.youtube.com\/@fundacaodeamparoedesenvolv1903\",\"https:\/\/www.threads.net\/@fadesp_ufpa\"]}]}<\/script>\n<!-- \/ Yoast SEO plugin. -->","yoast_head_json":{"title":"Prefeitura Municipal de Itaituba (PA) - 2013 - FADESP","robots":{"index":"index","follow":"follow","max-snippet":"max-snippet:-1","max-image-preview":"max-image-preview:large","max-video-preview":"max-video-preview:-1"},"canonical":"https:\/\/portalfadesp.org.br\/?page_id=1490","og_locale":"pt_BR","og_type":"article","og_title":"Prefeitura Municipal de Itaituba (PA) - 2013 - FADESP","og_description":"Prefeitura de Itaituba &#8211; 2013 A prefeitura de Itaituba torna p\u00fablica a realiza\u00e7\u00e3o\u00a0de concurso para o preenchimento de vagas do quadro de pessoal efetivo de n\u00edvel superior, n\u00edvel m\u00e9dio e n\u00edvel fundamental completo. Vagas &#8211;\u00a0601 Cargos &#8211;\u00a0auxiliar de servi\u00e7os gerais, maqueiro hospitalar, vigia, agente de controle de zoonoses, almoxarife, almoxarife educacional, assistente administrativo, auxiliar de [&hellip;]","og_url":"https:\/\/portalfadesp.org.br\/?page_id=1490","og_site_name":"FADESP","article_publisher":"https:\/\/www.facebook.com\/Fadesp-138351949524662\/","article_modified_time":"2022-12-20T15:31:56+00:00","twitter_card":"summary_large_image","twitter_site":"@Fadesp","twitter_misc":{"Est. tempo de leitura":"4 minutos"},"schema":{"@context":"https:\/\/schema.org","@graph":[{"@type":"WebPage","@id":"https:\/\/portalfadesp.org.br\/?page_id=1490","url":"https:\/\/portalfadesp.org.br\/?page_id=1490","name":"Prefeitura Municipal de Itaituba (PA) - 2013 - FADESP","isPartOf":{"@id":"https:\/\/portalfadesp.org.br\/#website"},"datePublished":"2013-05-22T07:53:51+00:00","dateModified":"2022-12-20T15:31:56+00:00","breadcrumb":{"@id":"https:\/\/portalfadesp.org.br\/?page_id=1490#breadcrumb"},"inLanguage":"pt-BR","potentialAction":[{"@type":"ReadAction","target":["https:\/\/portalfadesp.org.br\/?page_id=1490"]}]},{"@type":"BreadcrumbList","@id":"https:\/\/portalfadesp.org.br\/?page_id=1490#breadcrumb","itemListElement":[{"@type":"ListItem","position":1,"name":"In\u00edcio","item":"https:\/\/portalfadesp.org.br\/"},{"@type":"ListItem","position":2,"name":"Concursos &#8211; Homologados","item":"https:\/\/portalfadesp.org.br\/?page_id=329"},{"@type":"ListItem","position":3,"name":"Prefeitura Municipal de Itaituba (PA) &#8211; 2013"}]},{"@type":"WebSite","@id":"https:\/\/portalfadesp.org.br\/#website","url":"https:\/\/portalfadesp.org.br\/","name":"FADESP","description":"Funda\u00e7\u00e3o de Amparo e Desenvolvimento da Pesquisa","publisher":{"@id":"https:\/\/portalfadesp.org.br\/#organization"},"potentialAction":[{"@type":"SearchAction","target":{"@type":"EntryPoint","urlTemplate":"https:\/\/portalfadesp.org.br\/?s={search_term_string}"},"query-input":{"@type":"PropertyValueSpecification","valueRequired":true,"valueName":"search_term_string"}}],"inLanguage":"pt-BR"},{"@type":"Organization","@id":"https:\/\/portalfadesp.org.br\/#organization","name":"FADESP","url":"https:\/\/portalfadesp.org.br\/","logo":{"@type":"ImageObject","inLanguage":"pt-BR","@id":"https:\/\/portalfadesp.org.br\/#\/schema\/logo\/image\/","url":"https:\/\/portalfadesp.org.br\/wp-content\/uploads\/2024\/01\/NOVOLOGOFADESPlaranjaH.png","contentUrl":"https:\/\/portalfadesp.org.br\/wp-content\/uploads\/2024\/01\/NOVOLOGOFADESPlaranjaH.png","width":2742,"height":839,"caption":"FADESP"},"image":{"@id":"https:\/\/portalfadesp.org.br\/#\/schema\/logo\/image\/"},"sameAs":["https:\/\/www.facebook.com\/Fadesp-138351949524662\/","https:\/\/x.com\/Fadesp","https:\/\/www.instagram.com\/fadesp_ufpa\/","https:\/\/www.youtube.com\/@fundacaodeamparoedesenvolv1903","https:\/\/www.threads.net\/@fadesp_ufpa"]}]}},"_links":{"self":[{"href":"https:\/\/portalfadesp.org.br\/index.php?rest_route=\/wp\/v2\/pages\/1490","targetHints":{"allow":["GET"]}}],"collection":[{"href":"https:\/\/portalfadesp.org.br\/index.php?rest_route=\/wp\/v2\/pages"}],"about":[{"href":"https:\/\/portalfadesp.org.br\/index.php?rest_route=\/wp\/v2\/types\/page"}],"author":[{"embeddable":true,"href":"https:\/\/portalfadesp.org.br\/index.php?rest_route=\/wp\/v2\/users\/9"}],"replies":[{"embeddable":true,"href":"https:\/\/portalfadesp.org.br\/index.php?rest_route=%2Fwp%2Fv2%2Fcomments&post=1490"}],"version-history":[{"count":30,"href":"https:\/\/portalfadesp.org.br\/index.php?rest_route=\/wp\/v2\/pages\/1490\/revisions"}],"predecessor-version":[{"id":36669,"href":"https:\/\/portalfadesp.org.br\/index.php?rest_route=\/wp\/v2\/pages\/1490\/revisions\/36669"}],"up":[{"embeddable":true,"href":"https:\/\/portalfadesp.org.br\/index.php?rest_route=\/wp\/v2\/pages\/329"}],"wp:attachment":[{"href":"https:\/\/portalfadesp.org.br\/index.php?rest_route=%2Fwp%2Fv2%2Fmedia&parent=1490"}],"curies":[{"name":"wp","href":"https:\/\/api.w.org\/{rel}","templated":true}]}}