{"id":1488,"date":"2013-05-22T04:49:14","date_gmt":"2013-05-22T07:49:14","guid":{"rendered":"https:\/\/162.215.13.167?page_id=1488"},"modified":"2022-12-20T12:32:52","modified_gmt":"2022-12-20T15:32:52","slug":"prefeitura-de-breves-2013","status":"publish","type":"page","link":"https:\/\/portalfadesp.org.br\/?page_id=1488","title":{"rendered":"Prefeitura Municipal de Breves (PA) &#8211; 2013"},"content":{"rendered":"\t\t<div data-elementor-type=\"wp-post\" data-elementor-id=\"1488\" class=\"elementor elementor-1488\" data-elementor-post-type=\"page\">\n\t\t\t\t\t\t<section class=\"elementor-section elementor-top-section elementor-element elementor-element-1a5f38ce elementor-section-boxed elementor-section-height-default elementor-section-height-default\" data-id=\"1a5f38ce\" data-element_type=\"section\">\n\t\t\t\t\t\t<div class=\"elementor-container elementor-column-gap-default\">\n\t\t\t\t\t<div class=\"elementor-column elementor-col-100 elementor-top-column elementor-element elementor-element-76ce1a93\" data-id=\"76ce1a93\" data-element_type=\"column\">\n\t\t\t<div class=\"elementor-widget-wrap elementor-element-populated\">\n\t\t\t\t\t\t<div class=\"elementor-element elementor-element-e85269c elementor-widget elementor-widget-heading\" data-id=\"e85269c\" data-element_type=\"widget\" data-widget_type=\"heading.default\">\n\t\t\t\t<div class=\"elementor-widget-container\">\n\t\t\t\t\t<h1 class=\"elementor-heading-title elementor-size-default\">Prefeitura de Breves - 2013\n<\/h1>\t\t\t\t<\/div>\n\t\t\t\t<\/div>\n\t\t\t\t<section class=\"elementor-section elementor-inner-section elementor-element elementor-element-7a0d799 elementor-section-boxed elementor-section-height-default elementor-section-height-default\" data-id=\"7a0d799\" data-element_type=\"section\">\n\t\t\t\t\t\t<div class=\"elementor-container elementor-column-gap-default\">\n\t\t\t\t\t<div class=\"elementor-column elementor-col-50 elementor-inner-column elementor-element elementor-element-7c1713e7\" data-id=\"7c1713e7\" data-element_type=\"column\">\n\t\t\t<div class=\"elementor-widget-wrap elementor-element-populated\">\n\t\t\t\t\t\t<div class=\"elementor-element elementor-element-2063087f elementor-widget elementor-widget-text-editor\" data-id=\"2063087f\" data-element_type=\"widget\" data-widget_type=\"text-editor.default\">\n\t\t\t\t<div class=\"elementor-widget-container\">\n\t\t\t\t\t\t\t\t\t<p>A Prefeitura Municipal de Breves-PA torna p\u00fablica a realiza\u00e7\u00e3o de Concurso P\u00fablico destinado ao preenchimento de vagas do quadro de pessoal efetivo da Secretaria Municipal de Educa\u00e7\u00e3o: n\u00edvel superior, n\u00edvel m\u00e9dio e n\u00edvel fundamental completo.<\/p><p><strong>Vagas &#8211;\u00a0<\/strong>403<\/p><p><strong>Cargos &#8211;\u00a0\u00a0<\/strong>N\u00edvel Fundamental Completo: Agente de Limpeza Educacional e Zelador Educacional<strong>.<\/strong><\/p><p>N\u00ecvel M\u00e9dio: Secret\u00e1rio Escolar, T\u00e9cnico de Inform\u00e1tica, Professor (educa\u00e7\u00e3o infantil, s\u00e9ries iniciais- \u00e1rea do Magist\u00e9rio).<strong><br \/><\/strong><\/p><p>N\u00edvel Superior: Professor de Educa\u00e7\u00e3o Infantil e S\u00e9ries\/Anos Iniciais do Ensino Fundamental; Professor Licenciado Pleno em Letras \u2013 L\u00edngua Portuguesa; Professor Licenciado Pleno em Matem\u00e1tica; Professor Licenciado Pleno em Geografia; Professor Licenciado Pleno em Hist\u00f3ria; Professor Licenciado Pleno em Ci\u00eancias &#8211; CFB; Professor Licenciado Pleno em Educa\u00e7\u00e3o F\u00edsica; Professor Licenciado Pleno em Arte; Professor Licenciado Pleno em Ci\u00eancias da Religi\u00e3o &#8211; Ensino Religioso; Professor Licenciado Pleno em Letras\/Habilita\u00e7\u00e3o &#8211; L\u00edngua Estrangeira Ingl\u00eas; Professor Especializado em Educa\u00e7\u00e3o Especial \u2013 Apoio Pedag\u00f3gico; Professor Especializado em Educa\u00e7\u00e3o Especial \u2013 Atendimento M\u00faltiplo; Professor Especializado em Educa\u00e7\u00e3o Especial \u2013 Itinerante.) e (Nutricionista Educacional; Assistente Social Educacional; Fonoaudi\u00f3logo Educacional; Psic\u00f3logo Educacional;Professor (fun\u00e7\u00e3o: T\u00e9cnico Pedag\u00f3gico Educacional; e, Coordenador Pedag\u00f3gico)<\/p><p><strong>Remunera\u00e7\u00e3o &#8211;\u00a0<\/strong>de R$ 678,00 a R$ 1.305,90<\/p><p><strong>Inscri\u00e7\u00f5es &#8211;\u00a0<\/strong>14\/08\/13 a 16\/09\/13<\/p><p><strong>Taxa &#8211;\u00a0<\/strong>R$ 40,00 (N\u00edvel\u00a0 Fundamental Completo), R$ 50,00 (N\u00edvel M\u00e9dio) e R$ 60,00 (N\u00edvel Superior).<\/p><p><strong>Datas importantes<\/strong>:<\/p><p>\u00a0Per\u00edodo de Inscri\u00e7\u00e3o &#8211; 14\/08\/13 a 16\/09\/13<\/p><p>Cart\u00e3o de Inscri\u00e7\u00e3o &#8211; 18 a 23\/09\/13<\/p><p>Data da Prova Objetiva &#8211; 29\/09\/13<\/p>\t\t\t\t\t\t\t\t<\/div>\n\t\t\t\t<\/div>\n\t\t\t\t\t<\/div>\n\t\t<\/div>\n\t\t\t\t<div class=\"elementor-column elementor-col-50 elementor-inner-column elementor-element elementor-element-2f8de1cb\" data-id=\"2f8de1cb\" data-element_type=\"column\">\n\t\t\t<div class=\"elementor-widget-wrap elementor-element-populated\">\n\t\t\t\t\t\t<div class=\"elementor-element elementor-element-25b7d1d5 elementor-widget elementor-widget-text-editor\" data-id=\"25b7d1d5\" data-element_type=\"widget\" data-widget_type=\"text-editor.default\">\n\t\t\t\t<div class=\"elementor-widget-container\">\n\t\t\t\t\t\t\t\t\t<p style=\"text-align: center;\"><span style=\"color: #ffffff;\"><strong>Editais e Avisos<\/strong><\/span><\/p>\t\t\t\t\t\t\t\t<\/div>\n\t\t\t\t<\/div>\n\t\t\t\t<div class=\"elementor-element elementor-element-7759b291 elementor-widget elementor-widget-text-editor\" data-id=\"7759b291\" data-element_type=\"widget\" data-widget_type=\"text-editor.default\">\n\t\t\t\t<div class=\"elementor-widget-container\">\n\t\t\t\t\t\t\t\t\t<table width=\"80\">\n<tbody>\n<tr>\n<td width=\"80\"><strong><a href=\"http:\/\/concursos.fadesp.org.br\/breves2013\/arquivos\/Edital%20n%C2%B0%2005_2013_PMB_Homologa%C3%A7%C3%A3o.pdf\">Edital No 05\/2013 &#8211; Homologa\u00e7\u00e3o<\/a><\/strong><\/td>\n<\/tr>\n<tr>\n<td width=\"80\"><strong><a href=\"..\/midias\/anexos\/268_edital_______n_04_2013_resultado_final_de_professores.pdf\">Edital No 04\/2013 &#8211; Resultado Final do Concurso P\u00fablico<\/a><\/strong><\/td>\n<\/tr>\n<tr>\n<td width=\"80\"><strong><a href=\"..\/midias\/anexos\/268_retificacoes_de_notas_de_titulos.pdf\">Retifica\u00e7\u00f5es de Notas de T\u00edtulos<\/a><\/strong><\/td>\n<\/tr>\n<tr>\n<td width=\"80\"><strong><a href=\"..\/midias\/anexos\/268_resultado_da_prova_de_titulos.pdf\">Resultado da Prova de T\u00edtulos<\/a><\/strong><\/td>\n<\/tr>\n<tr>\n<td width=\"80\"><strong><a href=\"..\/midias\/anexos\/268_relacao_dos_classificados_e_aprovados_secretario_escolar.pdf\">Rela\u00e7\u00e3o de Candidatos Classificados e dos Aprovados do Cargo de Secret\u00e1rio Escolar<\/a><\/strong><\/td>\n<\/tr>\n<tr>\n<td width=\"80\"><strong><a href=\"..\/midias\/anexos\/268_relacao_de_eliminados_do_cargo_de_secretario_escolar.pdf\">Rela\u00e7\u00e3o de Candidatos Eliminados do Cargo de Secret\u00e1rio Escolar<\/a><\/strong><\/td>\n<\/tr>\n<tr>\n<td width=\"80\"><strong><span style=\"color: #000000;\">Secret\u00e1rio Escolar &#8211; Gabarito Oficial\u00a0Prova<\/span><\/strong><\/td>\n<\/tr>\n<tr>\n<td width=\"80\"><strong><a href=\"..\/midias\/anexos\/268_prova_secretario_escolar.pdf\">Secret\u00e1rio Escolar &#8211; Dia 20\/10\/2013<\/a><\/strong><\/td>\n<\/tr>\n<tr>\n<td width=\"80\"><strong><a href=\"..\/midias\/anexos\/268_relacao_de_candidatos_eliminados.pdf\">Rela\u00e7\u00e3o de Candidatos Eliminados<\/a><\/strong><\/td>\n<\/tr>\n<tr>\n<td width=\"80\"><strong><a href=\"..\/midias\/anexos\/268_relacao_de_candidatos_classificados_e__aprovados.pdf\">Rela\u00e7\u00e3o de Candidatos Classificados e de Aprovados<\/a><\/strong><\/td>\n<\/tr>\n<tr>\n<td width=\"80\"><strong><a href=\"..\/midias\/anexos\/268_relacao_de_professores_aptos_a_prova_de_titulos.pdf\">Rela\u00e7\u00e3o de Professores aptos a Prova de T\u00edtulos<\/a><\/strong><\/td>\n<\/tr>\n<tr>\n<td width=\"80\"><strong><a href=\"..\/midias\/anexos\/268_edital_n_03_2013_convocacao_a_prova_de_titulos.pdf\">Edital n\u00ba 03\/2013 &#8211; Convoca\u00e7\u00e3o a Prova de T\u00edtulos<\/a><\/strong><\/td>\n<\/tr>\n<tr>\n<td width=\"80\"><strong><a href=\"..\/midias\/anexos\/268_formulario_de_entrega_de_titulos_retificado.pdf\">Formul\u00e1rio de Entrega de T\u00edtulos<\/a><\/strong><\/td>\n<\/tr>\n<tr>\n<td width=\"80\"><strong><a href=\"..\/midias\/anexos\/268_carta_aos_candidatos_secretario_escolar.pdf\">Carta aos Candidatos do Cargo de Secret\u00e1rio Escolar<\/a><\/strong><\/td>\n<\/tr>\n<tr>\n<td width=\"80\"><strong><a href=\"..\/midias\/anexos\/268_carta_aos_candidatos_secretario_escolar.pdf\">Secret\u00e1rio Escolar de Breves<\/a><\/strong><\/td>\n<\/tr>\n<tr>\n<td width=\"80\"><strong><a href=\"..\/midias\/anexos\/268_gabarito_oficial_definitivo_-_dia_29.09.2013.pdf\">\u00a0Gabarito Oficial Definitivo<\/a><\/strong><\/td>\n<\/tr>\n<tr>\n<td width=\"80\"><strong><a href=\"..\/midias\/anexos\/268_aviso_aos_candidatos_do_cargo_de_secretario_escolar.pdf\">Aviso aos candidatos do cargo de Secret\u00e1rio Escolar &#8211; 02\/10\/2013<\/a><\/strong><\/td>\n<\/tr>\n<tr>\n<td width=\"80\"><strong><a href=\"..\/midias\/anexos\/268_gabarito_oficial_preliminar_-_dia_29.pdf\">Gabarito Oficial Preliminar &#8211; dia 29\/09\/2013<\/a><\/strong><\/td>\n<\/tr>\n<tr>\n<td width=\"80\"><strong><a href=\"..\/midias\/anexos\/268_provas.rar\">\u00a0Provas dia 29\/09\/2013<\/a><\/strong><\/td>\n<\/tr>\n<tr>\n<td width=\"80\"><strong><a href=\"..\/midias\/anexos\/268_retificacao_do_edital_de_abertura_do_concurso.pdf\">Retifica\u00e7\u00e3o do Edital de Abertura do Concurso<\/a><\/strong><\/td>\n<\/tr>\n<tr>\n<td width=\"80\"><strong><a href=\"..\/midias\/anexos\/268_tabela_de_cargos.pdf\">Tabela de Cargos<\/a><\/strong><\/td>\n<\/tr>\n<tr>\n<td width=\"80\"><strong><a href=\"..\/midias\/anexos\/268_formulario_de_portador_de_deficiencia.pdf\">Formul\u00e1rio de PcD<\/a><\/strong><\/td>\n<\/tr>\n<tr>\n<td width=\"80\"><strong><a href=\"..\/midias\/anexos\/268_edital__01_2013_pmb.pdf\">Edital n\u00ba 01\/2013<\/a><\/strong><\/td>\n<\/tr>\n<\/tbody>\n<\/table>\t\t\t\t\t\t\t\t<\/div>\n\t\t\t\t<\/div>\n\t\t\t\t\t<\/div>\n\t\t<\/div>\n\t\t\t\t\t<\/div>\n\t\t<\/section>\n\t\t\t\t\t<\/div>\n\t\t<\/div>\n\t\t\t\t\t<\/div>\n\t\t<\/section>\n\t\t\t\t<\/div>\n\t\t","protected":false},"excerpt":{"rendered":"<p>Prefeitura de Breves &#8211; 2013 A Prefeitura Municipal de Breves-PA torna p\u00fablica a realiza\u00e7\u00e3o de Concurso P\u00fablico destinado ao preenchimento de vagas do quadro de pessoal efetivo da Secretaria Municipal de Educa\u00e7\u00e3o: n\u00edvel superior, n\u00edvel m\u00e9dio e n\u00edvel fundamental completo. Vagas &#8211;\u00a0403 Cargos &#8211;\u00a0\u00a0N\u00edvel Fundamental Completo: Agente de Limpeza Educacional e Zelador Educacional. N\u00ecvel M\u00e9dio: [&hellip;]<\/p>\n","protected":false},"author":9,"featured_media":0,"parent":329,"menu_order":56,"comment_status":"closed","ping_status":"closed","template":"","meta":{"_monsterinsights_skip_tracking":false,"_monsterinsights_sitenote_active":false,"_monsterinsights_sitenote_note":"","_monsterinsights_sitenote_category":0,"footnotes":""},"class_list":["post-1488","page","type-page","status-publish","hentry","entry"],"yoast_head":"<!-- This site is optimized with the Yoast SEO plugin v25.1 - https:\/\/yoast.com\/wordpress\/plugins\/seo\/ -->\n<title>Prefeitura Municipal de Breves (PA) - 2013 - FADESP<\/title>\n<meta name=\"robots\" content=\"index, follow, max-snippet:-1, max-image-preview:large, max-video-preview:-1\" \/>\n<link rel=\"canonical\" href=\"https:\/\/portalfadesp.org.br\/?page_id=1488\" \/>\n<meta property=\"og:locale\" content=\"pt_BR\" \/>\n<meta property=\"og:type\" content=\"article\" \/>\n<meta property=\"og:title\" content=\"Prefeitura Municipal de Breves (PA) - 2013 - FADESP\" \/>\n<meta property=\"og:description\" content=\"Prefeitura de Breves &#8211; 2013 A Prefeitura Municipal de Breves-PA torna p\u00fablica a realiza\u00e7\u00e3o de Concurso P\u00fablico destinado ao preenchimento de vagas do quadro de pessoal efetivo da Secretaria Municipal de Educa\u00e7\u00e3o: n\u00edvel superior, n\u00edvel m\u00e9dio e n\u00edvel fundamental completo. Vagas &#8211;\u00a0403 Cargos &#8211;\u00a0\u00a0N\u00edvel Fundamental Completo: Agente de Limpeza Educacional e Zelador Educacional. N\u00ecvel M\u00e9dio: [&hellip;]\" \/>\n<meta property=\"og:url\" content=\"https:\/\/portalfadesp.org.br\/?page_id=1488\" \/>\n<meta property=\"og:site_name\" content=\"FADESP\" \/>\n<meta property=\"article:publisher\" content=\"https:\/\/www.facebook.com\/Fadesp-138351949524662\/\" \/>\n<meta property=\"article:modified_time\" content=\"2022-12-20T15:32:52+00:00\" \/>\n<meta name=\"twitter:card\" content=\"summary_large_image\" \/>\n<meta name=\"twitter:site\" content=\"@Fadesp\" \/>\n<meta name=\"twitter:label1\" content=\"Est. tempo de leitura\" \/>\n\t<meta name=\"twitter:data1\" content=\"2 minutos\" \/>\n<script type=\"application\/ld+json\" class=\"yoast-schema-graph\">{\"@context\":\"https:\/\/schema.org\",\"@graph\":[{\"@type\":\"WebPage\",\"@id\":\"https:\/\/portalfadesp.org.br\/?page_id=1488\",\"url\":\"https:\/\/portalfadesp.org.br\/?page_id=1488\",\"name\":\"Prefeitura Municipal de Breves (PA) - 2013 - FADESP\",\"isPartOf\":{\"@id\":\"https:\/\/portalfadesp.org.br\/#website\"},\"datePublished\":\"2013-05-22T07:49:14+00:00\",\"dateModified\":\"2022-12-20T15:32:52+00:00\",\"breadcrumb\":{\"@id\":\"https:\/\/portalfadesp.org.br\/?page_id=1488#breadcrumb\"},\"inLanguage\":\"pt-BR\",\"potentialAction\":[{\"@type\":\"ReadAction\",\"target\":[\"https:\/\/portalfadesp.org.br\/?page_id=1488\"]}]},{\"@type\":\"BreadcrumbList\",\"@id\":\"https:\/\/portalfadesp.org.br\/?page_id=1488#breadcrumb\",\"itemListElement\":[{\"@type\":\"ListItem\",\"position\":1,\"name\":\"In\u00edcio\",\"item\":\"https:\/\/portalfadesp.org.br\/\"},{\"@type\":\"ListItem\",\"position\":2,\"name\":\"Concursos &#8211; Homologados\",\"item\":\"https:\/\/portalfadesp.org.br\/?page_id=329\"},{\"@type\":\"ListItem\",\"position\":3,\"name\":\"Prefeitura Municipal de Breves (PA) &#8211; 2013\"}]},{\"@type\":\"WebSite\",\"@id\":\"https:\/\/portalfadesp.org.br\/#website\",\"url\":\"https:\/\/portalfadesp.org.br\/\",\"name\":\"FADESP\",\"description\":\"Funda\u00e7\u00e3o de Amparo e Desenvolvimento da Pesquisa\",\"publisher\":{\"@id\":\"https:\/\/portalfadesp.org.br\/#organization\"},\"potentialAction\":[{\"@type\":\"SearchAction\",\"target\":{\"@type\":\"EntryPoint\",\"urlTemplate\":\"https:\/\/portalfadesp.org.br\/?s={search_term_string}\"},\"query-input\":{\"@type\":\"PropertyValueSpecification\",\"valueRequired\":true,\"valueName\":\"search_term_string\"}}],\"inLanguage\":\"pt-BR\"},{\"@type\":\"Organization\",\"@id\":\"https:\/\/portalfadesp.org.br\/#organization\",\"name\":\"FADESP\",\"url\":\"https:\/\/portalfadesp.org.br\/\",\"logo\":{\"@type\":\"ImageObject\",\"inLanguage\":\"pt-BR\",\"@id\":\"https:\/\/portalfadesp.org.br\/#\/schema\/logo\/image\/\",\"url\":\"https:\/\/portalfadesp.org.br\/wp-content\/uploads\/2024\/01\/NOVOLOGOFADESPlaranjaH.png\",\"contentUrl\":\"https:\/\/portalfadesp.org.br\/wp-content\/uploads\/2024\/01\/NOVOLOGOFADESPlaranjaH.png\",\"width\":2742,\"height\":839,\"caption\":\"FADESP\"},\"image\":{\"@id\":\"https:\/\/portalfadesp.org.br\/#\/schema\/logo\/image\/\"},\"sameAs\":[\"https:\/\/www.facebook.com\/Fadesp-138351949524662\/\",\"https:\/\/x.com\/Fadesp\",\"https:\/\/www.instagram.com\/fadesp_ufpa\/\",\"https:\/\/www.youtube.com\/@fundacaodeamparoedesenvolv1903\",\"https:\/\/www.threads.net\/@fadesp_ufpa\"]}]}<\/script>\n<!-- \/ Yoast SEO plugin. -->","yoast_head_json":{"title":"Prefeitura Municipal de Breves (PA) - 2013 - FADESP","robots":{"index":"index","follow":"follow","max-snippet":"max-snippet:-1","max-image-preview":"max-image-preview:large","max-video-preview":"max-video-preview:-1"},"canonical":"https:\/\/portalfadesp.org.br\/?page_id=1488","og_locale":"pt_BR","og_type":"article","og_title":"Prefeitura Municipal de Breves (PA) - 2013 - FADESP","og_description":"Prefeitura de Breves &#8211; 2013 A Prefeitura Municipal de Breves-PA torna p\u00fablica a realiza\u00e7\u00e3o de Concurso P\u00fablico destinado ao preenchimento de vagas do quadro de pessoal efetivo da Secretaria Municipal de Educa\u00e7\u00e3o: n\u00edvel superior, n\u00edvel m\u00e9dio e n\u00edvel fundamental completo. Vagas &#8211;\u00a0403 Cargos &#8211;\u00a0\u00a0N\u00edvel Fundamental Completo: Agente de Limpeza Educacional e Zelador Educacional. N\u00ecvel M\u00e9dio: [&hellip;]","og_url":"https:\/\/portalfadesp.org.br\/?page_id=1488","og_site_name":"FADESP","article_publisher":"https:\/\/www.facebook.com\/Fadesp-138351949524662\/","article_modified_time":"2022-12-20T15:32:52+00:00","twitter_card":"summary_large_image","twitter_site":"@Fadesp","twitter_misc":{"Est. tempo de leitura":"2 minutos"},"schema":{"@context":"https:\/\/schema.org","@graph":[{"@type":"WebPage","@id":"https:\/\/portalfadesp.org.br\/?page_id=1488","url":"https:\/\/portalfadesp.org.br\/?page_id=1488","name":"Prefeitura Municipal de Breves (PA) - 2013 - FADESP","isPartOf":{"@id":"https:\/\/portalfadesp.org.br\/#website"},"datePublished":"2013-05-22T07:49:14+00:00","dateModified":"2022-12-20T15:32:52+00:00","breadcrumb":{"@id":"https:\/\/portalfadesp.org.br\/?page_id=1488#breadcrumb"},"inLanguage":"pt-BR","potentialAction":[{"@type":"ReadAction","target":["https:\/\/portalfadesp.org.br\/?page_id=1488"]}]},{"@type":"BreadcrumbList","@id":"https:\/\/portalfadesp.org.br\/?page_id=1488#breadcrumb","itemListElement":[{"@type":"ListItem","position":1,"name":"In\u00edcio","item":"https:\/\/portalfadesp.org.br\/"},{"@type":"ListItem","position":2,"name":"Concursos &#8211; Homologados","item":"https:\/\/portalfadesp.org.br\/?page_id=329"},{"@type":"ListItem","position":3,"name":"Prefeitura Municipal de Breves (PA) &#8211; 2013"}]},{"@type":"WebSite","@id":"https:\/\/portalfadesp.org.br\/#website","url":"https:\/\/portalfadesp.org.br\/","name":"FADESP","description":"Funda\u00e7\u00e3o de Amparo e Desenvolvimento da Pesquisa","publisher":{"@id":"https:\/\/portalfadesp.org.br\/#organization"},"potentialAction":[{"@type":"SearchAction","target":{"@type":"EntryPoint","urlTemplate":"https:\/\/portalfadesp.org.br\/?s={search_term_string}"},"query-input":{"@type":"PropertyValueSpecification","valueRequired":true,"valueName":"search_term_string"}}],"inLanguage":"pt-BR"},{"@type":"Organization","@id":"https:\/\/portalfadesp.org.br\/#organization","name":"FADESP","url":"https:\/\/portalfadesp.org.br\/","logo":{"@type":"ImageObject","inLanguage":"pt-BR","@id":"https:\/\/portalfadesp.org.br\/#\/schema\/logo\/image\/","url":"https:\/\/portalfadesp.org.br\/wp-content\/uploads\/2024\/01\/NOVOLOGOFADESPlaranjaH.png","contentUrl":"https:\/\/portalfadesp.org.br\/wp-content\/uploads\/2024\/01\/NOVOLOGOFADESPlaranjaH.png","width":2742,"height":839,"caption":"FADESP"},"image":{"@id":"https:\/\/portalfadesp.org.br\/#\/schema\/logo\/image\/"},"sameAs":["https:\/\/www.facebook.com\/Fadesp-138351949524662\/","https:\/\/x.com\/Fadesp","https:\/\/www.instagram.com\/fadesp_ufpa\/","https:\/\/www.youtube.com\/@fundacaodeamparoedesenvolv1903","https:\/\/www.threads.net\/@fadesp_ufpa"]}]}},"_links":{"self":[{"href":"https:\/\/portalfadesp.org.br\/index.php?rest_route=\/wp\/v2\/pages\/1488","targetHints":{"allow":["GET"]}}],"collection":[{"href":"https:\/\/portalfadesp.org.br\/index.php?rest_route=\/wp\/v2\/pages"}],"about":[{"href":"https:\/\/portalfadesp.org.br\/index.php?rest_route=\/wp\/v2\/types\/page"}],"author":[{"embeddable":true,"href":"https:\/\/portalfadesp.org.br\/index.php?rest_route=\/wp\/v2\/users\/9"}],"replies":[{"embeddable":true,"href":"https:\/\/portalfadesp.org.br\/index.php?rest_route=%2Fwp%2Fv2%2Fcomments&post=1488"}],"version-history":[{"count":41,"href":"https:\/\/portalfadesp.org.br\/index.php?rest_route=\/wp\/v2\/pages\/1488\/revisions"}],"predecessor-version":[{"id":36683,"href":"https:\/\/portalfadesp.org.br\/index.php?rest_route=\/wp\/v2\/pages\/1488\/revisions\/36683"}],"up":[{"embeddable":true,"href":"https:\/\/portalfadesp.org.br\/index.php?rest_route=\/wp\/v2\/pages\/329"}],"wp:attachment":[{"href":"https:\/\/portalfadesp.org.br\/index.php?rest_route=%2Fwp%2Fv2%2Fmedia&parent=1488"}],"curies":[{"name":"wp","href":"https:\/\/api.w.org\/{rel}","templated":true}]}}