{"id":1466,"date":"2013-05-22T04:29:33","date_gmt":"2013-05-22T07:29:33","guid":{"rendered":"https:\/\/162.215.13.167?page_id=1466"},"modified":"2022-12-20T12:33:09","modified_gmt":"2022-12-20T15:33:09","slug":"hospital-santa-casa-de-misericordia-pa-2013","status":"publish","type":"page","link":"https:\/\/portalfadesp.org.br\/?page_id=1466","title":{"rendered":"Hospital Santa Casa de Miseric\u00f3rdia (PA) &#8211; 2013"},"content":{"rendered":"\t\t<div data-elementor-type=\"wp-post\" data-elementor-id=\"1466\" class=\"elementor elementor-1466\" data-elementor-post-type=\"page\">\n\t\t\t\t\t\t<section class=\"elementor-section elementor-top-section elementor-element elementor-element-32fda661 elementor-section-boxed elementor-section-height-default elementor-section-height-default\" data-id=\"32fda661\" data-element_type=\"section\">\n\t\t\t\t\t\t<div class=\"elementor-container elementor-column-gap-default\">\n\t\t\t\t\t<div class=\"elementor-column elementor-col-100 elementor-top-column elementor-element elementor-element-9ec34eb\" data-id=\"9ec34eb\" data-element_type=\"column\">\n\t\t\t<div class=\"elementor-widget-wrap elementor-element-populated\">\n\t\t\t\t\t\t<div class=\"elementor-element elementor-element-3bbd2c27 elementor-widget elementor-widget-heading\" data-id=\"3bbd2c27\" data-element_type=\"widget\" data-widget_type=\"heading.default\">\n\t\t\t\t<div class=\"elementor-widget-container\">\n\t\t\t\t\t<h1 class=\"elementor-heading-title elementor-size-default\">Hospital Santa Casa de Miseric\u00f3rdia (PA) - 2013\n<\/h1>\t\t\t\t<\/div>\n\t\t\t\t<\/div>\n\t\t\t\t<section class=\"elementor-section elementor-inner-section elementor-element elementor-element-539cbd90 elementor-section-boxed elementor-section-height-default elementor-section-height-default\" data-id=\"539cbd90\" data-element_type=\"section\">\n\t\t\t\t\t\t<div class=\"elementor-container elementor-column-gap-default\">\n\t\t\t\t\t<div class=\"elementor-column elementor-col-50 elementor-inner-column elementor-element elementor-element-47807255\" data-id=\"47807255\" data-element_type=\"column\">\n\t\t\t<div class=\"elementor-widget-wrap elementor-element-populated\">\n\t\t\t\t\t\t<div class=\"elementor-element elementor-element-2b150b2c elementor-widget elementor-widget-text-editor\" data-id=\"2b150b2c\" data-element_type=\"widget\" data-widget_type=\"text-editor.default\">\n\t\t\t\t<div class=\"elementor-widget-container\">\n\t\t\t\t\t\t\t\t\t<p>O Hospital Santa Casa de Miseric\u00f3rdia torna p\u00fablica a realiza\u00e7\u00e3o\u00a0de Processo Seletivo ao Curso de Mestrado Profissional Gest\u00e3o e Servi\u00e7os de Sa\u00fade na Amaz\u00f4nia (MPGSSA).<\/p><p><strong>Vagas &#8211;\u00a0<\/strong>14, sendo 07 destinadas \u00e0 ampla concorr\u00eancia (03 delas para a Linha de Pesquisa &#8220;Sa\u00fade-adoecimento e seus agravos&#8221;<strong>\u00a0<\/strong>e 04 para a Linha de<strong>\u00a0<\/strong>Pesquisa &#8220;Gest\u00e3o e Planejamento em Sa\u00fade&#8221;. As 07 restantes ser\u00e3o destinadas aos servidores do quadro da Funda\u00e7\u00e3o Santa Casa de Miseric\u00f3rdia do Par\u00e1 (FSCMPA), sendo 04 para a Linha de Pesquisa &#8220;Sa\u00fade-adoecimento e seus agravos&#8221;\u00a0e 03 para a Linha de Pesquisa\u00a0<strong>&#8220;<\/strong><strong>Gest\u00e3o e Planejamento em Sa\u00fade&#8221;.<\/strong><\/p><p><strong>Inscri\u00e7\u00f5es &#8211;\u00a0<\/strong>de\u00a008\/10\/2013 a 04\/11\/2013<\/p><p><strong>Taxa &#8211;\u00a0<\/strong>R$ 200,00<\/p><p><strong>Datas importantes<\/strong>:<\/p><p>Inscri\u00e7\u00f5es &#8211; de\u00a008\/10\/2013 a 04\/11\/2013<\/p><p>Pagamento da taxa de inscri\u00e7\u00e3o &#8211; at\u00e9 04\/11\/13<\/p><p>Impress\u00e3o do cart\u00e3o de confirma\u00e7\u00e3o &#8211; de\u00a006 a 08 de novembro de 2013.<\/p><p>Prova &#8211; 10\/11\/2013, das 9h \u00e0s 12h,\u00a0no Campus B\u00e1sico da UFPA, Pavilh\u00e3o A, localizado na Rua Augusto Corr\u00eaa s\/n, Guam\u00e1, Bel\u00e9m-PA.\u00a0<\/p>\t\t\t\t\t\t\t\t<\/div>\n\t\t\t\t<\/div>\n\t\t\t\t\t<\/div>\n\t\t<\/div>\n\t\t\t\t<div class=\"elementor-column elementor-col-50 elementor-inner-column elementor-element elementor-element-1af7cd71\" data-id=\"1af7cd71\" data-element_type=\"column\">\n\t\t\t<div class=\"elementor-widget-wrap elementor-element-populated\">\n\t\t\t\t\t\t<div class=\"elementor-element elementor-element-6262a019 elementor-widget elementor-widget-text-editor\" data-id=\"6262a019\" data-element_type=\"widget\" data-widget_type=\"text-editor.default\">\n\t\t\t\t<div class=\"elementor-widget-container\">\n\t\t\t\t\t\t\t\t\t<p style=\"text-align: center;\"><span style=\"color: #ffffff;\"><strong>Editais e Avisos<\/strong><\/span><\/p>\t\t\t\t\t\t\t\t<\/div>\n\t\t\t\t<\/div>\n\t\t\t\t<div class=\"elementor-element elementor-element-1085e424 elementor-widget elementor-widget-text-editor\" data-id=\"1085e424\" data-element_type=\"widget\" data-widget_type=\"text-editor.default\">\n\t\t\t\t<div class=\"elementor-widget-container\">\n\t\t\t\t\t\t\t\t\t<table width=\"80\">\n<tbody>\n<tr>\n<td width=\"80\"><strong><a href=\"..\/midias\/anexos\/274_resultado_final.pdf\">Resultado final<\/a><\/strong><\/td>\n<\/tr>\n<tr>\n<td width=\"80\"><strong><a href=\"..\/midias\/anexos\/274_resultado_da_2a_etapa.pdf\">Resultado da 2\u00aa etapa<\/a><\/strong><\/td>\n<\/tr>\n<tr>\n<td width=\"80\"><strong><a href=\"..\/midias\/anexos\/274_resultado_da_1a_etapa.pdf\">Resultado da 1\u00aa etapa<\/a><\/strong><\/td>\n<\/tr>\n<tr>\n<td width=\"80\"><strong><a href=\"..\/midias\/anexos\/274_retificacao_do_edital_-_alteracao_na_data_da_prova_e_outras_datas.pdf\">Retifica\u00e7\u00e3o do edital &#8211; data das provas<\/a><\/strong><\/td>\n<\/tr>\n<tr>\n<td width=\"80\"><strong><a href=\"..\/midias\/anexos\/274_refletindo_sobre_o_ato_de_cuidar_da______saude_capitulos-181_.pdf\">Refletindo sobre o ato de cuidar da sa\u00fade &#8211; cap. 18<\/a><\/strong><\/td>\n<\/tr>\n<tr>\n<td width=\"80\"><strong><a href=\"..\/midias\/anexos\/274_pre_natal_de_qualidade.pdf\">Pr\u00e9-natal de qualidade<\/a><\/strong><\/td>\n<\/tr>\n<tr>\n<td width=\"80\"><strong><a href=\"..\/midias\/anexos\/274_gestaodasaudebrasil_3.pdf\">gest\u00e3o da sa\u00fade Brasil 3<\/a><\/strong><\/td>\n<\/tr>\n<tr>\n<td width=\"80\"><strong><a href=\"..\/midias\/anexos\/274_evaluation_models_and_brazilian_health.pdf\">Evaluation models and brazilian heath<\/a><\/strong><\/td>\n<\/tr>\n<tr>\n<td width=\"80\"><strong><a href=\"..\/midias\/anexos\/274_779-1280-1-pb.pdf\">779-1280 1 PB<\/a><\/strong><\/td>\n<\/tr>\n<tr>\n<td width=\"80\"><strong><a href=\"..\/midias\/anexos\/274__relacaoconcepcaoprocesso_para_prova_do_mestrado_.pdf\">Rela\u00e7\u00e3o concep\u00e7\u00e3o processo para prova do mestrado<\/a><\/strong><\/td>\n<\/tr>\n<tr>\n<td width=\"80\"><strong><a href=\"..\/midias\/anexos\/274_edital_n_02_2013_fscmpa.pdf\">Edital 02\/2013<\/a><\/strong><\/td>\n<\/tr>\n<\/tbody>\n<\/table>\t\t\t\t\t\t\t\t<\/div>\n\t\t\t\t<\/div>\n\t\t\t\t\t<\/div>\n\t\t<\/div>\n\t\t\t\t\t<\/div>\n\t\t<\/section>\n\t\t\t\t\t<\/div>\n\t\t<\/div>\n\t\t\t\t\t<\/div>\n\t\t<\/section>\n\t\t\t\t<\/div>\n\t\t","protected":false},"excerpt":{"rendered":"<p>Hospital Santa Casa de Miseric\u00f3rdia (PA) &#8211; 2013 O Hospital Santa Casa de Miseric\u00f3rdia torna p\u00fablica a realiza\u00e7\u00e3o\u00a0de Processo Seletivo ao Curso de Mestrado Profissional Gest\u00e3o e Servi\u00e7os de Sa\u00fade na Amaz\u00f4nia (MPGSSA). Vagas &#8211;\u00a014, sendo 07 destinadas \u00e0 ampla concorr\u00eancia (03 delas para a Linha de Pesquisa &#8220;Sa\u00fade-adoecimento e seus agravos&#8221;\u00a0e 04 para a [&hellip;]<\/p>\n","protected":false},"author":9,"featured_media":0,"parent":329,"menu_order":56,"comment_status":"closed","ping_status":"closed","template":"","meta":{"_monsterinsights_skip_tracking":false,"_monsterinsights_sitenote_active":false,"_monsterinsights_sitenote_note":"","_monsterinsights_sitenote_category":0,"footnotes":""},"class_list":["post-1466","page","type-page","status-publish","hentry","entry"],"yoast_head":"<!-- This site is optimized with the Yoast SEO plugin v25.1 - https:\/\/yoast.com\/wordpress\/plugins\/seo\/ -->\n<title>Hospital Santa Casa de Miseric\u00f3rdia (PA) - 2013 - FADESP<\/title>\n<meta name=\"robots\" content=\"index, follow, max-snippet:-1, max-image-preview:large, max-video-preview:-1\" \/>\n<link rel=\"canonical\" href=\"https:\/\/portalfadesp.org.br\/?page_id=1466\" \/>\n<meta property=\"og:locale\" content=\"pt_BR\" \/>\n<meta property=\"og:type\" content=\"article\" \/>\n<meta property=\"og:title\" content=\"Hospital Santa Casa de Miseric\u00f3rdia (PA) - 2013 - FADESP\" \/>\n<meta property=\"og:description\" content=\"Hospital Santa Casa de Miseric\u00f3rdia (PA) &#8211; 2013 O Hospital Santa Casa de Miseric\u00f3rdia torna p\u00fablica a realiza\u00e7\u00e3o\u00a0de Processo Seletivo ao Curso de Mestrado Profissional Gest\u00e3o e Servi\u00e7os de Sa\u00fade na Amaz\u00f4nia (MPGSSA). Vagas &#8211;\u00a014, sendo 07 destinadas \u00e0 ampla concorr\u00eancia (03 delas para a Linha de Pesquisa &#8220;Sa\u00fade-adoecimento e seus agravos&#8221;\u00a0e 04 para a [&hellip;]\" \/>\n<meta property=\"og:url\" content=\"https:\/\/portalfadesp.org.br\/?page_id=1466\" \/>\n<meta property=\"og:site_name\" content=\"FADESP\" \/>\n<meta property=\"article:publisher\" content=\"https:\/\/www.facebook.com\/Fadesp-138351949524662\/\" \/>\n<meta property=\"article:modified_time\" content=\"2022-12-20T15:33:09+00:00\" \/>\n<meta name=\"twitter:card\" content=\"summary_large_image\" \/>\n<meta name=\"twitter:site\" content=\"@Fadesp\" \/>\n<meta name=\"twitter:label1\" content=\"Est. tempo de leitura\" \/>\n\t<meta name=\"twitter:data1\" content=\"1 minuto\" \/>\n<script type=\"application\/ld+json\" class=\"yoast-schema-graph\">{\"@context\":\"https:\/\/schema.org\",\"@graph\":[{\"@type\":\"WebPage\",\"@id\":\"https:\/\/portalfadesp.org.br\/?page_id=1466\",\"url\":\"https:\/\/portalfadesp.org.br\/?page_id=1466\",\"name\":\"Hospital Santa Casa de Miseric\u00f3rdia (PA) - 2013 - FADESP\",\"isPartOf\":{\"@id\":\"https:\/\/portalfadesp.org.br\/#website\"},\"datePublished\":\"2013-05-22T07:29:33+00:00\",\"dateModified\":\"2022-12-20T15:33:09+00:00\",\"breadcrumb\":{\"@id\":\"https:\/\/portalfadesp.org.br\/?page_id=1466#breadcrumb\"},\"inLanguage\":\"pt-BR\",\"potentialAction\":[{\"@type\":\"ReadAction\",\"target\":[\"https:\/\/portalfadesp.org.br\/?page_id=1466\"]}]},{\"@type\":\"BreadcrumbList\",\"@id\":\"https:\/\/portalfadesp.org.br\/?page_id=1466#breadcrumb\",\"itemListElement\":[{\"@type\":\"ListItem\",\"position\":1,\"name\":\"In\u00edcio\",\"item\":\"https:\/\/portalfadesp.org.br\/\"},{\"@type\":\"ListItem\",\"position\":2,\"name\":\"Concursos &#8211; Homologados\",\"item\":\"https:\/\/portalfadesp.org.br\/?page_id=329\"},{\"@type\":\"ListItem\",\"position\":3,\"name\":\"Hospital Santa Casa de Miseric\u00f3rdia (PA) &#8211; 2013\"}]},{\"@type\":\"WebSite\",\"@id\":\"https:\/\/portalfadesp.org.br\/#website\",\"url\":\"https:\/\/portalfadesp.org.br\/\",\"name\":\"FADESP\",\"description\":\"Funda\u00e7\u00e3o de Amparo e Desenvolvimento da Pesquisa\",\"publisher\":{\"@id\":\"https:\/\/portalfadesp.org.br\/#organization\"},\"potentialAction\":[{\"@type\":\"SearchAction\",\"target\":{\"@type\":\"EntryPoint\",\"urlTemplate\":\"https:\/\/portalfadesp.org.br\/?s={search_term_string}\"},\"query-input\":{\"@type\":\"PropertyValueSpecification\",\"valueRequired\":true,\"valueName\":\"search_term_string\"}}],\"inLanguage\":\"pt-BR\"},{\"@type\":\"Organization\",\"@id\":\"https:\/\/portalfadesp.org.br\/#organization\",\"name\":\"FADESP\",\"url\":\"https:\/\/portalfadesp.org.br\/\",\"logo\":{\"@type\":\"ImageObject\",\"inLanguage\":\"pt-BR\",\"@id\":\"https:\/\/portalfadesp.org.br\/#\/schema\/logo\/image\/\",\"url\":\"https:\/\/portalfadesp.org.br\/wp-content\/uploads\/2024\/01\/NOVOLOGOFADESPlaranjaH.png\",\"contentUrl\":\"https:\/\/portalfadesp.org.br\/wp-content\/uploads\/2024\/01\/NOVOLOGOFADESPlaranjaH.png\",\"width\":2742,\"height\":839,\"caption\":\"FADESP\"},\"image\":{\"@id\":\"https:\/\/portalfadesp.org.br\/#\/schema\/logo\/image\/\"},\"sameAs\":[\"https:\/\/www.facebook.com\/Fadesp-138351949524662\/\",\"https:\/\/x.com\/Fadesp\",\"https:\/\/www.instagram.com\/fadesp_ufpa\/\",\"https:\/\/www.youtube.com\/@fundacaodeamparoedesenvolv1903\",\"https:\/\/www.threads.net\/@fadesp_ufpa\"]}]}<\/script>\n<!-- \/ Yoast SEO plugin. -->","yoast_head_json":{"title":"Hospital Santa Casa de Miseric\u00f3rdia (PA) - 2013 - FADESP","robots":{"index":"index","follow":"follow","max-snippet":"max-snippet:-1","max-image-preview":"max-image-preview:large","max-video-preview":"max-video-preview:-1"},"canonical":"https:\/\/portalfadesp.org.br\/?page_id=1466","og_locale":"pt_BR","og_type":"article","og_title":"Hospital Santa Casa de Miseric\u00f3rdia (PA) - 2013 - FADESP","og_description":"Hospital Santa Casa de Miseric\u00f3rdia (PA) &#8211; 2013 O Hospital Santa Casa de Miseric\u00f3rdia torna p\u00fablica a realiza\u00e7\u00e3o\u00a0de Processo Seletivo ao Curso de Mestrado Profissional Gest\u00e3o e Servi\u00e7os de Sa\u00fade na Amaz\u00f4nia (MPGSSA). Vagas &#8211;\u00a014, sendo 07 destinadas \u00e0 ampla concorr\u00eancia (03 delas para a Linha de Pesquisa &#8220;Sa\u00fade-adoecimento e seus agravos&#8221;\u00a0e 04 para a [&hellip;]","og_url":"https:\/\/portalfadesp.org.br\/?page_id=1466","og_site_name":"FADESP","article_publisher":"https:\/\/www.facebook.com\/Fadesp-138351949524662\/","article_modified_time":"2022-12-20T15:33:09+00:00","twitter_card":"summary_large_image","twitter_site":"@Fadesp","twitter_misc":{"Est. tempo de leitura":"1 minuto"},"schema":{"@context":"https:\/\/schema.org","@graph":[{"@type":"WebPage","@id":"https:\/\/portalfadesp.org.br\/?page_id=1466","url":"https:\/\/portalfadesp.org.br\/?page_id=1466","name":"Hospital Santa Casa de Miseric\u00f3rdia (PA) - 2013 - FADESP","isPartOf":{"@id":"https:\/\/portalfadesp.org.br\/#website"},"datePublished":"2013-05-22T07:29:33+00:00","dateModified":"2022-12-20T15:33:09+00:00","breadcrumb":{"@id":"https:\/\/portalfadesp.org.br\/?page_id=1466#breadcrumb"},"inLanguage":"pt-BR","potentialAction":[{"@type":"ReadAction","target":["https:\/\/portalfadesp.org.br\/?page_id=1466"]}]},{"@type":"BreadcrumbList","@id":"https:\/\/portalfadesp.org.br\/?page_id=1466#breadcrumb","itemListElement":[{"@type":"ListItem","position":1,"name":"In\u00edcio","item":"https:\/\/portalfadesp.org.br\/"},{"@type":"ListItem","position":2,"name":"Concursos &#8211; Homologados","item":"https:\/\/portalfadesp.org.br\/?page_id=329"},{"@type":"ListItem","position":3,"name":"Hospital Santa Casa de Miseric\u00f3rdia (PA) &#8211; 2013"}]},{"@type":"WebSite","@id":"https:\/\/portalfadesp.org.br\/#website","url":"https:\/\/portalfadesp.org.br\/","name":"FADESP","description":"Funda\u00e7\u00e3o de Amparo e Desenvolvimento da Pesquisa","publisher":{"@id":"https:\/\/portalfadesp.org.br\/#organization"},"potentialAction":[{"@type":"SearchAction","target":{"@type":"EntryPoint","urlTemplate":"https:\/\/portalfadesp.org.br\/?s={search_term_string}"},"query-input":{"@type":"PropertyValueSpecification","valueRequired":true,"valueName":"search_term_string"}}],"inLanguage":"pt-BR"},{"@type":"Organization","@id":"https:\/\/portalfadesp.org.br\/#organization","name":"FADESP","url":"https:\/\/portalfadesp.org.br\/","logo":{"@type":"ImageObject","inLanguage":"pt-BR","@id":"https:\/\/portalfadesp.org.br\/#\/schema\/logo\/image\/","url":"https:\/\/portalfadesp.org.br\/wp-content\/uploads\/2024\/01\/NOVOLOGOFADESPlaranjaH.png","contentUrl":"https:\/\/portalfadesp.org.br\/wp-content\/uploads\/2024\/01\/NOVOLOGOFADESPlaranjaH.png","width":2742,"height":839,"caption":"FADESP"},"image":{"@id":"https:\/\/portalfadesp.org.br\/#\/schema\/logo\/image\/"},"sameAs":["https:\/\/www.facebook.com\/Fadesp-138351949524662\/","https:\/\/x.com\/Fadesp","https:\/\/www.instagram.com\/fadesp_ufpa\/","https:\/\/www.youtube.com\/@fundacaodeamparoedesenvolv1903","https:\/\/www.threads.net\/@fadesp_ufpa"]}]}},"_links":{"self":[{"href":"https:\/\/portalfadesp.org.br\/index.php?rest_route=\/wp\/v2\/pages\/1466","targetHints":{"allow":["GET"]}}],"collection":[{"href":"https:\/\/portalfadesp.org.br\/index.php?rest_route=\/wp\/v2\/pages"}],"about":[{"href":"https:\/\/portalfadesp.org.br\/index.php?rest_route=\/wp\/v2\/types\/page"}],"author":[{"embeddable":true,"href":"https:\/\/portalfadesp.org.br\/index.php?rest_route=\/wp\/v2\/users\/9"}],"replies":[{"embeddable":true,"href":"https:\/\/portalfadesp.org.br\/index.php?rest_route=%2Fwp%2Fv2%2Fcomments&post=1466"}],"version-history":[{"count":35,"href":"https:\/\/portalfadesp.org.br\/index.php?rest_route=\/wp\/v2\/pages\/1466\/revisions"}],"predecessor-version":[{"id":36686,"href":"https:\/\/portalfadesp.org.br\/index.php?rest_route=\/wp\/v2\/pages\/1466\/revisions\/36686"}],"up":[{"embeddable":true,"href":"https:\/\/portalfadesp.org.br\/index.php?rest_route=\/wp\/v2\/pages\/329"}],"wp:attachment":[{"href":"https:\/\/portalfadesp.org.br\/index.php?rest_route=%2Fwp%2Fv2%2Fmedia&parent=1466"}],"curies":[{"name":"wp","href":"https:\/\/api.w.org\/{rel}","templated":true}]}}