{"id":1465,"date":"2013-05-22T04:29:31","date_gmt":"2013-05-22T07:29:31","guid":{"rendered":"https:\/\/162.215.13.167?page_id=1465"},"modified":"2024-10-04T10:16:54","modified_gmt":"2024-10-04T13:16:54","slug":"prefeitura-de-curua-2013","status":"publish","type":"page","link":"https:\/\/portalfadesp.org.br\/?page_id=1465","title":{"rendered":"Prefeitura Municipal de Curu\u00e1 (PA) &#8211; 2013"},"content":{"rendered":"\t\t<div data-elementor-type=\"wp-post\" data-elementor-id=\"1465\" class=\"elementor elementor-1465\" data-elementor-post-type=\"page\">\n\t\t\t\t\t\t<section class=\"elementor-section elementor-top-section elementor-element elementor-element-60c0697f elementor-section-boxed elementor-section-height-default elementor-section-height-default\" data-id=\"60c0697f\" data-element_type=\"section\">\n\t\t\t\t\t\t<div class=\"elementor-container elementor-column-gap-default\">\n\t\t\t\t\t<div class=\"elementor-column elementor-col-100 elementor-top-column elementor-element elementor-element-4e49e8c0\" data-id=\"4e49e8c0\" data-element_type=\"column\">\n\t\t\t<div class=\"elementor-widget-wrap elementor-element-populated\">\n\t\t\t\t\t\t<div class=\"elementor-element elementor-element-6fa0f082 elementor-widget elementor-widget-heading\" data-id=\"6fa0f082\" data-element_type=\"widget\" data-widget_type=\"heading.default\">\n\t\t\t\t<div class=\"elementor-widget-container\">\n\t\t\t\t\t<h1 class=\"elementor-heading-title elementor-size-default\">Prefeitura de Curu\u00e1 - 2013\n<\/h1>\t\t\t\t<\/div>\n\t\t\t\t<\/div>\n\t\t\t\t<section class=\"elementor-section elementor-inner-section elementor-element elementor-element-4029f5fa elementor-section-boxed elementor-section-height-default elementor-section-height-default\" data-id=\"4029f5fa\" data-element_type=\"section\">\n\t\t\t\t\t\t<div class=\"elementor-container elementor-column-gap-default\">\n\t\t\t\t\t<div class=\"elementor-column elementor-col-50 elementor-inner-column elementor-element elementor-element-79cf804\" data-id=\"79cf804\" data-element_type=\"column\">\n\t\t\t<div class=\"elementor-widget-wrap elementor-element-populated\">\n\t\t\t\t\t\t<div class=\"elementor-element elementor-element-2100ce93 elementor-widget elementor-widget-text-editor\" data-id=\"2100ce93\" data-element_type=\"widget\" data-widget_type=\"text-editor.default\">\n\t\t\t\t<div class=\"elementor-widget-container\">\n\t\t\t\t\t\t\t\t\t<p>A Prefeitura de Curu\u00e1 (PA) torna p\u00fablica a realiza\u00e7\u00e3o de Concurso P\u00fablico destinado ao preenchimento de vagas do quadro de pessoal efetivo de n\u00edveis superior, M\u00e9dio, Fundamental completo e Alfabetizado.<\/p><p><strong>Vagas &#8211;\u00a0<\/strong>392<\/p><p><strong>Cargos &#8211;\u00a0<\/strong>N\u00edvel Alfabetizado: Servente, Agente de Limpeza P\u00fablica, Operador de M\u00e1quina e Vigia.<\/p><p>N\u00edvel Fundamental e M\u00e9dio: Agente Administrativo, Recepcionista, Auxiliar de Consult\u00f3rio Dent\u00e1rio, Agente de Vigil\u00e2ncia Sanit\u00e1ria, Agente de Fiscaliza\u00e7\u00e3o, Motorista B, Motorista de M\u00e1quina Pesada, Eletricista, Ajudante de Eletricista, Secret\u00e1rio Escolar e T\u00e9cnico de Enfermagem.<strong><br \/><\/strong><\/p><p>N\u00edvel M\u00e9dio Completo: Professor N\u00edvel M\u00e9dio (Magist\u00e9rio), Professor em Pedagogia, Professor em L\u00edngua Portuguesa<strong>,\u00a0<\/strong>Professor em Matem\u00e1tica, Professor de Ci\u00eancias Naturais ou Biol\u00f3gica, Professor em Hist\u00f3ria, Professor em Geografia, Professor em Artes, Professor em Ingl\u00eas e Professor em Educa\u00e7\u00e3o F\u00edsica.<\/p><p><strong>N\u00edvel Superior:\u00a0<\/strong>Professor Licenciado Pleno Educa\u00e7\u00e3o F\u00edsica,\u00a0Professor Licenciado Pleno em Artes,\u00a0Professor Licenciado Pleno em Ci\u00eancias Naturais ou Biologia,\u00a0Professor Licenciado Pleno em Geografia,\u00a0Professor Licenciado Pleno em Hist\u00f3ria,\u00a0Professor Licenciado Pleno em Ingl\u00eas,\u00a0Professor Licenciado Pleno em Matem\u00e1tica,\u00a0Professor Licenciado Pleno em Pedagogia,\u00a0Professor Licenciado Pleno em L\u00edngua Portuguesa,\u00a0Fisioterapeuta,\u00a0M\u00e9dico Cl\u00ednico Geral,\u00a0Psic\u00f3logo,\u00a0Odont\u00f3logo,\u00a0T\u00e9cnico em Educa\u00e7\u00e3o,\u00a0Bi\u00f3logo e\u00a0Enfermeiro.<strong><br \/><\/strong><\/p><p><strong>Remunera\u00e7\u00e3o &#8211;\u00a0<\/strong>de R$ 678,00 a R$ 6.000,00<strong><br \/><\/strong><\/p><p><strong>Inscri\u00e7\u00f5es &#8211;\u00a0<\/strong>30\/07\/13 a 02\/09\/13<strong><br \/><\/strong><\/p><p><strong>Taxa &#8211;\u00a0<\/strong>R$ 40,00 (N\u00edvel Algabetizado), R$ 45,00 (N\u00edvel Fundamental Completo), R$ 50,00 (N\u00edvel M\u00e9dio) e R$ 60,00 (N\u00edvel Superior)<\/p><p><strong>Datas importantes<\/strong>:<\/p><p><strong>Per\u00edodo de Inscri\u00e7\u00e3o<\/strong>\u00a0&#8211; 30\/07\/13 a 02\/09\/13<\/p><p><strong>Cart\u00e3o de Inscri\u00e7\u00e3o<\/strong>\u00a0&#8211; 05 a 09\/09\/13<\/p><p><strong>Data da Prova Objetiva<\/strong>\u00a0&#8211; 15\/09\/13<\/p>\t\t\t\t\t\t\t\t<\/div>\n\t\t\t\t<\/div>\n\t\t\t\t\t<\/div>\n\t\t<\/div>\n\t\t\t\t<div class=\"elementor-column elementor-col-50 elementor-inner-column elementor-element elementor-element-16136ce8\" data-id=\"16136ce8\" data-element_type=\"column\">\n\t\t\t<div class=\"elementor-widget-wrap elementor-element-populated\">\n\t\t\t\t\t\t<div class=\"elementor-element elementor-element-3388b276 elementor-widget elementor-widget-text-editor\" data-id=\"3388b276\" data-element_type=\"widget\" data-widget_type=\"text-editor.default\">\n\t\t\t\t<div class=\"elementor-widget-container\">\n\t\t\t\t\t\t\t\t\t<p style=\"text-align: center;\"><span style=\"color: #ffffff;\"><strong>Editais e Avisos<\/strong><\/span><\/p>\t\t\t\t\t\t\t\t<\/div>\n\t\t\t\t<\/div>\n\t\t\t\t<div class=\"elementor-element elementor-element-5b89980b elementor-widget elementor-widget-text-editor\" data-id=\"5b89980b\" data-element_type=\"widget\" data-widget_type=\"text-editor.default\">\n\t\t\t\t<div class=\"elementor-widget-container\">\n\t\t\t\t\t\t\t\t\t<p><strong><a id=\"c7i2X3aNEx\" title=\"Tamanho: 136KB\" href=\"..\/midias\/anexos\/267_edital_de_convocacao_n_07_de_2015.pdf\" target=\"_blank\" rel=\"noopener\">Edital n\u00ba 07\/2015 &#8211; convoca\u00e7\u00e3o<\/a><\/strong><\/p><p><strong><a id=\"c7i2X3aNEx\" title=\"Tamanho: 185KB\" href=\"..\/midias\/anexos\/267_anexo_i_do_edital_de_convocacao_n_07_de_2015.pdf\" target=\"_blank\" rel=\"noopener\">Anexo do edital n\u00ba 07\/2015 &#8211; convoca\u00e7\u00e3o<\/a><\/strong><\/p><p><strong><a href=\"http:\/\/concursos.fadesp.org.br\/curua2013\/arquivos\/Edital%20de%20Convoca%C3%A7%C3%A3o%20n%C2%B0%2004%20de%202015.pdf\" target=\"_blank\" rel=\"noopener\">Edital de Convoca\u00e7\u00e3o em 04\/2015<\/a><\/strong><\/p><p><strong><a href=\"http:\/\/concursos.fadesp.org.br\/curua2013\/arquivos\/Anexo%20I%20do%20Edital%20de%20Convoca%C3%A7%C3%A3o%20n%C2%B0%2004%20de%202015.pdf\" target=\"_blank\" rel=\"noopener\">Anexo I do Edital de Convoca\u00e7\u00e3o n\u00b0 04\/2015.pdf\u00a0<\/a><\/strong><\/p><p><strong><a href=\"http:\/\/concursos.fadesp.org.br\/curua2013\/arquivos\/Edital%20de%20Convoca%C3%A7%C3%A3o%20n%C2%B0%2003%20de%202015.pdf\" target=\"_blank\" rel=\"noopener\">Edital de Convoca\u00e7\u00e3o em 03\/2015<\/a><\/strong><\/p><p><strong><a href=\"http:\/\/concursos.fadesp.org.br\/curua2013\/arquivos\/Anexo%20I%20do%20Edital%20de%20Convoca%C3%A7%C3%A3o%20n%C2%B0%2003%20de%202015.pdf\" target=\"_blank\" rel=\"noopener\">Anexo I do Edital de Convoca\u00e7\u00e3o n\u00b0 03\/2015.pdf<\/a><\/strong><\/p><p><strong><a href=\"http:\/\/concursos.fadesp.org.br\/curua2013\/arquivos\/Edital%20de%20Convoca%C3%A7%C3%A3o%20n%C2%B0%2002%20de%202015.pdf\" target=\"_blank\" rel=\"noopener\">Edital de Convoca\u00e7\u00e3o em 02\/2015<\/a><\/strong><\/p><p><strong><a href=\"http:\/\/concursos.fadesp.org.br\/curua2013\/arquivos\/Anexo%20I%20do%20Edital%20de%20Convoca%C3%A7%C3%A3o%20n%C2%B0%2002%20de%202015.pdf\" target=\"_blank\" rel=\"noopener\">Anexo I do Edital de Convoca\u00e7\u00e3o n\u00b0 02\/2015.pdf<\/a><\/strong><\/p><p><strong><a href=\"http:\/\/concursos.fadesp.org.br\/curua2013\/arquivos\/edital%20de%20convocacao.pdf\" target=\"_self\">Edital de Convoca\u00e7\u00e3o em 07\/2014\u00a0<\/a><\/strong><\/p><p><strong><a href=\"http:\/\/concursos.fadesp.org.br\/curua2013\/arquivos\/Edital%20de%20Convoca%C3%A7%C3%A3o%20em%2011_06_2014.pdf\" target=\"_self\">Edital de Convoca\u00e7\u00e3o em 11\/06\/2014<\/a><\/strong><\/p><p><strong><a id=\"c7i2X3aNEx\" title=\"Tamanho: 111KB\" href=\"..\/midias\/anexos\/267_anexo_i_do_edital_de_convocacao_01_de_2014.pdf\" target=\"_blank\" rel=\"noopener\">Anexo I &#8211; Do Edital de Convoca\u00e7\u00e3o 01\/2014<\/a><\/strong><\/p><p><strong><a id=\"c7i2X3aNEx\" title=\"Tamanho: 106KB\" href=\"..\/midias\/anexos\/267_edital_de_convocacao_01_de_2014.pdf\" target=\"_blank\" rel=\"noopener\">Edital de Convoca\u00e7\u00e3o 01\/2014<\/a><\/strong><\/p><p><strong><a id=\"c7i2X3aNEx\" title=\"Tamanho: 78KB\" href=\"..\/midias\/anexos\/267_anexo_ii_do_edital_de_convocacao_01_2013.pdf\" target=\"_blank\" rel=\"noopener\">Anexo II &#8211; Do Edital de Convoca\u00e7\u00e3o 01\/2013<\/a><\/strong><\/p><p><strong><a href=\"..\/wp-content\/uploads\/2020\/03\/Edital-de-Convoca\u00e7\u00e3o-01_2013.pdf\" target=\"_blank\" rel=\"noopener\">Anexo I &#8211; Do Edital de Convoca\u00e7\u00e3o 01\/2013<\/a><\/strong><\/p><p><strong><a href=\"..\/wp-content\/uploads\/2020\/03\/Edital-de-Convoca\u00e7\u00e3o-01_2013.pdf\" target=\"_blank\" rel=\"noopener\">Edital de Convoca\u00e7\u00e3o 01\/2013<\/a><\/strong><\/p><p><strong><a href=\"..\/wp-content\/uploads\/2020\/03\/Edital-n-04_2013_PMC_Homologacao.pdf\" target=\"_blank\" rel=\"noopener\">Edital n\u00ba 04\/2013 &#8211; Homologa\u00e7\u00e3o<\/a><\/strong><\/p><p><strong><a id=\"c7i2X3aNEx\" title=\"Tamanho: 197KB\" href=\"..\/midias\/anexos\/267_edital_n_03_2013_resultado_final_de_professores.pdf\" target=\"_blank\" rel=\"noopener\">Edital n\u00ba 03\/2013 &#8211; Resultado Final de Professores<\/a><\/strong><\/p><p><strong><a id=\"c7i2X3aNEx\" title=\"Tamanho: 148KB\" href=\"..\/midias\/anexos\/267_resultado_da_prova_de_titulos.pdf\" target=\"_blank\" rel=\"noopener\">Resultado da Prova de T\u00edtulos<\/a><\/strong><\/p><p><strong><a id=\"c7i2X3aNEx\" title=\"Tamanho: 19KB\" href=\"..\/midias\/anexos\/267_formulario_de_entrega_de_titulos.pdf\" target=\"_blank\" rel=\"noopener\">Formul\u00e1rio de Entrega de T\u00edtulos<\/a><\/strong><\/p><p><strong><a id=\"c7i2X3aNEx\" title=\"Tamanho: 199KB\" href=\"..\/midias\/anexos\/267_edital_n_02_2013_convocacao_a_prova_de_titulos.pdf\" target=\"_blank\" rel=\"noopener\">Edital n\u00ba 02\/2013 &#8211; Convoca\u00e7\u00e3o a Prova de T\u00edtulos<\/a><\/strong><\/p><p><strong><a id=\"c7i2X3aNEx\" title=\"Tamanho: 1058KB\" href=\"..\/midias\/anexos\/267_resultado_geral_da_prova_objetiva.pdf\" target=\"_blank\" rel=\"noopener\">Resultado Geral da Prova Objetiva<\/a><\/strong><\/p><p><strong><a id=\"c7i2X3aNEx\" title=\"Tamanho: 160KB\" href=\"..\/midias\/anexos\/267_gabarito_oficial_definitivo_-_dia_22.09.2013_-_alfabetizado.pdf\" target=\"_blank\" rel=\"noopener\">Gabarito Oficial Definitivo &#8211; Dia 22\/09\/2013 &#8211; Alfabetizado<\/a><\/strong><\/p><p><strong><a id=\"c7i2X3aNEx\" title=\"Tamanho: 160KB\" href=\"..\/midias\/anexos\/267_gabarito_oficial_preliminar_-_dia_22.09.2013_-_alfabetizado.pdf\" target=\"_blank\" rel=\"noopener\">Gabarito Oficial Preliminar &#8211; Dia 22\/09\/2013 &#8211; Alfabetizado<\/a><\/strong><\/p><p><strong><a id=\"c7i2X3aNEx\" title=\"Tamanho: -1KB\" href=\"..\/midias\/anexos\/267_prova_nivel_alfabetizado.pdf\" target=\"_blank\" rel=\"noopener\">Prova &#8211; N\u00edvel Alfabetizado<\/a><\/strong><\/p><p><strong><a id=\"c7i2X3aNEx\" title=\"Tamanho: 239KB\" href=\"..\/midias\/anexos\/267_gabarito_oficial_definitivo_-_dia_15.09.2013.pdf\" target=\"_blank\" rel=\"noopener\">Gabarito Oficial Definitivo &#8211; Dia 15\/09\/2013<\/a><\/strong><\/p><p><strong><a id=\"c7i2X3aNEx\" title=\"Tamanho: -1KB\" href=\"..\/midias\/anexos\/267_provas.zip\" target=\"_blank\" rel=\"noopener\">Provas &#8211; 15\/09\/2013<\/a><\/strong><\/p><p><strong><a id=\"c7i2X3aNEx\" title=\"Tamanho: 237KB\" href=\"..\/midias\/anexos\/267_gabarito_oficial_preliminar_-_dia_15.09.2013.pdf\" target=\"_blank\" rel=\"noopener\">Gabarito Oficial Preliminar &#8211; dia 15\/09\/2013<\/a><\/strong><\/p><p><strong><a id=\"c7i2X3aNEx\" title=\"Tamanho: -1KB\" href=\"..\/midias\/anexos\/267_edital_n_02__data_de_prova_de_nivel_alfabetizado.pdf\" target=\"_blank\" rel=\"noopener\">Edital n\u00ba 02\/2013 PMC &#8211; Altera\u00e7\u00e3o na Data da Prova dos cargos de n\u00edvel alfabetizado<\/a><\/strong><\/p><p><strong><a id=\"c7i2X3aNEx\" title=\"Tamanho: 110KB\" href=\"..\/midias\/anexos\/267_tabela_de_cargos_retificada_em_06_08_2013.pdf\" target=\"_blank\" rel=\"noopener\">Tabela de Cargos Retificada em 06\/08\/2013<\/a><\/strong><\/p><p><strong><a id=\"c7i2X3aNEx\" title=\"Tamanho: 98KB\" href=\"..\/midias\/anexos\/267_formulario_de_portador_de_deficiencia.pdf\" target=\"_blank\" rel=\"noopener\">Formul\u00e1rio de PCD &#8211; Enviar at\u00e9 03\/09\/2013<\/a><\/strong><\/p><p><strong><a id=\"c7i2X3aNEx\" title=\"Tamanho: 339KB\" href=\"..\/midias\/anexos\/267_edital_n_01_2013_pmc_-_retificado_em_06_08_2013.pdf\" target=\"_blank\" rel=\"noopener\">Edital n\u00ba 01\/2013 PMC &#8211; Retificado em 06\/08\/2013<\/a><\/strong><\/p><p style=\"text-align: center;\"><strong>\u00a0Informa\u00e7\u00f5es no setor de Concursos<\/strong><\/p><p style=\"text-align: center;\"><strong>das 8h \u00e0s 17h<\/strong><br \/><strong>(91) 4005-7446 \/ 7433 concursos@fadesp.org.br\u00a0<\/strong><\/p>\t\t\t\t\t\t\t\t<\/div>\n\t\t\t\t<\/div>\n\t\t\t\t\t<\/div>\n\t\t<\/div>\n\t\t\t\t\t<\/div>\n\t\t<\/section>\n\t\t\t\t\t<\/div>\n\t\t<\/div>\n\t\t\t\t\t<\/div>\n\t\t<\/section>\n\t\t\t\t<\/div>\n\t\t","protected":false},"excerpt":{"rendered":"<p>Prefeitura de Curu\u00e1 &#8211; 2013 A Prefeitura de Curu\u00e1 (PA) torna p\u00fablica a realiza\u00e7\u00e3o de Concurso P\u00fablico destinado ao preenchimento de vagas do quadro de pessoal efetivo de n\u00edveis superior, M\u00e9dio, Fundamental completo e Alfabetizado. Vagas &#8211;\u00a0392 Cargos &#8211;\u00a0N\u00edvel Alfabetizado: Servente, Agente de Limpeza P\u00fablica, Operador de M\u00e1quina e Vigia. N\u00edvel Fundamental e M\u00e9dio: Agente [&hellip;]<\/p>\n","protected":false},"author":9,"featured_media":0,"parent":329,"menu_order":56,"comment_status":"closed","ping_status":"closed","template":"","meta":{"_monsterinsights_skip_tracking":false,"_monsterinsights_sitenote_active":false,"_monsterinsights_sitenote_note":"","_monsterinsights_sitenote_category":0,"footnotes":""},"class_list":["post-1465","page","type-page","status-publish","hentry","entry"],"yoast_head":"<!-- This site is optimized with the Yoast SEO plugin v25.1 - https:\/\/yoast.com\/wordpress\/plugins\/seo\/ -->\n<title>Prefeitura Municipal de Curu\u00e1 (PA) - 2013 - FADESP<\/title>\n<meta name=\"robots\" content=\"index, follow, max-snippet:-1, max-image-preview:large, max-video-preview:-1\" \/>\n<link rel=\"canonical\" href=\"https:\/\/portalfadesp.org.br\/?page_id=1465\" \/>\n<meta property=\"og:locale\" content=\"pt_BR\" \/>\n<meta property=\"og:type\" content=\"article\" \/>\n<meta property=\"og:title\" content=\"Prefeitura Municipal de Curu\u00e1 (PA) - 2013 - FADESP\" \/>\n<meta property=\"og:description\" content=\"Prefeitura de Curu\u00e1 &#8211; 2013 A Prefeitura de Curu\u00e1 (PA) torna p\u00fablica a realiza\u00e7\u00e3o de Concurso P\u00fablico destinado ao preenchimento de vagas do quadro de pessoal efetivo de n\u00edveis superior, M\u00e9dio, Fundamental completo e Alfabetizado. Vagas &#8211;\u00a0392 Cargos &#8211;\u00a0N\u00edvel Alfabetizado: Servente, Agente de Limpeza P\u00fablica, Operador de M\u00e1quina e Vigia. N\u00edvel Fundamental e M\u00e9dio: Agente [&hellip;]\" \/>\n<meta property=\"og:url\" content=\"https:\/\/portalfadesp.org.br\/?page_id=1465\" \/>\n<meta property=\"og:site_name\" content=\"FADESP\" \/>\n<meta property=\"article:publisher\" content=\"https:\/\/www.facebook.com\/Fadesp-138351949524662\/\" \/>\n<meta property=\"article:modified_time\" content=\"2024-10-04T13:16:54+00:00\" \/>\n<meta name=\"twitter:card\" content=\"summary_large_image\" \/>\n<meta name=\"twitter:site\" content=\"@Fadesp\" \/>\n<meta name=\"twitter:label1\" content=\"Est. tempo de leitura\" \/>\n\t<meta name=\"twitter:data1\" content=\"3 minutos\" \/>\n<script type=\"application\/ld+json\" class=\"yoast-schema-graph\">{\"@context\":\"https:\/\/schema.org\",\"@graph\":[{\"@type\":\"WebPage\",\"@id\":\"https:\/\/portalfadesp.org.br\/?page_id=1465\",\"url\":\"https:\/\/portalfadesp.org.br\/?page_id=1465\",\"name\":\"Prefeitura Municipal de Curu\u00e1 (PA) - 2013 - FADESP\",\"isPartOf\":{\"@id\":\"https:\/\/portalfadesp.org.br\/#website\"},\"datePublished\":\"2013-05-22T07:29:31+00:00\",\"dateModified\":\"2024-10-04T13:16:54+00:00\",\"breadcrumb\":{\"@id\":\"https:\/\/portalfadesp.org.br\/?page_id=1465#breadcrumb\"},\"inLanguage\":\"pt-BR\",\"potentialAction\":[{\"@type\":\"ReadAction\",\"target\":[\"https:\/\/portalfadesp.org.br\/?page_id=1465\"]}]},{\"@type\":\"BreadcrumbList\",\"@id\":\"https:\/\/portalfadesp.org.br\/?page_id=1465#breadcrumb\",\"itemListElement\":[{\"@type\":\"ListItem\",\"position\":1,\"name\":\"In\u00edcio\",\"item\":\"https:\/\/portalfadesp.org.br\/\"},{\"@type\":\"ListItem\",\"position\":2,\"name\":\"Concursos &#8211; Homologados\",\"item\":\"https:\/\/portalfadesp.org.br\/?page_id=329\"},{\"@type\":\"ListItem\",\"position\":3,\"name\":\"Prefeitura Municipal de Curu\u00e1 (PA) &#8211; 2013\"}]},{\"@type\":\"WebSite\",\"@id\":\"https:\/\/portalfadesp.org.br\/#website\",\"url\":\"https:\/\/portalfadesp.org.br\/\",\"name\":\"FADESP\",\"description\":\"Funda\u00e7\u00e3o de Amparo e Desenvolvimento da Pesquisa\",\"publisher\":{\"@id\":\"https:\/\/portalfadesp.org.br\/#organization\"},\"potentialAction\":[{\"@type\":\"SearchAction\",\"target\":{\"@type\":\"EntryPoint\",\"urlTemplate\":\"https:\/\/portalfadesp.org.br\/?s={search_term_string}\"},\"query-input\":{\"@type\":\"PropertyValueSpecification\",\"valueRequired\":true,\"valueName\":\"search_term_string\"}}],\"inLanguage\":\"pt-BR\"},{\"@type\":\"Organization\",\"@id\":\"https:\/\/portalfadesp.org.br\/#organization\",\"name\":\"FADESP\",\"url\":\"https:\/\/portalfadesp.org.br\/\",\"logo\":{\"@type\":\"ImageObject\",\"inLanguage\":\"pt-BR\",\"@id\":\"https:\/\/portalfadesp.org.br\/#\/schema\/logo\/image\/\",\"url\":\"https:\/\/portalfadesp.org.br\/wp-content\/uploads\/2024\/01\/NOVOLOGOFADESPlaranjaH.png\",\"contentUrl\":\"https:\/\/portalfadesp.org.br\/wp-content\/uploads\/2024\/01\/NOVOLOGOFADESPlaranjaH.png\",\"width\":2742,\"height\":839,\"caption\":\"FADESP\"},\"image\":{\"@id\":\"https:\/\/portalfadesp.org.br\/#\/schema\/logo\/image\/\"},\"sameAs\":[\"https:\/\/www.facebook.com\/Fadesp-138351949524662\/\",\"https:\/\/x.com\/Fadesp\",\"https:\/\/www.instagram.com\/fadesp_ufpa\/\",\"https:\/\/www.youtube.com\/@fundacaodeamparoedesenvolv1903\",\"https:\/\/www.threads.net\/@fadesp_ufpa\"]}]}<\/script>\n<!-- \/ Yoast SEO plugin. -->","yoast_head_json":{"title":"Prefeitura Municipal de Curu\u00e1 (PA) - 2013 - FADESP","robots":{"index":"index","follow":"follow","max-snippet":"max-snippet:-1","max-image-preview":"max-image-preview:large","max-video-preview":"max-video-preview:-1"},"canonical":"https:\/\/portalfadesp.org.br\/?page_id=1465","og_locale":"pt_BR","og_type":"article","og_title":"Prefeitura Municipal de Curu\u00e1 (PA) - 2013 - FADESP","og_description":"Prefeitura de Curu\u00e1 &#8211; 2013 A Prefeitura de Curu\u00e1 (PA) torna p\u00fablica a realiza\u00e7\u00e3o de Concurso P\u00fablico destinado ao preenchimento de vagas do quadro de pessoal efetivo de n\u00edveis superior, M\u00e9dio, Fundamental completo e Alfabetizado. Vagas &#8211;\u00a0392 Cargos &#8211;\u00a0N\u00edvel Alfabetizado: Servente, Agente de Limpeza P\u00fablica, Operador de M\u00e1quina e Vigia. N\u00edvel Fundamental e M\u00e9dio: Agente [&hellip;]","og_url":"https:\/\/portalfadesp.org.br\/?page_id=1465","og_site_name":"FADESP","article_publisher":"https:\/\/www.facebook.com\/Fadesp-138351949524662\/","article_modified_time":"2024-10-04T13:16:54+00:00","twitter_card":"summary_large_image","twitter_site":"@Fadesp","twitter_misc":{"Est. tempo de leitura":"3 minutos"},"schema":{"@context":"https:\/\/schema.org","@graph":[{"@type":"WebPage","@id":"https:\/\/portalfadesp.org.br\/?page_id=1465","url":"https:\/\/portalfadesp.org.br\/?page_id=1465","name":"Prefeitura Municipal de Curu\u00e1 (PA) - 2013 - FADESP","isPartOf":{"@id":"https:\/\/portalfadesp.org.br\/#website"},"datePublished":"2013-05-22T07:29:31+00:00","dateModified":"2024-10-04T13:16:54+00:00","breadcrumb":{"@id":"https:\/\/portalfadesp.org.br\/?page_id=1465#breadcrumb"},"inLanguage":"pt-BR","potentialAction":[{"@type":"ReadAction","target":["https:\/\/portalfadesp.org.br\/?page_id=1465"]}]},{"@type":"BreadcrumbList","@id":"https:\/\/portalfadesp.org.br\/?page_id=1465#breadcrumb","itemListElement":[{"@type":"ListItem","position":1,"name":"In\u00edcio","item":"https:\/\/portalfadesp.org.br\/"},{"@type":"ListItem","position":2,"name":"Concursos &#8211; Homologados","item":"https:\/\/portalfadesp.org.br\/?page_id=329"},{"@type":"ListItem","position":3,"name":"Prefeitura Municipal de Curu\u00e1 (PA) &#8211; 2013"}]},{"@type":"WebSite","@id":"https:\/\/portalfadesp.org.br\/#website","url":"https:\/\/portalfadesp.org.br\/","name":"FADESP","description":"Funda\u00e7\u00e3o de Amparo e Desenvolvimento da Pesquisa","publisher":{"@id":"https:\/\/portalfadesp.org.br\/#organization"},"potentialAction":[{"@type":"SearchAction","target":{"@type":"EntryPoint","urlTemplate":"https:\/\/portalfadesp.org.br\/?s={search_term_string}"},"query-input":{"@type":"PropertyValueSpecification","valueRequired":true,"valueName":"search_term_string"}}],"inLanguage":"pt-BR"},{"@type":"Organization","@id":"https:\/\/portalfadesp.org.br\/#organization","name":"FADESP","url":"https:\/\/portalfadesp.org.br\/","logo":{"@type":"ImageObject","inLanguage":"pt-BR","@id":"https:\/\/portalfadesp.org.br\/#\/schema\/logo\/image\/","url":"https:\/\/portalfadesp.org.br\/wp-content\/uploads\/2024\/01\/NOVOLOGOFADESPlaranjaH.png","contentUrl":"https:\/\/portalfadesp.org.br\/wp-content\/uploads\/2024\/01\/NOVOLOGOFADESPlaranjaH.png","width":2742,"height":839,"caption":"FADESP"},"image":{"@id":"https:\/\/portalfadesp.org.br\/#\/schema\/logo\/image\/"},"sameAs":["https:\/\/www.facebook.com\/Fadesp-138351949524662\/","https:\/\/x.com\/Fadesp","https:\/\/www.instagram.com\/fadesp_ufpa\/","https:\/\/www.youtube.com\/@fundacaodeamparoedesenvolv1903","https:\/\/www.threads.net\/@fadesp_ufpa"]}]}},"_links":{"self":[{"href":"https:\/\/portalfadesp.org.br\/index.php?rest_route=\/wp\/v2\/pages\/1465","targetHints":{"allow":["GET"]}}],"collection":[{"href":"https:\/\/portalfadesp.org.br\/index.php?rest_route=\/wp\/v2\/pages"}],"about":[{"href":"https:\/\/portalfadesp.org.br\/index.php?rest_route=\/wp\/v2\/types\/page"}],"author":[{"embeddable":true,"href":"https:\/\/portalfadesp.org.br\/index.php?rest_route=\/wp\/v2\/users\/9"}],"replies":[{"embeddable":true,"href":"https:\/\/portalfadesp.org.br\/index.php?rest_route=%2Fwp%2Fv2%2Fcomments&post=1465"}],"version-history":[{"count":36,"href":"https:\/\/portalfadesp.org.br\/index.php?rest_route=\/wp\/v2\/pages\/1465\/revisions"}],"predecessor-version":[{"id":47296,"href":"https:\/\/portalfadesp.org.br\/index.php?rest_route=\/wp\/v2\/pages\/1465\/revisions\/47296"}],"up":[{"embeddable":true,"href":"https:\/\/portalfadesp.org.br\/index.php?rest_route=\/wp\/v2\/pages\/329"}],"wp:attachment":[{"href":"https:\/\/portalfadesp.org.br\/index.php?rest_route=%2Fwp%2Fv2%2Fmedia&parent=1465"}],"curies":[{"name":"wp","href":"https:\/\/api.w.org\/{rel}","templated":true}]}}