{"id":1463,"date":"2013-05-22T04:29:12","date_gmt":"2013-05-22T07:29:12","guid":{"rendered":"https:\/\/162.215.13.167?page_id=1463"},"modified":"2022-12-20T12:38:03","modified_gmt":"2022-12-20T15:38:03","slug":"universidade-federal-do-oeste-do-para-ufopa-2013","status":"publish","type":"page","link":"https:\/\/portalfadesp.org.br\/?page_id=1463","title":{"rendered":"Universidade Federal do Oeste do Par\u00e1 (UFOPA) &#8211; 2013"},"content":{"rendered":"\t\t<div data-elementor-type=\"wp-post\" data-elementor-id=\"1463\" class=\"elementor elementor-1463\" data-elementor-post-type=\"page\">\n\t\t\t\t\t\t<section class=\"elementor-section elementor-top-section elementor-element elementor-element-3f4742d0 elementor-section-boxed elementor-section-height-default elementor-section-height-default\" data-id=\"3f4742d0\" data-element_type=\"section\">\n\t\t\t\t\t\t<div class=\"elementor-container elementor-column-gap-default\">\n\t\t\t\t\t<div class=\"elementor-column elementor-col-100 elementor-top-column elementor-element elementor-element-1626626f\" data-id=\"1626626f\" data-element_type=\"column\">\n\t\t\t<div class=\"elementor-widget-wrap elementor-element-populated\">\n\t\t\t\t\t\t<div class=\"elementor-element elementor-element-73c2a448 elementor-widget elementor-widget-heading\" data-id=\"73c2a448\" data-element_type=\"widget\" data-widget_type=\"heading.default\">\n\t\t\t\t<div class=\"elementor-widget-container\">\n\t\t\t\t\t<h1 class=\"elementor-heading-title elementor-size-default\">Universidade Federal do Oeste do Par\u00e1 (UFOPA) - 2013\n<\/h1>\t\t\t\t<\/div>\n\t\t\t\t<\/div>\n\t\t\t\t<section class=\"elementor-section elementor-inner-section elementor-element elementor-element-38fb2c1c elementor-section-boxed elementor-section-height-default elementor-section-height-default\" data-id=\"38fb2c1c\" data-element_type=\"section\">\n\t\t\t\t\t\t<div class=\"elementor-container elementor-column-gap-default\">\n\t\t\t\t\t<div class=\"elementor-column elementor-col-50 elementor-inner-column elementor-element elementor-element-c1acd9e\" data-id=\"c1acd9e\" data-element_type=\"column\">\n\t\t\t<div class=\"elementor-widget-wrap elementor-element-populated\">\n\t\t\t\t\t\t<div class=\"elementor-element elementor-element-6cce01b4 elementor-widget elementor-widget-text-editor\" data-id=\"6cce01b4\" data-element_type=\"widget\" data-widget_type=\"text-editor.default\">\n\t\t\t\t<div class=\"elementor-widget-container\">\n\t\t\t\t\t\t\t\t\t<p>A Universidade Federal do Oeste do Par\u00e1 (UFOPA) torna p\u00fablica a realiza\u00e7\u00e3o\u00a0de concurso para o preenchimento de vagas nos Cargos T\u00e9cnico-Administrativos em Educa\u00e7\u00e3o.\u00a0<\/p><p><strong>Vagas &#8211;\u00a0<\/strong>160.<\/p><p><strong>Cargos &#8211;\u00a0<\/strong>assistente em administra\u00e7\u00e3o, t\u00e9cnico de laborat\u00f3rio, t\u00e9cnico de tecnologia da informa\u00e7\u00e3o, t\u00e9cnico em agropecu\u00e1ria, t\u00e9cnico em contabilidade, t\u00e9cnico edifica\u00e7\u00e3o, t\u00e9cnico em eletrot\u00e9cnica, t\u00e9cnico em refrigera\u00e7\u00e3o, t\u00e9cnico em saneamento, t\u00e9cnico em seguran\u00e7a do trabalho, tradutor e int\u00e9rprete de linguagem de sinais, administrador, analista de tecnologia da informa\u00e7\u00e3o, arquiteto e urbanista, arquivista, assistente social, bibliotec\u00e1rio, contador, engenheiro agr\u00f4nomo, engenheiro ambiental, engenheiro sanitarista, engenheiro el\u00e9trico, engenheiro civil, estat\u00edstico, farmac\u00eautico-bioqu\u00edmico, jornalista, m\u00e9dico veterin\u00e1rio, nutricionista, pedagogo, programador visual, psic\u00f3logo, publicit\u00e1rio, rela\u00e7\u00f5es p\u00fablicas, secret\u00e1rio executivo, t\u00e9cnico em assuntos educacionais,\u00a0<\/p><p><strong>Remunera\u00e7\u00e3o &#8211;\u00a0<\/strong>R$ 1.912,99 a R$ 3.138,70 mais R$ 373,00 de vale alimenta\u00e7\u00e3o.<\/p><p><strong>Inscri\u00e7\u00f5es &#8211;\u00a0<\/strong>01\/11\/13 a 02\/12\/13.<\/p><p><strong>Taxa &#8211;\u00a0<\/strong>R$ 60,00 (cargos de n\u00edvel m\u00e9dio) e R$ 80,00 (cargos de n\u00edvel superior)<\/p><p><strong>Datas importantes<\/strong>:<\/p><p>Inscri\u00e7\u00e3o &#8211; 01\/11\/13 a 02\/12\/13.<\/p><p>Pedido de isen\u00e7\u00e3o da taxa &#8211; 01\/11\/13 a 11\/11\/13<\/p><p>Pagamento da taxa &#8211; at\u00e9 03\/12\/13, em qualquer banco ou casa lot\u00e9rica.<\/p><p>Impress\u00e3o do cart\u00e3o de confirma\u00e7\u00e3o &#8211; a partir de 06\/12\/13.<\/p><p>Prova &#8211; 15\/12\/13, das 8h \u00e0s 12h, nas cidades de Santar\u00e9m, Oriximin\u00e1, Juruti e \u00d3bidos.<\/p>\t\t\t\t\t\t\t\t<\/div>\n\t\t\t\t<\/div>\n\t\t\t\t\t<\/div>\n\t\t<\/div>\n\t\t\t\t<div class=\"elementor-column elementor-col-50 elementor-inner-column elementor-element elementor-element-78fed269\" data-id=\"78fed269\" data-element_type=\"column\">\n\t\t\t<div class=\"elementor-widget-wrap elementor-element-populated\">\n\t\t\t\t\t\t<div class=\"elementor-element elementor-element-507c7d99 elementor-widget elementor-widget-text-editor\" data-id=\"507c7d99\" data-element_type=\"widget\" data-widget_type=\"text-editor.default\">\n\t\t\t\t<div class=\"elementor-widget-container\">\n\t\t\t\t\t\t\t\t\t<p style=\"text-align: center;\"><span style=\"color: #ffffff;\"><strong>Editais e Avisos<\/strong><\/span><\/p>\t\t\t\t\t\t\t\t<\/div>\n\t\t\t\t<\/div>\n\t\t\t\t<div class=\"elementor-element elementor-element-c63f99e elementor-widget elementor-widget-text-editor\" data-id=\"c63f99e\" data-element_type=\"widget\" data-widget_type=\"text-editor.default\">\n\t\t\t\t<div class=\"elementor-widget-container\">\n\t\t\t\t\t\t\t\t\t<table width=\"80\">\n<tbody>\n<tr>\n<td width=\"80\"><strong><a href=\"http:\/\/concursos.fadesp.org.br\/ufopa2013\/arquivos\/Retifica%C3%A7%C3%A3o%20do%20Gabarito%20Oficial%20Definitivo%20-%20Decis%C3%A3o%20Judicial.pdf\">Retifica\u00e7\u00e3o do Gabarito Oficial Definitivo &#8211; Decis\u00e3o Judicial<\/a><\/strong><\/td>\n<\/tr>\n<tr>\n<td width=\"80\"><strong><a href=\"http:\/\/concursos.fadesp.org.br\/ufopa2013\/arquivos\/Resultado%20da%20Prova%20Objetiva%20-%20Reprocessamento%20por%20Decis%C3%A3o%20Judicial.pdf\">Resultado da Prova Objetiva &#8211; Reprocessamento por Decis\u00e3o Judicial<\/a><\/strong><\/td>\n<\/tr>\n<tr>\n<td width=\"80\"><strong><a href=\"http:\/\/concursos.fadesp.org.br\/ufopa2013\/web\/index_recurso.php\">Resposta dos recursos<\/a><\/strong><\/td>\n<\/tr>\n<tr>\n<td width=\"80\"><strong><a href=\"http:\/\/concursos.fadesp.org.br\/ufopa2013\/arquivos\/Resultado%20da%20Prova%20Objetiva.pdf\">Resultado da Prova Objetiva<\/a><\/strong><\/td>\n<\/tr>\n<tr>\n<td width=\"80\"><strong><a href=\"..\/midias\/anexos\/Copia(01)_276_gabarito_oficial_definitivo.pdf\">Gabarito Oficial Definitivo<\/a><\/strong><\/td>\n<\/tr>\n<tr>\n<td width=\"80\"><strong><a href=\"..\/midias\/anexos\/Copia(01)_276_gabarito_oficial_preliminar_-_15.12.2013.pdf\">Gabarito Oficial Preliminar &#8211; 15.12.2013<\/a><\/strong><\/td>\n<\/tr>\n<tr>\n<td width=\"80\"><strong><a href=\"..\/midias\/anexos\/Copia(01)_276_demandapcd.pdf\">DemandaPcD<\/a><\/strong><\/td>\n<\/tr>\n<tr>\n<td width=\"80\"><strong><a href=\"..\/midias\/anexos\/276_retificacoes_-_edital_tae.pdf\">Retifica\u00e7\u00f5es &#8211; Edital TAE<\/a><\/strong><\/td>\n<\/tr>\n<tr>\n<td width=\"80\"><strong><a href=\"..\/midias\/anexos\/Copia(01)_276_resultado_do_processo__de_recurso_da_isencao.pdf\">Resultado do Processo de Recurso da Isen\u00e7\u00e3o<\/a><\/strong><\/td>\n<\/tr>\n<tr>\n<td width=\"80\"><strong><a href=\"..\/midias\/anexos\/Copia(01)_276_resultado_do_processo_de_isencao.pdf\">Resultado do Processo de Isen\u00e7\u00e3o<\/a><\/strong><\/td>\n<\/tr>\n<tr>\n<td width=\"80\"><strong><a href=\"..\/midias\/anexos\/Copia(01)_276_retificacao_no_edital_de_abertura.pdf\">Retifica\u00e7\u00e3o no Edital de Abertura<\/a><\/strong><\/td>\n<\/tr>\n<tr>\n<td width=\"80\"><strong><a href=\"..\/midias\/anexos\/Copia(01)_276_formulario_de_portador_de_deficiencia.pdf\">Formul\u00e1rio de Portador de Defici\u00eancia.<\/a><\/strong><\/td>\n<\/tr>\n<tr>\n<td width=\"80\"><strong><a href=\"..\/midias\/anexos\/Copia(01)_276_tabela_de_cargos.pdf\">Tabela de Cargos<\/a><\/strong><\/td>\n<\/tr>\n<tr>\n<td width=\"80\"><strong><a href=\"..\/midias\/anexos\/Copia(01)_276_anexo_ii_-_dos_conteudos_-_retificado.pdf\">Anexo II &#8211; dos Conte\u00fados &#8211; Retificado<\/a><\/strong><\/td>\n<\/tr>\n<tr>\n<td width=\"80\"><strong><a href=\"..\/midias\/anexos\/Copia(01)_276_anexo_i_-_dos_requisitos_para_invetidura_no_cargo_e_descricao_dos_cargos_30-10-2013.pdf\">ANEXO I &#8211; Dos Requisitos para invetidura\u00a0<\/a><\/strong><\/td>\n<\/tr>\n<tr>\n<td width=\"80\"><strong><a href=\"..\/midias\/anexos\/Copia(01)_276_edital_tae-2013_de_1.11.2013.pdf\">Edital TAE-2013, de 1.11.2013<\/a><\/strong><\/td>\n<\/tr>\n<\/tbody>\n<\/table>\t\t\t\t\t\t\t\t<\/div>\n\t\t\t\t<\/div>\n\t\t\t\t\t<\/div>\n\t\t<\/div>\n\t\t\t\t\t<\/div>\n\t\t<\/section>\n\t\t\t\t\t<\/div>\n\t\t<\/div>\n\t\t\t\t\t<\/div>\n\t\t<\/section>\n\t\t\t\t<\/div>\n\t\t","protected":false},"excerpt":{"rendered":"<p>Universidade Federal do Oeste do Par\u00e1 (UFOPA) &#8211; 2013 A Universidade Federal do Oeste do Par\u00e1 (UFOPA) torna p\u00fablica a realiza\u00e7\u00e3o\u00a0de concurso para o preenchimento de vagas nos Cargos T\u00e9cnico-Administrativos em Educa\u00e7\u00e3o.\u00a0 Vagas &#8211;\u00a0160. Cargos &#8211;\u00a0assistente em administra\u00e7\u00e3o, t\u00e9cnico de laborat\u00f3rio, t\u00e9cnico de tecnologia da informa\u00e7\u00e3o, t\u00e9cnico em agropecu\u00e1ria, t\u00e9cnico em contabilidade, t\u00e9cnico edifica\u00e7\u00e3o, t\u00e9cnico [&hellip;]<\/p>\n","protected":false},"author":9,"featured_media":0,"parent":329,"menu_order":56,"comment_status":"closed","ping_status":"closed","template":"","meta":{"_monsterinsights_skip_tracking":false,"_monsterinsights_sitenote_active":false,"_monsterinsights_sitenote_note":"","_monsterinsights_sitenote_category":0,"footnotes":""},"class_list":["post-1463","page","type-page","status-publish","hentry","entry"],"yoast_head":"<!-- This site is optimized with the Yoast SEO plugin v25.1 - https:\/\/yoast.com\/wordpress\/plugins\/seo\/ -->\n<title>Universidade Federal do Oeste do Par\u00e1 (UFOPA) - 2013 - FADESP<\/title>\n<meta name=\"robots\" content=\"index, follow, max-snippet:-1, max-image-preview:large, max-video-preview:-1\" \/>\n<link rel=\"canonical\" href=\"https:\/\/portalfadesp.org.br\/?page_id=1463\" \/>\n<meta property=\"og:locale\" content=\"pt_BR\" \/>\n<meta property=\"og:type\" content=\"article\" \/>\n<meta property=\"og:title\" content=\"Universidade Federal do Oeste do Par\u00e1 (UFOPA) - 2013 - FADESP\" \/>\n<meta property=\"og:description\" content=\"Universidade Federal do Oeste do Par\u00e1 (UFOPA) &#8211; 2013 A Universidade Federal do Oeste do Par\u00e1 (UFOPA) torna p\u00fablica a realiza\u00e7\u00e3o\u00a0de concurso para o preenchimento de vagas nos Cargos T\u00e9cnico-Administrativos em Educa\u00e7\u00e3o.\u00a0 Vagas &#8211;\u00a0160. Cargos &#8211;\u00a0assistente em administra\u00e7\u00e3o, t\u00e9cnico de laborat\u00f3rio, t\u00e9cnico de tecnologia da informa\u00e7\u00e3o, t\u00e9cnico em agropecu\u00e1ria, t\u00e9cnico em contabilidade, t\u00e9cnico edifica\u00e7\u00e3o, t\u00e9cnico [&hellip;]\" \/>\n<meta property=\"og:url\" content=\"https:\/\/portalfadesp.org.br\/?page_id=1463\" \/>\n<meta property=\"og:site_name\" content=\"FADESP\" \/>\n<meta property=\"article:publisher\" content=\"https:\/\/www.facebook.com\/Fadesp-138351949524662\/\" \/>\n<meta property=\"article:modified_time\" content=\"2022-12-20T15:38:03+00:00\" \/>\n<meta name=\"twitter:card\" content=\"summary_large_image\" \/>\n<meta name=\"twitter:site\" content=\"@Fadesp\" \/>\n<meta name=\"twitter:label1\" content=\"Est. tempo de leitura\" \/>\n\t<meta name=\"twitter:data1\" content=\"2 minutos\" \/>\n<script type=\"application\/ld+json\" class=\"yoast-schema-graph\">{\"@context\":\"https:\/\/schema.org\",\"@graph\":[{\"@type\":\"WebPage\",\"@id\":\"https:\/\/portalfadesp.org.br\/?page_id=1463\",\"url\":\"https:\/\/portalfadesp.org.br\/?page_id=1463\",\"name\":\"Universidade Federal do Oeste do Par\u00e1 (UFOPA) - 2013 - FADESP\",\"isPartOf\":{\"@id\":\"https:\/\/portalfadesp.org.br\/#website\"},\"datePublished\":\"2013-05-22T07:29:12+00:00\",\"dateModified\":\"2022-12-20T15:38:03+00:00\",\"breadcrumb\":{\"@id\":\"https:\/\/portalfadesp.org.br\/?page_id=1463#breadcrumb\"},\"inLanguage\":\"pt-BR\",\"potentialAction\":[{\"@type\":\"ReadAction\",\"target\":[\"https:\/\/portalfadesp.org.br\/?page_id=1463\"]}]},{\"@type\":\"BreadcrumbList\",\"@id\":\"https:\/\/portalfadesp.org.br\/?page_id=1463#breadcrumb\",\"itemListElement\":[{\"@type\":\"ListItem\",\"position\":1,\"name\":\"In\u00edcio\",\"item\":\"https:\/\/portalfadesp.org.br\/\"},{\"@type\":\"ListItem\",\"position\":2,\"name\":\"Concursos &#8211; Homologados\",\"item\":\"https:\/\/portalfadesp.org.br\/?page_id=329\"},{\"@type\":\"ListItem\",\"position\":3,\"name\":\"Universidade Federal do Oeste do Par\u00e1 (UFOPA) &#8211; 2013\"}]},{\"@type\":\"WebSite\",\"@id\":\"https:\/\/portalfadesp.org.br\/#website\",\"url\":\"https:\/\/portalfadesp.org.br\/\",\"name\":\"FADESP\",\"description\":\"Funda\u00e7\u00e3o de Amparo e Desenvolvimento da Pesquisa\",\"publisher\":{\"@id\":\"https:\/\/portalfadesp.org.br\/#organization\"},\"potentialAction\":[{\"@type\":\"SearchAction\",\"target\":{\"@type\":\"EntryPoint\",\"urlTemplate\":\"https:\/\/portalfadesp.org.br\/?s={search_term_string}\"},\"query-input\":{\"@type\":\"PropertyValueSpecification\",\"valueRequired\":true,\"valueName\":\"search_term_string\"}}],\"inLanguage\":\"pt-BR\"},{\"@type\":\"Organization\",\"@id\":\"https:\/\/portalfadesp.org.br\/#organization\",\"name\":\"FADESP\",\"url\":\"https:\/\/portalfadesp.org.br\/\",\"logo\":{\"@type\":\"ImageObject\",\"inLanguage\":\"pt-BR\",\"@id\":\"https:\/\/portalfadesp.org.br\/#\/schema\/logo\/image\/\",\"url\":\"https:\/\/portalfadesp.org.br\/wp-content\/uploads\/2024\/01\/NOVOLOGOFADESPlaranjaH.png\",\"contentUrl\":\"https:\/\/portalfadesp.org.br\/wp-content\/uploads\/2024\/01\/NOVOLOGOFADESPlaranjaH.png\",\"width\":2742,\"height\":839,\"caption\":\"FADESP\"},\"image\":{\"@id\":\"https:\/\/portalfadesp.org.br\/#\/schema\/logo\/image\/\"},\"sameAs\":[\"https:\/\/www.facebook.com\/Fadesp-138351949524662\/\",\"https:\/\/x.com\/Fadesp\",\"https:\/\/www.instagram.com\/fadesp_ufpa\/\",\"https:\/\/www.youtube.com\/@fundacaodeamparoedesenvolv1903\",\"https:\/\/www.threads.net\/@fadesp_ufpa\"]}]}<\/script>\n<!-- \/ Yoast SEO plugin. -->","yoast_head_json":{"title":"Universidade Federal do Oeste do Par\u00e1 (UFOPA) - 2013 - FADESP","robots":{"index":"index","follow":"follow","max-snippet":"max-snippet:-1","max-image-preview":"max-image-preview:large","max-video-preview":"max-video-preview:-1"},"canonical":"https:\/\/portalfadesp.org.br\/?page_id=1463","og_locale":"pt_BR","og_type":"article","og_title":"Universidade Federal do Oeste do Par\u00e1 (UFOPA) - 2013 - FADESP","og_description":"Universidade Federal do Oeste do Par\u00e1 (UFOPA) &#8211; 2013 A Universidade Federal do Oeste do Par\u00e1 (UFOPA) torna p\u00fablica a realiza\u00e7\u00e3o\u00a0de concurso para o preenchimento de vagas nos Cargos T\u00e9cnico-Administrativos em Educa\u00e7\u00e3o.\u00a0 Vagas &#8211;\u00a0160. Cargos &#8211;\u00a0assistente em administra\u00e7\u00e3o, t\u00e9cnico de laborat\u00f3rio, t\u00e9cnico de tecnologia da informa\u00e7\u00e3o, t\u00e9cnico em agropecu\u00e1ria, t\u00e9cnico em contabilidade, t\u00e9cnico edifica\u00e7\u00e3o, t\u00e9cnico [&hellip;]","og_url":"https:\/\/portalfadesp.org.br\/?page_id=1463","og_site_name":"FADESP","article_publisher":"https:\/\/www.facebook.com\/Fadesp-138351949524662\/","article_modified_time":"2022-12-20T15:38:03+00:00","twitter_card":"summary_large_image","twitter_site":"@Fadesp","twitter_misc":{"Est. tempo de leitura":"2 minutos"},"schema":{"@context":"https:\/\/schema.org","@graph":[{"@type":"WebPage","@id":"https:\/\/portalfadesp.org.br\/?page_id=1463","url":"https:\/\/portalfadesp.org.br\/?page_id=1463","name":"Universidade Federal do Oeste do Par\u00e1 (UFOPA) - 2013 - FADESP","isPartOf":{"@id":"https:\/\/portalfadesp.org.br\/#website"},"datePublished":"2013-05-22T07:29:12+00:00","dateModified":"2022-12-20T15:38:03+00:00","breadcrumb":{"@id":"https:\/\/portalfadesp.org.br\/?page_id=1463#breadcrumb"},"inLanguage":"pt-BR","potentialAction":[{"@type":"ReadAction","target":["https:\/\/portalfadesp.org.br\/?page_id=1463"]}]},{"@type":"BreadcrumbList","@id":"https:\/\/portalfadesp.org.br\/?page_id=1463#breadcrumb","itemListElement":[{"@type":"ListItem","position":1,"name":"In\u00edcio","item":"https:\/\/portalfadesp.org.br\/"},{"@type":"ListItem","position":2,"name":"Concursos &#8211; Homologados","item":"https:\/\/portalfadesp.org.br\/?page_id=329"},{"@type":"ListItem","position":3,"name":"Universidade Federal do Oeste do Par\u00e1 (UFOPA) &#8211; 2013"}]},{"@type":"WebSite","@id":"https:\/\/portalfadesp.org.br\/#website","url":"https:\/\/portalfadesp.org.br\/","name":"FADESP","description":"Funda\u00e7\u00e3o de Amparo e Desenvolvimento da Pesquisa","publisher":{"@id":"https:\/\/portalfadesp.org.br\/#organization"},"potentialAction":[{"@type":"SearchAction","target":{"@type":"EntryPoint","urlTemplate":"https:\/\/portalfadesp.org.br\/?s={search_term_string}"},"query-input":{"@type":"PropertyValueSpecification","valueRequired":true,"valueName":"search_term_string"}}],"inLanguage":"pt-BR"},{"@type":"Organization","@id":"https:\/\/portalfadesp.org.br\/#organization","name":"FADESP","url":"https:\/\/portalfadesp.org.br\/","logo":{"@type":"ImageObject","inLanguage":"pt-BR","@id":"https:\/\/portalfadesp.org.br\/#\/schema\/logo\/image\/","url":"https:\/\/portalfadesp.org.br\/wp-content\/uploads\/2024\/01\/NOVOLOGOFADESPlaranjaH.png","contentUrl":"https:\/\/portalfadesp.org.br\/wp-content\/uploads\/2024\/01\/NOVOLOGOFADESPlaranjaH.png","width":2742,"height":839,"caption":"FADESP"},"image":{"@id":"https:\/\/portalfadesp.org.br\/#\/schema\/logo\/image\/"},"sameAs":["https:\/\/www.facebook.com\/Fadesp-138351949524662\/","https:\/\/x.com\/Fadesp","https:\/\/www.instagram.com\/fadesp_ufpa\/","https:\/\/www.youtube.com\/@fundacaodeamparoedesenvolv1903","https:\/\/www.threads.net\/@fadesp_ufpa"]}]}},"_links":{"self":[{"href":"https:\/\/portalfadesp.org.br\/index.php?rest_route=\/wp\/v2\/pages\/1463","targetHints":{"allow":["GET"]}}],"collection":[{"href":"https:\/\/portalfadesp.org.br\/index.php?rest_route=\/wp\/v2\/pages"}],"about":[{"href":"https:\/\/portalfadesp.org.br\/index.php?rest_route=\/wp\/v2\/types\/page"}],"author":[{"embeddable":true,"href":"https:\/\/portalfadesp.org.br\/index.php?rest_route=\/wp\/v2\/users\/9"}],"replies":[{"embeddable":true,"href":"https:\/\/portalfadesp.org.br\/index.php?rest_route=%2Fwp%2Fv2%2Fcomments&post=1463"}],"version-history":[{"count":23,"href":"https:\/\/portalfadesp.org.br\/index.php?rest_route=\/wp\/v2\/pages\/1463\/revisions"}],"predecessor-version":[{"id":36698,"href":"https:\/\/portalfadesp.org.br\/index.php?rest_route=\/wp\/v2\/pages\/1463\/revisions\/36698"}],"up":[{"embeddable":true,"href":"https:\/\/portalfadesp.org.br\/index.php?rest_route=\/wp\/v2\/pages\/329"}],"wp:attachment":[{"href":"https:\/\/portalfadesp.org.br\/index.php?rest_route=%2Fwp%2Fv2%2Fmedia&parent=1463"}],"curies":[{"name":"wp","href":"https:\/\/api.w.org\/{rel}","templated":true}]}}