{"id":1434,"date":"2012-05-22T04:07:33","date_gmt":"2012-05-22T07:07:33","guid":{"rendered":"https:\/\/162.215.13.167?page_id=1434"},"modified":"2022-12-20T12:51:53","modified_gmt":"2022-12-20T15:51:53","slug":"rascunho-automatico","status":"publish","type":"page","link":"https:\/\/portalfadesp.org.br\/?page_id=1434","title":{"rendered":"Companhia Docas do Par\u00e1 (CDP) &#8211; N\u00edvel M\u00e9dio e Superior &#8211; 2012"},"content":{"rendered":"\t\t<div data-elementor-type=\"wp-post\" data-elementor-id=\"1434\" class=\"elementor elementor-1434\" data-elementor-post-type=\"page\">\n\t\t\t\t\t\t<section class=\"elementor-section elementor-top-section elementor-element elementor-element-2a31268 elementor-section-boxed elementor-section-height-default elementor-section-height-default\" data-id=\"2a31268\" data-element_type=\"section\">\n\t\t\t\t\t\t<div class=\"elementor-container elementor-column-gap-default\">\n\t\t\t\t\t<div class=\"elementor-column elementor-col-100 elementor-top-column elementor-element elementor-element-340d3fad\" data-id=\"340d3fad\" data-element_type=\"column\">\n\t\t\t<div class=\"elementor-widget-wrap elementor-element-populated\">\n\t\t\t\t\t\t<div class=\"elementor-element elementor-element-6ec1dd90 elementor-widget elementor-widget-heading\" data-id=\"6ec1dd90\" data-element_type=\"widget\" data-widget_type=\"heading.default\">\n\t\t\t\t<div class=\"elementor-widget-container\">\n\t\t\t\t\t<h1 class=\"elementor-heading-title elementor-size-default\">Companhia Docas do Par\u00e1 (CDP) - N\u00edvel M\u00e9dio e Superior - 2012<\/h1>\t\t\t\t<\/div>\n\t\t\t\t<\/div>\n\t\t\t\t<section class=\"elementor-section elementor-inner-section elementor-element elementor-element-1cde9a5d elementor-section-boxed elementor-section-height-default elementor-section-height-default\" data-id=\"1cde9a5d\" data-element_type=\"section\">\n\t\t\t\t\t\t<div class=\"elementor-container elementor-column-gap-default\">\n\t\t\t\t\t<div class=\"elementor-column elementor-col-50 elementor-inner-column elementor-element elementor-element-2a85110c\" data-id=\"2a85110c\" data-element_type=\"column\">\n\t\t\t<div class=\"elementor-widget-wrap elementor-element-populated\">\n\t\t\t\t\t\t<div class=\"elementor-element elementor-element-1041768d elementor-widget elementor-widget-text-editor\" data-id=\"1041768d\" data-element_type=\"widget\" data-widget_type=\"text-editor.default\">\n\t\t\t\t<div class=\"elementor-widget-container\">\n\t\t\t\t\t\t\t\t\t<p>A Companhia das Docas do Par\u00e1 &#8211; CDP, no uso de suas atribui\u00e7\u00f5es e com fundamento no artigo 37, inciso II da Constitui\u00e7\u00e3o Federal Brasileira de 1988, torna p\u00fablica a realiza\u00e7\u00e3o de Concurso P\u00fablico destinado ao preenchimento de vagas do quadro de pessoal efetivo de n\u00edvel superior e n\u00edvel m\u00e9dio.<\/p><p><strong>Vagas &#8211;\u00a0<\/strong>12<\/p><p><strong>Cargos &#8211;\u00a0<\/strong>Nivel M\u00e9dio: Assistente Administrativo, Auxiliar de Enfermagem do Trabalho, Conferente de Capatazia, Fiel de Armazem e T\u00e9cnico de Seguran\u00e7a do Trabalho.<\/p><p>N\u00edvel Superior: Administrador, Advogado, Analista de Sistema, Arquiteto, Assitente Social, BI\u00f3logo, Contador, Engenheira &#8211; \u00e1rea Ambiental, Engenheiro &#8211; na modalidade civil, Engenheiro &#8211; na modalidade da Eletricidade, Engenheiro &#8211; na modalidade Mec\u00e2nica, M\u00e9dico na \u00c1rea de Medicina do Trabalho e Psic\u00f3logo.<\/p><p><strong>Remunera\u00e7\u00e3o &#8211;\u00a0<\/strong>R$ 1.047,58 a\u00a0R$ 2.142,12<\/p><p><strong>Inscri\u00e7\u00f5es &#8211;\u00a0<\/strong>13\/09\/12 a 08\/11\/12<\/p><p><strong>Taxa &#8211;\u00a0<\/strong>R$ 50,00 (n\u00edvel m\u00e9dio e superior)<\/p><p><strong>Datas importantes<\/strong>:<\/p><p>\u00a0Per\u00edodo de Inscri\u00e7\u00e3o &#8211;\u00a013\/09\/12 a 08\/11\/12<\/p><p>Cart\u00e3o de Inscri\u00e7\u00e3o &#8211; de 29\/10\/12 a 01\/11\/12<\/p><p>\u00a0Data da Prova Objetiva &#8211; 25\/11\/12<\/p>\t\t\t\t\t\t\t\t<\/div>\n\t\t\t\t<\/div>\n\t\t\t\t\t<\/div>\n\t\t<\/div>\n\t\t\t\t<div class=\"elementor-column elementor-col-50 elementor-inner-column elementor-element elementor-element-318ec486\" data-id=\"318ec486\" data-element_type=\"column\">\n\t\t\t<div class=\"elementor-widget-wrap elementor-element-populated\">\n\t\t\t\t\t\t<div class=\"elementor-element elementor-element-70024dcb elementor-widget elementor-widget-text-editor\" data-id=\"70024dcb\" data-element_type=\"widget\" data-widget_type=\"text-editor.default\">\n\t\t\t\t<div class=\"elementor-widget-container\">\n\t\t\t\t\t\t\t\t\t<p style=\"text-align: center;\"><span style=\"color: #ffffff;\"><strong>Editais e Avisos<\/strong><\/span><\/p>\t\t\t\t\t\t\t\t<\/div>\n\t\t\t\t<\/div>\n\t\t\t\t<div class=\"elementor-element elementor-element-7541e6ea elementor-widget elementor-widget-text-editor\" data-id=\"7541e6ea\" data-element_type=\"widget\" data-widget_type=\"text-editor.default\">\n\t\t\t\t<div class=\"elementor-widget-container\">\n\t\t\t\t\t\t\t\t\t<table width=\"80\">\n<tbody>\n<tr>\n<td width=\"80\"><strong><a href=\"http:\/\/concursos.fadesp.org.br\/cdp2012\/arquivos\/Edital%20n%C2%B0%2010_2013_Homologa%C3%A7%C3%A3o.pdf\">Edital 10\/2013 &#8211; Homologa\u00e7\u00e3o<\/a><\/strong><\/td>\n<\/tr>\n<tr>\n<td width=\"80\"><strong><a href=\"..\/midias\/anexos\/Copia(01)_356_edital_n_09_2013_cdp_resultado_final_dos_cargos_de_nivel_superior.pdf\">Edital 09\/2013 &#8211; Resultado Final dos Cargos de N\u00edvel Superior<\/a><\/strong><\/td>\n<\/tr>\n<tr>\n<td width=\"80\"><strong><a href=\"..\/midias\/anexos\/356_retificacao_nas_notas_da_prova_de_titulos.pdf\">Retifica\u00e7\u00e3o nas notas da Prova de T\u00edtulos<\/a><\/strong><\/td>\n<\/tr>\n<tr>\n<td width=\"80\"><strong><a href=\"..\/midias\/anexos\/356_criterios_adotados_na_avaliacao_da_prova_de_titulos.pdf\">Crit\u00e9rios adotados na avalia\u00e7\u00e3o da Prova de T\u00edtulos<\/a><\/strong><\/td>\n<\/tr>\n<tr>\n<td width=\"80\"><strong><a href=\"..\/midias\/anexos\/356_formulario_de_entrega_de_titulos.pdf\">Formul\u00e1rio de Entrega de T\u00edtulos<\/a><\/strong><\/td>\n<\/tr>\n<tr>\n<td width=\"80\"><strong><a href=\"..\/midias\/anexos\/356_edital_n_07_2012_convocacao_a_prova_de_titulos.pdf\">Edital 07\/2012 &#8211; Convoca\u00e7\u00e3o a Prova de T\u00edtulos<\/a><\/strong><\/td>\n<\/tr>\n<tr>\n<td width=\"80\"><strong><a href=\"..\/midias\/anexos\/356_resultado_geral.pdf\">Resultado Geral<\/a><\/strong><\/td>\n<\/tr>\n<tr>\n<td width=\"80\"><strong><a href=\"..\/midias\/anexos\/356_gabarito_oficial_definitivo_cdp_geral.pdf\">Gabarito Oficial Definitivo<\/a><\/strong><\/td>\n<\/tr>\n<tr>\n<td width=\"80\"><strong><a href=\"..\/midias\/anexos\/356_provas.zip\">Provas<\/a><\/strong><\/td>\n<\/tr>\n<tr>\n<td width=\"80\"><strong><a href=\"..\/midias\/anexos\/356_grade_de_correcao_da_prova_de_redacao_cdp_dia_25.11.2012.pdf\">Grade de Corre\u00e7\u00e3o da Prova de Reda\u00e7\u00e3o<\/a><\/strong><\/td>\n<\/tr>\n<tr>\n<td width=\"80\"><strong><a href=\"..\/midias\/anexos\/356_gabarito_oficial_preliminar_cdp_dia_25.11.2012.pdf\">Gabarito Oficial Preliminar<\/a><\/strong><\/td>\n<\/tr>\n<tr>\n<td width=\"80\"><strong><a href=\"..\/midias\/anexos\/356_edital_n_05_2012_prorrogacao_das_inscricoes.pdf\">Edital 05\/2012 &#8211; Prorroga\u00e7\u00e3o das Inscri\u00e7\u00f5es<\/a><\/strong><\/td>\n<\/tr>\n<tr>\n<td width=\"80\"><strong><a href=\"..\/midias\/anexos\/356_relacao_de_isentos.pdf\">Rela\u00e7\u00e3o de Isentos<\/a><\/strong><\/td>\n<\/tr>\n<tr>\n<td width=\"80\"><strong><a href=\"..\/midias\/anexos\/356_retificacoes_no_edital_01_2012_cdp.pdf\">Retifica\u00e7\u00f5es no edital n\u00ba01\/2012<\/a><\/strong><\/td>\n<\/tr>\n<tr>\n<td width=\"80\"><strong><a href=\"..\/midias\/anexos\/356_formulario_de_portador_de_deficiencia.pdf\">Formul\u00e1rio de PCD<\/a><\/strong><\/td>\n<\/tr>\n<tr>\n<td width=\"80\"><strong><a href=\"..\/midias\/anexos\/356_tabela_de_cargos.pdf\">Tabela de Cargos<\/a><\/strong><\/td>\n<\/tr>\n<tr>\n<td width=\"80\"><strong><a href=\"..\/midias\/anexos\/356_edital_n_01_2012_cdp.pdf\">Edital n\u00ba 01\/2012<\/a><\/strong><\/td>\n<\/tr>\n<\/tbody>\n<\/table>\t\t\t\t\t\t\t\t<\/div>\n\t\t\t\t<\/div>\n\t\t\t\t\t<\/div>\n\t\t<\/div>\n\t\t\t\t\t<\/div>\n\t\t<\/section>\n\t\t\t\t\t<\/div>\n\t\t<\/div>\n\t\t\t\t\t<\/div>\n\t\t<\/section>\n\t\t\t\t<\/div>\n\t\t","protected":false},"excerpt":{"rendered":"<p>Companhia Docas do Par\u00e1 (CDP) &#8211; N\u00edvel M\u00e9dio e Superior &#8211; 2012 A Companhia das Docas do Par\u00e1 &#8211; CDP, no uso de suas atribui\u00e7\u00f5es e com fundamento no artigo 37, inciso II da Constitui\u00e7\u00e3o Federal Brasileira de 1988, torna p\u00fablica a realiza\u00e7\u00e3o de Concurso P\u00fablico destinado ao preenchimento de vagas do quadro de pessoal [&hellip;]<\/p>\n","protected":false},"author":9,"featured_media":0,"parent":329,"menu_order":57,"comment_status":"closed","ping_status":"closed","template":"","meta":{"_monsterinsights_skip_tracking":false,"_monsterinsights_sitenote_active":false,"_monsterinsights_sitenote_note":"","_monsterinsights_sitenote_category":0,"footnotes":""},"class_list":["post-1434","page","type-page","status-publish","hentry","entry"],"yoast_head":"<!-- This site is optimized with the Yoast SEO plugin v25.1 - https:\/\/yoast.com\/wordpress\/plugins\/seo\/ -->\n<title>Companhia Docas do Par\u00e1 (CDP) - N\u00edvel M\u00e9dio e Superior - 2012 - FADESP<\/title>\n<meta name=\"robots\" content=\"index, follow, max-snippet:-1, max-image-preview:large, max-video-preview:-1\" \/>\n<link rel=\"canonical\" href=\"https:\/\/portalfadesp.org.br\/?page_id=1434\" \/>\n<meta property=\"og:locale\" content=\"pt_BR\" \/>\n<meta property=\"og:type\" content=\"article\" \/>\n<meta property=\"og:title\" content=\"Companhia Docas do Par\u00e1 (CDP) - N\u00edvel M\u00e9dio e Superior - 2012 - FADESP\" \/>\n<meta property=\"og:description\" content=\"Companhia Docas do Par\u00e1 (CDP) &#8211; N\u00edvel M\u00e9dio e Superior &#8211; 2012 A Companhia das Docas do Par\u00e1 &#8211; CDP, no uso de suas atribui\u00e7\u00f5es e com fundamento no artigo 37, inciso II da Constitui\u00e7\u00e3o Federal Brasileira de 1988, torna p\u00fablica a realiza\u00e7\u00e3o de Concurso P\u00fablico destinado ao preenchimento de vagas do quadro de pessoal [&hellip;]\" \/>\n<meta property=\"og:url\" content=\"https:\/\/portalfadesp.org.br\/?page_id=1434\" \/>\n<meta property=\"og:site_name\" content=\"FADESP\" \/>\n<meta property=\"article:publisher\" content=\"https:\/\/www.facebook.com\/Fadesp-138351949524662\/\" \/>\n<meta property=\"article:modified_time\" content=\"2022-12-20T15:51:53+00:00\" \/>\n<meta name=\"twitter:card\" content=\"summary_large_image\" \/>\n<meta name=\"twitter:site\" content=\"@Fadesp\" \/>\n<meta name=\"twitter:label1\" content=\"Est. tempo de leitura\" \/>\n\t<meta name=\"twitter:data1\" content=\"1 minuto\" \/>\n<script type=\"application\/ld+json\" class=\"yoast-schema-graph\">{\"@context\":\"https:\/\/schema.org\",\"@graph\":[{\"@type\":\"WebPage\",\"@id\":\"https:\/\/portalfadesp.org.br\/?page_id=1434\",\"url\":\"https:\/\/portalfadesp.org.br\/?page_id=1434\",\"name\":\"Companhia Docas do Par\u00e1 (CDP) - N\u00edvel M\u00e9dio e Superior - 2012 - FADESP\",\"isPartOf\":{\"@id\":\"https:\/\/portalfadesp.org.br\/#website\"},\"datePublished\":\"2012-05-22T07:07:33+00:00\",\"dateModified\":\"2022-12-20T15:51:53+00:00\",\"breadcrumb\":{\"@id\":\"https:\/\/portalfadesp.org.br\/?page_id=1434#breadcrumb\"},\"inLanguage\":\"pt-BR\",\"potentialAction\":[{\"@type\":\"ReadAction\",\"target\":[\"https:\/\/portalfadesp.org.br\/?page_id=1434\"]}]},{\"@type\":\"BreadcrumbList\",\"@id\":\"https:\/\/portalfadesp.org.br\/?page_id=1434#breadcrumb\",\"itemListElement\":[{\"@type\":\"ListItem\",\"position\":1,\"name\":\"In\u00edcio\",\"item\":\"https:\/\/portalfadesp.org.br\/\"},{\"@type\":\"ListItem\",\"position\":2,\"name\":\"Concursos &#8211; Homologados\",\"item\":\"https:\/\/portalfadesp.org.br\/?page_id=329\"},{\"@type\":\"ListItem\",\"position\":3,\"name\":\"Companhia Docas do Par\u00e1 (CDP) &#8211; N\u00edvel M\u00e9dio e Superior &#8211; 2012\"}]},{\"@type\":\"WebSite\",\"@id\":\"https:\/\/portalfadesp.org.br\/#website\",\"url\":\"https:\/\/portalfadesp.org.br\/\",\"name\":\"FADESP\",\"description\":\"Funda\u00e7\u00e3o de Amparo e Desenvolvimento da Pesquisa\",\"publisher\":{\"@id\":\"https:\/\/portalfadesp.org.br\/#organization\"},\"potentialAction\":[{\"@type\":\"SearchAction\",\"target\":{\"@type\":\"EntryPoint\",\"urlTemplate\":\"https:\/\/portalfadesp.org.br\/?s={search_term_string}\"},\"query-input\":{\"@type\":\"PropertyValueSpecification\",\"valueRequired\":true,\"valueName\":\"search_term_string\"}}],\"inLanguage\":\"pt-BR\"},{\"@type\":\"Organization\",\"@id\":\"https:\/\/portalfadesp.org.br\/#organization\",\"name\":\"FADESP\",\"url\":\"https:\/\/portalfadesp.org.br\/\",\"logo\":{\"@type\":\"ImageObject\",\"inLanguage\":\"pt-BR\",\"@id\":\"https:\/\/portalfadesp.org.br\/#\/schema\/logo\/image\/\",\"url\":\"https:\/\/portalfadesp.org.br\/wp-content\/uploads\/2024\/01\/NOVOLOGOFADESPlaranjaH.png\",\"contentUrl\":\"https:\/\/portalfadesp.org.br\/wp-content\/uploads\/2024\/01\/NOVOLOGOFADESPlaranjaH.png\",\"width\":2742,\"height\":839,\"caption\":\"FADESP\"},\"image\":{\"@id\":\"https:\/\/portalfadesp.org.br\/#\/schema\/logo\/image\/\"},\"sameAs\":[\"https:\/\/www.facebook.com\/Fadesp-138351949524662\/\",\"https:\/\/x.com\/Fadesp\",\"https:\/\/www.instagram.com\/fadesp_ufpa\/\",\"https:\/\/www.youtube.com\/@fundacaodeamparoedesenvolv1903\",\"https:\/\/www.threads.net\/@fadesp_ufpa\"]}]}<\/script>\n<!-- \/ Yoast SEO plugin. -->","yoast_head_json":{"title":"Companhia Docas do Par\u00e1 (CDP) - N\u00edvel M\u00e9dio e Superior - 2012 - FADESP","robots":{"index":"index","follow":"follow","max-snippet":"max-snippet:-1","max-image-preview":"max-image-preview:large","max-video-preview":"max-video-preview:-1"},"canonical":"https:\/\/portalfadesp.org.br\/?page_id=1434","og_locale":"pt_BR","og_type":"article","og_title":"Companhia Docas do Par\u00e1 (CDP) - N\u00edvel M\u00e9dio e Superior - 2012 - FADESP","og_description":"Companhia Docas do Par\u00e1 (CDP) &#8211; N\u00edvel M\u00e9dio e Superior &#8211; 2012 A Companhia das Docas do Par\u00e1 &#8211; CDP, no uso de suas atribui\u00e7\u00f5es e com fundamento no artigo 37, inciso II da Constitui\u00e7\u00e3o Federal Brasileira de 1988, torna p\u00fablica a realiza\u00e7\u00e3o de Concurso P\u00fablico destinado ao preenchimento de vagas do quadro de pessoal [&hellip;]","og_url":"https:\/\/portalfadesp.org.br\/?page_id=1434","og_site_name":"FADESP","article_publisher":"https:\/\/www.facebook.com\/Fadesp-138351949524662\/","article_modified_time":"2022-12-20T15:51:53+00:00","twitter_card":"summary_large_image","twitter_site":"@Fadesp","twitter_misc":{"Est. tempo de leitura":"1 minuto"},"schema":{"@context":"https:\/\/schema.org","@graph":[{"@type":"WebPage","@id":"https:\/\/portalfadesp.org.br\/?page_id=1434","url":"https:\/\/portalfadesp.org.br\/?page_id=1434","name":"Companhia Docas do Par\u00e1 (CDP) - N\u00edvel M\u00e9dio e Superior - 2012 - FADESP","isPartOf":{"@id":"https:\/\/portalfadesp.org.br\/#website"},"datePublished":"2012-05-22T07:07:33+00:00","dateModified":"2022-12-20T15:51:53+00:00","breadcrumb":{"@id":"https:\/\/portalfadesp.org.br\/?page_id=1434#breadcrumb"},"inLanguage":"pt-BR","potentialAction":[{"@type":"ReadAction","target":["https:\/\/portalfadesp.org.br\/?page_id=1434"]}]},{"@type":"BreadcrumbList","@id":"https:\/\/portalfadesp.org.br\/?page_id=1434#breadcrumb","itemListElement":[{"@type":"ListItem","position":1,"name":"In\u00edcio","item":"https:\/\/portalfadesp.org.br\/"},{"@type":"ListItem","position":2,"name":"Concursos &#8211; Homologados","item":"https:\/\/portalfadesp.org.br\/?page_id=329"},{"@type":"ListItem","position":3,"name":"Companhia Docas do Par\u00e1 (CDP) &#8211; N\u00edvel M\u00e9dio e Superior &#8211; 2012"}]},{"@type":"WebSite","@id":"https:\/\/portalfadesp.org.br\/#website","url":"https:\/\/portalfadesp.org.br\/","name":"FADESP","description":"Funda\u00e7\u00e3o de Amparo e Desenvolvimento da Pesquisa","publisher":{"@id":"https:\/\/portalfadesp.org.br\/#organization"},"potentialAction":[{"@type":"SearchAction","target":{"@type":"EntryPoint","urlTemplate":"https:\/\/portalfadesp.org.br\/?s={search_term_string}"},"query-input":{"@type":"PropertyValueSpecification","valueRequired":true,"valueName":"search_term_string"}}],"inLanguage":"pt-BR"},{"@type":"Organization","@id":"https:\/\/portalfadesp.org.br\/#organization","name":"FADESP","url":"https:\/\/portalfadesp.org.br\/","logo":{"@type":"ImageObject","inLanguage":"pt-BR","@id":"https:\/\/portalfadesp.org.br\/#\/schema\/logo\/image\/","url":"https:\/\/portalfadesp.org.br\/wp-content\/uploads\/2024\/01\/NOVOLOGOFADESPlaranjaH.png","contentUrl":"https:\/\/portalfadesp.org.br\/wp-content\/uploads\/2024\/01\/NOVOLOGOFADESPlaranjaH.png","width":2742,"height":839,"caption":"FADESP"},"image":{"@id":"https:\/\/portalfadesp.org.br\/#\/schema\/logo\/image\/"},"sameAs":["https:\/\/www.facebook.com\/Fadesp-138351949524662\/","https:\/\/x.com\/Fadesp","https:\/\/www.instagram.com\/fadesp_ufpa\/","https:\/\/www.youtube.com\/@fundacaodeamparoedesenvolv1903","https:\/\/www.threads.net\/@fadesp_ufpa"]}]}},"_links":{"self":[{"href":"https:\/\/portalfadesp.org.br\/index.php?rest_route=\/wp\/v2\/pages\/1434","targetHints":{"allow":["GET"]}}],"collection":[{"href":"https:\/\/portalfadesp.org.br\/index.php?rest_route=\/wp\/v2\/pages"}],"about":[{"href":"https:\/\/portalfadesp.org.br\/index.php?rest_route=\/wp\/v2\/types\/page"}],"author":[{"embeddable":true,"href":"https:\/\/portalfadesp.org.br\/index.php?rest_route=\/wp\/v2\/users\/9"}],"replies":[{"embeddable":true,"href":"https:\/\/portalfadesp.org.br\/index.php?rest_route=%2Fwp%2Fv2%2Fcomments&post=1434"}],"version-history":[{"count":28,"href":"https:\/\/portalfadesp.org.br\/index.php?rest_route=\/wp\/v2\/pages\/1434\/revisions"}],"predecessor-version":[{"id":36735,"href":"https:\/\/portalfadesp.org.br\/index.php?rest_route=\/wp\/v2\/pages\/1434\/revisions\/36735"}],"up":[{"embeddable":true,"href":"https:\/\/portalfadesp.org.br\/index.php?rest_route=\/wp\/v2\/pages\/329"}],"wp:attachment":[{"href":"https:\/\/portalfadesp.org.br\/index.php?rest_route=%2Fwp%2Fv2%2Fmedia&parent=1434"}],"curies":[{"name":"wp","href":"https:\/\/api.w.org\/{rel}","templated":true}]}}