{"id":1432,"date":"2012-05-22T04:04:08","date_gmt":"2012-05-22T07:04:08","guid":{"rendered":"https:\/\/162.215.13.167?page_id=1432"},"modified":"2022-12-20T12:53:51","modified_gmt":"2022-12-20T15:53:51","slug":"museu-goeldi-2012","status":"publish","type":"page","link":"https:\/\/portalfadesp.org.br\/?page_id=1432","title":{"rendered":"Museu Paraense Em\u00edlio Goeldi &#8211; 2012"},"content":{"rendered":"\t\t<div data-elementor-type=\"wp-post\" data-elementor-id=\"1432\" class=\"elementor elementor-1432\" data-elementor-post-type=\"page\">\n\t\t\t\t\t\t<section class=\"elementor-section elementor-top-section elementor-element elementor-element-322ed8d4 elementor-section-boxed elementor-section-height-default elementor-section-height-default\" data-id=\"322ed8d4\" data-element_type=\"section\">\n\t\t\t\t\t\t<div class=\"elementor-container elementor-column-gap-default\">\n\t\t\t\t\t<div class=\"elementor-column elementor-col-100 elementor-top-column elementor-element elementor-element-7d0297d9\" data-id=\"7d0297d9\" data-element_type=\"column\">\n\t\t\t<div class=\"elementor-widget-wrap elementor-element-populated\">\n\t\t\t\t\t\t<div class=\"elementor-element elementor-element-5658a102 elementor-widget elementor-widget-heading\" data-id=\"5658a102\" data-element_type=\"widget\" data-widget_type=\"heading.default\">\n\t\t\t\t<div class=\"elementor-widget-container\">\n\t\t\t\t\t<h1 class=\"elementor-heading-title elementor-size-default\">Museu Paraense Em\u00edlio Goeldi \u2013 MPEG -  2012<\/h1>\t\t\t\t<\/div>\n\t\t\t\t<\/div>\n\t\t\t\t<section class=\"elementor-section elementor-inner-section elementor-element elementor-element-5ea59936 elementor-section-boxed elementor-section-height-default elementor-section-height-default\" data-id=\"5ea59936\" data-element_type=\"section\">\n\t\t\t\t\t\t<div class=\"elementor-container elementor-column-gap-default\">\n\t\t\t\t\t<div class=\"elementor-column elementor-col-50 elementor-inner-column elementor-element elementor-element-2ac5297b\" data-id=\"2ac5297b\" data-element_type=\"column\">\n\t\t\t<div class=\"elementor-widget-wrap elementor-element-populated\">\n\t\t\t\t\t\t<div class=\"elementor-element elementor-element-44f2186 elementor-widget elementor-widget-text-editor\" data-id=\"44f2186\" data-element_type=\"widget\" data-widget_type=\"text-editor.default\">\n\t\t\t\t<div class=\"elementor-widget-container\">\n\t\t\t\t\t\t\t\t\t<p>O \u00a0Museu Paraense Em\u00edlio Goeldi \u2013 MPEG, Unidade de Pesquisa subordinada ao Minist\u00e9rio da Ci\u00eancia, Tecnologia e Inova\u00e7\u00e3o &#8211; MCTI, tendo em vista a Portaria n\u00ba 553 de 8 de dezembro de 2011, do Minist\u00e9rio do Planejamento, Or\u00e7amento e Gest\u00e3o, publicada no Di\u00e1rio Oficial da Uni\u00e3o, de 9 de dezembro de 2011, e com base na Lei n\u00ba 8.112, de 11 de dezembro de 1990, Lei n\u00ba 8.691, de 28 de julho de 1993 e Resolu\u00e7\u00e3o n\u00ba 2, de 23 de novembro de 1994, do Conselho do Plano de Carreiras de Ci\u00eancia e Tecnologia, torna p\u00fablica a realiza\u00e7\u00e3o de concurso p\u00fablico para provimento de 11 (ONZE) vagas em cargo de T\u00c9CNICO 1 mediante condi\u00e7\u00f5es estabelecidas neste edital.\u00a0<\/p><p><strong>Vagas &#8211;\u00a0<\/strong>11<\/p><p><strong>Cargos &#8211;\u00a0<\/strong>Ensino M\u00e9dio Completo: T\u00e9cnico em Editora\u00e7\u00e3o Eletr\u00f4nica, T\u00e9cnico em Conserva\u00e7\u00e3o de Acervos Cient\u00edficos ou pr\u00e1ticas em museais, T\u00e9cnico em Qu\u00edmica, Cole\u00e7\u00f5es Bot\u00e2nicas, Invertebrados, Vertebrados, Acervo e Laborat\u00f3rio de Palenteologia, T\u00e9cnico em Informa\u00e7\u00e3o e Documenta\u00e7\u00e3o.<\/p><p><strong>Remunera\u00e7\u00e3o &#8211;\u00a0<\/strong>R$ 2.711,28<\/p><p><strong>Inscri\u00e7\u00f5es &#8211;\u00a0<\/strong>0\/07\/12 a 24\/08\/12<\/p><p><strong>Taxa &#8211;\u00a0<\/strong>R$ 50,00<\/p><p><strong>Datas importantes<\/strong>:<\/p><p>Per\u00edodo de Inscri\u00e7\u00e3o &#8211; 0\/07\/12 a 24\/08\/12<\/p><p>Data da Prova Objetiva &#8211; 16\/09\/12<\/p><p>Prova Pr\u00e1tica &#8211; 23 a 26\/10\/12<\/p>\t\t\t\t\t\t\t\t<\/div>\n\t\t\t\t<\/div>\n\t\t\t\t\t<\/div>\n\t\t<\/div>\n\t\t\t\t<div class=\"elementor-column elementor-col-50 elementor-inner-column elementor-element elementor-element-7e1b62a9\" data-id=\"7e1b62a9\" data-element_type=\"column\">\n\t\t\t<div class=\"elementor-widget-wrap elementor-element-populated\">\n\t\t\t\t\t\t<div class=\"elementor-element elementor-element-da43944 elementor-widget elementor-widget-text-editor\" data-id=\"da43944\" data-element_type=\"widget\" data-widget_type=\"text-editor.default\">\n\t\t\t\t<div class=\"elementor-widget-container\">\n\t\t\t\t\t\t\t\t\t<p style=\"text-align: center;\"><span style=\"color: #ffffff;\"><strong>Editais e Avisos<\/strong><\/span><\/p>\t\t\t\t\t\t\t\t<\/div>\n\t\t\t\t<\/div>\n\t\t\t\t<div class=\"elementor-element elementor-element-3a65fbe9 elementor-widget elementor-widget-text-editor\" data-id=\"3a65fbe9\" data-element_type=\"widget\" data-widget_type=\"text-editor.default\">\n\t\t\t\t<div class=\"elementor-widget-container\">\n\t\t\t\t\t\t\t\t\t<table class=\" aligncenter\" width=\"80\">\n<tbody>\n<tr>\n<td width=\"80\"><strong><a href=\"..\/midias\/anexos\/357_nomeacao_tecnicos-pesquisadores-tecnologista-dou_de__01-07-2013.pdf\">Nomea\u00e7\u00e3o T\u00e9cnicos &#8211; Pesquisadores &#8211; Tecnologista &#8211; DOU<\/a><\/strong><\/td>\n<\/tr>\n<tr>\n<td width=\"80\"><strong><a href=\"..\/midias\/anexos\/357_retificacao_homologacao_resultado_tecnicos_-_dou_21-01-2013.pdf\">Retifica\u00e7\u00e3o Homologa\u00e7\u00e3o Resultados T\u00e9cnicos &#8211; DOU 21-01-2013<\/a><\/strong><\/td>\n<\/tr>\n<tr>\n<td width=\"80\"><strong><a href=\"..\/midias\/anexos\/357_homologacao.pdf\">Homologa\u00e7\u00e3o<\/a><\/strong><\/td>\n<\/tr>\n<tr>\n<td width=\"80\"><strong><a href=\"..\/midias\/anexos\/357_retificacoes_02_no_resultado_final.pdf\">Retifica\u00e7\u00f5es 02 no Resultado Final<\/a><\/strong><\/td>\n<\/tr>\n<tr>\n<td width=\"80\"><strong><a href=\"..\/midias\/anexos\/357_retificacoes_no_resultado_final.pdf\">Retifica\u00e7\u00f5es no Resultado Final<\/a><\/strong><\/td>\n<\/tr>\n<tr>\n<td width=\"80\"><strong><a href=\"..\/midias\/anexos\/357_resultado_final.pdf\">Resultado Final<\/a><\/strong><\/td>\n<\/tr>\n<tr>\n<td width=\"80\"><strong><a href=\"..\/midias\/anexos\/357_retificacao_da_prova_pratica.pdf\">Retifica\u00e7\u00e3o da Prova Pr\u00e1tica<\/a><\/strong><\/td>\n<\/tr>\n<tr>\n<td width=\"80\"><strong><a href=\"..\/midias\/anexos\/357_resultado_prova_prativa.pdf\">Resultado da Prova Pr\u00e1tica<\/a><\/strong><\/td>\n<\/tr>\n<tr>\n<td width=\"80\"><strong><a href=\"..\/midias\/anexos\/357_criterios_de_avaliacao_das_provas_praticas.pdf\">Crit\u00e9rios de Avalia\u00e7\u00e3o das provas pr\u00e1ticas<\/a><\/strong><\/td>\n<\/tr>\n<tr>\n<td width=\"80\"><strong><a href=\"..\/midias\/anexos\/357_edital_______n_013_2012_convocacao_a_2a_etapa.pdf\">Edital n\u00ba 013\/2012 Convoca\u00e7\u00e3o a 2a Etapa<\/a><\/strong><\/td>\n<\/tr>\n<tr>\n<td width=\"80\"><strong><a href=\"..\/midias\/anexos\/357_resultado_geral___1_fase_-_retificado_conforme_edital_n_012_2012__mpeg_de_20_08_2012.pdf\">Resultado Geral 1\u00aa Fase &#8211; Retificado Conforme Edital n\u00ba 012_2012_MPEG de 20\/08\/2012<\/a><\/strong><\/td>\n<\/tr>\n<tr>\n<td width=\"80\"><strong><a href=\"..\/midias\/anexos\/357_gabarito_oficial_definitivo.pdf\">Gabarito Oficial Definitivo<\/a><\/strong><\/td>\n<\/tr>\n<tr>\n<td width=\"80\"><strong><a href=\"..\/midias\/anexos\/357_formulario_de_recurso.pdf\">Formul\u00e1rio de Recurso<\/a><\/strong><\/td>\n<\/tr>\n<tr>\n<td width=\"80\"><strong><a href=\"..\/midias\/anexos\/357_gabarito_oficial_preliminar.pdf\">Gabarito Oficial Preliminar<\/a><\/strong><\/td>\n<\/tr>\n<tr>\n<td width=\"80\"><strong><a href=\"..\/midias\/anexos\/357_retificacao02_edital_n_04_2012.pdf\">Retifica\u00e7\u00f5es 02 do Edital n\u00ba 04\/2012<\/a><\/strong><\/td>\n<\/tr>\n<tr>\n<td width=\"80\"><strong><a href=\"..\/midias\/anexos\/357_retificacoes_no_edital_n_04-2012_-_tecnico_1_-_edital_n_012_de_20-08-2012.pdf\">Retifica\u00e7\u00f5es no Edital n\u00ba 04-2012<\/a><\/strong><\/td>\n<\/tr>\n<tr>\n<td width=\"80\"><strong><a href=\"..\/midias\/anexos\/357_retificacoes_no_edital_n_04-2012_-_tecnico_1_-_edital_n_012_de_20-08-2012.pdf\">Tecnico 1 &#8211; Edital n\u00ba 012 de 20-08-2012<\/a><\/strong><\/td>\n<\/tr>\n<tr>\n<td width=\"80\"><strong><a href=\"..\/midias\/anexos\/357_tabela_de_cargos.pdf\">Tabela de Cargos<\/a><\/strong><\/td>\n<\/tr>\n<tr>\n<td width=\"80\"><strong><a href=\"..\/midias\/anexos\/357_retificacoes_do_edital_n_04_2012_mpeg.pdf\">Retifica\u00e7\u00f5es do Edital n\u00ba 04\/2012<\/a><\/strong><\/td>\n<\/tr>\n<tr>\n<td width=\"80\"><strong><a href=\"..\/midias\/anexos\/357_edital_n_04_2012_mpeg.pdf\">Edital n\u00ba 04\/2012<\/a><\/strong><\/td>\n<\/tr>\n<\/tbody>\n<\/table>\t\t\t\t\t\t\t\t<\/div>\n\t\t\t\t<\/div>\n\t\t\t\t\t<\/div>\n\t\t<\/div>\n\t\t\t\t\t<\/div>\n\t\t<\/section>\n\t\t\t\t\t<\/div>\n\t\t<\/div>\n\t\t\t\t\t<\/div>\n\t\t<\/section>\n\t\t\t\t<\/div>\n\t\t","protected":false},"excerpt":{"rendered":"<p>Museu Paraense Em\u00edlio Goeldi \u2013 MPEG &#8211; 2012 O \u00a0Museu Paraense Em\u00edlio Goeldi \u2013 MPEG, Unidade de Pesquisa subordinada ao Minist\u00e9rio da Ci\u00eancia, Tecnologia e Inova\u00e7\u00e3o &#8211; MCTI, tendo em vista a Portaria n\u00ba 553 de 8 de dezembro de 2011, do Minist\u00e9rio do Planejamento, Or\u00e7amento e Gest\u00e3o, publicada no Di\u00e1rio Oficial da Uni\u00e3o, de [&hellip;]<\/p>\n","protected":false},"author":9,"featured_media":0,"parent":329,"menu_order":57,"comment_status":"closed","ping_status":"closed","template":"","meta":{"_monsterinsights_skip_tracking":false,"_monsterinsights_sitenote_active":false,"_monsterinsights_sitenote_note":"","_monsterinsights_sitenote_category":0,"footnotes":""},"class_list":["post-1432","page","type-page","status-publish","hentry","entry"],"yoast_head":"<!-- This site is optimized with the Yoast SEO plugin v25.1 - https:\/\/yoast.com\/wordpress\/plugins\/seo\/ -->\n<title>Museu Paraense Em\u00edlio Goeldi - 2012 - FADESP<\/title>\n<meta name=\"robots\" content=\"index, follow, max-snippet:-1, max-image-preview:large, max-video-preview:-1\" \/>\n<link rel=\"canonical\" href=\"https:\/\/portalfadesp.org.br\/?page_id=1432\" \/>\n<meta property=\"og:locale\" content=\"pt_BR\" \/>\n<meta property=\"og:type\" content=\"article\" \/>\n<meta property=\"og:title\" content=\"Museu Paraense Em\u00edlio Goeldi - 2012 - FADESP\" \/>\n<meta property=\"og:description\" content=\"Museu Paraense Em\u00edlio Goeldi \u2013 MPEG &#8211; 2012 O \u00a0Museu Paraense Em\u00edlio Goeldi \u2013 MPEG, Unidade de Pesquisa subordinada ao Minist\u00e9rio da Ci\u00eancia, Tecnologia e Inova\u00e7\u00e3o &#8211; MCTI, tendo em vista a Portaria n\u00ba 553 de 8 de dezembro de 2011, do Minist\u00e9rio do Planejamento, Or\u00e7amento e Gest\u00e3o, publicada no Di\u00e1rio Oficial da Uni\u00e3o, de [&hellip;]\" \/>\n<meta property=\"og:url\" content=\"https:\/\/portalfadesp.org.br\/?page_id=1432\" \/>\n<meta property=\"og:site_name\" content=\"FADESP\" \/>\n<meta property=\"article:publisher\" content=\"https:\/\/www.facebook.com\/Fadesp-138351949524662\/\" \/>\n<meta property=\"article:modified_time\" content=\"2022-12-20T15:53:51+00:00\" \/>\n<meta name=\"twitter:card\" content=\"summary_large_image\" \/>\n<meta name=\"twitter:site\" content=\"@Fadesp\" \/>\n<meta name=\"twitter:label1\" content=\"Est. tempo de leitura\" \/>\n\t<meta name=\"twitter:data1\" content=\"2 minutos\" \/>\n<script type=\"application\/ld+json\" class=\"yoast-schema-graph\">{\"@context\":\"https:\/\/schema.org\",\"@graph\":[{\"@type\":\"WebPage\",\"@id\":\"https:\/\/portalfadesp.org.br\/?page_id=1432\",\"url\":\"https:\/\/portalfadesp.org.br\/?page_id=1432\",\"name\":\"Museu Paraense Em\u00edlio Goeldi - 2012 - FADESP\",\"isPartOf\":{\"@id\":\"https:\/\/portalfadesp.org.br\/#website\"},\"datePublished\":\"2012-05-22T07:04:08+00:00\",\"dateModified\":\"2022-12-20T15:53:51+00:00\",\"breadcrumb\":{\"@id\":\"https:\/\/portalfadesp.org.br\/?page_id=1432#breadcrumb\"},\"inLanguage\":\"pt-BR\",\"potentialAction\":[{\"@type\":\"ReadAction\",\"target\":[\"https:\/\/portalfadesp.org.br\/?page_id=1432\"]}]},{\"@type\":\"BreadcrumbList\",\"@id\":\"https:\/\/portalfadesp.org.br\/?page_id=1432#breadcrumb\",\"itemListElement\":[{\"@type\":\"ListItem\",\"position\":1,\"name\":\"In\u00edcio\",\"item\":\"https:\/\/portalfadesp.org.br\/\"},{\"@type\":\"ListItem\",\"position\":2,\"name\":\"Concursos &#8211; Homologados\",\"item\":\"https:\/\/portalfadesp.org.br\/?page_id=329\"},{\"@type\":\"ListItem\",\"position\":3,\"name\":\"Museu Paraense Em\u00edlio Goeldi &#8211; 2012\"}]},{\"@type\":\"WebSite\",\"@id\":\"https:\/\/portalfadesp.org.br\/#website\",\"url\":\"https:\/\/portalfadesp.org.br\/\",\"name\":\"FADESP\",\"description\":\"Funda\u00e7\u00e3o de Amparo e Desenvolvimento da Pesquisa\",\"publisher\":{\"@id\":\"https:\/\/portalfadesp.org.br\/#organization\"},\"potentialAction\":[{\"@type\":\"SearchAction\",\"target\":{\"@type\":\"EntryPoint\",\"urlTemplate\":\"https:\/\/portalfadesp.org.br\/?s={search_term_string}\"},\"query-input\":{\"@type\":\"PropertyValueSpecification\",\"valueRequired\":true,\"valueName\":\"search_term_string\"}}],\"inLanguage\":\"pt-BR\"},{\"@type\":\"Organization\",\"@id\":\"https:\/\/portalfadesp.org.br\/#organization\",\"name\":\"FADESP\",\"url\":\"https:\/\/portalfadesp.org.br\/\",\"logo\":{\"@type\":\"ImageObject\",\"inLanguage\":\"pt-BR\",\"@id\":\"https:\/\/portalfadesp.org.br\/#\/schema\/logo\/image\/\",\"url\":\"https:\/\/portalfadesp.org.br\/wp-content\/uploads\/2024\/01\/NOVOLOGOFADESPlaranjaH.png\",\"contentUrl\":\"https:\/\/portalfadesp.org.br\/wp-content\/uploads\/2024\/01\/NOVOLOGOFADESPlaranjaH.png\",\"width\":2742,\"height\":839,\"caption\":\"FADESP\"},\"image\":{\"@id\":\"https:\/\/portalfadesp.org.br\/#\/schema\/logo\/image\/\"},\"sameAs\":[\"https:\/\/www.facebook.com\/Fadesp-138351949524662\/\",\"https:\/\/x.com\/Fadesp\",\"https:\/\/www.instagram.com\/fadesp_ufpa\/\",\"https:\/\/www.youtube.com\/@fundacaodeamparoedesenvolv1903\",\"https:\/\/www.threads.net\/@fadesp_ufpa\"]}]}<\/script>\n<!-- \/ Yoast SEO plugin. -->","yoast_head_json":{"title":"Museu Paraense Em\u00edlio Goeldi - 2012 - FADESP","robots":{"index":"index","follow":"follow","max-snippet":"max-snippet:-1","max-image-preview":"max-image-preview:large","max-video-preview":"max-video-preview:-1"},"canonical":"https:\/\/portalfadesp.org.br\/?page_id=1432","og_locale":"pt_BR","og_type":"article","og_title":"Museu Paraense Em\u00edlio Goeldi - 2012 - FADESP","og_description":"Museu Paraense Em\u00edlio Goeldi \u2013 MPEG &#8211; 2012 O \u00a0Museu Paraense Em\u00edlio Goeldi \u2013 MPEG, Unidade de Pesquisa subordinada ao Minist\u00e9rio da Ci\u00eancia, Tecnologia e Inova\u00e7\u00e3o &#8211; MCTI, tendo em vista a Portaria n\u00ba 553 de 8 de dezembro de 2011, do Minist\u00e9rio do Planejamento, Or\u00e7amento e Gest\u00e3o, publicada no Di\u00e1rio Oficial da Uni\u00e3o, de [&hellip;]","og_url":"https:\/\/portalfadesp.org.br\/?page_id=1432","og_site_name":"FADESP","article_publisher":"https:\/\/www.facebook.com\/Fadesp-138351949524662\/","article_modified_time":"2022-12-20T15:53:51+00:00","twitter_card":"summary_large_image","twitter_site":"@Fadesp","twitter_misc":{"Est. tempo de leitura":"2 minutos"},"schema":{"@context":"https:\/\/schema.org","@graph":[{"@type":"WebPage","@id":"https:\/\/portalfadesp.org.br\/?page_id=1432","url":"https:\/\/portalfadesp.org.br\/?page_id=1432","name":"Museu Paraense Em\u00edlio Goeldi - 2012 - FADESP","isPartOf":{"@id":"https:\/\/portalfadesp.org.br\/#website"},"datePublished":"2012-05-22T07:04:08+00:00","dateModified":"2022-12-20T15:53:51+00:00","breadcrumb":{"@id":"https:\/\/portalfadesp.org.br\/?page_id=1432#breadcrumb"},"inLanguage":"pt-BR","potentialAction":[{"@type":"ReadAction","target":["https:\/\/portalfadesp.org.br\/?page_id=1432"]}]},{"@type":"BreadcrumbList","@id":"https:\/\/portalfadesp.org.br\/?page_id=1432#breadcrumb","itemListElement":[{"@type":"ListItem","position":1,"name":"In\u00edcio","item":"https:\/\/portalfadesp.org.br\/"},{"@type":"ListItem","position":2,"name":"Concursos &#8211; Homologados","item":"https:\/\/portalfadesp.org.br\/?page_id=329"},{"@type":"ListItem","position":3,"name":"Museu Paraense Em\u00edlio Goeldi &#8211; 2012"}]},{"@type":"WebSite","@id":"https:\/\/portalfadesp.org.br\/#website","url":"https:\/\/portalfadesp.org.br\/","name":"FADESP","description":"Funda\u00e7\u00e3o de Amparo e Desenvolvimento da Pesquisa","publisher":{"@id":"https:\/\/portalfadesp.org.br\/#organization"},"potentialAction":[{"@type":"SearchAction","target":{"@type":"EntryPoint","urlTemplate":"https:\/\/portalfadesp.org.br\/?s={search_term_string}"},"query-input":{"@type":"PropertyValueSpecification","valueRequired":true,"valueName":"search_term_string"}}],"inLanguage":"pt-BR"},{"@type":"Organization","@id":"https:\/\/portalfadesp.org.br\/#organization","name":"FADESP","url":"https:\/\/portalfadesp.org.br\/","logo":{"@type":"ImageObject","inLanguage":"pt-BR","@id":"https:\/\/portalfadesp.org.br\/#\/schema\/logo\/image\/","url":"https:\/\/portalfadesp.org.br\/wp-content\/uploads\/2024\/01\/NOVOLOGOFADESPlaranjaH.png","contentUrl":"https:\/\/portalfadesp.org.br\/wp-content\/uploads\/2024\/01\/NOVOLOGOFADESPlaranjaH.png","width":2742,"height":839,"caption":"FADESP"},"image":{"@id":"https:\/\/portalfadesp.org.br\/#\/schema\/logo\/image\/"},"sameAs":["https:\/\/www.facebook.com\/Fadesp-138351949524662\/","https:\/\/x.com\/Fadesp","https:\/\/www.instagram.com\/fadesp_ufpa\/","https:\/\/www.youtube.com\/@fundacaodeamparoedesenvolv1903","https:\/\/www.threads.net\/@fadesp_ufpa"]}]}},"_links":{"self":[{"href":"https:\/\/portalfadesp.org.br\/index.php?rest_route=\/wp\/v2\/pages\/1432","targetHints":{"allow":["GET"]}}],"collection":[{"href":"https:\/\/portalfadesp.org.br\/index.php?rest_route=\/wp\/v2\/pages"}],"about":[{"href":"https:\/\/portalfadesp.org.br\/index.php?rest_route=\/wp\/v2\/types\/page"}],"author":[{"embeddable":true,"href":"https:\/\/portalfadesp.org.br\/index.php?rest_route=\/wp\/v2\/users\/9"}],"replies":[{"embeddable":true,"href":"https:\/\/portalfadesp.org.br\/index.php?rest_route=%2Fwp%2Fv2%2Fcomments&post=1432"}],"version-history":[{"count":25,"href":"https:\/\/portalfadesp.org.br\/index.php?rest_route=\/wp\/v2\/pages\/1432\/revisions"}],"predecessor-version":[{"id":36754,"href":"https:\/\/portalfadesp.org.br\/index.php?rest_route=\/wp\/v2\/pages\/1432\/revisions\/36754"}],"up":[{"embeddable":true,"href":"https:\/\/portalfadesp.org.br\/index.php?rest_route=\/wp\/v2\/pages\/329"}],"wp:attachment":[{"href":"https:\/\/portalfadesp.org.br\/index.php?rest_route=%2Fwp%2Fv2%2Fmedia&parent=1432"}],"curies":[{"name":"wp","href":"https:\/\/api.w.org\/{rel}","templated":true}]}}