{"id":1429,"date":"2012-05-22T03:54:43","date_gmt":"2012-05-22T06:54:43","guid":{"rendered":"https:\/\/162.215.13.167?page_id=1429"},"modified":"2022-12-20T12:55:12","modified_gmt":"2022-12-20T15:55:12","slug":"processo-seletivo-de-santarem-2012","status":"publish","type":"page","link":"https:\/\/portalfadesp.org.br\/?page_id=1429","title":{"rendered":"Processo Seletivo Simplificado da Prefeitura de Santar\u00e9m (ACS\/ACE) &#8211; 2012"},"content":{"rendered":"\t\t<div data-elementor-type=\"wp-post\" data-elementor-id=\"1429\" class=\"elementor elementor-1429\" data-elementor-post-type=\"page\">\n\t\t\t\t\t\t<section class=\"elementor-section elementor-top-section elementor-element elementor-element-65421755 elementor-section-boxed elementor-section-height-default elementor-section-height-default\" data-id=\"65421755\" data-element_type=\"section\">\n\t\t\t\t\t\t<div class=\"elementor-container elementor-column-gap-default\">\n\t\t\t\t\t<div class=\"elementor-column elementor-col-100 elementor-top-column elementor-element elementor-element-2e1d19da\" data-id=\"2e1d19da\" data-element_type=\"column\">\n\t\t\t<div class=\"elementor-widget-wrap elementor-element-populated\">\n\t\t\t\t\t\t<div class=\"elementor-element elementor-element-375ec75f elementor-widget elementor-widget-heading\" data-id=\"375ec75f\" data-element_type=\"widget\" data-widget_type=\"heading.default\">\n\t\t\t\t<div class=\"elementor-widget-container\">\n\t\t\t\t\t<h1 class=\"elementor-heading-title elementor-size-default\">Processo Seletivo Simplificado da Prefeitura de Santar\u00e9m (ACS\/ACE) \u2013 2012<\/h1>\t\t\t\t<\/div>\n\t\t\t\t<\/div>\n\t\t\t\t<section class=\"elementor-section elementor-inner-section elementor-element elementor-element-304579d elementor-section-boxed elementor-section-height-default elementor-section-height-default\" data-id=\"304579d\" data-element_type=\"section\">\n\t\t\t\t\t\t<div class=\"elementor-container elementor-column-gap-default\">\n\t\t\t\t\t<div class=\"elementor-column elementor-col-50 elementor-inner-column elementor-element elementor-element-57a2cee\" data-id=\"57a2cee\" data-element_type=\"column\">\n\t\t\t<div class=\"elementor-widget-wrap elementor-element-populated\">\n\t\t\t\t\t\t<div class=\"elementor-element elementor-element-3a76e8f3 elementor-widget elementor-widget-text-editor\" data-id=\"3a76e8f3\" data-element_type=\"widget\" data-widget_type=\"text-editor.default\">\n\t\t\t\t<div class=\"elementor-widget-container\">\n\t\t\t\t\t\t\t\t\t<p>A Prefeitura Municipal de Santar\u00e9m, no uso de suas atribui\u00e7\u00f5es legais, atrav\u00e9s da Secretaria Municipal de Adminitra\u00e7\u00e3o (SEMAD), TORNA P\u00daBLICO, a abertura de inscri\u00e7\u00e3o ao Processo Seletivo P\u00fablico Simplificado de provas e t\u00edtulos para o preenchimento de vagas para os cargos de Agente Comunit\u00e1rio de Sa\u00fade e Agente de Combate \u00e0 Endemias voltadas para atender as estrat\u00e9gias das atividades de sa\u00fade comunit\u00e1ria e de vigil\u00e2ncia em sa\u00fade epidemiol\u00f3gica, conforme a Lei n\u00ba 11.350, 05 de outubro de 2006, lei n\u00ba 8.080, de 19 de setembro de 1990, lei 8.142 , de 28 de dezembro de 1990, Regime Jur\u00eddico \u00danico &#8211; Lei municipal n\u00ba14.899 de 1994, alterada pela Lei n\u00ba18.181, Lei Org\u00e2nica do Munic\u00edpio de Santar\u00e9m e Constitui\u00e7\u00e3o Federal.<\/p><p><strong>Vagas &#8211;<\/strong>531<\/p><p><strong>Cargos &#8211;\u00a0<\/strong>\u00a0Agentes Comunit\u00e1rios de Sa\u00fade (ACS) e Agentes de Combate \u00e0s Endemias (ACE).<strong><br \/><\/strong><\/p><p><strong>Remunera\u00e7\u00e3o &#8211;\u00a0<\/strong>R$ 622,00<\/p><p><strong>Inscri\u00e7\u00f5es &#8211;\u00a0\u00a0<\/strong>10\/04\/12 a 14\/05\/12<strong><br \/><\/strong><\/p><p><strong>Taxa &#8211;\u00a0<\/strong>R$ 35,00<\/p><p><strong>Datas importantes<\/strong>:<\/p><p>Per\u00edodo de Inscri\u00e7\u00e3o &#8211; 10\/04\/12 a 14\/05\/12<\/p><p>Data da Prova Objetiva &#8211; 14\/05\/12<\/p>\t\t\t\t\t\t\t\t<\/div>\n\t\t\t\t<\/div>\n\t\t\t\t\t<\/div>\n\t\t<\/div>\n\t\t\t\t<div class=\"elementor-column elementor-col-50 elementor-inner-column elementor-element elementor-element-f9c0cb3\" data-id=\"f9c0cb3\" data-element_type=\"column\">\n\t\t\t<div class=\"elementor-widget-wrap elementor-element-populated\">\n\t\t\t\t\t\t<div class=\"elementor-element elementor-element-38c699d4 elementor-widget elementor-widget-text-editor\" data-id=\"38c699d4\" data-element_type=\"widget\" data-widget_type=\"text-editor.default\">\n\t\t\t\t<div class=\"elementor-widget-container\">\n\t\t\t\t\t\t\t\t\t<p style=\"text-align: center;\"><span style=\"color: #ffffff;\"><strong>Editais e Avisos<\/strong><\/span><\/p>\t\t\t\t\t\t\t\t<\/div>\n\t\t\t\t<\/div>\n\t\t\t\t<div class=\"elementor-element elementor-element-2a9e138c elementor-widget elementor-widget-text-editor\" data-id=\"2a9e138c\" data-element_type=\"widget\" data-widget_type=\"text-editor.default\">\n\t\t\t\t<div class=\"elementor-widget-container\">\n\t\t\t\t\t\t\t\t\t<table width=\"80\">\n<tbody>\n<tr>\n<td width=\"80\"><strong><a href=\"..\/midias\/anexos\/392_194.12_-_decreto_de_homologacao_e__regulamentacao_-_acss_e_aces_-_2012.pdf\">Decreto de Homologa\u00e7\u00e3o do Processo Seletivo<\/a><\/strong><\/td>\n<\/tr>\n<tr>\n<td width=\"80\"><strong><a href=\"..\/midias\/anexos\/392_retificacao_do_resultado_final.pdf\">Retifica\u00e7\u00e3o do Resultado Final<\/a><\/strong><\/td>\n<\/tr>\n<tr>\n<td width=\"80\"><strong><a href=\"..\/midias\/anexos\/392_criterios_da_nota_final.pdf\">Crit\u00e9rio da Nota Final<\/a><\/strong><\/td>\n<\/tr>\n<tr>\n<td width=\"80\"><strong><a href=\"..\/midias\/anexos\/392_resultado_final_06072012.pdf\">Resultado Final<\/a><\/strong><\/td>\n<\/tr>\n<tr>\n<td width=\"80\"><strong><a href=\"..\/midias\/anexos\/392_republicacao_do_resultado_da_prova_de_titulos_-_apos_fase_de_recursos.pdf\">Republica\u00e7\u00e3o do Resultado da Prova de T\u00edtulos Ap\u00f3s Fase de Recursos<\/a><\/strong><\/td>\n<\/tr>\n<tr>\n<td width=\"80\"><strong><a href=\"..\/midias\/anexos\/392_resultado_da_segunda_prova_objetiva.pdf\">Resultado da Segunda Prova Objetiva<\/a><\/strong><\/td>\n<\/tr>\n<tr>\n<td width=\"80\"><strong><a href=\"..\/midias\/anexos\/392_gabarito_oficial_definitivo.pdf\">Gabarito Oficial Definitivo<\/a><\/strong><\/td>\n<\/tr>\n<tr>\n<td width=\"80\"><strong><a href=\"..\/midias\/anexos\/392_resultado_da_prova_de_titulos_de_ace.pdf\">Resultado da Prova de t\u00edtulos de ACE<\/a><\/strong><\/td>\n<\/tr>\n<tr>\n<td width=\"80\"><strong><a href=\"..\/midias\/anexos\/392_gabarito_oficial_preliminar.pdf\">Gabarito Oficial Preliminar<\/a><\/strong><\/td>\n<\/tr>\n<tr>\n<td width=\"80\"><strong><a href=\"..\/midias\/anexos\/392_aviso_sobre_o_local_da_segunda_prova_objetiva.pdf\">Aviso sobre o local da Segunda prova objetiva<\/a><\/strong><\/td>\n<\/tr>\n<tr>\n<td width=\"80\"><strong><a href=\"..\/midias\/anexos\/392_republicacao_do_edital_de_convocacao_aos_cursos_introdutorios_ace_acs.pdf\">Republica\u00e7\u00e3o do Edital de Convoca\u00e7\u00e3o aos Cursos Introdut\u00f3rios ACE\/ACS<\/a><\/strong><\/td>\n<\/tr>\n<tr>\n<td width=\"80\"><strong><a href=\"..\/midias\/anexos\/392_republic_do_edital_de_convocacao_a_prova_de_titulos_de_ace.pdf\">Repulica\u00e7\u00e3o do Edital de Convoca\u00e7\u00e3o \u00e0 Prova de T\u00edtulo<\/a><\/strong><\/td>\n<\/tr>\n<tr>\n<td width=\"80\"><strong><a href=\"..\/midias\/anexos\/392_edital_de_convocacao_aos_cursos_introdutorios_ace_acs.pdf\">Edital de Convoca\u00e7\u00e3o aos Cursos Introdut\u00f3rios ACE\/ACS<\/a><\/strong><\/td>\n<\/tr>\n<tr>\n<td width=\"80\"><strong><a href=\"..\/midias\/anexos\/392_edital_de_convocacao_a_prova_de_titulos_de_ace.pdf\">Edital de Convoca\u00e7\u00e3o \u00e0 Prova de T\u00edtulo<\/a><\/strong><\/td>\n<\/tr>\n<tr>\n<td width=\"80\"><strong><a href=\"..\/midias\/anexos\/392_apostila_do_curso_de_acs.zip\">Apostila do Curso de ACS<\/a><\/strong><\/td>\n<\/tr>\n<tr>\n<td width=\"80\"><strong><a href=\"..\/midias\/anexos\/392_apostila_do_curso_de_ace.zip\">Apostila do Curso de ACE<\/a><\/strong><\/td>\n<\/tr>\n<tr>\n<td width=\"80\"><strong><a href=\"..\/midias\/anexos\/392_esclarecimento_sobre_a_aprovacao_as_proximas_etapa.pdf\">Esclarecimento sobre a aprova\u00e7\u00e3o \u00e0s pr\u00f3ximas etapas<\/a><\/strong><\/td>\n<\/tr>\n<tr>\n<td width=\"80\"><strong><a href=\"..\/midias\/anexos\/392_aviso_importante.pdf\">Aviso Importante aos Aptos \u00e0s Pr\u00f3ximas etapas<\/a><\/strong><\/td>\n<\/tr>\n<tr>\n<td width=\"80\"><strong><a href=\"..\/midias\/anexos\/392_resultado_dos_aptos_proxima_etapa.pdf\">Aptos \u00e0s Pr\u00f3ximas etapas<\/a><\/strong><\/td>\n<\/tr>\n<tr>\n<td width=\"80\"><strong><a href=\"..\/midias\/anexos\/392_resultado_geral_1a_etapa.pdf\">Resultado Geral<\/a><\/strong><\/td>\n<\/tr>\n<tr>\n<td width=\"80\"><strong><a href=\"..\/midias\/anexos\/392_gabarito_oficial_definitivo_dia_17.06.2012.pdf\">Gabarito Oficial Definitivo<\/a><\/strong><\/td>\n<\/tr>\n<tr>\n<td width=\"80\"><strong><a href=\"..\/midias\/anexos\/392_gabarito_oficial_preliminar_-_dia_17.06.2012.pdf\">Gabarito Oficial Preliminar<\/a><\/strong><\/td>\n<\/tr>\n<tr>\n<td width=\"80\"><strong><a href=\"..\/midias\/anexos\/392_edital_n_003_2012.pdf\">Edital n\u00ba 03\/2012<\/a><\/strong><\/td>\n<\/tr>\n<tr>\n<td width=\"80\"><strong><a href=\"..\/midias\/anexos\/392_edital_n_002_2012.pdf\">Edital n\u00ba 02\/2012<\/a><\/strong><\/td>\n<\/tr>\n<tr>\n<td width=\"80\"><strong><a href=\"..\/midias\/anexos\/392_edital_n_001_2012.pdf\">Edital n\u00ba 01\/2012<\/a><\/strong><\/td>\n<\/tr>\n<\/tbody>\n<\/table>\t\t\t\t\t\t\t\t<\/div>\n\t\t\t\t<\/div>\n\t\t\t\t\t<\/div>\n\t\t<\/div>\n\t\t\t\t\t<\/div>\n\t\t<\/section>\n\t\t\t\t\t<\/div>\n\t\t<\/div>\n\t\t\t\t\t<\/div>\n\t\t<\/section>\n\t\t\t\t<\/div>\n\t\t","protected":false},"excerpt":{"rendered":"<p>Processo Seletivo Simplificado da Prefeitura de Santar\u00e9m (ACS\/ACE) \u2013 2012 A Prefeitura Municipal de Santar\u00e9m, no uso de suas atribui\u00e7\u00f5es legais, atrav\u00e9s da Secretaria Municipal de Adminitra\u00e7\u00e3o (SEMAD), TORNA P\u00daBLICO, a abertura de inscri\u00e7\u00e3o ao Processo Seletivo P\u00fablico Simplificado de provas e t\u00edtulos para o preenchimento de vagas para os cargos de Agente Comunit\u00e1rio de [&hellip;]<\/p>\n","protected":false},"author":9,"featured_media":0,"parent":329,"menu_order":57,"comment_status":"closed","ping_status":"closed","template":"","meta":{"_monsterinsights_skip_tracking":false,"_monsterinsights_sitenote_active":false,"_monsterinsights_sitenote_note":"","_monsterinsights_sitenote_category":0,"footnotes":""},"class_list":["post-1429","page","type-page","status-publish","hentry","entry"],"yoast_head":"<!-- This site is optimized with the Yoast SEO plugin v25.1 - https:\/\/yoast.com\/wordpress\/plugins\/seo\/ -->\n<title>Processo Seletivo Simplificado da Prefeitura de Santar\u00e9m (ACS\/ACE) - 2012 - FADESP<\/title>\n<meta name=\"robots\" content=\"index, follow, max-snippet:-1, max-image-preview:large, max-video-preview:-1\" \/>\n<link rel=\"canonical\" href=\"https:\/\/portalfadesp.org.br\/?page_id=1429\" \/>\n<meta property=\"og:locale\" content=\"pt_BR\" \/>\n<meta property=\"og:type\" content=\"article\" \/>\n<meta property=\"og:title\" content=\"Processo Seletivo Simplificado da Prefeitura de Santar\u00e9m (ACS\/ACE) - 2012 - FADESP\" \/>\n<meta property=\"og:description\" content=\"Processo Seletivo Simplificado da Prefeitura de Santar\u00e9m (ACS\/ACE) \u2013 2012 A Prefeitura Municipal de Santar\u00e9m, no uso de suas atribui\u00e7\u00f5es legais, atrav\u00e9s da Secretaria Municipal de Adminitra\u00e7\u00e3o (SEMAD), TORNA P\u00daBLICO, a abertura de inscri\u00e7\u00e3o ao Processo Seletivo P\u00fablico Simplificado de provas e t\u00edtulos para o preenchimento de vagas para os cargos de Agente Comunit\u00e1rio de [&hellip;]\" \/>\n<meta property=\"og:url\" content=\"https:\/\/portalfadesp.org.br\/?page_id=1429\" \/>\n<meta property=\"og:site_name\" content=\"FADESP\" \/>\n<meta property=\"article:publisher\" content=\"https:\/\/www.facebook.com\/Fadesp-138351949524662\/\" \/>\n<meta property=\"article:modified_time\" content=\"2022-12-20T15:55:12+00:00\" \/>\n<meta name=\"twitter:card\" content=\"summary_large_image\" \/>\n<meta name=\"twitter:site\" content=\"@Fadesp\" \/>\n<meta name=\"twitter:label1\" content=\"Est. tempo de leitura\" \/>\n\t<meta name=\"twitter:data1\" content=\"2 minutos\" \/>\n<script type=\"application\/ld+json\" class=\"yoast-schema-graph\">{\"@context\":\"https:\/\/schema.org\",\"@graph\":[{\"@type\":\"WebPage\",\"@id\":\"https:\/\/portalfadesp.org.br\/?page_id=1429\",\"url\":\"https:\/\/portalfadesp.org.br\/?page_id=1429\",\"name\":\"Processo Seletivo Simplificado da Prefeitura de Santar\u00e9m (ACS\/ACE) - 2012 - FADESP\",\"isPartOf\":{\"@id\":\"https:\/\/portalfadesp.org.br\/#website\"},\"datePublished\":\"2012-05-22T06:54:43+00:00\",\"dateModified\":\"2022-12-20T15:55:12+00:00\",\"breadcrumb\":{\"@id\":\"https:\/\/portalfadesp.org.br\/?page_id=1429#breadcrumb\"},\"inLanguage\":\"pt-BR\",\"potentialAction\":[{\"@type\":\"ReadAction\",\"target\":[\"https:\/\/portalfadesp.org.br\/?page_id=1429\"]}]},{\"@type\":\"BreadcrumbList\",\"@id\":\"https:\/\/portalfadesp.org.br\/?page_id=1429#breadcrumb\",\"itemListElement\":[{\"@type\":\"ListItem\",\"position\":1,\"name\":\"In\u00edcio\",\"item\":\"https:\/\/portalfadesp.org.br\/\"},{\"@type\":\"ListItem\",\"position\":2,\"name\":\"Concursos &#8211; Homologados\",\"item\":\"https:\/\/portalfadesp.org.br\/?page_id=329\"},{\"@type\":\"ListItem\",\"position\":3,\"name\":\"Processo Seletivo Simplificado da Prefeitura de Santar\u00e9m (ACS\/ACE) &#8211; 2012\"}]},{\"@type\":\"WebSite\",\"@id\":\"https:\/\/portalfadesp.org.br\/#website\",\"url\":\"https:\/\/portalfadesp.org.br\/\",\"name\":\"FADESP\",\"description\":\"Funda\u00e7\u00e3o de Amparo e Desenvolvimento da Pesquisa\",\"publisher\":{\"@id\":\"https:\/\/portalfadesp.org.br\/#organization\"},\"potentialAction\":[{\"@type\":\"SearchAction\",\"target\":{\"@type\":\"EntryPoint\",\"urlTemplate\":\"https:\/\/portalfadesp.org.br\/?s={search_term_string}\"},\"query-input\":{\"@type\":\"PropertyValueSpecification\",\"valueRequired\":true,\"valueName\":\"search_term_string\"}}],\"inLanguage\":\"pt-BR\"},{\"@type\":\"Organization\",\"@id\":\"https:\/\/portalfadesp.org.br\/#organization\",\"name\":\"FADESP\",\"url\":\"https:\/\/portalfadesp.org.br\/\",\"logo\":{\"@type\":\"ImageObject\",\"inLanguage\":\"pt-BR\",\"@id\":\"https:\/\/portalfadesp.org.br\/#\/schema\/logo\/image\/\",\"url\":\"https:\/\/portalfadesp.org.br\/wp-content\/uploads\/2024\/01\/NOVOLOGOFADESPlaranjaH.png\",\"contentUrl\":\"https:\/\/portalfadesp.org.br\/wp-content\/uploads\/2024\/01\/NOVOLOGOFADESPlaranjaH.png\",\"width\":2742,\"height\":839,\"caption\":\"FADESP\"},\"image\":{\"@id\":\"https:\/\/portalfadesp.org.br\/#\/schema\/logo\/image\/\"},\"sameAs\":[\"https:\/\/www.facebook.com\/Fadesp-138351949524662\/\",\"https:\/\/x.com\/Fadesp\",\"https:\/\/www.instagram.com\/fadesp_ufpa\/\",\"https:\/\/www.youtube.com\/@fundacaodeamparoedesenvolv1903\",\"https:\/\/www.threads.net\/@fadesp_ufpa\"]}]}<\/script>\n<!-- \/ Yoast SEO plugin. -->","yoast_head_json":{"title":"Processo Seletivo Simplificado da Prefeitura de Santar\u00e9m (ACS\/ACE) - 2012 - FADESP","robots":{"index":"index","follow":"follow","max-snippet":"max-snippet:-1","max-image-preview":"max-image-preview:large","max-video-preview":"max-video-preview:-1"},"canonical":"https:\/\/portalfadesp.org.br\/?page_id=1429","og_locale":"pt_BR","og_type":"article","og_title":"Processo Seletivo Simplificado da Prefeitura de Santar\u00e9m (ACS\/ACE) - 2012 - FADESP","og_description":"Processo Seletivo Simplificado da Prefeitura de Santar\u00e9m (ACS\/ACE) \u2013 2012 A Prefeitura Municipal de Santar\u00e9m, no uso de suas atribui\u00e7\u00f5es legais, atrav\u00e9s da Secretaria Municipal de Adminitra\u00e7\u00e3o (SEMAD), TORNA P\u00daBLICO, a abertura de inscri\u00e7\u00e3o ao Processo Seletivo P\u00fablico Simplificado de provas e t\u00edtulos para o preenchimento de vagas para os cargos de Agente Comunit\u00e1rio de [&hellip;]","og_url":"https:\/\/portalfadesp.org.br\/?page_id=1429","og_site_name":"FADESP","article_publisher":"https:\/\/www.facebook.com\/Fadesp-138351949524662\/","article_modified_time":"2022-12-20T15:55:12+00:00","twitter_card":"summary_large_image","twitter_site":"@Fadesp","twitter_misc":{"Est. tempo de leitura":"2 minutos"},"schema":{"@context":"https:\/\/schema.org","@graph":[{"@type":"WebPage","@id":"https:\/\/portalfadesp.org.br\/?page_id=1429","url":"https:\/\/portalfadesp.org.br\/?page_id=1429","name":"Processo Seletivo Simplificado da Prefeitura de Santar\u00e9m (ACS\/ACE) - 2012 - FADESP","isPartOf":{"@id":"https:\/\/portalfadesp.org.br\/#website"},"datePublished":"2012-05-22T06:54:43+00:00","dateModified":"2022-12-20T15:55:12+00:00","breadcrumb":{"@id":"https:\/\/portalfadesp.org.br\/?page_id=1429#breadcrumb"},"inLanguage":"pt-BR","potentialAction":[{"@type":"ReadAction","target":["https:\/\/portalfadesp.org.br\/?page_id=1429"]}]},{"@type":"BreadcrumbList","@id":"https:\/\/portalfadesp.org.br\/?page_id=1429#breadcrumb","itemListElement":[{"@type":"ListItem","position":1,"name":"In\u00edcio","item":"https:\/\/portalfadesp.org.br\/"},{"@type":"ListItem","position":2,"name":"Concursos &#8211; Homologados","item":"https:\/\/portalfadesp.org.br\/?page_id=329"},{"@type":"ListItem","position":3,"name":"Processo Seletivo Simplificado da Prefeitura de Santar\u00e9m (ACS\/ACE) &#8211; 2012"}]},{"@type":"WebSite","@id":"https:\/\/portalfadesp.org.br\/#website","url":"https:\/\/portalfadesp.org.br\/","name":"FADESP","description":"Funda\u00e7\u00e3o de Amparo e Desenvolvimento da Pesquisa","publisher":{"@id":"https:\/\/portalfadesp.org.br\/#organization"},"potentialAction":[{"@type":"SearchAction","target":{"@type":"EntryPoint","urlTemplate":"https:\/\/portalfadesp.org.br\/?s={search_term_string}"},"query-input":{"@type":"PropertyValueSpecification","valueRequired":true,"valueName":"search_term_string"}}],"inLanguage":"pt-BR"},{"@type":"Organization","@id":"https:\/\/portalfadesp.org.br\/#organization","name":"FADESP","url":"https:\/\/portalfadesp.org.br\/","logo":{"@type":"ImageObject","inLanguage":"pt-BR","@id":"https:\/\/portalfadesp.org.br\/#\/schema\/logo\/image\/","url":"https:\/\/portalfadesp.org.br\/wp-content\/uploads\/2024\/01\/NOVOLOGOFADESPlaranjaH.png","contentUrl":"https:\/\/portalfadesp.org.br\/wp-content\/uploads\/2024\/01\/NOVOLOGOFADESPlaranjaH.png","width":2742,"height":839,"caption":"FADESP"},"image":{"@id":"https:\/\/portalfadesp.org.br\/#\/schema\/logo\/image\/"},"sameAs":["https:\/\/www.facebook.com\/Fadesp-138351949524662\/","https:\/\/x.com\/Fadesp","https:\/\/www.instagram.com\/fadesp_ufpa\/","https:\/\/www.youtube.com\/@fundacaodeamparoedesenvolv1903","https:\/\/www.threads.net\/@fadesp_ufpa"]}]}},"_links":{"self":[{"href":"https:\/\/portalfadesp.org.br\/index.php?rest_route=\/wp\/v2\/pages\/1429","targetHints":{"allow":["GET"]}}],"collection":[{"href":"https:\/\/portalfadesp.org.br\/index.php?rest_route=\/wp\/v2\/pages"}],"about":[{"href":"https:\/\/portalfadesp.org.br\/index.php?rest_route=\/wp\/v2\/types\/page"}],"author":[{"embeddable":true,"href":"https:\/\/portalfadesp.org.br\/index.php?rest_route=\/wp\/v2\/users\/9"}],"replies":[{"embeddable":true,"href":"https:\/\/portalfadesp.org.br\/index.php?rest_route=%2Fwp%2Fv2%2Fcomments&post=1429"}],"version-history":[{"count":32,"href":"https:\/\/portalfadesp.org.br\/index.php?rest_route=\/wp\/v2\/pages\/1429\/revisions"}],"predecessor-version":[{"id":36761,"href":"https:\/\/portalfadesp.org.br\/index.php?rest_route=\/wp\/v2\/pages\/1429\/revisions\/36761"}],"up":[{"embeddable":true,"href":"https:\/\/portalfadesp.org.br\/index.php?rest_route=\/wp\/v2\/pages\/329"}],"wp:attachment":[{"href":"https:\/\/portalfadesp.org.br\/index.php?rest_route=%2Fwp%2Fv2%2Fmedia&parent=1429"}],"curies":[{"name":"wp","href":"https:\/\/api.w.org\/{rel}","templated":true}]}}