{"id":14071,"date":"2021-02-10T09:47:58","date_gmt":"2021-02-10T12:47:58","guid":{"rendered":"https:\/\/162.215.13.167?page_id=14071"},"modified":"2022-12-21T14:13:35","modified_gmt":"2022-12-21T17:13:35","slug":"processo-seletivo-2020-ii-prosel-esp-ufopa-2020-2","status":"publish","type":"page","link":"https:\/\/portalfadesp.org.br\/?page_id=14071","title":{"rendered":"Processo Seletivo UFOPA 2021 &#8211; Ind\u00edgenas e Quilombolas"},"content":{"rendered":"\t\t<div data-elementor-type=\"wp-post\" data-elementor-id=\"14071\" class=\"elementor elementor-14071\" data-elementor-post-type=\"page\">\n\t\t\t\t\t\t<section class=\"elementor-section elementor-top-section elementor-element elementor-element-1f2996d1 elementor-section-boxed elementor-section-height-default elementor-section-height-default\" data-id=\"1f2996d1\" data-element_type=\"section\">\n\t\t\t\t\t\t<div class=\"elementor-container elementor-column-gap-default\">\n\t\t\t\t\t<div class=\"elementor-column elementor-col-100 elementor-top-column elementor-element elementor-element-59a4b3f8\" data-id=\"59a4b3f8\" data-element_type=\"column\">\n\t\t\t<div class=\"elementor-widget-wrap elementor-element-populated\">\n\t\t\t\t\t\t<div class=\"elementor-element elementor-element-799471af elementor-widget elementor-widget-heading\" data-id=\"799471af\" data-element_type=\"widget\" data-widget_type=\"heading.default\">\n\t\t\t\t<div class=\"elementor-widget-container\">\n\t\t\t\t\t<h1 class=\"elementor-heading-title elementor-size-default\">Processo Seletivo UFOPA 2021  - Ind\u00edgenas e Quilombolas<\/h1>\t\t\t\t<\/div>\n\t\t\t\t<\/div>\n\t\t\t\t<section class=\"elementor-section elementor-inner-section elementor-element elementor-element-336311f elementor-section-boxed elementor-section-height-default elementor-section-height-default\" data-id=\"336311f\" data-element_type=\"section\">\n\t\t\t\t\t\t<div class=\"elementor-container elementor-column-gap-default\">\n\t\t\t\t\t<div class=\"elementor-column elementor-col-50 elementor-inner-column elementor-element elementor-element-75ca0dc3\" data-id=\"75ca0dc3\" data-element_type=\"column\">\n\t\t\t<div class=\"elementor-widget-wrap elementor-element-populated\">\n\t\t\t\t\t\t<div class=\"elementor-element elementor-element-425a3096 elementor-widget elementor-widget-text-editor\" data-id=\"425a3096\" data-element_type=\"widget\" data-widget_type=\"text-editor.default\">\n\t\t\t\t<div class=\"elementor-widget-container\">\n\t\t\t\t\t\t\t\t\t<p style=\"text-align: center;\"><strong>PSEI Ufopa 2021 &#8211; IND\u00cdGENA<\/strong><\/p><p><span lang=\"PT\"><strong>A Universidade Federal do Oeste do Par\u00e1 (Ufopa)<\/strong> torna p\u00fablica a realiza\u00e7\u00e3o do Processo Seletivo Especial Ind\u00edgena 2021, regido pelo <a href=\"http:\/\/concursos.fadesp.org.br\/pseiufopa2021\/arquivos\/Edital\/Edital%20-%20Retificacao%20-%20PSEI2021.pdf\"><strong>Edital 04\/2021 (Retificado)<\/strong><\/a> (CPPS\/Ufopa). Ser\u00e3o ofertados 68 vagas para os cursos no campus de Santar\u00e9m e 17 vagas para os cursos nos campi regionais de Alenquer, Itaituba, Juruti, \u00d3bidos e Oriximin\u00e1.<\/span><\/p><ul><li><a href=\"http:\/\/concursos.fadesp.org.br\/pseiufopa2021\/arquivos\/Edital\/PSEI.pdf\"><strong><u>Edital n\u00ba 04\/2021-CPPS\/UFOPA \u2013 PSEI 2021<\/u><\/strong><\/a><\/li><li><a href=\"http:\/\/www.ufopa.edu.br\/proen\/processos-seletivos\/indigena\/pse-indigena-2021\/\"><strong><u>Acompanhe mais informa\u00e7\u00f5es sobre o PSEI no site da Pr\u00f3-Reitoria de Ensino de Gradua\u00e7\u00e3o- PROEN.<\/u><\/strong><\/a><\/li><\/ul><p>&#8230;&#8230;&#8230;&#8230;&#8230;&#8230;&#8230;&#8230;&#8230;&#8230;&#8230;&#8230;&#8230;&#8230;&#8230;.<\/p><p style=\"text-align: center;\"><strong>PSEQ Ufopa 2021 &#8211; QUILOMBOLA <\/strong><\/p><p><strong> Universidade Federal do Oeste do Par\u00e1 (Ufopa)<\/strong> torna p\u00fablica a realiza\u00e7\u00e3o do Processo Seletivo Especial Quilombola 2021, regido pelo<a href=\"http:\/\/concursos.fadesp.org.br\/pseiufopa2021\/arquivos\/Edital\/Edital%20-%20Retificacao%20-%20PSEQ2021.pdf\"> <strong>Edital 05\/2021(Retificado)<\/strong><\/a> (CPPS\/Ufopa). Ser\u00e3o ofertados 69 vagas para os cursos no campus de Santar\u00e9m e 19 vagas para os cursos nos campi regionais de Alenquer, Itaituba, Juruti, \u00d3bidos, Monte Alegre e Oriximin\u00e1.<\/p><ul><li><a href=\"http:\/\/concursos.fadesp.org.br\/pseiufopa2021\/arquivos\/Edital\/PSEQ.pdf\"><strong><u>Edital n\u00ba 05\/2021-CPPS\/UFOPA \u2013 PSEQ 2021<\/u><\/strong><\/a><\/li><li><a href=\"http:\/\/www.ufopa.edu.br\/proen\/processos-seletivos\/quilombola\/pse-quilombola-2021\/\"><strong><u>Acompanhe mais informa\u00e7\u00f5es sobre o PSEQ no site da Pr\u00f3-Reitoria de Ensino de Gradua\u00e7\u00e3o- PROEN<\/u><\/strong><\/a><\/li><\/ul><p>&#8230;&#8230;&#8230;&#8230;&#8230;&#8230;&#8230;&#8230;&#8230;&#8230;&#8230;&#8230;&#8230;&#8230;&#8230;.<\/p><p><strong>Datas importantes<\/strong>:<\/p><p><strong>Per\u00edodo de Inscri\u00e7\u00e3o<\/strong> &#8211; 08 a 27\/06\/2021<\/p><p><strong>Impress\u00e3o da prova Objetiva Discursiva &#8211; <\/strong>07\/07\/2021 a 13\/07\/2021<\/p><p><strong>Envio da prova Objetiva Discursiva &#8211; <\/strong>07\/07\/2021 a 17\/07\/2021<\/p><p><strong>Homologa\u00e7\u00e3o do PSEI e PSEQ<\/strong> &#8211; 26\/08\/2021<\/p>\t\t\t\t\t\t\t\t<\/div>\n\t\t\t\t<\/div>\n\t\t\t\t\t<\/div>\n\t\t<\/div>\n\t\t\t\t<div class=\"elementor-column elementor-col-50 elementor-inner-column elementor-element elementor-element-79608089\" data-id=\"79608089\" data-element_type=\"column\">\n\t\t\t<div class=\"elementor-widget-wrap elementor-element-populated\">\n\t\t\t\t\t\t<div class=\"elementor-element elementor-element-519019c1 elementor-widget elementor-widget-text-editor\" data-id=\"519019c1\" data-element_type=\"widget\" data-widget_type=\"text-editor.default\">\n\t\t\t\t<div class=\"elementor-widget-container\">\n\t\t\t\t\t\t\t\t\t<p style=\"text-align: center;\"><strong>Acompanhe sua Inscri\u00e7\u00e3o<\/strong><\/p>\t\t\t\t\t\t\t\t<\/div>\n\t\t\t\t<\/div>\n\t\t\t\t<div class=\"elementor-element elementor-element-91101ed elementor-widget elementor-widget-text-editor\" data-id=\"91101ed\" data-element_type=\"widget\" data-widget_type=\"text-editor.default\">\n\t\t\t\t<div class=\"elementor-widget-container\">\n\t\t\t\t\t\t\t\t\t<div class=\"botaoBug\">\n<a href=\"http:\/\/concursos.fadesp.org.br\/pseiufopa2021\/web\/index_recurso.php\">Resposta dos Recursos<\/a>\n<\/div>\t\t\t\t\t\t\t\t<\/div>\n\t\t\t\t<\/div>\n\t\t\t\t<div class=\"elementor-element elementor-element-63bd050 elementor-widget elementor-widget-text-editor\" data-id=\"63bd050\" data-element_type=\"widget\" data-widget_type=\"text-editor.default\">\n\t\t\t\t<div class=\"elementor-widget-container\">\n\t\t\t\t\t\t\t\t\t<h5><a href=\"http:\/\/concursos.fadesp.org.br\/pseiufopa2021\/arquivos\/Nota_Esclarecimento.pdf\">Nota de Esclarecimento sobre o Resultado Preliminar &#8211; PSEI e PSEQ<\/a><\/h5>\t\t\t\t\t\t\t\t<\/div>\n\t\t\t\t<\/div>\n\t\t\t\t<div class=\"elementor-element elementor-element-f88aac9 elementor-widget elementor-widget-text-editor\" data-id=\"f88aac9\" data-element_type=\"widget\" data-widget_type=\"text-editor.default\">\n\t\t\t\t<div class=\"elementor-widget-container\">\n\t\t\t\t\t\t\t\t\t<p style=\"text-align: center;\"><strong>Editais e Avisos<\/strong><\/p>\t\t\t\t\t\t\t\t<\/div>\n\t\t\t\t<\/div>\n\t\t\t\t<div class=\"elementor-element elementor-element-165e423c elementor-widget elementor-widget-text-editor\" data-id=\"165e423c\" data-element_type=\"widget\" data-widget_type=\"text-editor.default\">\n\t\t\t\t<div class=\"elementor-widget-container\">\n\t\t\t\t\t\t\t\t\t<a href=\"http:\/\/concursos.fadesp.org.br\/pseiufopa2021\/arquivos\/RESULTADOS\/RESULTADO_DEFINITIVO_PSEQ.pdf\"><strong>RESULTADO DEFINITIVO DA PROVA OBJETIVA E DISCURSIVA &#8211; PSEQ<\/strong><\/a>\n\n<a href=\"http:\/\/concursos.fadesp.org.br\/pseiufopa2021\/arquivos\/RESULTADOS\/RESULTADO_DEFINITIVO_PSEI.pdf\"><strong>RESULTADO DEFINITIVO DA PROVA DE REDA\u00c7\u00c3O &#8211; PSEI<\/strong><\/a>\n\n<strong><a href=\"http:\/\/concursos.fadesp.org.br\/pseiufopa2021\/arquivos\/RESULTADOS\/Resultados_Definitivo_Recurso_PSEI -PSEQ.pdf\">RESULTADO DEFINITIVO DOS RECURSOS &#8211; PSEQ e PSEI<\/a><\/strong>\n\n<a href=\"http:\/\/concursos.fadesp.org.br\/pseiufopa2021\/arquivos\/RESULTADOS\/RESULTADO_FINAL_PSEI.pdf\"><strong>RESULTADO DEFINITIVO DA PROVA DE REDA\u00c7\u00c3O -PSEI<\/strong><\/a>\n\n<a href=\"http:\/\/concursos.fadesp.org.br\/pseiufopa2021\/arquivos\/RESULTADOS\/RESULTADO_FINAL_PSEQ.pdf\"><strong>RESULTADO DEFINITIVO DA PROVA OBJETIVA E DISCURSIVA \u2013PSEQ<\/strong><\/a>\n\n<a href=\"http:\/\/concursos.fadesp.org.br\/pseiufopa2021\/arquivos\/RESULTADOS\/RECURSO_PSEI_PSEQ-2021.pdf\"><strong>RESPOSTAS DOS RECURSOS &#8211; PSEI e PSEQ (POR N\u00daMERO DE INSCRI\u00c7\u00c3O)<\/strong><\/a>\n<h5><a href=\"http:\/\/concursos.fadesp.org.br\/pseiufopa2021\/arquivos\/RESULTADOS\/Resultado_Final_Recursos_PSEI_PSEQ-2021.pdf\">RESULTADO DA INTERPOSI\u00c7\u00c3O DE RECURSO SOBRE O RESULTADO PRELIMINAR &#8211; PSEI e PSEQ<\/a><\/h5>\n<h5><a href=\"http:\/\/concursos.fadesp.org.br\/pseiufopa2021\/arquivos\/Retificacao_Resultado_Preliminar-PSEI.pdf\">RESULTADO PRELIMINAR RETIFICADO &#8211; PSEI 2021<\/a><\/h5>\n<strong><a href=\"http:\/\/concursos.fadesp.org.br\/pseiufopa2021\/arquivos\/Retificacao_Resultado_Preliminar-PSEQ.pdf\">RESULTADO PRELIMINAR RETIFICADO &#8211; PSEQ 2021<\/a><\/strong>\n\n<a href=\"http:\/\/concursos.fadesp.org.br\/pseiufopa2021\/arquivos\/Retificacao4_cronograma-PSEQ2021.pdf\"><strong>Edital n\u00b05 RETIFICA\u00c7\u00c3O n\u00b04 \/ CRONOGRAMA \u2013 PSEQ2021<\/strong><\/a>\n\n<a href=\"http:\/\/concursos.fadesp.org.br\/pseiufopa2021\/arquivos\/Retificacao4_cronograma-PSEI2021.pdf\"><strong>Edital n\u00b04 RETIFICA\u00c7\u00c3O n\u00b04 \/ CRONOGRAMA \u2013 PSEI2021<\/strong><\/a>\n<h5><a href=\"http:\/\/concursos.fadesp.org.br\/pseiufopa2021\/arquivos\/RESULTADOS\/ResultadoPreliminarPSEQ.pdf\">Resultado Preliminar &#8211; PSEQ2021<\/a><\/h5>\n<h5><a href=\"http:\/\/concursos.fadesp.org.br\/pseiufopa2021\/arquivos\/RESULTADOS\/ResultadoPreliminarPSEI.pdf\"><strong>Resultado Preliminar &#8211; PSEI2021<\/strong><\/a><\/h5>\n<p style=\"text-align: center;\"><a href=\"https:\/\/portalfadesp.org.br\/wp-content\/uploads\/2021\/08\/AARetificacao3-PSEQ2021-agosto.pdf\"><strong>Edital n\u00b05 RETIFICA\u00c7\u00c3O n\u00b03 \/ CRONOGRAMA &#8211; PSEQ2021<\/strong><\/a><\/p>\n<p style=\"text-align: center;\"><a href=\"https:\/\/portalfadesp.org.br\/wp-content\/uploads\/2021\/08\/AARetificacao3-PSEI2021-agosto.pdf\"><strong>Edital n\u00b04 RETIFICA\u00c7\u00c3O n\u00b03 \/ CRONOGRAMA &#8211; PSEI2021<\/strong><\/a><\/p>\n<p style=\"text-align: center;\"><a href=\"https:\/\/portalfadesp.org.br\/wp-content\/uploads\/2021\/07\/Edital-Retificacao2-PSEQ2021.pdf\"><strong><span style=\"color: #000000;\">Edital 05\/2021 \u2013 Retifica\u00e7\u00e3o 2 \u2013 PSEQ2021<\/span><\/strong><\/a><\/p>\n<p style=\"text-align: center;\"><a href=\"https:\/\/portalfadesp.org.br\/wp-content\/uploads\/2021\/07\/Edital-Retificacao2-PSEI2021.pdf\"><strong><span style=\"color: #000000;\">Edital 04\/2021 \u2013 Retifica\u00e7\u00e3o 2 \u2013 PSEI2021<\/span><\/strong><\/a><\/p>\n<p style=\"text-align: center;\"><a href=\"http:\/\/concursos.fadesp.org.br\/pseiufopa2021\/arquivos\/Edital\/manual%20inscri%C3%A7%C3%A3o-psei-pseq.pdf\"><strong>MANUAL PARA INSCRI\u00c7\u00c3O<\/strong><\/a><\/p>\n<p style=\"text-align: center;\"><a href=\"https:\/\/portalfadesp.org.br\/wp-content\/uploads\/2021\/07\/Resultado-das-Inscricao-Homologadas-PSEQ.pdf\"><span style=\"color: #000000;\"><strong>Resultado das Inscri\u00e7\u00f5es Homologadas &#8211; PSEQ2021 (Quilombola)<\/strong><\/span><\/a><\/p>\n<p style=\"text-align: center;\"><a href=\"https:\/\/portalfadesp.org.br\/wp-content\/uploads\/2021\/07\/Resultado-das-Inscricao-Homologadas-PSEI.pdf\"><span style=\"color: #000000;\"><strong>Resultado das Inscri\u00e7\u00f5es Homologadas \u2013 PSEI2021 (Ind\u00edgena)<\/strong><\/span><\/a><\/p>\n<p style=\"text-align: center;\"><a href=\"https:\/\/portalfadesp.org.br\/wp-content\/uploads\/2021\/06\/Resultado-Preliminar-de-Inscricao-PSEI.pdf\">Resultado Preliminar de Inscri\u00e7\u00e3o &#8211; PSEI2021 (Ind\u00edgena)<\/a><\/p>\n<p style=\"text-align: center;\"><a href=\"https:\/\/portalfadesp.org.br\/wp-content\/uploads\/2021\/06\/Resultado-Preliminar-de-Inscricao-PSEQ.pdf\">Resultado Preliminar de Inscri\u00e7\u00e3o &#8211; PSEQ2021 (Quilombola)<\/a><\/p>\n<p style=\"text-align: center;\"><a href=\"http:\/\/concursos.fadesp.org.br\/pseiufopa2021\/arquivos\/Edital\/Edital%20-%20Retificacao%20-%20PSEI2021.pdf\">Edital 04\/2021 &#8211; Retifica\u00e7\u00e3o &#8211; PSEI2021<\/a><\/p>\n<p style=\"text-align: center;\"><a href=\"http:\/\/concursos.fadesp.org.br\/pseiufopa2021\/arquivos\/Edital\/Edital%20-%20Retificacao%20-%20PSEQ2021.pdf\">Edital 05\/2021 &#8211; Retifica\u00e7\u00e3o &#8211; PSEQ2021<\/a><\/p>\n<p style=\"text-align: center;\"><a href=\"http:\/\/concursos.fadesp.org.br\/pseiufopa2021\/arquivos\/Edital\/PSEI.pdf\">Edital 04\/2021\u2013 Abertura para <strong>Ind\u00edgena<\/strong><\/a><\/p>\n<p style=\"text-align: center;\"><a href=\"http:\/\/concursos.fadesp.org.br\/pseiufopa2021\/arquivos\/Edital\/PSEQ.pdf\">Edital 05\/2021 \u2013 Abertura para <strong>Quilombola<\/strong><\/a><\/p>\n<p style=\"text-align: center;\">\u00a0Informa\u00e7\u00f5es pelo:\n<a href=\"http:\/\/concursos.fadesp.org.br\/faleConosco.php\" target=\"_blank\" rel=\"noopener\"><strong>Fale Conosco do Concursos\n(CLIQUE AQUI)<\/strong><\/a><\/p>\t\t\t\t\t\t\t\t<\/div>\n\t\t\t\t<\/div>\n\t\t\t\t\t<\/div>\n\t\t<\/div>\n\t\t\t\t\t<\/div>\n\t\t<\/section>\n\t\t\t\t\t<\/div>\n\t\t<\/div>\n\t\t\t\t\t<\/div>\n\t\t<\/section>\n\t\t\t\t<\/div>\n\t\t","protected":false},"excerpt":{"rendered":"<p>Processo Seletivo UFOPA 2021 &#8211; Ind\u00edgenas e Quilombolas PSEI Ufopa 2021 &#8211; IND\u00cdGENA A Universidade Federal do Oeste do Par\u00e1 (Ufopa) torna p\u00fablica a realiza\u00e7\u00e3o do Processo Seletivo Especial Ind\u00edgena 2021, regido pelo Edital 04\/2021 (Retificado) (CPPS\/Ufopa). Ser\u00e3o ofertados 68 vagas para os cursos no campus de Santar\u00e9m e 17 vagas para os cursos nos [&hellip;]<\/p>\n","protected":false},"author":9,"featured_media":0,"parent":329,"menu_order":0,"comment_status":"closed","ping_status":"closed","template":"","meta":{"_monsterinsights_skip_tracking":false,"_monsterinsights_sitenote_active":false,"_monsterinsights_sitenote_note":"","_monsterinsights_sitenote_category":0,"footnotes":""},"class_list":["post-14071","page","type-page","status-publish","hentry","entry"],"yoast_head":"<!-- This site is optimized with the Yoast SEO plugin v25.1 - https:\/\/yoast.com\/wordpress\/plugins\/seo\/ -->\n<title>Processo Seletivo UFOPA 2021 - Ind\u00edgenas e Quilombolas - FADESP<\/title>\n<meta name=\"robots\" content=\"index, follow, max-snippet:-1, max-image-preview:large, max-video-preview:-1\" \/>\n<link rel=\"canonical\" href=\"https:\/\/portalfadesp.org.br\/?page_id=14071\" \/>\n<meta property=\"og:locale\" content=\"pt_BR\" \/>\n<meta property=\"og:type\" content=\"article\" \/>\n<meta property=\"og:title\" content=\"Processo Seletivo UFOPA 2021 - Ind\u00edgenas e Quilombolas - FADESP\" \/>\n<meta property=\"og:description\" content=\"Processo Seletivo UFOPA 2021 &#8211; Ind\u00edgenas e Quilombolas PSEI Ufopa 2021 &#8211; IND\u00cdGENA A Universidade Federal do Oeste do Par\u00e1 (Ufopa) torna p\u00fablica a realiza\u00e7\u00e3o do Processo Seletivo Especial Ind\u00edgena 2021, regido pelo Edital 04\/2021 (Retificado) (CPPS\/Ufopa). Ser\u00e3o ofertados 68 vagas para os cursos no campus de Santar\u00e9m e 17 vagas para os cursos nos [&hellip;]\" \/>\n<meta property=\"og:url\" content=\"https:\/\/portalfadesp.org.br\/?page_id=14071\" \/>\n<meta property=\"og:site_name\" content=\"FADESP\" \/>\n<meta property=\"article:publisher\" content=\"https:\/\/www.facebook.com\/Fadesp-138351949524662\/\" \/>\n<meta property=\"article:modified_time\" content=\"2022-12-21T17:13:35+00:00\" \/>\n<meta name=\"twitter:card\" content=\"summary_large_image\" \/>\n<meta name=\"twitter:site\" content=\"@Fadesp\" \/>\n<meta name=\"twitter:label1\" content=\"Est. tempo de leitura\" \/>\n\t<meta name=\"twitter:data1\" content=\"2 minutos\" \/>\n<script type=\"application\/ld+json\" class=\"yoast-schema-graph\">{\"@context\":\"https:\/\/schema.org\",\"@graph\":[{\"@type\":\"WebPage\",\"@id\":\"https:\/\/portalfadesp.org.br\/?page_id=14071\",\"url\":\"https:\/\/portalfadesp.org.br\/?page_id=14071\",\"name\":\"Processo Seletivo UFOPA 2021 - Ind\u00edgenas e Quilombolas - FADESP\",\"isPartOf\":{\"@id\":\"https:\/\/portalfadesp.org.br\/#website\"},\"datePublished\":\"2021-02-10T12:47:58+00:00\",\"dateModified\":\"2022-12-21T17:13:35+00:00\",\"breadcrumb\":{\"@id\":\"https:\/\/portalfadesp.org.br\/?page_id=14071#breadcrumb\"},\"inLanguage\":\"pt-BR\",\"potentialAction\":[{\"@type\":\"ReadAction\",\"target\":[\"https:\/\/portalfadesp.org.br\/?page_id=14071\"]}]},{\"@type\":\"BreadcrumbList\",\"@id\":\"https:\/\/portalfadesp.org.br\/?page_id=14071#breadcrumb\",\"itemListElement\":[{\"@type\":\"ListItem\",\"position\":1,\"name\":\"In\u00edcio\",\"item\":\"https:\/\/portalfadesp.org.br\/\"},{\"@type\":\"ListItem\",\"position\":2,\"name\":\"Concursos &#8211; Homologados\",\"item\":\"https:\/\/portalfadesp.org.br\/?page_id=329\"},{\"@type\":\"ListItem\",\"position\":3,\"name\":\"Processo Seletivo UFOPA 2021 &#8211; Ind\u00edgenas e Quilombolas\"}]},{\"@type\":\"WebSite\",\"@id\":\"https:\/\/portalfadesp.org.br\/#website\",\"url\":\"https:\/\/portalfadesp.org.br\/\",\"name\":\"FADESP\",\"description\":\"Funda\u00e7\u00e3o de Amparo e Desenvolvimento da Pesquisa\",\"publisher\":{\"@id\":\"https:\/\/portalfadesp.org.br\/#organization\"},\"potentialAction\":[{\"@type\":\"SearchAction\",\"target\":{\"@type\":\"EntryPoint\",\"urlTemplate\":\"https:\/\/portalfadesp.org.br\/?s={search_term_string}\"},\"query-input\":{\"@type\":\"PropertyValueSpecification\",\"valueRequired\":true,\"valueName\":\"search_term_string\"}}],\"inLanguage\":\"pt-BR\"},{\"@type\":\"Organization\",\"@id\":\"https:\/\/portalfadesp.org.br\/#organization\",\"name\":\"FADESP\",\"url\":\"https:\/\/portalfadesp.org.br\/\",\"logo\":{\"@type\":\"ImageObject\",\"inLanguage\":\"pt-BR\",\"@id\":\"https:\/\/portalfadesp.org.br\/#\/schema\/logo\/image\/\",\"url\":\"https:\/\/portalfadesp.org.br\/wp-content\/uploads\/2024\/01\/NOVOLOGOFADESPlaranjaH.png\",\"contentUrl\":\"https:\/\/portalfadesp.org.br\/wp-content\/uploads\/2024\/01\/NOVOLOGOFADESPlaranjaH.png\",\"width\":2742,\"height\":839,\"caption\":\"FADESP\"},\"image\":{\"@id\":\"https:\/\/portalfadesp.org.br\/#\/schema\/logo\/image\/\"},\"sameAs\":[\"https:\/\/www.facebook.com\/Fadesp-138351949524662\/\",\"https:\/\/x.com\/Fadesp\",\"https:\/\/www.instagram.com\/fadesp_ufpa\/\",\"https:\/\/www.youtube.com\/@fundacaodeamparoedesenvolv1903\",\"https:\/\/www.threads.net\/@fadesp_ufpa\"]}]}<\/script>\n<!-- \/ Yoast SEO plugin. -->","yoast_head_json":{"title":"Processo Seletivo UFOPA 2021 - Ind\u00edgenas e Quilombolas - FADESP","robots":{"index":"index","follow":"follow","max-snippet":"max-snippet:-1","max-image-preview":"max-image-preview:large","max-video-preview":"max-video-preview:-1"},"canonical":"https:\/\/portalfadesp.org.br\/?page_id=14071","og_locale":"pt_BR","og_type":"article","og_title":"Processo Seletivo UFOPA 2021 - Ind\u00edgenas e Quilombolas - FADESP","og_description":"Processo Seletivo UFOPA 2021 &#8211; Ind\u00edgenas e Quilombolas PSEI Ufopa 2021 &#8211; IND\u00cdGENA A Universidade Federal do Oeste do Par\u00e1 (Ufopa) torna p\u00fablica a realiza\u00e7\u00e3o do Processo Seletivo Especial Ind\u00edgena 2021, regido pelo Edital 04\/2021 (Retificado) (CPPS\/Ufopa). Ser\u00e3o ofertados 68 vagas para os cursos no campus de Santar\u00e9m e 17 vagas para os cursos nos [&hellip;]","og_url":"https:\/\/portalfadesp.org.br\/?page_id=14071","og_site_name":"FADESP","article_publisher":"https:\/\/www.facebook.com\/Fadesp-138351949524662\/","article_modified_time":"2022-12-21T17:13:35+00:00","twitter_card":"summary_large_image","twitter_site":"@Fadesp","twitter_misc":{"Est. tempo de leitura":"2 minutos"},"schema":{"@context":"https:\/\/schema.org","@graph":[{"@type":"WebPage","@id":"https:\/\/portalfadesp.org.br\/?page_id=14071","url":"https:\/\/portalfadesp.org.br\/?page_id=14071","name":"Processo Seletivo UFOPA 2021 - Ind\u00edgenas e Quilombolas - FADESP","isPartOf":{"@id":"https:\/\/portalfadesp.org.br\/#website"},"datePublished":"2021-02-10T12:47:58+00:00","dateModified":"2022-12-21T17:13:35+00:00","breadcrumb":{"@id":"https:\/\/portalfadesp.org.br\/?page_id=14071#breadcrumb"},"inLanguage":"pt-BR","potentialAction":[{"@type":"ReadAction","target":["https:\/\/portalfadesp.org.br\/?page_id=14071"]}]},{"@type":"BreadcrumbList","@id":"https:\/\/portalfadesp.org.br\/?page_id=14071#breadcrumb","itemListElement":[{"@type":"ListItem","position":1,"name":"In\u00edcio","item":"https:\/\/portalfadesp.org.br\/"},{"@type":"ListItem","position":2,"name":"Concursos &#8211; Homologados","item":"https:\/\/portalfadesp.org.br\/?page_id=329"},{"@type":"ListItem","position":3,"name":"Processo Seletivo UFOPA 2021 &#8211; Ind\u00edgenas e Quilombolas"}]},{"@type":"WebSite","@id":"https:\/\/portalfadesp.org.br\/#website","url":"https:\/\/portalfadesp.org.br\/","name":"FADESP","description":"Funda\u00e7\u00e3o de Amparo e Desenvolvimento da Pesquisa","publisher":{"@id":"https:\/\/portalfadesp.org.br\/#organization"},"potentialAction":[{"@type":"SearchAction","target":{"@type":"EntryPoint","urlTemplate":"https:\/\/portalfadesp.org.br\/?s={search_term_string}"},"query-input":{"@type":"PropertyValueSpecification","valueRequired":true,"valueName":"search_term_string"}}],"inLanguage":"pt-BR"},{"@type":"Organization","@id":"https:\/\/portalfadesp.org.br\/#organization","name":"FADESP","url":"https:\/\/portalfadesp.org.br\/","logo":{"@type":"ImageObject","inLanguage":"pt-BR","@id":"https:\/\/portalfadesp.org.br\/#\/schema\/logo\/image\/","url":"https:\/\/portalfadesp.org.br\/wp-content\/uploads\/2024\/01\/NOVOLOGOFADESPlaranjaH.png","contentUrl":"https:\/\/portalfadesp.org.br\/wp-content\/uploads\/2024\/01\/NOVOLOGOFADESPlaranjaH.png","width":2742,"height":839,"caption":"FADESP"},"image":{"@id":"https:\/\/portalfadesp.org.br\/#\/schema\/logo\/image\/"},"sameAs":["https:\/\/www.facebook.com\/Fadesp-138351949524662\/","https:\/\/x.com\/Fadesp","https:\/\/www.instagram.com\/fadesp_ufpa\/","https:\/\/www.youtube.com\/@fundacaodeamparoedesenvolv1903","https:\/\/www.threads.net\/@fadesp_ufpa"]}]}},"_links":{"self":[{"href":"https:\/\/portalfadesp.org.br\/index.php?rest_route=\/wp\/v2\/pages\/14071","targetHints":{"allow":["GET"]}}],"collection":[{"href":"https:\/\/portalfadesp.org.br\/index.php?rest_route=\/wp\/v2\/pages"}],"about":[{"href":"https:\/\/portalfadesp.org.br\/index.php?rest_route=\/wp\/v2\/types\/page"}],"author":[{"embeddable":true,"href":"https:\/\/portalfadesp.org.br\/index.php?rest_route=\/wp\/v2\/users\/9"}],"replies":[{"embeddable":true,"href":"https:\/\/portalfadesp.org.br\/index.php?rest_route=%2Fwp%2Fv2%2Fcomments&post=14071"}],"version-history":[{"count":304,"href":"https:\/\/portalfadesp.org.br\/index.php?rest_route=\/wp\/v2\/pages\/14071\/revisions"}],"predecessor-version":[{"id":38635,"href":"https:\/\/portalfadesp.org.br\/index.php?rest_route=\/wp\/v2\/pages\/14071\/revisions\/38635"}],"up":[{"embeddable":true,"href":"https:\/\/portalfadesp.org.br\/index.php?rest_route=\/wp\/v2\/pages\/329"}],"wp:attachment":[{"href":"https:\/\/portalfadesp.org.br\/index.php?rest_route=%2Fwp%2Fv2%2Fmedia&parent=14071"}],"curies":[{"name":"wp","href":"https:\/\/api.w.org\/{rel}","templated":true}]}}