{"id":1396,"date":"2010-05-22T03:28:35","date_gmt":"2010-05-22T06:28:35","guid":{"rendered":"https:\/\/162.215.13.167?page_id=1396"},"modified":"2022-12-20T12:58:12","modified_gmt":"2022-12-20T15:58:12","slug":"pm-curso-de-capelaes-oficiais-2010","status":"publish","type":"page","link":"https:\/\/portalfadesp.org.br\/?page_id=1396","title":{"rendered":"PM &#8211; Curso de Capel\u00e3es Oficiais &#8211; 2010"},"content":{"rendered":"\t\t<div data-elementor-type=\"wp-post\" data-elementor-id=\"1396\" class=\"elementor elementor-1396\" data-elementor-post-type=\"page\">\n\t\t\t\t\t\t<section class=\"elementor-section elementor-top-section elementor-element elementor-element-7ef7e1e5 elementor-section-full_width elementor-section-height-default elementor-section-height-default\" data-id=\"7ef7e1e5\" data-element_type=\"section\">\n\t\t\t\t\t\t<div class=\"elementor-container elementor-column-gap-default\">\n\t\t\t\t\t<div class=\"elementor-column elementor-col-100 elementor-top-column elementor-element elementor-element-29a0477a\" data-id=\"29a0477a\" data-element_type=\"column\">\n\t\t\t<div class=\"elementor-widget-wrap elementor-element-populated\">\n\t\t\t\t\t\t<div class=\"elementor-element elementor-element-23aff35 elementor-widget elementor-widget-heading\" data-id=\"23aff35\" data-element_type=\"widget\" data-widget_type=\"heading.default\">\n\t\t\t\t<div class=\"elementor-widget-container\">\n\t\t\t\t\t<h1 class=\"elementor-heading-title elementor-size-default\">PM - Curso de Capel\u00e3es Oficiais - 2010<\/h1>\t\t\t\t<\/div>\n\t\t\t\t<\/div>\n\t\t\t\t<section class=\"elementor-section elementor-inner-section elementor-element elementor-element-79a5825c elementor-section-boxed elementor-section-height-default elementor-section-height-default\" data-id=\"79a5825c\" data-element_type=\"section\">\n\t\t\t\t\t\t<div class=\"elementor-container elementor-column-gap-default\">\n\t\t\t\t\t<div class=\"elementor-column elementor-col-50 elementor-inner-column elementor-element elementor-element-43f0226e\" data-id=\"43f0226e\" data-element_type=\"column\">\n\t\t\t<div class=\"elementor-widget-wrap elementor-element-populated\">\n\t\t\t\t\t\t<div class=\"elementor-element elementor-element-41056855 elementor-widget elementor-widget-text-editor\" data-id=\"41056855\" data-element_type=\"widget\" data-widget_type=\"text-editor.default\">\n\t\t\t\t<div class=\"elementor-widget-container\">\n\t\t\t\t\t\t\t\t\t<p>O Estado do Par\u00e1, atrav\u00e9s da Pol\u00edcia Militar do Par\u00e1 (PMPA) torna p\u00fablico que estar\u00e3o abertas no per\u00edodo de 10 a 31\/03\/2010, as inscri\u00e7\u00f5es ao Concurso P\u00fablico para admiss\u00e3o ao Curso de Adapta\u00e7\u00e3o de Oficiais do Quadro de Oficiais Capel\u00e3es \u2013 QOCPM\/2010, a funcionar na Academia de Pol\u00edcia Militar \u201cCel Fontoura\u201d, no munic\u00edpio de Marituba.\u00a0<\/p><p><strong>Vagas &#8211;\u00a0<\/strong>01<\/p><p><strong>Cargos &#8211;\u00a0<\/strong>Capel\u00e3o Oficial da PM<strong><br \/><\/strong><\/p><p><strong>Remunera\u00e7\u00e3o &#8211;\u00a0<\/strong>R$ R$ 2.412,95<\/p><p><strong>Inscri\u00e7\u00f5es &#8211;\u00a0<\/strong>10 a 31\/03\/10\u00a0<strong><br \/><\/strong><\/p><p><strong>Taxa &#8211;\u00a0<\/strong><strong>\u00a0<\/strong>R$ 60,00 (N\u00edvel M\u00e9dio) e R$ 80,00 (N\u00edvel Superior)<strong>.<\/strong><\/p><p><strong>Datas importantes<\/strong>:<\/p><p>Per\u00edodo de Inscri\u00e7\u00e3o &#8211;\u00a0 10 a 31\/03\/10<\/p><p>Prova Objetiva &#8211; 18\/04\/10<\/p><p>\u00a0Exames Antropom\u00e9trico, M\u00e9dico e Odontol\u00f3gico &#8211; \u00a010 a 14\/05\/10.<\/p><p>\u00a0Exames de Aptid\u00e3o F\u00edsica &#8211; 25 a 28\/05\/10<\/p><p>\u00a0Avalia\u00e7\u00e3o Psicol\u00f3gica &#8211;\u00a0 07\/06\/10 a 10\/06\/10<\/p><p>Avalia\u00e7\u00e3o de T\u00edtulos &#8211; 17\/05\/10 a 21\/05\/10<\/p>\t\t\t\t\t\t\t\t<\/div>\n\t\t\t\t<\/div>\n\t\t\t\t\t<\/div>\n\t\t<\/div>\n\t\t\t\t<div class=\"elementor-column elementor-col-50 elementor-inner-column elementor-element elementor-element-1f78e887\" data-id=\"1f78e887\" data-element_type=\"column\">\n\t\t\t<div class=\"elementor-widget-wrap elementor-element-populated\">\n\t\t\t\t\t\t<div class=\"elementor-element elementor-element-4326b5d8 elementor-widget elementor-widget-text-editor\" data-id=\"4326b5d8\" data-element_type=\"widget\" data-widget_type=\"text-editor.default\">\n\t\t\t\t<div class=\"elementor-widget-container\">\n\t\t\t\t\t\t\t\t\t<p style=\"text-align: center;\"><span style=\"color: #ffffff;\"><strong>Editais e Avisos<\/strong><\/span><\/p>\t\t\t\t\t\t\t\t<\/div>\n\t\t\t\t<\/div>\n\t\t\t\t<div class=\"elementor-element elementor-element-39d83ba2 elementor-widget elementor-widget-text-editor\" data-id=\"39d83ba2\" data-element_type=\"widget\" data-widget_type=\"text-editor.default\">\n\t\t\t\t<div class=\"elementor-widget-container\">\n\t\t\t\t\t\t\t\t\t<table width=\"80\">\n<tbody>\n<tr>\n<td width=\"80\"><strong><a href=\"..\/midias\/anexos\/365_portaria_n_36_2010_dp4_pmpa.pdf\">Portaria n\u00ba 36 2010 DP4 PMPA<\/a><\/strong><\/td>\n<\/tr>\n<tr>\n<td width=\"80\"><strong><a href=\"..\/midias\/anexos\/365_aviso_n_01_2010_fadesp_qocpmpa.zip\">Aviso n\u00b0 01 2010_FADESP\/ QOCPMPA<\/a><\/strong><\/td>\n<\/tr>\n<tr>\n<td width=\"80\"><strong><a href=\"..\/midias\/anexos\/365_formulario_de_entrega_de_titulos_-_qcopm.pdf\">\u00a0Formul\u00e1rio de Entrega de T\u00edtulos<\/a><\/strong><\/td>\n<\/tr>\n<tr>\n<td width=\"80\"><strong><a href=\"..\/midias\/anexos\/365_1edital_n_03_2010_cfo_pmpa.pdf\">Edital n\u00ba 003 locais de exames da 2\u00aa etapa<\/a><\/strong><\/td>\n<\/tr>\n<tr>\n<td width=\"80\"><strong><a href=\"..\/midias\/anexos\/365_pontuacao_dos_nao_classificados.zip\">Pontua\u00e7\u00e3o dos N\u00e3o Classificados<\/a><\/strong><\/td>\n<\/tr>\n<tr>\n<td width=\"80\"><strong><a href=\"..\/wp-content\/uploads\/2019\/10\/site-novo-capel\u00e3es-SituacaoGeral.pdf\" target=\"_blank\" rel=\"noopener\">Pontua\u00e7\u00e3o dos Classificados (Situa\u00e7\u00e3o Geral)<\/a><\/strong><\/td>\n<\/tr>\n<tr>\n<td width=\"80\"><strong><a href=\"..\/midias\/anexos\/365_edital_n_02_2010_qocpmpa.zip\">Edital n\u00b0 002 convoca\u00e7\u00e3o (Titulos e Exames)<\/a><\/strong><\/td>\n<\/tr>\n<tr>\n<td width=\"80\"><strong><a href=\"..\/midias\/anexos\/365_gabaritos_oficial_definitivo.pdf\">Gabaritos Oficial Definitivo<\/a><\/strong><\/td>\n<\/tr>\n<tr>\n<td width=\"80\"><strong><a href=\"..\/midias\/anexos\/365_gabaritos_oficial_preliminar_-_iasep.zip\">Gabarito Preliminar e Prova(Publicado em 18\/04\/2010 \u00e0s 15h)<\/a><\/strong><\/td>\n<\/tr>\n<tr>\n<td width=\"80\"><strong><a href=\"..\/midias\/anexos\/365_aviso_n_01_2010_fadesp_qocpmpa.zip\">Aviso n\u00b0 01 2010_FADESP\/ QOCPMPA<\/a><\/strong><\/td>\n<\/tr>\n<tr>\n<td width=\"80\"><strong><a href=\"..\/midias\/anexos\/365_estatuto_da_pmpa_e_alteracoes.zip\">Estatuto da PMPA e Altera\u00e7\u00f5es<\/a><\/strong><\/td>\n<\/tr>\n<tr>\n<td width=\"80\"><strong><a href=\"..\/midias\/anexos\/365_edital_n_001_oficiais_do_quadro_de_capelaes.pdf\">Edital n\u00b0 001 Oficiais do Quadro de Capel\u00e3es<\/a><\/strong><\/td>\n<\/tr>\n<\/tbody>\n<\/table>\t\t\t\t\t\t\t\t<\/div>\n\t\t\t\t<\/div>\n\t\t\t\t\t<\/div>\n\t\t<\/div>\n\t\t\t\t\t<\/div>\n\t\t<\/section>\n\t\t\t\t\t<\/div>\n\t\t<\/div>\n\t\t\t\t\t<\/div>\n\t\t<\/section>\n\t\t\t\t<\/div>\n\t\t","protected":false},"excerpt":{"rendered":"<p>PM &#8211; Curso de Capel\u00e3es Oficiais &#8211; 2010 O Estado do Par\u00e1, atrav\u00e9s da Pol\u00edcia Militar do Par\u00e1 (PMPA) torna p\u00fablico que estar\u00e3o abertas no per\u00edodo de 10 a 31\/03\/2010, as inscri\u00e7\u00f5es ao Concurso P\u00fablico para admiss\u00e3o ao Curso de Adapta\u00e7\u00e3o de Oficiais do Quadro de Oficiais Capel\u00e3es \u2013 QOCPM\/2010, a funcionar na Academia de [&hellip;]<\/p>\n","protected":false},"author":9,"featured_media":0,"parent":329,"menu_order":59,"comment_status":"closed","ping_status":"closed","template":"","meta":{"_monsterinsights_skip_tracking":false,"_monsterinsights_sitenote_active":false,"_monsterinsights_sitenote_note":"","_monsterinsights_sitenote_category":0,"footnotes":""},"class_list":["post-1396","page","type-page","status-publish","hentry","entry"],"yoast_head":"<!-- This site is optimized with the Yoast SEO plugin v25.1 - https:\/\/yoast.com\/wordpress\/plugins\/seo\/ -->\n<title>PM - Curso de Capel\u00e3es Oficiais - 2010 - FADESP<\/title>\n<meta name=\"robots\" content=\"index, follow, max-snippet:-1, max-image-preview:large, max-video-preview:-1\" \/>\n<link rel=\"canonical\" href=\"https:\/\/portalfadesp.org.br\/?page_id=1396\" \/>\n<meta property=\"og:locale\" content=\"pt_BR\" \/>\n<meta property=\"og:type\" content=\"article\" \/>\n<meta property=\"og:title\" content=\"PM - Curso de Capel\u00e3es Oficiais - 2010 - FADESP\" \/>\n<meta property=\"og:description\" content=\"PM &#8211; Curso de Capel\u00e3es Oficiais &#8211; 2010 O Estado do Par\u00e1, atrav\u00e9s da Pol\u00edcia Militar do Par\u00e1 (PMPA) torna p\u00fablico que estar\u00e3o abertas no per\u00edodo de 10 a 31\/03\/2010, as inscri\u00e7\u00f5es ao Concurso P\u00fablico para admiss\u00e3o ao Curso de Adapta\u00e7\u00e3o de Oficiais do Quadro de Oficiais Capel\u00e3es \u2013 QOCPM\/2010, a funcionar na Academia de [&hellip;]\" \/>\n<meta property=\"og:url\" content=\"https:\/\/portalfadesp.org.br\/?page_id=1396\" \/>\n<meta property=\"og:site_name\" content=\"FADESP\" \/>\n<meta property=\"article:publisher\" content=\"https:\/\/www.facebook.com\/Fadesp-138351949524662\/\" \/>\n<meta property=\"article:modified_time\" content=\"2022-12-20T15:58:12+00:00\" \/>\n<meta name=\"twitter:card\" content=\"summary_large_image\" \/>\n<meta name=\"twitter:site\" content=\"@Fadesp\" \/>\n<meta name=\"twitter:label1\" content=\"Est. tempo de leitura\" \/>\n\t<meta name=\"twitter:data1\" content=\"1 minuto\" \/>\n<script type=\"application\/ld+json\" class=\"yoast-schema-graph\">{\"@context\":\"https:\/\/schema.org\",\"@graph\":[{\"@type\":\"WebPage\",\"@id\":\"https:\/\/portalfadesp.org.br\/?page_id=1396\",\"url\":\"https:\/\/portalfadesp.org.br\/?page_id=1396\",\"name\":\"PM - Curso de Capel\u00e3es Oficiais - 2010 - FADESP\",\"isPartOf\":{\"@id\":\"https:\/\/portalfadesp.org.br\/#website\"},\"datePublished\":\"2010-05-22T06:28:35+00:00\",\"dateModified\":\"2022-12-20T15:58:12+00:00\",\"breadcrumb\":{\"@id\":\"https:\/\/portalfadesp.org.br\/?page_id=1396#breadcrumb\"},\"inLanguage\":\"pt-BR\",\"potentialAction\":[{\"@type\":\"ReadAction\",\"target\":[\"https:\/\/portalfadesp.org.br\/?page_id=1396\"]}]},{\"@type\":\"BreadcrumbList\",\"@id\":\"https:\/\/portalfadesp.org.br\/?page_id=1396#breadcrumb\",\"itemListElement\":[{\"@type\":\"ListItem\",\"position\":1,\"name\":\"In\u00edcio\",\"item\":\"https:\/\/portalfadesp.org.br\/\"},{\"@type\":\"ListItem\",\"position\":2,\"name\":\"Concursos &#8211; Homologados\",\"item\":\"https:\/\/portalfadesp.org.br\/?page_id=329\"},{\"@type\":\"ListItem\",\"position\":3,\"name\":\"PM &#8211; Curso de Capel\u00e3es Oficiais &#8211; 2010\"}]},{\"@type\":\"WebSite\",\"@id\":\"https:\/\/portalfadesp.org.br\/#website\",\"url\":\"https:\/\/portalfadesp.org.br\/\",\"name\":\"FADESP\",\"description\":\"Funda\u00e7\u00e3o de Amparo e Desenvolvimento da Pesquisa\",\"publisher\":{\"@id\":\"https:\/\/portalfadesp.org.br\/#organization\"},\"potentialAction\":[{\"@type\":\"SearchAction\",\"target\":{\"@type\":\"EntryPoint\",\"urlTemplate\":\"https:\/\/portalfadesp.org.br\/?s={search_term_string}\"},\"query-input\":{\"@type\":\"PropertyValueSpecification\",\"valueRequired\":true,\"valueName\":\"search_term_string\"}}],\"inLanguage\":\"pt-BR\"},{\"@type\":\"Organization\",\"@id\":\"https:\/\/portalfadesp.org.br\/#organization\",\"name\":\"FADESP\",\"url\":\"https:\/\/portalfadesp.org.br\/\",\"logo\":{\"@type\":\"ImageObject\",\"inLanguage\":\"pt-BR\",\"@id\":\"https:\/\/portalfadesp.org.br\/#\/schema\/logo\/image\/\",\"url\":\"https:\/\/portalfadesp.org.br\/wp-content\/uploads\/2024\/01\/NOVOLOGOFADESPlaranjaH.png\",\"contentUrl\":\"https:\/\/portalfadesp.org.br\/wp-content\/uploads\/2024\/01\/NOVOLOGOFADESPlaranjaH.png\",\"width\":2742,\"height\":839,\"caption\":\"FADESP\"},\"image\":{\"@id\":\"https:\/\/portalfadesp.org.br\/#\/schema\/logo\/image\/\"},\"sameAs\":[\"https:\/\/www.facebook.com\/Fadesp-138351949524662\/\",\"https:\/\/x.com\/Fadesp\",\"https:\/\/www.instagram.com\/fadesp_ufpa\/\",\"https:\/\/www.youtube.com\/@fundacaodeamparoedesenvolv1903\",\"https:\/\/www.threads.net\/@fadesp_ufpa\"]}]}<\/script>\n<!-- \/ Yoast SEO plugin. -->","yoast_head_json":{"title":"PM - Curso de Capel\u00e3es Oficiais - 2010 - FADESP","robots":{"index":"index","follow":"follow","max-snippet":"max-snippet:-1","max-image-preview":"max-image-preview:large","max-video-preview":"max-video-preview:-1"},"canonical":"https:\/\/portalfadesp.org.br\/?page_id=1396","og_locale":"pt_BR","og_type":"article","og_title":"PM - Curso de Capel\u00e3es Oficiais - 2010 - FADESP","og_description":"PM &#8211; Curso de Capel\u00e3es Oficiais &#8211; 2010 O Estado do Par\u00e1, atrav\u00e9s da Pol\u00edcia Militar do Par\u00e1 (PMPA) torna p\u00fablico que estar\u00e3o abertas no per\u00edodo de 10 a 31\/03\/2010, as inscri\u00e7\u00f5es ao Concurso P\u00fablico para admiss\u00e3o ao Curso de Adapta\u00e7\u00e3o de Oficiais do Quadro de Oficiais Capel\u00e3es \u2013 QOCPM\/2010, a funcionar na Academia de [&hellip;]","og_url":"https:\/\/portalfadesp.org.br\/?page_id=1396","og_site_name":"FADESP","article_publisher":"https:\/\/www.facebook.com\/Fadesp-138351949524662\/","article_modified_time":"2022-12-20T15:58:12+00:00","twitter_card":"summary_large_image","twitter_site":"@Fadesp","twitter_misc":{"Est. tempo de leitura":"1 minuto"},"schema":{"@context":"https:\/\/schema.org","@graph":[{"@type":"WebPage","@id":"https:\/\/portalfadesp.org.br\/?page_id=1396","url":"https:\/\/portalfadesp.org.br\/?page_id=1396","name":"PM - Curso de Capel\u00e3es Oficiais - 2010 - FADESP","isPartOf":{"@id":"https:\/\/portalfadesp.org.br\/#website"},"datePublished":"2010-05-22T06:28:35+00:00","dateModified":"2022-12-20T15:58:12+00:00","breadcrumb":{"@id":"https:\/\/portalfadesp.org.br\/?page_id=1396#breadcrumb"},"inLanguage":"pt-BR","potentialAction":[{"@type":"ReadAction","target":["https:\/\/portalfadesp.org.br\/?page_id=1396"]}]},{"@type":"BreadcrumbList","@id":"https:\/\/portalfadesp.org.br\/?page_id=1396#breadcrumb","itemListElement":[{"@type":"ListItem","position":1,"name":"In\u00edcio","item":"https:\/\/portalfadesp.org.br\/"},{"@type":"ListItem","position":2,"name":"Concursos &#8211; Homologados","item":"https:\/\/portalfadesp.org.br\/?page_id=329"},{"@type":"ListItem","position":3,"name":"PM &#8211; Curso de Capel\u00e3es Oficiais &#8211; 2010"}]},{"@type":"WebSite","@id":"https:\/\/portalfadesp.org.br\/#website","url":"https:\/\/portalfadesp.org.br\/","name":"FADESP","description":"Funda\u00e7\u00e3o de Amparo e Desenvolvimento da Pesquisa","publisher":{"@id":"https:\/\/portalfadesp.org.br\/#organization"},"potentialAction":[{"@type":"SearchAction","target":{"@type":"EntryPoint","urlTemplate":"https:\/\/portalfadesp.org.br\/?s={search_term_string}"},"query-input":{"@type":"PropertyValueSpecification","valueRequired":true,"valueName":"search_term_string"}}],"inLanguage":"pt-BR"},{"@type":"Organization","@id":"https:\/\/portalfadesp.org.br\/#organization","name":"FADESP","url":"https:\/\/portalfadesp.org.br\/","logo":{"@type":"ImageObject","inLanguage":"pt-BR","@id":"https:\/\/portalfadesp.org.br\/#\/schema\/logo\/image\/","url":"https:\/\/portalfadesp.org.br\/wp-content\/uploads\/2024\/01\/NOVOLOGOFADESPlaranjaH.png","contentUrl":"https:\/\/portalfadesp.org.br\/wp-content\/uploads\/2024\/01\/NOVOLOGOFADESPlaranjaH.png","width":2742,"height":839,"caption":"FADESP"},"image":{"@id":"https:\/\/portalfadesp.org.br\/#\/schema\/logo\/image\/"},"sameAs":["https:\/\/www.facebook.com\/Fadesp-138351949524662\/","https:\/\/x.com\/Fadesp","https:\/\/www.instagram.com\/fadesp_ufpa\/","https:\/\/www.youtube.com\/@fundacaodeamparoedesenvolv1903","https:\/\/www.threads.net\/@fadesp_ufpa"]}]}},"_links":{"self":[{"href":"https:\/\/portalfadesp.org.br\/index.php?rest_route=\/wp\/v2\/pages\/1396","targetHints":{"allow":["GET"]}}],"collection":[{"href":"https:\/\/portalfadesp.org.br\/index.php?rest_route=\/wp\/v2\/pages"}],"about":[{"href":"https:\/\/portalfadesp.org.br\/index.php?rest_route=\/wp\/v2\/types\/page"}],"author":[{"embeddable":true,"href":"https:\/\/portalfadesp.org.br\/index.php?rest_route=\/wp\/v2\/users\/9"}],"replies":[{"embeddable":true,"href":"https:\/\/portalfadesp.org.br\/index.php?rest_route=%2Fwp%2Fv2%2Fcomments&post=1396"}],"version-history":[{"count":31,"href":"https:\/\/portalfadesp.org.br\/index.php?rest_route=\/wp\/v2\/pages\/1396\/revisions"}],"predecessor-version":[{"id":36776,"href":"https:\/\/portalfadesp.org.br\/index.php?rest_route=\/wp\/v2\/pages\/1396\/revisions\/36776"}],"up":[{"embeddable":true,"href":"https:\/\/portalfadesp.org.br\/index.php?rest_route=\/wp\/v2\/pages\/329"}],"wp:attachment":[{"href":"https:\/\/portalfadesp.org.br\/index.php?rest_route=%2Fwp%2Fv2%2Fmedia&parent=1396"}],"curies":[{"name":"wp","href":"https:\/\/api.w.org\/{rel}","templated":true}]}}