{"id":1395,"date":"2010-05-22T03:28:28","date_gmt":"2010-05-22T06:28:28","guid":{"rendered":"https:\/\/162.215.13.167?page_id=1395"},"modified":"2024-01-24T14:02:51","modified_gmt":"2024-01-24T17:02:51","slug":"pm-curso-de-formacao-de-oficiais-cfo-2010","status":"publish","type":"page","link":"https:\/\/portalfadesp.org.br\/?page_id=1395","title":{"rendered":"PM &#8211; Curso de Forma\u00e7\u00e3o de Oficiais (CFO) &#8211; 2010"},"content":{"rendered":"\t\t<div data-elementor-type=\"wp-post\" data-elementor-id=\"1395\" class=\"elementor elementor-1395\" data-elementor-post-type=\"page\">\n\t\t\t\t\t\t<section class=\"elementor-section elementor-top-section elementor-element elementor-element-6118619f elementor-section-full_width elementor-section-height-default elementor-section-height-default\" data-id=\"6118619f\" data-element_type=\"section\">\n\t\t\t\t\t\t<div class=\"elementor-container elementor-column-gap-default\">\n\t\t\t\t\t<div class=\"elementor-column elementor-col-100 elementor-top-column elementor-element elementor-element-7590d97\" data-id=\"7590d97\" data-element_type=\"column\">\n\t\t\t<div class=\"elementor-widget-wrap elementor-element-populated\">\n\t\t\t\t\t\t<div class=\"elementor-element elementor-element-1e828130 elementor-widget elementor-widget-heading\" data-id=\"1e828130\" data-element_type=\"widget\" data-widget_type=\"heading.default\">\n\t\t\t\t<div class=\"elementor-widget-container\">\n\t\t\t\t\t<h1 class=\"elementor-heading-title elementor-size-default\">PM - Curso de Forma\u00e7\u00e3o de Oficiais (CFO) - 2010<\/h1>\t\t\t\t<\/div>\n\t\t\t\t<\/div>\n\t\t\t\t<section class=\"elementor-section elementor-inner-section elementor-element elementor-element-3d11800a elementor-section-boxed elementor-section-height-default elementor-section-height-default\" data-id=\"3d11800a\" data-element_type=\"section\">\n\t\t\t\t\t\t<div class=\"elementor-container elementor-column-gap-default\">\n\t\t\t\t\t<div class=\"elementor-column elementor-col-50 elementor-inner-column elementor-element elementor-element-127303ef\" data-id=\"127303ef\" data-element_type=\"column\">\n\t\t\t<div class=\"elementor-widget-wrap elementor-element-populated\">\n\t\t\t\t\t\t<div class=\"elementor-element elementor-element-4fae08e9 elementor-widget elementor-widget-text-editor\" data-id=\"4fae08e9\" data-element_type=\"widget\" data-widget_type=\"text-editor.default\">\n\t\t\t\t<div class=\"elementor-widget-container\">\n\t\t\t\t\t\t\t\t\t<p>O Estado do Par\u00e1, atrav\u00e9s da Pol\u00edcia Militar do Par\u00e1 (PMPA) torna p\u00fablico que estar\u00e3o abertas no per\u00edodo de 10 a 31\/03\/2010, as inscri\u00e7\u00f5es ao Concurso P\u00fablico para admiss\u00e3o ao Curso de Forma\u00e7\u00e3o de Oficiais PM\/2010 (CFO PM\/2010), a funcionar na Academia de Pol\u00edcia Militar \u201cCel Fontoura\u201d, no munic\u00edpio de Marituba\u00a0<\/p><p><strong>Vagas &#8211;\u00a0<\/strong>40 vagas, sendo 30 para o sexo masculino e 10\u00a0 para o sexo feminino<strong>.<\/strong><\/p><p><strong>Cargos &#8211;<\/strong>\u00a0Oficial da Pol\u00edcia Militar<strong><br \/><\/strong><\/p><p><strong>Remunera\u00e7\u00e3o &#8211;<\/strong>\u00a0R$ 2.412,95<\/p><p><strong>Inscri\u00e7\u00f5es &#8211;\u00a0<\/strong>10 a 31 de\/03\/10<\/p><p><strong>Taxa &#8211;\u00a0<\/strong>R$ 60,00 (N\u00edvel M\u00e9dio) e R$ 80,00 (N\u00edvel Superior)<\/p><p><strong>Datas importantes<\/strong>:<\/p><p>Per\u00edodo de Inscri\u00e7\u00e3o &#8211;\u00a0 10 a 31 de\/03\/10<\/p><p>Cart\u00e3o de Inscri\u00e7\u00e3o &#8211; 06 a 11\/04\/10<\/p><p>Data da Prova Objetiva &#8211; 18\/04\/2010<\/p><p>Exames Antropom\u00e9trico, M\u00e9dico e Odontol\u00f3gico &#8211;\u00a0 10 a 14\/05\/10<\/p><p>Exames de Aptid\u00e3o F\u00edsica &#8211; 25 a 28\/05\/2010<\/p><p>Avalia\u00e7\u00e3o Psicol\u00f3gica -07\/06\/10 a 10\/06\/10<\/p><p>Habilita\u00e7\u00e3o &#8211; 25\/06\/10 a 29\/06\/10<\/p>\t\t\t\t\t\t\t\t<\/div>\n\t\t\t\t<\/div>\n\t\t\t\t\t<\/div>\n\t\t<\/div>\n\t\t\t\t<div class=\"elementor-column elementor-col-50 elementor-inner-column elementor-element elementor-element-3a82d5db\" data-id=\"3a82d5db\" data-element_type=\"column\">\n\t\t\t<div class=\"elementor-widget-wrap elementor-element-populated\">\n\t\t\t\t\t\t<div class=\"elementor-element elementor-element-1467932e elementor-widget elementor-widget-text-editor\" data-id=\"1467932e\" data-element_type=\"widget\" data-widget_type=\"text-editor.default\">\n\t\t\t\t<div class=\"elementor-widget-container\">\n\t\t\t\t\t\t\t\t\t<p style=\"text-align: center;\"><span style=\"color: #ffffff;\"><strong>Editais e Avisos<\/strong><\/span><\/p>\t\t\t\t\t\t\t\t<\/div>\n\t\t\t\t<\/div>\n\t\t\t\t<div class=\"elementor-element elementor-element-cd277fe elementor-widget elementor-widget-text-editor\" data-id=\"cd277fe\" data-element_type=\"widget\" data-widget_type=\"text-editor.default\">\n\t\t\t\t<div class=\"elementor-widget-container\">\n\t\t\t\t\t\t\t\t\t<p><a href=\"https:\/\/portalfadesp.org.br\/wp-content\/uploads\/2024\/01\/EDITAL-No-10_2024-CONVOCACAO-TAF-SUB-JUDICE-EDUARDO-FABRICIO-DE-S-COSTA-15-01-2024.pdf\">EDITAL N\u00ba 11_2024 &#8211; CONVOCA\u00c7\u00c3O TAF SUB JUDICE &#8211; EDUARDO FABRICIO DE SOUZA COSTA, de 15\/01\/2024 <strong>(Clique aqui)<\/strong><\/a><\/p>\t\t\t\t\t\t\t\t<\/div>\n\t\t\t\t<\/div>\n\t\t\t\t<div class=\"elementor-element elementor-element-4a9cb9d5 elementor-widget elementor-widget-text-editor\" data-id=\"4a9cb9d5\" data-element_type=\"widget\" data-widget_type=\"text-editor.default\">\n\t\t\t\t<div class=\"elementor-widget-container\">\n\t\t\t\t\t\t\t\t\t<table width=\"299\">\n<tbody>\n<tr>\n<td width=\"299\"><strong><a href=\"..\/midias\/anexos\/366_edital_n_001_curso_de_formacao_de_oficiais.zip\">Edital n\u00b0 001 Curso de Forma\u00e7\u00e3o de Oficiais<\/a><\/strong><\/td>\n<\/tr>\n<tr>\n<td width=\"299\"><strong><a href=\"..\/midias\/anexos\/366_aviso_n_01_2010_fadesp.pdf\">Aviso N\u00ba 01 2010 FADESP<\/a><\/strong><\/td>\n<\/tr>\n<tr>\n<td width=\"299\"><strong><a href=\"..\/midias\/anexos\/366_provas_e_gabarito.zip\">Gabarito Preliminar e Prova\u00a0(Publicado em 18\/04\/2010 \u00e0s 15h)<\/a><\/strong><\/td>\n<\/tr>\n<tr>\n<td width=\"299\"><strong><a href=\"..\/midias\/anexos\/366_gabaritos_oficial_definitivo.pdf\">Gabaritos Oficial Definitivo<\/a><\/strong><\/td>\n<\/tr>\n<tr>\n<td width=\"299\"><strong><a href=\"..\/midias\/anexos\/366_edital_n_02_2010_cfo_pmpa.zip\">Edital n\u00b0 002 Curso de Forma\u00e7\u00e3o de Oficiais<\/a><\/strong><\/td>\n<\/tr>\n<tr>\n<td width=\"299\"><strong><a href=\"..\/midias\/anexos\/366_situacaogeral.zip\">Situa\u00e7\u00e3o Geral<\/a><\/strong><\/td>\n<\/tr>\n<tr>\n<td width=\"299\"><strong><a href=\"..\/midias\/anexos\/366_pontuacao_dos_classificados.zip\">Pontua\u00e7\u00e3o dos Classificados<\/a><\/strong><\/td>\n<\/tr>\n<tr>\n<td width=\"299\"><strong><a href=\"..\/midias\/anexos\/366_pontuacao_dos_nao_classificados.zip\">Pontua\u00e7\u00e3o dos N\u00e3o Classificados<\/a><\/strong><\/td>\n<\/tr>\n<tr>\n<td width=\"299\"><strong><a href=\"..\/midias\/anexos\/366_1edital_n_03_2010_cfo_pmpa.pdf\">Edital n\u00ba 003 locais de exames da 2\u00aa etapa<\/a><\/strong><\/td>\n<\/tr>\n<tr>\n<td width=\"299\"><strong><a href=\"..\/midias\/anexos\/366_edital_n_04_2010_cfo_pmpa.zip\">Edital n\u00b0 04 2010 CFO PMPA &#8211; Convoca\u00e7\u00e3o 3\u00aa Etapa<\/a><\/strong><\/td>\n<\/tr>\n<tr>\n<td width=\"299\"><strong><a href=\"..\/midias\/anexos\/366_avaliacao_fisica_resultado_-_cfo.pdf\">Avalia\u00e7\u00e3o F\u00edsica Resultado CFO<\/a><\/strong><\/td>\n<\/tr>\n<tr>\n<td width=\"299\"><strong><a href=\"..\/midias\/anexos\/366_avaliacao_fisica_resultado_-_cfo.pdf\">Avalia\u00e7\u00e3o F\u00edsica Resultado CFO<\/a><\/strong><\/td>\n<\/tr>\n<tr>\n<td width=\"299\"><strong><a href=\"..\/midias\/anexos\/366_edital_n_05_2010_cfo_pmpa_2.pdf\">Edital n\u00ba 05 2010 CFO PMPA<\/a><\/strong><\/td>\n<\/tr>\n<tr>\n<td width=\"299\"><strong><a href=\"..\/midias\/anexos\/366_edital_n_06_2010_cfo_pmpa_doe.pdf\">Edital n\u00ba06 2010 CFO PMPA<\/a><\/strong><\/td>\n<\/tr>\n<tr>\n<td width=\"299\"><strong><a href=\"..\/midias\/anexos\/366_edital_n_07_2010_cfo_pmpa_doe.pdf\">Edital n\u00ba07 2010 CFO PMPA<\/a><\/strong><\/td>\n<\/tr>\n<tr>\n<td width=\"299\"><strong><a href=\"..\/midias\/anexos\/366_avaliacao_psicologica_resultado_-_cfo.pdf\">Avalia\u00e7\u00e3o Psicol\u00f3gica Resultado CFO<\/a><\/strong><\/td>\n<\/tr>\n<tr>\n<td width=\"299\"><strong><a href=\"..\/midias\/anexos\/366_edital_n_08_2010_cfo_pmpa.pdf\">Edital n\u00ba 08 2010 CFO PMPA-\u00a0Resultado final e convoca\u00e7\u00e3o de classificados e n\u00e3o classificados<\/a><\/strong><\/td>\n<\/tr>\n<tr>\n<td width=\"299\"><strong><a href=\"..\/midias\/anexos\/366_edital_n_09_2010_cfo_pmpa.pdf\">Edital n\u00b0 09 2010 CFO PMPA\u00a0&#8211; RETIFICADO<\/a><\/strong><\/td>\n<\/tr>\n<tr>\n<td width=\"299\"><strong>Edital n\u00b0 10 2010 CFO PMPA\u00a0\u00a0&#8211; RETIFICADO<\/strong><\/td>\n<\/tr>\n<tr>\n<td width=\"299\"><strong><a href=\"..\/midias\/anexos\/366_portaria______n_17_2010_dp4_cfo_pmpa.zip\">Portaria n\u00ba 17 2010 DP4 CFO PMPA<\/a><\/strong><\/td>\n<\/tr>\n<tr>\n<td width=\"299\"><strong><a href=\"..\/midias\/anexos\/366_portaria_n_36_2010_dp4_pmpa.pdf\">Portaria n\u00ba 36 2010 DP4 PMPA<\/a><\/strong><\/td>\n<\/tr>\n<\/tbody>\n<\/table>\n<p style=\"text-align: center;\"><strong>\u00a0Informa\u00e7\u00f5es no setor de Concursos<\/strong><\/p>\n<p style=\"text-align: center;\"><strong>das 8h \u00e0s 17h<\/strong>\n<strong>(91) 4005-7446 \/ 7433 concursos@fadesp.org.br\u00a0<\/strong><\/p>\t\t\t\t\t\t\t\t<\/div>\n\t\t\t\t<\/div>\n\t\t\t\t\t<\/div>\n\t\t<\/div>\n\t\t\t\t\t<\/div>\n\t\t<\/section>\n\t\t\t\t\t<\/div>\n\t\t<\/div>\n\t\t\t\t\t<\/div>\n\t\t<\/section>\n\t\t\t\t<\/div>\n\t\t","protected":false},"excerpt":{"rendered":"<p>PM &#8211; Curso de Forma\u00e7\u00e3o de Oficiais (CFO) &#8211; 2010 O Estado do Par\u00e1, atrav\u00e9s da Pol\u00edcia Militar do Par\u00e1 (PMPA) torna p\u00fablico que estar\u00e3o abertas no per\u00edodo de 10 a 31\/03\/2010, as inscri\u00e7\u00f5es ao Concurso P\u00fablico para admiss\u00e3o ao Curso de Forma\u00e7\u00e3o de Oficiais PM\/2010 (CFO PM\/2010), a funcionar na Academia de Pol\u00edcia Militar [&hellip;]<\/p>\n","protected":false},"author":9,"featured_media":0,"parent":329,"menu_order":59,"comment_status":"closed","ping_status":"closed","template":"","meta":{"_monsterinsights_skip_tracking":false,"_monsterinsights_sitenote_active":false,"_monsterinsights_sitenote_note":"","_monsterinsights_sitenote_category":0,"footnotes":""},"class_list":["post-1395","page","type-page","status-publish","hentry","entry"],"yoast_head":"<!-- This site is optimized with the Yoast SEO plugin v25.1 - https:\/\/yoast.com\/wordpress\/plugins\/seo\/ -->\n<title>PM - Curso de Forma\u00e7\u00e3o de Oficiais (CFO) - 2010 - FADESP<\/title>\n<meta name=\"robots\" content=\"index, follow, max-snippet:-1, max-image-preview:large, max-video-preview:-1\" \/>\n<link rel=\"canonical\" href=\"https:\/\/portalfadesp.org.br\/?page_id=1395\" \/>\n<meta property=\"og:locale\" content=\"pt_BR\" \/>\n<meta property=\"og:type\" content=\"article\" \/>\n<meta property=\"og:title\" content=\"PM - Curso de Forma\u00e7\u00e3o de Oficiais (CFO) - 2010 - FADESP\" \/>\n<meta property=\"og:description\" content=\"PM &#8211; Curso de Forma\u00e7\u00e3o de Oficiais (CFO) &#8211; 2010 O Estado do Par\u00e1, atrav\u00e9s da Pol\u00edcia Militar do Par\u00e1 (PMPA) torna p\u00fablico que estar\u00e3o abertas no per\u00edodo de 10 a 31\/03\/2010, as inscri\u00e7\u00f5es ao Concurso P\u00fablico para admiss\u00e3o ao Curso de Forma\u00e7\u00e3o de Oficiais PM\/2010 (CFO PM\/2010), a funcionar na Academia de Pol\u00edcia Militar [&hellip;]\" \/>\n<meta property=\"og:url\" content=\"https:\/\/portalfadesp.org.br\/?page_id=1395\" \/>\n<meta property=\"og:site_name\" content=\"FADESP\" \/>\n<meta property=\"article:publisher\" content=\"https:\/\/www.facebook.com\/Fadesp-138351949524662\/\" \/>\n<meta property=\"article:modified_time\" content=\"2024-01-24T17:02:51+00:00\" \/>\n<meta name=\"twitter:card\" content=\"summary_large_image\" \/>\n<meta name=\"twitter:site\" content=\"@Fadesp\" \/>\n<meta name=\"twitter:label1\" content=\"Est. tempo de leitura\" \/>\n\t<meta name=\"twitter:data1\" content=\"2 minutos\" \/>\n<script type=\"application\/ld+json\" class=\"yoast-schema-graph\">{\"@context\":\"https:\/\/schema.org\",\"@graph\":[{\"@type\":\"WebPage\",\"@id\":\"https:\/\/portalfadesp.org.br\/?page_id=1395\",\"url\":\"https:\/\/portalfadesp.org.br\/?page_id=1395\",\"name\":\"PM - Curso de Forma\u00e7\u00e3o de Oficiais (CFO) - 2010 - FADESP\",\"isPartOf\":{\"@id\":\"https:\/\/portalfadesp.org.br\/#website\"},\"datePublished\":\"2010-05-22T06:28:28+00:00\",\"dateModified\":\"2024-01-24T17:02:51+00:00\",\"breadcrumb\":{\"@id\":\"https:\/\/portalfadesp.org.br\/?page_id=1395#breadcrumb\"},\"inLanguage\":\"pt-BR\",\"potentialAction\":[{\"@type\":\"ReadAction\",\"target\":[\"https:\/\/portalfadesp.org.br\/?page_id=1395\"]}]},{\"@type\":\"BreadcrumbList\",\"@id\":\"https:\/\/portalfadesp.org.br\/?page_id=1395#breadcrumb\",\"itemListElement\":[{\"@type\":\"ListItem\",\"position\":1,\"name\":\"In\u00edcio\",\"item\":\"https:\/\/portalfadesp.org.br\/\"},{\"@type\":\"ListItem\",\"position\":2,\"name\":\"Concursos &#8211; Homologados\",\"item\":\"https:\/\/portalfadesp.org.br\/?page_id=329\"},{\"@type\":\"ListItem\",\"position\":3,\"name\":\"PM &#8211; Curso de Forma\u00e7\u00e3o de Oficiais (CFO) &#8211; 2010\"}]},{\"@type\":\"WebSite\",\"@id\":\"https:\/\/portalfadesp.org.br\/#website\",\"url\":\"https:\/\/portalfadesp.org.br\/\",\"name\":\"FADESP\",\"description\":\"Funda\u00e7\u00e3o de Amparo e Desenvolvimento da Pesquisa\",\"publisher\":{\"@id\":\"https:\/\/portalfadesp.org.br\/#organization\"},\"potentialAction\":[{\"@type\":\"SearchAction\",\"target\":{\"@type\":\"EntryPoint\",\"urlTemplate\":\"https:\/\/portalfadesp.org.br\/?s={search_term_string}\"},\"query-input\":{\"@type\":\"PropertyValueSpecification\",\"valueRequired\":true,\"valueName\":\"search_term_string\"}}],\"inLanguage\":\"pt-BR\"},{\"@type\":\"Organization\",\"@id\":\"https:\/\/portalfadesp.org.br\/#organization\",\"name\":\"FADESP\",\"url\":\"https:\/\/portalfadesp.org.br\/\",\"logo\":{\"@type\":\"ImageObject\",\"inLanguage\":\"pt-BR\",\"@id\":\"https:\/\/portalfadesp.org.br\/#\/schema\/logo\/image\/\",\"url\":\"https:\/\/portalfadesp.org.br\/wp-content\/uploads\/2024\/01\/NOVOLOGOFADESPlaranjaH.png\",\"contentUrl\":\"https:\/\/portalfadesp.org.br\/wp-content\/uploads\/2024\/01\/NOVOLOGOFADESPlaranjaH.png\",\"width\":2742,\"height\":839,\"caption\":\"FADESP\"},\"image\":{\"@id\":\"https:\/\/portalfadesp.org.br\/#\/schema\/logo\/image\/\"},\"sameAs\":[\"https:\/\/www.facebook.com\/Fadesp-138351949524662\/\",\"https:\/\/x.com\/Fadesp\",\"https:\/\/www.instagram.com\/fadesp_ufpa\/\",\"https:\/\/www.youtube.com\/@fundacaodeamparoedesenvolv1903\",\"https:\/\/www.threads.net\/@fadesp_ufpa\"]}]}<\/script>\n<!-- \/ Yoast SEO plugin. -->","yoast_head_json":{"title":"PM - Curso de Forma\u00e7\u00e3o de Oficiais (CFO) - 2010 - FADESP","robots":{"index":"index","follow":"follow","max-snippet":"max-snippet:-1","max-image-preview":"max-image-preview:large","max-video-preview":"max-video-preview:-1"},"canonical":"https:\/\/portalfadesp.org.br\/?page_id=1395","og_locale":"pt_BR","og_type":"article","og_title":"PM - Curso de Forma\u00e7\u00e3o de Oficiais (CFO) - 2010 - FADESP","og_description":"PM &#8211; Curso de Forma\u00e7\u00e3o de Oficiais (CFO) &#8211; 2010 O Estado do Par\u00e1, atrav\u00e9s da Pol\u00edcia Militar do Par\u00e1 (PMPA) torna p\u00fablico que estar\u00e3o abertas no per\u00edodo de 10 a 31\/03\/2010, as inscri\u00e7\u00f5es ao Concurso P\u00fablico para admiss\u00e3o ao Curso de Forma\u00e7\u00e3o de Oficiais PM\/2010 (CFO PM\/2010), a funcionar na Academia de Pol\u00edcia Militar [&hellip;]","og_url":"https:\/\/portalfadesp.org.br\/?page_id=1395","og_site_name":"FADESP","article_publisher":"https:\/\/www.facebook.com\/Fadesp-138351949524662\/","article_modified_time":"2024-01-24T17:02:51+00:00","twitter_card":"summary_large_image","twitter_site":"@Fadesp","twitter_misc":{"Est. tempo de leitura":"2 minutos"},"schema":{"@context":"https:\/\/schema.org","@graph":[{"@type":"WebPage","@id":"https:\/\/portalfadesp.org.br\/?page_id=1395","url":"https:\/\/portalfadesp.org.br\/?page_id=1395","name":"PM - Curso de Forma\u00e7\u00e3o de Oficiais (CFO) - 2010 - FADESP","isPartOf":{"@id":"https:\/\/portalfadesp.org.br\/#website"},"datePublished":"2010-05-22T06:28:28+00:00","dateModified":"2024-01-24T17:02:51+00:00","breadcrumb":{"@id":"https:\/\/portalfadesp.org.br\/?page_id=1395#breadcrumb"},"inLanguage":"pt-BR","potentialAction":[{"@type":"ReadAction","target":["https:\/\/portalfadesp.org.br\/?page_id=1395"]}]},{"@type":"BreadcrumbList","@id":"https:\/\/portalfadesp.org.br\/?page_id=1395#breadcrumb","itemListElement":[{"@type":"ListItem","position":1,"name":"In\u00edcio","item":"https:\/\/portalfadesp.org.br\/"},{"@type":"ListItem","position":2,"name":"Concursos &#8211; Homologados","item":"https:\/\/portalfadesp.org.br\/?page_id=329"},{"@type":"ListItem","position":3,"name":"PM &#8211; Curso de Forma\u00e7\u00e3o de Oficiais (CFO) &#8211; 2010"}]},{"@type":"WebSite","@id":"https:\/\/portalfadesp.org.br\/#website","url":"https:\/\/portalfadesp.org.br\/","name":"FADESP","description":"Funda\u00e7\u00e3o de Amparo e Desenvolvimento da Pesquisa","publisher":{"@id":"https:\/\/portalfadesp.org.br\/#organization"},"potentialAction":[{"@type":"SearchAction","target":{"@type":"EntryPoint","urlTemplate":"https:\/\/portalfadesp.org.br\/?s={search_term_string}"},"query-input":{"@type":"PropertyValueSpecification","valueRequired":true,"valueName":"search_term_string"}}],"inLanguage":"pt-BR"},{"@type":"Organization","@id":"https:\/\/portalfadesp.org.br\/#organization","name":"FADESP","url":"https:\/\/portalfadesp.org.br\/","logo":{"@type":"ImageObject","inLanguage":"pt-BR","@id":"https:\/\/portalfadesp.org.br\/#\/schema\/logo\/image\/","url":"https:\/\/portalfadesp.org.br\/wp-content\/uploads\/2024\/01\/NOVOLOGOFADESPlaranjaH.png","contentUrl":"https:\/\/portalfadesp.org.br\/wp-content\/uploads\/2024\/01\/NOVOLOGOFADESPlaranjaH.png","width":2742,"height":839,"caption":"FADESP"},"image":{"@id":"https:\/\/portalfadesp.org.br\/#\/schema\/logo\/image\/"},"sameAs":["https:\/\/www.facebook.com\/Fadesp-138351949524662\/","https:\/\/x.com\/Fadesp","https:\/\/www.instagram.com\/fadesp_ufpa\/","https:\/\/www.youtube.com\/@fundacaodeamparoedesenvolv1903","https:\/\/www.threads.net\/@fadesp_ufpa"]}]}},"_links":{"self":[{"href":"https:\/\/portalfadesp.org.br\/index.php?rest_route=\/wp\/v2\/pages\/1395","targetHints":{"allow":["GET"]}}],"collection":[{"href":"https:\/\/portalfadesp.org.br\/index.php?rest_route=\/wp\/v2\/pages"}],"about":[{"href":"https:\/\/portalfadesp.org.br\/index.php?rest_route=\/wp\/v2\/types\/page"}],"author":[{"embeddable":true,"href":"https:\/\/portalfadesp.org.br\/index.php?rest_route=\/wp\/v2\/users\/9"}],"replies":[{"embeddable":true,"href":"https:\/\/portalfadesp.org.br\/index.php?rest_route=%2Fwp%2Fv2%2Fcomments&post=1395"}],"version-history":[{"count":29,"href":"https:\/\/portalfadesp.org.br\/index.php?rest_route=\/wp\/v2\/pages\/1395\/revisions"}],"predecessor-version":[{"id":45123,"href":"https:\/\/portalfadesp.org.br\/index.php?rest_route=\/wp\/v2\/pages\/1395\/revisions\/45123"}],"up":[{"embeddable":true,"href":"https:\/\/portalfadesp.org.br\/index.php?rest_route=\/wp\/v2\/pages\/329"}],"wp:attachment":[{"href":"https:\/\/portalfadesp.org.br\/index.php?rest_route=%2Fwp%2Fv2%2Fmedia&parent=1395"}],"curies":[{"name":"wp","href":"https:\/\/api.w.org\/{rel}","templated":true}]}}