{"id":1373,"date":"2010-05-22T01:36:42","date_gmt":"2010-05-22T04:36:42","guid":{"rendered":"https:\/\/162.215.13.167?page_id=1373"},"modified":"2022-12-20T13:01:48","modified_gmt":"2022-12-20T16:01:48","slug":"prefeitura-municipal-de-oriximina-2010","status":"publish","type":"page","link":"https:\/\/portalfadesp.org.br\/?page_id=1373","title":{"rendered":"Prefeitura Municipal de Oriximin\u00e1 &#8211; 2010"},"content":{"rendered":"\t\t<div data-elementor-type=\"wp-post\" data-elementor-id=\"1373\" class=\"elementor elementor-1373\" data-elementor-post-type=\"page\">\n\t\t\t\t\t\t<section class=\"elementor-section elementor-top-section elementor-element elementor-element-7ae41c04 elementor-section-full_width elementor-section-height-default elementor-section-height-default\" data-id=\"7ae41c04\" data-element_type=\"section\">\n\t\t\t\t\t\t<div class=\"elementor-container elementor-column-gap-default\">\n\t\t\t\t\t<div class=\"elementor-column elementor-col-100 elementor-top-column elementor-element elementor-element-2057005b\" data-id=\"2057005b\" data-element_type=\"column\">\n\t\t\t<div class=\"elementor-widget-wrap elementor-element-populated\">\n\t\t\t\t\t\t<div class=\"elementor-element elementor-element-23bc75a4 elementor-widget elementor-widget-heading\" data-id=\"23bc75a4\" data-element_type=\"widget\" data-widget_type=\"heading.default\">\n\t\t\t\t<div class=\"elementor-widget-container\">\n\t\t\t\t\t<h1 class=\"elementor-heading-title elementor-size-default\">Prefeitura Municipal de Oriximin\u00e1 - 2010<\/h1>\t\t\t\t<\/div>\n\t\t\t\t<\/div>\n\t\t\t\t<section class=\"elementor-section elementor-inner-section elementor-element elementor-element-5e4dd552 elementor-section-boxed elementor-section-height-default elementor-section-height-default\" data-id=\"5e4dd552\" data-element_type=\"section\">\n\t\t\t\t\t\t<div class=\"elementor-container elementor-column-gap-default\">\n\t\t\t\t\t<div class=\"elementor-column elementor-col-50 elementor-inner-column elementor-element elementor-element-308617d2\" data-id=\"308617d2\" data-element_type=\"column\">\n\t\t\t<div class=\"elementor-widget-wrap elementor-element-populated\">\n\t\t\t\t\t\t<div class=\"elementor-element elementor-element-6b28ed29 elementor-widget elementor-widget-text-editor\" data-id=\"6b28ed29\" data-element_type=\"widget\" data-widget_type=\"text-editor.default\">\n\t\t\t\t<div class=\"elementor-widget-container\">\n\t\t\t\t\t\t\t\t\t<p>A Prefeitura Municipal de Oriximin\u00e1, no uso de suas atribui\u00e7\u00f5es, torna p\u00fablica a realiza\u00e7\u00e3o de Concurso P\u00fablico destinado ao provimento de cargos para o preenchimento de vagas na Zona Urbana e Zona Rural para o quadro de pessoal efetivo de n\u00edvel superior, n\u00edvel m\u00e9dio, n\u00edvel fundamental completo e n\u00edvel fundamental incompleto, mediante as condi\u00e7\u00f5es estabelecidas neste Edital..<\/p><p><strong>Vagas &#8211;\u00a0<\/strong>386<\/p><p><strong>Cargos &#8211;\u00a0<\/strong>N\u00edvel Fundamental incompleto: Copeiro<strong>.<br \/><\/strong><\/p><p>N\u00edvel Fundamental completo:\u00a0 Agente de Endemias e Agente Comunit\u00e1rio de Sa\u00fade.<strong><br \/><\/strong><\/p><p>N\u00edvel M\u00e9dio: Professor (Magist\u00e9rio), T\u00e9cnico de Enfermagem, T\u00e9cnico em Laborat\u00f3rio, T\u00e9cnico de Nutri\u00e7\u00e3o, Operador de Raio X, Fiscal de Obras e Monitor de Arte<strong>.<br \/><\/strong><\/p><p>N\u00edvel Superior: Professor de L\u00edngua Portuguesa, Professor de L\u00edngua Inglesa, Professor de Hist\u00f3ria, Professor de Geografia, Professor de Matem\u00e1tica, Professor de Educa\u00e7\u00e3o Infantil\/anos iniciais, Psic\u00f3logo, Assistente Social, Nutricionista, Fisioterapeuta, Enfermeiro, M\u00e9dico Cardiologista e M\u00e9dico Ortopedista.<strong><br \/><\/strong><\/p><p><strong>Remunera\u00e7\u00e3o &#8211;\u00a0<\/strong>R$ 510,00 ) a R$. 5.721,00.<\/p><p><strong>Inscri\u00e7\u00f5es &#8211;\u00a0<\/strong>09 a 20\/08\/10<\/p><p><strong>Taxa &#8211;\u00a0<\/strong>R$ R$ 50,00 (n\u00edvel fundamental incompleto), R$ 50,00 (n\u00edvel fundamental completo), R$ 50,00 (n\u00edvel m\u00e9dio) e R$ 50,00 (n\u00edvel superior).<\/p><p><strong>Datas importantes<\/strong>:<\/p><p>Per\u00edodo de Inscri\u00e7\u00e3o &#8211; 09 a 20\/08\/10<\/p><p>Cart\u00e3o de Inscri\u00e7\u00e3o &#8211; 06 a 10\/09\/10<\/p><p>Cart\u00e3o de Inscri\u00e7\u00e3o\u00a0 corrigido &#8211; 24 e 25\/09\/10<\/p><p>Data da Prova Objetiva &#8211; 26\/09\/10<\/p>\t\t\t\t\t\t\t\t<\/div>\n\t\t\t\t<\/div>\n\t\t\t\t\t<\/div>\n\t\t<\/div>\n\t\t\t\t<div class=\"elementor-column elementor-col-50 elementor-inner-column elementor-element elementor-element-2adfb904\" data-id=\"2adfb904\" data-element_type=\"column\">\n\t\t\t<div class=\"elementor-widget-wrap elementor-element-populated\">\n\t\t\t\t\t\t<div class=\"elementor-element elementor-element-48ed39bb elementor-widget elementor-widget-text-editor\" data-id=\"48ed39bb\" data-element_type=\"widget\" data-widget_type=\"text-editor.default\">\n\t\t\t\t<div class=\"elementor-widget-container\">\n\t\t\t\t\t\t\t\t\t<p style=\"text-align: center;\"><span style=\"color: #ffffff;\"><strong>Editais e Avisos<\/strong><\/span><\/p>\t\t\t\t\t\t\t\t<\/div>\n\t\t\t\t<\/div>\n\t\t\t\t<div class=\"elementor-element elementor-element-57910355 elementor-widget elementor-widget-text-editor\" data-id=\"57910355\" data-element_type=\"widget\" data-widget_type=\"text-editor.default\">\n\t\t\t\t<div class=\"elementor-widget-container\">\n\t\t\t\t\t\t\t\t\t<table width=\"80\">\n<tbody>\n<tr>\n<td width=\"80\"><strong><a href=\"..\/midias\/anexos\/385_homologacao_dos_cargos_com_duas_etapas.pdf\">Homologa\u00e7\u00e3o dos Cargos com duas Etapas<\/a><\/strong><\/td>\n<\/tr>\n<tr>\n<td width=\"80\"><strong><a href=\"..\/midias\/anexos\/385_aviso_de_homologacao_dos_cargos_com_duas_etapas.pdf\">Aviso de Homologa\u00e7\u00e3o dos Cargos com duas Etapas<\/a><\/strong><\/td>\n<\/tr>\n<tr>\n<td width=\"80\"><strong><span style=\"color: #000000;\">Resultado Final dos Cargos 2\u00aa Etapa<\/span><\/strong><\/td>\n<\/tr>\n<tr>\n<td width=\"80\"><strong><a href=\"..\/midias\/anexos\/385_3notas_da_prova_objetiva_da_2a_etapa_apos_fase_de_recursos.pdf\">Notas da Prova Objetiva da 2\u00aa Etapa<\/a><\/strong><\/td>\n<\/tr>\n<tr>\n<td width=\"80\"><strong><a href=\"..\/midias\/anexos\/385_3faltosos_na_prova_da_2a_etapa.pdf\">Faltosos na Prova da 2\u00aa Etapa<\/a><\/strong><\/td>\n<\/tr>\n<tr>\n<td width=\"80\"><strong><a href=\"..\/midias\/anexos\/385_2gabaritos_oficial_definitivo_-_2_etapa_da_pmo_retificado.pdf\">Gabaritos Oficial Definitivo da Prova Objetiva da 2\u00aa Etapa<\/a><\/strong><\/td>\n<\/tr>\n<tr>\n<td width=\"80\"><strong><a href=\"..\/midias\/anexos\/385_1notas_da_prova_de_titulos.pdf\">Notas da Prova de T\u00edtulos<\/a><\/strong><\/td>\n<\/tr>\n<tr>\n<td width=\"80\"><strong><a href=\"..\/midias\/anexos\/385_gabaritos_oficial_preliminar__2a_etapa_oriximina.pdf\">Gabaritos Oficial Preliminar 2\u00aa Etapa<\/a><\/strong><\/td>\n<\/tr>\n<tr>\n<td width=\"80\"><strong><a href=\"..\/midias\/anexos\/385_homologacao_dos_cargos_com_uma_etapa_2.pdf\">Homologa\u00e7\u00e3o dos Cargos com uma Etapa<\/a><\/strong><\/td>\n<\/tr>\n<tr>\n<td width=\"80\"><strong><a href=\"..\/midias\/anexos\/385_3edital_de_convocacao_de_agente_comunitario_.pdf\">Edital de Convoca\u00e7\u00e3o de Agente Comunit\u00e1rio de Sa\u00fade e Agente de Combate \u00e0s Endemias<\/a><\/strong><\/td>\n<\/tr>\n<tr>\n<td width=\"80\"><strong><a href=\"..\/midias\/anexos\/385_2formulario_de_entrega_de_titulos.pdf\">Formul\u00e1rio de Entrega de T\u00edtulos<\/a><\/strong><\/td>\n<\/tr>\n<tr>\n<td width=\"80\"><strong><a href=\"..\/midias\/anexos\/385_1edital_de_convocacao_da_prova_de_titulos.pdf\">Edital de Convoca\u00e7\u00e3o da Prova de T\u00edtulos<\/a><\/strong><\/td>\n<\/tr>\n<tr>\n<td width=\"80\"><strong><a href=\"..\/midias\/anexos\/385_aviso_do_resultado_prazo_de_recursos_ate_13_10_2.pdf\">Aviso do Resultado com Prazo de Recursos at\u00e9 13\/10\/2010<\/a><\/strong><\/td>\n<\/tr>\n<tr>\n<td width=\"80\"><strong><a href=\"..\/midias\/anexos\/385_aviso_das_convocacoes_para_a_2a_etapa.pdf\">Aviso das Convoca\u00e7\u00f5es para a 2\u00aa Etapa<\/a><\/strong><\/td>\n<\/tr>\n<tr>\n<td width=\"80\"><strong><a href=\"..\/midias\/anexos\/385_situacao_geral_de_todos_os_candidatos_do_concurso.pdf\">Situa\u00e7\u00e3o Geral de Todos os Candidatos do Concurso<\/a><\/strong><\/td>\n<\/tr>\n<tr>\n<td width=\"80\"><strong><a href=\"..\/midias\/anexos\/385_aprovados_nos_cargos_com_2a_etapa.pdf\">Aprovados nos Cargos com 2a Etapa<\/a><\/strong><\/td>\n<\/tr>\n<tr>\n<td width=\"80\"><strong><a href=\"..\/midias\/anexos\/385_classificados_as_vagas_nos_cargos_sem_2a_etapa.pdf\">Classificados \u00e0s Vagas nos Cargos sem 2a Etapa<\/a><\/strong><\/td>\n<\/tr>\n<tr>\n<td width=\"80\"><strong><a href=\"..\/midias\/anexos\/385_classificados_as_vagas_de_pcd_nos_cargos_sem_2a_etapa.pdf\">Classificados \u00e0s Vagas de PcD nos Cargos sem 2a Etapa<\/a><\/strong><\/td>\n<\/tr>\n<tr>\n<td width=\"80\"><strong><a href=\"..\/midias\/anexos\/385_classificacao_com_criterios_de_desempate_nos_cargos_sem_2a_etapa.pdf\">Classifica\u00e7\u00e3o com Crit\u00e9rios de Desempate nos Cargos sem 2a Etapa<\/a><\/strong><\/td>\n<\/tr>\n<tr>\n<td width=\"80\"><strong><a href=\"..\/midias\/anexos\/385_gabaritos_oficial_definitivo.pdf\">Gabaritos Oficial Definitivo<\/a><\/strong><\/td>\n<\/tr>\n<tr>\n<td width=\"80\"><strong><a href=\"..\/midias\/anexos\/385_gabaritos_oficial_preliminar.pdf\">Gabaritos Oficial Preliminar<\/a><\/strong><\/td>\n<\/tr>\n<tr>\n<td width=\"80\"><strong><a href=\"..\/midias\/anexos\/385_lei_n_6.116_de_20_de_dezembro_de_1999.zip\">Lei n\u00b0 6.116 de 20 de Dezembro de 1999<\/a><\/strong><\/td>\n<\/tr>\n<tr>\n<td width=\"80\"><strong><a href=\"..\/midias\/anexos\/385_tabela_de_cargos.pdf\">Tabela de Cargos<\/a><\/strong><\/td>\n<\/tr>\n<tr>\n<td width=\"80\"><strong><a href=\"..\/midias\/anexos\/385_edital_n_01_2010_pmo.pdf\">Edital n\u00ba 01 2010 PMO<\/a><\/strong><\/td>\n<\/tr>\n<tr>\n<td width=\"80\"><strong><a href=\"..\/midias\/anexos\/385_aviso_de_edital.pdf\">Aviso de Edital<\/a><\/strong><\/td>\n<\/tr>\n<\/tbody>\n<\/table>\t\t\t\t\t\t\t\t<\/div>\n\t\t\t\t<\/div>\n\t\t\t\t\t<\/div>\n\t\t<\/div>\n\t\t\t\t\t<\/div>\n\t\t<\/section>\n\t\t\t\t\t<\/div>\n\t\t<\/div>\n\t\t\t\t\t<\/div>\n\t\t<\/section>\n\t\t\t\t<\/div>\n\t\t","protected":false},"excerpt":{"rendered":"<p>Prefeitura Municipal de Oriximin\u00e1 &#8211; 2010 A Prefeitura Municipal de Oriximin\u00e1, no uso de suas atribui\u00e7\u00f5es, torna p\u00fablica a realiza\u00e7\u00e3o de Concurso P\u00fablico destinado ao provimento de cargos para o preenchimento de vagas na Zona Urbana e Zona Rural para o quadro de pessoal efetivo de n\u00edvel superior, n\u00edvel m\u00e9dio, n\u00edvel fundamental completo e n\u00edvel [&hellip;]<\/p>\n","protected":false},"author":9,"featured_media":0,"parent":329,"menu_order":59,"comment_status":"closed","ping_status":"closed","template":"","meta":{"_monsterinsights_skip_tracking":false,"_monsterinsights_sitenote_active":false,"_monsterinsights_sitenote_note":"","_monsterinsights_sitenote_category":0,"footnotes":""},"class_list":["post-1373","page","type-page","status-publish","hentry","entry"],"yoast_head":"<!-- This site is optimized with the Yoast SEO plugin v25.1 - https:\/\/yoast.com\/wordpress\/plugins\/seo\/ -->\n<title>Prefeitura Municipal de Oriximin\u00e1 - 2010 - FADESP<\/title>\n<meta name=\"robots\" content=\"index, follow, max-snippet:-1, max-image-preview:large, max-video-preview:-1\" \/>\n<link rel=\"canonical\" href=\"https:\/\/portalfadesp.org.br\/?page_id=1373\" \/>\n<meta property=\"og:locale\" content=\"pt_BR\" \/>\n<meta property=\"og:type\" content=\"article\" \/>\n<meta property=\"og:title\" content=\"Prefeitura Municipal de Oriximin\u00e1 - 2010 - FADESP\" \/>\n<meta property=\"og:description\" content=\"Prefeitura Municipal de Oriximin\u00e1 &#8211; 2010 A Prefeitura Municipal de Oriximin\u00e1, no uso de suas atribui\u00e7\u00f5es, torna p\u00fablica a realiza\u00e7\u00e3o de Concurso P\u00fablico destinado ao provimento de cargos para o preenchimento de vagas na Zona Urbana e Zona Rural para o quadro de pessoal efetivo de n\u00edvel superior, n\u00edvel m\u00e9dio, n\u00edvel fundamental completo e n\u00edvel [&hellip;]\" \/>\n<meta property=\"og:url\" content=\"https:\/\/portalfadesp.org.br\/?page_id=1373\" \/>\n<meta property=\"og:site_name\" content=\"FADESP\" \/>\n<meta property=\"article:publisher\" content=\"https:\/\/www.facebook.com\/Fadesp-138351949524662\/\" \/>\n<meta property=\"article:modified_time\" content=\"2022-12-20T16:01:48+00:00\" \/>\n<meta name=\"twitter:card\" content=\"summary_large_image\" \/>\n<meta name=\"twitter:site\" content=\"@Fadesp\" \/>\n<meta name=\"twitter:label1\" content=\"Est. tempo de leitura\" \/>\n\t<meta name=\"twitter:data1\" content=\"2 minutos\" \/>\n<script type=\"application\/ld+json\" class=\"yoast-schema-graph\">{\"@context\":\"https:\/\/schema.org\",\"@graph\":[{\"@type\":\"WebPage\",\"@id\":\"https:\/\/portalfadesp.org.br\/?page_id=1373\",\"url\":\"https:\/\/portalfadesp.org.br\/?page_id=1373\",\"name\":\"Prefeitura Municipal de Oriximin\u00e1 - 2010 - FADESP\",\"isPartOf\":{\"@id\":\"https:\/\/portalfadesp.org.br\/#website\"},\"datePublished\":\"2010-05-22T04:36:42+00:00\",\"dateModified\":\"2022-12-20T16:01:48+00:00\",\"breadcrumb\":{\"@id\":\"https:\/\/portalfadesp.org.br\/?page_id=1373#breadcrumb\"},\"inLanguage\":\"pt-BR\",\"potentialAction\":[{\"@type\":\"ReadAction\",\"target\":[\"https:\/\/portalfadesp.org.br\/?page_id=1373\"]}]},{\"@type\":\"BreadcrumbList\",\"@id\":\"https:\/\/portalfadesp.org.br\/?page_id=1373#breadcrumb\",\"itemListElement\":[{\"@type\":\"ListItem\",\"position\":1,\"name\":\"In\u00edcio\",\"item\":\"https:\/\/portalfadesp.org.br\/\"},{\"@type\":\"ListItem\",\"position\":2,\"name\":\"Concursos &#8211; Homologados\",\"item\":\"https:\/\/portalfadesp.org.br\/?page_id=329\"},{\"@type\":\"ListItem\",\"position\":3,\"name\":\"Prefeitura Municipal de Oriximin\u00e1 &#8211; 2010\"}]},{\"@type\":\"WebSite\",\"@id\":\"https:\/\/portalfadesp.org.br\/#website\",\"url\":\"https:\/\/portalfadesp.org.br\/\",\"name\":\"FADESP\",\"description\":\"Funda\u00e7\u00e3o de Amparo e Desenvolvimento da Pesquisa\",\"publisher\":{\"@id\":\"https:\/\/portalfadesp.org.br\/#organization\"},\"potentialAction\":[{\"@type\":\"SearchAction\",\"target\":{\"@type\":\"EntryPoint\",\"urlTemplate\":\"https:\/\/portalfadesp.org.br\/?s={search_term_string}\"},\"query-input\":{\"@type\":\"PropertyValueSpecification\",\"valueRequired\":true,\"valueName\":\"search_term_string\"}}],\"inLanguage\":\"pt-BR\"},{\"@type\":\"Organization\",\"@id\":\"https:\/\/portalfadesp.org.br\/#organization\",\"name\":\"FADESP\",\"url\":\"https:\/\/portalfadesp.org.br\/\",\"logo\":{\"@type\":\"ImageObject\",\"inLanguage\":\"pt-BR\",\"@id\":\"https:\/\/portalfadesp.org.br\/#\/schema\/logo\/image\/\",\"url\":\"https:\/\/portalfadesp.org.br\/wp-content\/uploads\/2024\/01\/NOVOLOGOFADESPlaranjaH.png\",\"contentUrl\":\"https:\/\/portalfadesp.org.br\/wp-content\/uploads\/2024\/01\/NOVOLOGOFADESPlaranjaH.png\",\"width\":2742,\"height\":839,\"caption\":\"FADESP\"},\"image\":{\"@id\":\"https:\/\/portalfadesp.org.br\/#\/schema\/logo\/image\/\"},\"sameAs\":[\"https:\/\/www.facebook.com\/Fadesp-138351949524662\/\",\"https:\/\/x.com\/Fadesp\",\"https:\/\/www.instagram.com\/fadesp_ufpa\/\",\"https:\/\/www.youtube.com\/@fundacaodeamparoedesenvolv1903\",\"https:\/\/www.threads.net\/@fadesp_ufpa\"]}]}<\/script>\n<!-- \/ Yoast SEO plugin. -->","yoast_head_json":{"title":"Prefeitura Municipal de Oriximin\u00e1 - 2010 - FADESP","robots":{"index":"index","follow":"follow","max-snippet":"max-snippet:-1","max-image-preview":"max-image-preview:large","max-video-preview":"max-video-preview:-1"},"canonical":"https:\/\/portalfadesp.org.br\/?page_id=1373","og_locale":"pt_BR","og_type":"article","og_title":"Prefeitura Municipal de Oriximin\u00e1 - 2010 - FADESP","og_description":"Prefeitura Municipal de Oriximin\u00e1 &#8211; 2010 A Prefeitura Municipal de Oriximin\u00e1, no uso de suas atribui\u00e7\u00f5es, torna p\u00fablica a realiza\u00e7\u00e3o de Concurso P\u00fablico destinado ao provimento de cargos para o preenchimento de vagas na Zona Urbana e Zona Rural para o quadro de pessoal efetivo de n\u00edvel superior, n\u00edvel m\u00e9dio, n\u00edvel fundamental completo e n\u00edvel [&hellip;]","og_url":"https:\/\/portalfadesp.org.br\/?page_id=1373","og_site_name":"FADESP","article_publisher":"https:\/\/www.facebook.com\/Fadesp-138351949524662\/","article_modified_time":"2022-12-20T16:01:48+00:00","twitter_card":"summary_large_image","twitter_site":"@Fadesp","twitter_misc":{"Est. tempo de leitura":"2 minutos"},"schema":{"@context":"https:\/\/schema.org","@graph":[{"@type":"WebPage","@id":"https:\/\/portalfadesp.org.br\/?page_id=1373","url":"https:\/\/portalfadesp.org.br\/?page_id=1373","name":"Prefeitura Municipal de Oriximin\u00e1 - 2010 - FADESP","isPartOf":{"@id":"https:\/\/portalfadesp.org.br\/#website"},"datePublished":"2010-05-22T04:36:42+00:00","dateModified":"2022-12-20T16:01:48+00:00","breadcrumb":{"@id":"https:\/\/portalfadesp.org.br\/?page_id=1373#breadcrumb"},"inLanguage":"pt-BR","potentialAction":[{"@type":"ReadAction","target":["https:\/\/portalfadesp.org.br\/?page_id=1373"]}]},{"@type":"BreadcrumbList","@id":"https:\/\/portalfadesp.org.br\/?page_id=1373#breadcrumb","itemListElement":[{"@type":"ListItem","position":1,"name":"In\u00edcio","item":"https:\/\/portalfadesp.org.br\/"},{"@type":"ListItem","position":2,"name":"Concursos &#8211; Homologados","item":"https:\/\/portalfadesp.org.br\/?page_id=329"},{"@type":"ListItem","position":3,"name":"Prefeitura Municipal de Oriximin\u00e1 &#8211; 2010"}]},{"@type":"WebSite","@id":"https:\/\/portalfadesp.org.br\/#website","url":"https:\/\/portalfadesp.org.br\/","name":"FADESP","description":"Funda\u00e7\u00e3o de Amparo e Desenvolvimento da Pesquisa","publisher":{"@id":"https:\/\/portalfadesp.org.br\/#organization"},"potentialAction":[{"@type":"SearchAction","target":{"@type":"EntryPoint","urlTemplate":"https:\/\/portalfadesp.org.br\/?s={search_term_string}"},"query-input":{"@type":"PropertyValueSpecification","valueRequired":true,"valueName":"search_term_string"}}],"inLanguage":"pt-BR"},{"@type":"Organization","@id":"https:\/\/portalfadesp.org.br\/#organization","name":"FADESP","url":"https:\/\/portalfadesp.org.br\/","logo":{"@type":"ImageObject","inLanguage":"pt-BR","@id":"https:\/\/portalfadesp.org.br\/#\/schema\/logo\/image\/","url":"https:\/\/portalfadesp.org.br\/wp-content\/uploads\/2024\/01\/NOVOLOGOFADESPlaranjaH.png","contentUrl":"https:\/\/portalfadesp.org.br\/wp-content\/uploads\/2024\/01\/NOVOLOGOFADESPlaranjaH.png","width":2742,"height":839,"caption":"FADESP"},"image":{"@id":"https:\/\/portalfadesp.org.br\/#\/schema\/logo\/image\/"},"sameAs":["https:\/\/www.facebook.com\/Fadesp-138351949524662\/","https:\/\/x.com\/Fadesp","https:\/\/www.instagram.com\/fadesp_ufpa\/","https:\/\/www.youtube.com\/@fundacaodeamparoedesenvolv1903","https:\/\/www.threads.net\/@fadesp_ufpa"]}]}},"_links":{"self":[{"href":"https:\/\/portalfadesp.org.br\/index.php?rest_route=\/wp\/v2\/pages\/1373","targetHints":{"allow":["GET"]}}],"collection":[{"href":"https:\/\/portalfadesp.org.br\/index.php?rest_route=\/wp\/v2\/pages"}],"about":[{"href":"https:\/\/portalfadesp.org.br\/index.php?rest_route=\/wp\/v2\/types\/page"}],"author":[{"embeddable":true,"href":"https:\/\/portalfadesp.org.br\/index.php?rest_route=\/wp\/v2\/users\/9"}],"replies":[{"embeddable":true,"href":"https:\/\/portalfadesp.org.br\/index.php?rest_route=%2Fwp%2Fv2%2Fcomments&post=1373"}],"version-history":[{"count":22,"href":"https:\/\/portalfadesp.org.br\/index.php?rest_route=\/wp\/v2\/pages\/1373\/revisions"}],"predecessor-version":[{"id":36820,"href":"https:\/\/portalfadesp.org.br\/index.php?rest_route=\/wp\/v2\/pages\/1373\/revisions\/36820"}],"up":[{"embeddable":true,"href":"https:\/\/portalfadesp.org.br\/index.php?rest_route=\/wp\/v2\/pages\/329"}],"wp:attachment":[{"href":"https:\/\/portalfadesp.org.br\/index.php?rest_route=%2Fwp%2Fv2%2Fmedia&parent=1373"}],"curies":[{"name":"wp","href":"https:\/\/api.w.org\/{rel}","templated":true}]}}