{"id":1372,"date":"2009-05-22T01:36:37","date_gmt":"2009-05-22T04:36:37","guid":{"rendered":"https:\/\/162.215.13.167?page_id=1372"},"modified":"2022-12-20T13:02:04","modified_gmt":"2022-12-20T16:02:04","slug":"prefeitura-de-almeirim-2009","status":"publish","type":"page","link":"https:\/\/portalfadesp.org.br\/?page_id=1372","title":{"rendered":"Prefeitura Municipal de Almeirim &#8211; 2009"},"content":{"rendered":"\t\t<div data-elementor-type=\"wp-post\" data-elementor-id=\"1372\" class=\"elementor elementor-1372\" data-elementor-post-type=\"page\">\n\t\t\t\t\t\t<section class=\"elementor-section elementor-top-section elementor-element elementor-element-a30a354 elementor-section-full_width elementor-section-height-default elementor-section-height-default\" data-id=\"a30a354\" data-element_type=\"section\">\n\t\t\t\t\t\t<div class=\"elementor-container elementor-column-gap-default\">\n\t\t\t\t\t<div class=\"elementor-column elementor-col-100 elementor-top-column elementor-element elementor-element-6c9d5c99\" data-id=\"6c9d5c99\" data-element_type=\"column\">\n\t\t\t<div class=\"elementor-widget-wrap elementor-element-populated\">\n\t\t\t\t\t\t<div class=\"elementor-element elementor-element-37dce81c elementor-widget elementor-widget-heading\" data-id=\"37dce81c\" data-element_type=\"widget\" data-widget_type=\"heading.default\">\n\t\t\t\t<div class=\"elementor-widget-container\">\n\t\t\t\t\t<h1 class=\"elementor-heading-title elementor-size-default\">Prefeitura de Almeirim - 2009<\/h1>\t\t\t\t<\/div>\n\t\t\t\t<\/div>\n\t\t\t\t<section class=\"elementor-section elementor-inner-section elementor-element elementor-element-6e01d5b3 elementor-section-boxed elementor-section-height-default elementor-section-height-default\" data-id=\"6e01d5b3\" data-element_type=\"section\">\n\t\t\t\t\t\t<div class=\"elementor-container elementor-column-gap-default\">\n\t\t\t\t\t<div class=\"elementor-column elementor-col-50 elementor-inner-column elementor-element elementor-element-7da4c8b6\" data-id=\"7da4c8b6\" data-element_type=\"column\">\n\t\t\t<div class=\"elementor-widget-wrap elementor-element-populated\">\n\t\t\t\t\t\t<div class=\"elementor-element elementor-element-209d477f elementor-widget elementor-widget-text-editor\" data-id=\"209d477f\" data-element_type=\"widget\" data-widget_type=\"text-editor.default\">\n\t\t\t\t<div class=\"elementor-widget-container\">\n\t\t\t\t\t\t\t\t\t<p>A Prefeitura Municipal de Almeirim, no uso de suas atribui\u00e7\u00f5es,\u00a0 torna\u00a0 p\u00fablica\u00a0 a\u00a0 realiza\u00e7\u00e3o\u00a0 de\u00a0 Concurso\u00a0 P\u00fablico destinado ao preenchimento de vagas na Zona Urbana e Zona Rural para o\u00a0 preenchimento de 716 vagas do quadro de pessoal efetivo de n\u00edvel superior, n\u00edvel m\u00e9dio, n\u00edvel fundamental completo e fundamental incompleto (4\u00aa s\u00e9rie), mediante as condi\u00e7\u00f5es estabelecidas no Edital de Abertura do concurso.<\/p><p><strong>Vagas &#8211;\u00a0<\/strong>716<\/p><p><strong>Cargos &#8211;\u00a0<\/strong>Ensino fundamental incompleto<strong>:<\/strong>\u00a0Auxiliar Operacional (Servente, Cozinheira, Merendeira, Porteiro, Gari, Servi\u00e7os Gerais, Jardineiro, Zelador, Magarefe, Carpinteiro, Pedreiro, Eletricista e Motorista).<\/p><p>Ensino fundamental completo: Auxiliar Administrativo, Guarda Municipal, Agente de Endemias e Agente de Vigil\u00e2ncia Sanit\u00e1ria,<\/p><p>Ensino m\u00e9dio: Agente Administrativo, Educador Social, T\u00e9cnico em Administra\u00e7\u00e3o<strong>,\u00a0<\/strong>T\u00e9cnico em Seguran\u00e7a do Trabalho, T\u00e9cnico em Inform\u00e1tica, T\u00e9cnico Ambiental, T\u00e9cnico em Enfermagem, T\u00e9cnico em Laborat\u00f3rio, T\u00e9cnico em Raio X, T\u00e9cnico em Higiene Bucal, T\u00e9cnico em Agropecu\u00e1ria e T\u00e9cnico Agr\u00edcola.<\/p><p>N\u00edvel Superior: Administrador, Analista de Sistema, Assistente Social e Bibliotec\u00e1rio, Economista, Engenheiro Agr\u00f4nomo, Engenheiro Ambiental, Engenheiro Florestal, Fisioterapeuta, Ge\u00f3logo, Jornalista. M\u00e9dico Veterin\u00e1rio, Nutricionista, Pedagogo, Psic\u00f3logo, Enfermeiro, M\u00e9dico Cl\u00ednico Geral, M\u00e9dico Pediatra, M\u00e9dico Ginecologista, M\u00e9dico Ortopedista, Odont\u00f3logo, Farmaceutico (Bioqu\u00edmico), Advogado, Contador, Soci\u00f3logo, Professor\u00a0 N\u00edvel I, Professor N\u00edvel II, Supervisor Educacional, Orientador Educacional, Coordenador pedag\u00f3gico.<strong><br \/><\/strong><\/p><p><strong>Remunera\u00e7\u00e3o &#8211;\u00a0<\/strong>R$ 465,00 a R$ R$ 6.000,00<\/p><p><strong>Inscri\u00e7\u00f5es &#8211;\u00a0<\/strong>03 a 11\/11\/09 (presencial)<\/p><p><strong>Taxa &#8211;\u00a0<\/strong>R$ 35,00 (4\u00aa s\u00e9rie do n\u00edvel fundamental), R$ 45,00 (n\u00edvel fundamental completo), R$ 55,00 (n\u00edvel m\u00e9dio) e R$ 70,00 (n\u00edvel superior)<\/p><p><strong>Datas importantes<\/strong>:<\/p><p>Per\u00edodo de Inscri\u00e7\u00e3o &#8211; 03 a 11\/04\/09 (presencial)<\/p><p>Cart\u00e3o de Inscri\u00e7\u00e3o &#8211; 01 a 04\/12\/09<\/p><p>Cart\u00e3o de Inscri\u00e7\u00e3o corrigido &#8211; 18 e 19\/12\/09<\/p><p>Data da Prova Objetiva &#8211; 20\/12\/09<\/p>\t\t\t\t\t\t\t\t<\/div>\n\t\t\t\t<\/div>\n\t\t\t\t\t<\/div>\n\t\t<\/div>\n\t\t\t\t<div class=\"elementor-column elementor-col-50 elementor-inner-column elementor-element elementor-element-2f1f2bf0\" data-id=\"2f1f2bf0\" data-element_type=\"column\">\n\t\t\t<div class=\"elementor-widget-wrap elementor-element-populated\">\n\t\t\t\t\t\t<div class=\"elementor-element elementor-element-6842f098 elementor-widget elementor-widget-text-editor\" data-id=\"6842f098\" data-element_type=\"widget\" data-widget_type=\"text-editor.default\">\n\t\t\t\t<div class=\"elementor-widget-container\">\n\t\t\t\t\t\t\t\t\t<p style=\"text-align: center;\"><span style=\"color: #ffffff;\"><strong>Editais e Avisos<\/strong><\/span><\/p>\t\t\t\t\t\t\t\t<\/div>\n\t\t\t\t<\/div>\n\t\t\t\t<div class=\"elementor-element elementor-element-555759e4 elementor-widget elementor-widget-text-editor\" data-id=\"555759e4\" data-element_type=\"widget\" data-widget_type=\"text-editor.default\">\n\t\t\t\t<div class=\"elementor-widget-container\">\n\t\t\t\t\t\t\t\t\t<table width=\"80\">\n<tbody>\n<tr>\n<td width=\"80\"><strong><a href=\"..\/midias\/anexos\/372_edital_de_convocacao_n_005.pdf\">Edital de Convoca\u00e7\u00e3o n\u00ba 005<\/a><\/strong><\/td>\n<\/tr>\n<tr>\n<td width=\"80\"><strong><a href=\"..\/midias\/anexos\/372_edital_de_convocacao_n_004.pdf\">Edital de Convoca\u00e7\u00e3o n\u00ba 004<\/a><\/strong><\/td>\n<\/tr>\n<tr>\n<td width=\"80\"><strong><a href=\"..\/midias\/anexos\/372_edital_de_convocacao_n_003.pdf\">Edital de Convoca\u00e7\u00e3o n\u00ba 003\u00a0<\/a><\/strong><\/td>\n<\/tr>\n<tr>\n<td width=\"80\"><strong><a href=\"..\/midias\/anexos\/372_edital_de_convocacao_n_002_2.pdf\">Edital de Convoca\u00e7\u00e3o n\u00ba 002<\/a><\/strong><\/td>\n<\/tr>\n<tr>\n<td width=\"80\"><strong><a href=\"..\/midias\/anexos\/372_1a__edital_de_convocacao.pdf\">1\u00ba Edital de Convoca\u00e7\u00e3o<\/a><\/strong><\/td>\n<\/tr>\n<tr>\n<td width=\"80\"><strong><a href=\"..\/midias\/anexos\/372_aviso_de_homologacao.pdf\">Aviso de Homologa\u00e7\u00e3o<\/a><\/strong><\/td>\n<\/tr>\n<tr>\n<td width=\"80\"><strong><a href=\"..\/midias\/anexos\/372_homologacao.pdf\">Homologa\u00e7\u00e3o<\/a><\/strong><\/td>\n<\/tr>\n<tr>\n<td width=\"80\"><strong><a href=\"..\/wp-content\/uploads\/2019\/10\/ClassificadosPcD-dos-cargos-sem-prova-de-t\u00edtulo.pdf\" target=\"_blank\" rel=\"noopener\">Classificados PcD dos cargos sem prova de t\u00edtulo\u00a0<\/a><\/strong><\/td>\n<\/tr>\n<tr>\n<td width=\"80\"><strong><a href=\"http:\/\/concursos.fadesp.org.br\/pma\/Resultado%20Final%20dos%20Cargos%20com%20Prova%20de%20T%C3%ADtulo.zip\">Resultado Final dos Cargos com Prova de T\u00edtulo<\/a><\/strong><\/td>\n<\/tr>\n<tr>\n<td width=\"80\"><strong><a href=\"http:\/\/concursos.fadesp.org.br\/pma\/Resultado%20dos%20Recursos%20da%20Prova%20de%20T%C3%ADtulo.zip\">Resultado dos Recursos da Prova de T\u00edtulo<\/a><\/strong><\/td>\n<\/tr>\n<tr>\n<td width=\"80\"><strong><a href=\"..\/midias\/anexos\/372_resultado_da_prova_de_titulos.zip\">Resultado da Prova de T\u00edtulos<\/a><\/strong><\/td>\n<\/tr>\n<tr>\n<td width=\"80\"><strong><a href=\"..\/midias\/anexos\/372_formulario_de_entrega_de_ttulos_pma.zip\">Formul\u00e1rio de Entrega de Ttulos PMA<\/a><\/strong><\/td>\n<\/tr>\n<tr>\n<td width=\"80\"><strong><a href=\"..\/midias\/anexos\/372_situacao_geral_de_todos_os_candidatos.pdf\">Situacao geral de todos os candidatos<\/a><\/strong><\/td>\n<\/tr>\n<tr>\n<td width=\"80\"><strong><a href=\"..\/midias\/anexos\/372_5classificados_e_aprovados_dos_cargos_sem_prova_de_titulo.zip\">Classificados e Aprovados dos cargos sem prova de t\u00edtulo<\/a><\/strong><\/td>\n<\/tr>\n<tr>\n<td width=\"80\"><strong><a href=\"..\/midias\/anexos\/372_4classificadospcd_dos_cargos_sem_prova_de_titulo.zip\">Classificados PcD dos cargos sem prova de t\u00edtulo<\/a><\/strong><\/td>\n<\/tr>\n<tr>\n<td width=\"80\"><strong><a href=\"..\/midias\/anexos\/372_3listao_dos_classificados_as_vagas_dos_cargos_sem_prova.zip\">List\u00e3o dos Classificados as vagas dos cargos sem prova<\/a><\/strong><\/td>\n<\/tr>\n<tr>\n<td width=\"80\"><strong><a href=\"..\/midias\/anexos\/372_2aprovados_a_prova_de_titulos.zip\">Aprovados \u00e0 Prova de Titulos<\/a><\/strong><\/td>\n<\/tr>\n<tr>\n<td width=\"80\"><strong><a href=\"..\/midias\/anexos\/372_1aviso_de_resultado_e_convocacao.zip\">Aviso de Resultado e Convoca\u00e7\u00e3o<\/a><\/strong><\/td>\n<\/tr>\n<tr>\n<td width=\"80\"><strong><a href=\"..\/midias\/anexos\/372_edital_03_2009_pma.pdf\">Edital 03 2009 PMA\u00a0\u00a0<\/a><\/strong><\/td>\n<\/tr>\n<tr>\n<td width=\"80\"><strong><a href=\"..\/midias\/anexos\/372_aviso02_locais_de_inscricoes.zip\">Aviso 02 Locais de Inscri\u00e7\u00f5es<\/a><\/strong><\/td>\n<\/tr>\n<tr>\n<td width=\"80\"><strong><a href=\"..\/midias\/anexos\/372_aviso01pma.zip\">Aviso 01 PMA<\/a><\/strong><\/td>\n<\/tr>\n<tr>\n<td width=\"80\"><strong><a href=\"..\/midias\/anexos\/372_regime_juridico_unico_dos_servidores.zip\">Regime Jur\u00eddico \u00danico dos Servidores<\/a><\/strong><\/td>\n<\/tr>\n<tr>\n<td width=\"80\"><strong><a href=\"..\/midias\/anexos\/372_publicacao_de_aviso_de_edital.zip\">Publica\u00e7\u00e3o de Aviso de Edital<\/a><\/strong><\/td>\n<\/tr>\n<tr>\n<td width=\"80\"><strong><a href=\"..\/midias\/anexos\/372_edital_n_02_2009_pma.zip\">Altera\u00e7\u00e3o do Edital n\u00ba. 001\/2009<\/a><\/strong><\/td>\n<\/tr>\n<tr>\n<td width=\"80\"><strong><a href=\"..\/midias\/anexos\/372_edital_01_200_pma_.zip\">Edital n\u00ba. 001\/2009 &#8211; Abertura<\/a><\/strong><\/td>\n<\/tr>\n<\/tbody>\n<\/table>\t\t\t\t\t\t\t\t<\/div>\n\t\t\t\t<\/div>\n\t\t\t\t\t<\/div>\n\t\t<\/div>\n\t\t\t\t\t<\/div>\n\t\t<\/section>\n\t\t\t\t\t<\/div>\n\t\t<\/div>\n\t\t\t\t\t<\/div>\n\t\t<\/section>\n\t\t\t\t<\/div>\n\t\t","protected":false},"excerpt":{"rendered":"<p>Prefeitura de Almeirim &#8211; 2009 A Prefeitura Municipal de Almeirim, no uso de suas atribui\u00e7\u00f5es,\u00a0 torna\u00a0 p\u00fablica\u00a0 a\u00a0 realiza\u00e7\u00e3o\u00a0 de\u00a0 Concurso\u00a0 P\u00fablico destinado ao preenchimento de vagas na Zona Urbana e Zona Rural para o\u00a0 preenchimento de 716 vagas do quadro de pessoal efetivo de n\u00edvel superior, n\u00edvel m\u00e9dio, n\u00edvel fundamental completo e fundamental incompleto [&hellip;]<\/p>\n","protected":false},"author":9,"featured_media":0,"parent":329,"menu_order":60,"comment_status":"closed","ping_status":"closed","template":"","meta":{"_monsterinsights_skip_tracking":false,"_monsterinsights_sitenote_active":false,"_monsterinsights_sitenote_note":"","_monsterinsights_sitenote_category":0,"footnotes":""},"class_list":["post-1372","page","type-page","status-publish","hentry","entry"],"yoast_head":"<!-- This site is optimized with the Yoast SEO plugin v25.1 - https:\/\/yoast.com\/wordpress\/plugins\/seo\/ -->\n<title>Prefeitura Municipal de Almeirim - 2009 - FADESP<\/title>\n<meta name=\"robots\" content=\"index, follow, max-snippet:-1, max-image-preview:large, max-video-preview:-1\" \/>\n<link rel=\"canonical\" href=\"https:\/\/portalfadesp.org.br\/?page_id=1372\" \/>\n<meta property=\"og:locale\" content=\"pt_BR\" \/>\n<meta property=\"og:type\" content=\"article\" \/>\n<meta property=\"og:title\" content=\"Prefeitura Municipal de Almeirim - 2009 - FADESP\" \/>\n<meta property=\"og:description\" content=\"Prefeitura de Almeirim &#8211; 2009 A Prefeitura Municipal de Almeirim, no uso de suas atribui\u00e7\u00f5es,\u00a0 torna\u00a0 p\u00fablica\u00a0 a\u00a0 realiza\u00e7\u00e3o\u00a0 de\u00a0 Concurso\u00a0 P\u00fablico destinado ao preenchimento de vagas na Zona Urbana e Zona Rural para o\u00a0 preenchimento de 716 vagas do quadro de pessoal efetivo de n\u00edvel superior, n\u00edvel m\u00e9dio, n\u00edvel fundamental completo e fundamental incompleto [&hellip;]\" \/>\n<meta property=\"og:url\" content=\"https:\/\/portalfadesp.org.br\/?page_id=1372\" \/>\n<meta property=\"og:site_name\" content=\"FADESP\" \/>\n<meta property=\"article:publisher\" content=\"https:\/\/www.facebook.com\/Fadesp-138351949524662\/\" \/>\n<meta property=\"article:modified_time\" content=\"2022-12-20T16:02:04+00:00\" \/>\n<meta name=\"twitter:card\" content=\"summary_large_image\" \/>\n<meta name=\"twitter:site\" content=\"@Fadesp\" \/>\n<meta name=\"twitter:label1\" content=\"Est. tempo de leitura\" \/>\n\t<meta name=\"twitter:data1\" content=\"2 minutos\" \/>\n<script type=\"application\/ld+json\" class=\"yoast-schema-graph\">{\"@context\":\"https:\/\/schema.org\",\"@graph\":[{\"@type\":\"WebPage\",\"@id\":\"https:\/\/portalfadesp.org.br\/?page_id=1372\",\"url\":\"https:\/\/portalfadesp.org.br\/?page_id=1372\",\"name\":\"Prefeitura Municipal de Almeirim - 2009 - FADESP\",\"isPartOf\":{\"@id\":\"https:\/\/portalfadesp.org.br\/#website\"},\"datePublished\":\"2009-05-22T04:36:37+00:00\",\"dateModified\":\"2022-12-20T16:02:04+00:00\",\"breadcrumb\":{\"@id\":\"https:\/\/portalfadesp.org.br\/?page_id=1372#breadcrumb\"},\"inLanguage\":\"pt-BR\",\"potentialAction\":[{\"@type\":\"ReadAction\",\"target\":[\"https:\/\/portalfadesp.org.br\/?page_id=1372\"]}]},{\"@type\":\"BreadcrumbList\",\"@id\":\"https:\/\/portalfadesp.org.br\/?page_id=1372#breadcrumb\",\"itemListElement\":[{\"@type\":\"ListItem\",\"position\":1,\"name\":\"In\u00edcio\",\"item\":\"https:\/\/portalfadesp.org.br\/\"},{\"@type\":\"ListItem\",\"position\":2,\"name\":\"Concursos &#8211; Homologados\",\"item\":\"https:\/\/portalfadesp.org.br\/?page_id=329\"},{\"@type\":\"ListItem\",\"position\":3,\"name\":\"Prefeitura Municipal de Almeirim &#8211; 2009\"}]},{\"@type\":\"WebSite\",\"@id\":\"https:\/\/portalfadesp.org.br\/#website\",\"url\":\"https:\/\/portalfadesp.org.br\/\",\"name\":\"FADESP\",\"description\":\"Funda\u00e7\u00e3o de Amparo e Desenvolvimento da Pesquisa\",\"publisher\":{\"@id\":\"https:\/\/portalfadesp.org.br\/#organization\"},\"potentialAction\":[{\"@type\":\"SearchAction\",\"target\":{\"@type\":\"EntryPoint\",\"urlTemplate\":\"https:\/\/portalfadesp.org.br\/?s={search_term_string}\"},\"query-input\":{\"@type\":\"PropertyValueSpecification\",\"valueRequired\":true,\"valueName\":\"search_term_string\"}}],\"inLanguage\":\"pt-BR\"},{\"@type\":\"Organization\",\"@id\":\"https:\/\/portalfadesp.org.br\/#organization\",\"name\":\"FADESP\",\"url\":\"https:\/\/portalfadesp.org.br\/\",\"logo\":{\"@type\":\"ImageObject\",\"inLanguage\":\"pt-BR\",\"@id\":\"https:\/\/portalfadesp.org.br\/#\/schema\/logo\/image\/\",\"url\":\"https:\/\/portalfadesp.org.br\/wp-content\/uploads\/2024\/01\/NOVOLOGOFADESPlaranjaH.png\",\"contentUrl\":\"https:\/\/portalfadesp.org.br\/wp-content\/uploads\/2024\/01\/NOVOLOGOFADESPlaranjaH.png\",\"width\":2742,\"height\":839,\"caption\":\"FADESP\"},\"image\":{\"@id\":\"https:\/\/portalfadesp.org.br\/#\/schema\/logo\/image\/\"},\"sameAs\":[\"https:\/\/www.facebook.com\/Fadesp-138351949524662\/\",\"https:\/\/x.com\/Fadesp\",\"https:\/\/www.instagram.com\/fadesp_ufpa\/\",\"https:\/\/www.youtube.com\/@fundacaodeamparoedesenvolv1903\",\"https:\/\/www.threads.net\/@fadesp_ufpa\"]}]}<\/script>\n<!-- \/ Yoast SEO plugin. -->","yoast_head_json":{"title":"Prefeitura Municipal de Almeirim - 2009 - FADESP","robots":{"index":"index","follow":"follow","max-snippet":"max-snippet:-1","max-image-preview":"max-image-preview:large","max-video-preview":"max-video-preview:-1"},"canonical":"https:\/\/portalfadesp.org.br\/?page_id=1372","og_locale":"pt_BR","og_type":"article","og_title":"Prefeitura Municipal de Almeirim - 2009 - FADESP","og_description":"Prefeitura de Almeirim &#8211; 2009 A Prefeitura Municipal de Almeirim, no uso de suas atribui\u00e7\u00f5es,\u00a0 torna\u00a0 p\u00fablica\u00a0 a\u00a0 realiza\u00e7\u00e3o\u00a0 de\u00a0 Concurso\u00a0 P\u00fablico destinado ao preenchimento de vagas na Zona Urbana e Zona Rural para o\u00a0 preenchimento de 716 vagas do quadro de pessoal efetivo de n\u00edvel superior, n\u00edvel m\u00e9dio, n\u00edvel fundamental completo e fundamental incompleto [&hellip;]","og_url":"https:\/\/portalfadesp.org.br\/?page_id=1372","og_site_name":"FADESP","article_publisher":"https:\/\/www.facebook.com\/Fadesp-138351949524662\/","article_modified_time":"2022-12-20T16:02:04+00:00","twitter_card":"summary_large_image","twitter_site":"@Fadesp","twitter_misc":{"Est. tempo de leitura":"2 minutos"},"schema":{"@context":"https:\/\/schema.org","@graph":[{"@type":"WebPage","@id":"https:\/\/portalfadesp.org.br\/?page_id=1372","url":"https:\/\/portalfadesp.org.br\/?page_id=1372","name":"Prefeitura Municipal de Almeirim - 2009 - FADESP","isPartOf":{"@id":"https:\/\/portalfadesp.org.br\/#website"},"datePublished":"2009-05-22T04:36:37+00:00","dateModified":"2022-12-20T16:02:04+00:00","breadcrumb":{"@id":"https:\/\/portalfadesp.org.br\/?page_id=1372#breadcrumb"},"inLanguage":"pt-BR","potentialAction":[{"@type":"ReadAction","target":["https:\/\/portalfadesp.org.br\/?page_id=1372"]}]},{"@type":"BreadcrumbList","@id":"https:\/\/portalfadesp.org.br\/?page_id=1372#breadcrumb","itemListElement":[{"@type":"ListItem","position":1,"name":"In\u00edcio","item":"https:\/\/portalfadesp.org.br\/"},{"@type":"ListItem","position":2,"name":"Concursos &#8211; Homologados","item":"https:\/\/portalfadesp.org.br\/?page_id=329"},{"@type":"ListItem","position":3,"name":"Prefeitura Municipal de Almeirim &#8211; 2009"}]},{"@type":"WebSite","@id":"https:\/\/portalfadesp.org.br\/#website","url":"https:\/\/portalfadesp.org.br\/","name":"FADESP","description":"Funda\u00e7\u00e3o de Amparo e Desenvolvimento da Pesquisa","publisher":{"@id":"https:\/\/portalfadesp.org.br\/#organization"},"potentialAction":[{"@type":"SearchAction","target":{"@type":"EntryPoint","urlTemplate":"https:\/\/portalfadesp.org.br\/?s={search_term_string}"},"query-input":{"@type":"PropertyValueSpecification","valueRequired":true,"valueName":"search_term_string"}}],"inLanguage":"pt-BR"},{"@type":"Organization","@id":"https:\/\/portalfadesp.org.br\/#organization","name":"FADESP","url":"https:\/\/portalfadesp.org.br\/","logo":{"@type":"ImageObject","inLanguage":"pt-BR","@id":"https:\/\/portalfadesp.org.br\/#\/schema\/logo\/image\/","url":"https:\/\/portalfadesp.org.br\/wp-content\/uploads\/2024\/01\/NOVOLOGOFADESPlaranjaH.png","contentUrl":"https:\/\/portalfadesp.org.br\/wp-content\/uploads\/2024\/01\/NOVOLOGOFADESPlaranjaH.png","width":2742,"height":839,"caption":"FADESP"},"image":{"@id":"https:\/\/portalfadesp.org.br\/#\/schema\/logo\/image\/"},"sameAs":["https:\/\/www.facebook.com\/Fadesp-138351949524662\/","https:\/\/x.com\/Fadesp","https:\/\/www.instagram.com\/fadesp_ufpa\/","https:\/\/www.youtube.com\/@fundacaodeamparoedesenvolv1903","https:\/\/www.threads.net\/@fadesp_ufpa"]}]}},"_links":{"self":[{"href":"https:\/\/portalfadesp.org.br\/index.php?rest_route=\/wp\/v2\/pages\/1372","targetHints":{"allow":["GET"]}}],"collection":[{"href":"https:\/\/portalfadesp.org.br\/index.php?rest_route=\/wp\/v2\/pages"}],"about":[{"href":"https:\/\/portalfadesp.org.br\/index.php?rest_route=\/wp\/v2\/types\/page"}],"author":[{"embeddable":true,"href":"https:\/\/portalfadesp.org.br\/index.php?rest_route=\/wp\/v2\/users\/9"}],"replies":[{"embeddable":true,"href":"https:\/\/portalfadesp.org.br\/index.php?rest_route=%2Fwp%2Fv2%2Fcomments&post=1372"}],"version-history":[{"count":23,"href":"https:\/\/portalfadesp.org.br\/index.php?rest_route=\/wp\/v2\/pages\/1372\/revisions"}],"predecessor-version":[{"id":36829,"href":"https:\/\/portalfadesp.org.br\/index.php?rest_route=\/wp\/v2\/pages\/1372\/revisions\/36829"}],"up":[{"embeddable":true,"href":"https:\/\/portalfadesp.org.br\/index.php?rest_route=\/wp\/v2\/pages\/329"}],"wp:attachment":[{"href":"https:\/\/portalfadesp.org.br\/index.php?rest_route=%2Fwp%2Fv2%2Fmedia&parent=1372"}],"curies":[{"name":"wp","href":"https:\/\/api.w.org\/{rel}","templated":true}]}}