{"id":1371,"date":"2009-05-22T01:36:30","date_gmt":"2009-05-22T04:36:30","guid":{"rendered":"https:\/\/162.215.13.167?page_id=1371"},"modified":"2022-12-20T13:01:44","modified_gmt":"2022-12-20T16:01:44","slug":"prefeitura-municipal-de-parauapebas-2009","status":"publish","type":"page","link":"https:\/\/portalfadesp.org.br\/?page_id=1371","title":{"rendered":"Prefeitura Municipal de Parauapebas &#8211; 2009"},"content":{"rendered":"\t\t<div data-elementor-type=\"wp-post\" data-elementor-id=\"1371\" class=\"elementor elementor-1371\" data-elementor-post-type=\"page\">\n\t\t\t\t\t\t<section class=\"elementor-section elementor-top-section elementor-element elementor-element-e308286 elementor-section-full_width elementor-section-height-default elementor-section-height-default\" data-id=\"e308286\" data-element_type=\"section\">\n\t\t\t\t\t\t<div class=\"elementor-container elementor-column-gap-default\">\n\t\t\t\t\t<div class=\"elementor-column elementor-col-100 elementor-top-column elementor-element elementor-element-449686f1\" data-id=\"449686f1\" data-element_type=\"column\">\n\t\t\t<div class=\"elementor-widget-wrap elementor-element-populated\">\n\t\t\t\t\t\t<div class=\"elementor-element elementor-element-5e804162 elementor-widget elementor-widget-heading\" data-id=\"5e804162\" data-element_type=\"widget\" data-widget_type=\"heading.default\">\n\t\t\t\t<div class=\"elementor-widget-container\">\n\t\t\t\t\t<h1 class=\"elementor-heading-title elementor-size-default\">Prefeitura Municipal de Parauapebas - 2009<\/h1>\t\t\t\t<\/div>\n\t\t\t\t<\/div>\n\t\t\t\t<section class=\"elementor-section elementor-inner-section elementor-element elementor-element-cf9cf71 elementor-section-boxed elementor-section-height-default elementor-section-height-default\" data-id=\"cf9cf71\" data-element_type=\"section\">\n\t\t\t\t\t\t<div class=\"elementor-container elementor-column-gap-default\">\n\t\t\t\t\t<div class=\"elementor-column elementor-col-50 elementor-inner-column elementor-element elementor-element-7f19e2b5\" data-id=\"7f19e2b5\" data-element_type=\"column\">\n\t\t\t<div class=\"elementor-widget-wrap elementor-element-populated\">\n\t\t\t\t\t\t<div class=\"elementor-element elementor-element-433f4ad6 elementor-widget elementor-widget-text-editor\" data-id=\"433f4ad6\" data-element_type=\"widget\" data-widget_type=\"text-editor.default\">\n\t\t\t\t<div class=\"elementor-widget-container\">\n\t\t\t\t\t\t\t\t\t<p>A Prefeitura Municipal de Parauapebas, no uso de suas atribui\u00e7\u00f5es, torna p\u00fablica a realiza\u00e7\u00e3o de Concurso P\u00fablico destinado ao preenchimento de vagas para o quadro de pessoal efetivo de n\u00edvel superior e n\u00edvel m\u00e9dio, mediante as condi\u00e7\u00f5es estabelecidas no Edital de Abertura do Concurso.<\/p><p><strong>Vagas &#8211;\u00a0<\/strong>1.267<strong>\u00a0<br \/><\/strong><\/p><p><strong>Cargos &#8211;\u00a0<\/strong>N\u00edvel M\u00e9dio: Auxiliar Administrativo, Agente de Fiscaliza\u00e7\u00e3o, Desenhista Projetista, Fiscal de Controle Ambiental, Fiscal de Urbanismo, Fiscal de Vigil\u00e2ncia Sanit\u00e1ria e T\u00e9cnico Administrativo, T\u00e9cnico Agr\u00edcola e T\u00e9cnico de Enfermagem. T\u00e9cnico de Laborat\u00f3rio, T\u00e9cnico de Radiologia, T\u00e9cnico em Agroind\u00fastria e Top\u00f3grafo.<\/p><p>N\u00edvel Superior: Administrador, Analista de Sistema, Arquiteto, Assistente Social, Biom\u00e9dico, Contador, Economista, Enfermeiro, Engenheiro Civil, Engenheiro Agr\u00f4nomo, Farmaceutico, Fisioterapeuta, Fonoaudi\u00f3logo, Jornalista, M\u00e9dico Veterin\u00e1rio, Nutricionista, Odeont\u00f3logo, Psic\u00f3logo, Soci\u00f3logo, Analista Ambiental, M\u00e9dico com especialidade em cirurgia, M\u00e9dico cl\u00ednico geral, M\u00e9dico com especialidade em ortopedia, M\u00e9dico com especialidade em pediatria, M\u00e9dico com especialidade em cardiologia, M\u00e9dico com especialidade em dermatologia, M\u00e9dico com especialidade em nefrologia, M\u00e9dico com especialidade em pneumologia, m\u00e9dico com especialidade em urologia, zootecnista, T\u00e9cn\u00f3logo em Sa\u00fade P\u00fablica e Procurador do Munic\u00edpio.<strong><br \/><\/strong><\/p><p><strong>Remunera\u00e7\u00e3o &#8211;\u00a0<\/strong>R$ 881,40 a R$ 5.431,00<\/p><p><strong>Inscri\u00e7\u00f5es &#8211;<\/strong>\u00a019\/10\/09 a 18\/11\/09<\/p><p><strong>Taxa &#8211;\u00a0<\/strong>R$ 40,00 (n\u00edvel m\u00e9dio), R$ 70,00 (n\u00edvel superior).<\/p><p><strong>Datas importantes<\/strong>:<\/p><p>Per\u00edodo de Inscri\u00e7\u00e3o &#8211; 19\/10\/09 a 18\/11\/09<\/p><p>Cart\u00e3o de Inscri\u00e7\u00e3o &#8211; 01 a 04\/12\/09<\/p><p>Data da Prova Objetiva &#8211; 20\/12\/09 (das 8 \u00e0s 12h, para todos os cargos de N\u00edvel M\u00e9dio, com exce\u00e7\u00e3o<br \/>do cargo de Auxiliar Administrativo, e das 14h30 \u00e0s 18h30 para todos os cargos de N\u00edvel Superior e para o cargo de Auxiliar Administrativo (N\u00edvel M\u00e9dio).<\/p><p>Data da Prova Objetiva &#8211; 20\/12\/09 (das 14h30 \u00e0s 18h30 para todos os cargos de n\u00edvel superior, execto para o cargo de Procurador do Munic\u00edpio)<\/p>\t\t\t\t\t\t\t\t<\/div>\n\t\t\t\t<\/div>\n\t\t\t\t\t<\/div>\n\t\t<\/div>\n\t\t\t\t<div class=\"elementor-column elementor-col-50 elementor-inner-column elementor-element elementor-element-464d11ae\" data-id=\"464d11ae\" data-element_type=\"column\">\n\t\t\t<div class=\"elementor-widget-wrap elementor-element-populated\">\n\t\t\t\t\t\t<div class=\"elementor-element elementor-element-7bdcc012 elementor-widget elementor-widget-text-editor\" data-id=\"7bdcc012\" data-element_type=\"widget\" data-widget_type=\"text-editor.default\">\n\t\t\t\t<div class=\"elementor-widget-container\">\n\t\t\t\t\t\t\t\t\t<p style=\"text-align: center;\"><span style=\"color: #ffffff;\"><strong>Editais e Avisos<\/strong><\/span><\/p>\t\t\t\t\t\t\t\t<\/div>\n\t\t\t\t<\/div>\n\t\t\t\t<div class=\"elementor-element elementor-element-21d3c5af elementor-widget elementor-widget-text-editor\" data-id=\"21d3c5af\" data-element_type=\"widget\" data-widget_type=\"text-editor.default\">\n\t\t\t\t<div class=\"elementor-widget-container\">\n\t\t\t\t\t\t\t\t\t<table width=\"80\">\n<tbody>\n<tr>\n<td width=\"80\"><strong><a href=\"..\/midias\/anexos\/386_1a_convocacao_nivel_superior.zip\">1\u00aa Convoca\u00e7\u00e3o N\u00edvel Superior<\/a><\/strong><\/td>\n<\/tr>\n<tr>\n<td><strong><a href=\"..\/midias\/anexos\/386_homologacao_nivel_superior.zip\">Homologa\u00e7\u00e3o N\u00edvel Superior<\/a><\/strong><\/td>\n<\/tr>\n<tr>\n<td><strong><a href=\"..\/midias\/anexos\/386_situacao_geral_final_do_concurso.zip\">Situa\u00e7\u00e3o Geral Final do Concurso<\/a><\/strong><\/td>\n<\/tr>\n<tr>\n<td><strong><a href=\"..\/midias\/anexos\/Copia(01)_386_4classificadospcd.zip\">Classificados PcD<\/a><\/strong><\/td>\n<\/tr>\n<tr>\n<td><strong><a href=\"..\/midias\/anexos\/Copia(01)_386_3classificados_com_pontuacao_e_colocacao.zip\">\u00a0Classificados com Pontua\u00e7\u00e3o e Coloca\u00e7\u00e3o<\/a><\/strong><\/td>\n<\/tr>\n<tr>\n<td><strong><a href=\"..\/midias\/anexos\/386_2classificadosaprovados_nivel_superior.zip\">Classificados Aprovados N\u00edvel Superior<\/a><\/strong><\/td>\n<\/tr>\n<tr>\n<td><strong><a href=\"..\/midias\/anexos\/386_1resultado_dos_recursos_das_provas_discursivas_e_pratic.zip\">Resultado dos Recursos das Provas Discursivas e Pr\u00e1tica\u00a0<\/a><\/strong><\/td>\n<\/tr>\n<tr>\n<td><strong><a href=\"..\/midias\/anexos\/386_aviso_do_resultado_final_do_nvel_superior.pdf\">Aviso do Resultado Final do N\u00edvel Superior<\/a><\/strong><\/td>\n<\/tr>\n<tr>\n<td><strong><a href=\"..\/midias\/anexos\/386_praticoprofissional_resultado.zip\">Pr\u00e1tico Profissional Resultado<\/a><\/strong><\/td>\n<\/tr>\n<tr>\n<td><strong><a href=\"..\/midias\/anexos\/386_praticoprofissional_resultado.zip\">Pr\u00e1tico Profissional Resultado<\/a><\/strong><\/td>\n<\/tr>\n<tr>\n<td><strong><a href=\"..\/midias\/anexos\/386_discursiva_resultado.zip\">Discursiva Resultado<\/a><\/strong><\/td>\n<\/tr>\n<tr>\n<td><strong><a href=\"..\/midias\/anexos\/386_aviso_resultado_2a_etapa.zip\">Aviso Resultado 2\u00aa Etapa<\/a><\/strong><\/td>\n<\/tr>\n<tr>\n<td><strong><a href=\"..\/midias\/anexos\/386_1a_convocacao_nivel_medio.zip\">1\u00aa Convoca\u00e7\u00e3o N\u00edvel M\u00e9dio<\/a><\/strong><\/td>\n<\/tr>\n<tr>\n<td><strong><a href=\"..\/midias\/anexos\/386_edital__n_03_2010_pmp_homologacao_do.zip\">Edital n\u00b0 03\/2010 PMP Homologa\u00e7\u00e3o<\/a><\/strong><\/td>\n<\/tr>\n<tr>\n<td><strong><a href=\"..\/midias\/anexos\/386_situacaogeral.pdf\">Situa\u00e7\u00e3o Geral<\/a><\/strong><\/td>\n<\/tr>\n<tr>\n<td><strong><a href=\"..\/midias\/anexos\/386_pontuacaonaoclassificadossubjetivapratica.zip\">Pontua\u00e7\u00e3o dos n\u00e3o classificados a Prova Subjetiva e Pratica<\/a><\/strong><\/td>\n<\/tr>\n<tr>\n<td><strong><a href=\"..\/midias\/anexos\/386_pontuacaoclassificadossubjetivapratica.zip\">Pontua\u00e7\u00e3o dos Classificados a Prova\u00a0Subjetiva e Pr\u00e1tica<\/a><\/strong><\/td>\n<\/tr>\n<tr>\n<td><strong><a href=\"..\/midias\/anexos\/386_classificados_a_correcao_da_subjetiva_ou_pratica_profisional.zip\">Classificados a Prova Subjetiva e Pratica<\/a><\/strong><\/td>\n<\/tr>\n<tr>\n<td><strong><a href=\"..\/midias\/anexos\/386_classificadosaprovados_nivel_medio.zip\">Classificados Aprovados do N\u00edvel M\u00e9dio<\/a><\/strong><\/td>\n<\/tr>\n<tr>\n<td><strong><a href=\"..\/midias\/anexos\/386_4classificadospcd.zip\">Classificados PcD N\u00edvel M\u00e9dio<\/a><\/strong><\/td>\n<\/tr>\n<tr>\n<td><strong><a href=\"..\/midias\/anexos\/386_3classificados_com_pontuacao_e_colocacao.zip\">Classificados com Pontua\u00e7\u00e3o e Coloca\u00e7\u00e3o N\u00edvel M\u00e9dio<\/a><\/strong><\/td>\n<\/tr>\n<tr>\n<td><strong><a href=\"..\/midias\/anexos\/386_avisos_e_convocacao.zip\">Aviso e Convoca\u00e7\u00e3o<\/a><\/strong><\/td>\n<\/tr>\n<tr>\n<td><strong><span style=\"color: #000000;\">Resultados das\u00a0Provas Objetivas:<\/span><\/strong><\/td>\n<\/tr>\n<tr>\n<td><strong><a href=\"..\/midias\/anexos\/386_lei_n_4283_codigo_de_posturas.zip\">Lei n 4283 C\u00f3digo de Posturas<\/a><\/strong><\/td>\n<\/tr>\n<tr>\n<td><strong><a href=\"..\/midias\/anexos\/386_lei_n_4213_estrutura_organizacional_do_poder_executivo.zip\">Lei n 4213 Estrutura Organizacional do Poder Executivo<\/a><\/strong><\/td>\n<\/tr>\n<tr>\n<td><strong><a href=\"..\/midias\/anexos\/386_edital_n_02_2009_pmp.pdf\">Retifica\u00e7\u00e3o do Edital n\u00ba. 001\/2009<\/a><\/strong><\/td>\n<\/tr>\n<tr>\n<td><strong><a href=\"..\/midias\/anexos\/386_formulario_portador_de_deficiencia.pdf\">Formul\u00e1rio Portador de Defici\u00eancia<\/a><\/strong><\/td>\n<\/tr>\n<tr>\n<td><strong><a href=\"..\/midias\/anexos\/386_lei__organica_do_municipio.zip\">Lei Org\u00e2nica do Munic\u00edpio<\/a><\/strong><\/td>\n<\/tr>\n<tr>\n<td><strong><a href=\"..\/midias\/anexos\/386_estatuto_dos_servidores.zip\">Estatuto dos Servidores<\/a><\/strong><\/td>\n<\/tr>\n<tr>\n<td><strong><a href=\"..\/midias\/anexos\/386_aviso_de_public_de_edital.pdf\">Aviso de Publica\u00e7\u00e3o de Edital<\/a><\/strong><\/td>\n<\/tr>\n<tr>\n<td><strong><span style=\"color: #000000;\">(Re-publicado em 19\/10\/2009 \u00e0s 09:30h)<\/span><\/strong><\/td>\n<\/tr>\n<tr>\n<td><strong><a href=\"..\/midias\/anexos\/386_edital_01_2009_pmp.zip\">Edital n\u00ba. 001\/2009 &#8211; Abertura<\/a><\/strong><\/td>\n<\/tr>\n<\/tbody>\n<\/table>\t\t\t\t\t\t\t\t<\/div>\n\t\t\t\t<\/div>\n\t\t\t\t\t<\/div>\n\t\t<\/div>\n\t\t\t\t\t<\/div>\n\t\t<\/section>\n\t\t\t\t\t<\/div>\n\t\t<\/div>\n\t\t\t\t\t<\/div>\n\t\t<\/section>\n\t\t\t\t<\/div>\n\t\t","protected":false},"excerpt":{"rendered":"<p>Prefeitura Municipal de Parauapebas &#8211; 2009 A Prefeitura Municipal de Parauapebas, no uso de suas atribui\u00e7\u00f5es, torna p\u00fablica a realiza\u00e7\u00e3o de Concurso P\u00fablico destinado ao preenchimento de vagas para o quadro de pessoal efetivo de n\u00edvel superior e n\u00edvel m\u00e9dio, mediante as condi\u00e7\u00f5es estabelecidas no Edital de Abertura do Concurso. Vagas &#8211;\u00a01.267\u00a0 Cargos &#8211;\u00a0N\u00edvel M\u00e9dio: [&hellip;]<\/p>\n","protected":false},"author":9,"featured_media":0,"parent":329,"menu_order":60,"comment_status":"closed","ping_status":"closed","template":"","meta":{"_monsterinsights_skip_tracking":false,"_monsterinsights_sitenote_active":false,"_monsterinsights_sitenote_note":"","_monsterinsights_sitenote_category":0,"footnotes":""},"class_list":["post-1371","page","type-page","status-publish","hentry","entry"],"yoast_head":"<!-- This site is optimized with the Yoast SEO plugin v25.1 - https:\/\/yoast.com\/wordpress\/plugins\/seo\/ -->\n<title>Prefeitura Municipal de Parauapebas - 2009 - FADESP<\/title>\n<meta name=\"robots\" content=\"index, follow, max-snippet:-1, max-image-preview:large, max-video-preview:-1\" \/>\n<link rel=\"canonical\" href=\"https:\/\/portalfadesp.org.br\/?page_id=1371\" \/>\n<meta property=\"og:locale\" content=\"pt_BR\" \/>\n<meta property=\"og:type\" content=\"article\" \/>\n<meta property=\"og:title\" content=\"Prefeitura Municipal de Parauapebas - 2009 - FADESP\" \/>\n<meta property=\"og:description\" content=\"Prefeitura Municipal de Parauapebas &#8211; 2009 A Prefeitura Municipal de Parauapebas, no uso de suas atribui\u00e7\u00f5es, torna p\u00fablica a realiza\u00e7\u00e3o de Concurso P\u00fablico destinado ao preenchimento de vagas para o quadro de pessoal efetivo de n\u00edvel superior e n\u00edvel m\u00e9dio, mediante as condi\u00e7\u00f5es estabelecidas no Edital de Abertura do Concurso. Vagas &#8211;\u00a01.267\u00a0 Cargos &#8211;\u00a0N\u00edvel M\u00e9dio: [&hellip;]\" \/>\n<meta property=\"og:url\" content=\"https:\/\/portalfadesp.org.br\/?page_id=1371\" \/>\n<meta property=\"og:site_name\" content=\"FADESP\" \/>\n<meta property=\"article:publisher\" content=\"https:\/\/www.facebook.com\/Fadesp-138351949524662\/\" \/>\n<meta property=\"article:modified_time\" content=\"2022-12-20T16:01:44+00:00\" \/>\n<meta name=\"twitter:card\" content=\"summary_large_image\" \/>\n<meta name=\"twitter:site\" content=\"@Fadesp\" \/>\n<meta name=\"twitter:label1\" content=\"Est. tempo de leitura\" \/>\n\t<meta name=\"twitter:data1\" content=\"3 minutos\" \/>\n<script type=\"application\/ld+json\" class=\"yoast-schema-graph\">{\"@context\":\"https:\/\/schema.org\",\"@graph\":[{\"@type\":\"WebPage\",\"@id\":\"https:\/\/portalfadesp.org.br\/?page_id=1371\",\"url\":\"https:\/\/portalfadesp.org.br\/?page_id=1371\",\"name\":\"Prefeitura Municipal de Parauapebas - 2009 - FADESP\",\"isPartOf\":{\"@id\":\"https:\/\/portalfadesp.org.br\/#website\"},\"datePublished\":\"2009-05-22T04:36:30+00:00\",\"dateModified\":\"2022-12-20T16:01:44+00:00\",\"breadcrumb\":{\"@id\":\"https:\/\/portalfadesp.org.br\/?page_id=1371#breadcrumb\"},\"inLanguage\":\"pt-BR\",\"potentialAction\":[{\"@type\":\"ReadAction\",\"target\":[\"https:\/\/portalfadesp.org.br\/?page_id=1371\"]}]},{\"@type\":\"BreadcrumbList\",\"@id\":\"https:\/\/portalfadesp.org.br\/?page_id=1371#breadcrumb\",\"itemListElement\":[{\"@type\":\"ListItem\",\"position\":1,\"name\":\"In\u00edcio\",\"item\":\"https:\/\/portalfadesp.org.br\/\"},{\"@type\":\"ListItem\",\"position\":2,\"name\":\"Concursos &#8211; Homologados\",\"item\":\"https:\/\/portalfadesp.org.br\/?page_id=329\"},{\"@type\":\"ListItem\",\"position\":3,\"name\":\"Prefeitura Municipal de Parauapebas &#8211; 2009\"}]},{\"@type\":\"WebSite\",\"@id\":\"https:\/\/portalfadesp.org.br\/#website\",\"url\":\"https:\/\/portalfadesp.org.br\/\",\"name\":\"FADESP\",\"description\":\"Funda\u00e7\u00e3o de Amparo e Desenvolvimento da Pesquisa\",\"publisher\":{\"@id\":\"https:\/\/portalfadesp.org.br\/#organization\"},\"potentialAction\":[{\"@type\":\"SearchAction\",\"target\":{\"@type\":\"EntryPoint\",\"urlTemplate\":\"https:\/\/portalfadesp.org.br\/?s={search_term_string}\"},\"query-input\":{\"@type\":\"PropertyValueSpecification\",\"valueRequired\":true,\"valueName\":\"search_term_string\"}}],\"inLanguage\":\"pt-BR\"},{\"@type\":\"Organization\",\"@id\":\"https:\/\/portalfadesp.org.br\/#organization\",\"name\":\"FADESP\",\"url\":\"https:\/\/portalfadesp.org.br\/\",\"logo\":{\"@type\":\"ImageObject\",\"inLanguage\":\"pt-BR\",\"@id\":\"https:\/\/portalfadesp.org.br\/#\/schema\/logo\/image\/\",\"url\":\"https:\/\/portalfadesp.org.br\/wp-content\/uploads\/2024\/01\/NOVOLOGOFADESPlaranjaH.png\",\"contentUrl\":\"https:\/\/portalfadesp.org.br\/wp-content\/uploads\/2024\/01\/NOVOLOGOFADESPlaranjaH.png\",\"width\":2742,\"height\":839,\"caption\":\"FADESP\"},\"image\":{\"@id\":\"https:\/\/portalfadesp.org.br\/#\/schema\/logo\/image\/\"},\"sameAs\":[\"https:\/\/www.facebook.com\/Fadesp-138351949524662\/\",\"https:\/\/x.com\/Fadesp\",\"https:\/\/www.instagram.com\/fadesp_ufpa\/\",\"https:\/\/www.youtube.com\/@fundacaodeamparoedesenvolv1903\",\"https:\/\/www.threads.net\/@fadesp_ufpa\"]}]}<\/script>\n<!-- \/ Yoast SEO plugin. -->","yoast_head_json":{"title":"Prefeitura Municipal de Parauapebas - 2009 - FADESP","robots":{"index":"index","follow":"follow","max-snippet":"max-snippet:-1","max-image-preview":"max-image-preview:large","max-video-preview":"max-video-preview:-1"},"canonical":"https:\/\/portalfadesp.org.br\/?page_id=1371","og_locale":"pt_BR","og_type":"article","og_title":"Prefeitura Municipal de Parauapebas - 2009 - FADESP","og_description":"Prefeitura Municipal de Parauapebas &#8211; 2009 A Prefeitura Municipal de Parauapebas, no uso de suas atribui\u00e7\u00f5es, torna p\u00fablica a realiza\u00e7\u00e3o de Concurso P\u00fablico destinado ao preenchimento de vagas para o quadro de pessoal efetivo de n\u00edvel superior e n\u00edvel m\u00e9dio, mediante as condi\u00e7\u00f5es estabelecidas no Edital de Abertura do Concurso. Vagas &#8211;\u00a01.267\u00a0 Cargos &#8211;\u00a0N\u00edvel M\u00e9dio: [&hellip;]","og_url":"https:\/\/portalfadesp.org.br\/?page_id=1371","og_site_name":"FADESP","article_publisher":"https:\/\/www.facebook.com\/Fadesp-138351949524662\/","article_modified_time":"2022-12-20T16:01:44+00:00","twitter_card":"summary_large_image","twitter_site":"@Fadesp","twitter_misc":{"Est. tempo de leitura":"3 minutos"},"schema":{"@context":"https:\/\/schema.org","@graph":[{"@type":"WebPage","@id":"https:\/\/portalfadesp.org.br\/?page_id=1371","url":"https:\/\/portalfadesp.org.br\/?page_id=1371","name":"Prefeitura Municipal de Parauapebas - 2009 - FADESP","isPartOf":{"@id":"https:\/\/portalfadesp.org.br\/#website"},"datePublished":"2009-05-22T04:36:30+00:00","dateModified":"2022-12-20T16:01:44+00:00","breadcrumb":{"@id":"https:\/\/portalfadesp.org.br\/?page_id=1371#breadcrumb"},"inLanguage":"pt-BR","potentialAction":[{"@type":"ReadAction","target":["https:\/\/portalfadesp.org.br\/?page_id=1371"]}]},{"@type":"BreadcrumbList","@id":"https:\/\/portalfadesp.org.br\/?page_id=1371#breadcrumb","itemListElement":[{"@type":"ListItem","position":1,"name":"In\u00edcio","item":"https:\/\/portalfadesp.org.br\/"},{"@type":"ListItem","position":2,"name":"Concursos &#8211; Homologados","item":"https:\/\/portalfadesp.org.br\/?page_id=329"},{"@type":"ListItem","position":3,"name":"Prefeitura Municipal de Parauapebas &#8211; 2009"}]},{"@type":"WebSite","@id":"https:\/\/portalfadesp.org.br\/#website","url":"https:\/\/portalfadesp.org.br\/","name":"FADESP","description":"Funda\u00e7\u00e3o de Amparo e Desenvolvimento da Pesquisa","publisher":{"@id":"https:\/\/portalfadesp.org.br\/#organization"},"potentialAction":[{"@type":"SearchAction","target":{"@type":"EntryPoint","urlTemplate":"https:\/\/portalfadesp.org.br\/?s={search_term_string}"},"query-input":{"@type":"PropertyValueSpecification","valueRequired":true,"valueName":"search_term_string"}}],"inLanguage":"pt-BR"},{"@type":"Organization","@id":"https:\/\/portalfadesp.org.br\/#organization","name":"FADESP","url":"https:\/\/portalfadesp.org.br\/","logo":{"@type":"ImageObject","inLanguage":"pt-BR","@id":"https:\/\/portalfadesp.org.br\/#\/schema\/logo\/image\/","url":"https:\/\/portalfadesp.org.br\/wp-content\/uploads\/2024\/01\/NOVOLOGOFADESPlaranjaH.png","contentUrl":"https:\/\/portalfadesp.org.br\/wp-content\/uploads\/2024\/01\/NOVOLOGOFADESPlaranjaH.png","width":2742,"height":839,"caption":"FADESP"},"image":{"@id":"https:\/\/portalfadesp.org.br\/#\/schema\/logo\/image\/"},"sameAs":["https:\/\/www.facebook.com\/Fadesp-138351949524662\/","https:\/\/x.com\/Fadesp","https:\/\/www.instagram.com\/fadesp_ufpa\/","https:\/\/www.youtube.com\/@fundacaodeamparoedesenvolv1903","https:\/\/www.threads.net\/@fadesp_ufpa"]}]}},"_links":{"self":[{"href":"https:\/\/portalfadesp.org.br\/index.php?rest_route=\/wp\/v2\/pages\/1371","targetHints":{"allow":["GET"]}}],"collection":[{"href":"https:\/\/portalfadesp.org.br\/index.php?rest_route=\/wp\/v2\/pages"}],"about":[{"href":"https:\/\/portalfadesp.org.br\/index.php?rest_route=\/wp\/v2\/types\/page"}],"author":[{"embeddable":true,"href":"https:\/\/portalfadesp.org.br\/index.php?rest_route=\/wp\/v2\/users\/9"}],"replies":[{"embeddable":true,"href":"https:\/\/portalfadesp.org.br\/index.php?rest_route=%2Fwp%2Fv2%2Fcomments&post=1371"}],"version-history":[{"count":24,"href":"https:\/\/portalfadesp.org.br\/index.php?rest_route=\/wp\/v2\/pages\/1371\/revisions"}],"predecessor-version":[{"id":36817,"href":"https:\/\/portalfadesp.org.br\/index.php?rest_route=\/wp\/v2\/pages\/1371\/revisions\/36817"}],"up":[{"embeddable":true,"href":"https:\/\/portalfadesp.org.br\/index.php?rest_route=\/wp\/v2\/pages\/329"}],"wp:attachment":[{"href":"https:\/\/portalfadesp.org.br\/index.php?rest_route=%2Fwp%2Fv2%2Fmedia&parent=1371"}],"curies":[{"name":"wp","href":"https:\/\/api.w.org\/{rel}","templated":true}]}}