{"id":1370,"date":"2009-05-22T01:36:24","date_gmt":"2009-05-22T04:36:24","guid":{"rendered":"https:\/\/162.215.13.167?page_id=1370"},"modified":"2022-12-20T13:01:43","modified_gmt":"2022-12-20T16:01:43","slug":"prefeitura-municipal-de-xinguara-2009","status":"publish","type":"page","link":"https:\/\/portalfadesp.org.br\/?page_id=1370","title":{"rendered":"Prefeitura Municipal de Xinguara &#8211; 2009"},"content":{"rendered":"\t\t<div data-elementor-type=\"wp-post\" data-elementor-id=\"1370\" class=\"elementor elementor-1370\" data-elementor-post-type=\"page\">\n\t\t\t\t\t\t<section class=\"elementor-section elementor-top-section elementor-element elementor-element-5932869d elementor-section-full_width elementor-section-height-default elementor-section-height-default\" data-id=\"5932869d\" data-element_type=\"section\">\n\t\t\t\t\t\t<div class=\"elementor-container elementor-column-gap-default\">\n\t\t\t\t\t<div class=\"elementor-column elementor-col-100 elementor-top-column elementor-element elementor-element-4b60b29d\" data-id=\"4b60b29d\" data-element_type=\"column\">\n\t\t\t<div class=\"elementor-widget-wrap elementor-element-populated\">\n\t\t\t\t\t\t<div class=\"elementor-element elementor-element-7314a9a1 elementor-widget elementor-widget-heading\" data-id=\"7314a9a1\" data-element_type=\"widget\" data-widget_type=\"heading.default\">\n\t\t\t\t<div class=\"elementor-widget-container\">\n\t\t\t\t\t<h1 class=\"elementor-heading-title elementor-size-default\">Prefeitura Municipal de Xinguara - 2009<\/h1>\t\t\t\t<\/div>\n\t\t\t\t<\/div>\n\t\t\t\t<section class=\"elementor-section elementor-inner-section elementor-element elementor-element-2b3f782 elementor-section-boxed elementor-section-height-default elementor-section-height-default\" data-id=\"2b3f782\" data-element_type=\"section\">\n\t\t\t\t\t\t<div class=\"elementor-container elementor-column-gap-default\">\n\t\t\t\t\t<div class=\"elementor-column elementor-col-50 elementor-inner-column elementor-element elementor-element-330a37ab\" data-id=\"330a37ab\" data-element_type=\"column\">\n\t\t\t<div class=\"elementor-widget-wrap elementor-element-populated\">\n\t\t\t\t\t\t<div class=\"elementor-element elementor-element-223752e2 elementor-widget elementor-widget-text-editor\" data-id=\"223752e2\" data-element_type=\"widget\" data-widget_type=\"text-editor.default\">\n\t\t\t\t<div class=\"elementor-widget-container\">\n\t\t\t\t\t\t\t\t\t<p>A Prefeitura Municipal de Xinguara, no uso de suas atribui\u00e7\u00f5es, torna p\u00fablica a realiza\u00e7\u00e3o de Concurso P\u00fablico destinado ao preenchimento de vagas na Zona Urbana e Zona Rural para o quadro de pessoal efetivo de n\u00edvel superior, n\u00edvel m\u00e9dio, n\u00edvel fundamental completo, n\u00edvel fundamental incompleto e n\u00edvel alfabetizado, mediante as condi\u00e7\u00f5es estabelecidas neste Edital.<\/p><p><strong>Vagas &#8211;\u00a0<\/strong>1.216<\/p><p><strong>Cargos &#8211;\u00a0<\/strong>N\u00edvel alfabetizado: Auxiliar de Servi\u00e7os Gerais,Guarda Municipal, Gari, Operador de Moto Serra, Jardineiro, Operador de P\u00e1 Carregadeira, Operador de Trator de Pneu, Operador de Retroescavadeira, Operador de Motoniveladora, Operador de Trator de Esteira, Auxiliar de Topografia e Servente Geral.<strong><br \/><\/strong><\/p><p>N\u00edvel Fundamental incompleto: motorista e podador de \u00e1rvore.<strong><br \/><\/strong><\/p><p>N\u00edvel Fundamental completo: Agente de Esporte e Lazer<strong>.<br \/><\/strong><\/p><p>N\u00edvel M\u00e9dio: Professor de Educa\u00e7\u00e3o Infantil e S\u00e9ries Iniciais &#8211; Magist\u00e9rio, Auxiliar Administrativo Escolar, Instrutor Musical, Secret\u00e1rio Escolar, Instrutor de Curso de Inform\u00e1tica (N\u00edvel M\u00e9dio), Agente de Cr\u00e9dito Popular, T\u00e9cnico Agropecu\u00e1rio, Assistente Administrativo, T\u00e9cnico em Agrimensura, T\u00e9cnico em Contabilidade, T\u00e9cnico em Inform\u00e1tica, Auxiliar Social, Recreador, Fiscal de Tributos, Fiscal Ambiental, Agente de Tr\u00e2nsito, Fiscal de Obras, Fiscal de Urbanismo, Identificador, T\u00e9cnico em Radiologia, T\u00e9cnico em Higiene Dental, T\u00e9cnico em Laborat\u00f3rio, T\u00e9cnico de Enfermagem, T\u00e9cnico em Seguran\u00e7a do Trabalho, T\u00e9cnico em Computa\u00e7\u00e3o, T\u00e9cnico em Pr\u00f3tese Dentaria, Auxiliar de Laborat\u00f3rio, Auxiliar de Enfermagem, Agente de Vigil\u00e2ncia Sanit\u00e1ria e Ambiental, Auxiliar de Consult\u00f3rio Dent\u00e1rio, Atendente de Farm\u00e1cia Agente de Inspe\u00e7\u00e3o Sanit\u00e1ria Municipal e Auxiliar Administrativo<strong>.<br \/><\/strong><\/p><p>N\u00edvel Superior: Professor de Educa\u00e7\u00e3o Infantil ou S\u00e9ries Iniciais, Professor de L\u00edngua Portuguesa, Professor de Matem\u00e1tica, Professor de Hist\u00f3ria, Professor de Geografia, Professor de Ci\u00eancias, Professor de Religi\u00e3o, Professor de Educa\u00e7\u00e3o F\u00edsica, Professor de Artes, Professor de L\u00edngua Estrangeira Ingl\u00eas, Professor de Estudos Amaz\u00f4nicos, Instrutor de Curso de Inform\u00e1tica, Nutricionista, Fonoaudi\u00f3logo, Psic\u00f3logo, Assistente Social, Engenheiro Agr\u00f4nomo, Auditor Fiscal, Engenheiro Ambiental, Bi\u00f3logo, Engenheiro Florestal,Bacharel em Turismo, Engenheiro Civil, Arquiteto, Medico Auditor, Cardiologista, Ortopedista, Neurologista, Ginecologista e Obstetra, Pediatra, Cirurgi\u00e3o, Psiquiatra, Clinico Geral, Oftalmologista, Enfermeiro, Farmac\u00eautico, Farmac\u00eautico Bioqu\u00edmico, Odont\u00f3logo, Medico Veterin\u00e1rio,Fisioterapeuta, Terapeuta Ocupacional, Pedagogo, Biom\u00e9dico, Cirurgi\u00e3o Dentista Periodontia, Cirurgi\u00e3o Dentista Odontopediatria, Cirurgi\u00e3o Dentista Endodontista e Cirurgi\u00e3o Dentista Protesista.<strong><br \/><\/strong><\/p><p><strong>Remunera\u00e7\u00e3o &#8211;\u00a0<\/strong>R$ 465,00 a R$ 2.291,63<strong><br \/><\/strong><\/p><p><strong>Inscri\u00e7\u00f5es &#8211;\u00a0<\/strong>14 a 18\/04\/09<strong>\u00a0<br \/><\/strong><\/p><p><strong>Taxa &#8211;\u00a0<\/strong>R$ 30,00 (n\u00edvel alfabetizado), R$ 40,00 (n\u00edvel fundamental completo e n\u00edvel fundamental incompleto), R$ 50,00 (n\u00edvel m\u00e9dio) e R$ 60,00 (n\u00edvel superior)<\/p><p><strong>Datas importantes<\/strong>:<\/p><p>Per\u00edodo de Inscri\u00e7\u00e3o &#8211;\u00a0\u00a014 a 18\/04\/09<\/p><p>Cart\u00e3o de Inscri\u00e7\u00e3o &#8211; 05 a 08\/05\/09<\/p><p>Cart\u00e3o de Inscri\u00e7\u00e3o corrigido &#8211; 22 e 23\/05\/09<\/p><p>Data da Prova Objetiva &#8211; 24\/05\/09, das 8h \u00e0s 12h, para todos os cargos de n\u00edvel M\u00e9dio, com exce\u00e7\u00e3o de Professor do Magist\u00e9rio, e todos os cargos de n\u00edvel Alfabetizado e das 14h30 \u00e0s 18h30, para\u00a0 todos os cargos de n\u00edvel Fundamental Completo, n\u00edvel Fundamental Incompleto, Professor do Magist\u00e9rio (n\u00edvel M\u00e9dio) e todos os cargos de n\u00edvel Superior.<\/p>\t\t\t\t\t\t\t\t<\/div>\n\t\t\t\t<\/div>\n\t\t\t\t\t<\/div>\n\t\t<\/div>\n\t\t\t\t<div class=\"elementor-column elementor-col-50 elementor-inner-column elementor-element elementor-element-9312dd5\" data-id=\"9312dd5\" data-element_type=\"column\">\n\t\t\t<div class=\"elementor-widget-wrap elementor-element-populated\">\n\t\t\t\t\t\t<div class=\"elementor-element elementor-element-3bd5da8e elementor-widget elementor-widget-text-editor\" data-id=\"3bd5da8e\" data-element_type=\"widget\" data-widget_type=\"text-editor.default\">\n\t\t\t\t<div class=\"elementor-widget-container\">\n\t\t\t\t\t\t\t\t\t<p style=\"text-align: center;\"><span style=\"color: #ffffff;\"><strong>Editais e Avisos<\/strong><\/span><\/p>\t\t\t\t\t\t\t\t<\/div>\n\t\t\t\t<\/div>\n\t\t\t\t<div class=\"elementor-element elementor-element-364a3d71 elementor-widget elementor-widget-text-editor\" data-id=\"364a3d71\" data-element_type=\"widget\" data-widget_type=\"text-editor.default\">\n\t\t\t\t<div class=\"elementor-widget-container\">\n\t\t\t\t\t\t\t\t\t<table width=\"80\">\n<tbody>\n<tr>\n<td width=\"80\"><strong><a href=\"..\/midias\/anexos\/369_homologacao.zip\">Homologa\u00e7\u00e3o<\/a><\/strong><\/td>\n<\/tr>\n<tr>\n<td><strong><a href=\"..\/midias\/anexos\/369_avisodehomologacao.zip\">Aviso de Homologa\u00e7\u00e3o<\/a><\/strong><\/td>\n<\/tr>\n<tr>\n<td><strong><a href=\"..\/midias\/anexos\/369_aviso_resultado_professsor.zip\">Aviso Resultado de Professor<\/a><\/strong><\/td>\n<\/tr>\n<tr>\n<td><strong><a href=\"..\/midias\/anexos\/369_resultado_final_professores_pcd.zip\">Resultado Final Professores PcD<\/a><\/strong><\/td>\n<\/tr>\n<tr>\n<td><strong><a href=\"..\/midias\/anexos\/369_resultado_final_professores.zip\">Resultado Final Professores<\/a><\/strong><\/td>\n<\/tr>\n<tr>\n<td><strong><a href=\"..\/midias\/anexos\/369_aviso_prova_de_titulos_.zip\">Aviso Prova de T\u00edtulos<\/a><\/strong><\/td>\n<\/tr>\n<tr>\n<td><strong><a href=\"..\/midias\/anexos\/369_resultado_prova_de_titulos.pdf\">Resultado Prova de T\u00edtulos<\/a><\/strong><\/td>\n<\/tr>\n<tr>\n<td><strong><a href=\"..\/midias\/anexos\/Copia(01)_369_situacao_geral_de_todos_os_cargos.pdf\">Situa\u00e7\u00e3o Geral de Todos os Cargos<\/a><\/strong><\/td>\n<\/tr>\n<tr>\n<td><strong><a href=\"..\/midias\/anexos\/369_todos_os_classificados_sem_os_cargos_de_professores.pdf\">Todos os Classificados sem os cargos de professores<\/a><\/strong><\/td>\n<\/tr>\n<tr>\n<td><strong><a href=\"..\/midias\/anexos\/369_todos_os_classificados__com_o_criterios_de_desempate_sem_os_cargos_de_professores.pdf\">Todos os Classificados com o Crit\u00e9rio de Desempate sem os cargos de professores<\/a><\/strong><\/td>\n<\/tr>\n<tr>\n<td><strong><a href=\"http:\/\/concursos.fadesp.org.br\/xinguara\/Resultado%20%20Xinguara\/Somente%20Professores%20Aptos%20a%20Prova%20de%20Titulos.zip\">Somente Professores Aptos \u00e0 Prova de T\u00edtulos<\/a><\/strong><\/td>\n<\/tr>\n<tr>\n<td><strong><a href=\"..\/midias\/anexos\/369_classificados_finais_pcd.pdf\">Classificados somente PNE<\/a><\/strong><\/td>\n<\/tr>\n<tr>\n<td><strong><a href=\"..\/midias\/anexos\/369_aviso_do_resultado_da_2etapa.pdf\">Aviso do Resultado<\/a><\/strong><\/td>\n<\/tr>\n<tr>\n<td><strong><a href=\"..\/midias\/anexos\/369_formulario_entrega_de_titulos.pdf\">Formul\u00e1rio da Prova de T\u00edtulos de Professor<\/a><\/strong><\/td>\n<\/tr>\n<tr>\n<td><strong><a href=\"..\/midias\/anexos\/369_gabarito_oficial_definitivo.pdf\">Gabarito Oficial Definitivo<\/a><\/strong><\/td>\n<\/tr>\n<tr>\n<td><strong><a href=\"..\/midias\/anexos\/369_edital_n_02_2009_pmx.pdf\">Edital n\u00ba. 002\/2009 &#8211; Retifica\u00e7\u00e3o<\/a><\/strong><\/td>\n<\/tr>\n<tr>\n<td><strong><a href=\"..\/midias\/anexos\/369_lei_n_483_e_suas_alteracoes.rar\">Lei 483 e suas altera\u00e7\u00f5es<\/a><\/strong><\/td>\n<\/tr>\n<tr>\n<td><strong><a href=\"..\/midias\/anexos\/369_edital_de_abertura.zip\">Edital n\u00ba. 001\/2009 &#8211; Abertura<\/a><\/strong><\/td>\n<\/tr>\n<\/tbody>\n<\/table>\t\t\t\t\t\t\t\t<\/div>\n\t\t\t\t<\/div>\n\t\t\t\t\t<\/div>\n\t\t<\/div>\n\t\t\t\t\t<\/div>\n\t\t<\/section>\n\t\t\t\t\t<\/div>\n\t\t<\/div>\n\t\t\t\t\t<\/div>\n\t\t<\/section>\n\t\t\t\t<\/div>\n\t\t","protected":false},"excerpt":{"rendered":"<p>Prefeitura Municipal de Xinguara &#8211; 2009 A Prefeitura Municipal de Xinguara, no uso de suas atribui\u00e7\u00f5es, torna p\u00fablica a realiza\u00e7\u00e3o de Concurso P\u00fablico destinado ao preenchimento de vagas na Zona Urbana e Zona Rural para o quadro de pessoal efetivo de n\u00edvel superior, n\u00edvel m\u00e9dio, n\u00edvel fundamental completo, n\u00edvel fundamental incompleto e n\u00edvel alfabetizado, mediante [&hellip;]<\/p>\n","protected":false},"author":9,"featured_media":0,"parent":329,"menu_order":60,"comment_status":"closed","ping_status":"closed","template":"","meta":{"_monsterinsights_skip_tracking":false,"_monsterinsights_sitenote_active":false,"_monsterinsights_sitenote_note":"","_monsterinsights_sitenote_category":0,"footnotes":""},"class_list":["post-1370","page","type-page","status-publish","hentry","entry"],"yoast_head":"<!-- This site is optimized with the Yoast SEO plugin v25.1 - https:\/\/yoast.com\/wordpress\/plugins\/seo\/ -->\n<title>Prefeitura Municipal de Xinguara - 2009 - FADESP<\/title>\n<meta name=\"robots\" content=\"index, follow, max-snippet:-1, max-image-preview:large, max-video-preview:-1\" \/>\n<link rel=\"canonical\" href=\"https:\/\/portalfadesp.org.br\/?page_id=1370\" \/>\n<meta property=\"og:locale\" content=\"pt_BR\" \/>\n<meta property=\"og:type\" content=\"article\" \/>\n<meta property=\"og:title\" content=\"Prefeitura Municipal de Xinguara - 2009 - FADESP\" \/>\n<meta property=\"og:description\" content=\"Prefeitura Municipal de Xinguara &#8211; 2009 A Prefeitura Municipal de Xinguara, no uso de suas atribui\u00e7\u00f5es, torna p\u00fablica a realiza\u00e7\u00e3o de Concurso P\u00fablico destinado ao preenchimento de vagas na Zona Urbana e Zona Rural para o quadro de pessoal efetivo de n\u00edvel superior, n\u00edvel m\u00e9dio, n\u00edvel fundamental completo, n\u00edvel fundamental incompleto e n\u00edvel alfabetizado, mediante [&hellip;]\" \/>\n<meta property=\"og:url\" content=\"https:\/\/portalfadesp.org.br\/?page_id=1370\" \/>\n<meta property=\"og:site_name\" content=\"FADESP\" \/>\n<meta property=\"article:publisher\" content=\"https:\/\/www.facebook.com\/Fadesp-138351949524662\/\" \/>\n<meta property=\"article:modified_time\" content=\"2022-12-20T16:01:43+00:00\" \/>\n<meta name=\"twitter:card\" content=\"summary_large_image\" \/>\n<meta name=\"twitter:site\" content=\"@Fadesp\" \/>\n<meta name=\"twitter:label1\" content=\"Est. tempo de leitura\" \/>\n\t<meta name=\"twitter:data1\" content=\"3 minutos\" \/>\n<script type=\"application\/ld+json\" class=\"yoast-schema-graph\">{\"@context\":\"https:\/\/schema.org\",\"@graph\":[{\"@type\":\"WebPage\",\"@id\":\"https:\/\/portalfadesp.org.br\/?page_id=1370\",\"url\":\"https:\/\/portalfadesp.org.br\/?page_id=1370\",\"name\":\"Prefeitura Municipal de Xinguara - 2009 - FADESP\",\"isPartOf\":{\"@id\":\"https:\/\/portalfadesp.org.br\/#website\"},\"datePublished\":\"2009-05-22T04:36:24+00:00\",\"dateModified\":\"2022-12-20T16:01:43+00:00\",\"breadcrumb\":{\"@id\":\"https:\/\/portalfadesp.org.br\/?page_id=1370#breadcrumb\"},\"inLanguage\":\"pt-BR\",\"potentialAction\":[{\"@type\":\"ReadAction\",\"target\":[\"https:\/\/portalfadesp.org.br\/?page_id=1370\"]}]},{\"@type\":\"BreadcrumbList\",\"@id\":\"https:\/\/portalfadesp.org.br\/?page_id=1370#breadcrumb\",\"itemListElement\":[{\"@type\":\"ListItem\",\"position\":1,\"name\":\"In\u00edcio\",\"item\":\"https:\/\/portalfadesp.org.br\/\"},{\"@type\":\"ListItem\",\"position\":2,\"name\":\"Concursos &#8211; Homologados\",\"item\":\"https:\/\/portalfadesp.org.br\/?page_id=329\"},{\"@type\":\"ListItem\",\"position\":3,\"name\":\"Prefeitura Municipal de Xinguara &#8211; 2009\"}]},{\"@type\":\"WebSite\",\"@id\":\"https:\/\/portalfadesp.org.br\/#website\",\"url\":\"https:\/\/portalfadesp.org.br\/\",\"name\":\"FADESP\",\"description\":\"Funda\u00e7\u00e3o de Amparo e Desenvolvimento da Pesquisa\",\"publisher\":{\"@id\":\"https:\/\/portalfadesp.org.br\/#organization\"},\"potentialAction\":[{\"@type\":\"SearchAction\",\"target\":{\"@type\":\"EntryPoint\",\"urlTemplate\":\"https:\/\/portalfadesp.org.br\/?s={search_term_string}\"},\"query-input\":{\"@type\":\"PropertyValueSpecification\",\"valueRequired\":true,\"valueName\":\"search_term_string\"}}],\"inLanguage\":\"pt-BR\"},{\"@type\":\"Organization\",\"@id\":\"https:\/\/portalfadesp.org.br\/#organization\",\"name\":\"FADESP\",\"url\":\"https:\/\/portalfadesp.org.br\/\",\"logo\":{\"@type\":\"ImageObject\",\"inLanguage\":\"pt-BR\",\"@id\":\"https:\/\/portalfadesp.org.br\/#\/schema\/logo\/image\/\",\"url\":\"https:\/\/portalfadesp.org.br\/wp-content\/uploads\/2024\/01\/NOVOLOGOFADESPlaranjaH.png\",\"contentUrl\":\"https:\/\/portalfadesp.org.br\/wp-content\/uploads\/2024\/01\/NOVOLOGOFADESPlaranjaH.png\",\"width\":2742,\"height\":839,\"caption\":\"FADESP\"},\"image\":{\"@id\":\"https:\/\/portalfadesp.org.br\/#\/schema\/logo\/image\/\"},\"sameAs\":[\"https:\/\/www.facebook.com\/Fadesp-138351949524662\/\",\"https:\/\/x.com\/Fadesp\",\"https:\/\/www.instagram.com\/fadesp_ufpa\/\",\"https:\/\/www.youtube.com\/@fundacaodeamparoedesenvolv1903\",\"https:\/\/www.threads.net\/@fadesp_ufpa\"]}]}<\/script>\n<!-- \/ Yoast SEO plugin. -->","yoast_head_json":{"title":"Prefeitura Municipal de Xinguara - 2009 - FADESP","robots":{"index":"index","follow":"follow","max-snippet":"max-snippet:-1","max-image-preview":"max-image-preview:large","max-video-preview":"max-video-preview:-1"},"canonical":"https:\/\/portalfadesp.org.br\/?page_id=1370","og_locale":"pt_BR","og_type":"article","og_title":"Prefeitura Municipal de Xinguara - 2009 - FADESP","og_description":"Prefeitura Municipal de Xinguara &#8211; 2009 A Prefeitura Municipal de Xinguara, no uso de suas atribui\u00e7\u00f5es, torna p\u00fablica a realiza\u00e7\u00e3o de Concurso P\u00fablico destinado ao preenchimento de vagas na Zona Urbana e Zona Rural para o quadro de pessoal efetivo de n\u00edvel superior, n\u00edvel m\u00e9dio, n\u00edvel fundamental completo, n\u00edvel fundamental incompleto e n\u00edvel alfabetizado, mediante [&hellip;]","og_url":"https:\/\/portalfadesp.org.br\/?page_id=1370","og_site_name":"FADESP","article_publisher":"https:\/\/www.facebook.com\/Fadesp-138351949524662\/","article_modified_time":"2022-12-20T16:01:43+00:00","twitter_card":"summary_large_image","twitter_site":"@Fadesp","twitter_misc":{"Est. tempo de leitura":"3 minutos"},"schema":{"@context":"https:\/\/schema.org","@graph":[{"@type":"WebPage","@id":"https:\/\/portalfadesp.org.br\/?page_id=1370","url":"https:\/\/portalfadesp.org.br\/?page_id=1370","name":"Prefeitura Municipal de Xinguara - 2009 - FADESP","isPartOf":{"@id":"https:\/\/portalfadesp.org.br\/#website"},"datePublished":"2009-05-22T04:36:24+00:00","dateModified":"2022-12-20T16:01:43+00:00","breadcrumb":{"@id":"https:\/\/portalfadesp.org.br\/?page_id=1370#breadcrumb"},"inLanguage":"pt-BR","potentialAction":[{"@type":"ReadAction","target":["https:\/\/portalfadesp.org.br\/?page_id=1370"]}]},{"@type":"BreadcrumbList","@id":"https:\/\/portalfadesp.org.br\/?page_id=1370#breadcrumb","itemListElement":[{"@type":"ListItem","position":1,"name":"In\u00edcio","item":"https:\/\/portalfadesp.org.br\/"},{"@type":"ListItem","position":2,"name":"Concursos &#8211; Homologados","item":"https:\/\/portalfadesp.org.br\/?page_id=329"},{"@type":"ListItem","position":3,"name":"Prefeitura Municipal de Xinguara &#8211; 2009"}]},{"@type":"WebSite","@id":"https:\/\/portalfadesp.org.br\/#website","url":"https:\/\/portalfadesp.org.br\/","name":"FADESP","description":"Funda\u00e7\u00e3o de Amparo e Desenvolvimento da Pesquisa","publisher":{"@id":"https:\/\/portalfadesp.org.br\/#organization"},"potentialAction":[{"@type":"SearchAction","target":{"@type":"EntryPoint","urlTemplate":"https:\/\/portalfadesp.org.br\/?s={search_term_string}"},"query-input":{"@type":"PropertyValueSpecification","valueRequired":true,"valueName":"search_term_string"}}],"inLanguage":"pt-BR"},{"@type":"Organization","@id":"https:\/\/portalfadesp.org.br\/#organization","name":"FADESP","url":"https:\/\/portalfadesp.org.br\/","logo":{"@type":"ImageObject","inLanguage":"pt-BR","@id":"https:\/\/portalfadesp.org.br\/#\/schema\/logo\/image\/","url":"https:\/\/portalfadesp.org.br\/wp-content\/uploads\/2024\/01\/NOVOLOGOFADESPlaranjaH.png","contentUrl":"https:\/\/portalfadesp.org.br\/wp-content\/uploads\/2024\/01\/NOVOLOGOFADESPlaranjaH.png","width":2742,"height":839,"caption":"FADESP"},"image":{"@id":"https:\/\/portalfadesp.org.br\/#\/schema\/logo\/image\/"},"sameAs":["https:\/\/www.facebook.com\/Fadesp-138351949524662\/","https:\/\/x.com\/Fadesp","https:\/\/www.instagram.com\/fadesp_ufpa\/","https:\/\/www.youtube.com\/@fundacaodeamparoedesenvolv1903","https:\/\/www.threads.net\/@fadesp_ufpa"]}]}},"_links":{"self":[{"href":"https:\/\/portalfadesp.org.br\/index.php?rest_route=\/wp\/v2\/pages\/1370","targetHints":{"allow":["GET"]}}],"collection":[{"href":"https:\/\/portalfadesp.org.br\/index.php?rest_route=\/wp\/v2\/pages"}],"about":[{"href":"https:\/\/portalfadesp.org.br\/index.php?rest_route=\/wp\/v2\/types\/page"}],"author":[{"embeddable":true,"href":"https:\/\/portalfadesp.org.br\/index.php?rest_route=\/wp\/v2\/users\/9"}],"replies":[{"embeddable":true,"href":"https:\/\/portalfadesp.org.br\/index.php?rest_route=%2Fwp%2Fv2%2Fcomments&post=1370"}],"version-history":[{"count":22,"href":"https:\/\/portalfadesp.org.br\/index.php?rest_route=\/wp\/v2\/pages\/1370\/revisions"}],"predecessor-version":[{"id":36814,"href":"https:\/\/portalfadesp.org.br\/index.php?rest_route=\/wp\/v2\/pages\/1370\/revisions\/36814"}],"up":[{"embeddable":true,"href":"https:\/\/portalfadesp.org.br\/index.php?rest_route=\/wp\/v2\/pages\/329"}],"wp:attachment":[{"href":"https:\/\/portalfadesp.org.br\/index.php?rest_route=%2Fwp%2Fv2%2Fmedia&parent=1370"}],"curies":[{"name":"wp","href":"https:\/\/api.w.org\/{rel}","templated":true}]}}