{"id":1369,"date":"2009-05-22T01:36:12","date_gmt":"2009-05-22T04:36:12","guid":{"rendered":"https:\/\/162.215.13.167?page_id=1369"},"modified":"2022-12-20T13:01:41","modified_gmt":"2022-12-20T16:01:41","slug":"prefeitura-municipal-de-senador-jose-porfirio-2009","status":"publish","type":"page","link":"https:\/\/portalfadesp.org.br\/?page_id=1369","title":{"rendered":"Prefeitura Municipal de Senador Jos\u00e9 Porf\u00edrio &#8211; 2009"},"content":{"rendered":"\t\t<div data-elementor-type=\"wp-post\" data-elementor-id=\"1369\" class=\"elementor elementor-1369\" data-elementor-post-type=\"page\">\n\t\t\t\t\t\t<section class=\"elementor-section elementor-top-section elementor-element elementor-element-1dd79e2c elementor-section-full_width elementor-section-height-default elementor-section-height-default\" data-id=\"1dd79e2c\" data-element_type=\"section\">\n\t\t\t\t\t\t<div class=\"elementor-container elementor-column-gap-default\">\n\t\t\t\t\t<div class=\"elementor-column elementor-col-100 elementor-top-column elementor-element elementor-element-30129923\" data-id=\"30129923\" data-element_type=\"column\">\n\t\t\t<div class=\"elementor-widget-wrap elementor-element-populated\">\n\t\t\t\t\t\t<div class=\"elementor-element elementor-element-44eb7c58 elementor-widget elementor-widget-heading\" data-id=\"44eb7c58\" data-element_type=\"widget\" data-widget_type=\"heading.default\">\n\t\t\t\t<div class=\"elementor-widget-container\">\n\t\t\t\t\t<h1 class=\"elementor-heading-title elementor-size-default\">Prefeitura Municipal de Senador Jos\u00e9 Porf\u00edrio - 2009<\/h1>\t\t\t\t<\/div>\n\t\t\t\t<\/div>\n\t\t\t\t<section class=\"elementor-section elementor-inner-section elementor-element elementor-element-1231007a elementor-section-boxed elementor-section-height-default elementor-section-height-default\" data-id=\"1231007a\" data-element_type=\"section\">\n\t\t\t\t\t\t<div class=\"elementor-container elementor-column-gap-default\">\n\t\t\t\t\t<div class=\"elementor-column elementor-col-50 elementor-inner-column elementor-element elementor-element-79b8e21b\" data-id=\"79b8e21b\" data-element_type=\"column\">\n\t\t\t<div class=\"elementor-widget-wrap elementor-element-populated\">\n\t\t\t\t\t\t<div class=\"elementor-element elementor-element-39f1a08e elementor-widget elementor-widget-text-editor\" data-id=\"39f1a08e\" data-element_type=\"widget\" data-widget_type=\"text-editor.default\">\n\t\t\t\t<div class=\"elementor-widget-container\">\n\t\t\t\t\t\t\t\t\t<p>A Prefeitura Municipal de Senador Jos\u00e9 Porf\u00edrio, no uso de suas atribui\u00e7\u00f5es, torna p\u00fablica a realiza\u00e7\u00e3o de Concurso P\u00fablico destinado ao preenchimento de 263 vagas na Zona Urbana e Zona Rural para o quadro de pessoal efetivo de n\u00edvel superior, n\u00edvel m\u00e9dio, n\u00edvel fundamental (completo e incompleto) e alfabetizado, mediante as condi\u00e7\u00f5es estabelecidas no Edital de Abertura.<\/p><p><strong>Vagas &#8211;\u00a0<\/strong>263<\/p><p><strong>Cargos &#8211;\u00a0<\/strong>N\u00edvel Alfabetizado: Auxiliar de Servi\u00e7os gerais, Auxiliar de Vigil\u00e2ncia, Gari, Auxiliar de Encanador e Auxiliar de Carpinteiro.<strong><br \/><\/strong><\/p><p>N\u00edvel Fundamental Completo: Almoxarife, Auxiliar Administrativo, Carpinteiro, Operador de M\u00e1quinas Pesadas, Pedreiro, Motorista, Piloto de Embarca\u00e7\u00e3o, Agente de Endemias, Agente Comunit\u00e1rio de Sa\u00fade e Auxiliar de Operador de M\u00e1quinas Pesadas.<strong>\u00a0<br \/><\/strong><\/p><p>N\u00edvel M\u00e9dio: Agente T\u00e9cnico de Agropecu\u00e1ria, Agente T\u00e9cnico de Fiscaliza\u00e7\u00e3o Fazend\u00e1ria, Agente T\u00e9cnico Ambiental, Agente T\u00e9cnico de Fiscaliza\u00e7\u00e3o de Vigil\u00e2ncia Sanit\u00e1ria, T\u00e9cnico de Consult\u00f3rio Odontol\u00f3gico, T\u00e9cnico de Laborat\u00f3rio, T\u00e9cnico de Enfermagem, T\u00e9cnico de Radiologia e Agente Administrativo.<strong>\u00a0<br \/><\/strong><\/p><p>N\u00edvel Superior\/Magist\u00e9rio: Professor em Pedagogia, Professor em Letras, Professor em Matem\u00e1tica, Professor em Biologia, Professor em Hist\u00f3ria, Professor em Geografia, Professor de Ingl\u00eas, Professor de F\u00edsica e Professor de Religi\u00e3o.<strong><br \/><\/strong><\/p><p>N\u00edvel Superior: Assistente Social, Enfermeiro, Farmac\u00eautico\/Bioqu\u00edmico, Fisioterapeuta, Fonoaudi\u00f3logo, Nutricionista, Odont\u00f3logo e Psic\u00f3logo M\u00e9dico cl\u00ednico, M\u00e9dico cirurgi\u00e3o, M\u00e9dico ginecologista\/obstetra.<strong><br \/><\/strong><\/p><p><strong>Remunera\u00e7\u00e3o &#8211;\u00a0<\/strong>R$ 465,00 a R$ 2.214,91<strong><br \/><\/strong><\/p><p><strong>Inscri\u00e7\u00f5es &#8211;\u00a0<\/strong>Presencial\u00a0 e on line &#8211; 03\/11\/09 a 10\/11\/09<\/p><p><strong>Taxa &#8211;\u00a0<\/strong>R$30,00 (n\u00edvel alfabetizado);R$ 40,00 n\u00edvel fundamental (completo e incompleto);R$ 50,00 (n\u00edvel m\u00e9dio) e R$ 70,00 (n\u00edvel superior)<\/p><p><strong>Datas importantes<\/strong>:<\/p><p>Per\u00edodo de Inscri\u00e7\u00e3o -Presencial\u00a0 eon line &#8211; 03\/11\/09 a 10\/11\/09<\/p><p>Cart\u00e3o de Inscri\u00e7\u00e3o &#8211; Presencial e on line\u00a0 &#8211; 01 a 04\/12\/09<\/p><p>Cart\u00e3o de Inscri\u00e7\u00e3o corrigido &#8211; 18 e 19\/12\/09<\/p><p>Data da Prova Objetiva &#8211; das 8 \u00e0s 12h, para todos os cargos de n\u00edvel Superior, n\u00edvel M\u00e9dio e n\u00edvel Alfabetizado, e das 14h30 \u00e0s 18h30, para os Cargos de N\u00edvel Fundamental (completo e incompleto).<\/p>\t\t\t\t\t\t\t\t<\/div>\n\t\t\t\t<\/div>\n\t\t\t\t\t<\/div>\n\t\t<\/div>\n\t\t\t\t<div class=\"elementor-column elementor-col-50 elementor-inner-column elementor-element elementor-element-37bbcb23\" data-id=\"37bbcb23\" data-element_type=\"column\">\n\t\t\t<div class=\"elementor-widget-wrap elementor-element-populated\">\n\t\t\t\t\t\t<div class=\"elementor-element elementor-element-1bed369e elementor-widget elementor-widget-text-editor\" data-id=\"1bed369e\" data-element_type=\"widget\" data-widget_type=\"text-editor.default\">\n\t\t\t\t<div class=\"elementor-widget-container\">\n\t\t\t\t\t\t\t\t\t<p style=\"text-align: center;\"><span style=\"color: #ffffff;\"><strong>Editais e Avisos<\/strong><\/span><\/p>\t\t\t\t\t\t\t\t<\/div>\n\t\t\t\t<\/div>\n\t\t\t\t<div class=\"elementor-element elementor-element-6d7daa86 elementor-widget elementor-widget-text-editor\" data-id=\"6d7daa86\" data-element_type=\"widget\" data-widget_type=\"text-editor.default\">\n\t\t\t\t<div class=\"elementor-widget-container\">\n\t\t\t\t\t\t\t\t\t<table width=\"80\">\n<tbody>\n<tr>\n<td width=\"80\"><strong><a href=\"..\/midias\/anexos\/388_2a_edital_de_convocacao__03_de_maio_2010.pdf\">2\u00ba Edital de Convoca\u00e7\u00e3o 03 de Maio 2010<\/a><\/strong><\/td>\n<\/tr>\n<tr>\n<td><strong><a href=\"..\/midias\/anexos\/388_homologacao_dos_cargos_de_professores.zip\">Homologa\u00e7\u00e3o dos Cargos de Professores<\/a><\/strong><\/td>\n<\/tr>\n<tr>\n<td><strong><a href=\"..\/midias\/anexos\/388_classificacao_final_profesores.zip\">Classifica\u00e7\u00e3o Final Professores<\/a><\/strong><\/td>\n<\/tr>\n<tr>\n<td><strong><a href=\"..\/midias\/anexos\/388_aviso_de_homologacao_de_cargos_de_professores.zip\">Aviso de Homologa\u00e7\u00e3o de Cargos de Professores<\/a><\/strong><\/td>\n<\/tr>\n<tr>\n<td><strong><a href=\"..\/midias\/anexos\/388_resultado_da_prova_de_titulos_pmsjp.zip\">Resultado da Prova de T\u00edtulos<\/a><\/strong><\/td>\n<\/tr>\n<tr>\n<td><strong><a href=\"..\/midias\/anexos\/388_aviso_resultado_ttulos.pdf\">Aviso Resultado T\u00edtulos<\/a><\/strong><\/td>\n<\/tr>\n<tr>\n<td><strong><a href=\"..\/midias\/anexos\/388_1a._edital_de_convocacao.zip\">1\u00ba Edital de Convoca\u00e7\u00e3o<\/a><\/strong><\/td>\n<\/tr>\n<tr>\n<td><strong><a href=\"..\/midias\/anexos\/388_homologacao_dos_cargos_sem_prova_de_titulo.pdf\">Homologa\u00e7\u00e3o dos cargos sem prova de t\u00edtulo<\/a><\/strong><\/td>\n<\/tr>\n<tr>\n<td><strong><a href=\"..\/midias\/anexos\/388_formulario_de_entrega_de_titulos_pmsjp.zip\">Formul\u00e1rio de Entrega de T\u00edtulos PMSJP<\/a><\/strong><\/td>\n<\/tr>\n<tr>\n<td><strong><a href=\"..\/midias\/anexos\/388_tabela_de_cargos_e_zona_de_atuacao.zip\">Tabela de Cargos e Zona de Atua\u00e7\u00e3o<\/a><\/strong><\/td>\n<\/tr>\n<tr>\n<td><strong><a href=\"..\/midias\/anexos\/388_situacao_geral_de_todos_os_candidatos.zip\">Situa\u00e7\u00e3o Geral de todos os candidatos<\/a><\/strong><\/td>\n<\/tr>\n<tr>\n<td><strong><a href=\"..\/midias\/anexos\/388_professores_classificados_a_prova_de_titulos.zip\">Professores Classificados \u00e0 Prova de T\u00edtulos<\/a><\/strong><\/td>\n<\/tr>\n<tr>\n<td><strong><a href=\"..\/midias\/anexos\/388_classificadosaprovados_dos_cargos_sem_prova_de_titulos.zip\">Classificados Aprovados dos cargos sem prova de t\u00edtulos<\/a><\/strong><\/td>\n<\/tr>\n<tr>\n<td><strong><a href=\"..\/midias\/anexos\/388_classificadospcd_dos_cargos_sem_prova_de_titulos.zip\">Classificados PcD dos cargos sem prova de t\u00edtulos<\/a><\/strong><\/td>\n<\/tr>\n<tr>\n<td><strong><a href=\"..\/midias\/anexos\/388_classificados_as_vagas_dos_cargos_sem_prova_de_titulos.zip\">Classificados \u00e0s vagas dos cargos sem prova de t\u00edtulos<\/a><\/strong><\/td>\n<\/tr>\n<tr>\n<td><strong><a href=\"..\/midias\/anexos\/388_aviso_de_resultado_e_convocacao_do_doe_2.pdf\">Aviso de Resultado e Convoca\u00e7\u00e3o<\/a><\/strong><\/td>\n<\/tr>\n<tr>\n<td><strong><a href=\"..\/midias\/anexos\/388_aviso01_pmsjp.zip\">Aviso 01 PMSJP<\/a><\/strong><\/td>\n<\/tr>\n<tr>\n<td><strong><a href=\"..\/midias\/anexos\/388_edital0012009pmsjp.pdf\">Edital n\u00ba. 001\/2009<\/a><\/strong><\/td>\n<\/tr>\n<tr>\n<td><strong><a href=\"..\/midias\/anexos\/388_aviso_de_publicacao_de_edital.pdf\">Aviso de Publica\u00e7\u00e3o de Edital<\/a><\/strong><\/td>\n<\/tr>\n<\/tbody>\n<\/table>\t\t\t\t\t\t\t\t<\/div>\n\t\t\t\t<\/div>\n\t\t\t\t\t<\/div>\n\t\t<\/div>\n\t\t\t\t\t<\/div>\n\t\t<\/section>\n\t\t\t\t\t<\/div>\n\t\t<\/div>\n\t\t\t\t\t<\/div>\n\t\t<\/section>\n\t\t\t\t<\/div>\n\t\t","protected":false},"excerpt":{"rendered":"<p>Prefeitura Municipal de Senador Jos\u00e9 Porf\u00edrio &#8211; 2009 A Prefeitura Municipal de Senador Jos\u00e9 Porf\u00edrio, no uso de suas atribui\u00e7\u00f5es, torna p\u00fablica a realiza\u00e7\u00e3o de Concurso P\u00fablico destinado ao preenchimento de 263 vagas na Zona Urbana e Zona Rural para o quadro de pessoal efetivo de n\u00edvel superior, n\u00edvel m\u00e9dio, n\u00edvel fundamental (completo e incompleto) [&hellip;]<\/p>\n","protected":false},"author":9,"featured_media":0,"parent":329,"menu_order":60,"comment_status":"closed","ping_status":"closed","template":"","meta":{"_monsterinsights_skip_tracking":false,"_monsterinsights_sitenote_active":false,"_monsterinsights_sitenote_note":"","_monsterinsights_sitenote_category":0,"footnotes":""},"class_list":["post-1369","page","type-page","status-publish","hentry","entry"],"yoast_head":"<!-- This site is optimized with the Yoast SEO plugin v25.1 - https:\/\/yoast.com\/wordpress\/plugins\/seo\/ -->\n<title>Prefeitura Municipal de Senador Jos\u00e9 Porf\u00edrio - 2009 - FADESP<\/title>\n<meta name=\"robots\" content=\"index, follow, max-snippet:-1, max-image-preview:large, max-video-preview:-1\" \/>\n<link rel=\"canonical\" href=\"https:\/\/portalfadesp.org.br\/?page_id=1369\" \/>\n<meta property=\"og:locale\" content=\"pt_BR\" \/>\n<meta property=\"og:type\" content=\"article\" \/>\n<meta property=\"og:title\" content=\"Prefeitura Municipal de Senador Jos\u00e9 Porf\u00edrio - 2009 - FADESP\" \/>\n<meta property=\"og:description\" content=\"Prefeitura Municipal de Senador Jos\u00e9 Porf\u00edrio &#8211; 2009 A Prefeitura Municipal de Senador Jos\u00e9 Porf\u00edrio, no uso de suas atribui\u00e7\u00f5es, torna p\u00fablica a realiza\u00e7\u00e3o de Concurso P\u00fablico destinado ao preenchimento de 263 vagas na Zona Urbana e Zona Rural para o quadro de pessoal efetivo de n\u00edvel superior, n\u00edvel m\u00e9dio, n\u00edvel fundamental (completo e incompleto) [&hellip;]\" \/>\n<meta property=\"og:url\" content=\"https:\/\/portalfadesp.org.br\/?page_id=1369\" \/>\n<meta property=\"og:site_name\" content=\"FADESP\" \/>\n<meta property=\"article:publisher\" content=\"https:\/\/www.facebook.com\/Fadesp-138351949524662\/\" \/>\n<meta property=\"article:modified_time\" content=\"2022-12-20T16:01:41+00:00\" \/>\n<meta name=\"twitter:card\" content=\"summary_large_image\" \/>\n<meta name=\"twitter:site\" content=\"@Fadesp\" \/>\n<meta name=\"twitter:label1\" content=\"Est. tempo de leitura\" \/>\n\t<meta name=\"twitter:data1\" content=\"2 minutos\" \/>\n<script type=\"application\/ld+json\" class=\"yoast-schema-graph\">{\"@context\":\"https:\/\/schema.org\",\"@graph\":[{\"@type\":\"WebPage\",\"@id\":\"https:\/\/portalfadesp.org.br\/?page_id=1369\",\"url\":\"https:\/\/portalfadesp.org.br\/?page_id=1369\",\"name\":\"Prefeitura Municipal de Senador Jos\u00e9 Porf\u00edrio - 2009 - FADESP\",\"isPartOf\":{\"@id\":\"https:\/\/portalfadesp.org.br\/#website\"},\"datePublished\":\"2009-05-22T04:36:12+00:00\",\"dateModified\":\"2022-12-20T16:01:41+00:00\",\"breadcrumb\":{\"@id\":\"https:\/\/portalfadesp.org.br\/?page_id=1369#breadcrumb\"},\"inLanguage\":\"pt-BR\",\"potentialAction\":[{\"@type\":\"ReadAction\",\"target\":[\"https:\/\/portalfadesp.org.br\/?page_id=1369\"]}]},{\"@type\":\"BreadcrumbList\",\"@id\":\"https:\/\/portalfadesp.org.br\/?page_id=1369#breadcrumb\",\"itemListElement\":[{\"@type\":\"ListItem\",\"position\":1,\"name\":\"In\u00edcio\",\"item\":\"https:\/\/portalfadesp.org.br\/\"},{\"@type\":\"ListItem\",\"position\":2,\"name\":\"Concursos &#8211; Homologados\",\"item\":\"https:\/\/portalfadesp.org.br\/?page_id=329\"},{\"@type\":\"ListItem\",\"position\":3,\"name\":\"Prefeitura Municipal de Senador Jos\u00e9 Porf\u00edrio &#8211; 2009\"}]},{\"@type\":\"WebSite\",\"@id\":\"https:\/\/portalfadesp.org.br\/#website\",\"url\":\"https:\/\/portalfadesp.org.br\/\",\"name\":\"FADESP\",\"description\":\"Funda\u00e7\u00e3o de Amparo e Desenvolvimento da Pesquisa\",\"publisher\":{\"@id\":\"https:\/\/portalfadesp.org.br\/#organization\"},\"potentialAction\":[{\"@type\":\"SearchAction\",\"target\":{\"@type\":\"EntryPoint\",\"urlTemplate\":\"https:\/\/portalfadesp.org.br\/?s={search_term_string}\"},\"query-input\":{\"@type\":\"PropertyValueSpecification\",\"valueRequired\":true,\"valueName\":\"search_term_string\"}}],\"inLanguage\":\"pt-BR\"},{\"@type\":\"Organization\",\"@id\":\"https:\/\/portalfadesp.org.br\/#organization\",\"name\":\"FADESP\",\"url\":\"https:\/\/portalfadesp.org.br\/\",\"logo\":{\"@type\":\"ImageObject\",\"inLanguage\":\"pt-BR\",\"@id\":\"https:\/\/portalfadesp.org.br\/#\/schema\/logo\/image\/\",\"url\":\"https:\/\/portalfadesp.org.br\/wp-content\/uploads\/2024\/01\/NOVOLOGOFADESPlaranjaH.png\",\"contentUrl\":\"https:\/\/portalfadesp.org.br\/wp-content\/uploads\/2024\/01\/NOVOLOGOFADESPlaranjaH.png\",\"width\":2742,\"height\":839,\"caption\":\"FADESP\"},\"image\":{\"@id\":\"https:\/\/portalfadesp.org.br\/#\/schema\/logo\/image\/\"},\"sameAs\":[\"https:\/\/www.facebook.com\/Fadesp-138351949524662\/\",\"https:\/\/x.com\/Fadesp\",\"https:\/\/www.instagram.com\/fadesp_ufpa\/\",\"https:\/\/www.youtube.com\/@fundacaodeamparoedesenvolv1903\",\"https:\/\/www.threads.net\/@fadesp_ufpa\"]}]}<\/script>\n<!-- \/ Yoast SEO plugin. -->","yoast_head_json":{"title":"Prefeitura Municipal de Senador Jos\u00e9 Porf\u00edrio - 2009 - FADESP","robots":{"index":"index","follow":"follow","max-snippet":"max-snippet:-1","max-image-preview":"max-image-preview:large","max-video-preview":"max-video-preview:-1"},"canonical":"https:\/\/portalfadesp.org.br\/?page_id=1369","og_locale":"pt_BR","og_type":"article","og_title":"Prefeitura Municipal de Senador Jos\u00e9 Porf\u00edrio - 2009 - FADESP","og_description":"Prefeitura Municipal de Senador Jos\u00e9 Porf\u00edrio &#8211; 2009 A Prefeitura Municipal de Senador Jos\u00e9 Porf\u00edrio, no uso de suas atribui\u00e7\u00f5es, torna p\u00fablica a realiza\u00e7\u00e3o de Concurso P\u00fablico destinado ao preenchimento de 263 vagas na Zona Urbana e Zona Rural para o quadro de pessoal efetivo de n\u00edvel superior, n\u00edvel m\u00e9dio, n\u00edvel fundamental (completo e incompleto) [&hellip;]","og_url":"https:\/\/portalfadesp.org.br\/?page_id=1369","og_site_name":"FADESP","article_publisher":"https:\/\/www.facebook.com\/Fadesp-138351949524662\/","article_modified_time":"2022-12-20T16:01:41+00:00","twitter_card":"summary_large_image","twitter_site":"@Fadesp","twitter_misc":{"Est. tempo de leitura":"2 minutos"},"schema":{"@context":"https:\/\/schema.org","@graph":[{"@type":"WebPage","@id":"https:\/\/portalfadesp.org.br\/?page_id=1369","url":"https:\/\/portalfadesp.org.br\/?page_id=1369","name":"Prefeitura Municipal de Senador Jos\u00e9 Porf\u00edrio - 2009 - FADESP","isPartOf":{"@id":"https:\/\/portalfadesp.org.br\/#website"},"datePublished":"2009-05-22T04:36:12+00:00","dateModified":"2022-12-20T16:01:41+00:00","breadcrumb":{"@id":"https:\/\/portalfadesp.org.br\/?page_id=1369#breadcrumb"},"inLanguage":"pt-BR","potentialAction":[{"@type":"ReadAction","target":["https:\/\/portalfadesp.org.br\/?page_id=1369"]}]},{"@type":"BreadcrumbList","@id":"https:\/\/portalfadesp.org.br\/?page_id=1369#breadcrumb","itemListElement":[{"@type":"ListItem","position":1,"name":"In\u00edcio","item":"https:\/\/portalfadesp.org.br\/"},{"@type":"ListItem","position":2,"name":"Concursos &#8211; Homologados","item":"https:\/\/portalfadesp.org.br\/?page_id=329"},{"@type":"ListItem","position":3,"name":"Prefeitura Municipal de Senador Jos\u00e9 Porf\u00edrio &#8211; 2009"}]},{"@type":"WebSite","@id":"https:\/\/portalfadesp.org.br\/#website","url":"https:\/\/portalfadesp.org.br\/","name":"FADESP","description":"Funda\u00e7\u00e3o de Amparo e Desenvolvimento da Pesquisa","publisher":{"@id":"https:\/\/portalfadesp.org.br\/#organization"},"potentialAction":[{"@type":"SearchAction","target":{"@type":"EntryPoint","urlTemplate":"https:\/\/portalfadesp.org.br\/?s={search_term_string}"},"query-input":{"@type":"PropertyValueSpecification","valueRequired":true,"valueName":"search_term_string"}}],"inLanguage":"pt-BR"},{"@type":"Organization","@id":"https:\/\/portalfadesp.org.br\/#organization","name":"FADESP","url":"https:\/\/portalfadesp.org.br\/","logo":{"@type":"ImageObject","inLanguage":"pt-BR","@id":"https:\/\/portalfadesp.org.br\/#\/schema\/logo\/image\/","url":"https:\/\/portalfadesp.org.br\/wp-content\/uploads\/2024\/01\/NOVOLOGOFADESPlaranjaH.png","contentUrl":"https:\/\/portalfadesp.org.br\/wp-content\/uploads\/2024\/01\/NOVOLOGOFADESPlaranjaH.png","width":2742,"height":839,"caption":"FADESP"},"image":{"@id":"https:\/\/portalfadesp.org.br\/#\/schema\/logo\/image\/"},"sameAs":["https:\/\/www.facebook.com\/Fadesp-138351949524662\/","https:\/\/x.com\/Fadesp","https:\/\/www.instagram.com\/fadesp_ufpa\/","https:\/\/www.youtube.com\/@fundacaodeamparoedesenvolv1903","https:\/\/www.threads.net\/@fadesp_ufpa"]}]}},"_links":{"self":[{"href":"https:\/\/portalfadesp.org.br\/index.php?rest_route=\/wp\/v2\/pages\/1369","targetHints":{"allow":["GET"]}}],"collection":[{"href":"https:\/\/portalfadesp.org.br\/index.php?rest_route=\/wp\/v2\/pages"}],"about":[{"href":"https:\/\/portalfadesp.org.br\/index.php?rest_route=\/wp\/v2\/types\/page"}],"author":[{"embeddable":true,"href":"https:\/\/portalfadesp.org.br\/index.php?rest_route=\/wp\/v2\/users\/9"}],"replies":[{"embeddable":true,"href":"https:\/\/portalfadesp.org.br\/index.php?rest_route=%2Fwp%2Fv2%2Fcomments&post=1369"}],"version-history":[{"count":25,"href":"https:\/\/portalfadesp.org.br\/index.php?rest_route=\/wp\/v2\/pages\/1369\/revisions"}],"predecessor-version":[{"id":36811,"href":"https:\/\/portalfadesp.org.br\/index.php?rest_route=\/wp\/v2\/pages\/1369\/revisions\/36811"}],"up":[{"embeddable":true,"href":"https:\/\/portalfadesp.org.br\/index.php?rest_route=\/wp\/v2\/pages\/329"}],"wp:attachment":[{"href":"https:\/\/portalfadesp.org.br\/index.php?rest_route=%2Fwp%2Fv2%2Fmedia&parent=1369"}],"curies":[{"name":"wp","href":"https:\/\/api.w.org\/{rel}","templated":true}]}}