{"id":1368,"date":"2009-05-22T01:36:05","date_gmt":"2009-05-22T04:36:05","guid":{"rendered":"https:\/\/162.215.13.167?page_id=1368"},"modified":"2022-12-20T13:01:39","modified_gmt":"2022-12-20T16:01:39","slug":"iasep-2009","status":"publish","type":"page","link":"https:\/\/portalfadesp.org.br\/?page_id=1368","title":{"rendered":"Instituto de Assist\u00eancia dos Servidores \u00e0 Sa\u00fade do Estado do Par\u00e1 (IASEP) &#8211; 2009"},"content":{"rendered":"\t\t<div data-elementor-type=\"wp-post\" data-elementor-id=\"1368\" class=\"elementor elementor-1368\" data-elementor-post-type=\"page\">\n\t\t\t\t\t\t<section class=\"elementor-section elementor-top-section elementor-element elementor-element-481e324e elementor-section-full_width elementor-section-height-default elementor-section-height-default\" data-id=\"481e324e\" data-element_type=\"section\">\n\t\t\t\t\t\t<div class=\"elementor-container elementor-column-gap-default\">\n\t\t\t\t\t<div class=\"elementor-column elementor-col-100 elementor-top-column elementor-element elementor-element-2d4d645e\" data-id=\"2d4d645e\" data-element_type=\"column\">\n\t\t\t<div class=\"elementor-widget-wrap elementor-element-populated\">\n\t\t\t\t\t\t<div class=\"elementor-element elementor-element-401eb542 elementor-widget elementor-widget-heading\" data-id=\"401eb542\" data-element_type=\"widget\" data-widget_type=\"heading.default\">\n\t\t\t\t<div class=\"elementor-widget-container\">\n\t\t\t\t\t<h1 class=\"elementor-heading-title elementor-size-default\">Instituto de Assist\u00eancia dos Servidores \u00e0 Sa\u00fade do Estado do Par\u00e1 (IASEP) \u2013 2009<\/h1>\t\t\t\t<\/div>\n\t\t\t\t<\/div>\n\t\t\t\t<section class=\"elementor-section elementor-inner-section elementor-element elementor-element-2d643b0e elementor-section-boxed elementor-section-height-default elementor-section-height-default\" data-id=\"2d643b0e\" data-element_type=\"section\">\n\t\t\t\t\t\t<div class=\"elementor-container elementor-column-gap-default\">\n\t\t\t\t\t<div class=\"elementor-column elementor-col-50 elementor-inner-column elementor-element elementor-element-2c6af8ac\" data-id=\"2c6af8ac\" data-element_type=\"column\">\n\t\t\t<div class=\"elementor-widget-wrap elementor-element-populated\">\n\t\t\t\t\t\t<div class=\"elementor-element elementor-element-532df8a5 elementor-widget elementor-widget-text-editor\" data-id=\"532df8a5\" data-element_type=\"widget\" data-widget_type=\"text-editor.default\">\n\t\t\t\t<div class=\"elementor-widget-container\">\n\t\t\t\t\t\t\t\t\t<p>A Secretaria de Estado de Administra\u00e7\u00e3o (SEAD) torna P\u00fablica Uma Realiza\u00e7\u00e3o de Concurso P\u00fablico n \u00ba provimento de Cargas de N\u00edvel superior e de n\u00edvel m\u00e9dio do Instituto de Assist\u00eancia dos Servidores \u00e0 Sa\u00fade do Estado do Par\u00e1 (IASEP), Em termos nsa Em fazer DISPOSTO NA Lei n \u00b0 7.290 de 24 de julho de 2009, Lei n \u00b0 5.810 de 24 de janeiro de 1994 (Regime Jur\u00eddico \u00danico) e Portaria n \u00b0 29 1163\/GS\/SEAD de outubro de 2009 Mediante, Como e Condi\u00e7\u00f5es estabelecidas Neste Edital.\u00a0<\/p><p><strong>Vagas &#8211;\u00a0<\/strong>133<\/p><p><strong>Cargos &#8211;\u00a0<\/strong>N\u00edvel M\u00e9dio: T\u00e9cnico de Enfermagem, Assistente de Inform\u00e1tica e Assistente Administrativo.<\/p><p><strong>N\u00edvel Superior:\u00a0<\/strong>\u00a0Enfermagem &#8211; Especialidade Per\u00edcia e Auditoria, Enfermagem &#8211; Especialidade Oncologia, Farm\u00e1cia-Bioqu\u00edmica, Fisioterapia, Fonoaudiologia, Medicina &#8211; Especialidade Cl\u00ednica M\u00e9dica, Medicina &#8211; Especialidade Cancerologia \/ Cancerologia Cl\u00ednica, Medicina &#8211; Especialidade Cirurgia Geral, Medicina &#8211; Especializa\u00e7\u00e3o Auditoria M\u00e9dica, Nutri\u00e7\u00e3o, Odontologia, Odontologia &#8211; Especializa\u00e7\u00e3o em Dent\u00edstica,Psicologia &#8211; Especialidade Psicologia Cl\u00ednica, Psicologia &#8211; Especialidade Psicologia Hospitalar, Servi\u00e7o Social,\u00a0 Administra\u00e7\u00e3o, Ci\u00eancias Cont\u00e1beis, Ci\u00eancias Econ\u00f4micas, Servi\u00e7o Social, Biblioteconomia , Estat\u00edstica, Estat\u00edstica &#8211; Especializa\u00e7\u00e3o em Bioestat\u00edstica, T\u00e9cnico em Inform\u00e1tica.<\/p><p><strong><br \/>Remunera\u00e7\u00e3o &#8211;\u00a0<\/strong>R$ 752,41 a R$ 1.114,95<\/p><p><strong>Inscri\u00e7\u00f5es &#8211;\u00a0<\/strong>24\/11\/09 a 23\/12\/09<strong><br \/><\/strong><\/p><p><strong>Taxa &#8211;\u00a0<\/strong>R$ 50,00 (N\u00edvel M\u00e9dio) e R$ 70,00 (N\u00edvel Superior)<\/p><p><strong>Datas importantes<\/strong>:<\/p><p>Per\u00edodo de Inscri\u00e7\u00e3o &#8211; 24\/11\/09 a 23\/12\/09<\/p><p>Cart\u00e3o de Inscri\u00e7\u00e3o &#8211;\u00a012 a 15\/01\/10<\/p><p>Data da Prova Objetiva &#8211; 07\/02\/10<\/p>\t\t\t\t\t\t\t\t<\/div>\n\t\t\t\t<\/div>\n\t\t\t\t\t<\/div>\n\t\t<\/div>\n\t\t\t\t<div class=\"elementor-column elementor-col-50 elementor-inner-column elementor-element elementor-element-2c8d58a4\" data-id=\"2c8d58a4\" data-element_type=\"column\">\n\t\t\t<div class=\"elementor-widget-wrap elementor-element-populated\">\n\t\t\t\t\t\t<div class=\"elementor-element elementor-element-635ed39d elementor-widget elementor-widget-text-editor\" data-id=\"635ed39d\" data-element_type=\"widget\" data-widget_type=\"text-editor.default\">\n\t\t\t\t<div class=\"elementor-widget-container\">\n\t\t\t\t\t\t\t\t\t<p style=\"text-align: center;\"><span style=\"color: #ffffff;\"><strong>Editais e Avisos<\/strong><\/span><\/p>\t\t\t\t\t\t\t\t<\/div>\n\t\t\t\t<\/div>\n\t\t\t\t<div class=\"elementor-element elementor-element-698e97fc elementor-widget elementor-widget-text-editor\" data-id=\"698e97fc\" data-element_type=\"widget\" data-widget_type=\"text-editor.default\">\n\t\t\t\t<div class=\"elementor-widget-container\">\n\t\t\t\t\t\t\t\t\t<table width=\"80\">\n<tbody>\n<tr>\n<td width=\"80\"><strong><a href=\"..\/midias\/anexos\/364_pontuacaocriteriosdesempate.zip\">Pontua\u00e7\u00e3o Crit\u00e9rios Desempate<\/a><\/strong><\/td>\n<\/tr>\n<tr>\n<td width=\"80\"><strong><a href=\"..\/midias\/anexos\/364_edital_n_09_2010_sead_iasep.zip\">Edital N\u00ba 09 2010 SEAD IASEP<\/a><\/strong><\/td>\n<\/tr>\n<tr>\n<td width=\"80\"><strong><a href=\"..\/midias\/anexos\/364_edital_n_08_2010_sead_iasep.zip\">Edital N\u00ba 08 2010 SEAD IASEP<\/a><\/strong><\/td>\n<\/tr>\n<tr>\n<td width=\"80\"><strong><a href=\"..\/midias\/anexos\/364_edital_n_07_2010_sead_iasep.zip\">Edital N\u00ba 07 2010 SEAD IASEP<\/a><\/strong><\/td>\n<\/tr>\n<tr>\n<td width=\"80\"><strong><a href=\"..\/midias\/anexos\/364_edital_n_06_2010_sead_iasep.zip\">Edital N\u00ba 06 2010 SEAD IASEP<\/a><\/strong><\/td>\n<\/tr>\n<tr>\n<td width=\"80\"><strong><a href=\"..\/midias\/anexos\/364_edital_n_05__2010_sead_iasep.zip\">Edital N\u00ba 05 2010 SEAD IASEP<\/a><\/strong><\/td>\n<\/tr>\n<tr>\n<td width=\"80\"><strong><a href=\"..\/midias\/anexos\/364_situacao_geral_de_todos_os_candidatos.zip\">Situac\u00e3o Geral de Todos os Candidatos<\/a><\/strong><\/td>\n<\/tr>\n<tr>\n<td width=\"80\"><strong><a href=\"..\/midias\/anexos\/364_edital_n_04_2010_sead_iasep.zip\">Resultado &#8211; Edital N\u00ba 04 2010 SEAD IASEP<\/a><\/strong><\/td>\n<\/tr>\n<tr>\n<td width=\"80\"><strong><a href=\"..\/midias\/anexos\/364_edital_n_03_2010_sead_iasep.zip\">Resultado &#8211; edital N\u00ba 03 2010 SEAD IASEP<\/a><\/strong><\/td>\n<\/tr>\n<tr>\n<td width=\"80\"><strong><a href=\"..\/midias\/anexos\/364_formulrio_de_entrega_de_ttulos.pdf\">Formul\u00e1rio de Entrega de Ttulos\u00a0<\/a><\/strong><\/td>\n<\/tr>\n<tr>\n<td width=\"80\"><strong><a href=\"..\/midias\/anexos\/364_formulario_de_entrega_de_documentos.pdf\">Formul\u00e1rio de Entrega de Documentos<\/a><\/strong><\/td>\n<\/tr>\n<tr>\n<td width=\"80\"><strong><a href=\"..\/midias\/anexos\/364_gabaritos_oficial_definitivo_retificado.pdf\">Gabaritos Oficial Definitivo (Retificado)<\/a><\/strong><\/td>\n<\/tr>\n<tr>\n<td width=\"80\"><strong><a href=\"..\/midias\/anexos\/364_gabaritos_oficial_definitivo.pdf\">Gabaritos Oficial Definitivo<\/a><\/strong><\/td>\n<\/tr>\n<tr>\n<td width=\"80\"><strong><a href=\"..\/midias\/anexos\/364_gabaritos_oficial_preliminar_-_iasep.zip\">Gabaritos Oficial Preliminar<\/a><\/strong><\/td>\n<\/tr>\n<tr>\n<td width=\"80\"><strong><a href=\"..\/midias\/anexos\/364_edital_n_02_2009_sead_iasep__alteracao_de_2.zip\">Edital 02 2009 IASEP &#8211; Prorroga\u00e7\u00e3o de datas (23\/12\/2009)<\/a><\/strong><\/td>\n<\/tr>\n<tr>\n<td width=\"80\"><strong><a href=\"..\/midias\/anexos\/364_resultado_isencao.zip\">Resultado de Isen\u00e7\u00e3o<\/a><\/strong><\/td>\n<\/tr>\n<tr>\n<td width=\"80\"><strong><a href=\"..\/midias\/anexos\/364_formulario_de_isencao.zip\">Formul\u00e1rio de Isen\u00e7\u00e3o<\/a><\/strong><\/td>\n<\/tr>\n<tr>\n<td width=\"80\"><strong><a href=\"..\/midias\/anexos\/364_regime_juridico_unico.zip\">Regime Jur\u00eddico \u00danico<\/a><\/strong><\/td>\n<\/tr>\n<tr>\n<td width=\"80\"><strong><a href=\"..\/midias\/anexos\/364_edital_01_2009_iasep_retificado.zip\">Edital 01 2009 IASEP Retifica\u00e7\u00e3o &#8211; Altera\u00e7\u00f5es de Conte\u00fado Program\u00e1tico (23\/11\/2009)<\/a><\/strong><\/td>\n<\/tr>\n<\/tbody>\n<\/table>\t\t\t\t\t\t\t\t<\/div>\n\t\t\t\t<\/div>\n\t\t\t\t\t<\/div>\n\t\t<\/div>\n\t\t\t\t\t<\/div>\n\t\t<\/section>\n\t\t\t\t\t<\/div>\n\t\t<\/div>\n\t\t\t\t\t<\/div>\n\t\t<\/section>\n\t\t\t\t<\/div>\n\t\t","protected":false},"excerpt":{"rendered":"<p>Instituto de Assist\u00eancia dos Servidores \u00e0 Sa\u00fade do Estado do Par\u00e1 (IASEP) \u2013 2009 A Secretaria de Estado de Administra\u00e7\u00e3o (SEAD) torna P\u00fablica Uma Realiza\u00e7\u00e3o de Concurso P\u00fablico n \u00ba provimento de Cargas de N\u00edvel superior e de n\u00edvel m\u00e9dio do Instituto de Assist\u00eancia dos Servidores \u00e0 Sa\u00fade do Estado do Par\u00e1 (IASEP), Em termos [&hellip;]<\/p>\n","protected":false},"author":9,"featured_media":0,"parent":329,"menu_order":60,"comment_status":"closed","ping_status":"closed","template":"","meta":{"_monsterinsights_skip_tracking":false,"_monsterinsights_sitenote_active":false,"_monsterinsights_sitenote_note":"","_monsterinsights_sitenote_category":0,"footnotes":""},"class_list":["post-1368","page","type-page","status-publish","hentry","entry"],"yoast_head":"<!-- This site is optimized with the Yoast SEO plugin v25.1 - https:\/\/yoast.com\/wordpress\/plugins\/seo\/ -->\n<title>Instituto de Assist\u00eancia dos Servidores \u00e0 Sa\u00fade do Estado do Par\u00e1 (IASEP) - 2009 - FADESP<\/title>\n<meta name=\"robots\" content=\"index, follow, max-snippet:-1, max-image-preview:large, max-video-preview:-1\" \/>\n<link rel=\"canonical\" href=\"https:\/\/portalfadesp.org.br\/?page_id=1368\" \/>\n<meta property=\"og:locale\" content=\"pt_BR\" \/>\n<meta property=\"og:type\" content=\"article\" \/>\n<meta property=\"og:title\" content=\"Instituto de Assist\u00eancia dos Servidores \u00e0 Sa\u00fade do Estado do Par\u00e1 (IASEP) - 2009 - FADESP\" \/>\n<meta property=\"og:description\" content=\"Instituto de Assist\u00eancia dos Servidores \u00e0 Sa\u00fade do Estado do Par\u00e1 (IASEP) \u2013 2009 A Secretaria de Estado de Administra\u00e7\u00e3o (SEAD) torna P\u00fablica Uma Realiza\u00e7\u00e3o de Concurso P\u00fablico n \u00ba provimento de Cargas de N\u00edvel superior e de n\u00edvel m\u00e9dio do Instituto de Assist\u00eancia dos Servidores \u00e0 Sa\u00fade do Estado do Par\u00e1 (IASEP), Em termos [&hellip;]\" \/>\n<meta property=\"og:url\" content=\"https:\/\/portalfadesp.org.br\/?page_id=1368\" \/>\n<meta property=\"og:site_name\" content=\"FADESP\" \/>\n<meta property=\"article:publisher\" content=\"https:\/\/www.facebook.com\/Fadesp-138351949524662\/\" \/>\n<meta property=\"article:modified_time\" content=\"2022-12-20T16:01:39+00:00\" \/>\n<meta name=\"twitter:card\" content=\"summary_large_image\" \/>\n<meta name=\"twitter:site\" content=\"@Fadesp\" \/>\n<meta name=\"twitter:label1\" content=\"Est. tempo de leitura\" \/>\n\t<meta name=\"twitter:data1\" content=\"2 minutos\" \/>\n<script type=\"application\/ld+json\" class=\"yoast-schema-graph\">{\"@context\":\"https:\/\/schema.org\",\"@graph\":[{\"@type\":\"WebPage\",\"@id\":\"https:\/\/portalfadesp.org.br\/?page_id=1368\",\"url\":\"https:\/\/portalfadesp.org.br\/?page_id=1368\",\"name\":\"Instituto de Assist\u00eancia dos Servidores \u00e0 Sa\u00fade do Estado do Par\u00e1 (IASEP) - 2009 - FADESP\",\"isPartOf\":{\"@id\":\"https:\/\/portalfadesp.org.br\/#website\"},\"datePublished\":\"2009-05-22T04:36:05+00:00\",\"dateModified\":\"2022-12-20T16:01:39+00:00\",\"breadcrumb\":{\"@id\":\"https:\/\/portalfadesp.org.br\/?page_id=1368#breadcrumb\"},\"inLanguage\":\"pt-BR\",\"potentialAction\":[{\"@type\":\"ReadAction\",\"target\":[\"https:\/\/portalfadesp.org.br\/?page_id=1368\"]}]},{\"@type\":\"BreadcrumbList\",\"@id\":\"https:\/\/portalfadesp.org.br\/?page_id=1368#breadcrumb\",\"itemListElement\":[{\"@type\":\"ListItem\",\"position\":1,\"name\":\"In\u00edcio\",\"item\":\"https:\/\/portalfadesp.org.br\/\"},{\"@type\":\"ListItem\",\"position\":2,\"name\":\"Concursos &#8211; Homologados\",\"item\":\"https:\/\/portalfadesp.org.br\/?page_id=329\"},{\"@type\":\"ListItem\",\"position\":3,\"name\":\"Instituto de Assist\u00eancia dos Servidores \u00e0 Sa\u00fade do Estado do Par\u00e1 (IASEP) &#8211; 2009\"}]},{\"@type\":\"WebSite\",\"@id\":\"https:\/\/portalfadesp.org.br\/#website\",\"url\":\"https:\/\/portalfadesp.org.br\/\",\"name\":\"FADESP\",\"description\":\"Funda\u00e7\u00e3o de Amparo e Desenvolvimento da Pesquisa\",\"publisher\":{\"@id\":\"https:\/\/portalfadesp.org.br\/#organization\"},\"potentialAction\":[{\"@type\":\"SearchAction\",\"target\":{\"@type\":\"EntryPoint\",\"urlTemplate\":\"https:\/\/portalfadesp.org.br\/?s={search_term_string}\"},\"query-input\":{\"@type\":\"PropertyValueSpecification\",\"valueRequired\":true,\"valueName\":\"search_term_string\"}}],\"inLanguage\":\"pt-BR\"},{\"@type\":\"Organization\",\"@id\":\"https:\/\/portalfadesp.org.br\/#organization\",\"name\":\"FADESP\",\"url\":\"https:\/\/portalfadesp.org.br\/\",\"logo\":{\"@type\":\"ImageObject\",\"inLanguage\":\"pt-BR\",\"@id\":\"https:\/\/portalfadesp.org.br\/#\/schema\/logo\/image\/\",\"url\":\"https:\/\/portalfadesp.org.br\/wp-content\/uploads\/2024\/01\/NOVOLOGOFADESPlaranjaH.png\",\"contentUrl\":\"https:\/\/portalfadesp.org.br\/wp-content\/uploads\/2024\/01\/NOVOLOGOFADESPlaranjaH.png\",\"width\":2742,\"height\":839,\"caption\":\"FADESP\"},\"image\":{\"@id\":\"https:\/\/portalfadesp.org.br\/#\/schema\/logo\/image\/\"},\"sameAs\":[\"https:\/\/www.facebook.com\/Fadesp-138351949524662\/\",\"https:\/\/x.com\/Fadesp\",\"https:\/\/www.instagram.com\/fadesp_ufpa\/\",\"https:\/\/www.youtube.com\/@fundacaodeamparoedesenvolv1903\",\"https:\/\/www.threads.net\/@fadesp_ufpa\"]}]}<\/script>\n<!-- \/ Yoast SEO plugin. -->","yoast_head_json":{"title":"Instituto de Assist\u00eancia dos Servidores \u00e0 Sa\u00fade do Estado do Par\u00e1 (IASEP) - 2009 - FADESP","robots":{"index":"index","follow":"follow","max-snippet":"max-snippet:-1","max-image-preview":"max-image-preview:large","max-video-preview":"max-video-preview:-1"},"canonical":"https:\/\/portalfadesp.org.br\/?page_id=1368","og_locale":"pt_BR","og_type":"article","og_title":"Instituto de Assist\u00eancia dos Servidores \u00e0 Sa\u00fade do Estado do Par\u00e1 (IASEP) - 2009 - FADESP","og_description":"Instituto de Assist\u00eancia dos Servidores \u00e0 Sa\u00fade do Estado do Par\u00e1 (IASEP) \u2013 2009 A Secretaria de Estado de Administra\u00e7\u00e3o (SEAD) torna P\u00fablica Uma Realiza\u00e7\u00e3o de Concurso P\u00fablico n \u00ba provimento de Cargas de N\u00edvel superior e de n\u00edvel m\u00e9dio do Instituto de Assist\u00eancia dos Servidores \u00e0 Sa\u00fade do Estado do Par\u00e1 (IASEP), Em termos [&hellip;]","og_url":"https:\/\/portalfadesp.org.br\/?page_id=1368","og_site_name":"FADESP","article_publisher":"https:\/\/www.facebook.com\/Fadesp-138351949524662\/","article_modified_time":"2022-12-20T16:01:39+00:00","twitter_card":"summary_large_image","twitter_site":"@Fadesp","twitter_misc":{"Est. tempo de leitura":"2 minutos"},"schema":{"@context":"https:\/\/schema.org","@graph":[{"@type":"WebPage","@id":"https:\/\/portalfadesp.org.br\/?page_id=1368","url":"https:\/\/portalfadesp.org.br\/?page_id=1368","name":"Instituto de Assist\u00eancia dos Servidores \u00e0 Sa\u00fade do Estado do Par\u00e1 (IASEP) - 2009 - FADESP","isPartOf":{"@id":"https:\/\/portalfadesp.org.br\/#website"},"datePublished":"2009-05-22T04:36:05+00:00","dateModified":"2022-12-20T16:01:39+00:00","breadcrumb":{"@id":"https:\/\/portalfadesp.org.br\/?page_id=1368#breadcrumb"},"inLanguage":"pt-BR","potentialAction":[{"@type":"ReadAction","target":["https:\/\/portalfadesp.org.br\/?page_id=1368"]}]},{"@type":"BreadcrumbList","@id":"https:\/\/portalfadesp.org.br\/?page_id=1368#breadcrumb","itemListElement":[{"@type":"ListItem","position":1,"name":"In\u00edcio","item":"https:\/\/portalfadesp.org.br\/"},{"@type":"ListItem","position":2,"name":"Concursos &#8211; Homologados","item":"https:\/\/portalfadesp.org.br\/?page_id=329"},{"@type":"ListItem","position":3,"name":"Instituto de Assist\u00eancia dos Servidores \u00e0 Sa\u00fade do Estado do Par\u00e1 (IASEP) &#8211; 2009"}]},{"@type":"WebSite","@id":"https:\/\/portalfadesp.org.br\/#website","url":"https:\/\/portalfadesp.org.br\/","name":"FADESP","description":"Funda\u00e7\u00e3o de Amparo e Desenvolvimento da Pesquisa","publisher":{"@id":"https:\/\/portalfadesp.org.br\/#organization"},"potentialAction":[{"@type":"SearchAction","target":{"@type":"EntryPoint","urlTemplate":"https:\/\/portalfadesp.org.br\/?s={search_term_string}"},"query-input":{"@type":"PropertyValueSpecification","valueRequired":true,"valueName":"search_term_string"}}],"inLanguage":"pt-BR"},{"@type":"Organization","@id":"https:\/\/portalfadesp.org.br\/#organization","name":"FADESP","url":"https:\/\/portalfadesp.org.br\/","logo":{"@type":"ImageObject","inLanguage":"pt-BR","@id":"https:\/\/portalfadesp.org.br\/#\/schema\/logo\/image\/","url":"https:\/\/portalfadesp.org.br\/wp-content\/uploads\/2024\/01\/NOVOLOGOFADESPlaranjaH.png","contentUrl":"https:\/\/portalfadesp.org.br\/wp-content\/uploads\/2024\/01\/NOVOLOGOFADESPlaranjaH.png","width":2742,"height":839,"caption":"FADESP"},"image":{"@id":"https:\/\/portalfadesp.org.br\/#\/schema\/logo\/image\/"},"sameAs":["https:\/\/www.facebook.com\/Fadesp-138351949524662\/","https:\/\/x.com\/Fadesp","https:\/\/www.instagram.com\/fadesp_ufpa\/","https:\/\/www.youtube.com\/@fundacaodeamparoedesenvolv1903","https:\/\/www.threads.net\/@fadesp_ufpa"]}]}},"_links":{"self":[{"href":"https:\/\/portalfadesp.org.br\/index.php?rest_route=\/wp\/v2\/pages\/1368","targetHints":{"allow":["GET"]}}],"collection":[{"href":"https:\/\/portalfadesp.org.br\/index.php?rest_route=\/wp\/v2\/pages"}],"about":[{"href":"https:\/\/portalfadesp.org.br\/index.php?rest_route=\/wp\/v2\/types\/page"}],"author":[{"embeddable":true,"href":"https:\/\/portalfadesp.org.br\/index.php?rest_route=\/wp\/v2\/users\/9"}],"replies":[{"embeddable":true,"href":"https:\/\/portalfadesp.org.br\/index.php?rest_route=%2Fwp%2Fv2%2Fcomments&post=1368"}],"version-history":[{"count":29,"href":"https:\/\/portalfadesp.org.br\/index.php?rest_route=\/wp\/v2\/pages\/1368\/revisions"}],"predecessor-version":[{"id":36808,"href":"https:\/\/portalfadesp.org.br\/index.php?rest_route=\/wp\/v2\/pages\/1368\/revisions\/36808"}],"up":[{"embeddable":true,"href":"https:\/\/portalfadesp.org.br\/index.php?rest_route=\/wp\/v2\/pages\/329"}],"wp:attachment":[{"href":"https:\/\/portalfadesp.org.br\/index.php?rest_route=%2Fwp%2Fv2%2Fmedia&parent=1368"}],"curies":[{"name":"wp","href":"https:\/\/api.w.org\/{rel}","templated":true}]}}