{"id":1367,"date":"2009-05-22T01:35:58","date_gmt":"2009-05-22T04:35:58","guid":{"rendered":"https:\/\/162.215.13.167?page_id=1367"},"modified":"2022-12-20T13:01:37","modified_gmt":"2022-12-20T16:01:37","slug":"sespa-2009","status":"publish","type":"page","link":"https:\/\/portalfadesp.org.br\/?page_id=1367","title":{"rendered":"SESPA &#8211; 2009"},"content":{"rendered":"\t\t<div data-elementor-type=\"wp-post\" data-elementor-id=\"1367\" class=\"elementor elementor-1367\" data-elementor-post-type=\"page\">\n\t\t\t\t\t\t<section class=\"elementor-section elementor-top-section elementor-element elementor-element-4b8e2484 elementor-section-full_width elementor-section-height-default elementor-section-height-default\" data-id=\"4b8e2484\" data-element_type=\"section\">\n\t\t\t\t\t\t<div class=\"elementor-container elementor-column-gap-default\">\n\t\t\t\t\t<div class=\"elementor-column elementor-col-100 elementor-top-column elementor-element elementor-element-7d057857\" data-id=\"7d057857\" data-element_type=\"column\">\n\t\t\t<div class=\"elementor-widget-wrap elementor-element-populated\">\n\t\t\t\t\t\t<div class=\"elementor-element elementor-element-41d79a08 elementor-widget elementor-widget-heading\" data-id=\"41d79a08\" data-element_type=\"widget\" data-widget_type=\"heading.default\">\n\t\t\t\t<div class=\"elementor-widget-container\">\n\t\t\t\t\t<h1 class=\"elementor-heading-title elementor-size-default\">SESPA - 2009<\/h1>\t\t\t\t<\/div>\n\t\t\t\t<\/div>\n\t\t\t\t<section class=\"elementor-section elementor-inner-section elementor-element elementor-element-529bf406 elementor-section-boxed elementor-section-height-default elementor-section-height-default\" data-id=\"529bf406\" data-element_type=\"section\">\n\t\t\t\t\t\t<div class=\"elementor-container elementor-column-gap-default\">\n\t\t\t\t\t<div class=\"elementor-column elementor-col-50 elementor-inner-column elementor-element elementor-element-31d12d3e\" data-id=\"31d12d3e\" data-element_type=\"column\">\n\t\t\t<div class=\"elementor-widget-wrap elementor-element-populated\">\n\t\t\t\t\t\t<div class=\"elementor-element elementor-element-1665e88 elementor-widget elementor-widget-text-editor\" data-id=\"1665e88\" data-element_type=\"widget\" data-widget_type=\"text-editor.default\">\n\t\t\t\t<div class=\"elementor-widget-container\">\n\t\t\t\t\t\t\t\t\t<p>A SECRETARIA DE ESTADO DE ADMINISTRA\u00c7\u00c3O (SEAD) torna p\u00fablica a realiza\u00e7\u00e3o de concurso p\u00fablicopara provimento de cargos de n\u00edvel superior, de n\u00edvel m\u00e9dio e de n\u00edvel fundamental da Secretaria de Estado de Sa\u00fade P\u00fablica (SESPA), nos termos do disposto na Lei n\u00b0 5.838 de 22 de mar\u00e7o de 1994, Lei n\u00b0 6.834 de 13 de fevereiro de 2006, Lei n\u00ba 7.048 de 19 de outubro de 2007, Lei n\u00b0 na Lei n\u00b0 5.810 de 24 de janeiro de 1994 (Regime Jur\u00eddico \u00danico), Decretos n\u00bas. 9.883, de 26 de novembro de 1976, 455, de 10 de dezembro de 1979, 866, de 28 de julho de 1980, 5.358, de 05 de fevereiro de 1988, 0817 de 26 de dezembro de 2003 e portaria n\u00b0 1159\/GS\/SEAD de 20\/10\/2009, e mediante as condi\u00e7\u00f5es estabelecidas neste Edital.<\/p><p><strong>Vagas &#8211;\u00a0<\/strong>N\u00famero de vagas n\u00e3o informado no edital<strong>\u00a0<br \/><\/strong><\/p><p><strong>Cargos &#8211;\u00a0\u00a0<\/strong>N\u00edvel Fundamental: Agente de Artes Pr\u00e1ticas e Agente de Portaria.\u00a0<\/p><p>N\u00edvel M\u00e9dio:\u00a0 Agente Administrativo, T\u00e9cnico de Enfermagem, T\u00e9cnico em Radiologia e T\u00e9cnico em Patologia Cl\u00ednica\/Laborat\u00f3rio.<strong><br \/><\/strong><\/p><p>N\u00edvel Superior: Administrador, Arquiteto, Bi\u00f3logo, Assistente Social, Economista, Enfermeiro, Engenheiro Florestal, Engenheiro Seguran\u00e7a do Trabalho, Engenheiro Civil, Farmaceutico, Farmaceutico Bioqu\u00edmico, Fisioterapeuta, Fonoaudi\u00f3logo, M\u00e9dico Gastroenterologia, Medico\/Ginecologia e Obstetr\u00edcia, M\u00e9dico Neurocirurgia, M\u00e9dico Neurologia, M\u00e9dico Anestesiologia, M\u00e9dico Ortopedia e Traumatologia, M\u00e9dico Otorrinolaringologia, M\u00e9dico Pediatra, M\u00e9dico Veterin\u00e1rio, Nutricionista, Odont\u00f3logo, Pisoc\u00f3logo, Soci\u00f3logo, Terapeuta Ocupacional.<\/p><p><strong>Remunera\u00e7\u00e3o &#8211;\u00a0<\/strong>R$ 465,00a R$ 1.706,83<strong><br \/><\/strong><\/p><p><strong>Inscri\u00e7\u00f5es &#8211;<\/strong>\u00a010\/11\/09 a 11\/12\/09\u00a0<\/p><p><strong>Taxa &#8211;\u00a0<\/strong>R$ 40,00 (n\u00edvel fundamental;R$ 50,00 (n\u00edvel m\u00e9dio) e\u00a0R$ 70,00 (n\u00edvel superior).<\/p><p><strong>Datas importantes<\/strong>:<\/p><p>Per\u00edodo de Inscri\u00e7\u00e3o &#8211; 10\/11\/09 a 11\/12\/09<\/p><p>Per\u00edodo de taxa de Isen\u00e7\u00e3o 04 a 09\/11\/09<\/p><p>Formul\u00e1rio PcD &#8211; 04 a 09\/11\/09<\/p><p>Cart\u00e3o de Inscri\u00e7\u00e3o &#8211; 05 a 08\/01\/10<\/p><p>Data da Prova Objetiva &#8211; 31\/01\/10<\/p>\t\t\t\t\t\t\t\t<\/div>\n\t\t\t\t<\/div>\n\t\t\t\t\t<\/div>\n\t\t<\/div>\n\t\t\t\t<div class=\"elementor-column elementor-col-50 elementor-inner-column elementor-element elementor-element-2459f5de\" data-id=\"2459f5de\" data-element_type=\"column\">\n\t\t\t<div class=\"elementor-widget-wrap elementor-element-populated\">\n\t\t\t\t\t\t<div class=\"elementor-element elementor-element-4f6cab5 elementor-widget elementor-widget-text-editor\" data-id=\"4f6cab5\" data-element_type=\"widget\" data-widget_type=\"text-editor.default\">\n\t\t\t\t<div class=\"elementor-widget-container\">\n\t\t\t\t\t\t\t\t\t<p style=\"text-align: center;\"><span style=\"color: #ffffff;\"><strong>Editais e Avisos<\/strong><\/span><\/p>\t\t\t\t\t\t\t\t<\/div>\n\t\t\t\t<\/div>\n\t\t\t\t<div class=\"elementor-element elementor-element-228398f9 elementor-widget elementor-widget-text-editor\" data-id=\"228398f9\" data-element_type=\"widget\" data-widget_type=\"text-editor.default\">\n\t\t\t\t<div class=\"elementor-widget-container\">\n\t\t\t\t\t\t\t\t\t<table width=\"80\">\n<tbody>\n<tr>\n<td width=\"80\"><strong><a href=\"..\/midias\/anexos\/396_pontuacaocriteriosdesempate.zip\">Pontua\u00e7\u00e3o Crit\u00e9rios de Desempate<\/a><\/strong><\/td>\n<\/tr>\n<tr>\n<td width=\"80\"><strong><a href=\"..\/midias\/anexos\/396_edital_n_10_2010_sead_sespa.zip\">Edital n\u00b0 10 2010 SEAD SESPA<\/a><\/strong><\/td>\n<\/tr>\n<tr>\n<td width=\"80\"><strong><a href=\"..\/midias\/anexos\/396_edital_n_09_2010_sead_sespa.zip\">Edital n\u00b0 09 2010 SEAD SESPA<\/a><\/strong><\/td>\n<\/tr>\n<tr>\n<td width=\"80\"><strong><a href=\"..\/midias\/anexos\/396_edital__n_08_2010_sead_sespa.zip\">Edital n\u00b0 08 2010 SEAD SESPA<\/a><\/strong><\/td>\n<\/tr>\n<tr>\n<td width=\"80\"><strong><a href=\"..\/midias\/anexos\/396_edital_n_07_2010_sead_sespa.zip\">Edital n\u00b0 07 2010 SEAD SESPA<\/a><\/strong><\/td>\n<\/tr>\n<tr>\n<td width=\"80\"><strong><a href=\"..\/midias\/anexos\/396_edital_n_06_2010_sead_sespa.zip\">Edital n\u00ba 06 2010 SEAD SESPA<\/a><\/strong><\/td>\n<\/tr>\n<tr>\n<td width=\"80\"><strong><a href=\"..\/midias\/anexos\/396_formulario_de_entrega_de_titulos.pdf\">Formul\u00e1rio de Entrega de T\u00edtulos<\/a><\/strong><\/td>\n<\/tr>\n<tr>\n<td width=\"80\"><strong><a href=\"..\/wp-content\/uploads\/2019\/10\/Formul\u00e1rio-de-Entrega-de-Documentos-Desempate.pdf\" target=\"_blank\" rel=\"noopener\">Formul\u00e1rio de Entrega de Documentos Desempate\u00a0<\/a><\/strong><\/td>\n<\/tr>\n<tr>\n<td width=\"80\"><strong><a href=\"..\/midias\/anexos\/396_edital_05_de_2010_processo_de_desempate.zip\">Edital 05 de 2010 Processo de Desempate<\/a><\/strong><\/td>\n<\/tr>\n<tr>\n<td width=\"80\"><strong><a href=\"..\/midias\/anexos\/396_edital_04_de_2010_prova_de_titulos.zip\">Edital 04 de 2010 Prova de T\u00edtulos<\/a><\/strong><\/td>\n<\/tr>\n<tr>\n<td width=\"80\"><strong><a href=\"..\/midias\/anexos\/396_situacao_geral_dos_candidatos.zip\">Situa\u00e7\u00e3o Geral de Todos os Candidatos<\/a><\/strong><\/td>\n<\/tr>\n<tr>\n<td width=\"80\"><strong><a href=\"..\/midias\/anexos\/396_pontuacaonaoaprovados.zip\">Pontua\u00e7\u00e3o dos n\u00e3o Aprovados<\/a><\/strong><\/td>\n<\/tr>\n<tr>\n<td width=\"80\"><strong><a href=\"..\/midias\/anexos\/396_pontuacaoaprovados.zip\">Pontua\u00e7\u00e3o dos Aprovados (Sem desempate)<\/a><\/strong><\/td>\n<\/tr>\n<tr>\n<td width=\"80\"><strong><a href=\"..\/midias\/anexos\/396_edital_n_03_2010_sead_sespa.zip\">Edital n\u00ba 03_2010_Sead_Sespa<\/a><\/strong><\/td>\n<\/tr>\n<tr>\n<td width=\"80\"><strong><a href=\"..\/midias\/anexos\/396_edital_n_02_2010_sead_sespa.zip\">Edital n\u00ba 02_2010_Sead_Sespa<\/a><\/strong><\/td>\n<\/tr>\n<tr>\n<td width=\"80\"><strong><a href=\"..\/midias\/anexos\/396_gabarito_oficial_definitivo.zip\">Gabaritos Oficial Definitivo<\/a><\/strong><\/td>\n<\/tr>\n<tr>\n<td width=\"80\"><strong><a href=\"..\/midias\/anexos\/396_resultado_isencao.zip\">Resultado da Isen\u00e7\u00e3o<\/a><\/strong><\/td>\n<\/tr>\n<tr>\n<td width=\"80\"><strong><a href=\"..\/midias\/anexos\/396_formulario_de_isencao.zip\">Formul\u00e1rio de Isen\u00e7\u00e3o<\/a><\/strong><\/td>\n<\/tr>\n<tr>\n<td width=\"80\"><strong><a href=\"..\/midias\/anexos\/396_formulario_vagas_de_pcd.zip\">Formul\u00e1rio Vagas de PcD<\/a><\/strong><\/td>\n<\/tr>\n<tr>\n<td width=\"80\"><strong><a href=\"..\/midias\/anexos\/396_regime_juridico_unico.zip\">Regime Jur\u00eddico \u00danico<\/a><\/strong><\/td>\n<\/tr>\n<tr>\n<td width=\"80\"><strong><a href=\"..\/midias\/anexos\/396_edital_n_01_2009_sead_sespa.zip\">Edital n\u00ba. 001\/2009 &#8211; Abertura<\/a><\/strong><\/td>\n<\/tr>\n<\/tbody>\n<\/table>\t\t\t\t\t\t\t\t<\/div>\n\t\t\t\t<\/div>\n\t\t\t\t\t<\/div>\n\t\t<\/div>\n\t\t\t\t\t<\/div>\n\t\t<\/section>\n\t\t\t\t\t<\/div>\n\t\t<\/div>\n\t\t\t\t\t<\/div>\n\t\t<\/section>\n\t\t\t\t<\/div>\n\t\t","protected":false},"excerpt":{"rendered":"<p>SESPA &#8211; 2009 A SECRETARIA DE ESTADO DE ADMINISTRA\u00c7\u00c3O (SEAD) torna p\u00fablica a realiza\u00e7\u00e3o de concurso p\u00fablicopara provimento de cargos de n\u00edvel superior, de n\u00edvel m\u00e9dio e de n\u00edvel fundamental da Secretaria de Estado de Sa\u00fade P\u00fablica (SESPA), nos termos do disposto na Lei n\u00b0 5.838 de 22 de mar\u00e7o de 1994, Lei n\u00b0 6.834 [&hellip;]<\/p>\n","protected":false},"author":9,"featured_media":0,"parent":329,"menu_order":60,"comment_status":"closed","ping_status":"closed","template":"","meta":{"_monsterinsights_skip_tracking":false,"_monsterinsights_sitenote_active":false,"_monsterinsights_sitenote_note":"","_monsterinsights_sitenote_category":0,"footnotes":""},"class_list":["post-1367","page","type-page","status-publish","hentry","entry"],"yoast_head":"<!-- This site is optimized with the Yoast SEO plugin v25.1 - https:\/\/yoast.com\/wordpress\/plugins\/seo\/ -->\n<title>SESPA - 2009 - FADESP<\/title>\n<meta name=\"robots\" content=\"index, follow, max-snippet:-1, max-image-preview:large, max-video-preview:-1\" \/>\n<link rel=\"canonical\" href=\"https:\/\/portalfadesp.org.br\/?page_id=1367\" \/>\n<meta property=\"og:locale\" content=\"pt_BR\" \/>\n<meta property=\"og:type\" content=\"article\" \/>\n<meta property=\"og:title\" content=\"SESPA - 2009 - FADESP\" \/>\n<meta property=\"og:description\" content=\"SESPA &#8211; 2009 A SECRETARIA DE ESTADO DE ADMINISTRA\u00c7\u00c3O (SEAD) torna p\u00fablica a realiza\u00e7\u00e3o de concurso p\u00fablicopara provimento de cargos de n\u00edvel superior, de n\u00edvel m\u00e9dio e de n\u00edvel fundamental da Secretaria de Estado de Sa\u00fade P\u00fablica (SESPA), nos termos do disposto na Lei n\u00b0 5.838 de 22 de mar\u00e7o de 1994, Lei n\u00b0 6.834 [&hellip;]\" \/>\n<meta property=\"og:url\" content=\"https:\/\/portalfadesp.org.br\/?page_id=1367\" \/>\n<meta property=\"og:site_name\" content=\"FADESP\" \/>\n<meta property=\"article:publisher\" content=\"https:\/\/www.facebook.com\/Fadesp-138351949524662\/\" \/>\n<meta property=\"article:modified_time\" content=\"2022-12-20T16:01:37+00:00\" \/>\n<meta name=\"twitter:card\" content=\"summary_large_image\" \/>\n<meta name=\"twitter:site\" content=\"@Fadesp\" \/>\n<meta name=\"twitter:label1\" content=\"Est. tempo de leitura\" \/>\n\t<meta name=\"twitter:data1\" content=\"2 minutos\" \/>\n<script type=\"application\/ld+json\" class=\"yoast-schema-graph\">{\"@context\":\"https:\/\/schema.org\",\"@graph\":[{\"@type\":\"WebPage\",\"@id\":\"https:\/\/portalfadesp.org.br\/?page_id=1367\",\"url\":\"https:\/\/portalfadesp.org.br\/?page_id=1367\",\"name\":\"SESPA - 2009 - FADESP\",\"isPartOf\":{\"@id\":\"https:\/\/portalfadesp.org.br\/#website\"},\"datePublished\":\"2009-05-22T04:35:58+00:00\",\"dateModified\":\"2022-12-20T16:01:37+00:00\",\"breadcrumb\":{\"@id\":\"https:\/\/portalfadesp.org.br\/?page_id=1367#breadcrumb\"},\"inLanguage\":\"pt-BR\",\"potentialAction\":[{\"@type\":\"ReadAction\",\"target\":[\"https:\/\/portalfadesp.org.br\/?page_id=1367\"]}]},{\"@type\":\"BreadcrumbList\",\"@id\":\"https:\/\/portalfadesp.org.br\/?page_id=1367#breadcrumb\",\"itemListElement\":[{\"@type\":\"ListItem\",\"position\":1,\"name\":\"In\u00edcio\",\"item\":\"https:\/\/portalfadesp.org.br\/\"},{\"@type\":\"ListItem\",\"position\":2,\"name\":\"Concursos &#8211; Homologados\",\"item\":\"https:\/\/portalfadesp.org.br\/?page_id=329\"},{\"@type\":\"ListItem\",\"position\":3,\"name\":\"SESPA &#8211; 2009\"}]},{\"@type\":\"WebSite\",\"@id\":\"https:\/\/portalfadesp.org.br\/#website\",\"url\":\"https:\/\/portalfadesp.org.br\/\",\"name\":\"FADESP\",\"description\":\"Funda\u00e7\u00e3o de Amparo e Desenvolvimento da Pesquisa\",\"publisher\":{\"@id\":\"https:\/\/portalfadesp.org.br\/#organization\"},\"potentialAction\":[{\"@type\":\"SearchAction\",\"target\":{\"@type\":\"EntryPoint\",\"urlTemplate\":\"https:\/\/portalfadesp.org.br\/?s={search_term_string}\"},\"query-input\":{\"@type\":\"PropertyValueSpecification\",\"valueRequired\":true,\"valueName\":\"search_term_string\"}}],\"inLanguage\":\"pt-BR\"},{\"@type\":\"Organization\",\"@id\":\"https:\/\/portalfadesp.org.br\/#organization\",\"name\":\"FADESP\",\"url\":\"https:\/\/portalfadesp.org.br\/\",\"logo\":{\"@type\":\"ImageObject\",\"inLanguage\":\"pt-BR\",\"@id\":\"https:\/\/portalfadesp.org.br\/#\/schema\/logo\/image\/\",\"url\":\"https:\/\/portalfadesp.org.br\/wp-content\/uploads\/2024\/01\/NOVOLOGOFADESPlaranjaH.png\",\"contentUrl\":\"https:\/\/portalfadesp.org.br\/wp-content\/uploads\/2024\/01\/NOVOLOGOFADESPlaranjaH.png\",\"width\":2742,\"height\":839,\"caption\":\"FADESP\"},\"image\":{\"@id\":\"https:\/\/portalfadesp.org.br\/#\/schema\/logo\/image\/\"},\"sameAs\":[\"https:\/\/www.facebook.com\/Fadesp-138351949524662\/\",\"https:\/\/x.com\/Fadesp\",\"https:\/\/www.instagram.com\/fadesp_ufpa\/\",\"https:\/\/www.youtube.com\/@fundacaodeamparoedesenvolv1903\",\"https:\/\/www.threads.net\/@fadesp_ufpa\"]}]}<\/script>\n<!-- \/ Yoast SEO plugin. -->","yoast_head_json":{"title":"SESPA - 2009 - FADESP","robots":{"index":"index","follow":"follow","max-snippet":"max-snippet:-1","max-image-preview":"max-image-preview:large","max-video-preview":"max-video-preview:-1"},"canonical":"https:\/\/portalfadesp.org.br\/?page_id=1367","og_locale":"pt_BR","og_type":"article","og_title":"SESPA - 2009 - FADESP","og_description":"SESPA &#8211; 2009 A SECRETARIA DE ESTADO DE ADMINISTRA\u00c7\u00c3O (SEAD) torna p\u00fablica a realiza\u00e7\u00e3o de concurso p\u00fablicopara provimento de cargos de n\u00edvel superior, de n\u00edvel m\u00e9dio e de n\u00edvel fundamental da Secretaria de Estado de Sa\u00fade P\u00fablica (SESPA), nos termos do disposto na Lei n\u00b0 5.838 de 22 de mar\u00e7o de 1994, Lei n\u00b0 6.834 [&hellip;]","og_url":"https:\/\/portalfadesp.org.br\/?page_id=1367","og_site_name":"FADESP","article_publisher":"https:\/\/www.facebook.com\/Fadesp-138351949524662\/","article_modified_time":"2022-12-20T16:01:37+00:00","twitter_card":"summary_large_image","twitter_site":"@Fadesp","twitter_misc":{"Est. tempo de leitura":"2 minutos"},"schema":{"@context":"https:\/\/schema.org","@graph":[{"@type":"WebPage","@id":"https:\/\/portalfadesp.org.br\/?page_id=1367","url":"https:\/\/portalfadesp.org.br\/?page_id=1367","name":"SESPA - 2009 - FADESP","isPartOf":{"@id":"https:\/\/portalfadesp.org.br\/#website"},"datePublished":"2009-05-22T04:35:58+00:00","dateModified":"2022-12-20T16:01:37+00:00","breadcrumb":{"@id":"https:\/\/portalfadesp.org.br\/?page_id=1367#breadcrumb"},"inLanguage":"pt-BR","potentialAction":[{"@type":"ReadAction","target":["https:\/\/portalfadesp.org.br\/?page_id=1367"]}]},{"@type":"BreadcrumbList","@id":"https:\/\/portalfadesp.org.br\/?page_id=1367#breadcrumb","itemListElement":[{"@type":"ListItem","position":1,"name":"In\u00edcio","item":"https:\/\/portalfadesp.org.br\/"},{"@type":"ListItem","position":2,"name":"Concursos &#8211; Homologados","item":"https:\/\/portalfadesp.org.br\/?page_id=329"},{"@type":"ListItem","position":3,"name":"SESPA &#8211; 2009"}]},{"@type":"WebSite","@id":"https:\/\/portalfadesp.org.br\/#website","url":"https:\/\/portalfadesp.org.br\/","name":"FADESP","description":"Funda\u00e7\u00e3o de Amparo e Desenvolvimento da Pesquisa","publisher":{"@id":"https:\/\/portalfadesp.org.br\/#organization"},"potentialAction":[{"@type":"SearchAction","target":{"@type":"EntryPoint","urlTemplate":"https:\/\/portalfadesp.org.br\/?s={search_term_string}"},"query-input":{"@type":"PropertyValueSpecification","valueRequired":true,"valueName":"search_term_string"}}],"inLanguage":"pt-BR"},{"@type":"Organization","@id":"https:\/\/portalfadesp.org.br\/#organization","name":"FADESP","url":"https:\/\/portalfadesp.org.br\/","logo":{"@type":"ImageObject","inLanguage":"pt-BR","@id":"https:\/\/portalfadesp.org.br\/#\/schema\/logo\/image\/","url":"https:\/\/portalfadesp.org.br\/wp-content\/uploads\/2024\/01\/NOVOLOGOFADESPlaranjaH.png","contentUrl":"https:\/\/portalfadesp.org.br\/wp-content\/uploads\/2024\/01\/NOVOLOGOFADESPlaranjaH.png","width":2742,"height":839,"caption":"FADESP"},"image":{"@id":"https:\/\/portalfadesp.org.br\/#\/schema\/logo\/image\/"},"sameAs":["https:\/\/www.facebook.com\/Fadesp-138351949524662\/","https:\/\/x.com\/Fadesp","https:\/\/www.instagram.com\/fadesp_ufpa\/","https:\/\/www.youtube.com\/@fundacaodeamparoedesenvolv1903","https:\/\/www.threads.net\/@fadesp_ufpa"]}]}},"_links":{"self":[{"href":"https:\/\/portalfadesp.org.br\/index.php?rest_route=\/wp\/v2\/pages\/1367","targetHints":{"allow":["GET"]}}],"collection":[{"href":"https:\/\/portalfadesp.org.br\/index.php?rest_route=\/wp\/v2\/pages"}],"about":[{"href":"https:\/\/portalfadesp.org.br\/index.php?rest_route=\/wp\/v2\/types\/page"}],"author":[{"embeddable":true,"href":"https:\/\/portalfadesp.org.br\/index.php?rest_route=\/wp\/v2\/users\/9"}],"replies":[{"embeddable":true,"href":"https:\/\/portalfadesp.org.br\/index.php?rest_route=%2Fwp%2Fv2%2Fcomments&post=1367"}],"version-history":[{"count":22,"href":"https:\/\/portalfadesp.org.br\/index.php?rest_route=\/wp\/v2\/pages\/1367\/revisions"}],"predecessor-version":[{"id":36804,"href":"https:\/\/portalfadesp.org.br\/index.php?rest_route=\/wp\/v2\/pages\/1367\/revisions\/36804"}],"up":[{"embeddable":true,"href":"https:\/\/portalfadesp.org.br\/index.php?rest_route=\/wp\/v2\/pages\/329"}],"wp:attachment":[{"href":"https:\/\/portalfadesp.org.br\/index.php?rest_route=%2Fwp%2Fv2%2Fmedia&parent=1367"}],"curies":[{"name":"wp","href":"https:\/\/api.w.org\/{rel}","templated":true}]}}