{"id":1365,"date":"2009-05-22T01:35:39","date_gmt":"2009-05-22T04:35:39","guid":{"rendered":"https:\/\/162.215.13.167?page_id=1365"},"modified":"2022-12-20T13:05:55","modified_gmt":"2022-12-20T16:05:55","slug":"prefeitura-municipal-de-conceicao-do-araguaia-2009","status":"publish","type":"page","link":"https:\/\/portalfadesp.org.br\/?page_id=1365","title":{"rendered":"Prefeitura Municipal de Concei\u00e7\u00e3o do Araguaia &#8211; 2009"},"content":{"rendered":"\t\t<div data-elementor-type=\"wp-post\" data-elementor-id=\"1365\" class=\"elementor elementor-1365\" data-elementor-post-type=\"page\">\n\t\t\t\t\t\t<section class=\"elementor-section elementor-top-section elementor-element elementor-element-32e32f91 elementor-section-full_width elementor-section-height-default elementor-section-height-default\" data-id=\"32e32f91\" data-element_type=\"section\">\n\t\t\t\t\t\t<div class=\"elementor-container elementor-column-gap-default\">\n\t\t\t\t\t<div class=\"elementor-column elementor-col-100 elementor-top-column elementor-element elementor-element-177fa58f\" data-id=\"177fa58f\" data-element_type=\"column\">\n\t\t\t<div class=\"elementor-widget-wrap elementor-element-populated\">\n\t\t\t\t\t\t<div class=\"elementor-element elementor-element-33913c0c elementor-widget elementor-widget-heading\" data-id=\"33913c0c\" data-element_type=\"widget\" data-widget_type=\"heading.default\">\n\t\t\t\t<div class=\"elementor-widget-container\">\n\t\t\t\t\t<h1 class=\"elementor-heading-title elementor-size-default\">Prefeitura Municipal de Concei\u00e7\u00e3o do Araguaia - 2009<\/h1>\t\t\t\t<\/div>\n\t\t\t\t<\/div>\n\t\t\t\t<section class=\"elementor-section elementor-inner-section elementor-element elementor-element-160c1aba elementor-section-boxed elementor-section-height-default elementor-section-height-default\" data-id=\"160c1aba\" data-element_type=\"section\">\n\t\t\t\t\t\t<div class=\"elementor-container elementor-column-gap-default\">\n\t\t\t\t\t<div class=\"elementor-column elementor-col-50 elementor-inner-column elementor-element elementor-element-78d9f526\" data-id=\"78d9f526\" data-element_type=\"column\">\n\t\t\t<div class=\"elementor-widget-wrap elementor-element-populated\">\n\t\t\t\t\t\t<div class=\"elementor-element elementor-element-2dfbec0 elementor-widget elementor-widget-text-editor\" data-id=\"2dfbec0\" data-element_type=\"widget\" data-widget_type=\"text-editor.default\">\n\t\t\t\t<div class=\"elementor-widget-container\">\n\t\t\t\t\t\t\t\t\t<p>A Prefeitura Municipal de Concei\u00e7\u00e3o do Araguaia, estado do Par\u00e1, no uso de suas atribui\u00e7\u00f5es, torna p\u00fablico a realiza\u00e7\u00e3o de Concurso P\u00fablico destinado ao preenchimento de vagas na Zona Urbana e Zona Rural para o quadro de pessoal efetivo de n\u00edvel superior, n\u00edvel m\u00e9dio, n\u00edvel fundamental e alfabetizado, mediante as condi\u00e7\u00f5es estabelecidas no Edital.<\/p><p><strong>Vagas &#8211;\u00a0 204<br \/><\/strong><\/p><p><strong>Cargos &#8211;\u00a0<\/strong>N\u00edvel alfabetizado: Agente de Servi\u00e7os Urbanos; Eletricista; Pedreiro; Auxiliar de Obras e Borracheiro.<\/p><p>N\u00edvel fundamental incompleto: Agente de Servi\u00e7os Gerais; Mensageiro e Motorista.<\/p><p>N\u00edvel fundamental completo: Auxiliar de Farm\u00e1cia; Auxiliar de Consult\u00f3rio M\u00e9dico; Auxiliar de Consult\u00f3rio Dent\u00e1rio e Operador de M\u00e1quinas Pesadas.<\/p><p>N\u00edvel m\u00e9dio: Agente de Fiscaliza\u00e7\u00e3o de Obras; Agente de Fiscaliza\u00e7\u00e3o Ambiental; Top\u00f3grafo; T\u00e9cnico em Edifica\u00e7\u00f5es; T\u00e9cnico em Contabilidade; T\u00e9cnico em Inform\u00e1tica e T\u00e9cnico Agr\u00edcolaa; T\u00e9cnico em Seguran\u00e7a do Trabalho; T\u00e9cnico de Enfermagem e Prof\u00ba (Magist\u00e9rio).<\/p><p>N\u00edvel Superior: Administrador, Assistente Social, Pedagogo; Psicologia; Contador; Turism\u00f3logo; Analista de Sistema; Engenheiro Agr\u00f4nomo; Engenheiro Civil ; Engenheiro Florestal<strong>;\u00a0<\/strong>M\u00e9dico Veterin\u00e1rio Enfermeiro; Odont\u00f3logo; M\u00e9dico Auditor; M\u00e9dico Cl\u00ednico PSF; Sanitarista; M\u00e9dico Cl\u00ednico Geral; M\u00e9dico Pedi\u00e1tra; Ortopedista; Pisiquiatra; Biblioteconomista; Nutricionista; Prof\u00ba L\u00edngua Inglesa; Prof\u00ba de Ci\u00eancias; Prof\u00ba de Geografia; Prof\u00ba de Hist\u00f3ria; Professor de Educa\u00e7\u00e3o F\u00edsica; Prof\u00ba (Educa\u00e7\u00e3o Infantil\u00a0 e 1\u00aa a 4\u00aa s\u00e9rie); Prof\u00ba de Matem\u00e1tica; Prof\u00ba de L\u00edngua Portuguesa e Prof\u00ba de Artes<strong>.<br \/><\/strong><\/p><p><strong>Remunera\u00e7\u00e3o &#8211;\u00a0<\/strong>de R$ 465,00 a\u00a0 R$ 5.433,78<\/p><p><strong>Inscri\u00e7\u00f5es &#8211;\u00a0<\/strong>05 a 15\/08\/09\u00a0 (presencial)<\/p><p>\u00a0\u00a0\u00a0\u00a0\u00a0\u00a0\u00a0\u00a0\u00a0\u00a0\u00a0\u00a0\u00a0\u00a0\u00a0\u00a0\u00a0\u00a0\u00a0 &#8211; 05 a 17\/08\/09 (online)<\/p><p><strong>Taxa &#8211;\u00a0<\/strong>R$ 35,00(n\u00edvel alfabetizado); R$ 45,00 (n\u00edvel fundamental completo e incompleto; R$ 55,00 (n\u00edvel m\u00e9dio) e R$ 70,00 (n\u00edvel superior)<\/p><p><strong>Datas importantes<\/strong>:<\/p><p>Per\u00edodo de inscri\u00e7\u00e3o &#8211;\u00a0\u00a005 a 15\/08\/09 (presencial)<\/p><p>\u00a0\u00a0\u00a0\u00a0\u00a0\u00a0\u00a0\u00a0\u00a0\u00a0\u00a0\u00a0\u00a0\u00a0\u00a0\u00a0\u00a0\u00a0\u00a0\u00a0\u00a0\u00a0\u00a0\u00a0\u00a0\u00a0\u00a0\u00a0\u00a0\u00a0\u00a0\u00a0 \u00a0 &#8211;\u00a0 05 a 17\/08\/09 (online)<\/p><p>Cart\u00e3o de inscri\u00e7\u00e3o &#8211; 01 a 04\/09\/09 (presencial e online)<\/p><p>Cart\u00e3o corrigido &#8211; 25 e 26\/09\/09 (presencial)<\/p><p>Data da prova objetiva\u00a0 &#8211; 27\/09\/09<\/p>\t\t\t\t\t\t\t\t<\/div>\n\t\t\t\t<\/div>\n\t\t\t\t\t<\/div>\n\t\t<\/div>\n\t\t\t\t<div class=\"elementor-column elementor-col-50 elementor-inner-column elementor-element elementor-element-4d323d5d\" data-id=\"4d323d5d\" data-element_type=\"column\">\n\t\t\t<div class=\"elementor-widget-wrap elementor-element-populated\">\n\t\t\t\t\t\t<div class=\"elementor-element elementor-element-16b1c394 elementor-widget elementor-widget-text-editor\" data-id=\"16b1c394\" data-element_type=\"widget\" data-widget_type=\"text-editor.default\">\n\t\t\t\t<div class=\"elementor-widget-container\">\n\t\t\t\t\t\t\t\t\t<p style=\"text-align: center;\"><span style=\"color: #ffffff;\"><strong>Editais e Avisos<\/strong><\/span><\/p>\t\t\t\t\t\t\t\t<\/div>\n\t\t\t\t<\/div>\n\t\t\t\t<div class=\"elementor-element elementor-element-14b11a69 elementor-widget elementor-widget-text-editor\" data-id=\"14b11a69\" data-element_type=\"widget\" data-widget_type=\"text-editor.default\">\n\t\t\t\t<div class=\"elementor-widget-container\">\n\t\t\t\t\t\t\t\t\t<table width=\"80\">\n<tbody>\n<tr>\n<td width=\"80\"><strong><a href=\"..\/midias\/anexos\/414_homologacao_pmca.pdf\">Homologa\u00e7\u00e3o PMCA<\/a><\/strong><\/td>\n<\/tr>\n<tr>\n<td width=\"80\"><strong><a href=\"..\/midias\/anexos\/414_aviso_de_homologacao_pmca.zip\">Aviso de Homologa\u00e7\u00e3o PMCA<\/a><\/strong><\/td>\n<\/tr>\n<tr>\n<td width=\"80\"><strong><a href=\"..\/midias\/anexos\/414_situacaogeral_final.pdf\">Situa\u00e7\u00e3o geral Final<\/a><\/strong><\/td>\n<\/tr>\n<tr>\n<td width=\"80\"><strong><a href=\"..\/midias\/anexos\/414_classificacao_com_criterios_de_desempate.pdf\">Classifica\u00e7\u00e3o com crit\u00e9rio de desempate<\/a><\/strong><\/td>\n<\/tr>\n<tr>\n<td width=\"80\"><strong><a href=\"..\/midias\/anexos\/414_classificadospcd.zip\">Classificados PCD<\/a><\/strong><\/td>\n<\/tr>\n<tr>\n<td width=\"80\"><strong><a href=\"..\/midias\/anexos\/414_aviso_de__resultado_final_apos_2etapa.zip\">Aviso de resultado final ap\u00f3s 2\u00ba etapa<\/a><\/strong><\/td>\n<\/tr>\n<tr>\n<td width=\"80\"><strong><a href=\"..\/midias\/anexos\/414_titulos_resultado.pdf\">Resultado de Titulos<\/a><\/strong><\/td>\n<\/tr>\n<tr>\n<td width=\"80\"><strong><a href=\"..\/midias\/anexos\/414_esforco_fisico_resultado.zip\">Resultado do Esfor\u00e7o F\u00edsico<\/a><\/strong><\/td>\n<\/tr>\n<tr>\n<td width=\"80\"><strong><a href=\"..\/midias\/anexos\/414_aviso_do_resultado_da_2etapa.zip\">Aviso do Resultado da 2\u00aa Etapa<\/a><\/strong><\/td>\n<\/tr>\n<tr>\n<td width=\"80\"><strong><a href=\"..\/midias\/anexos\/414_formulario_entrega_de_titulos.zip\">Formul\u00e1rio Entrega de T\u00edtulos<\/a><\/strong><\/td>\n<\/tr>\n<tr>\n<td width=\"80\"><strong><a href=\"..\/midias\/anexos\/414_situacao_geral_de_todos_os_cargos.zip\">Situa\u00e7\u00e3o geral de todos os cargos<\/a><\/strong><\/td>\n<\/tr>\n<tr>\n<td width=\"80\"><strong><a href=\"..\/midias\/anexos\/414_convocacao_a_prova_de_titulos.zip\">Convoca\u00e7\u00e3o a Prova de T\u00edtulos<\/a><\/strong><\/td>\n<\/tr>\n<tr>\n<td width=\"80\"><strong><a href=\"..\/midias\/anexos\/414_convocacao_a_prova_pratica_de_esforco_f.zip\">Convoca\u00e7\u00e3o a Prova Pr\u00e1tica de Esfor\u00e7o F\u00edsico<\/a><\/strong><\/td>\n<\/tr>\n<tr>\n<td width=\"80\"><strong><a href=\"..\/midias\/anexos\/414_classificados_finais_com_criterios_desempate.zip\">Classificados finais com Crit\u00e9rios Desempate<\/a><\/strong><\/td>\n<\/tr>\n<tr>\n<td width=\"80\"><strong><a href=\"..\/midias\/anexos\/414_classificados_finais.zip\">\u00a0Classificados finais<\/a><\/strong><\/td>\n<\/tr>\n<tr>\n<td width=\"80\"><strong><a href=\"..\/midias\/anexos\/414_classificados_finais_pcd.zip\">Classificados finais PcD<\/a><\/strong><\/td>\n<\/tr>\n<tr>\n<td width=\"80\"><strong><a href=\"..\/midias\/anexos\/414_publicacao_do_aviso_de_resultado_e_convocac.zip\">Pub. do Aviso de Resultado e Convoca\u00e7\u00e3o<\/a><\/strong><\/td>\n<\/tr>\n<tr>\n<td width=\"80\"><strong><a href=\"..\/midias\/anexos\/414_gabaritos_oficial_definitivo.zip\">Gabarito Oficial Definitivo<\/a><\/strong><\/td>\n<\/tr>\n<tr>\n<td width=\"80\"><strong><a href=\"..\/midias\/anexos\/414_gabaritos_oficial_preliminar.zip\">Gabaritos Oficial Preliminar<\/a><\/strong><\/td>\n<\/tr>\n<tr>\n<td width=\"80\"><strong><a href=\"..\/midias\/anexos\/414_manualdocandidato.zip\">Manual do Candidato<\/a><\/strong><\/td>\n<\/tr>\n<tr>\n<td width=\"80\"><strong><a href=\"..\/midias\/anexos\/414_edital_n_01_2009_pmca.zip\">Edital n\u00ba. 001\/2009 &#8211; Abertura<\/a><\/strong><\/td>\n<\/tr>\n<\/tbody>\n<\/table>\t\t\t\t\t\t\t\t<\/div>\n\t\t\t\t<\/div>\n\t\t\t\t\t<\/div>\n\t\t<\/div>\n\t\t\t\t\t<\/div>\n\t\t<\/section>\n\t\t\t\t\t<\/div>\n\t\t<\/div>\n\t\t\t\t\t<\/div>\n\t\t<\/section>\n\t\t\t\t<\/div>\n\t\t","protected":false},"excerpt":{"rendered":"<p>Prefeitura Municipal de Concei\u00e7\u00e3o do Araguaia &#8211; 2009 A Prefeitura Municipal de Concei\u00e7\u00e3o do Araguaia, estado do Par\u00e1, no uso de suas atribui\u00e7\u00f5es, torna p\u00fablico a realiza\u00e7\u00e3o de Concurso P\u00fablico destinado ao preenchimento de vagas na Zona Urbana e Zona Rural para o quadro de pessoal efetivo de n\u00edvel superior, n\u00edvel m\u00e9dio, n\u00edvel fundamental e [&hellip;]<\/p>\n","protected":false},"author":9,"featured_media":0,"parent":329,"menu_order":60,"comment_status":"closed","ping_status":"closed","template":"","meta":{"_monsterinsights_skip_tracking":false,"_monsterinsights_sitenote_active":false,"_monsterinsights_sitenote_note":"","_monsterinsights_sitenote_category":0,"footnotes":""},"class_list":["post-1365","page","type-page","status-publish","hentry","entry"],"yoast_head":"<!-- This site is optimized with the Yoast SEO plugin v25.1 - https:\/\/yoast.com\/wordpress\/plugins\/seo\/ -->\n<title>Prefeitura Municipal de Concei\u00e7\u00e3o do Araguaia - 2009 - FADESP<\/title>\n<meta name=\"robots\" content=\"index, follow, max-snippet:-1, max-image-preview:large, max-video-preview:-1\" \/>\n<link rel=\"canonical\" href=\"https:\/\/portalfadesp.org.br\/?page_id=1365\" \/>\n<meta property=\"og:locale\" content=\"pt_BR\" \/>\n<meta property=\"og:type\" content=\"article\" \/>\n<meta property=\"og:title\" content=\"Prefeitura Municipal de Concei\u00e7\u00e3o do Araguaia - 2009 - FADESP\" \/>\n<meta property=\"og:description\" content=\"Prefeitura Municipal de Concei\u00e7\u00e3o do Araguaia &#8211; 2009 A Prefeitura Municipal de Concei\u00e7\u00e3o do Araguaia, estado do Par\u00e1, no uso de suas atribui\u00e7\u00f5es, torna p\u00fablico a realiza\u00e7\u00e3o de Concurso P\u00fablico destinado ao preenchimento de vagas na Zona Urbana e Zona Rural para o quadro de pessoal efetivo de n\u00edvel superior, n\u00edvel m\u00e9dio, n\u00edvel fundamental e [&hellip;]\" \/>\n<meta property=\"og:url\" content=\"https:\/\/portalfadesp.org.br\/?page_id=1365\" \/>\n<meta property=\"og:site_name\" content=\"FADESP\" \/>\n<meta property=\"article:publisher\" content=\"https:\/\/www.facebook.com\/Fadesp-138351949524662\/\" \/>\n<meta property=\"article:modified_time\" content=\"2022-12-20T16:05:55+00:00\" \/>\n<meta name=\"twitter:card\" content=\"summary_large_image\" \/>\n<meta name=\"twitter:site\" content=\"@Fadesp\" \/>\n<meta name=\"twitter:label1\" content=\"Est. tempo de leitura\" \/>\n\t<meta name=\"twitter:data1\" content=\"2 minutos\" \/>\n<script type=\"application\/ld+json\" class=\"yoast-schema-graph\">{\"@context\":\"https:\/\/schema.org\",\"@graph\":[{\"@type\":\"WebPage\",\"@id\":\"https:\/\/portalfadesp.org.br\/?page_id=1365\",\"url\":\"https:\/\/portalfadesp.org.br\/?page_id=1365\",\"name\":\"Prefeitura Municipal de Concei\u00e7\u00e3o do Araguaia - 2009 - FADESP\",\"isPartOf\":{\"@id\":\"https:\/\/portalfadesp.org.br\/#website\"},\"datePublished\":\"2009-05-22T04:35:39+00:00\",\"dateModified\":\"2022-12-20T16:05:55+00:00\",\"breadcrumb\":{\"@id\":\"https:\/\/portalfadesp.org.br\/?page_id=1365#breadcrumb\"},\"inLanguage\":\"pt-BR\",\"potentialAction\":[{\"@type\":\"ReadAction\",\"target\":[\"https:\/\/portalfadesp.org.br\/?page_id=1365\"]}]},{\"@type\":\"BreadcrumbList\",\"@id\":\"https:\/\/portalfadesp.org.br\/?page_id=1365#breadcrumb\",\"itemListElement\":[{\"@type\":\"ListItem\",\"position\":1,\"name\":\"In\u00edcio\",\"item\":\"https:\/\/portalfadesp.org.br\/\"},{\"@type\":\"ListItem\",\"position\":2,\"name\":\"Concursos &#8211; Homologados\",\"item\":\"https:\/\/portalfadesp.org.br\/?page_id=329\"},{\"@type\":\"ListItem\",\"position\":3,\"name\":\"Prefeitura Municipal de Concei\u00e7\u00e3o do Araguaia &#8211; 2009\"}]},{\"@type\":\"WebSite\",\"@id\":\"https:\/\/portalfadesp.org.br\/#website\",\"url\":\"https:\/\/portalfadesp.org.br\/\",\"name\":\"FADESP\",\"description\":\"Funda\u00e7\u00e3o de Amparo e Desenvolvimento da Pesquisa\",\"publisher\":{\"@id\":\"https:\/\/portalfadesp.org.br\/#organization\"},\"potentialAction\":[{\"@type\":\"SearchAction\",\"target\":{\"@type\":\"EntryPoint\",\"urlTemplate\":\"https:\/\/portalfadesp.org.br\/?s={search_term_string}\"},\"query-input\":{\"@type\":\"PropertyValueSpecification\",\"valueRequired\":true,\"valueName\":\"search_term_string\"}}],\"inLanguage\":\"pt-BR\"},{\"@type\":\"Organization\",\"@id\":\"https:\/\/portalfadesp.org.br\/#organization\",\"name\":\"FADESP\",\"url\":\"https:\/\/portalfadesp.org.br\/\",\"logo\":{\"@type\":\"ImageObject\",\"inLanguage\":\"pt-BR\",\"@id\":\"https:\/\/portalfadesp.org.br\/#\/schema\/logo\/image\/\",\"url\":\"https:\/\/portalfadesp.org.br\/wp-content\/uploads\/2024\/01\/NOVOLOGOFADESPlaranjaH.png\",\"contentUrl\":\"https:\/\/portalfadesp.org.br\/wp-content\/uploads\/2024\/01\/NOVOLOGOFADESPlaranjaH.png\",\"width\":2742,\"height\":839,\"caption\":\"FADESP\"},\"image\":{\"@id\":\"https:\/\/portalfadesp.org.br\/#\/schema\/logo\/image\/\"},\"sameAs\":[\"https:\/\/www.facebook.com\/Fadesp-138351949524662\/\",\"https:\/\/x.com\/Fadesp\",\"https:\/\/www.instagram.com\/fadesp_ufpa\/\",\"https:\/\/www.youtube.com\/@fundacaodeamparoedesenvolv1903\",\"https:\/\/www.threads.net\/@fadesp_ufpa\"]}]}<\/script>\n<!-- \/ Yoast SEO plugin. -->","yoast_head_json":{"title":"Prefeitura Municipal de Concei\u00e7\u00e3o do Araguaia - 2009 - FADESP","robots":{"index":"index","follow":"follow","max-snippet":"max-snippet:-1","max-image-preview":"max-image-preview:large","max-video-preview":"max-video-preview:-1"},"canonical":"https:\/\/portalfadesp.org.br\/?page_id=1365","og_locale":"pt_BR","og_type":"article","og_title":"Prefeitura Municipal de Concei\u00e7\u00e3o do Araguaia - 2009 - FADESP","og_description":"Prefeitura Municipal de Concei\u00e7\u00e3o do Araguaia &#8211; 2009 A Prefeitura Municipal de Concei\u00e7\u00e3o do Araguaia, estado do Par\u00e1, no uso de suas atribui\u00e7\u00f5es, torna p\u00fablico a realiza\u00e7\u00e3o de Concurso P\u00fablico destinado ao preenchimento de vagas na Zona Urbana e Zona Rural para o quadro de pessoal efetivo de n\u00edvel superior, n\u00edvel m\u00e9dio, n\u00edvel fundamental e [&hellip;]","og_url":"https:\/\/portalfadesp.org.br\/?page_id=1365","og_site_name":"FADESP","article_publisher":"https:\/\/www.facebook.com\/Fadesp-138351949524662\/","article_modified_time":"2022-12-20T16:05:55+00:00","twitter_card":"summary_large_image","twitter_site":"@Fadesp","twitter_misc":{"Est. tempo de leitura":"2 minutos"},"schema":{"@context":"https:\/\/schema.org","@graph":[{"@type":"WebPage","@id":"https:\/\/portalfadesp.org.br\/?page_id=1365","url":"https:\/\/portalfadesp.org.br\/?page_id=1365","name":"Prefeitura Municipal de Concei\u00e7\u00e3o do Araguaia - 2009 - FADESP","isPartOf":{"@id":"https:\/\/portalfadesp.org.br\/#website"},"datePublished":"2009-05-22T04:35:39+00:00","dateModified":"2022-12-20T16:05:55+00:00","breadcrumb":{"@id":"https:\/\/portalfadesp.org.br\/?page_id=1365#breadcrumb"},"inLanguage":"pt-BR","potentialAction":[{"@type":"ReadAction","target":["https:\/\/portalfadesp.org.br\/?page_id=1365"]}]},{"@type":"BreadcrumbList","@id":"https:\/\/portalfadesp.org.br\/?page_id=1365#breadcrumb","itemListElement":[{"@type":"ListItem","position":1,"name":"In\u00edcio","item":"https:\/\/portalfadesp.org.br\/"},{"@type":"ListItem","position":2,"name":"Concursos &#8211; Homologados","item":"https:\/\/portalfadesp.org.br\/?page_id=329"},{"@type":"ListItem","position":3,"name":"Prefeitura Municipal de Concei\u00e7\u00e3o do Araguaia &#8211; 2009"}]},{"@type":"WebSite","@id":"https:\/\/portalfadesp.org.br\/#website","url":"https:\/\/portalfadesp.org.br\/","name":"FADESP","description":"Funda\u00e7\u00e3o de Amparo e Desenvolvimento da Pesquisa","publisher":{"@id":"https:\/\/portalfadesp.org.br\/#organization"},"potentialAction":[{"@type":"SearchAction","target":{"@type":"EntryPoint","urlTemplate":"https:\/\/portalfadesp.org.br\/?s={search_term_string}"},"query-input":{"@type":"PropertyValueSpecification","valueRequired":true,"valueName":"search_term_string"}}],"inLanguage":"pt-BR"},{"@type":"Organization","@id":"https:\/\/portalfadesp.org.br\/#organization","name":"FADESP","url":"https:\/\/portalfadesp.org.br\/","logo":{"@type":"ImageObject","inLanguage":"pt-BR","@id":"https:\/\/portalfadesp.org.br\/#\/schema\/logo\/image\/","url":"https:\/\/portalfadesp.org.br\/wp-content\/uploads\/2024\/01\/NOVOLOGOFADESPlaranjaH.png","contentUrl":"https:\/\/portalfadesp.org.br\/wp-content\/uploads\/2024\/01\/NOVOLOGOFADESPlaranjaH.png","width":2742,"height":839,"caption":"FADESP"},"image":{"@id":"https:\/\/portalfadesp.org.br\/#\/schema\/logo\/image\/"},"sameAs":["https:\/\/www.facebook.com\/Fadesp-138351949524662\/","https:\/\/x.com\/Fadesp","https:\/\/www.instagram.com\/fadesp_ufpa\/","https:\/\/www.youtube.com\/@fundacaodeamparoedesenvolv1903","https:\/\/www.threads.net\/@fadesp_ufpa"]}]}},"_links":{"self":[{"href":"https:\/\/portalfadesp.org.br\/index.php?rest_route=\/wp\/v2\/pages\/1365","targetHints":{"allow":["GET"]}}],"collection":[{"href":"https:\/\/portalfadesp.org.br\/index.php?rest_route=\/wp\/v2\/pages"}],"about":[{"href":"https:\/\/portalfadesp.org.br\/index.php?rest_route=\/wp\/v2\/types\/page"}],"author":[{"embeddable":true,"href":"https:\/\/portalfadesp.org.br\/index.php?rest_route=\/wp\/v2\/users\/9"}],"replies":[{"embeddable":true,"href":"https:\/\/portalfadesp.org.br\/index.php?rest_route=%2Fwp%2Fv2%2Fcomments&post=1365"}],"version-history":[{"count":22,"href":"https:\/\/portalfadesp.org.br\/index.php?rest_route=\/wp\/v2\/pages\/1365\/revisions"}],"predecessor-version":[{"id":36839,"href":"https:\/\/portalfadesp.org.br\/index.php?rest_route=\/wp\/v2\/pages\/1365\/revisions\/36839"}],"up":[{"embeddable":true,"href":"https:\/\/portalfadesp.org.br\/index.php?rest_route=\/wp\/v2\/pages\/329"}],"wp:attachment":[{"href":"https:\/\/portalfadesp.org.br\/index.php?rest_route=%2Fwp%2Fv2%2Fmedia&parent=1365"}],"curies":[{"name":"wp","href":"https:\/\/api.w.org\/{rel}","templated":true}]}}