{"id":1343,"date":"2009-05-22T01:18:49","date_gmt":"2009-05-22T04:18:49","guid":{"rendered":"https:\/\/162.215.13.167?page_id=1343"},"modified":"2022-12-20T13:05:58","modified_gmt":"2022-12-20T16:05:58","slug":"prefeitura-municipal-de-sao-felix-do-xingu-2009","status":"publish","type":"page","link":"https:\/\/portalfadesp.org.br\/?page_id=1343","title":{"rendered":"Prefeitura Municipal de S\u00e3o F\u00e9lix do Xing\u00fa &#8211; 2009"},"content":{"rendered":"\t\t<div data-elementor-type=\"wp-post\" data-elementor-id=\"1343\" class=\"elementor elementor-1343\" data-elementor-post-type=\"page\">\n\t\t\t\t\t\t<section class=\"elementor-section elementor-top-section elementor-element elementor-element-21d74aad elementor-section-full_width elementor-section-height-default elementor-section-height-default\" data-id=\"21d74aad\" data-element_type=\"section\">\n\t\t\t\t\t\t<div class=\"elementor-container elementor-column-gap-default\">\n\t\t\t\t\t<div class=\"elementor-column elementor-col-100 elementor-top-column elementor-element elementor-element-320ca47a\" data-id=\"320ca47a\" data-element_type=\"column\">\n\t\t\t<div class=\"elementor-widget-wrap elementor-element-populated\">\n\t\t\t\t\t\t<div class=\"elementor-element elementor-element-1b30b9d1 elementor-widget elementor-widget-heading\" data-id=\"1b30b9d1\" data-element_type=\"widget\" data-widget_type=\"heading.default\">\n\t\t\t\t<div class=\"elementor-widget-container\">\n\t\t\t\t\t<h1 class=\"elementor-heading-title elementor-size-default\">Prefeitura Municipal de S\u00e3o F\u00e9lix do Xing\u00fa - 2009<\/h1>\t\t\t\t<\/div>\n\t\t\t\t<\/div>\n\t\t\t\t<section class=\"elementor-section elementor-inner-section elementor-element elementor-element-4dad9f8 elementor-section-boxed elementor-section-height-default elementor-section-height-default\" data-id=\"4dad9f8\" data-element_type=\"section\">\n\t\t\t\t\t\t<div class=\"elementor-container elementor-column-gap-default\">\n\t\t\t\t\t<div class=\"elementor-column elementor-col-50 elementor-inner-column elementor-element elementor-element-112404d4\" data-id=\"112404d4\" data-element_type=\"column\">\n\t\t\t<div class=\"elementor-widget-wrap elementor-element-populated\">\n\t\t\t\t\t\t<div class=\"elementor-element elementor-element-6b729b3c elementor-widget elementor-widget-text-editor\" data-id=\"6b729b3c\" data-element_type=\"widget\" data-widget_type=\"text-editor.default\">\n\t\t\t\t<div class=\"elementor-widget-container\">\n\t\t\t\t\t\t\t\t\t<p>A Prefeitura Municipal de S\u00e3o F\u00e9lix do Xingu, no uso de suas atribui\u00e7\u00f5es, torna p\u00fablica a realiza\u00e7\u00e3o de Concurso P\u00fablico destinado ao preenchimento de vagas na Zona Urbana e Zona Rural para o quadro de pessoal efetivo de n\u00edvel superior, n\u00edvel m\u00e9dio, n\u00edvel fundamental e alfabetizado, mediante as condi\u00e7\u00f5es estabelecidas no Edital 001\/2009.\u00a0<\/p><p><strong>Vagas &#8211;\u00a0<\/strong>829<\/p><p><strong>Cargos &#8211;\u00a0<\/strong>N\u00edvel Alfabetizado: Auxiliar de Servi\u00e7os Gerais, Auxiliar Mec\u00e2nico, Eletricista de Autom\u00f3vel, Merendeira, Motorista (carteira B, C e D) e Operador de M\u00e1quinas Pesadas, Operador de Motoniveladora, Operador de Trator de Pneus, Servente, Soldador, Vigia, Mec\u00e2nico, Borracheiro, Eletricista, Encanador, Gari, Lanterneiro, Operador de Motoserra, Pedreiro e Pintor.<\/p><p>N\u00edvel Fundamental Completo: Auxiliar Administrativo e Auxiliar de Biblioteca.<\/p><p>N\u00edvel M\u00e9dio: Agente Administrativo, Auxiliar de Secretaria, Agente Bucal, Fiscal de Posturas, Monitoria, T\u00e9cnico Agr\u00edcola, Agente de Tr\u00e2nsito, Agente Social, Auxiliar de Laborat\u00f3rio, Fiscal de Meio Ambiente, T\u00e9cnico em Laborat\u00f3rio, T\u00e9cnico em Radiologia, T\u00e9cnico Cont\u00e1bil, T\u00e9cnico em Enfermagem, Top\u00f3grafo, Auxiliar de Top\u00f3grafo e Orientador Social<\/p><p>N\u00edvel M\u00e9dio Magist\u00e9rio: Professor de Capoeira.<\/p><p>N\u00edvel Superior: Professor de Educa\u00e7\u00e3o F\u00edsica, Professor de Ci\u00eancias, Professor de Hist\u00f3ria, Professor de L\u00edngua Inglesa, Professor de Matem\u00e1tica, T\u00e9cnico Pedagogo e Coordenador Pedagogo.<\/p><p>N\u00edvel superior: Assistente Social, Enfermeiro, Engenheiro Agronomo, Nutricionista, M\u00e9dico, M\u00e9dico Auditor, Odont\u00f3logo, Pedagogo, Psicpologo, M\u00e9dico Veterin\u00e1rio, Zootecnista, Arquiteto, Bibliotec\u00e1rio, Bi\u00f3logo, Engenheiro Agr\u00edcola, Engenheiro Ambiental, Engenheiro Sanit\u00e1rio e Fisioterapeuta.<\/p><p><strong>Remunera\u00e7\u00e3o &#8211;\u00a0<\/strong>R$ 465,00 a R$ 5.400,00<\/p><p><strong>Inscri\u00e7\u00f5es &#8211;\u00a0<\/strong>Presencial &#8211; 11 a 14\/08\/09<strong><br \/><\/strong><\/p><p>\u00a0 \u00a0 \u00a0 \u00a0 \u00a0 \u00a0 \u00a0 \u00a0 \u00a0 \u00a0 \u00a0Online\u00a0\u00a0\u00a0\u00a0\u00a0\u00a0 &#8211; 30\/06\/09 a 10\/07\/09<strong><br \/><\/strong><\/p><p><strong>Taxa &#8211;\u00a0<br \/><\/strong>R$ 30,00 (n\u00edvel alfabetizado);R$ 40,00 (n\u00edvel fundamental); R$ 50,00 (n\u00edvel m\u00e9dio) e R$ 60,00 (n\u00edvel superior).<\/p><p><strong>Datas importantes<\/strong>:<\/p><p>Per\u00edodo de Inscri\u00e7\u00e3o &#8211; Presencial &#8211; 11 a 14\/08\/09<\/p><p>\u00a0 \u00a0 \u00a0 \u00a0 \u00a0 \u00a0 \u00a0 \u00a0 \u00a0 \u00a0 \u00a0 \u00a0 \u00a0 \u00a0 \u00a0 \u00a0 \u00a0 \u00a0 Online\u00a0\u00a0\u00a0\u00a0 &#8211; 30\/06\/09 a 10\/07\/09<\/p><p>Cart\u00e3o de Confirma\u00e7\u00e3o &#8211; Presencial &#8211; 28 e 29\/08\/09<\/p><p>\u00a0 \u00a0 \u00a0 \u00a0 \u00a0 \u00a0 \u00a0 \u00a0 \u00a0 \u00a0 \u00a0 \u00a0 \u00a0 \u00a0 \u00a0 \u00a0 \u00a0 \u00a0 \u00a0 \u00a0 Online &#8211; 11 a 14\/08\/09\u00a0<\/p><p>Data da Prova Objetiva &#8211; 30\/08\/09, das 8 \u00e0s 12h, para todos os Cargos de N\u00edvel M\u00e9dio e Fundamental, e,das 14h30 \u00e0s 18h30, para os Cargos de N\u00edvel Alfabetizado e Superior.<\/p>\t\t\t\t\t\t\t\t<\/div>\n\t\t\t\t<\/div>\n\t\t\t\t\t<\/div>\n\t\t<\/div>\n\t\t\t\t<div class=\"elementor-column elementor-col-50 elementor-inner-column elementor-element elementor-element-7f228f3a\" data-id=\"7f228f3a\" data-element_type=\"column\">\n\t\t\t<div class=\"elementor-widget-wrap elementor-element-populated\">\n\t\t\t\t\t\t<div class=\"elementor-element elementor-element-22251257 elementor-widget elementor-widget-text-editor\" data-id=\"22251257\" data-element_type=\"widget\" data-widget_type=\"text-editor.default\">\n\t\t\t\t<div class=\"elementor-widget-container\">\n\t\t\t\t\t\t\t\t\t<p style=\"text-align: center;\"><span style=\"color: #ffffff;\"><strong>Editais e Avisos<\/strong><\/span><\/p>\t\t\t\t\t\t\t\t<\/div>\n\t\t\t\t<\/div>\n\t\t\t\t<div class=\"elementor-element elementor-element-2c4b4468 elementor-widget elementor-widget-text-editor\" data-id=\"2c4b4468\" data-element_type=\"widget\" data-widget_type=\"text-editor.default\">\n\t\t\t\t<div class=\"elementor-widget-container\">\n\t\t\t\t\t\t\t\t\t<table width=\"80\">\n<tbody>\n<tr>\n<td width=\"80\"><strong><a href=\"..\/midias\/anexos\/370_homologacao.zip\">Homologa\u00e7\u00e3o<\/a><\/strong><\/td>\n<\/tr>\n<tr>\n<td><strong><a href=\"..\/midias\/anexos\/370_aviso_de_homologao_doe.zip\">Aviso de Homologa\u00e7\u00e3o DOE<\/a><\/strong><\/td>\n<\/tr>\n<tr>\n<td><strong><a href=\"..\/midias\/anexos\/370_resultadoprofessores.zip\">Resultado Professores<\/a><\/strong><\/td>\n<\/tr>\n<tr>\n<td><strong><a href=\"..\/midias\/anexos\/370_avisoresultadoprofessores.zip\">Aviso Resultado Professores<\/a><\/strong><\/td>\n<\/tr>\n<tr>\n<td><strong><a href=\"..\/midias\/anexos\/370_titulos_resultado.pdf\">T\u00edtulos Resultado<\/a><\/strong><\/td>\n<\/tr>\n<tr>\n<td><strong><a href=\"..\/midias\/anexos\/370_publicacao_do_aviso_do_resultado_da_prova_de_t.pdf\">Publica\u00e7\u00e3o do Aviso do Resultado da Prova de T\u00edtulos<\/a><\/strong><\/td>\n<\/tr>\n<tr>\n<td><strong><a href=\"..\/midias\/anexos\/370_formulario_de_entrega_dos_titulos_sfx.pdf\">Formul\u00e1rio de Entrega dos T\u00edtulos<\/a><\/strong><\/td>\n<\/tr>\n<tr>\n<td><strong><a href=\"..\/midias\/anexos\/370_situacao_geral_de_todos_os_cargos.zip\">Situa\u00e7\u00e3o Geral de todos os cargos<\/a><\/strong><\/td>\n<\/tr>\n<tr>\n<td><strong><a href=\"..\/midias\/anexos\/370_classificados_final_pessoas_com_deficiencia.zip\">Classificados final pessoas com defici\u00eancia<\/a><\/strong><\/td>\n<\/tr>\n<tr>\n<td><strong><a href=\"..\/midias\/anexos\/370_classificados_final_sem_os_cargos_de_professores.zip\">Classificados final sem os cargos de professores<\/a><\/strong><\/td>\n<\/tr>\n<tr>\n<td><strong><a href=\"..\/midias\/anexos\/370_classificacao_geral_final_com_criterios_desempate.zip\">Classifica\u00e7\u00e3o geral final com Crit\u00e9rios Desempate<\/a><\/strong><\/td>\n<\/tr>\n<tr>\n<td><strong><a href=\"..\/midias\/anexos\/370_professores_classificados_a_prova_de_titulos.zip\">Professores classificados \u00e0 prova de t\u00edtulos<\/a><\/strong><\/td>\n<\/tr>\n<tr>\n<td><strong><a href=\"..\/midias\/anexos\/370_aviso_do_resultado_e_chamada_da_prova_de_titulos.zip\">Aviso do Resultado e chamada da prova de t\u00edtulos<\/a><\/strong><\/td>\n<\/tr>\n<tr>\n<td><strong><a href=\"..\/midias\/anexos\/370_gabaritos_oficial_definitivo.pdf\">Gabaritos Oficial Definitivo<\/a><\/strong><\/td>\n<\/tr>\n<tr>\n<td><strong><a href=\"..\/midias\/anexos\/370_formulario_pcd.doc\">Formul\u00e1rio PcD<\/a><\/strong><\/td>\n<\/tr>\n<tr>\n<td><strong><a href=\"..\/midias\/anexos\/370_manual_do_candidato.pdf\">Manual do Candidato<\/a><\/strong><\/td>\n<\/tr>\n<tr>\n<td><strong><a href=\"http:\/\/concursos.fadesp.org.br\/pmsfx\/Altera%C3%A7%C3%B5es%20no%20Edital%20de%20Abertura.zip\">Altera\u00e7\u00f5es no Edital de Abertura<\/a><\/strong><\/td>\n<\/tr>\n<tr>\n<td><strong><a href=\"..\/midias\/anexos\/370_edital_n_02_2009_pmsfx.pdf\">Edital n\u00ba. 002\/2009 &#8211; Retifica\u00e7\u00e3o<\/a><\/strong><\/td>\n<\/tr>\n<tr>\n<td><strong><a href=\"http:\/\/concursos.fadesp.org.br\/pmsfx\/Lei%20Complementar.zip\">Lei Complementar n\u00b0 04 2002\u00a0 Cod. Posturas<\/a><\/strong><\/td>\n<\/tr>\n<tr>\n<td><strong><a href=\"..\/midias\/anexos\/370_edital_n_01_2009_pmsfx.pdf\">Edital n\u00ba. 001\/2009 &#8211; Abertura<\/a><\/strong><\/td>\n<\/tr>\n<\/tbody>\n<\/table>\t\t\t\t\t\t\t\t<\/div>\n\t\t\t\t<\/div>\n\t\t\t\t\t<\/div>\n\t\t<\/div>\n\t\t\t\t\t<\/div>\n\t\t<\/section>\n\t\t\t\t\t<\/div>\n\t\t<\/div>\n\t\t\t\t\t<\/div>\n\t\t<\/section>\n\t\t\t\t<\/div>\n\t\t","protected":false},"excerpt":{"rendered":"<p>Prefeitura Municipal de S\u00e3o F\u00e9lix do Xing\u00fa &#8211; 2009 A Prefeitura Municipal de S\u00e3o F\u00e9lix do Xingu, no uso de suas atribui\u00e7\u00f5es, torna p\u00fablica a realiza\u00e7\u00e3o de Concurso P\u00fablico destinado ao preenchimento de vagas na Zona Urbana e Zona Rural para o quadro de pessoal efetivo de n\u00edvel superior, n\u00edvel m\u00e9dio, n\u00edvel fundamental e alfabetizado, [&hellip;]<\/p>\n","protected":false},"author":9,"featured_media":0,"parent":329,"menu_order":60,"comment_status":"closed","ping_status":"closed","template":"","meta":{"_monsterinsights_skip_tracking":false,"_monsterinsights_sitenote_active":false,"_monsterinsights_sitenote_note":"","_monsterinsights_sitenote_category":0,"footnotes":""},"class_list":["post-1343","page","type-page","status-publish","hentry","entry"],"yoast_head":"<!-- This site is optimized with the Yoast SEO plugin v25.1 - https:\/\/yoast.com\/wordpress\/plugins\/seo\/ -->\n<title>Prefeitura Municipal de S\u00e3o F\u00e9lix do Xing\u00fa - 2009 - FADESP<\/title>\n<meta name=\"robots\" content=\"index, follow, max-snippet:-1, max-image-preview:large, max-video-preview:-1\" \/>\n<link rel=\"canonical\" href=\"https:\/\/portalfadesp.org.br\/?page_id=1343\" \/>\n<meta property=\"og:locale\" content=\"pt_BR\" \/>\n<meta property=\"og:type\" content=\"article\" \/>\n<meta property=\"og:title\" content=\"Prefeitura Municipal de S\u00e3o F\u00e9lix do Xing\u00fa - 2009 - FADESP\" \/>\n<meta property=\"og:description\" content=\"Prefeitura Municipal de S\u00e3o F\u00e9lix do Xing\u00fa &#8211; 2009 A Prefeitura Municipal de S\u00e3o F\u00e9lix do Xingu, no uso de suas atribui\u00e7\u00f5es, torna p\u00fablica a realiza\u00e7\u00e3o de Concurso P\u00fablico destinado ao preenchimento de vagas na Zona Urbana e Zona Rural para o quadro de pessoal efetivo de n\u00edvel superior, n\u00edvel m\u00e9dio, n\u00edvel fundamental e alfabetizado, [&hellip;]\" \/>\n<meta property=\"og:url\" content=\"https:\/\/portalfadesp.org.br\/?page_id=1343\" \/>\n<meta property=\"og:site_name\" content=\"FADESP\" \/>\n<meta property=\"article:publisher\" content=\"https:\/\/www.facebook.com\/Fadesp-138351949524662\/\" \/>\n<meta property=\"article:modified_time\" content=\"2022-12-20T16:05:58+00:00\" \/>\n<meta name=\"twitter:card\" content=\"summary_large_image\" \/>\n<meta name=\"twitter:site\" content=\"@Fadesp\" \/>\n<meta name=\"twitter:label1\" content=\"Est. tempo de leitura\" \/>\n\t<meta name=\"twitter:data1\" content=\"2 minutos\" \/>\n<script type=\"application\/ld+json\" class=\"yoast-schema-graph\">{\"@context\":\"https:\/\/schema.org\",\"@graph\":[{\"@type\":\"WebPage\",\"@id\":\"https:\/\/portalfadesp.org.br\/?page_id=1343\",\"url\":\"https:\/\/portalfadesp.org.br\/?page_id=1343\",\"name\":\"Prefeitura Municipal de S\u00e3o F\u00e9lix do Xing\u00fa - 2009 - FADESP\",\"isPartOf\":{\"@id\":\"https:\/\/portalfadesp.org.br\/#website\"},\"datePublished\":\"2009-05-22T04:18:49+00:00\",\"dateModified\":\"2022-12-20T16:05:58+00:00\",\"breadcrumb\":{\"@id\":\"https:\/\/portalfadesp.org.br\/?page_id=1343#breadcrumb\"},\"inLanguage\":\"pt-BR\",\"potentialAction\":[{\"@type\":\"ReadAction\",\"target\":[\"https:\/\/portalfadesp.org.br\/?page_id=1343\"]}]},{\"@type\":\"BreadcrumbList\",\"@id\":\"https:\/\/portalfadesp.org.br\/?page_id=1343#breadcrumb\",\"itemListElement\":[{\"@type\":\"ListItem\",\"position\":1,\"name\":\"In\u00edcio\",\"item\":\"https:\/\/portalfadesp.org.br\/\"},{\"@type\":\"ListItem\",\"position\":2,\"name\":\"Concursos &#8211; Homologados\",\"item\":\"https:\/\/portalfadesp.org.br\/?page_id=329\"},{\"@type\":\"ListItem\",\"position\":3,\"name\":\"Prefeitura Municipal de S\u00e3o F\u00e9lix do Xing\u00fa &#8211; 2009\"}]},{\"@type\":\"WebSite\",\"@id\":\"https:\/\/portalfadesp.org.br\/#website\",\"url\":\"https:\/\/portalfadesp.org.br\/\",\"name\":\"FADESP\",\"description\":\"Funda\u00e7\u00e3o de Amparo e Desenvolvimento da Pesquisa\",\"publisher\":{\"@id\":\"https:\/\/portalfadesp.org.br\/#organization\"},\"potentialAction\":[{\"@type\":\"SearchAction\",\"target\":{\"@type\":\"EntryPoint\",\"urlTemplate\":\"https:\/\/portalfadesp.org.br\/?s={search_term_string}\"},\"query-input\":{\"@type\":\"PropertyValueSpecification\",\"valueRequired\":true,\"valueName\":\"search_term_string\"}}],\"inLanguage\":\"pt-BR\"},{\"@type\":\"Organization\",\"@id\":\"https:\/\/portalfadesp.org.br\/#organization\",\"name\":\"FADESP\",\"url\":\"https:\/\/portalfadesp.org.br\/\",\"logo\":{\"@type\":\"ImageObject\",\"inLanguage\":\"pt-BR\",\"@id\":\"https:\/\/portalfadesp.org.br\/#\/schema\/logo\/image\/\",\"url\":\"https:\/\/portalfadesp.org.br\/wp-content\/uploads\/2024\/01\/NOVOLOGOFADESPlaranjaH.png\",\"contentUrl\":\"https:\/\/portalfadesp.org.br\/wp-content\/uploads\/2024\/01\/NOVOLOGOFADESPlaranjaH.png\",\"width\":2742,\"height\":839,\"caption\":\"FADESP\"},\"image\":{\"@id\":\"https:\/\/portalfadesp.org.br\/#\/schema\/logo\/image\/\"},\"sameAs\":[\"https:\/\/www.facebook.com\/Fadesp-138351949524662\/\",\"https:\/\/x.com\/Fadesp\",\"https:\/\/www.instagram.com\/fadesp_ufpa\/\",\"https:\/\/www.youtube.com\/@fundacaodeamparoedesenvolv1903\",\"https:\/\/www.threads.net\/@fadesp_ufpa\"]}]}<\/script>\n<!-- \/ Yoast SEO plugin. -->","yoast_head_json":{"title":"Prefeitura Municipal de S\u00e3o F\u00e9lix do Xing\u00fa - 2009 - FADESP","robots":{"index":"index","follow":"follow","max-snippet":"max-snippet:-1","max-image-preview":"max-image-preview:large","max-video-preview":"max-video-preview:-1"},"canonical":"https:\/\/portalfadesp.org.br\/?page_id=1343","og_locale":"pt_BR","og_type":"article","og_title":"Prefeitura Municipal de S\u00e3o F\u00e9lix do Xing\u00fa - 2009 - FADESP","og_description":"Prefeitura Municipal de S\u00e3o F\u00e9lix do Xing\u00fa &#8211; 2009 A Prefeitura Municipal de S\u00e3o F\u00e9lix do Xingu, no uso de suas atribui\u00e7\u00f5es, torna p\u00fablica a realiza\u00e7\u00e3o de Concurso P\u00fablico destinado ao preenchimento de vagas na Zona Urbana e Zona Rural para o quadro de pessoal efetivo de n\u00edvel superior, n\u00edvel m\u00e9dio, n\u00edvel fundamental e alfabetizado, [&hellip;]","og_url":"https:\/\/portalfadesp.org.br\/?page_id=1343","og_site_name":"FADESP","article_publisher":"https:\/\/www.facebook.com\/Fadesp-138351949524662\/","article_modified_time":"2022-12-20T16:05:58+00:00","twitter_card":"summary_large_image","twitter_site":"@Fadesp","twitter_misc":{"Est. tempo de leitura":"2 minutos"},"schema":{"@context":"https:\/\/schema.org","@graph":[{"@type":"WebPage","@id":"https:\/\/portalfadesp.org.br\/?page_id=1343","url":"https:\/\/portalfadesp.org.br\/?page_id=1343","name":"Prefeitura Municipal de S\u00e3o F\u00e9lix do Xing\u00fa - 2009 - FADESP","isPartOf":{"@id":"https:\/\/portalfadesp.org.br\/#website"},"datePublished":"2009-05-22T04:18:49+00:00","dateModified":"2022-12-20T16:05:58+00:00","breadcrumb":{"@id":"https:\/\/portalfadesp.org.br\/?page_id=1343#breadcrumb"},"inLanguage":"pt-BR","potentialAction":[{"@type":"ReadAction","target":["https:\/\/portalfadesp.org.br\/?page_id=1343"]}]},{"@type":"BreadcrumbList","@id":"https:\/\/portalfadesp.org.br\/?page_id=1343#breadcrumb","itemListElement":[{"@type":"ListItem","position":1,"name":"In\u00edcio","item":"https:\/\/portalfadesp.org.br\/"},{"@type":"ListItem","position":2,"name":"Concursos &#8211; Homologados","item":"https:\/\/portalfadesp.org.br\/?page_id=329"},{"@type":"ListItem","position":3,"name":"Prefeitura Municipal de S\u00e3o F\u00e9lix do Xing\u00fa &#8211; 2009"}]},{"@type":"WebSite","@id":"https:\/\/portalfadesp.org.br\/#website","url":"https:\/\/portalfadesp.org.br\/","name":"FADESP","description":"Funda\u00e7\u00e3o de Amparo e Desenvolvimento da Pesquisa","publisher":{"@id":"https:\/\/portalfadesp.org.br\/#organization"},"potentialAction":[{"@type":"SearchAction","target":{"@type":"EntryPoint","urlTemplate":"https:\/\/portalfadesp.org.br\/?s={search_term_string}"},"query-input":{"@type":"PropertyValueSpecification","valueRequired":true,"valueName":"search_term_string"}}],"inLanguage":"pt-BR"},{"@type":"Organization","@id":"https:\/\/portalfadesp.org.br\/#organization","name":"FADESP","url":"https:\/\/portalfadesp.org.br\/","logo":{"@type":"ImageObject","inLanguage":"pt-BR","@id":"https:\/\/portalfadesp.org.br\/#\/schema\/logo\/image\/","url":"https:\/\/portalfadesp.org.br\/wp-content\/uploads\/2024\/01\/NOVOLOGOFADESPlaranjaH.png","contentUrl":"https:\/\/portalfadesp.org.br\/wp-content\/uploads\/2024\/01\/NOVOLOGOFADESPlaranjaH.png","width":2742,"height":839,"caption":"FADESP"},"image":{"@id":"https:\/\/portalfadesp.org.br\/#\/schema\/logo\/image\/"},"sameAs":["https:\/\/www.facebook.com\/Fadesp-138351949524662\/","https:\/\/x.com\/Fadesp","https:\/\/www.instagram.com\/fadesp_ufpa\/","https:\/\/www.youtube.com\/@fundacaodeamparoedesenvolv1903","https:\/\/www.threads.net\/@fadesp_ufpa"]}]}},"_links":{"self":[{"href":"https:\/\/portalfadesp.org.br\/index.php?rest_route=\/wp\/v2\/pages\/1343","targetHints":{"allow":["GET"]}}],"collection":[{"href":"https:\/\/portalfadesp.org.br\/index.php?rest_route=\/wp\/v2\/pages"}],"about":[{"href":"https:\/\/portalfadesp.org.br\/index.php?rest_route=\/wp\/v2\/types\/page"}],"author":[{"embeddable":true,"href":"https:\/\/portalfadesp.org.br\/index.php?rest_route=\/wp\/v2\/users\/9"}],"replies":[{"embeddable":true,"href":"https:\/\/portalfadesp.org.br\/index.php?rest_route=%2Fwp%2Fv2%2Fcomments&post=1343"}],"version-history":[{"count":22,"href":"https:\/\/portalfadesp.org.br\/index.php?rest_route=\/wp\/v2\/pages\/1343\/revisions"}],"predecessor-version":[{"id":36846,"href":"https:\/\/portalfadesp.org.br\/index.php?rest_route=\/wp\/v2\/pages\/1343\/revisions\/36846"}],"up":[{"embeddable":true,"href":"https:\/\/portalfadesp.org.br\/index.php?rest_route=\/wp\/v2\/pages\/329"}],"wp:attachment":[{"href":"https:\/\/portalfadesp.org.br\/index.php?rest_route=%2Fwp%2Fv2%2Fmedia&parent=1343"}],"curies":[{"name":"wp","href":"https:\/\/api.w.org\/{rel}","templated":true}]}}