{"id":1341,"date":"2008-05-22T01:18:33","date_gmt":"2008-05-22T04:18:33","guid":{"rendered":"https:\/\/162.215.13.167?page_id=1341"},"modified":"2022-12-20T13:06:02","modified_gmt":"2022-12-20T16:06:02","slug":"companhia-docas-do-para-cdp-2008","status":"publish","type":"page","link":"https:\/\/portalfadesp.org.br\/?page_id=1341","title":{"rendered":"Companhia Docas do Par\u00e1 (CDP) &#8211; 2008"},"content":{"rendered":"\t\t<div data-elementor-type=\"wp-post\" data-elementor-id=\"1341\" class=\"elementor elementor-1341\" data-elementor-post-type=\"page\">\n\t\t\t\t\t\t<section class=\"elementor-section elementor-top-section elementor-element elementor-element-4bdcbac9 elementor-section-full_width elementor-section-height-default elementor-section-height-default\" data-id=\"4bdcbac9\" data-element_type=\"section\">\n\t\t\t\t\t\t<div class=\"elementor-container elementor-column-gap-default\">\n\t\t\t\t\t<div class=\"elementor-column elementor-col-100 elementor-top-column elementor-element elementor-element-32b9339f\" data-id=\"32b9339f\" data-element_type=\"column\">\n\t\t\t<div class=\"elementor-widget-wrap elementor-element-populated\">\n\t\t\t\t\t\t<div class=\"elementor-element elementor-element-58aac881 elementor-widget elementor-widget-heading\" data-id=\"58aac881\" data-element_type=\"widget\" data-widget_type=\"heading.default\">\n\t\t\t\t<div class=\"elementor-widget-container\">\n\t\t\t\t\t<h1 class=\"elementor-heading-title elementor-size-default\">Companhia Docas do Par\u00e1 (CDP) - 2008<\/h1>\t\t\t\t<\/div>\n\t\t\t\t<\/div>\n\t\t\t\t<section class=\"elementor-section elementor-inner-section elementor-element elementor-element-11220610 elementor-section-boxed elementor-section-height-default elementor-section-height-default\" data-id=\"11220610\" data-element_type=\"section\">\n\t\t\t\t\t\t<div class=\"elementor-container elementor-column-gap-default\">\n\t\t\t\t\t<div class=\"elementor-column elementor-col-50 elementor-inner-column elementor-element elementor-element-6d8d6131\" data-id=\"6d8d6131\" data-element_type=\"column\">\n\t\t\t<div class=\"elementor-widget-wrap elementor-element-populated\">\n\t\t\t\t\t\t<div class=\"elementor-element elementor-element-6aa9bfc elementor-widget elementor-widget-text-editor\" data-id=\"6aa9bfc\" data-element_type=\"widget\" data-widget_type=\"text-editor.default\">\n\t\t\t\t<div class=\"elementor-widget-container\">\n\t\t\t\t\t\t\t\t\t<p>A Companhia Docas do Par\u00e1 (CDP) torna p\u00fablica a realiza\u00e7\u00e3o de concurso p\u00fablico para provimento de vagas e forma\u00e7\u00e3o de cadastro reserva para cargo de n\u00edvel m\u00e9dio, com fundamento em decis\u00e3o tomada na 364, a reuni\u00e3o do Conselho de Administra\u00e7\u00e3o &#8211; CONSAD, realizada em 27 de junho de 2008, baseada nos termos do artigo 12 inciso XV do Estatuto Social da CDP, e mediante as condi\u00e7\u00f5es estabelecidas\u00a0no Edital 001\/2008.<\/p><p><strong>Vagas &#8211;\u00a0<\/strong>15 vagas<\/p><p><strong>Cargos &#8211; \u00a0<\/strong>N\u00edvel M\u00e9dio:\u00a0Assistente Administrativo I<\/p><p><strong>Remunera\u00e7\u00e3o &#8211;\u00a0<\/strong>R$ 864,24<\/p><p><strong>Inscri\u00e7\u00f5es &#8211;\u00a0<\/strong>29\/10\/2008 a 17\/11\/2008<\/p><p><strong>Taxa &#8211;\u00a0<\/strong>R$ 40,00 para o cargo de n\u00edvel m\u00e9dio.<\/p><p><strong>Datas importantes<\/strong>:\u00a0<\/p><p>Per\u00edodo de Inscri\u00e7\u00e3o &#8211;\u00a029\/10\/2008 a 17\/11\/2008<\/p><p>Cart\u00e3o de Inscri\u00e7\u00e3o &#8211; 21 a 31\/10\/08<\/p><p>Prova Objetiva &#8211; 21\/12\/08\u00a0<\/p>\t\t\t\t\t\t\t\t<\/div>\n\t\t\t\t<\/div>\n\t\t\t\t\t<\/div>\n\t\t<\/div>\n\t\t\t\t<div class=\"elementor-column elementor-col-50 elementor-inner-column elementor-element elementor-element-32901484\" data-id=\"32901484\" data-element_type=\"column\">\n\t\t\t<div class=\"elementor-widget-wrap elementor-element-populated\">\n\t\t\t\t\t\t<div class=\"elementor-element elementor-element-27ddab0f elementor-widget elementor-widget-text-editor\" data-id=\"27ddab0f\" data-element_type=\"widget\" data-widget_type=\"text-editor.default\">\n\t\t\t\t<div class=\"elementor-widget-container\">\n\t\t\t\t\t\t\t\t\t<p style=\"text-align: center;\"><span style=\"color: #ffffff;\"><strong>Editais e Avisos<\/strong><\/span><\/p>\t\t\t\t\t\t\t\t<\/div>\n\t\t\t\t<\/div>\n\t\t\t\t<div class=\"elementor-element elementor-element-786fc3eb elementor-widget elementor-widget-text-editor\" data-id=\"786fc3eb\" data-element_type=\"widget\" data-widget_type=\"text-editor.default\">\n\t\t\t\t<div class=\"elementor-widget-container\">\n\t\t\t\t\t\t\t\t\t<table width=\"80\">\n<tbody>\n<tr>\n<td width=\"80\"><strong><a href=\"..\/midias\/anexos\/351_situacao_geral.pdf\">Situa\u00e7\u00e3o geral<\/a><\/strong><\/td>\n<\/tr>\n<tr>\n<td width=\"80\"><strong><a href=\"..\/midias\/anexos\/351_criterios_de_desempate.pdf\">Crit\u00e9rios de desempate<\/a><\/strong><\/td>\n<\/tr>\n<tr>\n<td width=\"80\"><strong><a href=\"..\/midias\/anexos\/351_classificados.pdf\">Classificados<\/a><\/strong><\/td>\n<\/tr>\n<tr>\n<td width=\"80\"><strong><a href=\"..\/midias\/anexos\/351_gabaritodef.pdf\">Gabarito Definitivo<\/a><\/strong><\/td>\n<\/tr>\n<tr>\n<td width=\"80\"><strong><a href=\"..\/midias\/anexos\/351_aviso__003_fadesp_cdp.pdf\">Aviso 3 candidatos PNE<\/a><\/strong><\/td>\n<\/tr>\n<tr>\n<td width=\"80\"><strong><a href=\"..\/midias\/anexos\/351_aviso_002_fadesp_cdp.pdf\">Aviso 2 candidatos PNE<\/a><\/strong><\/td>\n<\/tr>\n<tr>\n<td width=\"80\"><strong><a href=\"..\/midias\/anexos\/351_formisento.pdf\">Formul\u00e1rio de Isen\u00e7\u00e3o de Inscri\u00e7\u00e3o<\/a><\/strong><\/td>\n<\/tr>\n<tr>\n<td width=\"80\"><strong><a href=\"..\/midias\/anexos\/351_fpne.pdf\">Formul\u00e1rio PNE<\/a><\/strong><\/td>\n<\/tr>\n<tr>\n<td width=\"80\"><strong><a href=\"..\/midias\/anexos\/351_edital_001.pdf\">Edital N\u00ba 001\/2008 Abertura<\/a><\/strong><\/td>\n<\/tr>\n<\/tbody>\n<\/table>\t\t\t\t\t\t\t\t<\/div>\n\t\t\t\t<\/div>\n\t\t\t\t\t<\/div>\n\t\t<\/div>\n\t\t\t\t\t<\/div>\n\t\t<\/section>\n\t\t\t\t\t<\/div>\n\t\t<\/div>\n\t\t\t\t\t<\/div>\n\t\t<\/section>\n\t\t\t\t<\/div>\n\t\t","protected":false},"excerpt":{"rendered":"<p>Companhia Docas do Par\u00e1 (CDP) &#8211; 2008 A Companhia Docas do Par\u00e1 (CDP) torna p\u00fablica a realiza\u00e7\u00e3o de concurso p\u00fablico para provimento de vagas e forma\u00e7\u00e3o de cadastro reserva para cargo de n\u00edvel m\u00e9dio, com fundamento em decis\u00e3o tomada na 364, a reuni\u00e3o do Conselho de Administra\u00e7\u00e3o &#8211; CONSAD, realizada em 27 de junho de [&hellip;]<\/p>\n","protected":false},"author":9,"featured_media":0,"parent":329,"menu_order":61,"comment_status":"closed","ping_status":"closed","template":"","meta":{"_monsterinsights_skip_tracking":false,"_monsterinsights_sitenote_active":false,"_monsterinsights_sitenote_note":"","_monsterinsights_sitenote_category":0,"footnotes":""},"class_list":["post-1341","page","type-page","status-publish","hentry","entry"],"yoast_head":"<!-- This site is optimized with the Yoast SEO plugin v25.1 - https:\/\/yoast.com\/wordpress\/plugins\/seo\/ -->\n<title>Companhia Docas do Par\u00e1 (CDP) - 2008 - FADESP<\/title>\n<meta name=\"robots\" content=\"index, follow, max-snippet:-1, max-image-preview:large, max-video-preview:-1\" \/>\n<link rel=\"canonical\" href=\"https:\/\/portalfadesp.org.br\/?page_id=1341\" \/>\n<meta property=\"og:locale\" content=\"pt_BR\" \/>\n<meta property=\"og:type\" content=\"article\" \/>\n<meta property=\"og:title\" content=\"Companhia Docas do Par\u00e1 (CDP) - 2008 - FADESP\" \/>\n<meta property=\"og:description\" content=\"Companhia Docas do Par\u00e1 (CDP) &#8211; 2008 A Companhia Docas do Par\u00e1 (CDP) torna p\u00fablica a realiza\u00e7\u00e3o de concurso p\u00fablico para provimento de vagas e forma\u00e7\u00e3o de cadastro reserva para cargo de n\u00edvel m\u00e9dio, com fundamento em decis\u00e3o tomada na 364, a reuni\u00e3o do Conselho de Administra\u00e7\u00e3o &#8211; CONSAD, realizada em 27 de junho de [&hellip;]\" \/>\n<meta property=\"og:url\" content=\"https:\/\/portalfadesp.org.br\/?page_id=1341\" \/>\n<meta property=\"og:site_name\" content=\"FADESP\" \/>\n<meta property=\"article:publisher\" content=\"https:\/\/www.facebook.com\/Fadesp-138351949524662\/\" \/>\n<meta property=\"article:modified_time\" content=\"2022-12-20T16:06:02+00:00\" \/>\n<meta name=\"twitter:card\" content=\"summary_large_image\" \/>\n<meta name=\"twitter:site\" content=\"@Fadesp\" \/>\n<meta name=\"twitter:label1\" content=\"Est. tempo de leitura\" \/>\n\t<meta name=\"twitter:data1\" content=\"1 minuto\" \/>\n<script type=\"application\/ld+json\" class=\"yoast-schema-graph\">{\"@context\":\"https:\/\/schema.org\",\"@graph\":[{\"@type\":\"WebPage\",\"@id\":\"https:\/\/portalfadesp.org.br\/?page_id=1341\",\"url\":\"https:\/\/portalfadesp.org.br\/?page_id=1341\",\"name\":\"Companhia Docas do Par\u00e1 (CDP) - 2008 - FADESP\",\"isPartOf\":{\"@id\":\"https:\/\/portalfadesp.org.br\/#website\"},\"datePublished\":\"2008-05-22T04:18:33+00:00\",\"dateModified\":\"2022-12-20T16:06:02+00:00\",\"breadcrumb\":{\"@id\":\"https:\/\/portalfadesp.org.br\/?page_id=1341#breadcrumb\"},\"inLanguage\":\"pt-BR\",\"potentialAction\":[{\"@type\":\"ReadAction\",\"target\":[\"https:\/\/portalfadesp.org.br\/?page_id=1341\"]}]},{\"@type\":\"BreadcrumbList\",\"@id\":\"https:\/\/portalfadesp.org.br\/?page_id=1341#breadcrumb\",\"itemListElement\":[{\"@type\":\"ListItem\",\"position\":1,\"name\":\"In\u00edcio\",\"item\":\"https:\/\/portalfadesp.org.br\/\"},{\"@type\":\"ListItem\",\"position\":2,\"name\":\"Concursos &#8211; Homologados\",\"item\":\"https:\/\/portalfadesp.org.br\/?page_id=329\"},{\"@type\":\"ListItem\",\"position\":3,\"name\":\"Companhia Docas do Par\u00e1 (CDP) &#8211; 2008\"}]},{\"@type\":\"WebSite\",\"@id\":\"https:\/\/portalfadesp.org.br\/#website\",\"url\":\"https:\/\/portalfadesp.org.br\/\",\"name\":\"FADESP\",\"description\":\"Funda\u00e7\u00e3o de Amparo e Desenvolvimento da Pesquisa\",\"publisher\":{\"@id\":\"https:\/\/portalfadesp.org.br\/#organization\"},\"potentialAction\":[{\"@type\":\"SearchAction\",\"target\":{\"@type\":\"EntryPoint\",\"urlTemplate\":\"https:\/\/portalfadesp.org.br\/?s={search_term_string}\"},\"query-input\":{\"@type\":\"PropertyValueSpecification\",\"valueRequired\":true,\"valueName\":\"search_term_string\"}}],\"inLanguage\":\"pt-BR\"},{\"@type\":\"Organization\",\"@id\":\"https:\/\/portalfadesp.org.br\/#organization\",\"name\":\"FADESP\",\"url\":\"https:\/\/portalfadesp.org.br\/\",\"logo\":{\"@type\":\"ImageObject\",\"inLanguage\":\"pt-BR\",\"@id\":\"https:\/\/portalfadesp.org.br\/#\/schema\/logo\/image\/\",\"url\":\"https:\/\/portalfadesp.org.br\/wp-content\/uploads\/2024\/01\/NOVOLOGOFADESPlaranjaH.png\",\"contentUrl\":\"https:\/\/portalfadesp.org.br\/wp-content\/uploads\/2024\/01\/NOVOLOGOFADESPlaranjaH.png\",\"width\":2742,\"height\":839,\"caption\":\"FADESP\"},\"image\":{\"@id\":\"https:\/\/portalfadesp.org.br\/#\/schema\/logo\/image\/\"},\"sameAs\":[\"https:\/\/www.facebook.com\/Fadesp-138351949524662\/\",\"https:\/\/x.com\/Fadesp\",\"https:\/\/www.instagram.com\/fadesp_ufpa\/\",\"https:\/\/www.youtube.com\/@fundacaodeamparoedesenvolv1903\",\"https:\/\/www.threads.net\/@fadesp_ufpa\"]}]}<\/script>\n<!-- \/ Yoast SEO plugin. -->","yoast_head_json":{"title":"Companhia Docas do Par\u00e1 (CDP) - 2008 - FADESP","robots":{"index":"index","follow":"follow","max-snippet":"max-snippet:-1","max-image-preview":"max-image-preview:large","max-video-preview":"max-video-preview:-1"},"canonical":"https:\/\/portalfadesp.org.br\/?page_id=1341","og_locale":"pt_BR","og_type":"article","og_title":"Companhia Docas do Par\u00e1 (CDP) - 2008 - FADESP","og_description":"Companhia Docas do Par\u00e1 (CDP) &#8211; 2008 A Companhia Docas do Par\u00e1 (CDP) torna p\u00fablica a realiza\u00e7\u00e3o de concurso p\u00fablico para provimento de vagas e forma\u00e7\u00e3o de cadastro reserva para cargo de n\u00edvel m\u00e9dio, com fundamento em decis\u00e3o tomada na 364, a reuni\u00e3o do Conselho de Administra\u00e7\u00e3o &#8211; CONSAD, realizada em 27 de junho de [&hellip;]","og_url":"https:\/\/portalfadesp.org.br\/?page_id=1341","og_site_name":"FADESP","article_publisher":"https:\/\/www.facebook.com\/Fadesp-138351949524662\/","article_modified_time":"2022-12-20T16:06:02+00:00","twitter_card":"summary_large_image","twitter_site":"@Fadesp","twitter_misc":{"Est. tempo de leitura":"1 minuto"},"schema":{"@context":"https:\/\/schema.org","@graph":[{"@type":"WebPage","@id":"https:\/\/portalfadesp.org.br\/?page_id=1341","url":"https:\/\/portalfadesp.org.br\/?page_id=1341","name":"Companhia Docas do Par\u00e1 (CDP) - 2008 - FADESP","isPartOf":{"@id":"https:\/\/portalfadesp.org.br\/#website"},"datePublished":"2008-05-22T04:18:33+00:00","dateModified":"2022-12-20T16:06:02+00:00","breadcrumb":{"@id":"https:\/\/portalfadesp.org.br\/?page_id=1341#breadcrumb"},"inLanguage":"pt-BR","potentialAction":[{"@type":"ReadAction","target":["https:\/\/portalfadesp.org.br\/?page_id=1341"]}]},{"@type":"BreadcrumbList","@id":"https:\/\/portalfadesp.org.br\/?page_id=1341#breadcrumb","itemListElement":[{"@type":"ListItem","position":1,"name":"In\u00edcio","item":"https:\/\/portalfadesp.org.br\/"},{"@type":"ListItem","position":2,"name":"Concursos &#8211; Homologados","item":"https:\/\/portalfadesp.org.br\/?page_id=329"},{"@type":"ListItem","position":3,"name":"Companhia Docas do Par\u00e1 (CDP) &#8211; 2008"}]},{"@type":"WebSite","@id":"https:\/\/portalfadesp.org.br\/#website","url":"https:\/\/portalfadesp.org.br\/","name":"FADESP","description":"Funda\u00e7\u00e3o de Amparo e Desenvolvimento da Pesquisa","publisher":{"@id":"https:\/\/portalfadesp.org.br\/#organization"},"potentialAction":[{"@type":"SearchAction","target":{"@type":"EntryPoint","urlTemplate":"https:\/\/portalfadesp.org.br\/?s={search_term_string}"},"query-input":{"@type":"PropertyValueSpecification","valueRequired":true,"valueName":"search_term_string"}}],"inLanguage":"pt-BR"},{"@type":"Organization","@id":"https:\/\/portalfadesp.org.br\/#organization","name":"FADESP","url":"https:\/\/portalfadesp.org.br\/","logo":{"@type":"ImageObject","inLanguage":"pt-BR","@id":"https:\/\/portalfadesp.org.br\/#\/schema\/logo\/image\/","url":"https:\/\/portalfadesp.org.br\/wp-content\/uploads\/2024\/01\/NOVOLOGOFADESPlaranjaH.png","contentUrl":"https:\/\/portalfadesp.org.br\/wp-content\/uploads\/2024\/01\/NOVOLOGOFADESPlaranjaH.png","width":2742,"height":839,"caption":"FADESP"},"image":{"@id":"https:\/\/portalfadesp.org.br\/#\/schema\/logo\/image\/"},"sameAs":["https:\/\/www.facebook.com\/Fadesp-138351949524662\/","https:\/\/x.com\/Fadesp","https:\/\/www.instagram.com\/fadesp_ufpa\/","https:\/\/www.youtube.com\/@fundacaodeamparoedesenvolv1903","https:\/\/www.threads.net\/@fadesp_ufpa"]}]}},"_links":{"self":[{"href":"https:\/\/portalfadesp.org.br\/index.php?rest_route=\/wp\/v2\/pages\/1341","targetHints":{"allow":["GET"]}}],"collection":[{"href":"https:\/\/portalfadesp.org.br\/index.php?rest_route=\/wp\/v2\/pages"}],"about":[{"href":"https:\/\/portalfadesp.org.br\/index.php?rest_route=\/wp\/v2\/types\/page"}],"author":[{"embeddable":true,"href":"https:\/\/portalfadesp.org.br\/index.php?rest_route=\/wp\/v2\/users\/9"}],"replies":[{"embeddable":true,"href":"https:\/\/portalfadesp.org.br\/index.php?rest_route=%2Fwp%2Fv2%2Fcomments&post=1341"}],"version-history":[{"count":23,"href":"https:\/\/portalfadesp.org.br\/index.php?rest_route=\/wp\/v2\/pages\/1341\/revisions"}],"predecessor-version":[{"id":36852,"href":"https:\/\/portalfadesp.org.br\/index.php?rest_route=\/wp\/v2\/pages\/1341\/revisions\/36852"}],"up":[{"embeddable":true,"href":"https:\/\/portalfadesp.org.br\/index.php?rest_route=\/wp\/v2\/pages\/329"}],"wp:attachment":[{"href":"https:\/\/portalfadesp.org.br\/index.php?rest_route=%2Fwp%2Fv2%2Fmedia&parent=1341"}],"curies":[{"name":"wp","href":"https:\/\/api.w.org\/{rel}","templated":true}]}}