{"id":1340,"date":"2008-05-22T01:18:25","date_gmt":"2008-05-22T04:18:25","guid":{"rendered":"https:\/\/162.215.13.167?page_id=1340"},"modified":"2022-12-20T13:06:03","modified_gmt":"2022-12-20T16:06:03","slug":"secretaria-de-estado-de-meio-ambiente-sema-2008","status":"publish","type":"page","link":"https:\/\/portalfadesp.org.br\/?page_id=1340","title":{"rendered":"Secretaria de Estado de Meio Ambiente (SEMA) &#8211; 2008"},"content":{"rendered":"\t\t<div data-elementor-type=\"wp-post\" data-elementor-id=\"1340\" class=\"elementor elementor-1340\" data-elementor-post-type=\"page\">\n\t\t\t\t\t\t<section class=\"elementor-section elementor-top-section elementor-element elementor-element-4bcb3672 elementor-section-full_width elementor-section-height-default elementor-section-height-default\" data-id=\"4bcb3672\" data-element_type=\"section\">\n\t\t\t\t\t\t<div class=\"elementor-container elementor-column-gap-default\">\n\t\t\t\t\t<div class=\"elementor-column elementor-col-100 elementor-top-column elementor-element elementor-element-5cf222fd\" data-id=\"5cf222fd\" data-element_type=\"column\">\n\t\t\t<div class=\"elementor-widget-wrap elementor-element-populated\">\n\t\t\t\t\t\t<div class=\"elementor-element elementor-element-1fc787b1 elementor-widget elementor-widget-heading\" data-id=\"1fc787b1\" data-element_type=\"widget\" data-widget_type=\"heading.default\">\n\t\t\t\t<div class=\"elementor-widget-container\">\n\t\t\t\t\t<h1 class=\"elementor-heading-title elementor-size-default\">Secretaria de Estado de Meio Ambiente (SEMA) - 2008<\/h1>\t\t\t\t<\/div>\n\t\t\t\t<\/div>\n\t\t\t\t<section class=\"elementor-section elementor-inner-section elementor-element elementor-element-5535d031 elementor-section-boxed elementor-section-height-default elementor-section-height-default\" data-id=\"5535d031\" data-element_type=\"section\">\n\t\t\t\t\t\t<div class=\"elementor-container elementor-column-gap-default\">\n\t\t\t\t\t<div class=\"elementor-column elementor-col-50 elementor-inner-column elementor-element elementor-element-10f6ec9d\" data-id=\"10f6ec9d\" data-element_type=\"column\">\n\t\t\t<div class=\"elementor-widget-wrap elementor-element-populated\">\n\t\t\t\t\t\t<div class=\"elementor-element elementor-element-30514f25 elementor-widget elementor-widget-text-editor\" data-id=\"30514f25\" data-element_type=\"widget\" data-widget_type=\"text-editor.default\">\n\t\t\t\t<div class=\"elementor-widget-container\">\n\t\t\t\t\t\t\t\t\t<p>A SECRETARIA DE ESTADO DE ADMINISTRA\u00c7\u00c3O (SEAD) torna p\u00fablica a realiza\u00e7\u00e3o de concurso p\u00fablico para provimento de cargos de n\u00edvel superior, de n\u00edvel m\u00e9dio e de n\u00edvel fundamental da Secretaria de Estado de Meio Ambiente (SEMA), nos termos do disposto na Lei n\u00ba 7. 026, de 30 de julho de 2007, na Lei n\u00b0 5.810 de 24 de janeiro de 1994 (Regime Jur\u00eddico \u00danico), portarias n\u00b0 0165\/GS\/SEAD de 13\/03\/2008 e n\u00b0 0315\/GS\/SEAD de 24\/04\/2008, e mediante as condi\u00e7\u00f5es estabelecidas neste Edital.<\/p><p><strong>Vagas &#8211;\u00a0<\/strong>299<\/p><p><strong>Cargos &#8211;\u00a0<\/strong>N\u00edvel Fundamental Incompleto: Auxiliar de Servi\u00e7os Operacionais.<\/p><p>N\u00edvel M\u00e9dio: Assistente de Infraestrutura, Assistente de Meio Ambiente, Assistente de Inform\u00e1tica, T\u00e9cnico de Laborat\u00f3rio<\/p><p>N\u00edvel Superior: T\u00e9cnico em Gest\u00e3o P\u00fablica, Estat\u00edstica, Ci\u00eancias Cont\u00e1beis, Biblioteconomia, Psicologia, T\u00e9cnico em Gest\u00e3o de Meio Ambiente, Arquitetura e Urbanismo, Servi\u00e7o Social, Pedagogia, Ci\u00eancias Sociais, Geologia, Agronomia, Biomedicina, Arquivista, Hist\u00f3ria, Geografia, Turismo, Matem\u00e1tica, Meteorologia, Oceanografia, Zootecnia, Engenharia de Pesca, Engenharia de Produ\u00e7\u00e3o, Engenharia Cartogr\u00e1fica, Engenharia de Produ\u00e7\u00e3o, Engenharia Ambiental, Engenharia Mec\u00e2nica, Engenharia Qu\u00edmica, Engenharia Florestal, Engenharia Sanit\u00e1ria, Engenharia de Alimentos, Engenharia Civil, Letras, T\u00e9cnico em Gest\u00e3o de Infraestrutura e T\u00e9cnico em Gest\u00e3o de Inform\u00e1tica.\u00a0<\/p><p><strong>Remunera\u00e7\u00e3o &#8211;\u00a0<\/strong>R$ 415,00 a R$ 780,47<\/p><p><strong>Inscri\u00e7\u00f5es &#8211;\u00a0<\/strong>8 a 19\/07\/08<\/p><p><strong>Taxa &#8211;\u00a0<\/strong>R$ 40,00 (N\u00edvel Fundamental Incompleto); R$ 50,00 (N\u00edvel M\u00e9dio) e R$ 60,00 (N\u00edvel Superior)<\/p><p><strong>Datas importantes<\/strong>:<\/p><p>Per\u00edodo de Inscri\u00e7\u00e3o &#8211; 8 a 19\/07\/08<\/p><p>Cart\u00e3o de Inscri\u00e7\u00e3o &#8211; 06 a 10\/10\/08<\/p><p>Data da Prova Objetiva &#8211; \u00a019\/10\/08<\/p>\t\t\t\t\t\t\t\t<\/div>\n\t\t\t\t<\/div>\n\t\t\t\t\t<\/div>\n\t\t<\/div>\n\t\t\t\t<div class=\"elementor-column elementor-col-50 elementor-inner-column elementor-element elementor-element-28de80bd\" data-id=\"28de80bd\" data-element_type=\"column\">\n\t\t\t<div class=\"elementor-widget-wrap elementor-element-populated\">\n\t\t\t\t\t\t<div class=\"elementor-element elementor-element-24b1c8f9 elementor-widget elementor-widget-text-editor\" data-id=\"24b1c8f9\" data-element_type=\"widget\" data-widget_type=\"text-editor.default\">\n\t\t\t\t<div class=\"elementor-widget-container\">\n\t\t\t\t\t\t\t\t\t<p style=\"text-align: center;\"><span style=\"color: #ffffff;\"><strong>Editais e Avisos<\/strong><\/span><\/p>\t\t\t\t\t\t\t\t<\/div>\n\t\t\t\t<\/div>\n\t\t\t\t<div class=\"elementor-element elementor-element-217cff83 elementor-widget elementor-widget-text-editor\" data-id=\"217cff83\" data-element_type=\"widget\" data-widget_type=\"text-editor.default\">\n\t\t\t\t<div class=\"elementor-widget-container\">\n\t\t\t\t\t\t\t\t\t<table width=\"80\">\n<tbody>\n<tr>\n<td width=\"80\"><strong><a href=\"..\/midias\/anexos\/395_situacaogeralfinal.zip\">Situa\u00e7\u00e3o Geral Final\u00a0(Publicado em 19\/01\/2009)<\/a><\/strong><\/td>\n<\/tr>\n<tr>\n<td width=\"80\"><strong><a href=\"..\/midias\/anexos\/395_edital_11_2009.zip\">Edital n\u00b0 11_2009_Sead_Sema &#8211; Resultado Final(Publicado em 19\/01\/2009)<\/a><\/strong><\/td>\n<\/tr>\n<tr>\n<td width=\"80\"><strong><a href=\"..\/midias\/anexos\/395_edital_10_2009_sead_sema.zip\">Edital n\u00b0 10_2009_Sead_Sema &#8211; Retifica\u00e7\u00f5es na Prova de T\u00edtulo\u00a0(Publicado em 16\/01\/2009)<\/a><\/strong><\/td>\n<\/tr>\n<tr>\n<td width=\"80\"><strong><a href=\"..\/midias\/anexos\/395_edital_09_2009_sead_sema.zip\">Edital n\u00b0 09_2009_Sead_Sema &#8211; Retifica\u00e7\u00f5es no Resultado da Avalia\u00e7\u00e3o dos Documentos de Desempate\u00a0(Publicado em 16\/01\/2009)<\/a><\/strong><\/td>\n<\/tr>\n<tr>\n<td width=\"80\"><strong><a href=\"..\/midias\/anexos\/395_edital_08_2009_sead_sema.zip\">Edital n\u00b0 08\/2009\/Sead\/Sema &#8211; Resultado da Prova de Titulos do N\u00edvel Superior\u00a0(Publicado em 09\/01\/2009)<\/a><\/strong><\/td>\n<\/tr>\n<tr>\n<td width=\"80\"><strong><a href=\"..\/midias\/anexos\/395_edital_07_2009.zip\">Edital n\u00b0 07\/2009\/Sead\/Sema &#8211; Resultado da Avalia\u00e7\u00e3o dos documentos de desempate para todos os Cargos\u00a0(Publicado em 08\/01\/2009)<\/a><\/strong><\/td>\n<\/tr>\n<tr>\n<td width=\"80\"><strong><a href=\"..\/midias\/anexos\/395_situacaogeral.zip\">Situa\u00e7\u00e3o Geral\u00a0(Publicado em 27\/11\/2008)<\/a><\/strong><\/td>\n<\/tr>\n<tr>\n<td width=\"80\"><strong><a href=\"..\/midias\/anexos\/395_edital_06_2008_sead_sema.zip\">Edital n\u00b0 06\/2008\/Sead\/Sema &#8211; Convoca\u00e7\u00e3o para Entrega de Documentos\u00a0(Publicado em 27\/11\/2008)<\/a><\/strong><\/td>\n<\/tr>\n<tr>\n<td width=\"80\"><strong><a href=\"..\/midias\/anexos\/395_edital_05_2008_sead_sema.zip\">Edital n\u00b0 05\/2008\/Sead\/Sema &#8211; Convoca\u00e7\u00e3o \u00e0 Prova de T\u00edtulos\u00a0(Publicado em 27\/11\/2008)<\/a><\/strong><\/td>\n<\/tr>\n<tr>\n<td width=\"80\"><strong><a href=\"..\/midias\/anexos\/395_edital_04_2008_sead_sema.zip\">Edital n\u00b0 04\/2008\/Sead\/Sema &#8211; Resultado da Prova Objetiva\u00a0(Publicado em 27\/11\/2008)<\/a><\/strong><\/td>\n<\/tr>\n<tr>\n<td width=\"80\"><strong><a href=\"..\/midias\/anexos\/395_gabarito_oficial_definitivo.zip\">Gabarito Oficial Definitivo\u00a0(Publicado em 19\/11\/2008)<\/a><\/strong><\/td>\n<\/tr>\n<tr>\n<td width=\"80\"><strong><a href=\"http:\/\/concursos.fadesp.org.br\/sema\/arquivos\/provas\/provasegabaritos.html\">Gabaritos preliminares(Publicado em 10\/11\/2008)<\/a><\/strong><\/td>\n<\/tr>\n<tr>\n<td width=\"80\"><strong><a href=\"..\/midias\/anexos\/395_edital_03_2008_sead_sema.zip\">Edital n\u00ba. 003\/2008 &#8211; Deficientes F\u00edsicos\u00a0\u00a0(Publicado em 03\/11\/2008)<\/a><\/strong><\/td>\n<\/tr>\n<tr>\n<td width=\"80\"><strong><a href=\"..\/midias\/anexos\/395_aviso_001_fadesp_sema_.zip\">Aviso PNE 01\u00a0(Publicado em 23\/10\/2008)<\/a><\/strong><\/td>\n<\/tr>\n<tr>\n<td width=\"80\"><strong><a href=\"..\/midias\/anexos\/395_edital2.zip\">Edital n\u00ba. 002\/2008 &#8211; Altera\u00e7\u00e3o de Calend\u00e1rio<\/a><\/strong><\/td>\n<\/tr>\n<tr>\n<td width=\"80\"><strong><a href=\"..\/midias\/anexos\/395_edital_de_abertura_01_2008_sead_sema.zip\">Edital n\u00ba. 001\/2008 &#8211; Abertura<\/a><\/strong><\/td>\n<\/tr>\n<\/tbody>\n<\/table>\t\t\t\t\t\t\t\t<\/div>\n\t\t\t\t<\/div>\n\t\t\t\t\t<\/div>\n\t\t<\/div>\n\t\t\t\t\t<\/div>\n\t\t<\/section>\n\t\t\t\t\t<\/div>\n\t\t<\/div>\n\t\t\t\t\t<\/div>\n\t\t<\/section>\n\t\t\t\t<\/div>\n\t\t","protected":false},"excerpt":{"rendered":"<p>Secretaria de Estado de Meio Ambiente (SEMA) &#8211; 2008 A SECRETARIA DE ESTADO DE ADMINISTRA\u00c7\u00c3O (SEAD) torna p\u00fablica a realiza\u00e7\u00e3o de concurso p\u00fablico para provimento de cargos de n\u00edvel superior, de n\u00edvel m\u00e9dio e de n\u00edvel fundamental da Secretaria de Estado de Meio Ambiente (SEMA), nos termos do disposto na Lei n\u00ba 7. 026, de [&hellip;]<\/p>\n","protected":false},"author":9,"featured_media":0,"parent":329,"menu_order":61,"comment_status":"closed","ping_status":"closed","template":"","meta":{"_monsterinsights_skip_tracking":false,"_monsterinsights_sitenote_active":false,"_monsterinsights_sitenote_note":"","_monsterinsights_sitenote_category":0,"footnotes":""},"class_list":["post-1340","page","type-page","status-publish","hentry","entry"],"yoast_head":"<!-- This site is optimized with the Yoast SEO plugin v25.1 - https:\/\/yoast.com\/wordpress\/plugins\/seo\/ -->\n<title>Secretaria de Estado de Meio Ambiente (SEMA) - 2008 - FADESP<\/title>\n<meta name=\"robots\" content=\"index, follow, max-snippet:-1, max-image-preview:large, max-video-preview:-1\" \/>\n<link rel=\"canonical\" href=\"https:\/\/portalfadesp.org.br\/?page_id=1340\" \/>\n<meta property=\"og:locale\" content=\"pt_BR\" \/>\n<meta property=\"og:type\" content=\"article\" \/>\n<meta property=\"og:title\" content=\"Secretaria de Estado de Meio Ambiente (SEMA) - 2008 - FADESP\" \/>\n<meta property=\"og:description\" content=\"Secretaria de Estado de Meio Ambiente (SEMA) &#8211; 2008 A SECRETARIA DE ESTADO DE ADMINISTRA\u00c7\u00c3O (SEAD) torna p\u00fablica a realiza\u00e7\u00e3o de concurso p\u00fablico para provimento de cargos de n\u00edvel superior, de n\u00edvel m\u00e9dio e de n\u00edvel fundamental da Secretaria de Estado de Meio Ambiente (SEMA), nos termos do disposto na Lei n\u00ba 7. 026, de [&hellip;]\" \/>\n<meta property=\"og:url\" content=\"https:\/\/portalfadesp.org.br\/?page_id=1340\" \/>\n<meta property=\"og:site_name\" content=\"FADESP\" \/>\n<meta property=\"article:publisher\" content=\"https:\/\/www.facebook.com\/Fadesp-138351949524662\/\" \/>\n<meta property=\"article:modified_time\" content=\"2022-12-20T16:06:03+00:00\" \/>\n<meta name=\"twitter:card\" content=\"summary_large_image\" \/>\n<meta name=\"twitter:site\" content=\"@Fadesp\" \/>\n<meta name=\"twitter:label1\" content=\"Est. tempo de leitura\" \/>\n\t<meta name=\"twitter:data1\" content=\"2 minutos\" \/>\n<script type=\"application\/ld+json\" class=\"yoast-schema-graph\">{\"@context\":\"https:\/\/schema.org\",\"@graph\":[{\"@type\":\"WebPage\",\"@id\":\"https:\/\/portalfadesp.org.br\/?page_id=1340\",\"url\":\"https:\/\/portalfadesp.org.br\/?page_id=1340\",\"name\":\"Secretaria de Estado de Meio Ambiente (SEMA) - 2008 - FADESP\",\"isPartOf\":{\"@id\":\"https:\/\/portalfadesp.org.br\/#website\"},\"datePublished\":\"2008-05-22T04:18:25+00:00\",\"dateModified\":\"2022-12-20T16:06:03+00:00\",\"breadcrumb\":{\"@id\":\"https:\/\/portalfadesp.org.br\/?page_id=1340#breadcrumb\"},\"inLanguage\":\"pt-BR\",\"potentialAction\":[{\"@type\":\"ReadAction\",\"target\":[\"https:\/\/portalfadesp.org.br\/?page_id=1340\"]}]},{\"@type\":\"BreadcrumbList\",\"@id\":\"https:\/\/portalfadesp.org.br\/?page_id=1340#breadcrumb\",\"itemListElement\":[{\"@type\":\"ListItem\",\"position\":1,\"name\":\"In\u00edcio\",\"item\":\"https:\/\/portalfadesp.org.br\/\"},{\"@type\":\"ListItem\",\"position\":2,\"name\":\"Concursos &#8211; Homologados\",\"item\":\"https:\/\/portalfadesp.org.br\/?page_id=329\"},{\"@type\":\"ListItem\",\"position\":3,\"name\":\"Secretaria de Estado de Meio Ambiente (SEMA) &#8211; 2008\"}]},{\"@type\":\"WebSite\",\"@id\":\"https:\/\/portalfadesp.org.br\/#website\",\"url\":\"https:\/\/portalfadesp.org.br\/\",\"name\":\"FADESP\",\"description\":\"Funda\u00e7\u00e3o de Amparo e Desenvolvimento da Pesquisa\",\"publisher\":{\"@id\":\"https:\/\/portalfadesp.org.br\/#organization\"},\"potentialAction\":[{\"@type\":\"SearchAction\",\"target\":{\"@type\":\"EntryPoint\",\"urlTemplate\":\"https:\/\/portalfadesp.org.br\/?s={search_term_string}\"},\"query-input\":{\"@type\":\"PropertyValueSpecification\",\"valueRequired\":true,\"valueName\":\"search_term_string\"}}],\"inLanguage\":\"pt-BR\"},{\"@type\":\"Organization\",\"@id\":\"https:\/\/portalfadesp.org.br\/#organization\",\"name\":\"FADESP\",\"url\":\"https:\/\/portalfadesp.org.br\/\",\"logo\":{\"@type\":\"ImageObject\",\"inLanguage\":\"pt-BR\",\"@id\":\"https:\/\/portalfadesp.org.br\/#\/schema\/logo\/image\/\",\"url\":\"https:\/\/portalfadesp.org.br\/wp-content\/uploads\/2024\/01\/NOVOLOGOFADESPlaranjaH.png\",\"contentUrl\":\"https:\/\/portalfadesp.org.br\/wp-content\/uploads\/2024\/01\/NOVOLOGOFADESPlaranjaH.png\",\"width\":2742,\"height\":839,\"caption\":\"FADESP\"},\"image\":{\"@id\":\"https:\/\/portalfadesp.org.br\/#\/schema\/logo\/image\/\"},\"sameAs\":[\"https:\/\/www.facebook.com\/Fadesp-138351949524662\/\",\"https:\/\/x.com\/Fadesp\",\"https:\/\/www.instagram.com\/fadesp_ufpa\/\",\"https:\/\/www.youtube.com\/@fundacaodeamparoedesenvolv1903\",\"https:\/\/www.threads.net\/@fadesp_ufpa\"]}]}<\/script>\n<!-- \/ Yoast SEO plugin. -->","yoast_head_json":{"title":"Secretaria de Estado de Meio Ambiente (SEMA) - 2008 - FADESP","robots":{"index":"index","follow":"follow","max-snippet":"max-snippet:-1","max-image-preview":"max-image-preview:large","max-video-preview":"max-video-preview:-1"},"canonical":"https:\/\/portalfadesp.org.br\/?page_id=1340","og_locale":"pt_BR","og_type":"article","og_title":"Secretaria de Estado de Meio Ambiente (SEMA) - 2008 - FADESP","og_description":"Secretaria de Estado de Meio Ambiente (SEMA) &#8211; 2008 A SECRETARIA DE ESTADO DE ADMINISTRA\u00c7\u00c3O (SEAD) torna p\u00fablica a realiza\u00e7\u00e3o de concurso p\u00fablico para provimento de cargos de n\u00edvel superior, de n\u00edvel m\u00e9dio e de n\u00edvel fundamental da Secretaria de Estado de Meio Ambiente (SEMA), nos termos do disposto na Lei n\u00ba 7. 026, de [&hellip;]","og_url":"https:\/\/portalfadesp.org.br\/?page_id=1340","og_site_name":"FADESP","article_publisher":"https:\/\/www.facebook.com\/Fadesp-138351949524662\/","article_modified_time":"2022-12-20T16:06:03+00:00","twitter_card":"summary_large_image","twitter_site":"@Fadesp","twitter_misc":{"Est. tempo de leitura":"2 minutos"},"schema":{"@context":"https:\/\/schema.org","@graph":[{"@type":"WebPage","@id":"https:\/\/portalfadesp.org.br\/?page_id=1340","url":"https:\/\/portalfadesp.org.br\/?page_id=1340","name":"Secretaria de Estado de Meio Ambiente (SEMA) - 2008 - FADESP","isPartOf":{"@id":"https:\/\/portalfadesp.org.br\/#website"},"datePublished":"2008-05-22T04:18:25+00:00","dateModified":"2022-12-20T16:06:03+00:00","breadcrumb":{"@id":"https:\/\/portalfadesp.org.br\/?page_id=1340#breadcrumb"},"inLanguage":"pt-BR","potentialAction":[{"@type":"ReadAction","target":["https:\/\/portalfadesp.org.br\/?page_id=1340"]}]},{"@type":"BreadcrumbList","@id":"https:\/\/portalfadesp.org.br\/?page_id=1340#breadcrumb","itemListElement":[{"@type":"ListItem","position":1,"name":"In\u00edcio","item":"https:\/\/portalfadesp.org.br\/"},{"@type":"ListItem","position":2,"name":"Concursos &#8211; Homologados","item":"https:\/\/portalfadesp.org.br\/?page_id=329"},{"@type":"ListItem","position":3,"name":"Secretaria de Estado de Meio Ambiente (SEMA) &#8211; 2008"}]},{"@type":"WebSite","@id":"https:\/\/portalfadesp.org.br\/#website","url":"https:\/\/portalfadesp.org.br\/","name":"FADESP","description":"Funda\u00e7\u00e3o de Amparo e Desenvolvimento da Pesquisa","publisher":{"@id":"https:\/\/portalfadesp.org.br\/#organization"},"potentialAction":[{"@type":"SearchAction","target":{"@type":"EntryPoint","urlTemplate":"https:\/\/portalfadesp.org.br\/?s={search_term_string}"},"query-input":{"@type":"PropertyValueSpecification","valueRequired":true,"valueName":"search_term_string"}}],"inLanguage":"pt-BR"},{"@type":"Organization","@id":"https:\/\/portalfadesp.org.br\/#organization","name":"FADESP","url":"https:\/\/portalfadesp.org.br\/","logo":{"@type":"ImageObject","inLanguage":"pt-BR","@id":"https:\/\/portalfadesp.org.br\/#\/schema\/logo\/image\/","url":"https:\/\/portalfadesp.org.br\/wp-content\/uploads\/2024\/01\/NOVOLOGOFADESPlaranjaH.png","contentUrl":"https:\/\/portalfadesp.org.br\/wp-content\/uploads\/2024\/01\/NOVOLOGOFADESPlaranjaH.png","width":2742,"height":839,"caption":"FADESP"},"image":{"@id":"https:\/\/portalfadesp.org.br\/#\/schema\/logo\/image\/"},"sameAs":["https:\/\/www.facebook.com\/Fadesp-138351949524662\/","https:\/\/x.com\/Fadesp","https:\/\/www.instagram.com\/fadesp_ufpa\/","https:\/\/www.youtube.com\/@fundacaodeamparoedesenvolv1903","https:\/\/www.threads.net\/@fadesp_ufpa"]}]}},"_links":{"self":[{"href":"https:\/\/portalfadesp.org.br\/index.php?rest_route=\/wp\/v2\/pages\/1340","targetHints":{"allow":["GET"]}}],"collection":[{"href":"https:\/\/portalfadesp.org.br\/index.php?rest_route=\/wp\/v2\/pages"}],"about":[{"href":"https:\/\/portalfadesp.org.br\/index.php?rest_route=\/wp\/v2\/types\/page"}],"author":[{"embeddable":true,"href":"https:\/\/portalfadesp.org.br\/index.php?rest_route=\/wp\/v2\/users\/9"}],"replies":[{"embeddable":true,"href":"https:\/\/portalfadesp.org.br\/index.php?rest_route=%2Fwp%2Fv2%2Fcomments&post=1340"}],"version-history":[{"count":25,"href":"https:\/\/portalfadesp.org.br\/index.php?rest_route=\/wp\/v2\/pages\/1340\/revisions"}],"predecessor-version":[{"id":36855,"href":"https:\/\/portalfadesp.org.br\/index.php?rest_route=\/wp\/v2\/pages\/1340\/revisions\/36855"}],"up":[{"embeddable":true,"href":"https:\/\/portalfadesp.org.br\/index.php?rest_route=\/wp\/v2\/pages\/329"}],"wp:attachment":[{"href":"https:\/\/portalfadesp.org.br\/index.php?rest_route=%2Fwp%2Fv2%2Fmedia&parent=1340"}],"curies":[{"name":"wp","href":"https:\/\/api.w.org\/{rel}","templated":true}]}}