{"id":1339,"date":"2008-05-22T00:45:04","date_gmt":"2008-05-22T03:45:04","guid":{"rendered":"https:\/\/162.215.13.167?page_id=1339"},"modified":"2022-12-20T13:07:21","modified_gmt":"2022-12-20T16:07:21","slug":"prefeitura-municipal-de-monte-alegre-2008","status":"publish","type":"page","link":"https:\/\/portalfadesp.org.br\/?page_id=1339","title":{"rendered":"Prefeitura Municipal de Monte Alegre &#8211; 2008"},"content":{"rendered":"\t\t<div data-elementor-type=\"wp-post\" data-elementor-id=\"1339\" class=\"elementor elementor-1339\" data-elementor-post-type=\"page\">\n\t\t\t\t\t\t<section class=\"elementor-section elementor-top-section elementor-element elementor-element-5c549a17 elementor-section-full_width elementor-section-height-default elementor-section-height-default\" data-id=\"5c549a17\" data-element_type=\"section\">\n\t\t\t\t\t\t<div class=\"elementor-container elementor-column-gap-default\">\n\t\t\t\t\t<div class=\"elementor-column elementor-col-100 elementor-top-column elementor-element elementor-element-763eb3b3\" data-id=\"763eb3b3\" data-element_type=\"column\">\n\t\t\t<div class=\"elementor-widget-wrap elementor-element-populated\">\n\t\t\t\t\t\t<div class=\"elementor-element elementor-element-2b0bfaab elementor-widget elementor-widget-heading\" data-id=\"2b0bfaab\" data-element_type=\"widget\" data-widget_type=\"heading.default\">\n\t\t\t\t<div class=\"elementor-widget-container\">\n\t\t\t\t\t<h1 class=\"elementor-heading-title elementor-size-default\">Prefeitura Municipal de Monte Alegre - 2008<\/h1>\t\t\t\t<\/div>\n\t\t\t\t<\/div>\n\t\t\t\t<section class=\"elementor-section elementor-inner-section elementor-element elementor-element-5c87d6ca elementor-section-boxed elementor-section-height-default elementor-section-height-default\" data-id=\"5c87d6ca\" data-element_type=\"section\">\n\t\t\t\t\t\t<div class=\"elementor-container elementor-column-gap-default\">\n\t\t\t\t\t<div class=\"elementor-column elementor-col-50 elementor-inner-column elementor-element elementor-element-26d718e0\" data-id=\"26d718e0\" data-element_type=\"column\">\n\t\t\t<div class=\"elementor-widget-wrap elementor-element-populated\">\n\t\t\t\t\t\t<div class=\"elementor-element elementor-element-779b5da6 elementor-widget elementor-widget-text-editor\" data-id=\"779b5da6\" data-element_type=\"widget\" data-widget_type=\"text-editor.default\">\n\t\t\t\t<div class=\"elementor-widget-container\">\n\t\t\t\t\t\t\t\t\t<p>A Prefeitura Municipal de Monte Alegre, no uso de suas atribui\u00e7\u00f5es, torna p\u00fablica a realiza\u00e7\u00e3o de PROCESSO SELETIVO P\u00daBLICO destinado ao provimento do cargo de AGENTES COMUNIT\u00c1RIOS DE SA\u00daDE para o preenchimento das vagas na Zona Urbana e Zona Rural para o quadro de pessoal efetivo de n\u00edvel fundamental, mediante as condi\u00e7\u00f5es estabelecidas no Edital 01\/2008\/PMMA.<\/p><p><strong>Vagas &#8211;\u00a0<\/strong>95<\/p><p><strong>Cargos &#8211;\u00a0<\/strong>Agente Comunit\u00e1rio de Sa\u00fade (ACS)<strong><br \/><\/strong><\/p><p><strong>Remunera\u00e7\u00e3o &#8211;\u00a0\u00a0<\/strong>N\u00e3o informado no edital<strong><br \/><\/strong><\/p><p><strong>Inscri\u00e7\u00f5es &#8211;\u00a0<\/strong>01 a 05\/06\/2008 (presencial), no Col\u00e9gio Orlando Costa no Munic\u00edpio de Monte Alegre.<\/p><p><strong>Taxa &#8211;\u00a0<\/strong>R$ 40,00<\/p><p><strong>Datas importantes<\/strong>:<\/p><p>Data de Inscri\u00e7\u00e3o &#8211;<\/p><p>Cart\u00e3o de Inscri\u00e7\u00e3o &#8211; 01 a 05\/06\/2008<\/p><p>Data da prova objetiva &#8211;\u00a0 1\u00aa etapa &#8211; 15\/06\/2008<\/p><p>Gabarito oficial preliminar &#8211; 15\/06\/2008<\/p><p>Resultado da prova objetiva 1\u00aa etapa &#8211; 19\/06\/2008<\/p><p>Curso de Forma\u00e7\u00e3o Inicial &#8211; 24 a 27\/06\/2008<\/p><p>Data da prova objetiva &#8211;\u00a0 1\u00aa etapa &#8211; 29\/06\/2008<\/p><p>Resultado final do processo seletivo &#8211; 05\/07\/2008<\/p>\t\t\t\t\t\t\t\t<\/div>\n\t\t\t\t<\/div>\n\t\t\t\t\t<\/div>\n\t\t<\/div>\n\t\t\t\t<div class=\"elementor-column elementor-col-50 elementor-inner-column elementor-element elementor-element-5d54965c\" data-id=\"5d54965c\" data-element_type=\"column\">\n\t\t\t<div class=\"elementor-widget-wrap elementor-element-populated\">\n\t\t\t\t\t\t<div class=\"elementor-element elementor-element-5cf0428f elementor-widget elementor-widget-text-editor\" data-id=\"5cf0428f\" data-element_type=\"widget\" data-widget_type=\"text-editor.default\">\n\t\t\t\t<div class=\"elementor-widget-container\">\n\t\t\t\t\t\t\t\t\t<p style=\"text-align: center;\"><span style=\"color: #ffffff;\"><strong>Editais e Avisos<\/strong><\/span><\/p>\t\t\t\t\t\t\t\t<\/div>\n\t\t\t\t<\/div>\n\t\t\t\t<div class=\"elementor-element elementor-element-7cbe314e elementor-widget elementor-widget-text-editor\" data-id=\"7cbe314e\" data-element_type=\"widget\" data-widget_type=\"text-editor.default\">\n\t\t\t\t<div class=\"elementor-widget-container\">\n\t\t\t\t\t\t\t\t\t<table width=\"72\">\n<tbody>\n<tr>\n<td width=\"72\"><strong><a href=\"..\/midias\/anexos\/383_situacaogeral.zip\">Situa\u00e7\u00e3o Geral Final<\/a><\/strong><\/td>\n<\/tr>\n<tr>\n<td width=\"72\"><strong><a href=\"..\/midias\/anexos\/383_classificadospontuacaopne.pdf\">Classifica\u00e7\u00e3o dos PNE (publicado em 04\/07\/2008)<\/a><\/strong><\/td>\n<\/tr>\n<tr>\n<td width=\"72\"><strong><a href=\"..\/midias\/anexos\/383_pontuacaocriteriosdesempate.zip\">Pontua\u00e7\u00e3o com Crit\u00e9rio de Desempate<\/a><\/strong><\/td>\n<\/tr>\n<tr>\n<td width=\"72\"><strong><a href=\"..\/midias\/anexos\/383_edital_003_2008-pmma.pdf\">Edital n\u00ba. 003\/2008 &#8211; Homologa\u00e7\u00e3o<\/a><\/strong><\/td>\n<\/tr>\n<tr>\n<td width=\"72\"><strong><a href=\"..\/midias\/anexos\/383_gabarito_oficial_definitivo_2_etapa.zip\">Gabarito oficial Definitivo 2\u00aa Etapa\u00a0<\/a><\/strong><\/td>\n<\/tr>\n<tr>\n<td width=\"72\"><strong><a href=\"..\/midias\/anexos\/383_naoclassificados2_etapa.pdf\">\u00a0N\u00c3O Classificados a 2\u00aa Etapa<\/a><\/strong><\/td>\n<\/tr>\n<tr>\n<td width=\"72\"><strong><a href=\"..\/midias\/anexos\/383_demanda_oferta.pdf\">Demanda\/Oferta 2\u00aa Etapa<\/a><\/strong><\/td>\n<\/tr>\n<tr>\n<td width=\"72\"><strong><a href=\"..\/midias\/anexos\/383_lotacao.pdf\">Lota\u00e7\u00e3o dos Classificados da 2\u00aa Etapa<\/a><\/strong><\/td>\n<\/tr>\n<tr>\n<td width=\"72\"><strong><a href=\"..\/midias\/anexos\/383_classificadospontuacaopne.zip\">PNE Classificados a 2\u00aa Etapa<\/a><\/strong><\/td>\n<\/tr>\n<tr>\n<td width=\"72\"><strong><a href=\"..\/midias\/anexos\/383_classificados_a_2_etapa.pdf\">Classificados a 2\u00aa Etapa<\/a><\/strong><\/td>\n<\/tr>\n<tr>\n<td width=\"72\"><strong><a href=\"..\/midias\/anexos\/383_aviso_monte_alegre.pdf\">Aviso aos Classificados<\/a><\/strong><\/td>\n<\/tr>\n<tr>\n<td width=\"72\"><strong><a href=\"http:\/\/portalfadesp.mentorhost.com.br\/midias\/anexos\/272_criterios_adotados_na_avaliacao_da_prova_de_titulos.pdf\">(publicado em 20\/06\/2008)<\/a><\/strong><\/td>\n<\/tr>\n<tr>\n<td width=\"72\"><strong><a href=\"..\/midias\/anexos\/383_gabaritodef.pdf\">Gabarito oficial Definitivo<\/a><\/strong><\/td>\n<\/tr>\n<tr>\n<td width=\"72\"><strong><a href=\"..\/midias\/anexos\/383_gabarito_oficial_preliminar.pdf\">Gabarito oficial preliminar\u00a0<\/a><\/strong><\/td>\n<\/tr>\n<tr>\n<td width=\"72\"><strong><a href=\"..\/midias\/anexos\/383_manual_do_candidato.pdf\">Manual do Candidato\u00a0<\/a><\/strong><\/td>\n<\/tr>\n<tr>\n<td width=\"72\"><strong><a href=\"..\/midias\/anexos\/383_edital_002_2008_pmma.zip\">Edital n\u00ba. 002\/2008<\/a><\/strong><\/td>\n<\/tr>\n<tr>\n<td width=\"72\"><strong><a href=\"..\/midias\/anexos\/383_retificacoes_no_edital_001_2008.pdf\">Retifica\u00e7\u00e3o do Edital n\u00ba. 001\/2008<\/a><\/strong><\/td>\n<\/tr>\n<tr>\n<td width=\"72\"><strong><a href=\"..\/midias\/anexos\/383_edital01208.pdf\">Edital n\u00ba. 001\/2008<\/a><\/strong><\/td>\n<\/tr>\n<\/tbody>\n<\/table>\t\t\t\t\t\t\t\t<\/div>\n\t\t\t\t<\/div>\n\t\t\t\t\t<\/div>\n\t\t<\/div>\n\t\t\t\t\t<\/div>\n\t\t<\/section>\n\t\t\t\t\t<\/div>\n\t\t<\/div>\n\t\t\t\t\t<\/div>\n\t\t<\/section>\n\t\t\t\t<\/div>\n\t\t","protected":false},"excerpt":{"rendered":"<p>Prefeitura Municipal de Monte Alegre &#8211; 2008 A Prefeitura Municipal de Monte Alegre, no uso de suas atribui\u00e7\u00f5es, torna p\u00fablica a realiza\u00e7\u00e3o de PROCESSO SELETIVO P\u00daBLICO destinado ao provimento do cargo de AGENTES COMUNIT\u00c1RIOS DE SA\u00daDE para o preenchimento das vagas na Zona Urbana e Zona Rural para o quadro de pessoal efetivo de n\u00edvel [&hellip;]<\/p>\n","protected":false},"author":9,"featured_media":0,"parent":329,"menu_order":61,"comment_status":"closed","ping_status":"closed","template":"","meta":{"_monsterinsights_skip_tracking":false,"_monsterinsights_sitenote_active":false,"_monsterinsights_sitenote_note":"","_monsterinsights_sitenote_category":0,"footnotes":""},"class_list":["post-1339","page","type-page","status-publish","hentry","entry"],"yoast_head":"<!-- This site is optimized with the Yoast SEO plugin v25.1 - https:\/\/yoast.com\/wordpress\/plugins\/seo\/ -->\n<title>Prefeitura Municipal de Monte Alegre - 2008 - FADESP<\/title>\n<meta name=\"robots\" content=\"index, follow, max-snippet:-1, max-image-preview:large, max-video-preview:-1\" \/>\n<link rel=\"canonical\" href=\"https:\/\/portalfadesp.org.br\/?page_id=1339\" \/>\n<meta property=\"og:locale\" content=\"pt_BR\" \/>\n<meta property=\"og:type\" content=\"article\" \/>\n<meta property=\"og:title\" content=\"Prefeitura Municipal de Monte Alegre - 2008 - FADESP\" \/>\n<meta property=\"og:description\" content=\"Prefeitura Municipal de Monte Alegre &#8211; 2008 A Prefeitura Municipal de Monte Alegre, no uso de suas atribui\u00e7\u00f5es, torna p\u00fablica a realiza\u00e7\u00e3o de PROCESSO SELETIVO P\u00daBLICO destinado ao provimento do cargo de AGENTES COMUNIT\u00c1RIOS DE SA\u00daDE para o preenchimento das vagas na Zona Urbana e Zona Rural para o quadro de pessoal efetivo de n\u00edvel [&hellip;]\" \/>\n<meta property=\"og:url\" content=\"https:\/\/portalfadesp.org.br\/?page_id=1339\" \/>\n<meta property=\"og:site_name\" content=\"FADESP\" \/>\n<meta property=\"article:publisher\" content=\"https:\/\/www.facebook.com\/Fadesp-138351949524662\/\" \/>\n<meta property=\"article:modified_time\" content=\"2022-12-20T16:07:21+00:00\" \/>\n<meta name=\"twitter:card\" content=\"summary_large_image\" \/>\n<meta name=\"twitter:site\" content=\"@Fadesp\" \/>\n<meta name=\"twitter:label1\" content=\"Est. tempo de leitura\" \/>\n\t<meta name=\"twitter:data1\" content=\"1 minuto\" \/>\n<script type=\"application\/ld+json\" class=\"yoast-schema-graph\">{\"@context\":\"https:\/\/schema.org\",\"@graph\":[{\"@type\":\"WebPage\",\"@id\":\"https:\/\/portalfadesp.org.br\/?page_id=1339\",\"url\":\"https:\/\/portalfadesp.org.br\/?page_id=1339\",\"name\":\"Prefeitura Municipal de Monte Alegre - 2008 - FADESP\",\"isPartOf\":{\"@id\":\"https:\/\/portalfadesp.org.br\/#website\"},\"datePublished\":\"2008-05-22T03:45:04+00:00\",\"dateModified\":\"2022-12-20T16:07:21+00:00\",\"breadcrumb\":{\"@id\":\"https:\/\/portalfadesp.org.br\/?page_id=1339#breadcrumb\"},\"inLanguage\":\"pt-BR\",\"potentialAction\":[{\"@type\":\"ReadAction\",\"target\":[\"https:\/\/portalfadesp.org.br\/?page_id=1339\"]}]},{\"@type\":\"BreadcrumbList\",\"@id\":\"https:\/\/portalfadesp.org.br\/?page_id=1339#breadcrumb\",\"itemListElement\":[{\"@type\":\"ListItem\",\"position\":1,\"name\":\"In\u00edcio\",\"item\":\"https:\/\/portalfadesp.org.br\/\"},{\"@type\":\"ListItem\",\"position\":2,\"name\":\"Concursos &#8211; Homologados\",\"item\":\"https:\/\/portalfadesp.org.br\/?page_id=329\"},{\"@type\":\"ListItem\",\"position\":3,\"name\":\"Prefeitura Municipal de Monte Alegre &#8211; 2008\"}]},{\"@type\":\"WebSite\",\"@id\":\"https:\/\/portalfadesp.org.br\/#website\",\"url\":\"https:\/\/portalfadesp.org.br\/\",\"name\":\"FADESP\",\"description\":\"Funda\u00e7\u00e3o de Amparo e Desenvolvimento da Pesquisa\",\"publisher\":{\"@id\":\"https:\/\/portalfadesp.org.br\/#organization\"},\"potentialAction\":[{\"@type\":\"SearchAction\",\"target\":{\"@type\":\"EntryPoint\",\"urlTemplate\":\"https:\/\/portalfadesp.org.br\/?s={search_term_string}\"},\"query-input\":{\"@type\":\"PropertyValueSpecification\",\"valueRequired\":true,\"valueName\":\"search_term_string\"}}],\"inLanguage\":\"pt-BR\"},{\"@type\":\"Organization\",\"@id\":\"https:\/\/portalfadesp.org.br\/#organization\",\"name\":\"FADESP\",\"url\":\"https:\/\/portalfadesp.org.br\/\",\"logo\":{\"@type\":\"ImageObject\",\"inLanguage\":\"pt-BR\",\"@id\":\"https:\/\/portalfadesp.org.br\/#\/schema\/logo\/image\/\",\"url\":\"https:\/\/portalfadesp.org.br\/wp-content\/uploads\/2024\/01\/NOVOLOGOFADESPlaranjaH.png\",\"contentUrl\":\"https:\/\/portalfadesp.org.br\/wp-content\/uploads\/2024\/01\/NOVOLOGOFADESPlaranjaH.png\",\"width\":2742,\"height\":839,\"caption\":\"FADESP\"},\"image\":{\"@id\":\"https:\/\/portalfadesp.org.br\/#\/schema\/logo\/image\/\"},\"sameAs\":[\"https:\/\/www.facebook.com\/Fadesp-138351949524662\/\",\"https:\/\/x.com\/Fadesp\",\"https:\/\/www.instagram.com\/fadesp_ufpa\/\",\"https:\/\/www.youtube.com\/@fundacaodeamparoedesenvolv1903\",\"https:\/\/www.threads.net\/@fadesp_ufpa\"]}]}<\/script>\n<!-- \/ Yoast SEO plugin. -->","yoast_head_json":{"title":"Prefeitura Municipal de Monte Alegre - 2008 - FADESP","robots":{"index":"index","follow":"follow","max-snippet":"max-snippet:-1","max-image-preview":"max-image-preview:large","max-video-preview":"max-video-preview:-1"},"canonical":"https:\/\/portalfadesp.org.br\/?page_id=1339","og_locale":"pt_BR","og_type":"article","og_title":"Prefeitura Municipal de Monte Alegre - 2008 - FADESP","og_description":"Prefeitura Municipal de Monte Alegre &#8211; 2008 A Prefeitura Municipal de Monte Alegre, no uso de suas atribui\u00e7\u00f5es, torna p\u00fablica a realiza\u00e7\u00e3o de PROCESSO SELETIVO P\u00daBLICO destinado ao provimento do cargo de AGENTES COMUNIT\u00c1RIOS DE SA\u00daDE para o preenchimento das vagas na Zona Urbana e Zona Rural para o quadro de pessoal efetivo de n\u00edvel [&hellip;]","og_url":"https:\/\/portalfadesp.org.br\/?page_id=1339","og_site_name":"FADESP","article_publisher":"https:\/\/www.facebook.com\/Fadesp-138351949524662\/","article_modified_time":"2022-12-20T16:07:21+00:00","twitter_card":"summary_large_image","twitter_site":"@Fadesp","twitter_misc":{"Est. tempo de leitura":"1 minuto"},"schema":{"@context":"https:\/\/schema.org","@graph":[{"@type":"WebPage","@id":"https:\/\/portalfadesp.org.br\/?page_id=1339","url":"https:\/\/portalfadesp.org.br\/?page_id=1339","name":"Prefeitura Municipal de Monte Alegre - 2008 - FADESP","isPartOf":{"@id":"https:\/\/portalfadesp.org.br\/#website"},"datePublished":"2008-05-22T03:45:04+00:00","dateModified":"2022-12-20T16:07:21+00:00","breadcrumb":{"@id":"https:\/\/portalfadesp.org.br\/?page_id=1339#breadcrumb"},"inLanguage":"pt-BR","potentialAction":[{"@type":"ReadAction","target":["https:\/\/portalfadesp.org.br\/?page_id=1339"]}]},{"@type":"BreadcrumbList","@id":"https:\/\/portalfadesp.org.br\/?page_id=1339#breadcrumb","itemListElement":[{"@type":"ListItem","position":1,"name":"In\u00edcio","item":"https:\/\/portalfadesp.org.br\/"},{"@type":"ListItem","position":2,"name":"Concursos &#8211; Homologados","item":"https:\/\/portalfadesp.org.br\/?page_id=329"},{"@type":"ListItem","position":3,"name":"Prefeitura Municipal de Monte Alegre &#8211; 2008"}]},{"@type":"WebSite","@id":"https:\/\/portalfadesp.org.br\/#website","url":"https:\/\/portalfadesp.org.br\/","name":"FADESP","description":"Funda\u00e7\u00e3o de Amparo e Desenvolvimento da Pesquisa","publisher":{"@id":"https:\/\/portalfadesp.org.br\/#organization"},"potentialAction":[{"@type":"SearchAction","target":{"@type":"EntryPoint","urlTemplate":"https:\/\/portalfadesp.org.br\/?s={search_term_string}"},"query-input":{"@type":"PropertyValueSpecification","valueRequired":true,"valueName":"search_term_string"}}],"inLanguage":"pt-BR"},{"@type":"Organization","@id":"https:\/\/portalfadesp.org.br\/#organization","name":"FADESP","url":"https:\/\/portalfadesp.org.br\/","logo":{"@type":"ImageObject","inLanguage":"pt-BR","@id":"https:\/\/portalfadesp.org.br\/#\/schema\/logo\/image\/","url":"https:\/\/portalfadesp.org.br\/wp-content\/uploads\/2024\/01\/NOVOLOGOFADESPlaranjaH.png","contentUrl":"https:\/\/portalfadesp.org.br\/wp-content\/uploads\/2024\/01\/NOVOLOGOFADESPlaranjaH.png","width":2742,"height":839,"caption":"FADESP"},"image":{"@id":"https:\/\/portalfadesp.org.br\/#\/schema\/logo\/image\/"},"sameAs":["https:\/\/www.facebook.com\/Fadesp-138351949524662\/","https:\/\/x.com\/Fadesp","https:\/\/www.instagram.com\/fadesp_ufpa\/","https:\/\/www.youtube.com\/@fundacaodeamparoedesenvolv1903","https:\/\/www.threads.net\/@fadesp_ufpa"]}]}},"_links":{"self":[{"href":"https:\/\/portalfadesp.org.br\/index.php?rest_route=\/wp\/v2\/pages\/1339","targetHints":{"allow":["GET"]}}],"collection":[{"href":"https:\/\/portalfadesp.org.br\/index.php?rest_route=\/wp\/v2\/pages"}],"about":[{"href":"https:\/\/portalfadesp.org.br\/index.php?rest_route=\/wp\/v2\/types\/page"}],"author":[{"embeddable":true,"href":"https:\/\/portalfadesp.org.br\/index.php?rest_route=\/wp\/v2\/users\/9"}],"replies":[{"embeddable":true,"href":"https:\/\/portalfadesp.org.br\/index.php?rest_route=%2Fwp%2Fv2%2Fcomments&post=1339"}],"version-history":[{"count":25,"href":"https:\/\/portalfadesp.org.br\/index.php?rest_route=\/wp\/v2\/pages\/1339\/revisions"}],"predecessor-version":[{"id":36861,"href":"https:\/\/portalfadesp.org.br\/index.php?rest_route=\/wp\/v2\/pages\/1339\/revisions\/36861"}],"up":[{"embeddable":true,"href":"https:\/\/portalfadesp.org.br\/index.php?rest_route=\/wp\/v2\/pages\/329"}],"wp:attachment":[{"href":"https:\/\/portalfadesp.org.br\/index.php?rest_route=%2Fwp%2Fv2%2Fmedia&parent=1339"}],"curies":[{"name":"wp","href":"https:\/\/api.w.org\/{rel}","templated":true}]}}