{"id":1337,"date":"2007-05-22T00:44:57","date_gmt":"2007-05-22T03:44:57","guid":{"rendered":"https:\/\/162.215.13.167?page_id=1337"},"modified":"2022-12-20T13:07:49","modified_gmt":"2022-12-20T16:07:49","slug":"defensoria-publica-do-estado-do-para-2007","status":"publish","type":"page","link":"https:\/\/portalfadesp.org.br\/?page_id=1337","title":{"rendered":"Defensoria P\u00fablica do Estado do Par\u00e1 &#8211; 2007"},"content":{"rendered":"\t\t<div data-elementor-type=\"wp-post\" data-elementor-id=\"1337\" class=\"elementor elementor-1337\" data-elementor-post-type=\"page\">\n\t\t\t\t\t\t<section class=\"elementor-section elementor-top-section elementor-element elementor-element-67fd7dc7 elementor-section-full_width elementor-section-height-default elementor-section-height-default\" data-id=\"67fd7dc7\" data-element_type=\"section\">\n\t\t\t\t\t\t<div class=\"elementor-container elementor-column-gap-default\">\n\t\t\t\t\t<div class=\"elementor-column elementor-col-100 elementor-top-column elementor-element elementor-element-40e4a47c\" data-id=\"40e4a47c\" data-element_type=\"column\">\n\t\t\t<div class=\"elementor-widget-wrap elementor-element-populated\">\n\t\t\t\t\t\t<div class=\"elementor-element elementor-element-3b402d3c elementor-widget elementor-widget-heading\" data-id=\"3b402d3c\" data-element_type=\"widget\" data-widget_type=\"heading.default\">\n\t\t\t\t<div class=\"elementor-widget-container\">\n\t\t\t\t\t<h1 class=\"elementor-heading-title elementor-size-default\">Defensoria P\u00fablica do Estado do Par\u00e1 - 2007<\/h1>\t\t\t\t<\/div>\n\t\t\t\t<\/div>\n\t\t\t\t<section class=\"elementor-section elementor-inner-section elementor-element elementor-element-3355744b elementor-section-boxed elementor-section-height-default elementor-section-height-default\" data-id=\"3355744b\" data-element_type=\"section\">\n\t\t\t\t\t\t<div class=\"elementor-container elementor-column-gap-default\">\n\t\t\t\t\t<div class=\"elementor-column elementor-col-50 elementor-inner-column elementor-element elementor-element-6c1433d8\" data-id=\"6c1433d8\" data-element_type=\"column\">\n\t\t\t<div class=\"elementor-widget-wrap elementor-element-populated\">\n\t\t\t\t\t\t<div class=\"elementor-element elementor-element-4a3bb6d elementor-widget elementor-widget-text-editor\" data-id=\"4a3bb6d\" data-element_type=\"widget\" data-widget_type=\"text-editor.default\">\n\t\t\t\t<div class=\"elementor-widget-container\">\n\t\t\t\t\t\t\t\t\t<p>A Secretaria de Estado de Administra\u00e7\u00e3o (SEAD)\u00a0<br \/>Torna p\u00fablica a realiza\u00e7\u00e3o de concurso p\u00fablico para provimento de cargos de n\u00edvel superior, de n\u00edvel m\u00e9dio e de n\u00edvel fundamental da Defensoria P\u00fablica do Estado do Par\u00e1, nos termos do disposto na Lei n.\u00ba 054, de 07 de fevereiro de 2006 e mediante as condi\u00e7\u00f5es estabelecidas no edital deste.\u00a0<\/p><p><strong>Vagas &#8211;\u00a0<\/strong>307<\/p><p><strong>Cargos &#8211;\u00a0<\/strong>N\u00edvel Fundamental: Auxiliar Operacional e Motorista.<\/p><p>N\u00edvel M\u00e9dio: Assistente de Inform\u00e1tica, Programador e Assistente Administrativo<\/p><p>N\u00edvel Superior: T\u00e9cnico em Gest\u00e3o P\u00fablica em Administra\u00e7\u00e3o,\u00a0T\u00e9cnico em Gest\u00e3o P\u00fablica em<br \/>Biblioteconomia,T\u00e9cnico em Gest\u00e3o P\u00fablica em<br \/>Ci\u00eancias Sociais,T\u00e9cnico em Gest\u00e3o P\u00fablica em<br \/>Ci\u00eancias Cont\u00e1beis,T\u00e9cnico em Gest\u00e3o P\u00fablica em<br \/>Ci\u00eancias Econ\u00f4micas,T\u00e9cnico em Gest\u00e3o P\u00fablica em<br \/>Estat\u00edstica,\u00a0T\u00e9cnico em Gest\u00e3o P\u00fablica em<br \/>Psicologia,\u00a0T\u00e9cnico em Gest\u00e3o P\u00fablica em<br \/>Pedagogia,\u00a0T\u00e9cnico em Gest\u00e3o P\u00fablica em<br \/>Servi\u00e7o Social,\u00a0T\u00e9cnico em Gest\u00e3o Infra-Estrutura<br \/>em Arquitetura,\u00a0T\u00e9cnico em Gest\u00e3o Infra-Estrutura<br \/>em Engenharia Civil,\u00a0T\u00e9cnico em Gest\u00e3o de Inform\u00e1tica Analista de Sistemas.<\/p><p><strong>Remunera\u00e7\u00e3o &#8211;\u00a0\u00a0<\/strong>de R$ 380,00 a R$ 732,83<\/p><p><strong>Inscri\u00e7\u00f5es &#8211;\u00a0<\/strong>22\/10\/11 a 01\/11\/11<\/p><p><strong>Taxa &#8211;\u00a0<\/strong>R$ R$ 30,00 (N\u00edvel Fundamental), R$ 40,00 (N\u00edvel M\u00e9dio) e R$ 50,00 (N\u00edvel Superior).<\/p><p><strong>Datas importantes<\/strong>:<\/p><p>Per\u00edodo de Inscri\u00e7\u00e3o &#8211;\u00a022\/10\/11 a 01\/11\/11<\/p><p>Cart\u00e3o de Inscri\u00e7\u00e3o &#8211; 19 a 23\/11\/07<\/p><p>Corre\u00e7\u00e3o do Cart\u00e3o de Inscri\u00e7\u00e3o &#8211; 03 e 07\/12\/07<\/p><p>Data da Prova &#8211; 16\/12\/2007, no turno da manh\u00e3 para o n\u00edvel m\u00e9dio e tarde para o n\u00edvel fundamental e superior.<\/p>\t\t\t\t\t\t\t\t<\/div>\n\t\t\t\t<\/div>\n\t\t\t\t\t<\/div>\n\t\t<\/div>\n\t\t\t\t<div class=\"elementor-column elementor-col-50 elementor-inner-column elementor-element elementor-element-1e68d74b\" data-id=\"1e68d74b\" data-element_type=\"column\">\n\t\t\t<div class=\"elementor-widget-wrap elementor-element-populated\">\n\t\t\t\t\t\t<div class=\"elementor-element elementor-element-2a14d0df elementor-widget elementor-widget-text-editor\" data-id=\"2a14d0df\" data-element_type=\"widget\" data-widget_type=\"text-editor.default\">\n\t\t\t\t<div class=\"elementor-widget-container\">\n\t\t\t\t\t\t\t\t\t<p style=\"text-align: center;\"><span style=\"color: #ffffff;\"><strong>Editais e Avisos<\/strong><\/span><\/p>\t\t\t\t\t\t\t\t<\/div>\n\t\t\t\t<\/div>\n\t\t\t\t<div class=\"elementor-element elementor-element-2ba16f8e elementor-widget elementor-widget-text-editor\" data-id=\"2ba16f8e\" data-element_type=\"widget\" data-widget_type=\"text-editor.default\">\n\t\t\t\t<div class=\"elementor-widget-container\">\n\t\t\t\t\t\t\t\t\t<table width=\"80\">\n<tbody>\n<tr>\n<td width=\"80\"><strong><a href=\"..\/midias\/anexos\/363_situacao_geral_candidatos.pdf\">Situa\u00e7\u00e3o Geral dos candidatos\u00a0(publicado em 22\/04\/2008)<\/a><\/strong><\/td>\n<\/tr>\n<tr>\n<td width=\"80\"><strong><a href=\"..\/midias\/anexos\/363_resultado_final.pdf\">Resultado Final\u00a0(publicado em 22\/04\/2008)<\/a><\/strong><\/td>\n<\/tr>\n<tr>\n<td width=\"80\"><strong><a href=\"..\/midias\/anexos\/363_retificacao_do_resultado_da_avaliacao_dos_documentos.pdf\">Retifica\u00e7\u00f5es no Resultado da Avalia\u00e7\u00e3o dos Documentos\u00a0(publicado em 18\/04\/2008)<\/a><\/strong><\/td>\n<\/tr>\n<tr>\n<td width=\"80\"><strong><a href=\"..\/midias\/anexos\/363_resultado_da_avaliacao_dos_documentos.pdf\">Resultado da Avalia\u00e7\u00e3o dos Documentos\u00a0(publicado em 07\/04\/2008)<\/a><\/strong><\/td>\n<\/tr>\n<tr>\n<td width=\"80\"><strong><a href=\"..\/midias\/anexos\/363_resultado_para_prova_de_titulo.pdf\">Resultado da Prova de Titulo (N\u00edvel Superior) e Convoca\u00e7\u00e3o para desempate (Todos N\u00edveis)\u00a0(publicado em 03\/03\/2008)<\/a><\/strong><\/td>\n<\/tr>\n<tr>\n<td width=\"80\"><strong><a href=\"..\/midias\/anexos\/363_situacao_geral_nivel_superior_retificado.pdf\">Situa\u00e7\u00e3o Geral &#8211; Nivel Superior Retificado(publicado em 18\/02\/2008)<\/a><\/strong><\/td>\n<\/tr>\n<tr>\n<td width=\"80\"><strong><a href=\"..\/midias\/anexos\/363_resultado_e_convocacao_nivel_superior.pdf\">Resultado e Convoca\u00e7\u00e3o N\u00edvel Superior ((publicado em 18\/02\/2008)<\/a><\/strong><\/td>\n<\/tr>\n<tr>\n<td width=\"80\"><strong><a href=\"..\/midias\/anexos\/363_aviso_-_cargo_de_nivel_medio_e_fundamental.pdf\">Aviso-Cargos do N\u00edvel M\u00e9dio e Fundamental\u00a0<\/a><\/strong><\/td>\n<\/tr>\n<tr>\n<td width=\"80\"><strong><a href=\"..\/midias\/anexos\/363_situacao_geral_nivel_superior.pdf\">Situa\u00e7\u00e3o Geral N\u00edvel Superior(publicado em 13\/02\/2008)<\/a><\/strong><\/td>\n<\/tr>\n<tr>\n<td width=\"80\"><strong><a href=\"..\/midias\/anexos\/363_resultado_e_convocacao_nivel_superior.pdf\">\u00a0Resultado e Convoca\u00e7\u00e3o N\u00edvel Superior ((publicado em 13\/02\/2008)<\/a><\/strong><\/td>\n<\/tr>\n<tr>\n<td width=\"80\"><strong><a href=\"..\/midias\/anexos\/363_gabarito_oficial_definitivo.pdf\">Gabarito oficial definitivo ((publicado em 31\/01\/2008)<\/a><\/strong><\/td>\n<\/tr>\n<tr>\n<td width=\"80\"><strong><a href=\"..\/midias\/anexos\/363_candidatos_concorrentes_as_vagas_pne.pdf\">Candidatos concorrentes as vagas para PNE<\/a><\/strong><\/td>\n<\/tr>\n<tr>\n<td width=\"80\"><strong><a href=\"..\/wp-content\/uploads\/2019\/10\/Edital-n\u00ba-04-_2007-Altera\u00e7\u00e3o-de-calend\u00e1rio.pdf\" target=\"_blank\" rel=\"noopener\">Edital n\u00ba. 04\/2007\u00a0\u00a0&#8211;\u00a0Altera\u00e7\u00e3o do Calend\u00e1rio<\/a><\/strong><\/td>\n<\/tr>\n<tr>\n<td width=\"80\"><strong><a href=\"..\/midias\/anexos\/363_formulario_pcd.pdf\">Form. do Portador de Defici\u00eancia<\/a><\/strong><\/td>\n<\/tr>\n<tr>\n<td width=\"80\"><strong><a href=\"..\/midias\/anexos\/363_manual_do_candidato.pdf\">Manual do Candidato<\/a><\/strong><\/td>\n<\/tr>\n<tr>\n<td width=\"80\"><strong><a href=\"..\/wp-content\/uploads\/2019\/10\/Edital-n\u00ba-03-_2007-Prorroga\u00e7\u00e3o-de-pagamento.pdf\" target=\"_blank\" rel=\"noopener\">Edital n\u00ba. 03\/2007\u00a0&#8211;\u00a0Prorroga\u00e7\u00e3o de pagamento<\/a><\/strong><\/td>\n<\/tr>\n<tr>\n<td width=\"80\"><strong><a href=\"..\/wp-content\/uploads\/2019\/10\/Edital-n\u00ba-02-_2007-Retifica\u00e7\u00e3o.pdf\" target=\"_blank\" rel=\"noopener\">Edital n\u00ba. 02\/2007\u00a0&#8211;\u00a0Retifica\u00e7\u00e3o<\/a><\/strong><\/td>\n<\/tr>\n<tr>\n<td width=\"80\"><strong><a href=\"..\/wp-content\/uploads\/2019\/10\/Edital-n\u00ba-001-Abertura.pdf\" target=\"_blank\" rel=\"noopener\">Edital n\u00ba. 01\/2007\u00a0&#8211;\u00a0Abertura<\/a><\/strong><\/td>\n<\/tr>\n<\/tbody>\n<\/table>\t\t\t\t\t\t\t\t<\/div>\n\t\t\t\t<\/div>\n\t\t\t\t\t<\/div>\n\t\t<\/div>\n\t\t\t\t\t<\/div>\n\t\t<\/section>\n\t\t\t\t\t<\/div>\n\t\t<\/div>\n\t\t\t\t\t<\/div>\n\t\t<\/section>\n\t\t\t\t<\/div>\n\t\t","protected":false},"excerpt":{"rendered":"<p>Defensoria P\u00fablica do Estado do Par\u00e1 &#8211; 2007 A Secretaria de Estado de Administra\u00e7\u00e3o (SEAD)\u00a0Torna p\u00fablica a realiza\u00e7\u00e3o de concurso p\u00fablico para provimento de cargos de n\u00edvel superior, de n\u00edvel m\u00e9dio e de n\u00edvel fundamental da Defensoria P\u00fablica do Estado do Par\u00e1, nos termos do disposto na Lei n.\u00ba 054, de 07 de fevereiro de [&hellip;]<\/p>\n","protected":false},"author":9,"featured_media":0,"parent":329,"menu_order":62,"comment_status":"closed","ping_status":"closed","template":"","meta":{"_monsterinsights_skip_tracking":false,"_monsterinsights_sitenote_active":false,"_monsterinsights_sitenote_note":"","_monsterinsights_sitenote_category":0,"footnotes":""},"class_list":["post-1337","page","type-page","status-publish","hentry","entry"],"yoast_head":"<!-- This site is optimized with the Yoast SEO plugin v25.1 - https:\/\/yoast.com\/wordpress\/plugins\/seo\/ -->\n<title>Defensoria P\u00fablica do Estado do Par\u00e1 - 2007 - FADESP<\/title>\n<meta name=\"robots\" content=\"index, follow, max-snippet:-1, max-image-preview:large, max-video-preview:-1\" \/>\n<link rel=\"canonical\" href=\"https:\/\/portalfadesp.org.br\/?page_id=1337\" \/>\n<meta property=\"og:locale\" content=\"pt_BR\" \/>\n<meta property=\"og:type\" content=\"article\" \/>\n<meta property=\"og:title\" content=\"Defensoria P\u00fablica do Estado do Par\u00e1 - 2007 - FADESP\" \/>\n<meta property=\"og:description\" content=\"Defensoria P\u00fablica do Estado do Par\u00e1 &#8211; 2007 A Secretaria de Estado de Administra\u00e7\u00e3o (SEAD)\u00a0Torna p\u00fablica a realiza\u00e7\u00e3o de concurso p\u00fablico para provimento de cargos de n\u00edvel superior, de n\u00edvel m\u00e9dio e de n\u00edvel fundamental da Defensoria P\u00fablica do Estado do Par\u00e1, nos termos do disposto na Lei n.\u00ba 054, de 07 de fevereiro de [&hellip;]\" \/>\n<meta property=\"og:url\" content=\"https:\/\/portalfadesp.org.br\/?page_id=1337\" \/>\n<meta property=\"og:site_name\" content=\"FADESP\" \/>\n<meta property=\"article:publisher\" content=\"https:\/\/www.facebook.com\/Fadesp-138351949524662\/\" \/>\n<meta property=\"article:modified_time\" content=\"2022-12-20T16:07:49+00:00\" \/>\n<meta name=\"twitter:card\" content=\"summary_large_image\" \/>\n<meta name=\"twitter:site\" content=\"@Fadesp\" \/>\n<meta name=\"twitter:label1\" content=\"Est. tempo de leitura\" \/>\n\t<meta name=\"twitter:data1\" content=\"2 minutos\" \/>\n<script type=\"application\/ld+json\" class=\"yoast-schema-graph\">{\"@context\":\"https:\/\/schema.org\",\"@graph\":[{\"@type\":\"WebPage\",\"@id\":\"https:\/\/portalfadesp.org.br\/?page_id=1337\",\"url\":\"https:\/\/portalfadesp.org.br\/?page_id=1337\",\"name\":\"Defensoria P\u00fablica do Estado do Par\u00e1 - 2007 - FADESP\",\"isPartOf\":{\"@id\":\"https:\/\/portalfadesp.org.br\/#website\"},\"datePublished\":\"2007-05-22T03:44:57+00:00\",\"dateModified\":\"2022-12-20T16:07:49+00:00\",\"breadcrumb\":{\"@id\":\"https:\/\/portalfadesp.org.br\/?page_id=1337#breadcrumb\"},\"inLanguage\":\"pt-BR\",\"potentialAction\":[{\"@type\":\"ReadAction\",\"target\":[\"https:\/\/portalfadesp.org.br\/?page_id=1337\"]}]},{\"@type\":\"BreadcrumbList\",\"@id\":\"https:\/\/portalfadesp.org.br\/?page_id=1337#breadcrumb\",\"itemListElement\":[{\"@type\":\"ListItem\",\"position\":1,\"name\":\"In\u00edcio\",\"item\":\"https:\/\/portalfadesp.org.br\/\"},{\"@type\":\"ListItem\",\"position\":2,\"name\":\"Concursos &#8211; Homologados\",\"item\":\"https:\/\/portalfadesp.org.br\/?page_id=329\"},{\"@type\":\"ListItem\",\"position\":3,\"name\":\"Defensoria P\u00fablica do Estado do Par\u00e1 &#8211; 2007\"}]},{\"@type\":\"WebSite\",\"@id\":\"https:\/\/portalfadesp.org.br\/#website\",\"url\":\"https:\/\/portalfadesp.org.br\/\",\"name\":\"FADESP\",\"description\":\"Funda\u00e7\u00e3o de Amparo e Desenvolvimento da Pesquisa\",\"publisher\":{\"@id\":\"https:\/\/portalfadesp.org.br\/#organization\"},\"potentialAction\":[{\"@type\":\"SearchAction\",\"target\":{\"@type\":\"EntryPoint\",\"urlTemplate\":\"https:\/\/portalfadesp.org.br\/?s={search_term_string}\"},\"query-input\":{\"@type\":\"PropertyValueSpecification\",\"valueRequired\":true,\"valueName\":\"search_term_string\"}}],\"inLanguage\":\"pt-BR\"},{\"@type\":\"Organization\",\"@id\":\"https:\/\/portalfadesp.org.br\/#organization\",\"name\":\"FADESP\",\"url\":\"https:\/\/portalfadesp.org.br\/\",\"logo\":{\"@type\":\"ImageObject\",\"inLanguage\":\"pt-BR\",\"@id\":\"https:\/\/portalfadesp.org.br\/#\/schema\/logo\/image\/\",\"url\":\"https:\/\/portalfadesp.org.br\/wp-content\/uploads\/2024\/01\/NOVOLOGOFADESPlaranjaH.png\",\"contentUrl\":\"https:\/\/portalfadesp.org.br\/wp-content\/uploads\/2024\/01\/NOVOLOGOFADESPlaranjaH.png\",\"width\":2742,\"height\":839,\"caption\":\"FADESP\"},\"image\":{\"@id\":\"https:\/\/portalfadesp.org.br\/#\/schema\/logo\/image\/\"},\"sameAs\":[\"https:\/\/www.facebook.com\/Fadesp-138351949524662\/\",\"https:\/\/x.com\/Fadesp\",\"https:\/\/www.instagram.com\/fadesp_ufpa\/\",\"https:\/\/www.youtube.com\/@fundacaodeamparoedesenvolv1903\",\"https:\/\/www.threads.net\/@fadesp_ufpa\"]}]}<\/script>\n<!-- \/ Yoast SEO plugin. -->","yoast_head_json":{"title":"Defensoria P\u00fablica do Estado do Par\u00e1 - 2007 - FADESP","robots":{"index":"index","follow":"follow","max-snippet":"max-snippet:-1","max-image-preview":"max-image-preview:large","max-video-preview":"max-video-preview:-1"},"canonical":"https:\/\/portalfadesp.org.br\/?page_id=1337","og_locale":"pt_BR","og_type":"article","og_title":"Defensoria P\u00fablica do Estado do Par\u00e1 - 2007 - FADESP","og_description":"Defensoria P\u00fablica do Estado do Par\u00e1 &#8211; 2007 A Secretaria de Estado de Administra\u00e7\u00e3o (SEAD)\u00a0Torna p\u00fablica a realiza\u00e7\u00e3o de concurso p\u00fablico para provimento de cargos de n\u00edvel superior, de n\u00edvel m\u00e9dio e de n\u00edvel fundamental da Defensoria P\u00fablica do Estado do Par\u00e1, nos termos do disposto na Lei n.\u00ba 054, de 07 de fevereiro de [&hellip;]","og_url":"https:\/\/portalfadesp.org.br\/?page_id=1337","og_site_name":"FADESP","article_publisher":"https:\/\/www.facebook.com\/Fadesp-138351949524662\/","article_modified_time":"2022-12-20T16:07:49+00:00","twitter_card":"summary_large_image","twitter_site":"@Fadesp","twitter_misc":{"Est. tempo de leitura":"2 minutos"},"schema":{"@context":"https:\/\/schema.org","@graph":[{"@type":"WebPage","@id":"https:\/\/portalfadesp.org.br\/?page_id=1337","url":"https:\/\/portalfadesp.org.br\/?page_id=1337","name":"Defensoria P\u00fablica do Estado do Par\u00e1 - 2007 - FADESP","isPartOf":{"@id":"https:\/\/portalfadesp.org.br\/#website"},"datePublished":"2007-05-22T03:44:57+00:00","dateModified":"2022-12-20T16:07:49+00:00","breadcrumb":{"@id":"https:\/\/portalfadesp.org.br\/?page_id=1337#breadcrumb"},"inLanguage":"pt-BR","potentialAction":[{"@type":"ReadAction","target":["https:\/\/portalfadesp.org.br\/?page_id=1337"]}]},{"@type":"BreadcrumbList","@id":"https:\/\/portalfadesp.org.br\/?page_id=1337#breadcrumb","itemListElement":[{"@type":"ListItem","position":1,"name":"In\u00edcio","item":"https:\/\/portalfadesp.org.br\/"},{"@type":"ListItem","position":2,"name":"Concursos &#8211; Homologados","item":"https:\/\/portalfadesp.org.br\/?page_id=329"},{"@type":"ListItem","position":3,"name":"Defensoria P\u00fablica do Estado do Par\u00e1 &#8211; 2007"}]},{"@type":"WebSite","@id":"https:\/\/portalfadesp.org.br\/#website","url":"https:\/\/portalfadesp.org.br\/","name":"FADESP","description":"Funda\u00e7\u00e3o de Amparo e Desenvolvimento da Pesquisa","publisher":{"@id":"https:\/\/portalfadesp.org.br\/#organization"},"potentialAction":[{"@type":"SearchAction","target":{"@type":"EntryPoint","urlTemplate":"https:\/\/portalfadesp.org.br\/?s={search_term_string}"},"query-input":{"@type":"PropertyValueSpecification","valueRequired":true,"valueName":"search_term_string"}}],"inLanguage":"pt-BR"},{"@type":"Organization","@id":"https:\/\/portalfadesp.org.br\/#organization","name":"FADESP","url":"https:\/\/portalfadesp.org.br\/","logo":{"@type":"ImageObject","inLanguage":"pt-BR","@id":"https:\/\/portalfadesp.org.br\/#\/schema\/logo\/image\/","url":"https:\/\/portalfadesp.org.br\/wp-content\/uploads\/2024\/01\/NOVOLOGOFADESPlaranjaH.png","contentUrl":"https:\/\/portalfadesp.org.br\/wp-content\/uploads\/2024\/01\/NOVOLOGOFADESPlaranjaH.png","width":2742,"height":839,"caption":"FADESP"},"image":{"@id":"https:\/\/portalfadesp.org.br\/#\/schema\/logo\/image\/"},"sameAs":["https:\/\/www.facebook.com\/Fadesp-138351949524662\/","https:\/\/x.com\/Fadesp","https:\/\/www.instagram.com\/fadesp_ufpa\/","https:\/\/www.youtube.com\/@fundacaodeamparoedesenvolv1903","https:\/\/www.threads.net\/@fadesp_ufpa"]}]}},"_links":{"self":[{"href":"https:\/\/portalfadesp.org.br\/index.php?rest_route=\/wp\/v2\/pages\/1337","targetHints":{"allow":["GET"]}}],"collection":[{"href":"https:\/\/portalfadesp.org.br\/index.php?rest_route=\/wp\/v2\/pages"}],"about":[{"href":"https:\/\/portalfadesp.org.br\/index.php?rest_route=\/wp\/v2\/types\/page"}],"author":[{"embeddable":true,"href":"https:\/\/portalfadesp.org.br\/index.php?rest_route=\/wp\/v2\/users\/9"}],"replies":[{"embeddable":true,"href":"https:\/\/portalfadesp.org.br\/index.php?rest_route=%2Fwp%2Fv2%2Fcomments&post=1337"}],"version-history":[{"count":26,"href":"https:\/\/portalfadesp.org.br\/index.php?rest_route=\/wp\/v2\/pages\/1337\/revisions"}],"predecessor-version":[{"id":36867,"href":"https:\/\/portalfadesp.org.br\/index.php?rest_route=\/wp\/v2\/pages\/1337\/revisions\/36867"}],"up":[{"embeddable":true,"href":"https:\/\/portalfadesp.org.br\/index.php?rest_route=\/wp\/v2\/pages\/329"}],"wp:attachment":[{"href":"https:\/\/portalfadesp.org.br\/index.php?rest_route=%2Fwp%2Fv2%2Fmedia&parent=1337"}],"curies":[{"name":"wp","href":"https:\/\/api.w.org\/{rel}","templated":true}]}}