{"id":1336,"date":"2007-05-22T00:59:29","date_gmt":"2007-05-22T03:59:29","guid":{"rendered":"https:\/\/162.215.13.167?page_id=1336"},"modified":"2022-12-20T13:07:51","modified_gmt":"2022-12-20T16:07:51","slug":"policia-militar-do-estado-do-para-2007","status":"publish","type":"page","link":"https:\/\/portalfadesp.org.br\/?page_id=1336","title":{"rendered":"Pol\u00edcia Militar do Estado do Par\u00e1 (CFSD ) &#8211; 2007"},"content":{"rendered":"\t\t<div data-elementor-type=\"wp-post\" data-elementor-id=\"1336\" class=\"elementor elementor-1336\" data-elementor-post-type=\"page\">\n\t\t\t\t\t\t<section class=\"elementor-section elementor-top-section elementor-element elementor-element-4b998128 elementor-section-full_width elementor-section-height-default elementor-section-height-default\" data-id=\"4b998128\" data-element_type=\"section\">\n\t\t\t\t\t\t<div class=\"elementor-container elementor-column-gap-default\">\n\t\t\t\t\t<div class=\"elementor-column elementor-col-100 elementor-top-column elementor-element elementor-element-6d4eac01\" data-id=\"6d4eac01\" data-element_type=\"column\">\n\t\t\t<div class=\"elementor-widget-wrap elementor-element-populated\">\n\t\t\t\t\t\t<div class=\"elementor-element elementor-element-1dd49abb elementor-widget elementor-widget-heading\" data-id=\"1dd49abb\" data-element_type=\"widget\" data-widget_type=\"heading.default\">\n\t\t\t\t<div class=\"elementor-widget-container\">\n\t\t\t\t\t<h1 class=\"elementor-heading-title elementor-size-default\">Pol\u00edcia Militar do Estado do Par\u00e1 (CFSD ) \u2013 2007<\/h1>\t\t\t\t<\/div>\n\t\t\t\t<\/div>\n\t\t\t\t<section class=\"elementor-section elementor-inner-section elementor-element elementor-element-5bc0fae4 elementor-section-boxed elementor-section-height-default elementor-section-height-default\" data-id=\"5bc0fae4\" data-element_type=\"section\">\n\t\t\t\t\t\t<div class=\"elementor-container elementor-column-gap-default\">\n\t\t\t\t\t<div class=\"elementor-column elementor-col-50 elementor-inner-column elementor-element elementor-element-7ddb71a3\" data-id=\"7ddb71a3\" data-element_type=\"column\">\n\t\t\t<div class=\"elementor-widget-wrap elementor-element-populated\">\n\t\t\t\t\t\t<div class=\"elementor-element elementor-element-5eb48768 elementor-widget elementor-widget-text-editor\" data-id=\"5eb48768\" data-element_type=\"widget\" data-widget_type=\"text-editor.default\">\n\t\t\t\t<div class=\"elementor-widget-container\">\n\t\t\t\t\t\t\t\t\t<p>A Pol\u00edcia Militar do Estado do Par\u00e1 torna p\u00fablica a realiza\u00e7\u00e3o de concurso p\u00fablico para provimento de cargos de Oficial e soldado, nos termos do disposto na Lei n.\u00ba 054, de 07 de fevereiro de 2006 e mediante as condi\u00e7\u00f5es estabelecidas no edital deste.<\/p><p><strong>Requisitos<\/strong><br \/>Ser aprovado no concurso p\u00fablico e possuir, na data da posse, os requisitos exigidos para o exerc\u00edcio do cargo, conforme estabelecido no\u00a0edita deste.<\/p><p><strong>Vagas &#8211;\u00a0\u00a0<\/strong>100 vagas, sendo 80 para o sexo masculino e 20 para o sexo feminino.<\/p><p><strong>Cargos &#8211;\u00a0<\/strong>Oficial da Pol\u00edcia Militar do Par\u00e1<strong><br \/><\/strong><\/p><p><strong>Remunera\u00e7\u00e3o &#8211;\u00a0<\/strong>Durante o aluno do Curso de Oficial da PM (CFO) receber\u00e1 R$ 484,97 e ap\u00f3s a sua conclus\u00e3o o sal\u00e1rio ser\u00e1 de R$ 1.454,91.<\/p><p><strong>Inscri\u00e7\u00f5es &#8211;\u00a0<\/strong>12\/06 a 06\/07\/07<\/p><p><strong>Taxa &#8211;\u00a0<\/strong>R$ 30,00<\/p><p><strong>Datas importantes<\/strong>:<\/p><p>Per\u00edodo de Inscri\u00e7\u00e3o &#8211;\u00a012\/06 a 06\/07\/07<\/p><p>Cart\u00e3o de Inscri\u00e7\u00e3o &#8211; 31\/07 a 10\/08\/07<\/p><p>Corre\u00e7\u00e3o de Dados &#8211; 31\/07 a 10\/08\/07<\/p><p>Data das Provas Objetivas &#8211;\u00a0 26\/08\/07<\/p><p>Avalia\u00e7\u00e3o Psicol\u00f3gica &#8211; 07 a 21\/09\/07<\/p><p>Exames Antropom\u00e9trico, M\u00e9dico e Odontol\u00f3gico- 01 a 05\/10\/07<\/p><p>Exames de Aptid\u00e3o F\u00edsica &#8211; 22 a 29\/10\/07<\/p>\t\t\t\t\t\t\t\t<\/div>\n\t\t\t\t<\/div>\n\t\t\t\t\t<\/div>\n\t\t<\/div>\n\t\t\t\t<div class=\"elementor-column elementor-col-50 elementor-inner-column elementor-element elementor-element-9629057\" data-id=\"9629057\" data-element_type=\"column\">\n\t\t\t<div class=\"elementor-widget-wrap elementor-element-populated\">\n\t\t\t\t\t\t<div class=\"elementor-element elementor-element-5483b81c elementor-widget elementor-widget-text-editor\" data-id=\"5483b81c\" data-element_type=\"widget\" data-widget_type=\"text-editor.default\">\n\t\t\t\t<div class=\"elementor-widget-container\">\n\t\t\t\t\t\t\t\t\t<p style=\"text-align: center;\"><span style=\"color: #ffffff;\"><strong>Editais e Avisos<\/strong><\/span><\/p>\t\t\t\t\t\t\t\t<\/div>\n\t\t\t\t<\/div>\n\t\t\t\t<div class=\"elementor-element elementor-element-24d211be elementor-widget elementor-widget-text-editor\" data-id=\"24d211be\" data-element_type=\"widget\" data-widget_type=\"text-editor.default\">\n\t\t\t\t<div class=\"elementor-widget-container\">\n\t\t\t\t\t\t\t\t\t<table>\n<tbody>\n<tr>\n<td width=\"80\"><strong><a href=\"http:\/\/concursos.fadesp.org.br\/pm\/Sitgeral.html\">Situa\u00e7\u00e3o Geral dos Candidatos da PM (publicado em 16\/05\/2008)<\/a><\/strong><\/td>\n<\/tr>\n<tr>\n<td width=\"80\"><strong><a href=\"..\/midias\/anexos\/368_resultado_final_soldado_pm.pdf\">Resultado Final &#8211; Soldados da PM (publicado em 16\/05\/2008)<\/a><\/strong><\/td>\n<\/tr>\n<tr>\n<td width=\"80\"><strong><a href=\"http:\/\/concursos.fadesp.org.br\/pm\/resultados\/resultado_final_Oficial_pm.zip\">Resultado Final &#8211; Oficiais da PM (publicado em 16\/05\/2008)<\/a><\/strong><\/td>\n<\/tr>\n<tr>\n<td width=\"80\"><strong><a href=\"..\/midias\/anexos\/368_edital_n_015_2008_pm.pdf\">Edital n\u00ba 15 2008 PM (publicado em 15\/05\/2008)<\/a><\/strong><\/td>\n<\/tr>\n<tr>\n<td width=\"80\"><strong><a href=\"..\/midias\/anexos\/368_resultado_da_4_etapa_pm.pdf\">Resultado da 4\u00aa Etapa Soldado e Oficial (publicado em 07\/05\/2008)<\/a><\/strong><\/td>\n<\/tr>\n<tr>\n<td width=\"80\"><strong><a href=\"..\/midias\/anexos\/368_edital_014_2008_pm_oficial.pdf\">Edital n\u00ba. 014_2008_PM_Oficial<\/a><\/strong><\/td>\n<\/tr>\n<tr>\n<td width=\"80\"><strong><a href=\"..\/midias\/anexos\/368_edital_014_2008_pm_soldado.pdf\">Edital n\u00ba. 014_2008_PM_Soldado<\/a><\/strong><\/td>\n<\/tr>\n<tr>\n<td width=\"80\"><strong><a href=\"..\/midias\/anexos\/368_edital_013_2008_pm.pdf\">Edital n\u00ba. 013_2008_PM_Soldado<\/a><\/strong><\/td>\n<\/tr>\n<tr>\n<td width=\"80\"><strong><a href=\"http:\/\/concursos.fadesp.org.br\/pm\/2Convocacaosubjud4.html\">2\u00aa Convoca\u00e7\u00e3o &#8211;\u00a0Sub Judice\u00a04\u00aa Etapa(Retificada)<\/a><\/strong><\/td>\n<\/tr>\n<tr>\n<td width=\"80\"><strong><a href=\"http:\/\/concursos.fadesp.org.br\/pm\/Convocacaosubjud4.html\">Convoca\u00e7\u00e3o\u00a0&#8211; Sub Judice\u00a04\u00aa Etapa(Retificada)<\/a><\/strong><\/td>\n<\/tr>\n<tr>\n<td width=\"80\"><strong><a href=\"http:\/\/concursos.fadesp.org.br\/pm\/Resultadosubjud.html\">Resultado dos Sub Judice 3\u00aa Etapa<\/a><\/strong><\/td>\n<\/tr>\n<tr>\n<td width=\"80\"><strong><a href=\"http:\/\/concursos.fadesp.org.br\/pm\/Convocacaosubjud.html\">Convoca\u00e7\u00e3o dos\u00a0Sub Judice\u00a03\u00aa Etapa<\/a><\/strong><\/td>\n<\/tr>\n<tr>\n<td width=\"80\"><strong><a href=\"..\/midias\/anexos\/368_resultadosoldados.pdf\">Resultado 2\u00aa Etapa Sub Judice Soldado<\/a><\/strong><\/td>\n<\/tr>\n<tr>\n<td width=\"80\"><strong><a href=\"..\/midias\/anexos\/368_resultadooficiais.pdf\">Resultado 2\u00aa Etapa Sub Judice Oficial<\/a><\/strong><\/td>\n<\/tr>\n<tr>\n<td width=\"80\"><strong><a href=\"..\/midias\/anexos\/368_edital11.pdf\">Edital n\u00ba. 011 &#8211;\u00a0Sub Judice 2\u00aa Etapa Soldado<\/a><\/strong><\/td>\n<\/tr>\n<tr>\n<td width=\"80\"><strong><a href=\"..\/midias\/anexos\/368_edital_10_-_sub_judice_2_etapa_oficial.pdf\">Edital n\u00ba. 011 &#8211;\u00a0Sub Judice 2\u00aa Etapa Oficial<\/a><\/strong><\/td>\n<\/tr>\n<tr>\n<td width=\"80\"><strong><a href=\"..\/midias\/anexos\/368_2etapasubjudicesoldadosret.pdf\">Convoca\u00e7\u00e3o Sub Judice 2\u00aa Etapa Soldado (Retifica\u00e7\u00e3o)<\/a><\/strong><\/td>\n<\/tr>\n<tr>\n<td width=\"80\"><strong><a href=\"..\/midias\/anexos\/368_2etapasubjudicesoldados.pdf\">Convoca\u00e7\u00e3o Sub Judice 2\u00aa Etapa Soldado<\/a><\/strong><\/td>\n<\/tr>\n<tr>\n<td width=\"80\"><strong><a href=\"..\/midias\/anexos\/368_convocacaosubjudice_2_etapa_ofiiais.pdf\">Convoca\u00e7\u00e3o Sub Judice 2\u00aa Etapa Oficial<\/a><\/strong><\/td>\n<\/tr>\n<tr>\n<td width=\"80\"><strong><a href=\"..\/midias\/anexos\/Copia(01)_368_decisaojudicialoficial.pdf\">Edital n\u00ba. 010 &#8211;\u00a0Decis\u00e3o Judicial &#8211; Oficial<\/a><\/strong><\/td>\n<\/tr>\n<tr>\n<td width=\"80\"><strong><a href=\"..\/midias\/anexos\/368_decisaojudicialsoldado.pdf\">Edital n\u00ba. 010 &#8211; Decis\u00e3o Judicial &#8211; Soldado<\/a><\/strong><\/td>\n<\/tr>\n<tr>\n<td width=\"80\"><strong><a href=\"http:\/\/concursos.fadesp.org.br\/pm\/4etapaS.html\">Edital n\u00ba. 009 &#8211; Convoca\u00e7\u00e3o 4\u00aa Etapa Soldado<\/a><\/strong><\/td>\n<\/tr>\n<tr>\n<td width=\"80\"><strong><a href=\"http:\/\/concursos.fadesp.org.br\/pm\/4etapaO.html\">Edital n\u00ba. 009 &#8211; Convoca\u00e7\u00e3o 4\u00aa Etapa Oficial<\/a><\/strong><\/td>\n<\/tr>\n<tr>\n<td width=\"80\"><strong><a href=\"http:\/\/concursos.fadesp.org.br\/pm\/resultados\/DetalhamentoPM.pdf\">Detalhamento da 3\u00aa Etapa &#8211;\u00a0Inaptos e Faltosos<\/a><\/strong><\/td>\n<\/tr>\n<tr>\n<td width=\"80\"><strong><a href=\"http:\/\/concursos.fadesp.org.br\/pm\/resultados\/3Etapa\/aprovados\/pm.htm\">Resultado da 3\u00aa Etapa Soldado<\/a><\/strong><\/td>\n<\/tr>\n<tr>\n<td width=\"80\"><strong><a href=\"http:\/\/concursos.fadesp.org.br\/pm\/resultados\/3Etapa\/aprovados\/pm2.htm\">Resultado da 3\u00aa Etapa Oficial<\/a><\/strong><\/td>\n<\/tr>\n<tr>\n<td width=\"80\"><strong><a href=\"..\/midias\/anexos\/368_resultadosedital8soldados.pdf\">Edital n\u00ba. 008 &#8211;\u00a0Resultado da 3\u00aa Etapa Soldado<\/a><\/strong><\/td>\n<\/tr>\n<tr>\n<td width=\"80\"><strong><a href=\"..\/midias\/anexos\/368_resultadosedital8oficiais.pdf\">Edital n\u00ba. 008 &#8211; Resultado da 3\u00aa Etapa oficial<\/a><\/strong><\/td>\n<\/tr>\n<tr>\n<td width=\"80\"><strong><a href=\"http:\/\/concursos.fadesp.org.br\/pm\/3etapaS.html\">Edital n\u00ba. 007 &#8211; Convoca\u00e7\u00e3o 3\u00aa Etapa Soldado<\/a><\/strong><\/td>\n<\/tr>\n<tr>\n<td width=\"80\"><strong><a href=\"http:\/\/concursos.fadesp.org.br\/pm\/3etapaO.html\">Edital n\u00ba. 007 &#8211; Convoca\u00e7\u00e3o 3\u00aa Etapa\u00a0Oficial<\/a><\/strong><\/td>\n<\/tr>\n<tr>\n<td width=\"80\"><strong><a href=\"http:\/\/concursos.fadesp.org.br\/pm\/resultados\/2Etapa\/aprovados\/pm_.htm\">Resultado da 2\u00aa Etapa\u00a0Soldado<\/a><\/strong><\/td>\n<\/tr>\n<tr>\n<td width=\"80\"><strong><a href=\"http:\/\/concursos.fadesp.org.br\/pm\/resultados\/2Etapa\/aprovados\/pm2.htm\">Resultado da 2\u00aa Etapa\u00a0Oficial<\/a><\/strong><\/td>\n<\/tr>\n<tr>\n<td width=\"80\"><strong><a href=\"http:\/\/concursos.fadesp.org.br\/pm\/resultados\/edital006doresuldato2etapa.htm\">Edital n\u00ba. 006 &#8211;\u00a0Resultado da 2\u00aa Etapa<\/a><\/strong><\/td>\n<\/tr>\n<tr>\n<td width=\"80\"><strong><a href=\"http:\/\/concursos.fadesp.org.br\/pm\/2etapaS.html\">Edital n\u00ba. 005 &#8211; Convoca\u00e7\u00e3o 2\u00aa Etapa Soldado<\/a><\/strong><\/td>\n<\/tr>\n<tr>\n<td width=\"80\"><strong><a href=\"http:\/\/concursos.fadesp.org.br\/pm\/2etapaO.html\">Edital n\u00ba. 005 &#8211; Convoca\u00e7\u00e3o 2\u00aa Etapa\u00a0Oficial<\/a><\/strong><\/td>\n<\/tr>\n<tr>\n<td width=\"80\"><strong><a href=\"http:\/\/concursos.fadesp.org.br\/pm\/resultados\/index.htm\">Resultado da 1\u00aa Etapa\u00a0do Concurso<\/a><\/strong><\/td>\n<\/tr>\n<tr>\n<td width=\"80\"><strong><a href=\"..\/midias\/anexos\/368_edital_divulgao_do_resultado_da_1_etapa_soldados_-_fina.pdf\">Edital n\u00ba. 004\u00a0&#8211;\u00a0Soldados<\/a><\/strong><\/td>\n<\/tr>\n<tr>\n<td width=\"80\"><strong><a href=\"..\/midias\/anexos\/368_edital_divulgao_do_resultado_da_1_etapa_oficiais_-_fina.pdf\">Edital n\u00ba. 004\u00a0&#8211;\u00a0Oficiais<\/a><\/strong><\/td>\n<\/tr>\n<tr>\n<td width=\"80\"><strong><a href=\"http:\/\/concursos.fadesp.org.br\/pm\/resultados\/index.htm\">Edital n\u00ba. 003\u00a0 -Altera\u00e7\u00f5es do calend\u00e1rio das etapas\u00a0<\/a><\/strong><\/td>\n<\/tr>\n<tr>\n<td width=\"80\"><strong><a href=\"..\/midias\/anexos\/368_edital_alterao_de_cronograma_soldados.pdf\">Edital n\u00ba. 002\u00a0&#8211;\u00a0Soldado<\/a><\/strong><\/td>\n<\/tr>\n<tr>\n<td width=\"80\"><strong><a href=\"..\/midias\/anexos\/368_edital_alterao_de_cronograma_oficiais.pdf\">Edital n\u00ba. 002\u00a0&#8211;\u00a0Oficial<\/a><\/strong><\/td>\n<\/tr>\n<tr>\n<td width=\"80\"><strong><a href=\"..\/midias\/anexos\/368_edital_001_cfsd_soldados_doe.pdf\">Edital n\u00ba. 001\u00a0&#8211;\u00a0Soldado<\/a><\/strong><\/td>\n<\/tr>\n<tr>\n<td width=\"80\"><strong><a href=\"..\/midias\/anexos\/368_edital_001_cfo_oficiais_doe.pdf\">Edital n\u00ba. 001\u00a0&#8211;\u00a0Oficial<\/a><\/strong><\/td>\n<\/tr>\n<\/tbody>\n<\/table>\t\t\t\t\t\t\t\t<\/div>\n\t\t\t\t<\/div>\n\t\t\t\t\t<\/div>\n\t\t<\/div>\n\t\t\t\t\t<\/div>\n\t\t<\/section>\n\t\t\t\t\t<\/div>\n\t\t<\/div>\n\t\t\t\t\t<\/div>\n\t\t<\/section>\n\t\t\t\t<\/div>\n\t\t","protected":false},"excerpt":{"rendered":"<p>Pol\u00edcia Militar do Estado do Par\u00e1 (CFSD ) \u2013 2007 A Pol\u00edcia Militar do Estado do Par\u00e1 torna p\u00fablica a realiza\u00e7\u00e3o de concurso p\u00fablico para provimento de cargos de Oficial e soldado, nos termos do disposto na Lei n.\u00ba 054, de 07 de fevereiro de 2006 e mediante as condi\u00e7\u00f5es estabelecidas no edital deste. RequisitosSer [&hellip;]<\/p>\n","protected":false},"author":9,"featured_media":0,"parent":329,"menu_order":62,"comment_status":"closed","ping_status":"closed","template":"","meta":{"_monsterinsights_skip_tracking":false,"_monsterinsights_sitenote_active":false,"_monsterinsights_sitenote_note":"","_monsterinsights_sitenote_category":0,"footnotes":""},"class_list":["post-1336","page","type-page","status-publish","hentry","entry"],"yoast_head":"<!-- This site is optimized with the Yoast SEO plugin v25.1 - https:\/\/yoast.com\/wordpress\/plugins\/seo\/ -->\n<title>Pol\u00edcia Militar do Estado do Par\u00e1 (CFSD ) - 2007 - FADESP<\/title>\n<meta name=\"robots\" content=\"index, follow, max-snippet:-1, max-image-preview:large, max-video-preview:-1\" \/>\n<link rel=\"canonical\" href=\"https:\/\/portalfadesp.org.br\/?page_id=1336\" \/>\n<meta property=\"og:locale\" content=\"pt_BR\" \/>\n<meta property=\"og:type\" content=\"article\" \/>\n<meta property=\"og:title\" content=\"Pol\u00edcia Militar do Estado do Par\u00e1 (CFSD ) - 2007 - FADESP\" \/>\n<meta property=\"og:description\" content=\"Pol\u00edcia Militar do Estado do Par\u00e1 (CFSD ) \u2013 2007 A Pol\u00edcia Militar do Estado do Par\u00e1 torna p\u00fablica a realiza\u00e7\u00e3o de concurso p\u00fablico para provimento de cargos de Oficial e soldado, nos termos do disposto na Lei n.\u00ba 054, de 07 de fevereiro de 2006 e mediante as condi\u00e7\u00f5es estabelecidas no edital deste. RequisitosSer [&hellip;]\" \/>\n<meta property=\"og:url\" content=\"https:\/\/portalfadesp.org.br\/?page_id=1336\" \/>\n<meta property=\"og:site_name\" content=\"FADESP\" \/>\n<meta property=\"article:publisher\" content=\"https:\/\/www.facebook.com\/Fadesp-138351949524662\/\" \/>\n<meta property=\"article:modified_time\" content=\"2022-12-20T16:07:51+00:00\" \/>\n<meta name=\"twitter:card\" content=\"summary_large_image\" \/>\n<meta name=\"twitter:site\" content=\"@Fadesp\" \/>\n<meta name=\"twitter:label1\" content=\"Est. tempo de leitura\" \/>\n\t<meta name=\"twitter:data1\" content=\"2 minutos\" \/>\n<script type=\"application\/ld+json\" class=\"yoast-schema-graph\">{\"@context\":\"https:\/\/schema.org\",\"@graph\":[{\"@type\":\"WebPage\",\"@id\":\"https:\/\/portalfadesp.org.br\/?page_id=1336\",\"url\":\"https:\/\/portalfadesp.org.br\/?page_id=1336\",\"name\":\"Pol\u00edcia Militar do Estado do Par\u00e1 (CFSD ) - 2007 - FADESP\",\"isPartOf\":{\"@id\":\"https:\/\/portalfadesp.org.br\/#website\"},\"datePublished\":\"2007-05-22T03:59:29+00:00\",\"dateModified\":\"2022-12-20T16:07:51+00:00\",\"breadcrumb\":{\"@id\":\"https:\/\/portalfadesp.org.br\/?page_id=1336#breadcrumb\"},\"inLanguage\":\"pt-BR\",\"potentialAction\":[{\"@type\":\"ReadAction\",\"target\":[\"https:\/\/portalfadesp.org.br\/?page_id=1336\"]}]},{\"@type\":\"BreadcrumbList\",\"@id\":\"https:\/\/portalfadesp.org.br\/?page_id=1336#breadcrumb\",\"itemListElement\":[{\"@type\":\"ListItem\",\"position\":1,\"name\":\"In\u00edcio\",\"item\":\"https:\/\/portalfadesp.org.br\/\"},{\"@type\":\"ListItem\",\"position\":2,\"name\":\"Concursos &#8211; Homologados\",\"item\":\"https:\/\/portalfadesp.org.br\/?page_id=329\"},{\"@type\":\"ListItem\",\"position\":3,\"name\":\"Pol\u00edcia Militar do Estado do Par\u00e1 (CFSD ) &#8211; 2007\"}]},{\"@type\":\"WebSite\",\"@id\":\"https:\/\/portalfadesp.org.br\/#website\",\"url\":\"https:\/\/portalfadesp.org.br\/\",\"name\":\"FADESP\",\"description\":\"Funda\u00e7\u00e3o de Amparo e Desenvolvimento da Pesquisa\",\"publisher\":{\"@id\":\"https:\/\/portalfadesp.org.br\/#organization\"},\"potentialAction\":[{\"@type\":\"SearchAction\",\"target\":{\"@type\":\"EntryPoint\",\"urlTemplate\":\"https:\/\/portalfadesp.org.br\/?s={search_term_string}\"},\"query-input\":{\"@type\":\"PropertyValueSpecification\",\"valueRequired\":true,\"valueName\":\"search_term_string\"}}],\"inLanguage\":\"pt-BR\"},{\"@type\":\"Organization\",\"@id\":\"https:\/\/portalfadesp.org.br\/#organization\",\"name\":\"FADESP\",\"url\":\"https:\/\/portalfadesp.org.br\/\",\"logo\":{\"@type\":\"ImageObject\",\"inLanguage\":\"pt-BR\",\"@id\":\"https:\/\/portalfadesp.org.br\/#\/schema\/logo\/image\/\",\"url\":\"https:\/\/portalfadesp.org.br\/wp-content\/uploads\/2024\/01\/NOVOLOGOFADESPlaranjaH.png\",\"contentUrl\":\"https:\/\/portalfadesp.org.br\/wp-content\/uploads\/2024\/01\/NOVOLOGOFADESPlaranjaH.png\",\"width\":2742,\"height\":839,\"caption\":\"FADESP\"},\"image\":{\"@id\":\"https:\/\/portalfadesp.org.br\/#\/schema\/logo\/image\/\"},\"sameAs\":[\"https:\/\/www.facebook.com\/Fadesp-138351949524662\/\",\"https:\/\/x.com\/Fadesp\",\"https:\/\/www.instagram.com\/fadesp_ufpa\/\",\"https:\/\/www.youtube.com\/@fundacaodeamparoedesenvolv1903\",\"https:\/\/www.threads.net\/@fadesp_ufpa\"]}]}<\/script>\n<!-- \/ Yoast SEO plugin. -->","yoast_head_json":{"title":"Pol\u00edcia Militar do Estado do Par\u00e1 (CFSD ) - 2007 - FADESP","robots":{"index":"index","follow":"follow","max-snippet":"max-snippet:-1","max-image-preview":"max-image-preview:large","max-video-preview":"max-video-preview:-1"},"canonical":"https:\/\/portalfadesp.org.br\/?page_id=1336","og_locale":"pt_BR","og_type":"article","og_title":"Pol\u00edcia Militar do Estado do Par\u00e1 (CFSD ) - 2007 - FADESP","og_description":"Pol\u00edcia Militar do Estado do Par\u00e1 (CFSD ) \u2013 2007 A Pol\u00edcia Militar do Estado do Par\u00e1 torna p\u00fablica a realiza\u00e7\u00e3o de concurso p\u00fablico para provimento de cargos de Oficial e soldado, nos termos do disposto na Lei n.\u00ba 054, de 07 de fevereiro de 2006 e mediante as condi\u00e7\u00f5es estabelecidas no edital deste. RequisitosSer [&hellip;]","og_url":"https:\/\/portalfadesp.org.br\/?page_id=1336","og_site_name":"FADESP","article_publisher":"https:\/\/www.facebook.com\/Fadesp-138351949524662\/","article_modified_time":"2022-12-20T16:07:51+00:00","twitter_card":"summary_large_image","twitter_site":"@Fadesp","twitter_misc":{"Est. tempo de leitura":"2 minutos"},"schema":{"@context":"https:\/\/schema.org","@graph":[{"@type":"WebPage","@id":"https:\/\/portalfadesp.org.br\/?page_id=1336","url":"https:\/\/portalfadesp.org.br\/?page_id=1336","name":"Pol\u00edcia Militar do Estado do Par\u00e1 (CFSD ) - 2007 - FADESP","isPartOf":{"@id":"https:\/\/portalfadesp.org.br\/#website"},"datePublished":"2007-05-22T03:59:29+00:00","dateModified":"2022-12-20T16:07:51+00:00","breadcrumb":{"@id":"https:\/\/portalfadesp.org.br\/?page_id=1336#breadcrumb"},"inLanguage":"pt-BR","potentialAction":[{"@type":"ReadAction","target":["https:\/\/portalfadesp.org.br\/?page_id=1336"]}]},{"@type":"BreadcrumbList","@id":"https:\/\/portalfadesp.org.br\/?page_id=1336#breadcrumb","itemListElement":[{"@type":"ListItem","position":1,"name":"In\u00edcio","item":"https:\/\/portalfadesp.org.br\/"},{"@type":"ListItem","position":2,"name":"Concursos &#8211; Homologados","item":"https:\/\/portalfadesp.org.br\/?page_id=329"},{"@type":"ListItem","position":3,"name":"Pol\u00edcia Militar do Estado do Par\u00e1 (CFSD ) &#8211; 2007"}]},{"@type":"WebSite","@id":"https:\/\/portalfadesp.org.br\/#website","url":"https:\/\/portalfadesp.org.br\/","name":"FADESP","description":"Funda\u00e7\u00e3o de Amparo e Desenvolvimento da Pesquisa","publisher":{"@id":"https:\/\/portalfadesp.org.br\/#organization"},"potentialAction":[{"@type":"SearchAction","target":{"@type":"EntryPoint","urlTemplate":"https:\/\/portalfadesp.org.br\/?s={search_term_string}"},"query-input":{"@type":"PropertyValueSpecification","valueRequired":true,"valueName":"search_term_string"}}],"inLanguage":"pt-BR"},{"@type":"Organization","@id":"https:\/\/portalfadesp.org.br\/#organization","name":"FADESP","url":"https:\/\/portalfadesp.org.br\/","logo":{"@type":"ImageObject","inLanguage":"pt-BR","@id":"https:\/\/portalfadesp.org.br\/#\/schema\/logo\/image\/","url":"https:\/\/portalfadesp.org.br\/wp-content\/uploads\/2024\/01\/NOVOLOGOFADESPlaranjaH.png","contentUrl":"https:\/\/portalfadesp.org.br\/wp-content\/uploads\/2024\/01\/NOVOLOGOFADESPlaranjaH.png","width":2742,"height":839,"caption":"FADESP"},"image":{"@id":"https:\/\/portalfadesp.org.br\/#\/schema\/logo\/image\/"},"sameAs":["https:\/\/www.facebook.com\/Fadesp-138351949524662\/","https:\/\/x.com\/Fadesp","https:\/\/www.instagram.com\/fadesp_ufpa\/","https:\/\/www.youtube.com\/@fundacaodeamparoedesenvolv1903","https:\/\/www.threads.net\/@fadesp_ufpa"]}]}},"_links":{"self":[{"href":"https:\/\/portalfadesp.org.br\/index.php?rest_route=\/wp\/v2\/pages\/1336","targetHints":{"allow":["GET"]}}],"collection":[{"href":"https:\/\/portalfadesp.org.br\/index.php?rest_route=\/wp\/v2\/pages"}],"about":[{"href":"https:\/\/portalfadesp.org.br\/index.php?rest_route=\/wp\/v2\/types\/page"}],"author":[{"embeddable":true,"href":"https:\/\/portalfadesp.org.br\/index.php?rest_route=\/wp\/v2\/users\/9"}],"replies":[{"embeddable":true,"href":"https:\/\/portalfadesp.org.br\/index.php?rest_route=%2Fwp%2Fv2%2Fcomments&post=1336"}],"version-history":[{"count":31,"href":"https:\/\/portalfadesp.org.br\/index.php?rest_route=\/wp\/v2\/pages\/1336\/revisions"}],"predecessor-version":[{"id":36870,"href":"https:\/\/portalfadesp.org.br\/index.php?rest_route=\/wp\/v2\/pages\/1336\/revisions\/36870"}],"up":[{"embeddable":true,"href":"https:\/\/portalfadesp.org.br\/index.php?rest_route=\/wp\/v2\/pages\/329"}],"wp:attachment":[{"href":"https:\/\/portalfadesp.org.br\/index.php?rest_route=%2Fwp%2Fv2%2Fmedia&parent=1336"}],"curies":[{"name":"wp","href":"https:\/\/api.w.org\/{rel}","templated":true}]}}