{"id":1335,"date":"2006-05-22T00:48:19","date_gmt":"2006-05-22T03:48:19","guid":{"rendered":"https:\/\/162.215.13.167?page_id=1335"},"modified":"2022-12-20T13:07:48","modified_gmt":"2022-12-20T16:07:48","slug":"prefeitura-municipal-de-eldorado-do-carajas-2006","status":"publish","type":"page","link":"https:\/\/portalfadesp.org.br\/?page_id=1335","title":{"rendered":"Prefeitura Municipal de Eldorado do Caraj\u00e1s &#8211; 2006"},"content":{"rendered":"\t\t<div data-elementor-type=\"wp-post\" data-elementor-id=\"1335\" class=\"elementor elementor-1335\" data-elementor-post-type=\"page\">\n\t\t\t\t\t\t<section class=\"elementor-section elementor-top-section elementor-element elementor-element-738757a7 elementor-section-full_width elementor-section-height-default elementor-section-height-default\" data-id=\"738757a7\" data-element_type=\"section\">\n\t\t\t\t\t\t<div class=\"elementor-container elementor-column-gap-default\">\n\t\t\t\t\t<div class=\"elementor-column elementor-col-100 elementor-top-column elementor-element elementor-element-5e73eb42\" data-id=\"5e73eb42\" data-element_type=\"column\">\n\t\t\t<div class=\"elementor-widget-wrap elementor-element-populated\">\n\t\t\t\t\t\t<div class=\"elementor-element elementor-element-dcd07b elementor-widget elementor-widget-heading\" data-id=\"dcd07b\" data-element_type=\"widget\" data-widget_type=\"heading.default\">\n\t\t\t\t<div class=\"elementor-widget-container\">\n\t\t\t\t\t<h1 class=\"elementor-heading-title elementor-size-default\">Prefeitura Municipal de Eldorado do Caraj\u00e1s - 2006<\/h1>\t\t\t\t<\/div>\n\t\t\t\t<\/div>\n\t\t\t\t<section class=\"elementor-section elementor-inner-section elementor-element elementor-element-547cd16b elementor-section-boxed elementor-section-height-default elementor-section-height-default\" data-id=\"547cd16b\" data-element_type=\"section\">\n\t\t\t\t\t\t<div class=\"elementor-container elementor-column-gap-default\">\n\t\t\t\t\t<div class=\"elementor-column elementor-col-50 elementor-inner-column elementor-element elementor-element-5a59ffed\" data-id=\"5a59ffed\" data-element_type=\"column\">\n\t\t\t<div class=\"elementor-widget-wrap elementor-element-populated\">\n\t\t\t\t\t\t<div class=\"elementor-element elementor-element-6eaba929 elementor-widget elementor-widget-text-editor\" data-id=\"6eaba929\" data-element_type=\"widget\" data-widget_type=\"text-editor.default\">\n\t\t\t\t<div class=\"elementor-widget-container\">\n\t\t\t\t\t\t\t\t\t<p><span style=\"color: #000000;\">A Prefeitura Municipal de Eldorado do Caraj\u00e1s torna p\u00fablica a realiza\u00e7\u00e3o de concurso p\u00fablico para provimento de cargos de n\u00edvel superior, de n\u00edvel m\u00e9dio, n\u00edvel fundamental e n\u00edvel alfabetizado, nos termos do disposto na Lei n.\u00ba 054, de 07 de fevereiro de 2006 e mediante as condi\u00e7\u00f5es estabelecidas no edital deste.<\/span><\/p><p><span style=\"color: #000000;\"><strong>Vagas &#8211;\u00a0<\/strong>427<\/span><\/p><p><span style=\"color: #000000;\"><strong>Cargos &#8211;\u00a0<\/strong>N\u00edvel Alfabetizado: Auxiliar de Servi\u00e7os Gerais, Costureira, Cozinheiro, Eletricista, Gari, Motorista (A\/B, C, D\/E), Operador de M\u00e1quina Leve, Operador de Ro\u00e7adeira, Sepultador e Vigilante.<\/span><\/p><p><span style=\"color: #000000;\">N\u00edvel Fundamental: Agente de Arrecada\u00e7\u00e3o, Agente de Vigil\u00e2ncia Epidemiol\u00f3gico, Agente de Vigil\u00e2cia Sanit\u00e1ria, Assistente Administrativo, Auxiliar de Consult\u00f3rio Dent\u00e1rio, Auxiliar de Enfermagem, Digitador, Recepcionista e Telefonista.<\/span><\/p><p><span style=\"color: #000000;\">N\u00edvel M\u00e9dio: Almoxarife, Assistente Administrativo, Auxiliar Administrativo, Fiscal de Obras, Fiscal de Tributos, Instrumentador Cir\u00fargico, Professor, T\u00e9cnico Agr\u00edcola, T\u00e9cnico de Enfermagem, T\u00e9cnico de Inform\u00e1tica, T\u00e9cnico de Laborat\u00f3rio, T\u00e9cnico em Radiologia e T\u00e9cnico em Higiene Bucal.<\/span><\/p><p><span style=\"color: #000000;\">Nivel Superior: Assistente Social, Bioqu\u00edmico, Enfermeiro, Farmaceutico, Fisioterapeuta, M\u00e9dico Cl\u00ednico Geral, Nutricionista, Pedagogo, Professor de Ci\u00eancias F\u00edsicas e Biol\u00f3gicias, Professor de Educa\u00e7\u00e3o F\u00edsica, Professor de Geografia, Professor de Hist\u00f3ria, Professor de L\u00edngua Inglesa, Professor de L\u00edngua Portuguesa, Professor de Matem\u00e1tica, Professor de Religi\u00e3o e Professor Normal Superior.<\/span><\/p><p><span style=\"color: #000000;\"><strong>Remunera\u00e7\u00e3o &#8211;\u00a0<\/strong>R$ 467,35 a R$ 1.069,27<\/span><\/p><p><span style=\"color: #000000;\"><strong>Inscri\u00e7\u00f5es &#8211;\u00a0<\/strong>06 a 17\/08\/07<\/span><\/p><p><span style=\"color: #000000;\"><strong>Taxa &#8211;\u00a0\u00a0<\/strong>R$ 40,00 (N\u00edvel Alfabetizado), R$\u00a050,00 (N\u00edvel Fundamental), R$\u00a070,00 (N\u00edvel M\u00e9dio) e R$ 90,00 (N\u00edvel Superior)<\/span><\/p><p><span style=\"color: #000000;\"><strong>Datas importantes<\/strong>:<\/span><\/p><p><span style=\"color: #000000;\">Per\u00edodo de Inscri\u00e7\u00e3o &#8211; 06 a 17\/08\/07<\/span><\/p><p><span style=\"color: #000000;\">Cart\u00e3o de Inscri\u00e7\u00e3o &#8211; 03 a 06\/09\/07<\/span><\/p><p><span style=\"color: #000000;\">Cart\u00e3o de Inscri\u00e7\u00e3o corrigido &#8211; 21 e 22\/09\/07<\/span><\/p><p><span style=\"color: #000000;\">Data da Prova &#8211; 30\/09\/07<\/span><\/p>\t\t\t\t\t\t\t\t<\/div>\n\t\t\t\t<\/div>\n\t\t\t\t\t<\/div>\n\t\t<\/div>\n\t\t\t\t<div class=\"elementor-column elementor-col-50 elementor-inner-column elementor-element elementor-element-424741e2\" data-id=\"424741e2\" data-element_type=\"column\">\n\t\t\t<div class=\"elementor-widget-wrap elementor-element-populated\">\n\t\t\t\t\t\t<div class=\"elementor-element elementor-element-5d07033d elementor-widget elementor-widget-text-editor\" data-id=\"5d07033d\" data-element_type=\"widget\" data-widget_type=\"text-editor.default\">\n\t\t\t\t<div class=\"elementor-widget-container\">\n\t\t\t\t\t\t\t\t\t<p style=\"text-align: center;\"><span style=\"color: #ffffff;\"><strong>Editais e Avisos<\/strong><\/span><\/p>\t\t\t\t\t\t\t\t<\/div>\n\t\t\t\t<\/div>\n\t\t\t\t<div class=\"elementor-element elementor-element-24b74bc7 elementor-widget elementor-widget-text-editor\" data-id=\"24b74bc7\" data-element_type=\"widget\" data-widget_type=\"text-editor.default\">\n\t\t\t\t<div class=\"elementor-widget-container\">\n\t\t\t\t\t\t\t\t\t<table width=\"80\">\n<tbody>\n<tr>\n<td width=\"80\"><strong><a href=\"..\/midias\/anexos\/379_situacaogeral_final.pdf\">Situa\u00e7\u00e3o Geral de todos candidatos<\/a><\/strong><\/td>\n<\/tr>\n<tr>\n<td width=\"80\"><strong><a href=\"..\/midias\/anexos\/379_classificados_e_aprovados_com_criterios_de_desempate.pdf\">Classificados e aprovados com crit\u00e9rio de Desempate<\/a><\/strong><\/td>\n<\/tr>\n<tr>\n<td width=\"80\"><strong><a href=\"..\/midias\/anexos\/379_classificados.pdf\">Classificados em ordem alfab\u00e9tica<\/a><\/strong><\/td>\n<\/tr>\n<tr>\n<td width=\"80\"><strong><a href=\"..\/midias\/anexos\/379_gabaritos.pdf\">Gabarito<\/a><\/strong><\/td>\n<\/tr>\n<tr>\n<td width=\"80\"><strong><a href=\"http:\/\/concursos.fadesp.org.br\/eldorado\/Aviso%20de%20Edital_Prorrogao%20das%20Inscries.pdf\">Prorroga\u00e7\u00e3o das inscri\u00e7\u00f5es<\/a><\/strong><\/td>\n<\/tr>\n<tr>\n<td width=\"80\"><strong><a href=\"..\/midias\/anexos\/379_edital_abertura.pdf\">Edital n\u00ba. 001\/2007 &#8211; Abertura<\/a><\/strong><\/td>\n<\/tr>\n<\/tbody>\n<\/table>\t\t\t\t\t\t\t\t<\/div>\n\t\t\t\t<\/div>\n\t\t\t\t\t<\/div>\n\t\t<\/div>\n\t\t\t\t\t<\/div>\n\t\t<\/section>\n\t\t\t\t\t<\/div>\n\t\t<\/div>\n\t\t\t\t\t<\/div>\n\t\t<\/section>\n\t\t\t\t<\/div>\n\t\t","protected":false},"excerpt":{"rendered":"<p>Prefeitura Municipal de Eldorado do Caraj\u00e1s &#8211; 2006 A Prefeitura Municipal de Eldorado do Caraj\u00e1s torna p\u00fablica a realiza\u00e7\u00e3o de concurso p\u00fablico para provimento de cargos de n\u00edvel superior, de n\u00edvel m\u00e9dio, n\u00edvel fundamental e n\u00edvel alfabetizado, nos termos do disposto na Lei n.\u00ba 054, de 07 de fevereiro de 2006 e mediante as condi\u00e7\u00f5es [&hellip;]<\/p>\n","protected":false},"author":9,"featured_media":0,"parent":329,"menu_order":63,"comment_status":"closed","ping_status":"closed","template":"","meta":{"_monsterinsights_skip_tracking":false,"_monsterinsights_sitenote_active":false,"_monsterinsights_sitenote_note":"","_monsterinsights_sitenote_category":0,"footnotes":""},"class_list":["post-1335","page","type-page","status-publish","hentry","entry"],"yoast_head":"<!-- This site is optimized with the Yoast SEO plugin v25.1 - https:\/\/yoast.com\/wordpress\/plugins\/seo\/ -->\n<title>Prefeitura Municipal de Eldorado do Caraj\u00e1s - 2006 - FADESP<\/title>\n<meta name=\"robots\" content=\"index, follow, max-snippet:-1, max-image-preview:large, max-video-preview:-1\" \/>\n<link rel=\"canonical\" href=\"https:\/\/portalfadesp.org.br\/?page_id=1335\" \/>\n<meta property=\"og:locale\" content=\"pt_BR\" \/>\n<meta property=\"og:type\" content=\"article\" \/>\n<meta property=\"og:title\" content=\"Prefeitura Municipal de Eldorado do Caraj\u00e1s - 2006 - FADESP\" \/>\n<meta property=\"og:description\" content=\"Prefeitura Municipal de Eldorado do Caraj\u00e1s &#8211; 2006 A Prefeitura Municipal de Eldorado do Caraj\u00e1s torna p\u00fablica a realiza\u00e7\u00e3o de concurso p\u00fablico para provimento de cargos de n\u00edvel superior, de n\u00edvel m\u00e9dio, n\u00edvel fundamental e n\u00edvel alfabetizado, nos termos do disposto na Lei n.\u00ba 054, de 07 de fevereiro de 2006 e mediante as condi\u00e7\u00f5es [&hellip;]\" \/>\n<meta property=\"og:url\" content=\"https:\/\/portalfadesp.org.br\/?page_id=1335\" \/>\n<meta property=\"og:site_name\" content=\"FADESP\" \/>\n<meta property=\"article:publisher\" content=\"https:\/\/www.facebook.com\/Fadesp-138351949524662\/\" \/>\n<meta property=\"article:modified_time\" content=\"2022-12-20T16:07:48+00:00\" \/>\n<meta name=\"twitter:card\" content=\"summary_large_image\" \/>\n<meta name=\"twitter:site\" content=\"@Fadesp\" \/>\n<meta name=\"twitter:label1\" content=\"Est. tempo de leitura\" \/>\n\t<meta name=\"twitter:data1\" content=\"2 minutos\" \/>\n<script type=\"application\/ld+json\" class=\"yoast-schema-graph\">{\"@context\":\"https:\/\/schema.org\",\"@graph\":[{\"@type\":\"WebPage\",\"@id\":\"https:\/\/portalfadesp.org.br\/?page_id=1335\",\"url\":\"https:\/\/portalfadesp.org.br\/?page_id=1335\",\"name\":\"Prefeitura Municipal de Eldorado do Caraj\u00e1s - 2006 - FADESP\",\"isPartOf\":{\"@id\":\"https:\/\/portalfadesp.org.br\/#website\"},\"datePublished\":\"2006-05-22T03:48:19+00:00\",\"dateModified\":\"2022-12-20T16:07:48+00:00\",\"breadcrumb\":{\"@id\":\"https:\/\/portalfadesp.org.br\/?page_id=1335#breadcrumb\"},\"inLanguage\":\"pt-BR\",\"potentialAction\":[{\"@type\":\"ReadAction\",\"target\":[\"https:\/\/portalfadesp.org.br\/?page_id=1335\"]}]},{\"@type\":\"BreadcrumbList\",\"@id\":\"https:\/\/portalfadesp.org.br\/?page_id=1335#breadcrumb\",\"itemListElement\":[{\"@type\":\"ListItem\",\"position\":1,\"name\":\"In\u00edcio\",\"item\":\"https:\/\/portalfadesp.org.br\/\"},{\"@type\":\"ListItem\",\"position\":2,\"name\":\"Concursos &#8211; Homologados\",\"item\":\"https:\/\/portalfadesp.org.br\/?page_id=329\"},{\"@type\":\"ListItem\",\"position\":3,\"name\":\"Prefeitura Municipal de Eldorado do Caraj\u00e1s &#8211; 2006\"}]},{\"@type\":\"WebSite\",\"@id\":\"https:\/\/portalfadesp.org.br\/#website\",\"url\":\"https:\/\/portalfadesp.org.br\/\",\"name\":\"FADESP\",\"description\":\"Funda\u00e7\u00e3o de Amparo e Desenvolvimento da Pesquisa\",\"publisher\":{\"@id\":\"https:\/\/portalfadesp.org.br\/#organization\"},\"potentialAction\":[{\"@type\":\"SearchAction\",\"target\":{\"@type\":\"EntryPoint\",\"urlTemplate\":\"https:\/\/portalfadesp.org.br\/?s={search_term_string}\"},\"query-input\":{\"@type\":\"PropertyValueSpecification\",\"valueRequired\":true,\"valueName\":\"search_term_string\"}}],\"inLanguage\":\"pt-BR\"},{\"@type\":\"Organization\",\"@id\":\"https:\/\/portalfadesp.org.br\/#organization\",\"name\":\"FADESP\",\"url\":\"https:\/\/portalfadesp.org.br\/\",\"logo\":{\"@type\":\"ImageObject\",\"inLanguage\":\"pt-BR\",\"@id\":\"https:\/\/portalfadesp.org.br\/#\/schema\/logo\/image\/\",\"url\":\"https:\/\/portalfadesp.org.br\/wp-content\/uploads\/2024\/01\/NOVOLOGOFADESPlaranjaH.png\",\"contentUrl\":\"https:\/\/portalfadesp.org.br\/wp-content\/uploads\/2024\/01\/NOVOLOGOFADESPlaranjaH.png\",\"width\":2742,\"height\":839,\"caption\":\"FADESP\"},\"image\":{\"@id\":\"https:\/\/portalfadesp.org.br\/#\/schema\/logo\/image\/\"},\"sameAs\":[\"https:\/\/www.facebook.com\/Fadesp-138351949524662\/\",\"https:\/\/x.com\/Fadesp\",\"https:\/\/www.instagram.com\/fadesp_ufpa\/\",\"https:\/\/www.youtube.com\/@fundacaodeamparoedesenvolv1903\",\"https:\/\/www.threads.net\/@fadesp_ufpa\"]}]}<\/script>\n<!-- \/ Yoast SEO plugin. -->","yoast_head_json":{"title":"Prefeitura Municipal de Eldorado do Caraj\u00e1s - 2006 - FADESP","robots":{"index":"index","follow":"follow","max-snippet":"max-snippet:-1","max-image-preview":"max-image-preview:large","max-video-preview":"max-video-preview:-1"},"canonical":"https:\/\/portalfadesp.org.br\/?page_id=1335","og_locale":"pt_BR","og_type":"article","og_title":"Prefeitura Municipal de Eldorado do Caraj\u00e1s - 2006 - FADESP","og_description":"Prefeitura Municipal de Eldorado do Caraj\u00e1s &#8211; 2006 A Prefeitura Municipal de Eldorado do Caraj\u00e1s torna p\u00fablica a realiza\u00e7\u00e3o de concurso p\u00fablico para provimento de cargos de n\u00edvel superior, de n\u00edvel m\u00e9dio, n\u00edvel fundamental e n\u00edvel alfabetizado, nos termos do disposto na Lei n.\u00ba 054, de 07 de fevereiro de 2006 e mediante as condi\u00e7\u00f5es [&hellip;]","og_url":"https:\/\/portalfadesp.org.br\/?page_id=1335","og_site_name":"FADESP","article_publisher":"https:\/\/www.facebook.com\/Fadesp-138351949524662\/","article_modified_time":"2022-12-20T16:07:48+00:00","twitter_card":"summary_large_image","twitter_site":"@Fadesp","twitter_misc":{"Est. tempo de leitura":"2 minutos"},"schema":{"@context":"https:\/\/schema.org","@graph":[{"@type":"WebPage","@id":"https:\/\/portalfadesp.org.br\/?page_id=1335","url":"https:\/\/portalfadesp.org.br\/?page_id=1335","name":"Prefeitura Municipal de Eldorado do Caraj\u00e1s - 2006 - FADESP","isPartOf":{"@id":"https:\/\/portalfadesp.org.br\/#website"},"datePublished":"2006-05-22T03:48:19+00:00","dateModified":"2022-12-20T16:07:48+00:00","breadcrumb":{"@id":"https:\/\/portalfadesp.org.br\/?page_id=1335#breadcrumb"},"inLanguage":"pt-BR","potentialAction":[{"@type":"ReadAction","target":["https:\/\/portalfadesp.org.br\/?page_id=1335"]}]},{"@type":"BreadcrumbList","@id":"https:\/\/portalfadesp.org.br\/?page_id=1335#breadcrumb","itemListElement":[{"@type":"ListItem","position":1,"name":"In\u00edcio","item":"https:\/\/portalfadesp.org.br\/"},{"@type":"ListItem","position":2,"name":"Concursos &#8211; Homologados","item":"https:\/\/portalfadesp.org.br\/?page_id=329"},{"@type":"ListItem","position":3,"name":"Prefeitura Municipal de Eldorado do Caraj\u00e1s &#8211; 2006"}]},{"@type":"WebSite","@id":"https:\/\/portalfadesp.org.br\/#website","url":"https:\/\/portalfadesp.org.br\/","name":"FADESP","description":"Funda\u00e7\u00e3o de Amparo e Desenvolvimento da Pesquisa","publisher":{"@id":"https:\/\/portalfadesp.org.br\/#organization"},"potentialAction":[{"@type":"SearchAction","target":{"@type":"EntryPoint","urlTemplate":"https:\/\/portalfadesp.org.br\/?s={search_term_string}"},"query-input":{"@type":"PropertyValueSpecification","valueRequired":true,"valueName":"search_term_string"}}],"inLanguage":"pt-BR"},{"@type":"Organization","@id":"https:\/\/portalfadesp.org.br\/#organization","name":"FADESP","url":"https:\/\/portalfadesp.org.br\/","logo":{"@type":"ImageObject","inLanguage":"pt-BR","@id":"https:\/\/portalfadesp.org.br\/#\/schema\/logo\/image\/","url":"https:\/\/portalfadesp.org.br\/wp-content\/uploads\/2024\/01\/NOVOLOGOFADESPlaranjaH.png","contentUrl":"https:\/\/portalfadesp.org.br\/wp-content\/uploads\/2024\/01\/NOVOLOGOFADESPlaranjaH.png","width":2742,"height":839,"caption":"FADESP"},"image":{"@id":"https:\/\/portalfadesp.org.br\/#\/schema\/logo\/image\/"},"sameAs":["https:\/\/www.facebook.com\/Fadesp-138351949524662\/","https:\/\/x.com\/Fadesp","https:\/\/www.instagram.com\/fadesp_ufpa\/","https:\/\/www.youtube.com\/@fundacaodeamparoedesenvolv1903","https:\/\/www.threads.net\/@fadesp_ufpa"]}]}},"_links":{"self":[{"href":"https:\/\/portalfadesp.org.br\/index.php?rest_route=\/wp\/v2\/pages\/1335","targetHints":{"allow":["GET"]}}],"collection":[{"href":"https:\/\/portalfadesp.org.br\/index.php?rest_route=\/wp\/v2\/pages"}],"about":[{"href":"https:\/\/portalfadesp.org.br\/index.php?rest_route=\/wp\/v2\/types\/page"}],"author":[{"embeddable":true,"href":"https:\/\/portalfadesp.org.br\/index.php?rest_route=\/wp\/v2\/users\/9"}],"replies":[{"embeddable":true,"href":"https:\/\/portalfadesp.org.br\/index.php?rest_route=%2Fwp%2Fv2%2Fcomments&post=1335"}],"version-history":[{"count":28,"href":"https:\/\/portalfadesp.org.br\/index.php?rest_route=\/wp\/v2\/pages\/1335\/revisions"}],"predecessor-version":[{"id":36864,"href":"https:\/\/portalfadesp.org.br\/index.php?rest_route=\/wp\/v2\/pages\/1335\/revisions\/36864"}],"up":[{"embeddable":true,"href":"https:\/\/portalfadesp.org.br\/index.php?rest_route=\/wp\/v2\/pages\/329"}],"wp:attachment":[{"href":"https:\/\/portalfadesp.org.br\/index.php?rest_route=%2Fwp%2Fv2%2Fmedia&parent=1335"}],"curies":[{"name":"wp","href":"https:\/\/api.w.org\/{rel}","templated":true}]}}