{"id":1313,"date":"2017-12-21T09:36:01","date_gmt":"2017-12-21T11:36:01","guid":{"rendered":"https:\/\/162.215.13.167?page_id=1313"},"modified":"2022-12-20T12:06:12","modified_gmt":"2022-12-20T15:06:12","slug":"processo-seletivo-simplificado-pss-de-anapu-pa","status":"publish","type":"page","link":"https:\/\/portalfadesp.org.br\/?page_id=1313","title":{"rendered":"Processo Seletivo Simplificado de Anapu \u2013 2017"},"content":{"rendered":"\t\t<div data-elementor-type=\"wp-post\" data-elementor-id=\"1313\" class=\"elementor elementor-1313\" data-elementor-post-type=\"page\">\n\t\t\t\t\t\t<section class=\"elementor-section elementor-top-section elementor-element elementor-element-13a9c792 elementor-section-boxed elementor-section-height-default elementor-section-height-default\" data-id=\"13a9c792\" data-element_type=\"section\">\n\t\t\t\t\t\t<div class=\"elementor-container elementor-column-gap-default\">\n\t\t\t\t\t<div class=\"elementor-column elementor-col-100 elementor-top-column elementor-element elementor-element-668a476e\" data-id=\"668a476e\" data-element_type=\"column\">\n\t\t\t<div class=\"elementor-widget-wrap elementor-element-populated\">\n\t\t\t\t\t\t<div class=\"elementor-element elementor-element-1e55ff8d elementor-widget elementor-widget-heading\" data-id=\"1e55ff8d\" data-element_type=\"widget\" data-widget_type=\"heading.default\">\n\t\t\t\t<div class=\"elementor-widget-container\">\n\t\t\t\t\t<h1 class=\"elementor-heading-title elementor-size-default\">Processo Seletivo Simplificado (PSS) de Anapu- PA<\/h1>\t\t\t\t<\/div>\n\t\t\t\t<\/div>\n\t\t\t\t<section class=\"elementor-section elementor-inner-section elementor-element elementor-element-555100b3 elementor-section-boxed elementor-section-height-default elementor-section-height-default\" data-id=\"555100b3\" data-element_type=\"section\">\n\t\t\t\t\t\t<div class=\"elementor-container elementor-column-gap-default\">\n\t\t\t\t\t<div class=\"elementor-column elementor-col-50 elementor-inner-column elementor-element elementor-element-557f3929\" data-id=\"557f3929\" data-element_type=\"column\">\n\t\t\t<div class=\"elementor-widget-wrap elementor-element-populated\">\n\t\t\t\t\t\t<div class=\"elementor-element elementor-element-5bd8cbc9 elementor-widget elementor-widget-text-editor\" data-id=\"5bd8cbc9\" data-element_type=\"widget\" data-widget_type=\"text-editor.default\">\n\t\t\t\t<div class=\"elementor-widget-container\">\n\t\t\t\t\t\t\t\t\t<p>A Secretaria Municipal de Educa\u00e7\u00e3o da Prefeitura Municipal de Anapu torna p\u00fablica a realiza\u00e7\u00e3o de Processo Seletivo Simplificado (PSS) para a contrata\u00e7\u00e3o por prazo determinado de profissionais para exercer a fun\u00e7\u00e3o DOCENTE, CUIDADOR (A) DO MATERNAL e CUIDADOR DE PNE nos n\u00edveis e modalidades de ensino oferecidas na rede p\u00fablica municipal.<\/p><p><strong>Vagas &#8211;\u00a0<\/strong>136<br \/>\u00a0 \u00a0 \u00a0 \u00a0 \u00a0 \u00a0 &#8211; 142 cadastro de reserva.<\/p><p><strong>Cargos &#8211;\u00a0<\/strong>Docente, Cuidador do Maternal e Cuidador do PNE.<\/p><p><strong>Inscri\u00e7\u00f5es &#8211;<\/strong>\u00a005\u00a0a 15\/01\/18<\/p><p><strong>Taxa &#8211;\u00a0<\/strong>R$ 40,00<\/p><p>&#8230;&#8230;&#8230;&#8230;&#8230;&#8230;&#8230;&#8230;&#8230;&#8230;&#8230;&#8230;&#8230;..<\/p><p><strong>Datas importantes<\/strong><\/p><p>Inscri\u00e7\u00e3o:\u00a0<strong>05\u00a0a 15\/01\/18<\/strong><\/p><p>Pagamento da taxa:\u00a0<strong>at\u00e9 16\/01\/18<\/strong><\/p><p>An\u00e1lise Curricular:\u00a0<strong>17 a 23\/01\/18<\/strong><\/p><p>Divulga\u00e7\u00e3o do resultado preliminar:\u00a0<strong>24\/01\/18<\/strong><\/p>\t\t\t\t\t\t\t\t<\/div>\n\t\t\t\t<\/div>\n\t\t\t\t\t<\/div>\n\t\t<\/div>\n\t\t\t\t<div class=\"elementor-column elementor-col-50 elementor-inner-column elementor-element elementor-element-7f0e6fc\" data-id=\"7f0e6fc\" data-element_type=\"column\">\n\t\t\t<div class=\"elementor-widget-wrap elementor-element-populated\">\n\t\t\t\t\t\t<div class=\"elementor-element elementor-element-7422afc6 elementor-widget elementor-widget-text-editor\" data-id=\"7422afc6\" data-element_type=\"widget\" data-widget_type=\"text-editor.default\">\n\t\t\t\t<div class=\"elementor-widget-container\">\n\t\t\t\t\t\t\t\t\t<p style=\"text-align: center;\"><strong><span style=\"color: #ffffff;\">Avisos<\/span><\/strong><\/p>\t\t\t\t\t\t\t\t<\/div>\n\t\t\t\t<\/div>\n\t\t\t\t<div class=\"elementor-element elementor-element-b5c4221 elementor-widget elementor-widget-text-editor\" data-id=\"b5c4221\" data-element_type=\"widget\" data-widget_type=\"text-editor.default\">\n\t\t\t\t<div class=\"elementor-widget-container\">\n\t\t\t\t\t\t\t\t\t<p><span style=\"text-decoration: underline;\"><span style=\"color: #000000; text-decoration: underline;\"><strong><a style=\"color: #000000; text-decoration: underline;\" href=\"http:\/\/concursos.fadesp.org.br\/recurso_pssanapu\/web\/index_recurso.php\">Respostas dos recursos<\/a><\/strong><\/span><\/span><\/p><p style=\"text-align: center;\"><strong><span style=\"text-decoration: underline; color: #ff0000;\">ATEN\u00c7\u00c3O<\/span><\/strong><\/p><p style=\"text-align: left;\">Crit\u00e9rio de Desempate:<\/p><p style=\"text-align: left;\">1 &#8211; Maior pontua\u00e7\u00e3o na soma de atividade na Prefeitura de Anapu, MAIS, a pontua\u00e7\u00e3o de atividade em outras institui\u00e7\u00f5es;<\/p><p style=\"text-align: left;\">2 &#8211; Candidato com mais idade.<\/p>\t\t\t\t\t\t\t\t<\/div>\n\t\t\t\t<\/div>\n\t\t\t\t<div class=\"elementor-element elementor-element-37e7d4da elementor-widget elementor-widget-text-editor\" data-id=\"37e7d4da\" data-element_type=\"widget\" data-widget_type=\"text-editor.default\">\n\t\t\t\t<div class=\"elementor-widget-container\">\n\t\t\t\t\t\t\t\t\t<p style=\"text-align: center;\"><span style=\"color: #ffffff;\"><strong>Editais<\/strong><\/span><\/p>\t\t\t\t\t\t\t\t<\/div>\n\t\t\t\t<\/div>\n\t\t\t\t<div class=\"elementor-element elementor-element-302d34a9 elementor-widget elementor-widget-text-editor\" data-id=\"302d34a9\" data-element_type=\"widget\" data-widget_type=\"text-editor.default\">\n\t\t\t\t<div class=\"elementor-widget-container\">\n\t\t\t\t\t\t\t\t\t<table width=\"241\">\n<tbody>\n<tr>\n<td width=\"241\"><strong><a href=\"..\/midias\/anexos\/517_relacao_de_candidatos_inscritos_no_pss.pdf\">Rela\u00e7\u00e3o de Candidatos Inscritos no PSS\u00a0<\/a><\/strong><\/td>\n<\/tr>\n<tr>\n<td width=\"241\"><strong><a href=\"..\/midias\/anexos\/517_tabela_de_cargos_-_retificada.pdf\">Tabela de Cargos &#8211; Retificada<\/a><\/strong><\/td>\n<\/tr>\n<tr>\n<td width=\"241\"><strong><a href=\"..\/midias\/anexos\/517_documentos_necessarios_a_comprovacao_do_curriculo_-_retificado.pdf\">Documentos Necess\u00e1rios a Comprova\u00e7\u00e3o do Curr\u00edculo\u00a0<\/a><\/strong><\/td>\n<\/tr>\n<tr>\n<td width=\"241\"><strong><a href=\"..\/midias\/anexos\/517_criterios_de_pontuacao.pdf\">Crit\u00e9rios de Pontua\u00e7\u00e3o<\/a><\/strong><\/td>\n<\/tr>\n<tr>\n<td width=\"241\"><strong><a href=\"..\/midias\/anexos\/517_calendario_do_processo_seletivo.pdf\">Calend\u00e1rio do Processo Seletivo\u00a0<\/a><\/strong><\/td>\n<\/tr>\n<tr>\n<td width=\"241\"><strong><a href=\"..\/midias\/anexos\/517_edital_n_01_2017_pma_-_pss_-_republicado.pdf\">Edital n\u00b0 01_2017_PMA &#8211; PSS &#8211; Republicado<\/a><\/strong><\/td>\n<\/tr>\n<\/tbody>\n<\/table>\t\t\t\t\t\t\t\t<\/div>\n\t\t\t\t<\/div>\n\t\t\t\t\t<\/div>\n\t\t<\/div>\n\t\t\t\t\t<\/div>\n\t\t<\/section>\n\t\t\t\t\t<\/div>\n\t\t<\/div>\n\t\t\t\t\t<\/div>\n\t\t<\/section>\n\t\t\t\t<\/div>\n\t\t","protected":false},"excerpt":{"rendered":"<p>Processo Seletivo Simplificado (PSS) de Anapu- PA A Secretaria Municipal de Educa\u00e7\u00e3o da Prefeitura Municipal de Anapu torna p\u00fablica a realiza\u00e7\u00e3o de Processo Seletivo Simplificado (PSS) para a contrata\u00e7\u00e3o por prazo determinado de profissionais para exercer a fun\u00e7\u00e3o DOCENTE, CUIDADOR (A) DO MATERNAL e CUIDADOR DE PNE nos n\u00edveis e modalidades de ensino oferecidas na [&hellip;]<\/p>\n","protected":false},"author":9,"featured_media":0,"parent":329,"menu_order":52,"comment_status":"closed","ping_status":"closed","template":"","meta":{"_monsterinsights_skip_tracking":false,"_monsterinsights_sitenote_active":false,"_monsterinsights_sitenote_note":"","_monsterinsights_sitenote_category":0,"footnotes":""},"class_list":["post-1313","page","type-page","status-publish","hentry","entry"],"yoast_head":"<!-- This site is optimized with the Yoast SEO plugin v25.1 - https:\/\/yoast.com\/wordpress\/plugins\/seo\/ -->\n<title>Processo Seletivo Simplificado de Anapu \u2013 2017 - FADESP<\/title>\n<meta name=\"robots\" content=\"index, follow, max-snippet:-1, max-image-preview:large, max-video-preview:-1\" \/>\n<link rel=\"canonical\" href=\"https:\/\/portalfadesp.org.br\/?page_id=1313\" \/>\n<meta property=\"og:locale\" content=\"pt_BR\" \/>\n<meta property=\"og:type\" content=\"article\" \/>\n<meta property=\"og:title\" content=\"Processo Seletivo Simplificado de Anapu \u2013 2017 - FADESP\" \/>\n<meta property=\"og:description\" content=\"Processo Seletivo Simplificado (PSS) de Anapu- PA A Secretaria Municipal de Educa\u00e7\u00e3o da Prefeitura Municipal de Anapu torna p\u00fablica a realiza\u00e7\u00e3o de Processo Seletivo Simplificado (PSS) para a contrata\u00e7\u00e3o por prazo determinado de profissionais para exercer a fun\u00e7\u00e3o DOCENTE, CUIDADOR (A) DO MATERNAL e CUIDADOR DE PNE nos n\u00edveis e modalidades de ensino oferecidas na [&hellip;]\" \/>\n<meta property=\"og:url\" content=\"https:\/\/portalfadesp.org.br\/?page_id=1313\" \/>\n<meta property=\"og:site_name\" content=\"FADESP\" \/>\n<meta property=\"article:publisher\" content=\"https:\/\/www.facebook.com\/Fadesp-138351949524662\/\" \/>\n<meta property=\"article:modified_time\" content=\"2022-12-20T15:06:12+00:00\" \/>\n<meta name=\"twitter:card\" content=\"summary_large_image\" \/>\n<meta name=\"twitter:site\" content=\"@Fadesp\" \/>\n<meta name=\"twitter:label1\" content=\"Est. tempo de leitura\" \/>\n\t<meta name=\"twitter:data1\" content=\"1 minuto\" \/>\n<script type=\"application\/ld+json\" class=\"yoast-schema-graph\">{\"@context\":\"https:\/\/schema.org\",\"@graph\":[{\"@type\":\"WebPage\",\"@id\":\"https:\/\/portalfadesp.org.br\/?page_id=1313\",\"url\":\"https:\/\/portalfadesp.org.br\/?page_id=1313\",\"name\":\"Processo Seletivo Simplificado de Anapu \u2013 2017 - FADESP\",\"isPartOf\":{\"@id\":\"https:\/\/portalfadesp.org.br\/#website\"},\"datePublished\":\"2017-12-21T11:36:01+00:00\",\"dateModified\":\"2022-12-20T15:06:12+00:00\",\"breadcrumb\":{\"@id\":\"https:\/\/portalfadesp.org.br\/?page_id=1313#breadcrumb\"},\"inLanguage\":\"pt-BR\",\"potentialAction\":[{\"@type\":\"ReadAction\",\"target\":[\"https:\/\/portalfadesp.org.br\/?page_id=1313\"]}]},{\"@type\":\"BreadcrumbList\",\"@id\":\"https:\/\/portalfadesp.org.br\/?page_id=1313#breadcrumb\",\"itemListElement\":[{\"@type\":\"ListItem\",\"position\":1,\"name\":\"In\u00edcio\",\"item\":\"https:\/\/portalfadesp.org.br\/\"},{\"@type\":\"ListItem\",\"position\":2,\"name\":\"Concursos &#8211; Homologados\",\"item\":\"https:\/\/portalfadesp.org.br\/?page_id=329\"},{\"@type\":\"ListItem\",\"position\":3,\"name\":\"Processo Seletivo Simplificado de Anapu \u2013 2017\"}]},{\"@type\":\"WebSite\",\"@id\":\"https:\/\/portalfadesp.org.br\/#website\",\"url\":\"https:\/\/portalfadesp.org.br\/\",\"name\":\"FADESP\",\"description\":\"Funda\u00e7\u00e3o de Amparo e Desenvolvimento da Pesquisa\",\"publisher\":{\"@id\":\"https:\/\/portalfadesp.org.br\/#organization\"},\"potentialAction\":[{\"@type\":\"SearchAction\",\"target\":{\"@type\":\"EntryPoint\",\"urlTemplate\":\"https:\/\/portalfadesp.org.br\/?s={search_term_string}\"},\"query-input\":{\"@type\":\"PropertyValueSpecification\",\"valueRequired\":true,\"valueName\":\"search_term_string\"}}],\"inLanguage\":\"pt-BR\"},{\"@type\":\"Organization\",\"@id\":\"https:\/\/portalfadesp.org.br\/#organization\",\"name\":\"FADESP\",\"url\":\"https:\/\/portalfadesp.org.br\/\",\"logo\":{\"@type\":\"ImageObject\",\"inLanguage\":\"pt-BR\",\"@id\":\"https:\/\/portalfadesp.org.br\/#\/schema\/logo\/image\/\",\"url\":\"https:\/\/portalfadesp.org.br\/wp-content\/uploads\/2024\/01\/NOVOLOGOFADESPlaranjaH.png\",\"contentUrl\":\"https:\/\/portalfadesp.org.br\/wp-content\/uploads\/2024\/01\/NOVOLOGOFADESPlaranjaH.png\",\"width\":2742,\"height\":839,\"caption\":\"FADESP\"},\"image\":{\"@id\":\"https:\/\/portalfadesp.org.br\/#\/schema\/logo\/image\/\"},\"sameAs\":[\"https:\/\/www.facebook.com\/Fadesp-138351949524662\/\",\"https:\/\/x.com\/Fadesp\",\"https:\/\/www.instagram.com\/fadesp_ufpa\/\",\"https:\/\/www.youtube.com\/@fundacaodeamparoedesenvolv1903\",\"https:\/\/www.threads.net\/@fadesp_ufpa\"]}]}<\/script>\n<!-- \/ Yoast SEO plugin. -->","yoast_head_json":{"title":"Processo Seletivo Simplificado de Anapu \u2013 2017 - FADESP","robots":{"index":"index","follow":"follow","max-snippet":"max-snippet:-1","max-image-preview":"max-image-preview:large","max-video-preview":"max-video-preview:-1"},"canonical":"https:\/\/portalfadesp.org.br\/?page_id=1313","og_locale":"pt_BR","og_type":"article","og_title":"Processo Seletivo Simplificado de Anapu \u2013 2017 - FADESP","og_description":"Processo Seletivo Simplificado (PSS) de Anapu- PA A Secretaria Municipal de Educa\u00e7\u00e3o da Prefeitura Municipal de Anapu torna p\u00fablica a realiza\u00e7\u00e3o de Processo Seletivo Simplificado (PSS) para a contrata\u00e7\u00e3o por prazo determinado de profissionais para exercer a fun\u00e7\u00e3o DOCENTE, CUIDADOR (A) DO MATERNAL e CUIDADOR DE PNE nos n\u00edveis e modalidades de ensino oferecidas na [&hellip;]","og_url":"https:\/\/portalfadesp.org.br\/?page_id=1313","og_site_name":"FADESP","article_publisher":"https:\/\/www.facebook.com\/Fadesp-138351949524662\/","article_modified_time":"2022-12-20T15:06:12+00:00","twitter_card":"summary_large_image","twitter_site":"@Fadesp","twitter_misc":{"Est. tempo de leitura":"1 minuto"},"schema":{"@context":"https:\/\/schema.org","@graph":[{"@type":"WebPage","@id":"https:\/\/portalfadesp.org.br\/?page_id=1313","url":"https:\/\/portalfadesp.org.br\/?page_id=1313","name":"Processo Seletivo Simplificado de Anapu \u2013 2017 - FADESP","isPartOf":{"@id":"https:\/\/portalfadesp.org.br\/#website"},"datePublished":"2017-12-21T11:36:01+00:00","dateModified":"2022-12-20T15:06:12+00:00","breadcrumb":{"@id":"https:\/\/portalfadesp.org.br\/?page_id=1313#breadcrumb"},"inLanguage":"pt-BR","potentialAction":[{"@type":"ReadAction","target":["https:\/\/portalfadesp.org.br\/?page_id=1313"]}]},{"@type":"BreadcrumbList","@id":"https:\/\/portalfadesp.org.br\/?page_id=1313#breadcrumb","itemListElement":[{"@type":"ListItem","position":1,"name":"In\u00edcio","item":"https:\/\/portalfadesp.org.br\/"},{"@type":"ListItem","position":2,"name":"Concursos &#8211; Homologados","item":"https:\/\/portalfadesp.org.br\/?page_id=329"},{"@type":"ListItem","position":3,"name":"Processo Seletivo Simplificado de Anapu \u2013 2017"}]},{"@type":"WebSite","@id":"https:\/\/portalfadesp.org.br\/#website","url":"https:\/\/portalfadesp.org.br\/","name":"FADESP","description":"Funda\u00e7\u00e3o de Amparo e Desenvolvimento da Pesquisa","publisher":{"@id":"https:\/\/portalfadesp.org.br\/#organization"},"potentialAction":[{"@type":"SearchAction","target":{"@type":"EntryPoint","urlTemplate":"https:\/\/portalfadesp.org.br\/?s={search_term_string}"},"query-input":{"@type":"PropertyValueSpecification","valueRequired":true,"valueName":"search_term_string"}}],"inLanguage":"pt-BR"},{"@type":"Organization","@id":"https:\/\/portalfadesp.org.br\/#organization","name":"FADESP","url":"https:\/\/portalfadesp.org.br\/","logo":{"@type":"ImageObject","inLanguage":"pt-BR","@id":"https:\/\/portalfadesp.org.br\/#\/schema\/logo\/image\/","url":"https:\/\/portalfadesp.org.br\/wp-content\/uploads\/2024\/01\/NOVOLOGOFADESPlaranjaH.png","contentUrl":"https:\/\/portalfadesp.org.br\/wp-content\/uploads\/2024\/01\/NOVOLOGOFADESPlaranjaH.png","width":2742,"height":839,"caption":"FADESP"},"image":{"@id":"https:\/\/portalfadesp.org.br\/#\/schema\/logo\/image\/"},"sameAs":["https:\/\/www.facebook.com\/Fadesp-138351949524662\/","https:\/\/x.com\/Fadesp","https:\/\/www.instagram.com\/fadesp_ufpa\/","https:\/\/www.youtube.com\/@fundacaodeamparoedesenvolv1903","https:\/\/www.threads.net\/@fadesp_ufpa"]}]}},"_links":{"self":[{"href":"https:\/\/portalfadesp.org.br\/index.php?rest_route=\/wp\/v2\/pages\/1313","targetHints":{"allow":["GET"]}}],"collection":[{"href":"https:\/\/portalfadesp.org.br\/index.php?rest_route=\/wp\/v2\/pages"}],"about":[{"href":"https:\/\/portalfadesp.org.br\/index.php?rest_route=\/wp\/v2\/types\/page"}],"author":[{"embeddable":true,"href":"https:\/\/portalfadesp.org.br\/index.php?rest_route=\/wp\/v2\/users\/9"}],"replies":[{"embeddable":true,"href":"https:\/\/portalfadesp.org.br\/index.php?rest_route=%2Fwp%2Fv2%2Fcomments&post=1313"}],"version-history":[{"count":32,"href":"https:\/\/portalfadesp.org.br\/index.php?rest_route=\/wp\/v2\/pages\/1313\/revisions"}],"predecessor-version":[{"id":36488,"href":"https:\/\/portalfadesp.org.br\/index.php?rest_route=\/wp\/v2\/pages\/1313\/revisions\/36488"}],"up":[{"embeddable":true,"href":"https:\/\/portalfadesp.org.br\/index.php?rest_route=\/wp\/v2\/pages\/329"}],"wp:attachment":[{"href":"https:\/\/portalfadesp.org.br\/index.php?rest_route=%2Fwp%2Fv2%2Fmedia&parent=1313"}],"curies":[{"name":"wp","href":"https:\/\/api.w.org\/{rel}","templated":true}]}}