{"id":1305,"date":"2016-05-20T15:13:45","date_gmt":"2016-05-20T18:13:45","guid":{"rendered":"https:\/\/162.215.13.167?page_id=1305"},"modified":"2022-12-21T16:30:50","modified_gmt":"2022-12-21T19:30:50","slug":"prefeitura-de-tucurui-procurador-municipal-2016","status":"publish","type":"page","link":"https:\/\/portalfadesp.org.br\/?page_id=1305","title":{"rendered":"Prefeitura de Tucuru\u00ed &#8211; Procurador Municipal &#8211; 2016"},"content":{"rendered":"\t\t<div data-elementor-type=\"wp-post\" data-elementor-id=\"1305\" class=\"elementor elementor-1305\" data-elementor-post-type=\"page\">\n\t\t\t\t\t\t<section class=\"elementor-section elementor-top-section elementor-element elementor-element-58d0a4e8 elementor-section-boxed elementor-section-height-default elementor-section-height-default\" data-id=\"58d0a4e8\" data-element_type=\"section\">\n\t\t\t\t\t\t<div class=\"elementor-container elementor-column-gap-default\">\n\t\t\t\t\t<div class=\"elementor-column elementor-col-100 elementor-top-column elementor-element elementor-element-35d553b0\" data-id=\"35d553b0\" data-element_type=\"column\">\n\t\t\t<div class=\"elementor-widget-wrap elementor-element-populated\">\n\t\t\t\t\t\t<div class=\"elementor-element elementor-element-bff4395 elementor-widget elementor-widget-heading\" data-id=\"bff4395\" data-element_type=\"widget\" data-widget_type=\"heading.default\">\n\t\t\t\t<div class=\"elementor-widget-container\">\n\t\t\t\t\t<h1 class=\"elementor-heading-title elementor-size-default\">Prefeitura Municipal de Tucuru\u00ed - Procurador Municipal - 2016<\/h1>\t\t\t\t<\/div>\n\t\t\t\t<\/div>\n\t\t\t\t<section class=\"elementor-section elementor-inner-section elementor-element elementor-element-3b817563 elementor-section-boxed elementor-section-height-default elementor-section-height-default\" data-id=\"3b817563\" data-element_type=\"section\">\n\t\t\t\t\t\t<div class=\"elementor-container elementor-column-gap-default\">\n\t\t\t\t\t<div class=\"elementor-column elementor-col-50 elementor-inner-column elementor-element elementor-element-347b6c04\" data-id=\"347b6c04\" data-element_type=\"column\">\n\t\t\t<div class=\"elementor-widget-wrap elementor-element-populated\">\n\t\t\t\t\t\t<div class=\"elementor-element elementor-element-6489f49b elementor-widget elementor-widget-text-editor\" data-id=\"6489f49b\" data-element_type=\"widget\" data-widget_type=\"text-editor.default\">\n\t\t\t\t<div class=\"elementor-widget-container\">\n\t\t\t\t\t\t\t\t\t<p>A Prefeitura Municipal de Tucuru\u00ed, torna p\u00fablica a realiza\u00e7\u00e3o de Concurso P\u00fablico destinado ao preenchimento de vagas de cargo de Procurador Municipal, para o quadro de pessoal efetivo de n\u00edvel superior da Prefeitura, mediante as condi\u00e7\u00f5es estabelecidas no edital de abertura.\u00a0<\/p><p><strong>Vagas &#8211;\u00a0<\/strong>06<\/p><p><strong>Cargos &#8211;\u00a0<\/strong>Procurador Municipal<\/p><p><strong>Remunera\u00e7\u00e3o &#8211;\u00a0<\/strong>R$ 7.500,00, mais acr\u00e8scimos de at\u00e9 100% no vencimento, conforme Lei Municipal.<\/p><p><strong>Inscri\u00e7\u00f5es &#8211;\u00a0<\/strong>20\/10\/16 a 09\/01\/17<\/p><p><strong>Taxa &#8211;\u00a0<\/strong>R$ 80,00<\/p><p><strong>Datas importantes<\/strong>:<\/p><p>Per\u00edodo de inscri\u00e7\u00e3o &#8211; \u00a020\/10\/16 a 09\/01\/17<\/p><p>Pagamento da taxa de inscri\u00e7\u00e3o &#8211; at\u00e9 10\/01\/17<\/p><p>Cart\u00e3o de inscri\u00e7\u00e3o &#8211; 12 a 16\/01\/17<\/p><p>Aplica\u00e7\u00e3o da prova objetiva &#8211; dia 22\/01\/17 &#8211; das 8h \u00e0s 12h (hor\u00e1riol local).<\/p><p>Aplica\u00e7\u00e3o da prova pr\u00e1tica-profissional &#8211; 22\/01\/17 &#8211; das 14h30 \u00e0s 18h30.<\/p>\t\t\t\t\t\t\t\t<\/div>\n\t\t\t\t<\/div>\n\t\t\t\t\t<\/div>\n\t\t<\/div>\n\t\t\t\t<div class=\"elementor-column elementor-col-50 elementor-inner-column elementor-element elementor-element-45ef2fdf\" data-id=\"45ef2fdf\" data-element_type=\"column\">\n\t\t\t<div class=\"elementor-widget-wrap elementor-element-populated\">\n\t\t\t\t\t\t<div class=\"elementor-element elementor-element-1dcdfc89 elementor-widget elementor-widget-text-editor\" data-id=\"1dcdfc89\" data-element_type=\"widget\" data-widget_type=\"text-editor.default\">\n\t\t\t\t<div class=\"elementor-widget-container\">\n\t\t\t\t\t\t\t\t\t<p style=\"text-align: center;\"><span style=\"color: #ffffff;\"><strong><a id=\"c7i2X3aNEx\" style=\"color: #ffffff;\" title=\"Tamanho: 81KB\" href=\"https:\/\/162.215.13.167midias\/anexos\/Copia(01)_504_aviso.pdf\" target=\"_blank\" rel=\"noopener\">Aviso<\/a><\/strong><\/span><\/p>\t\t\t\t\t\t\t\t<\/div>\n\t\t\t\t<\/div>\n\t\t\t\t<div class=\"elementor-element elementor-element-1a9cbc8 elementor-widget elementor-widget-text-editor\" data-id=\"1a9cbc8\" data-element_type=\"widget\" data-widget_type=\"text-editor.default\">\n\t\t\t\t<div class=\"elementor-widget-container\">\n\t\t\t\t\t\t\t\t\t<span style=\"text-decoration: underline; color: #dd6b3b;\"><strong><a id=\"c7i2X3aNEx\" style=\"color: #dd6b3b; text-decoration: underline;\" title=\"Tamanho: 81KB\" href=\"..\/midias\/anexos\/Copia(01)_504_aviso.pdf\" target=\"_blank\" rel=\"noopener\">Suspens\u00e3o do concurso<\/a><\/strong><\/span>\t\t\t\t\t\t\t\t<\/div>\n\t\t\t\t<\/div>\n\t\t\t\t<div class=\"elementor-element elementor-element-3a9ce59f elementor-widget elementor-widget-text-editor\" data-id=\"3a9ce59f\" data-element_type=\"widget\" data-widget_type=\"text-editor.default\">\n\t\t\t\t<div class=\"elementor-widget-container\">\n\t\t\t\t\t\t\t\t\t<p style=\"text-align: center;\"><span style=\"color: #ffffff;\"><strong>Editais<\/strong><\/span><\/p>\t\t\t\t\t\t\t\t<\/div>\n\t\t\t\t<\/div>\n\t\t\t\t<div class=\"elementor-element elementor-element-2f166b43 elementor-widget elementor-widget-text-editor\" data-id=\"2f166b43\" data-element_type=\"widget\" data-widget_type=\"text-editor.default\">\n\t\t\t\t<div class=\"elementor-widget-container\">\n\t\t\t\t\t\t\t\t\t<table width=\"241\">\n<tbody>\n<tr>\n<td width=\"241\"><strong><a href=\"..\/midias\/anexos\/504_lei_n_9.860_-_anexos_da_lei_do_magisterio.pdf\">Lei n\u00b0 9.860 &#8211; Anexos da Lei do Magist\u00e9rio<\/a><\/strong><\/td>\n<\/tr>\n<tr>\n<td width=\"241\"><strong><a href=\"..\/midias\/anexos\/504_lei_8.549_-_2009_-_alteracao_codigo_tributario.pdf\">Lei n\u00ba 8.549\/2009 &#8211; Altera\u00e7\u00e3o C\u00f3digo Tribut\u00e1rio<\/a><\/strong><\/td>\n<\/tr>\n<tr>\n<td width=\"241\"><strong><a href=\"..\/midias\/anexos\/504_lei_7.142-2006_-_codico_tributario.pdf\">Lei n\u00ba 7.142\/2006 -C\u00f3digo Tribut\u00e1rio do Munic\u00edpio<\/a><\/strong><\/td>\n<\/tr>\n<tr>\n<td width=\"241\"><strong><a href=\"..\/midias\/anexos\/504_regime_juridico_unico_.pdf\">\u00a0Lei n\u00ba 3.793\/93 &#8211; Regime Jur\u00eddico \u00danico (RJU)<\/a><\/strong><\/td>\n<\/tr>\n<tr>\n<td width=\"241\"><strong><a href=\"..\/midias\/anexos\/504_9.862-2016_-_lei_da_procuradoria.pdf\">Lei n\u00ba 9.862 &#8211; Lei da Procuradoria<\/a><\/strong><\/td>\n<\/tr>\n<tr>\n<td width=\"241\"><strong><a href=\"..\/midias\/anexos\/504_9.860_-_2016_-_lei_do_magisterio.pdf\">Lei n\u00ba 9.860 &#8211; Lei do Magist\u00e9rio<\/a><\/strong><\/td>\n<\/tr>\n<tr>\n<td width=\"241\"><strong><a href=\"..\/midias\/anexos\/504_9.859_-_2016_-_anexo_iii_e_iv_cargos_em_extincao.pdf\">Lei n\u00ba 9.859 &#8211; Anexo III e IV &#8211; Cargos em Extin\u00e7\u00e3o<\/a><\/strong><\/td>\n<\/tr>\n<tr>\n<td width=\"241\"><strong><a href=\"..\/midias\/anexos\/504_9.859_-_2016_-_anexo_ii_quatitativo_e_vencimento.pdf\">Lei n\u00ba 9.859 &#8211; Anexo II &#8211; Quantitativo e vencimento<\/a><\/strong><\/td>\n<\/tr>\n<tr>\n<td width=\"241\"><strong><a href=\"..\/midias\/anexos\/504_9.859_-_2016_-_anexo_i_cargo_atribuicao_requisito.pdf\">Lei n\u00ba 9.859 &#8211; Anexo I &#8211; Cargo atribui\u00e7\u00e3o requisito<\/a><\/strong><\/td>\n<\/tr>\n<tr>\n<td width=\"241\"><strong><a href=\"..\/midias\/anexos\/504_9.859_-_2016_-__para_criacao_do_plano_de_cargos_tucurui.pdf\">Lei n\u00ba 9.859 &#8211; Cria\u00e7\u00e3o do Plano de Cargos de Tucuru\u00ed<\/a><\/strong><\/td>\n<\/tr>\n<tr>\n<td width=\"241\"><strong><a href=\"..\/midias\/anexos\/504_tabela_de_cargo.pdf\">Tabela de Cargo<\/a><\/strong><\/td>\n<\/tr>\n<tr>\n<td width=\"241\"><strong><a href=\"..\/midias\/anexos\/504_formulario_de_portador_de_deficiencia.pdf\">Formul\u00e1rio PcD<\/a><\/strong><\/td>\n<\/tr>\n<tr>\n<td width=\"241\"><strong><a href=\"..\/midias\/anexos\/504_edital_n_01_2016_pmt_-_segunda_republicacao.pdf\">Edital de Abertura n\u00b0 01_2016 &#8211; segunda republica\u00e7\u00e3o<\/a><\/strong><\/td>\n<\/tr>\n<\/tbody>\n<\/table>\t\t\t\t\t\t\t\t<\/div>\n\t\t\t\t<\/div>\n\t\t\t\t\t<\/div>\n\t\t<\/div>\n\t\t\t\t\t<\/div>\n\t\t<\/section>\n\t\t\t\t\t<\/div>\n\t\t<\/div>\n\t\t\t\t\t<\/div>\n\t\t<\/section>\n\t\t\t\t<\/div>\n\t\t","protected":false},"excerpt":{"rendered":"<p>Prefeitura Municipal de Tucuru\u00ed &#8211; Procurador Municipal &#8211; 2016 A Prefeitura Municipal de Tucuru\u00ed, torna p\u00fablica a realiza\u00e7\u00e3o de Concurso P\u00fablico destinado ao preenchimento de vagas de cargo de Procurador Municipal, para o quadro de pessoal efetivo de n\u00edvel superior da Prefeitura, mediante as condi\u00e7\u00f5es estabelecidas no edital de abertura.\u00a0 Vagas &#8211;\u00a006 Cargos &#8211;\u00a0Procurador Municipal [&hellip;]<\/p>\n","protected":false},"author":9,"featured_media":0,"parent":329,"menu_order":53,"comment_status":"closed","ping_status":"closed","template":"","meta":{"_monsterinsights_skip_tracking":false,"_monsterinsights_sitenote_active":false,"_monsterinsights_sitenote_note":"","_monsterinsights_sitenote_category":0,"footnotes":""},"class_list":["post-1305","page","type-page","status-publish","hentry","entry"],"yoast_head":"<!-- This site is optimized with the Yoast SEO plugin v25.1 - https:\/\/yoast.com\/wordpress\/plugins\/seo\/ -->\n<title>Prefeitura de Tucuru\u00ed - Procurador Municipal - 2016 - FADESP<\/title>\n<meta name=\"robots\" content=\"index, follow, max-snippet:-1, max-image-preview:large, max-video-preview:-1\" \/>\n<link rel=\"canonical\" href=\"https:\/\/portalfadesp.org.br\/?page_id=1305\" \/>\n<meta property=\"og:locale\" content=\"pt_BR\" \/>\n<meta property=\"og:type\" content=\"article\" \/>\n<meta property=\"og:title\" content=\"Prefeitura de Tucuru\u00ed - Procurador Municipal - 2016 - FADESP\" \/>\n<meta property=\"og:description\" content=\"Prefeitura Municipal de Tucuru\u00ed &#8211; Procurador Municipal &#8211; 2016 A Prefeitura Municipal de Tucuru\u00ed, torna p\u00fablica a realiza\u00e7\u00e3o de Concurso P\u00fablico destinado ao preenchimento de vagas de cargo de Procurador Municipal, para o quadro de pessoal efetivo de n\u00edvel superior da Prefeitura, mediante as condi\u00e7\u00f5es estabelecidas no edital de abertura.\u00a0 Vagas &#8211;\u00a006 Cargos &#8211;\u00a0Procurador Municipal [&hellip;]\" \/>\n<meta property=\"og:url\" content=\"https:\/\/portalfadesp.org.br\/?page_id=1305\" \/>\n<meta property=\"og:site_name\" content=\"FADESP\" \/>\n<meta property=\"article:publisher\" content=\"https:\/\/www.facebook.com\/Fadesp-138351949524662\/\" \/>\n<meta property=\"article:modified_time\" content=\"2022-12-21T19:30:50+00:00\" \/>\n<meta name=\"twitter:card\" content=\"summary_large_image\" \/>\n<meta name=\"twitter:site\" content=\"@Fadesp\" \/>\n<meta name=\"twitter:label1\" content=\"Est. tempo de leitura\" \/>\n\t<meta name=\"twitter:data1\" content=\"1 minuto\" \/>\n<script type=\"application\/ld+json\" class=\"yoast-schema-graph\">{\"@context\":\"https:\/\/schema.org\",\"@graph\":[{\"@type\":\"WebPage\",\"@id\":\"https:\/\/portalfadesp.org.br\/?page_id=1305\",\"url\":\"https:\/\/portalfadesp.org.br\/?page_id=1305\",\"name\":\"Prefeitura de Tucuru\u00ed - Procurador Municipal - 2016 - FADESP\",\"isPartOf\":{\"@id\":\"https:\/\/portalfadesp.org.br\/#website\"},\"datePublished\":\"2016-05-20T18:13:45+00:00\",\"dateModified\":\"2022-12-21T19:30:50+00:00\",\"breadcrumb\":{\"@id\":\"https:\/\/portalfadesp.org.br\/?page_id=1305#breadcrumb\"},\"inLanguage\":\"pt-BR\",\"potentialAction\":[{\"@type\":\"ReadAction\",\"target\":[\"https:\/\/portalfadesp.org.br\/?page_id=1305\"]}]},{\"@type\":\"BreadcrumbList\",\"@id\":\"https:\/\/portalfadesp.org.br\/?page_id=1305#breadcrumb\",\"itemListElement\":[{\"@type\":\"ListItem\",\"position\":1,\"name\":\"In\u00edcio\",\"item\":\"https:\/\/portalfadesp.org.br\/\"},{\"@type\":\"ListItem\",\"position\":2,\"name\":\"Concursos &#8211; Homologados\",\"item\":\"https:\/\/portalfadesp.org.br\/?page_id=329\"},{\"@type\":\"ListItem\",\"position\":3,\"name\":\"Prefeitura de Tucuru\u00ed &#8211; Procurador Municipal &#8211; 2016\"}]},{\"@type\":\"WebSite\",\"@id\":\"https:\/\/portalfadesp.org.br\/#website\",\"url\":\"https:\/\/portalfadesp.org.br\/\",\"name\":\"FADESP\",\"description\":\"Funda\u00e7\u00e3o de Amparo e Desenvolvimento da Pesquisa\",\"publisher\":{\"@id\":\"https:\/\/portalfadesp.org.br\/#organization\"},\"potentialAction\":[{\"@type\":\"SearchAction\",\"target\":{\"@type\":\"EntryPoint\",\"urlTemplate\":\"https:\/\/portalfadesp.org.br\/?s={search_term_string}\"},\"query-input\":{\"@type\":\"PropertyValueSpecification\",\"valueRequired\":true,\"valueName\":\"search_term_string\"}}],\"inLanguage\":\"pt-BR\"},{\"@type\":\"Organization\",\"@id\":\"https:\/\/portalfadesp.org.br\/#organization\",\"name\":\"FADESP\",\"url\":\"https:\/\/portalfadesp.org.br\/\",\"logo\":{\"@type\":\"ImageObject\",\"inLanguage\":\"pt-BR\",\"@id\":\"https:\/\/portalfadesp.org.br\/#\/schema\/logo\/image\/\",\"url\":\"https:\/\/portalfadesp.org.br\/wp-content\/uploads\/2024\/01\/NOVOLOGOFADESPlaranjaH.png\",\"contentUrl\":\"https:\/\/portalfadesp.org.br\/wp-content\/uploads\/2024\/01\/NOVOLOGOFADESPlaranjaH.png\",\"width\":2742,\"height\":839,\"caption\":\"FADESP\"},\"image\":{\"@id\":\"https:\/\/portalfadesp.org.br\/#\/schema\/logo\/image\/\"},\"sameAs\":[\"https:\/\/www.facebook.com\/Fadesp-138351949524662\/\",\"https:\/\/x.com\/Fadesp\",\"https:\/\/www.instagram.com\/fadesp_ufpa\/\",\"https:\/\/www.youtube.com\/@fundacaodeamparoedesenvolv1903\",\"https:\/\/www.threads.net\/@fadesp_ufpa\"]}]}<\/script>\n<!-- \/ Yoast SEO plugin. -->","yoast_head_json":{"title":"Prefeitura de Tucuru\u00ed - Procurador Municipal - 2016 - FADESP","robots":{"index":"index","follow":"follow","max-snippet":"max-snippet:-1","max-image-preview":"max-image-preview:large","max-video-preview":"max-video-preview:-1"},"canonical":"https:\/\/portalfadesp.org.br\/?page_id=1305","og_locale":"pt_BR","og_type":"article","og_title":"Prefeitura de Tucuru\u00ed - Procurador Municipal - 2016 - FADESP","og_description":"Prefeitura Municipal de Tucuru\u00ed &#8211; Procurador Municipal &#8211; 2016 A Prefeitura Municipal de Tucuru\u00ed, torna p\u00fablica a realiza\u00e7\u00e3o de Concurso P\u00fablico destinado ao preenchimento de vagas de cargo de Procurador Municipal, para o quadro de pessoal efetivo de n\u00edvel superior da Prefeitura, mediante as condi\u00e7\u00f5es estabelecidas no edital de abertura.\u00a0 Vagas &#8211;\u00a006 Cargos &#8211;\u00a0Procurador Municipal [&hellip;]","og_url":"https:\/\/portalfadesp.org.br\/?page_id=1305","og_site_name":"FADESP","article_publisher":"https:\/\/www.facebook.com\/Fadesp-138351949524662\/","article_modified_time":"2022-12-21T19:30:50+00:00","twitter_card":"summary_large_image","twitter_site":"@Fadesp","twitter_misc":{"Est. tempo de leitura":"1 minuto"},"schema":{"@context":"https:\/\/schema.org","@graph":[{"@type":"WebPage","@id":"https:\/\/portalfadesp.org.br\/?page_id=1305","url":"https:\/\/portalfadesp.org.br\/?page_id=1305","name":"Prefeitura de Tucuru\u00ed - Procurador Municipal - 2016 - FADESP","isPartOf":{"@id":"https:\/\/portalfadesp.org.br\/#website"},"datePublished":"2016-05-20T18:13:45+00:00","dateModified":"2022-12-21T19:30:50+00:00","breadcrumb":{"@id":"https:\/\/portalfadesp.org.br\/?page_id=1305#breadcrumb"},"inLanguage":"pt-BR","potentialAction":[{"@type":"ReadAction","target":["https:\/\/portalfadesp.org.br\/?page_id=1305"]}]},{"@type":"BreadcrumbList","@id":"https:\/\/portalfadesp.org.br\/?page_id=1305#breadcrumb","itemListElement":[{"@type":"ListItem","position":1,"name":"In\u00edcio","item":"https:\/\/portalfadesp.org.br\/"},{"@type":"ListItem","position":2,"name":"Concursos &#8211; Homologados","item":"https:\/\/portalfadesp.org.br\/?page_id=329"},{"@type":"ListItem","position":3,"name":"Prefeitura de Tucuru\u00ed &#8211; Procurador Municipal &#8211; 2016"}]},{"@type":"WebSite","@id":"https:\/\/portalfadesp.org.br\/#website","url":"https:\/\/portalfadesp.org.br\/","name":"FADESP","description":"Funda\u00e7\u00e3o de Amparo e Desenvolvimento da Pesquisa","publisher":{"@id":"https:\/\/portalfadesp.org.br\/#organization"},"potentialAction":[{"@type":"SearchAction","target":{"@type":"EntryPoint","urlTemplate":"https:\/\/portalfadesp.org.br\/?s={search_term_string}"},"query-input":{"@type":"PropertyValueSpecification","valueRequired":true,"valueName":"search_term_string"}}],"inLanguage":"pt-BR"},{"@type":"Organization","@id":"https:\/\/portalfadesp.org.br\/#organization","name":"FADESP","url":"https:\/\/portalfadesp.org.br\/","logo":{"@type":"ImageObject","inLanguage":"pt-BR","@id":"https:\/\/portalfadesp.org.br\/#\/schema\/logo\/image\/","url":"https:\/\/portalfadesp.org.br\/wp-content\/uploads\/2024\/01\/NOVOLOGOFADESPlaranjaH.png","contentUrl":"https:\/\/portalfadesp.org.br\/wp-content\/uploads\/2024\/01\/NOVOLOGOFADESPlaranjaH.png","width":2742,"height":839,"caption":"FADESP"},"image":{"@id":"https:\/\/portalfadesp.org.br\/#\/schema\/logo\/image\/"},"sameAs":["https:\/\/www.facebook.com\/Fadesp-138351949524662\/","https:\/\/x.com\/Fadesp","https:\/\/www.instagram.com\/fadesp_ufpa\/","https:\/\/www.youtube.com\/@fundacaodeamparoedesenvolv1903","https:\/\/www.threads.net\/@fadesp_ufpa"]}]}},"_links":{"self":[{"href":"https:\/\/portalfadesp.org.br\/index.php?rest_route=\/wp\/v2\/pages\/1305","targetHints":{"allow":["GET"]}}],"collection":[{"href":"https:\/\/portalfadesp.org.br\/index.php?rest_route=\/wp\/v2\/pages"}],"about":[{"href":"https:\/\/portalfadesp.org.br\/index.php?rest_route=\/wp\/v2\/types\/page"}],"author":[{"embeddable":true,"href":"https:\/\/portalfadesp.org.br\/index.php?rest_route=\/wp\/v2\/users\/9"}],"replies":[{"embeddable":true,"href":"https:\/\/portalfadesp.org.br\/index.php?rest_route=%2Fwp%2Fv2%2Fcomments&post=1305"}],"version-history":[{"count":34,"href":"https:\/\/portalfadesp.org.br\/index.php?rest_route=\/wp\/v2\/pages\/1305\/revisions"}],"predecessor-version":[{"id":38989,"href":"https:\/\/portalfadesp.org.br\/index.php?rest_route=\/wp\/v2\/pages\/1305\/revisions\/38989"}],"up":[{"embeddable":true,"href":"https:\/\/portalfadesp.org.br\/index.php?rest_route=\/wp\/v2\/pages\/329"}],"wp:attachment":[{"href":"https:\/\/portalfadesp.org.br\/index.php?rest_route=%2Fwp%2Fv2%2Fmedia&parent=1305"}],"curies":[{"name":"wp","href":"https:\/\/api.w.org\/{rel}","templated":true}]}}