{"id":1300,"date":"2016-05-20T14:30:32","date_gmt":"2016-05-20T17:30:32","guid":{"rendered":"https:\/\/162.215.13.167?page_id=1300"},"modified":"2022-12-21T16:31:25","modified_gmt":"2022-12-21T19:31:25","slug":"prefeitura-de-jacareacanga-2016","status":"publish","type":"page","link":"https:\/\/portalfadesp.org.br\/?page_id=1300","title":{"rendered":"Prefeitura de Jacareacanga &#8211; 2016"},"content":{"rendered":"\t\t<div data-elementor-type=\"wp-post\" data-elementor-id=\"1300\" class=\"elementor elementor-1300\" data-elementor-post-type=\"page\">\n\t\t\t\t\t\t<section class=\"elementor-section elementor-top-section elementor-element elementor-element-4cdd37b2 elementor-section-boxed elementor-section-height-default elementor-section-height-default\" data-id=\"4cdd37b2\" data-element_type=\"section\">\n\t\t\t\t\t\t<div class=\"elementor-container elementor-column-gap-default\">\n\t\t\t\t\t<div class=\"elementor-column elementor-col-100 elementor-top-column elementor-element elementor-element-425bdaf5\" data-id=\"425bdaf5\" data-element_type=\"column\">\n\t\t\t<div class=\"elementor-widget-wrap elementor-element-populated\">\n\t\t\t\t\t\t<div class=\"elementor-element elementor-element-24639882 elementor-widget elementor-widget-heading\" data-id=\"24639882\" data-element_type=\"widget\" data-widget_type=\"heading.default\">\n\t\t\t\t<div class=\"elementor-widget-container\">\n\t\t\t\t\t<h1 class=\"elementor-heading-title elementor-size-default\">Prefeitura de Jacareacanga - 2016<\/h1>\t\t\t\t<\/div>\n\t\t\t\t<\/div>\n\t\t\t\t<section class=\"elementor-section elementor-inner-section elementor-element elementor-element-6ff0bb56 elementor-section-boxed elementor-section-height-default elementor-section-height-default\" data-id=\"6ff0bb56\" data-element_type=\"section\">\n\t\t\t\t\t\t<div class=\"elementor-container elementor-column-gap-default\">\n\t\t\t\t\t<div class=\"elementor-column elementor-col-50 elementor-inner-column elementor-element elementor-element-31bde28b\" data-id=\"31bde28b\" data-element_type=\"column\">\n\t\t\t<div class=\"elementor-widget-wrap elementor-element-populated\">\n\t\t\t\t\t\t<div class=\"elementor-element elementor-element-5aa216f5 elementor-widget elementor-widget-text-editor\" data-id=\"5aa216f5\" data-element_type=\"widget\" data-widget_type=\"text-editor.default\">\n\t\t\t\t<div class=\"elementor-widget-container\">\n\t\t\t\t\t\t\t\t\t<p>A Prefeitura Municipal de Jacareacanga (PA) torna p\u00fablica a realiza\u00e7\u00e3o\u00a0de concurso p\u00fablico destinado ao preenchimento de vagas nas zonas rural e urbana para o quadro de pessoal efetivo de n\u00edveis Superior, M\u00e9dio, M\u00e9dio t\u00e9cnico, Fundamental completo e incompleto, mediante as condi\u00e7\u00f5es estabelecidas no edital de abertura.<\/p><p><strong>Vagas &#8211;\u00a0<\/strong>309, sendo 71 para cargos de n\u00edvel Fundamental incompleto, 30 para Fundamental completo, 23 para M\u00e9dio, 67 para M\u00e9dio T\u00e9cnico e 118 para Superior.<\/p><p><strong>Cargos:\u00a0<\/strong>Vigia, Auxiliar de Servi\u00e7os Gerais, Merendeira, Servente, Gari, Jardineiro, Piloto de Embarca\u00e7\u00e3o, Piloto de Lancha, Auxiliar Administrativo, Agente de Combate \u00e0s Endemias, Recepcionista de Consult\u00f3rio, Auxiliar de Mec\u00e2nico, Motorista, Operador de M\u00e1quinas Pesadas, Almoxarife, Fiscal de Obras e Postura, Fiscal de Tr\u00e2nsito, Fiscal de Meio Ambiente, Eletricista de Alta Tens\u00e3o, T\u00e9cnicos (em Enfermagem, Miscroscopia, Radiologia, Patologia Cl\u00ednica, Seguran\u00e7a do Trabalho, Floresta, Alimenta\u00e7\u00e3o Escolar, Meio Ambiente e Infraestrutura Escolar, Gest\u00e3o Escolar, Multimeios Did\u00e1ticos, Professor, Assistente Social, Psic\u00f3logo &#8211; Educa\u00e7\u00e3o, Nutricionista, Analista Administrativo, Administrador Hospitalar, Enfermeiro, Bioqu\u00edmico, Farmac\u00eautico, M\u00e9dico (cl\u00ednico geral, cirurgi\u00e3o, pediatra, veterin\u00e1rio), Odont\u00f3logo, Bi\u00f3logo, Ge\u00f3logo, Engenheiro (Civil, Ambiental, Sanitarista, Florestal, Agr\u00f4nomo), Arquiteto, Pedagogo.<\/p><p><strong>Remunera\u00e7\u00e3o &#8211;\u00a0<\/strong>de\u00a0R$ 880,00 a R$\u00a03.390,31<\/p><p><strong>Inscri\u00e7\u00f5es &#8211;\u00a0<\/strong>21\/10\/16 a 21\/11\/16<\/p><p><strong>Taxa &#8211;\u00a0<\/strong>R$ 45,00 (n\u00edvel Fundamental completo e incompleto)<\/p><p>\u00a0 \u00a0 \u00a0 \u00a0 \u00a0 \u00a0R$ 50,00 (n\u00edvel M\u00e9dio)<\/p><p>\u00a0 \u00a0 \u00a0 \u00a0 \u00a0 \u00a0R$ 60,00 (n\u00edvel Superior)<\/p><p>&#8230;&#8230;&#8230;&#8230;&#8230;&#8230;&#8230;&#8230;&#8230;&#8230;&#8230;&#8230;&#8230;&#8230;&#8230;&#8230;<\/p><p><strong>Datas importantes<\/strong>:<\/p><p>Inscri\u00e7\u00e3o &#8211; 21\/10\/16 a 21\/11\/16<\/p><p>Pedido de isen\u00e7\u00e3o para PcD &#8211; de 21\/10 a 11\/11\/16.<\/p><p>Pagamento da taxa &#8211; at\u00e9 22\/11\/16<\/p><p>Impress\u00e3o do cart\u00e3o de inscri\u00e7\u00e3o, contendo local e hora da prova &#8211; a partir de 29\/11\/16<\/p><p>Provas objetivas -11\/12\/16<\/p><p>Manh\u00e3 (8h \u00e0s 12h): n\u00edveis Fundamental completo e Superior. (Hor\u00e1rio Local).<\/p><p>Tarde (14h30 \u00e0s 18h30): n\u00edveis Fundamental incompleto e M\u00e9dio. (Hor\u00e1rio Local).<\/p><p>Prova de t\u00edtulos para professores &#8211; convoca\u00e7\u00e3o em: <strong>28\/12\/16<\/strong><\/p>\t\t\t\t\t\t\t\t<\/div>\n\t\t\t\t<\/div>\n\t\t\t\t\t<\/div>\n\t\t<\/div>\n\t\t\t\t<div class=\"elementor-column elementor-col-50 elementor-inner-column elementor-element elementor-element-4c76a7c3\" data-id=\"4c76a7c3\" data-element_type=\"column\">\n\t\t\t<div class=\"elementor-widget-wrap elementor-element-populated\">\n\t\t\t\t\t\t<div class=\"elementor-element elementor-element-2cd4c19f elementor-widget elementor-widget-text-editor\" data-id=\"2cd4c19f\" data-element_type=\"widget\" data-widget_type=\"text-editor.default\">\n\t\t\t\t<div class=\"elementor-widget-container\">\n\t\t\t\t\t\t\t\t\t<p style=\"text-align: center;\"><span style=\"color: #ffffff;\"><strong>Aviso<\/strong><\/span><\/p>\t\t\t\t\t\t\t\t<\/div>\n\t\t\t\t<\/div>\n\t\t\t\t<div class=\"elementor-element elementor-element-e4ccd47 elementor-widget elementor-widget-text-editor\" data-id=\"e4ccd47\" data-element_type=\"widget\" data-widget_type=\"text-editor.default\">\n\t\t\t\t<div class=\"elementor-widget-container\">\n\t\t\t\t\t\t\t\t\t<p>Em cumprimento\u00a0 \u00e0 senten\u00e7a extra\u00edda dos autos <strong>do Processo n.\u00ba 0004628-64.2016.8.14.0112<\/strong>, que declarou a nulidade do concurso p\u00fablico regido pelo Edital n.\u00ba 001\/2016 da Prefeitura de Jacareacanga, a Fadesp disponibiliza o link abaixo para solicita\u00e7\u00e3o do reembolso do valor da taxa de inscri\u00e7\u00e3o no concurso, corrigido e atualizado.<\/p>\t\t\t\t\t\t\t\t<\/div>\n\t\t\t\t<\/div>\n\t\t\t\t<div class=\"elementor-element elementor-element-8393398 elementor-widget elementor-widget-text-editor\" data-id=\"8393398\" data-element_type=\"widget\" data-widget_type=\"text-editor.default\">\n\t\t\t\t<div class=\"elementor-widget-container\">\n\t\t\t\t\t\t\t\t\t<span style=\"color: #ff0000;\"><a style=\"color: #ff0000;\" href=\"http:\/\/concursos.fadesp.org.br\/pmj2016\/web\/index_recurso.php\"><strong>SOLICITA\u00c7\u00c3O DE REEMBOLSO DA TAXA DE INSCRI\u00c7\u00c3O<\/strong><\/a><\/span>\n\n<span style=\"text-decoration: underline; color: #dd6b3b;\"><strong><a id=\"c7i2X3aNEx\" style=\"color: #dd6b3b; text-decoration: underline;\" title=\"Tamanho: -1KB\" href=\"..\/midias\/anexos\/Copia(01)_505_aviso_jacareacanga.pdf\" target=\"_blank\" rel=\"noopener\">Suspens\u00e3o do concurso<\/a><\/strong><\/span>\t\t\t\t\t\t\t\t<\/div>\n\t\t\t\t<\/div>\n\t\t\t\t<div class=\"elementor-element elementor-element-62f1e903 elementor-widget elementor-widget-text-editor\" data-id=\"62f1e903\" data-element_type=\"widget\" data-widget_type=\"text-editor.default\">\n\t\t\t\t<div class=\"elementor-widget-container\">\n\t\t\t\t\t\t\t\t\t<p style=\"text-align: center;\"><span style=\"color: #ffffff;\"><strong>Editais<\/strong><\/span><\/p>\t\t\t\t\t\t\t\t<\/div>\n\t\t\t\t<\/div>\n\t\t\t\t<div class=\"elementor-element elementor-element-1396d8db elementor-widget elementor-widget-text-editor\" data-id=\"1396d8db\" data-element_type=\"widget\" data-widget_type=\"text-editor.default\">\n\t\t\t\t<div class=\"elementor-widget-container\">\n\t\t\t\t\t\t\t\t\t<table class=\" aligncenter\" width=\"72\">\n<tbody>\n<tr>\n<td width=\"72\"><strong><a href=\"..\/midias\/anexos\/505_formulario_de_etnia_indigina_da_pmj.pdf\">Formul\u00e1rio de Etnia Ind\u00edgena &#8211; PMJ\u00a0\u00a0<\/a><\/strong><\/td>\n<\/tr>\n<tr>\n<td width=\"72\"><strong><a href=\"..\/midias\/anexos\/505_formulario_de_portador_de_deficiencia.pdf\">Formul\u00e1rio PcD<\/a><\/strong><\/td>\n<\/tr>\n<tr>\n<td width=\"72\"><strong><a href=\"..\/midias\/anexos\/505_tabela_de_cargos.pdf\">Tabela de Cargos<\/a><\/strong><\/td>\n<\/tr>\n<tr>\n<td width=\"72\"><strong><a href=\"..\/midias\/anexos\/505_edital_n_01_2016_pmj.pdf\">Edital n\u00ba 01 &#8211; Abertura<\/a><\/strong><\/td>\n<\/tr>\n<\/tbody>\n<\/table>\t\t\t\t\t\t\t\t<\/div>\n\t\t\t\t<\/div>\n\t\t\t\t\t<\/div>\n\t\t<\/div>\n\t\t\t\t\t<\/div>\n\t\t<\/section>\n\t\t\t\t\t<\/div>\n\t\t<\/div>\n\t\t\t\t\t<\/div>\n\t\t<\/section>\n\t\t\t\t<\/div>\n\t\t","protected":false},"excerpt":{"rendered":"<p>Prefeitura de Jacareacanga &#8211; 2016 A Prefeitura Municipal de Jacareacanga (PA) torna p\u00fablica a realiza\u00e7\u00e3o\u00a0de concurso p\u00fablico destinado ao preenchimento de vagas nas zonas rural e urbana para o quadro de pessoal efetivo de n\u00edveis Superior, M\u00e9dio, M\u00e9dio t\u00e9cnico, Fundamental completo e incompleto, mediante as condi\u00e7\u00f5es estabelecidas no edital de abertura. Vagas &#8211;\u00a0309, sendo 71 [&hellip;]<\/p>\n","protected":false},"author":9,"featured_media":0,"parent":329,"menu_order":53,"comment_status":"closed","ping_status":"closed","template":"","meta":{"_monsterinsights_skip_tracking":false,"_monsterinsights_sitenote_active":false,"_monsterinsights_sitenote_note":"","_monsterinsights_sitenote_category":0,"footnotes":""},"class_list":["post-1300","page","type-page","status-publish","hentry","entry"],"yoast_head":"<!-- This site is optimized with the Yoast SEO plugin v25.1 - https:\/\/yoast.com\/wordpress\/plugins\/seo\/ -->\n<title>Prefeitura de Jacareacanga - 2016 - FADESP<\/title>\n<meta name=\"robots\" content=\"index, follow, max-snippet:-1, max-image-preview:large, max-video-preview:-1\" \/>\n<link rel=\"canonical\" href=\"https:\/\/portalfadesp.org.br\/?page_id=1300\" \/>\n<meta property=\"og:locale\" content=\"pt_BR\" \/>\n<meta property=\"og:type\" content=\"article\" \/>\n<meta property=\"og:title\" content=\"Prefeitura de Jacareacanga - 2016 - FADESP\" \/>\n<meta property=\"og:description\" content=\"Prefeitura de Jacareacanga &#8211; 2016 A Prefeitura Municipal de Jacareacanga (PA) torna p\u00fablica a realiza\u00e7\u00e3o\u00a0de concurso p\u00fablico destinado ao preenchimento de vagas nas zonas rural e urbana para o quadro de pessoal efetivo de n\u00edveis Superior, M\u00e9dio, M\u00e9dio t\u00e9cnico, Fundamental completo e incompleto, mediante as condi\u00e7\u00f5es estabelecidas no edital de abertura. Vagas &#8211;\u00a0309, sendo 71 [&hellip;]\" \/>\n<meta property=\"og:url\" content=\"https:\/\/portalfadesp.org.br\/?page_id=1300\" \/>\n<meta property=\"og:site_name\" content=\"FADESP\" \/>\n<meta property=\"article:publisher\" content=\"https:\/\/www.facebook.com\/Fadesp-138351949524662\/\" \/>\n<meta property=\"article:modified_time\" content=\"2022-12-21T19:31:25+00:00\" \/>\n<meta name=\"twitter:card\" content=\"summary_large_image\" \/>\n<meta name=\"twitter:site\" content=\"@Fadesp\" \/>\n<meta name=\"twitter:label1\" content=\"Est. tempo de leitura\" \/>\n\t<meta name=\"twitter:data1\" content=\"2 minutos\" \/>\n<script type=\"application\/ld+json\" class=\"yoast-schema-graph\">{\"@context\":\"https:\/\/schema.org\",\"@graph\":[{\"@type\":\"WebPage\",\"@id\":\"https:\/\/portalfadesp.org.br\/?page_id=1300\",\"url\":\"https:\/\/portalfadesp.org.br\/?page_id=1300\",\"name\":\"Prefeitura de Jacareacanga - 2016 - FADESP\",\"isPartOf\":{\"@id\":\"https:\/\/portalfadesp.org.br\/#website\"},\"datePublished\":\"2016-05-20T17:30:32+00:00\",\"dateModified\":\"2022-12-21T19:31:25+00:00\",\"breadcrumb\":{\"@id\":\"https:\/\/portalfadesp.org.br\/?page_id=1300#breadcrumb\"},\"inLanguage\":\"pt-BR\",\"potentialAction\":[{\"@type\":\"ReadAction\",\"target\":[\"https:\/\/portalfadesp.org.br\/?page_id=1300\"]}]},{\"@type\":\"BreadcrumbList\",\"@id\":\"https:\/\/portalfadesp.org.br\/?page_id=1300#breadcrumb\",\"itemListElement\":[{\"@type\":\"ListItem\",\"position\":1,\"name\":\"In\u00edcio\",\"item\":\"https:\/\/portalfadesp.org.br\/\"},{\"@type\":\"ListItem\",\"position\":2,\"name\":\"Concursos &#8211; Homologados\",\"item\":\"https:\/\/portalfadesp.org.br\/?page_id=329\"},{\"@type\":\"ListItem\",\"position\":3,\"name\":\"Prefeitura de Jacareacanga &#8211; 2016\"}]},{\"@type\":\"WebSite\",\"@id\":\"https:\/\/portalfadesp.org.br\/#website\",\"url\":\"https:\/\/portalfadesp.org.br\/\",\"name\":\"FADESP\",\"description\":\"Funda\u00e7\u00e3o de Amparo e Desenvolvimento da Pesquisa\",\"publisher\":{\"@id\":\"https:\/\/portalfadesp.org.br\/#organization\"},\"potentialAction\":[{\"@type\":\"SearchAction\",\"target\":{\"@type\":\"EntryPoint\",\"urlTemplate\":\"https:\/\/portalfadesp.org.br\/?s={search_term_string}\"},\"query-input\":{\"@type\":\"PropertyValueSpecification\",\"valueRequired\":true,\"valueName\":\"search_term_string\"}}],\"inLanguage\":\"pt-BR\"},{\"@type\":\"Organization\",\"@id\":\"https:\/\/portalfadesp.org.br\/#organization\",\"name\":\"FADESP\",\"url\":\"https:\/\/portalfadesp.org.br\/\",\"logo\":{\"@type\":\"ImageObject\",\"inLanguage\":\"pt-BR\",\"@id\":\"https:\/\/portalfadesp.org.br\/#\/schema\/logo\/image\/\",\"url\":\"https:\/\/portalfadesp.org.br\/wp-content\/uploads\/2024\/01\/NOVOLOGOFADESPlaranjaH.png\",\"contentUrl\":\"https:\/\/portalfadesp.org.br\/wp-content\/uploads\/2024\/01\/NOVOLOGOFADESPlaranjaH.png\",\"width\":2742,\"height\":839,\"caption\":\"FADESP\"},\"image\":{\"@id\":\"https:\/\/portalfadesp.org.br\/#\/schema\/logo\/image\/\"},\"sameAs\":[\"https:\/\/www.facebook.com\/Fadesp-138351949524662\/\",\"https:\/\/x.com\/Fadesp\",\"https:\/\/www.instagram.com\/fadesp_ufpa\/\",\"https:\/\/www.youtube.com\/@fundacaodeamparoedesenvolv1903\",\"https:\/\/www.threads.net\/@fadesp_ufpa\"]}]}<\/script>\n<!-- \/ Yoast SEO plugin. -->","yoast_head_json":{"title":"Prefeitura de Jacareacanga - 2016 - FADESP","robots":{"index":"index","follow":"follow","max-snippet":"max-snippet:-1","max-image-preview":"max-image-preview:large","max-video-preview":"max-video-preview:-1"},"canonical":"https:\/\/portalfadesp.org.br\/?page_id=1300","og_locale":"pt_BR","og_type":"article","og_title":"Prefeitura de Jacareacanga - 2016 - FADESP","og_description":"Prefeitura de Jacareacanga &#8211; 2016 A Prefeitura Municipal de Jacareacanga (PA) torna p\u00fablica a realiza\u00e7\u00e3o\u00a0de concurso p\u00fablico destinado ao preenchimento de vagas nas zonas rural e urbana para o quadro de pessoal efetivo de n\u00edveis Superior, M\u00e9dio, M\u00e9dio t\u00e9cnico, Fundamental completo e incompleto, mediante as condi\u00e7\u00f5es estabelecidas no edital de abertura. Vagas &#8211;\u00a0309, sendo 71 [&hellip;]","og_url":"https:\/\/portalfadesp.org.br\/?page_id=1300","og_site_name":"FADESP","article_publisher":"https:\/\/www.facebook.com\/Fadesp-138351949524662\/","article_modified_time":"2022-12-21T19:31:25+00:00","twitter_card":"summary_large_image","twitter_site":"@Fadesp","twitter_misc":{"Est. tempo de leitura":"2 minutos"},"schema":{"@context":"https:\/\/schema.org","@graph":[{"@type":"WebPage","@id":"https:\/\/portalfadesp.org.br\/?page_id=1300","url":"https:\/\/portalfadesp.org.br\/?page_id=1300","name":"Prefeitura de Jacareacanga - 2016 - FADESP","isPartOf":{"@id":"https:\/\/portalfadesp.org.br\/#website"},"datePublished":"2016-05-20T17:30:32+00:00","dateModified":"2022-12-21T19:31:25+00:00","breadcrumb":{"@id":"https:\/\/portalfadesp.org.br\/?page_id=1300#breadcrumb"},"inLanguage":"pt-BR","potentialAction":[{"@type":"ReadAction","target":["https:\/\/portalfadesp.org.br\/?page_id=1300"]}]},{"@type":"BreadcrumbList","@id":"https:\/\/portalfadesp.org.br\/?page_id=1300#breadcrumb","itemListElement":[{"@type":"ListItem","position":1,"name":"In\u00edcio","item":"https:\/\/portalfadesp.org.br\/"},{"@type":"ListItem","position":2,"name":"Concursos &#8211; Homologados","item":"https:\/\/portalfadesp.org.br\/?page_id=329"},{"@type":"ListItem","position":3,"name":"Prefeitura de Jacareacanga &#8211; 2016"}]},{"@type":"WebSite","@id":"https:\/\/portalfadesp.org.br\/#website","url":"https:\/\/portalfadesp.org.br\/","name":"FADESP","description":"Funda\u00e7\u00e3o de Amparo e Desenvolvimento da Pesquisa","publisher":{"@id":"https:\/\/portalfadesp.org.br\/#organization"},"potentialAction":[{"@type":"SearchAction","target":{"@type":"EntryPoint","urlTemplate":"https:\/\/portalfadesp.org.br\/?s={search_term_string}"},"query-input":{"@type":"PropertyValueSpecification","valueRequired":true,"valueName":"search_term_string"}}],"inLanguage":"pt-BR"},{"@type":"Organization","@id":"https:\/\/portalfadesp.org.br\/#organization","name":"FADESP","url":"https:\/\/portalfadesp.org.br\/","logo":{"@type":"ImageObject","inLanguage":"pt-BR","@id":"https:\/\/portalfadesp.org.br\/#\/schema\/logo\/image\/","url":"https:\/\/portalfadesp.org.br\/wp-content\/uploads\/2024\/01\/NOVOLOGOFADESPlaranjaH.png","contentUrl":"https:\/\/portalfadesp.org.br\/wp-content\/uploads\/2024\/01\/NOVOLOGOFADESPlaranjaH.png","width":2742,"height":839,"caption":"FADESP"},"image":{"@id":"https:\/\/portalfadesp.org.br\/#\/schema\/logo\/image\/"},"sameAs":["https:\/\/www.facebook.com\/Fadesp-138351949524662\/","https:\/\/x.com\/Fadesp","https:\/\/www.instagram.com\/fadesp_ufpa\/","https:\/\/www.youtube.com\/@fundacaodeamparoedesenvolv1903","https:\/\/www.threads.net\/@fadesp_ufpa"]}]}},"_links":{"self":[{"href":"https:\/\/portalfadesp.org.br\/index.php?rest_route=\/wp\/v2\/pages\/1300","targetHints":{"allow":["GET"]}}],"collection":[{"href":"https:\/\/portalfadesp.org.br\/index.php?rest_route=\/wp\/v2\/pages"}],"about":[{"href":"https:\/\/portalfadesp.org.br\/index.php?rest_route=\/wp\/v2\/types\/page"}],"author":[{"embeddable":true,"href":"https:\/\/portalfadesp.org.br\/index.php?rest_route=\/wp\/v2\/users\/9"}],"replies":[{"embeddable":true,"href":"https:\/\/portalfadesp.org.br\/index.php?rest_route=%2Fwp%2Fv2%2Fcomments&post=1300"}],"version-history":[{"count":56,"href":"https:\/\/portalfadesp.org.br\/index.php?rest_route=\/wp\/v2\/pages\/1300\/revisions"}],"predecessor-version":[{"id":38992,"href":"https:\/\/portalfadesp.org.br\/index.php?rest_route=\/wp\/v2\/pages\/1300\/revisions\/38992"}],"up":[{"embeddable":true,"href":"https:\/\/portalfadesp.org.br\/index.php?rest_route=\/wp\/v2\/pages\/329"}],"wp:attachment":[{"href":"https:\/\/portalfadesp.org.br\/index.php?rest_route=%2Fwp%2Fv2%2Fmedia&parent=1300"}],"curies":[{"name":"wp","href":"https:\/\/api.w.org\/{rel}","templated":true}]}}