{"id":1294,"date":"2016-12-21T09:33:18","date_gmt":"2016-12-21T11:33:18","guid":{"rendered":"https:\/\/162.215.13.167?page_id=1294"},"modified":"2022-12-20T12:13:52","modified_gmt":"2022-12-20T15:13:52","slug":"prefeitura-municipal-de-agua-azul-do-norte-2016","status":"publish","type":"page","link":"https:\/\/portalfadesp.org.br\/?page_id=1294","title":{"rendered":"Prefeitura Municipal de \u00c1gua Azul do Norte &#8211; 2016"},"content":{"rendered":"\t\t<div data-elementor-type=\"wp-post\" data-elementor-id=\"1294\" class=\"elementor elementor-1294\" data-elementor-post-type=\"page\">\n\t\t\t\t\t\t<section class=\"elementor-section elementor-top-section elementor-element elementor-element-4cdd37b2 elementor-section-boxed elementor-section-height-default elementor-section-height-default\" data-id=\"4cdd37b2\" data-element_type=\"section\">\n\t\t\t\t\t\t<div class=\"elementor-container elementor-column-gap-default\">\n\t\t\t\t\t<div class=\"elementor-column elementor-col-100 elementor-top-column elementor-element elementor-element-425bdaf5\" data-id=\"425bdaf5\" data-element_type=\"column\">\n\t\t\t<div class=\"elementor-widget-wrap elementor-element-populated\">\n\t\t\t\t\t\t<div class=\"elementor-element elementor-element-24639882 elementor-widget elementor-widget-heading\" data-id=\"24639882\" data-element_type=\"widget\" data-widget_type=\"heading.default\">\n\t\t\t\t<div class=\"elementor-widget-container\">\n\t\t\t\t\t<h1 class=\"elementor-heading-title elementor-size-default\">Prefeitura Municipal de \u00c1gua Azul do Norte - 2016<\/h1>\t\t\t\t<\/div>\n\t\t\t\t<\/div>\n\t\t\t\t<section class=\"elementor-section elementor-inner-section elementor-element elementor-element-6ff0bb56 elementor-section-boxed elementor-section-height-default elementor-section-height-default\" data-id=\"6ff0bb56\" data-element_type=\"section\">\n\t\t\t\t\t\t<div class=\"elementor-container elementor-column-gap-default\">\n\t\t\t\t\t<div class=\"elementor-column elementor-col-50 elementor-inner-column elementor-element elementor-element-31bde28b\" data-id=\"31bde28b\" data-element_type=\"column\">\n\t\t\t<div class=\"elementor-widget-wrap elementor-element-populated\">\n\t\t\t\t\t\t<div class=\"elementor-element elementor-element-5aa216f5 elementor-widget elementor-widget-text-editor\" data-id=\"5aa216f5\" data-element_type=\"widget\" data-widget_type=\"text-editor.default\">\n\t\t\t\t<div class=\"elementor-widget-container\">\n\t\t\t\t\t\t\t\t\t<p>Prefeitura Municipal de \u00c1gua Azul do Norte torna p\u00fablica a realiza\u00e7\u00e3o de Concurso P\u00fablico destinado ao preenchimento de vagas de cargos de n\u00edveis Superior, M\u00e9dio, Fundamental completo, Fundamental incompleto e Alfabetizado do seu quadro de pessoal efetivo, mediante as condi\u00e7\u00f5es estabelecidas no edital de abertura.<\/p><p><strong>Vagas &#8211; 231\u00a0<\/strong>(69 para Alfabetizado, 06 para Fundamental Incompleto, 52 para Fundamental Completo, 35 para M\u00e9dio e 69 para Superior)<\/p><p><strong>Cargos:\u00a0<\/strong><\/p><p><strong>N\u00edvel Alfabetizado &#8211;<\/strong>\u00a0Auxiliar de Obras; Auxiliar de Servi\u00e7os Gerais; Carpinteiro, Cozinheira; Gari; Guarda Municipal; Guarda Vigilante; Jardineiro; Mec\u00e2nico; Merendeira; Operador de Motoniveladora; Operador de Motoserra; Operador de Retroescavadeira; Operador de Ro\u00e7adeira Manual; Operador de Tratores Diversos; Pedreiro; Pintor e Soldador.<\/p><p><strong>N\u00edvel Fundamental Incompleto &#8211;<\/strong>\u00a0Motorista.<\/p><p><strong>N\u00edvel Fundamental Completo &#8211;<\/strong>\u00a0Agente de Controle de Endemias; Auxiliar Administrativo; Auxiliar de Almoxarifado; Encanador; Mestre de Obras; Monitor Infantil; Motorista Categoria D.<\/p><p><strong>N\u00edvel M\u00e9dio &#8211;<\/strong>\u00a0Agente de Vigil\u00e2ncia Sanit\u00e1ria; Artes\u00e3o; Assistente Administrativo; Fiscal de Obras; Fiscal de Tributos; Instrutor de Inform\u00e1tica; Recepcionista; T\u00e9cnico Agr\u00edcola;\u00a0T\u00e9cnico ( de Inform\u00e1tica, em Contabilidade, em Enfermagem, em Higiene Bucal, em Inform\u00e1tica, em Laborat\u00f3rio e em Radiologia).<\/p><p><strong>N\u00edvel Superior &#8211;<\/strong>\u00a0Administrador Hospitalar; Advogado; Agente de Controle Interno; Analista de Sistema\/Gest\u00e3o de TI; Assistente Social; Auditor Fiscal; Bibliotec\u00e1ria; Biom\u00e9dico; Cirurgi\u00e3o; Cl\u00ednico Geral; Enfermeiro; Engenheiro Ambiental; Engenheiro Civil; Fisioterapeuta; Fonoaudi\u00f3logo; Ginecologista e Obstetra; M\u00e9dico Veterin\u00e1rio; Nutricionista; Pedagogo; Pediatra; Psic\u00f3logo; Psiquiatra e Professor.<\/p><p><strong>Remunera\u00e7\u00e3o &#8211; \u00a0<\/strong>de R$ 880,00 a R$ 4 mil.<\/p><p><strong>Inscri\u00e7\u00f5es &#8211;\u00a0<\/strong>12\/08\/16 a 04\/10\/16<\/p><p><strong>Taxa &#8211;\u00a0<\/strong>R$ 45,00 (N\u00edveis Alfabetizado, Fundamental \u00a0 \u00a0 \u00a0 \u00a0 \u00a0 \u00a0 \u00a0 \u00a0 \u00a0 \u00a0 \u00a0 Completo e Fundamental Incompleto)<\/p><p>R$ 50,00 (N\u00edvel M\u00e9dio)<\/p><p>R$ 70,00 (N\u00edvel Superior)<\/p><p>&#8230;&#8230;&#8230;&#8230;&#8230;&#8230;&#8230;&#8230;&#8230;&#8230;&#8230;&#8230;&#8230;&#8230;&#8230;&#8230;&#8230;.<\/p><p><strong>Datas importantes<\/strong>:<\/p><p>Per\u00edodo de inscri\u00e7\u00e3o &#8211; \u00a0<strong>12\/08\/16 a 04\/10\/16<\/strong><\/p><p>Pedido de Isen\u00e7\u00e3o para PcD &#8211;\u00a0<strong>12\/08\/16 a 23\/09\/16<\/strong><\/p><p>Pagamento da taxa de inscri\u00e7\u00e3o &#8211;\u00a0<strong>at\u00e9 05\/10\/16<\/strong><\/p><p>Cart\u00e3o de inscri\u00e7\u00e3o &#8211;\u00a0<strong>a partir 07\/10\/16<\/strong><\/p><p>Aplica\u00e7\u00e3o da Prova Objetiva &#8211;\u00a0<strong>16\/10\/16<\/strong><span style=\"font-family: inherit; font-size: inherit;\">\u00a0 \u00a0 \u00a0 \u00a0 \u00a0 \u00a0 \u00a0 \u00a0 \u00a0 \u00a0 \u00a0 \u00a0 \u00a0 \u00a0 \u00a0 \u00a0 \u00a0<\/span><\/p><p><span style=\"font-family: inherit; font-size: inherit;\"> &#8211; <\/span><strong style=\"font-family: inherit; font-size: inherit;\">Manh\u00e3 (das 8h \u00e0s 12h):<\/strong><span style=\"font-family: inherit; font-size: inherit;\">\u00a0 \u00a0 \u00a0 \u00a0 \u00a0 \u00a0 \u00a0 \u00a0 \u00a0 \u00a0 \u00a0 \u00a0 \u00a0 \u00a0 \u00a0 \u00a0 \u00a0 \u00a0 \u00a0 \u00a0 \u00a0 \u00a0 \u00a0 \u00a0 \u00a0 \u00a0 \u00a0 \u00a0 \u00a0N\u00edveis Fundamental, Completo e Superior.<\/span><\/p><p>&#8211;\u00a0<strong>Tarde (das 14h30 \u00e0s \u00a0 \u00a0 \u00a0 \u00a0 \u00a0 \u00a0 \u00a0 \u00a0 \u00a0 \u00a0 \u00a0 \u00a0 \u00a0 \u00a0 \u00a0 \u00a0 \u00a0 \u00a0 \u00a0 \u00a0 \u00a0 \u00a0 \u00a0 \u00a0 \u00a0 \u00a0 \u00a0 \u00a0 \u00a0 \u00a0 \u00a0 18h30)<\/strong> &#8211; N\u00edveis M\u00e9dio, Fundamental Incompleto e Alfabetizado.<\/p>\t\t\t\t\t\t\t\t<\/div>\n\t\t\t\t<\/div>\n\t\t\t\t\t<\/div>\n\t\t<\/div>\n\t\t\t\t<div class=\"elementor-column elementor-col-50 elementor-inner-column elementor-element elementor-element-4c76a7c3\" data-id=\"4c76a7c3\" data-element_type=\"column\">\n\t\t\t<div class=\"elementor-widget-wrap elementor-element-populated\">\n\t\t\t\t\t\t<div class=\"elementor-element elementor-element-62f1e903 elementor-widget elementor-widget-text-editor\" data-id=\"62f1e903\" data-element_type=\"widget\" data-widget_type=\"text-editor.default\">\n\t\t\t\t<div class=\"elementor-widget-container\">\n\t\t\t\t\t\t\t\t\t<p style=\"text-align: center;\"><span style=\"color: #ffffff;\"><strong>Editais e Avisos<\/strong><\/span><\/p>\t\t\t\t\t\t\t\t<\/div>\n\t\t\t\t<\/div>\n\t\t\t\t<div class=\"elementor-element elementor-element-1396d8db elementor-widget elementor-widget-text-editor\" data-id=\"1396d8db\" data-element_type=\"widget\" data-widget_type=\"text-editor.default\">\n\t\t\t\t<div class=\"elementor-widget-container\">\n\t\t\t\t\t\t\t\t\t<table width=\"72\">\n<tbody>\n<tr>\n<td style=\"text-align: center;\" width=\"72\"><strong><a href=\"http:\/\/concursos.fadesp.org.br\/pmaan2016\/arquivos\/Aviso%20de%20Continuidade%20do%20Concurso.pdf\">Aviso de Continuidade do Concurso<\/a><\/strong><\/td>\n<\/tr>\n<tr>\n<td style=\"text-align: center;\"><strong><a href=\"http:\/\/concursos.fadesp.org.br\/pmaan2016\/arquivos\/Resultado%20da%20Prova%20do%20dia%2016_10_2016.pdf\">Resultado da Prova do dia 16\/10\/2016\u00a0<\/a><\/strong><\/td>\n<\/tr>\n<tr>\n<td style=\"text-align: center;\"><strong><a href=\"http:\/\/concursos.fadesp.org.br\/pmaan2016\/arquivos\/Gabarito%20Oficial%20Definitivo%20-%20Professores.pdf\">Gabarito Oficial Definitivo &#8211; Professores<\/a><\/strong><\/td>\n<\/tr>\n<tr>\n<td style=\"text-align: center;\"><strong><a href=\"http:\/\/concursos.fadesp.org.br\/pmaan2016\/arquivos\/Gabarito%20Oficial%20Definitivo%20-%20N%C3%ADvel%20M%C3%A9dio.pdf\">Gabarito Oficial Definitivo &#8211; N\u00edvel M\u00e9dio\u00a0<\/a><\/strong><\/td>\n<\/tr>\n<tr>\n<td style=\"text-align: center;\"><strong><a href=\"http:\/\/concursos.fadesp.org.br\/pmaan2016\/arquivos\/Gabarito%20Oficial%20Definitivo%20-%20N%C3%ADvel%20Superior.pdf\">Gabarito Oficial Definitivo &#8211; N\u00edvel Superior\u00a0<\/a><\/strong><\/td>\n<\/tr>\n<tr>\n<td style=\"text-align: center;\"><strong><a href=\"http:\/\/concursos.fadesp.org.br\/pmaan2016\/arquivos\/Provas\/N%C3%8DVEL%20SUPERIOR\/Provas.html\">Provas N\u00edvel Superior<\/a><\/strong><\/td>\n<\/tr>\n<tr>\n<td style=\"text-align: center;\"><strong><a href=\"http:\/\/concursos.fadesp.org.br\/pmaan2016\/arquivos\/Provas\/N%C3%8DVEL%20M%C3%89DIO\/Provas.html\">Provas N\u00edvel M\u00e9dio<\/a><\/strong><\/td>\n<\/tr>\n<tr>\n<td style=\"text-align: center;\"><strong><a href=\"http:\/\/concursos.fadesp.org.br\/pmaan2016\/arquivos\/GABARITO%20OFICIAL%20PRELIMINAR%20-%20N%C3%8DVEL%20SUPERIOR%20DE%20PROFESSOR%20-%20Dia%2016.10.2016%20-%20Manh%C3%A3.pdf\">GABARITO OFICIAL PRELIMINAR &#8211; N\u00cdVEL SUPERIOR DE PROFESSOR &#8211; Dia 16\/10\/2016 &#8211; Manh\u00e3<\/a><\/strong><\/td>\n<\/tr>\n<tr>\n<td style=\"text-align: center;\"><strong><a href=\"http:\/\/concursos.fadesp.org.br\/pmaan2016\/arquivos\/GABARITO%20OFICIAL%20PRELIMINAR%20-%20N%C3%8DVEL%20SUPERIOR%20-%20Dia%2016.10.2016%20-%20Manh%C3%A3.pdf\">GABARITO OFICIAL PRELIMINAR &#8211; N\u00cdVEL SUPERIOR &#8211; Dia 16\/10\/2016 &#8211; Manh\u00e3<\/a><\/strong><\/td>\n<\/tr>\n<tr>\n<td style=\"text-align: center;\"><strong><a href=\"http:\/\/concursos.fadesp.org.br\/pmaan2016\/arquivos\/GABARITO%20OFICIAL%20PRELIMINAR%20-%20N%C3%8DVEL%20M%C3%89DIO%20-%20Dia%2016.10.2016%20-%20Tarde.pdf\">GABARITO OFICIAL PRELIMINAR &#8211; N\u00cdVEL M\u00c9DIO &#8211; Dia 16\/10\/2016 &#8211; Tarde<\/a><\/strong><\/td>\n<\/tr>\n<tr>\n<td style=\"text-align: center;\"><strong><a href=\"..\/midias\/anexos\/502_aviso_-_datas_das_provas_objetivas.pdf\">\u00a0Aviso &#8211; data das provas objetivas\u00a0<\/a><\/strong><\/td>\n<\/tr>\n<tr>\n<td style=\"text-align: center;\"><strong><a href=\"..\/midias\/anexos\/502_edital_n_03_2016_pmaan_-_data_das_provas.pdf\">Edital n 03 &#8211; data das provas<\/a><\/strong><\/td>\n<\/tr>\n<tr>\n<td style=\"text-align: center;\"><strong><a href=\"..\/midias\/anexos\/502_demanda.pdf\">\u00a0Demanda<\/a><\/strong><\/td>\n<\/tr>\n<tr>\n<td style=\"text-align: center;\"><strong><a href=\"..\/midias\/anexos\/502_tabela_de_cargos_-_retificada.pdf\">Tabela de Cargos &#8211; Retificada<\/a><\/strong><\/td>\n<\/tr>\n<tr>\n<td style=\"text-align: center;\"><strong><a href=\"..\/midias\/anexos\/502_edital_n_02_2016_pmaan_-_alteracao_na_tabela_de_cargos.pdf\">Edital n 02 &#8211; Altera\u00e7\u00e3o na Tabela de Cargos<\/a><\/strong><\/td>\n<\/tr>\n<tr>\n<td style=\"text-align: center;\"><strong><a href=\"..\/midias\/anexos\/502_formulario_pcd.pdf\">Formul\u00e1rio PcD<\/a><\/strong><\/td>\n<\/tr>\n<tr>\n<td style=\"text-align: center;\"><strong><a href=\"..\/midias\/anexos\/502_edital_n_01_-_abertura.pdf\">Edital n\u00ba01 &#8211; Abertura<\/a><\/strong><\/td>\n<\/tr>\n<\/tbody>\n<\/table>\n<p style=\"text-align: center;\"><strong>\u00a0Informa\u00e7\u00f5es no setor de Concursos das 8h \u00e0s 17h<\/strong>\n<strong>(91) 4005-7446 \/ 7433<\/strong><\/p>\n<p style=\"text-align: center;\"><strong>concursos@fadesp.org.br\u00a0<\/strong><\/p>\t\t\t\t\t\t\t\t<\/div>\n\t\t\t\t<\/div>\n\t\t\t\t\t<\/div>\n\t\t<\/div>\n\t\t\t\t\t<\/div>\n\t\t<\/section>\n\t\t\t\t\t<\/div>\n\t\t<\/div>\n\t\t\t\t\t<\/div>\n\t\t<\/section>\n\t\t\t\t<\/div>\n\t\t","protected":false},"excerpt":{"rendered":"<p>Prefeitura Municipal de \u00c1gua Azul do Norte &#8211; 2016 Prefeitura Municipal de \u00c1gua Azul do Norte torna p\u00fablica a realiza\u00e7\u00e3o de Concurso P\u00fablico destinado ao preenchimento de vagas de cargos de n\u00edveis Superior, M\u00e9dio, Fundamental completo, Fundamental incompleto e Alfabetizado do seu quadro de pessoal efetivo, mediante as condi\u00e7\u00f5es estabelecidas no edital de abertura. Vagas [&hellip;]<\/p>\n","protected":false},"author":9,"featured_media":0,"parent":329,"menu_order":53,"comment_status":"closed","ping_status":"closed","template":"","meta":{"_monsterinsights_skip_tracking":false,"_monsterinsights_sitenote_active":false,"_monsterinsights_sitenote_note":"","_monsterinsights_sitenote_category":0,"footnotes":""},"class_list":["post-1294","page","type-page","status-publish","hentry","entry"],"yoast_head":"<!-- This site is optimized with the Yoast SEO plugin v25.1 - https:\/\/yoast.com\/wordpress\/plugins\/seo\/ -->\n<title>Prefeitura Municipal de \u00c1gua Azul do Norte - 2016 - FADESP<\/title>\n<meta name=\"robots\" content=\"index, follow, max-snippet:-1, max-image-preview:large, max-video-preview:-1\" \/>\n<link rel=\"canonical\" href=\"https:\/\/portalfadesp.org.br\/?page_id=1294\" \/>\n<meta property=\"og:locale\" content=\"pt_BR\" \/>\n<meta property=\"og:type\" content=\"article\" \/>\n<meta property=\"og:title\" content=\"Prefeitura Municipal de \u00c1gua Azul do Norte - 2016 - FADESP\" \/>\n<meta property=\"og:description\" content=\"Prefeitura Municipal de \u00c1gua Azul do Norte &#8211; 2016 Prefeitura Municipal de \u00c1gua Azul do Norte torna p\u00fablica a realiza\u00e7\u00e3o de Concurso P\u00fablico destinado ao preenchimento de vagas de cargos de n\u00edveis Superior, M\u00e9dio, Fundamental completo, Fundamental incompleto e Alfabetizado do seu quadro de pessoal efetivo, mediante as condi\u00e7\u00f5es estabelecidas no edital de abertura. Vagas [&hellip;]\" \/>\n<meta property=\"og:url\" content=\"https:\/\/portalfadesp.org.br\/?page_id=1294\" \/>\n<meta property=\"og:site_name\" content=\"FADESP\" \/>\n<meta property=\"article:publisher\" content=\"https:\/\/www.facebook.com\/Fadesp-138351949524662\/\" \/>\n<meta property=\"article:modified_time\" content=\"2022-12-20T15:13:52+00:00\" \/>\n<meta name=\"twitter:card\" content=\"summary_large_image\" \/>\n<meta name=\"twitter:site\" content=\"@Fadesp\" \/>\n<meta name=\"twitter:label1\" content=\"Est. tempo de leitura\" \/>\n\t<meta name=\"twitter:data1\" content=\"2 minutos\" \/>\n<script type=\"application\/ld+json\" class=\"yoast-schema-graph\">{\"@context\":\"https:\/\/schema.org\",\"@graph\":[{\"@type\":\"WebPage\",\"@id\":\"https:\/\/portalfadesp.org.br\/?page_id=1294\",\"url\":\"https:\/\/portalfadesp.org.br\/?page_id=1294\",\"name\":\"Prefeitura Municipal de \u00c1gua Azul do Norte - 2016 - FADESP\",\"isPartOf\":{\"@id\":\"https:\/\/portalfadesp.org.br\/#website\"},\"datePublished\":\"2016-12-21T11:33:18+00:00\",\"dateModified\":\"2022-12-20T15:13:52+00:00\",\"breadcrumb\":{\"@id\":\"https:\/\/portalfadesp.org.br\/?page_id=1294#breadcrumb\"},\"inLanguage\":\"pt-BR\",\"potentialAction\":[{\"@type\":\"ReadAction\",\"target\":[\"https:\/\/portalfadesp.org.br\/?page_id=1294\"]}]},{\"@type\":\"BreadcrumbList\",\"@id\":\"https:\/\/portalfadesp.org.br\/?page_id=1294#breadcrumb\",\"itemListElement\":[{\"@type\":\"ListItem\",\"position\":1,\"name\":\"In\u00edcio\",\"item\":\"https:\/\/portalfadesp.org.br\/\"},{\"@type\":\"ListItem\",\"position\":2,\"name\":\"Concursos &#8211; Homologados\",\"item\":\"https:\/\/portalfadesp.org.br\/?page_id=329\"},{\"@type\":\"ListItem\",\"position\":3,\"name\":\"Prefeitura Municipal de \u00c1gua Azul do Norte &#8211; 2016\"}]},{\"@type\":\"WebSite\",\"@id\":\"https:\/\/portalfadesp.org.br\/#website\",\"url\":\"https:\/\/portalfadesp.org.br\/\",\"name\":\"FADESP\",\"description\":\"Funda\u00e7\u00e3o de Amparo e Desenvolvimento da Pesquisa\",\"publisher\":{\"@id\":\"https:\/\/portalfadesp.org.br\/#organization\"},\"potentialAction\":[{\"@type\":\"SearchAction\",\"target\":{\"@type\":\"EntryPoint\",\"urlTemplate\":\"https:\/\/portalfadesp.org.br\/?s={search_term_string}\"},\"query-input\":{\"@type\":\"PropertyValueSpecification\",\"valueRequired\":true,\"valueName\":\"search_term_string\"}}],\"inLanguage\":\"pt-BR\"},{\"@type\":\"Organization\",\"@id\":\"https:\/\/portalfadesp.org.br\/#organization\",\"name\":\"FADESP\",\"url\":\"https:\/\/portalfadesp.org.br\/\",\"logo\":{\"@type\":\"ImageObject\",\"inLanguage\":\"pt-BR\",\"@id\":\"https:\/\/portalfadesp.org.br\/#\/schema\/logo\/image\/\",\"url\":\"https:\/\/portalfadesp.org.br\/wp-content\/uploads\/2024\/01\/NOVOLOGOFADESPlaranjaH.png\",\"contentUrl\":\"https:\/\/portalfadesp.org.br\/wp-content\/uploads\/2024\/01\/NOVOLOGOFADESPlaranjaH.png\",\"width\":2742,\"height\":839,\"caption\":\"FADESP\"},\"image\":{\"@id\":\"https:\/\/portalfadesp.org.br\/#\/schema\/logo\/image\/\"},\"sameAs\":[\"https:\/\/www.facebook.com\/Fadesp-138351949524662\/\",\"https:\/\/x.com\/Fadesp\",\"https:\/\/www.instagram.com\/fadesp_ufpa\/\",\"https:\/\/www.youtube.com\/@fundacaodeamparoedesenvolv1903\",\"https:\/\/www.threads.net\/@fadesp_ufpa\"]}]}<\/script>\n<!-- \/ Yoast SEO plugin. -->","yoast_head_json":{"title":"Prefeitura Municipal de \u00c1gua Azul do Norte - 2016 - FADESP","robots":{"index":"index","follow":"follow","max-snippet":"max-snippet:-1","max-image-preview":"max-image-preview:large","max-video-preview":"max-video-preview:-1"},"canonical":"https:\/\/portalfadesp.org.br\/?page_id=1294","og_locale":"pt_BR","og_type":"article","og_title":"Prefeitura Municipal de \u00c1gua Azul do Norte - 2016 - FADESP","og_description":"Prefeitura Municipal de \u00c1gua Azul do Norte &#8211; 2016 Prefeitura Municipal de \u00c1gua Azul do Norte torna p\u00fablica a realiza\u00e7\u00e3o de Concurso P\u00fablico destinado ao preenchimento de vagas de cargos de n\u00edveis Superior, M\u00e9dio, Fundamental completo, Fundamental incompleto e Alfabetizado do seu quadro de pessoal efetivo, mediante as condi\u00e7\u00f5es estabelecidas no edital de abertura. Vagas [&hellip;]","og_url":"https:\/\/portalfadesp.org.br\/?page_id=1294","og_site_name":"FADESP","article_publisher":"https:\/\/www.facebook.com\/Fadesp-138351949524662\/","article_modified_time":"2022-12-20T15:13:52+00:00","twitter_card":"summary_large_image","twitter_site":"@Fadesp","twitter_misc":{"Est. tempo de leitura":"2 minutos"},"schema":{"@context":"https:\/\/schema.org","@graph":[{"@type":"WebPage","@id":"https:\/\/portalfadesp.org.br\/?page_id=1294","url":"https:\/\/portalfadesp.org.br\/?page_id=1294","name":"Prefeitura Municipal de \u00c1gua Azul do Norte - 2016 - FADESP","isPartOf":{"@id":"https:\/\/portalfadesp.org.br\/#website"},"datePublished":"2016-12-21T11:33:18+00:00","dateModified":"2022-12-20T15:13:52+00:00","breadcrumb":{"@id":"https:\/\/portalfadesp.org.br\/?page_id=1294#breadcrumb"},"inLanguage":"pt-BR","potentialAction":[{"@type":"ReadAction","target":["https:\/\/portalfadesp.org.br\/?page_id=1294"]}]},{"@type":"BreadcrumbList","@id":"https:\/\/portalfadesp.org.br\/?page_id=1294#breadcrumb","itemListElement":[{"@type":"ListItem","position":1,"name":"In\u00edcio","item":"https:\/\/portalfadesp.org.br\/"},{"@type":"ListItem","position":2,"name":"Concursos &#8211; Homologados","item":"https:\/\/portalfadesp.org.br\/?page_id=329"},{"@type":"ListItem","position":3,"name":"Prefeitura Municipal de \u00c1gua Azul do Norte &#8211; 2016"}]},{"@type":"WebSite","@id":"https:\/\/portalfadesp.org.br\/#website","url":"https:\/\/portalfadesp.org.br\/","name":"FADESP","description":"Funda\u00e7\u00e3o de Amparo e Desenvolvimento da Pesquisa","publisher":{"@id":"https:\/\/portalfadesp.org.br\/#organization"},"potentialAction":[{"@type":"SearchAction","target":{"@type":"EntryPoint","urlTemplate":"https:\/\/portalfadesp.org.br\/?s={search_term_string}"},"query-input":{"@type":"PropertyValueSpecification","valueRequired":true,"valueName":"search_term_string"}}],"inLanguage":"pt-BR"},{"@type":"Organization","@id":"https:\/\/portalfadesp.org.br\/#organization","name":"FADESP","url":"https:\/\/portalfadesp.org.br\/","logo":{"@type":"ImageObject","inLanguage":"pt-BR","@id":"https:\/\/portalfadesp.org.br\/#\/schema\/logo\/image\/","url":"https:\/\/portalfadesp.org.br\/wp-content\/uploads\/2024\/01\/NOVOLOGOFADESPlaranjaH.png","contentUrl":"https:\/\/portalfadesp.org.br\/wp-content\/uploads\/2024\/01\/NOVOLOGOFADESPlaranjaH.png","width":2742,"height":839,"caption":"FADESP"},"image":{"@id":"https:\/\/portalfadesp.org.br\/#\/schema\/logo\/image\/"},"sameAs":["https:\/\/www.facebook.com\/Fadesp-138351949524662\/","https:\/\/x.com\/Fadesp","https:\/\/www.instagram.com\/fadesp_ufpa\/","https:\/\/www.youtube.com\/@fundacaodeamparoedesenvolv1903","https:\/\/www.threads.net\/@fadesp_ufpa"]}]}},"_links":{"self":[{"href":"https:\/\/portalfadesp.org.br\/index.php?rest_route=\/wp\/v2\/pages\/1294","targetHints":{"allow":["GET"]}}],"collection":[{"href":"https:\/\/portalfadesp.org.br\/index.php?rest_route=\/wp\/v2\/pages"}],"about":[{"href":"https:\/\/portalfadesp.org.br\/index.php?rest_route=\/wp\/v2\/types\/page"}],"author":[{"embeddable":true,"href":"https:\/\/portalfadesp.org.br\/index.php?rest_route=\/wp\/v2\/users\/9"}],"replies":[{"embeddable":true,"href":"https:\/\/portalfadesp.org.br\/index.php?rest_route=%2Fwp%2Fv2%2Fcomments&post=1294"}],"version-history":[{"count":35,"href":"https:\/\/portalfadesp.org.br\/index.php?rest_route=\/wp\/v2\/pages\/1294\/revisions"}],"predecessor-version":[{"id":36543,"href":"https:\/\/portalfadesp.org.br\/index.php?rest_route=\/wp\/v2\/pages\/1294\/revisions\/36543"}],"up":[{"embeddable":true,"href":"https:\/\/portalfadesp.org.br\/index.php?rest_route=\/wp\/v2\/pages\/329"}],"wp:attachment":[{"href":"https:\/\/portalfadesp.org.br\/index.php?rest_route=%2Fwp%2Fv2%2Fmedia&parent=1294"}],"curies":[{"name":"wp","href":"https:\/\/api.w.org\/{rel}","templated":true}]}}